{"id":6202,"date":"2025-04-15T09:43:49","date_gmt":"2025-04-15T09:43:49","guid":{"rendered":"https:\/\/xenonkungen.com\/product\/solskydd-35-cm-for-scania-ng-for-lazer-linear-18-elite-ansk\/"},"modified":"2026-04-11T01:11:03","modified_gmt":"2026-04-11T00:11:03","slug":"zonbescherming-35-cm-voor-scania-ng-voor-lazer-linear-18-elite-ansk","status":"publish","type":"product","link":"https:\/\/xenonkungen.com\/nl\/product\/zonbescherming-35-cm-voor-scania-ng-voor-lazer-linear-18-elite-ansk\/","title":{"rendered":"Zonneklep 35 cm voor Scania NG voor Lazer Linear 18 Elite *Deens"},"content":{"rendered":"<h1 class=\"\">Zonneklep 35 cm voor Scania NG voor Lazer Linear 18 Elite *Deens<\/h1>\n<p>Scania NextGen zonneklep voorbereid voor de Lazer Linear-18 Elite. De zonneklep heeft een perfecte pasvorm en past op alle NG-cabines (L-, P-, G-, R-, S- of XT-serie). Alle bevestigingen zijn hetzelfde als voor de originele zonneklep. Dit geldt ook voor de bevestiging van de originele bovenkant aan de zonneklep, wat de installatie zeer eenvoudig maakt. De zonneklep wordt compleet geleverd (zonder bovenkant) met gefreesde gaten die zijn aangepast voor de Lazer Linear-18 Elite met beugels en montagedetails. Spiegelverlengers voor de frontspiegel en afstandhouders zijn inbegrepen.<\/p>\n<p>OPMERKING - Ledbalken zijn niet inbegrepen.<\/p>","protected":false},"excerpt":{"rendered":"<p>Solskydd 35 cm f\u00f6r Scania NG f\u00f6r Lazer Linear 18 Elite *ansk Solskydd f\u00f6r Scania NextGen f\u00f6rberett f\u00f6r Lazer Linear-18 Elite. Solskyddet har perfekt passform och passar alla NGhytter (L-, P-, G-, R-, S- eller XT-serien). Alla inf\u00e4stningar \u00e4r samma som f\u00f6r originalsolskyddet. Det g\u00e4ller \u00e4ven original\u00f6verdelens inf\u00e4stning i solskyddet, vilket g\u00f6r att monteringen blir [&hellip;]<\/p>","protected":false},"featured_media":6203,"comment_status":"closed","ping_status":"open","template":"","meta":{"_acf_changed":false,"_smort_price_nok":"10628","_smort_price_dkk":"6752","_smort_price_eur":"904.5","_smort_sale_price_nok":"","_smort_sale_price_dkk":"","_smort_sale_price_eur":"","smort_restorder":"","shipmondo_restorder":"","_kad_blocks_custom_css":"","_kad_blocks_head_custom_js":"","_kad_blocks_body_custom_js":"","_kad_blocks_footer_custom_js":"","smort_custom_pricelist_1":"6368","smort_custom_pricelist_2":"6368","smort_custom_pricelist_3":"6368","smort_custom_pricelist_4":"7960","smort_custom_pricelist_5":"6368"},"anvandningsomrade":[166,238,2816],"bilmarken":[],"product_brand":[2793],"product_cat":[2611],"product_tag":[2735],"class_list":{"0":"post-6202","1":"product","2":"type-product","3":"status-publish","4":"has-post-thumbnail","6":"anvandningsomrade-lastbil","7":"anvandningsomrade-slap","8":"anvandningsomrade-trailer","9":"product_brand-ovrigt","10":"product_cat-solskydd-frontlucka","11":"product_tag-lazer","13":"first","14":"onbackorder","15":"taxable","16":"shipping-taxable","17":"purchasable","18":"product-type-simple"},"bundled_by":[],"bundle_stock_status":"onbackorder","bundle_stock_quantity":0,"bundle_virtual":false,"bundle_layout":"","bundle_add_to_cart_form_location":"","bundle_editable_in_cart":false,"bundle_sold_individually_context":"","bundle_item_grouping":"","bundle_min_size":"","bundle_max_size":"","bundle_price":[],"bundled_items":[],"bundle_sell_ids":[],"acf":[],"yoast_head":"<!-- This site is optimized with the Yoast SEO plugin v27.0 - https:\/\/yoast.com\/product\/yoast-seo-wordpress\/ -->\n<title>Solskydd 35 cm f\u00f6r Scania NG f\u00f6r Lazer Linear 18 Elite *ansk - Xenonkungen<\/title>\n<meta name=\"robots\" content=\"index, follow, max-snippet:-1, max-image-preview:large, max-video-preview:-1\" \/>\n<link rel=\"canonical\" href=\"https:\/\/xenonkungen.com\/nl\/product\/zonbescherming-35-cm-voor-scania-ng-voor-lazer-linear-18-elite-ansk\/\" \/>\n<meta property=\"og:locale\" content=\"nl_NL\" \/>\n<meta property=\"og:type\" content=\"article\" \/>\n<meta property=\"og:title\" content=\"Solskydd 35 cm f\u00f6r Scania NG f\u00f6r Lazer Linear 18 Elite *ansk - Xenonkungen\" \/>\n<meta property=\"og:description\" content=\"Solskydd 35 cm f\u00f6r Scania NG f\u00f6r Lazer Linear 18 Elite *ansk Solskydd f\u00f6r Scania NextGen f\u00f6rberett f\u00f6r Lazer Linear-18 Elite. Solskyddet har perfekt passform och passar alla NGhytter (L-, P-, G-, R-, S- eller XT-serien). Alla inf\u00e4stningar \u00e4r samma som f\u00f6r originalsolskyddet. Det g\u00e4ller \u00e4ven original\u00f6verdelens inf\u00e4stning i solskyddet, vilket g\u00f6r att monteringen blir [&hellip;]\" \/>\n<meta property=\"og:url\" content=\"https:\/\/xenonkungen.com\/nl\/product\/zonbescherming-35-cm-voor-scania-ng-voor-lazer-linear-18-elite-ansk\/\" \/>\n<meta property=\"og:site_name\" content=\"Xenonkungen\" \/>\n<meta property=\"article:modified_time\" content=\"2026-04-11T00:11:03+00:00\" \/>\n<meta property=\"og:image\" content=\"https:\/\/xenonkungen.com\/wp-content\/uploads\/2025\/04\/34-100217CL_itemimage_mainfront.jpg\" \/>\n\t<meta property=\"og:image:width\" content=\"2048\" \/>\n\t<meta property=\"og:image:height\" content=\"1536\" \/>\n\t<meta property=\"og:image:type\" content=\"image\/jpeg\" \/>\n<meta name=\"twitter:card\" content=\"summary_large_image\" \/>\n<meta name=\"twitter:label1\" content=\"Geschatte leestijd\" \/>\n\t<meta name=\"twitter:data1\" content=\"1 minuut\" \/>\n<script type=\"application\/ld+json\" class=\"yoast-schema-graph\">{\"@context\":\"https:\/\/schema.org\",\"@graph\":[{\"@type\":\"WebPage\",\"@id\":\"https:\/\/xenonkungen.com\/fi\/tuote\/aurinkosuoja-35-cm-scania-nglle-lazer-linear-18-elite-anskille\/\",\"url\":\"https:\/\/xenonkungen.com\/fi\/tuote\/aurinkosuoja-35-cm-scania-nglle-lazer-linear-18-elite-anskille\/\",\"name\":\"Solskydd 35 cm f\u00f6r Scania NG f\u00f6r Lazer Linear 18 Elite *ansk - Xenonkungen\",\"isPartOf\":{\"@id\":\"https:\/\/xenonkungen.com\/#website\"},\"primaryImageOfPage\":{\"@id\":\"https:\/\/xenonkungen.com\/fi\/tuote\/aurinkosuoja-35-cm-scania-nglle-lazer-linear-18-elite-anskille\/#primaryimage\"},\"image\":{\"@id\":\"https:\/\/xenonkungen.com\/fi\/tuote\/aurinkosuoja-35-cm-scania-nglle-lazer-linear-18-elite-anskille\/#primaryimage\"},\"thumbnailUrl\":\"https:\/\/xenonkungen.com\/wp-content\/uploads\/2025\/04\/34-100217CL_itemimage_mainfront.jpg\",\"datePublished\":\"2025-04-15T09:43:49+00:00\",\"dateModified\":\"2026-04-11T00:11:03+00:00\",\"breadcrumb\":{\"@id\":\"https:\/\/xenonkungen.com\/fi\/tuote\/aurinkosuoja-35-cm-scania-nglle-lazer-linear-18-elite-anskille\/#breadcrumb\"},\"inLanguage\":\"nl-NL\",\"potentialAction\":[{\"@type\":\"ReadAction\",\"target\":[\"https:\/\/xenonkungen.com\/fi\/tuote\/aurinkosuoja-35-cm-scania-nglle-lazer-linear-18-elite-anskille\/\"]}]},{\"@type\":\"ImageObject\",\"inLanguage\":\"nl-NL\",\"@id\":\"https:\/\/xenonkungen.com\/fi\/tuote\/aurinkosuoja-35-cm-scania-nglle-lazer-linear-18-elite-anskille\/#primaryimage\",\"url\":\"https:\/\/xenonkungen.com\/wp-content\/uploads\/2025\/04\/34-100217CL_itemimage_mainfront.jpg\",\"contentUrl\":\"https:\/\/xenonkungen.com\/wp-content\/uploads\/2025\/04\/34-100217CL_itemimage_mainfront.jpg\",\"width\":2048,\"height\":1536},{\"@type\":\"BreadcrumbList\",\"@id\":\"https:\/\/xenonkungen.com\/fi\/tuote\/aurinkosuoja-35-cm-scania-nglle-lazer-linear-18-elite-anskille\/#breadcrumb\",\"itemListElement\":[{\"@type\":\"ListItem\",\"position\":1,\"name\":\"Hem\",\"item\":\"https:\/\/xenonkungen.com\/\"},{\"@type\":\"ListItem\",\"position\":2,\"name\":\"Shop\",\"item\":\"https:\/\/xenonkungen.com\/shop\/\"},{\"@type\":\"ListItem\",\"position\":3,\"name\":\"Solskydd 35 cm f\u00f6r Scania NG f\u00f6r Lazer Linear 18 Elite *ansk\"}]},{\"@type\":\"WebSite\",\"@id\":\"https:\/\/xenonkungen.com\/#website\",\"url\":\"https:\/\/xenonkungen.com\/\",\"name\":\"Xenonkungen\",\"description\":\"\",\"potentialAction\":[{\"@type\":\"SearchAction\",\"target\":{\"@type\":\"EntryPoint\",\"urlTemplate\":\"https:\/\/xenonkungen.com\/?s={search_term_string}\"},\"query-input\":{\"@type\":\"PropertyValueSpecification\",\"valueRequired\":true,\"valueName\":\"search_term_string\"}}],\"inLanguage\":\"nl-NL\"}]}<\/script>\n<!-- \/ Yoast SEO plugin. -->","yoast_head_json":{"title":"Zonnescherm 35 cm voor Scania NG voor Lazer Linear 18 Elite *ansk - Xenonkungen","robots":{"index":"index","follow":"follow","max-snippet":"max-snippet:-1","max-image-preview":"max-image-preview:large","max-video-preview":"max-video-preview:-1"},"canonical":"https:\/\/xenonkungen.com\/nl\/product\/zonbescherming-35-cm-voor-scania-ng-voor-lazer-linear-18-elite-ansk\/","og_locale":"nl_NL","og_type":"article","og_title":"Solskydd 35 cm f\u00f6r Scania NG f\u00f6r Lazer Linear 18 Elite *ansk - Xenonkungen","og_description":"Solskydd 35 cm f\u00f6r Scania NG f\u00f6r Lazer Linear 18 Elite *ansk Solskydd f\u00f6r Scania NextGen f\u00f6rberett f\u00f6r Lazer Linear-18 Elite. Solskyddet har perfekt passform och passar alla NGhytter (L-, P-, G-, R-, S- eller XT-serien). Alla inf\u00e4stningar \u00e4r samma som f\u00f6r originalsolskyddet. Det g\u00e4ller \u00e4ven original\u00f6verdelens inf\u00e4stning i solskyddet, vilket g\u00f6r att monteringen blir [&hellip;]","og_url":"https:\/\/xenonkungen.com\/nl\/product\/zonbescherming-35-cm-voor-scania-ng-voor-lazer-linear-18-elite-ansk\/","og_site_name":"Xenonkungen","article_modified_time":"2026-04-11T00:11:03+00:00","og_image":[{"width":2048,"height":1536,"url":"https:\/\/xenonkungen.com\/wp-content\/uploads\/2025\/04\/34-100217CL_itemimage_mainfront.jpg","type":"image\/jpeg"}],"twitter_card":"summary_large_image","twitter_misc":{"Geschatte leestijd":"1 minuut"},"schema":{"@context":"https:\/\/schema.org","@graph":[{"@type":"WebPage","@id":"https:\/\/xenonkungen.com\/fi\/tuote\/aurinkosuoja-35-cm-scania-nglle-lazer-linear-18-elite-anskille\/","url":"https:\/\/xenonkungen.com\/fi\/tuote\/aurinkosuoja-35-cm-scania-nglle-lazer-linear-18-elite-anskille\/","name":"Zonnescherm 35 cm voor Scania NG voor Lazer Linear 18 Elite *ansk - Xenonkungen","isPartOf":{"@id":"https:\/\/xenonkungen.com\/#website"},"primaryImageOfPage":{"@id":"https:\/\/xenonkungen.com\/fi\/tuote\/aurinkosuoja-35-cm-scania-nglle-lazer-linear-18-elite-anskille\/#primaryimage"},"image":{"@id":"https:\/\/xenonkungen.com\/fi\/tuote\/aurinkosuoja-35-cm-scania-nglle-lazer-linear-18-elite-anskille\/#primaryimage"},"thumbnailUrl":"https:\/\/xenonkungen.com\/wp-content\/uploads\/2025\/04\/34-100217CL_itemimage_mainfront.jpg","datePublished":"2025-04-15T09:43:49+00:00","dateModified":"2026-04-11T00:11:03+00:00","breadcrumb":{"@id":"https:\/\/xenonkungen.com\/fi\/tuote\/aurinkosuoja-35-cm-scania-nglle-lazer-linear-18-elite-anskille\/#breadcrumb"},"inLanguage":"nl-NL","potentialAction":[{"@type":"ReadAction","target":["https:\/\/xenonkungen.com\/fi\/tuote\/aurinkosuoja-35-cm-scania-nglle-lazer-linear-18-elite-anskille\/"]}]},{"@type":"ImageObject","inLanguage":"nl-NL","@id":"https:\/\/xenonkungen.com\/fi\/tuote\/aurinkosuoja-35-cm-scania-nglle-lazer-linear-18-elite-anskille\/#primaryimage","url":"https:\/\/xenonkungen.com\/wp-content\/uploads\/2025\/04\/34-100217CL_itemimage_mainfront.jpg","contentUrl":"https:\/\/xenonkungen.com\/wp-content\/uploads\/2025\/04\/34-100217CL_itemimage_mainfront.jpg","width":2048,"height":1536},{"@type":"BreadcrumbList","@id":"https:\/\/xenonkungen.com\/fi\/tuote\/aurinkosuoja-35-cm-scania-nglle-lazer-linear-18-elite-anskille\/#breadcrumb","itemListElement":[{"@type":"ListItem","position":1,"name":"Hem","item":"https:\/\/xenonkungen.com\/"},{"@type":"ListItem","position":2,"name":"Shop","item":"https:\/\/xenonkungen.com\/shop\/"},{"@type":"ListItem","position":3,"name":"Solskydd 35 cm f\u00f6r Scania NG f\u00f6r Lazer Linear 18 Elite *ansk"}]},{"@type":"WebSite","@id":"https:\/\/xenonkungen.com\/#website","url":"https:\/\/xenonkungen.com\/","name":"Xenonkungen","description":"","potentialAction":[{"@type":"SearchAction","target":{"@type":"EntryPoint","urlTemplate":"https:\/\/xenonkungen.com\/?s={search_term_string}"},"query-input":{"@type":"PropertyValueSpecification","valueRequired":true,"valueName":"search_term_string"}}],"inLanguage":"nl-NL"}]}},"taxonomy_info":{"anvandningsomrade":[{"value":166,"label":"Lastbil"},{"value":238,"label":"SL\u00c4P"},{"value":2816,"label":"TRAILER"}],"product_brand":[{"value":2793,"label":"\u00d6VRIGT"}],"product_cat":[{"value":2611,"label":"Solskydd \/ Frontlucka"}],"product_tag":[{"value":2735,"label":"Lazer"}]},"featured_image_src_large":["https:\/\/xenonkungen.com\/wp-content\/uploads\/2025\/04\/34-100217CL_itemimage_mainfront-1024x768.jpg",1024,768,true],"author_info":[],"comment_info":0,"_links":{"self":[{"href":"https:\/\/xenonkungen.com\/nl\/wp-json\/wp\/v2\/product\/6202","targetHints":{"allow":["GET"]}}],"collection":[{"href":"https:\/\/xenonkungen.com\/nl\/wp-json\/wp\/v2\/product"}],"about":[{"href":"https:\/\/xenonkungen.com\/nl\/wp-json\/wp\/v2\/types\/product"}],"replies":[{"embeddable":true,"href":"https:\/\/xenonkungen.com\/nl\/wp-json\/wp\/v2\/comments?post=6202"}],"wp:featuredmedia":[{"embeddable":true,"href":"https:\/\/xenonkungen.com\/nl\/wp-json\/wp\/v2\/media\/6203"}],"wp:attachment":[{"href":"https:\/\/xenonkungen.com\/nl\/wp-json\/wp\/v2\/media?parent=6202"}],"wp:term":[{"taxonomy":"anvandningsomrade","embeddable":true,"href":"https:\/\/xenonkungen.com\/nl\/wp-json\/wp\/v2\/anvandningsomrade?post=6202"},{"taxonomy":"bilmarken","embeddable":true,"href":"https:\/\/xenonkungen.com\/nl\/wp-json\/wp\/v2\/bilmarken?post=6202"},{"taxonomy":"product_brand","embeddable":true,"href":"https:\/\/xenonkungen.com\/nl\/wp-json\/wp\/v2\/product_brand?post=6202"},{"taxonomy":"product_cat","embeddable":true,"href":"https:\/\/xenonkungen.com\/nl\/wp-json\/wp\/v2\/product_cat?post=6202"},{"taxonomy":"product_tag","embeddable":true,"href":"https:\/\/xenonkungen.com\/nl\/wp-json\/wp\/v2\/product_tag?post=6202"}],"curies":[{"name":"wp","href":"https:\/\/api.w.org\/{rel}","templated":true}]}}