{"id":6216,"date":"2025-04-15T09:44:00","date_gmt":"2025-04-15T09:44:00","guid":{"rendered":"https:\/\/xenonkungen.com\/product\/lazer-st2-evolution-extraljusramp-5-124-mm\/"},"modified":"2026-04-24T17:28:31","modified_gmt":"2026-04-24T16:28:31","slug":"laser-st2-evolution-extra-light-ramp-5124-mm","status":"publish","type":"product","link":"https:\/\/xenonkungen.com\/nl\/product\/laser-st2-evolution-extra-light-ramp-5124-mm\/","title":{"rendered":"Lazer ST2 Evolution extra lichte oprijplaat 5\u2033 (124 mm)"},"content":{"rendered":"<h1>Lazer ST Evolution \u2013 LED-balken voor optimale verlichting<\/h1>\n<p>De Lazer ST Evolution-serie is een serie LED-ramps die in 2010 werd gelanceerd en sindsdien is ontwikkeld en ge\u00fcpdatet met een platter en naadloos ontwerp. De serie is weerbestendiger, eenvoudiger te installeren en voorzien van de nieuwste verlichtingstechnologie, waardoor er optimale ramps ontstaan die geschikt zijn voor de meeste voertuigen en gelegenheden.<\/p>\n<h2>Superieure verlichting en lichtverdeling<\/h2>\n<p>Elke giek uit de ST Evolution-serie is uitgerust met krachtige 11W ledlampen die superieure lichtprestaties leveren en het licht precies verspreiden waar u het nodig hebt. Het geavanceerde elektronische ontwerp en de effici\u00ebnte vacu\u00fcmgemetalliseerde reflectoren zorgen voor een breed lichtpatroon dat bijzonder geschikt is voor landbouw- en offroadtoepassingen, waar vaak met lagere snelheden moet worden gereden. Het thermische beheersysteem van de giek zorgt ervoor dat deze nooit oververhit raakt, en de &quot;onbreekbare&quot; polycarbonaat lens, behandeld met harde lak, minimaliseert effectief het risico dat sneeuw en vuil aan het glas blijven plakken.<\/p>\n<h2>Verschillende lengtes en gegarandeerde pasvorm<\/h2>\n<p>De ST Evolution oprijplaten zijn verkrijgbaar in 8 verschillende lengtes tussen 124 en 1164 mm. Ze zijn 68 mm hoog en 64 mm diep. Dankzij de ruime keuze aan lengtes vindt u altijd een lengte die bij uw voertuig past. Combineer verschillende lengtes om de gewenste verlichting te cre\u00ebren.<\/p>","protected":false},"excerpt":{"rendered":"<p>Beleef de ultieme rijervaring met de Lazer ST2 Evolution extra lichtbalk! Met een diameter van 5 inch (124 mm) biedt hij een verbluffende helderheid die je naar nieuwe hoogten brengt. De lichtbalk is gebouwd voor zware omstandigheden en behoudt een hoge kwaliteit en lange levensduur. Bestel vandaag nog je Lazer ST2 Evolution extra lichtbalk in onze webshop en zie licht op een heel nieuw niveau!<\/p>","protected":false},"featured_media":6217,"comment_status":"closed","ping_status":"open","template":"","meta":{"_acf_changed":false,"_smort_price_nok":"2537","_smort_price_dkk":"1612","_smort_price_eur":"215.9","_smort_sale_price_nok":"","_smort_sale_price_dkk":"","_smort_sale_price_eur":"","smort_restorder":"","shipmondo_restorder":"","_kad_blocks_custom_css":"","_kad_blocks_head_custom_js":"","_kad_blocks_body_custom_js":"","_kad_blocks_footer_custom_js":"","smort_custom_pricelist_1":"1520","smort_custom_pricelist_2":"1520","smort_custom_pricelist_3":"1520","smort_custom_pricelist_4":"1900","smort_custom_pricelist_5":"1520"},"anvandningsomrade":[],"bilmarken":[],"product_brand":[1124],"product_cat":[2561,2966,2539,2168],"product_tag":[2735],"class_list":{"0":"post-6216","1":"product","2":"type-product","3":"status-publish","4":"has-post-thumbnail","6":"product_brand-lazer","7":"product_cat-lazer","8":"product_cat-ledramp-rak","9":"product_cat-ledramper","10":"product_cat-lazer-evolution","11":"product_tag-lazer","12":"pa_fargtemperatur-5000k","13":"pa_fuktskydd-varde-ipxx-ip68","14":"pa_godkannande-e-godkand-ece-r112","15":"pa_lampsockel-kontakt-superseal","16":"pa_led-chips-effekt-w-1728","17":"pa_ljusbild-driving","18":"pa_storlek-mm-124x68x64","19":"pa_stromforbrukning-16a144v","20":"pa_volt-v-multivolt-10-12-16-18-24-28-30-32","22":"first","23":"onbackorder","24":"taxable","25":"shipping-taxable","26":"purchasable","27":"product-type-simple"},"bundled_by":[],"bundle_stock_status":"onbackorder","bundle_stock_quantity":0,"bundle_virtual":false,"bundle_layout":"","bundle_add_to_cart_form_location":"","bundle_editable_in_cart":false,"bundle_sold_individually_context":"","bundle_item_grouping":"","bundle_min_size":"","bundle_max_size":"","bundle_price":[],"bundled_items":[],"bundle_sell_ids":[],"acf":[],"yoast_head":"<!-- This site is optimized with the Yoast SEO plugin v27.0 - https:\/\/yoast.com\/product\/yoast-seo-wordpress\/ -->\n<title>Lazer ST2 Evolution extraljusramp 5&quot; (124 mm) - Xenonkungen<\/title>\n<meta name=\"robots\" content=\"index, follow, max-snippet:-1, max-image-preview:large, max-video-preview:-1\" \/>\n<link rel=\"canonical\" href=\"https:\/\/xenonkungen.com\/nl\/product\/laser-st2-evolution-extra-light-ramp-5124-mm\/\" \/>\n<meta property=\"og:locale\" content=\"nl_NL\" \/>\n<meta property=\"og:type\" content=\"article\" \/>\n<meta property=\"og:title\" content=\"Lazer ST2 Evolution extraljusramp 5&quot; (124 mm) - Xenonkungen\" \/>\n<meta property=\"og:description\" content=\"Upplev den ultimate k\u00f6rupplevelsen med Lazer ST2 Evolution extraljusramp! Med en diameter p\u00e5 5&quot; (124 mm) ger den en h\u00e4pnadsv\u00e4ckande ljusstyrka som kommer att ta dig till nya h\u00f6jder. Ljusrampen \u00e4r byggd f\u00f6r tuffa f\u00f6rh\u00e5llanden och h\u00e5ller h\u00f6g kvalitet och l\u00e5ng livsl\u00e4ngd. Best\u00e4ll din Lazer ST2 Evolution extraljusramp i v\u00e5r webbutik idag och se ljuset p\u00e5 en helt ny niv\u00e5!\" \/>\n<meta property=\"og:url\" content=\"https:\/\/xenonkungen.com\/nl\/product\/laser-st2-evolution-extra-light-ramp-5124-mm\/\" \/>\n<meta property=\"og:site_name\" content=\"Xenonkungen\" \/>\n<meta property=\"article:modified_time\" content=\"2026-04-24T16:28:31+00:00\" \/>\n<meta property=\"og:image\" content=\"https:\/\/xenonkungen.com\/wp-content\/uploads\/2025\/04\/189889901-origpic-c7a6e5.jpg\" \/>\n\t<meta property=\"og:image:width\" content=\"1000\" \/>\n\t<meta property=\"og:image:height\" content=\"750\" \/>\n\t<meta property=\"og:image:type\" content=\"image\/jpeg\" \/>\n<meta name=\"twitter:card\" content=\"summary_large_image\" \/>\n<meta name=\"twitter:label1\" content=\"Geschatte leestijd\" \/>\n\t<meta name=\"twitter:data1\" content=\"1 minuut\" \/>\n<script type=\"application\/ld+json\" class=\"yoast-schema-graph\">{\"@context\":\"https:\/\/schema.org\",\"@graph\":[{\"@type\":\"WebPage\",\"@id\":\"https:\/\/xenonkungen.com\/produkt\/lazer-st2-evolution-extraljusramp-5-124-mm\/\",\"url\":\"https:\/\/xenonkungen.com\/produkt\/lazer-st2-evolution-extraljusramp-5-124-mm\/\",\"name\":\"Lazer ST2 Evolution extraljusramp 5\\\" (124 mm) - Xenonkungen\",\"isPartOf\":{\"@id\":\"https:\/\/xenonkungen.com\/#website\"},\"primaryImageOfPage\":{\"@id\":\"https:\/\/xenonkungen.com\/produkt\/lazer-st2-evolution-extraljusramp-5-124-mm\/#primaryimage\"},\"image\":{\"@id\":\"https:\/\/xenonkungen.com\/produkt\/lazer-st2-evolution-extraljusramp-5-124-mm\/#primaryimage\"},\"thumbnailUrl\":\"https:\/\/xenonkungen.com\/wp-content\/uploads\/2025\/04\/189889901-origpic-c7a6e5.jpg\",\"datePublished\":\"2025-04-15T09:44:00+00:00\",\"dateModified\":\"2026-04-24T16:28:31+00:00\",\"breadcrumb\":{\"@id\":\"https:\/\/xenonkungen.com\/produkt\/lazer-st2-evolution-extraljusramp-5-124-mm\/#breadcrumb\"},\"inLanguage\":\"nl-NL\",\"potentialAction\":[{\"@type\":\"ReadAction\",\"target\":[\"https:\/\/xenonkungen.com\/produkt\/lazer-st2-evolution-extraljusramp-5-124-mm\/\"]}]},{\"@type\":\"ImageObject\",\"inLanguage\":\"nl-NL\",\"@id\":\"https:\/\/xenonkungen.com\/produkt\/lazer-st2-evolution-extraljusramp-5-124-mm\/#primaryimage\",\"url\":\"https:\/\/xenonkungen.com\/wp-content\/uploads\/2025\/04\/189889901-origpic-c7a6e5.jpg\",\"contentUrl\":\"https:\/\/xenonkungen.com\/wp-content\/uploads\/2025\/04\/189889901-origpic-c7a6e5.jpg\",\"width\":1000,\"height\":750},{\"@type\":\"BreadcrumbList\",\"@id\":\"https:\/\/xenonkungen.com\/produkt\/lazer-st2-evolution-extraljusramp-5-124-mm\/#breadcrumb\",\"itemListElement\":[{\"@type\":\"ListItem\",\"position\":1,\"name\":\"Hem\",\"item\":\"https:\/\/xenonkungen.com\/\"},{\"@type\":\"ListItem\",\"position\":2,\"name\":\"Shop\",\"item\":\"https:\/\/xenonkungen.com\/shop\/\"},{\"@type\":\"ListItem\",\"position\":3,\"name\":\"Lazer ST2 Evolution extraljusramp 5&#8243; (124 mm)\"}]},{\"@type\":\"WebSite\",\"@id\":\"https:\/\/xenonkungen.com\/#website\",\"url\":\"https:\/\/xenonkungen.com\/\",\"name\":\"Xenonkungen\",\"description\":\"\",\"potentialAction\":[{\"@type\":\"SearchAction\",\"target\":{\"@type\":\"EntryPoint\",\"urlTemplate\":\"https:\/\/xenonkungen.com\/?s={search_term_string}\"},\"query-input\":{\"@type\":\"PropertyValueSpecification\",\"valueRequired\":true,\"valueName\":\"search_term_string\"}}],\"inLanguage\":\"nl-NL\"}]}<\/script>\n<!-- \/ Yoast SEO plugin. -->","yoast_head_json":{"title":"Lazer ST2 Evolution extra lichtbalk 5&quot; (124 mm) - De Xenon Koning","robots":{"index":"index","follow":"follow","max-snippet":"max-snippet:-1","max-image-preview":"max-image-preview:large","max-video-preview":"max-video-preview:-1"},"canonical":"https:\/\/xenonkungen.com\/nl\/product\/laser-st2-evolution-extra-light-ramp-5124-mm\/","og_locale":"nl_NL","og_type":"article","og_title":"Lazer ST2 Evolution extraljusramp 5\" (124 mm) - Xenonkungen","og_description":"Upplev den ultimate k\u00f6rupplevelsen med Lazer ST2 Evolution extraljusramp! Med en diameter p\u00e5 5\" (124 mm) ger den en h\u00e4pnadsv\u00e4ckande ljusstyrka som kommer att ta dig till nya h\u00f6jder. Ljusrampen \u00e4r byggd f\u00f6r tuffa f\u00f6rh\u00e5llanden och h\u00e5ller h\u00f6g kvalitet och l\u00e5ng livsl\u00e4ngd. Best\u00e4ll din Lazer ST2 Evolution extraljusramp i v\u00e5r webbutik idag och se ljuset p\u00e5 en helt ny niv\u00e5!","og_url":"https:\/\/xenonkungen.com\/nl\/product\/laser-st2-evolution-extra-light-ramp-5124-mm\/","og_site_name":"Xenonkungen","article_modified_time":"2026-04-24T16:28:31+00:00","og_image":[{"width":1000,"height":750,"url":"https:\/\/xenonkungen.com\/wp-content\/uploads\/2025\/04\/189889901-origpic-c7a6e5.jpg","type":"image\/jpeg"}],"twitter_card":"summary_large_image","twitter_misc":{"Geschatte leestijd":"1 minuut"},"schema":{"@context":"https:\/\/schema.org","@graph":[{"@type":"WebPage","@id":"https:\/\/xenonkungen.com\/produkt\/lazer-st2-evolution-extraljusramp-5-124-mm\/","url":"https:\/\/xenonkungen.com\/produkt\/lazer-st2-evolution-extraljusramp-5-124-mm\/","name":"Lazer ST2 Evolution extra lichtbalk 5&quot; (124 mm) - De Xenon Koning","isPartOf":{"@id":"https:\/\/xenonkungen.com\/#website"},"primaryImageOfPage":{"@id":"https:\/\/xenonkungen.com\/produkt\/lazer-st2-evolution-extraljusramp-5-124-mm\/#primaryimage"},"image":{"@id":"https:\/\/xenonkungen.com\/produkt\/lazer-st2-evolution-extraljusramp-5-124-mm\/#primaryimage"},"thumbnailUrl":"https:\/\/xenonkungen.com\/wp-content\/uploads\/2025\/04\/189889901-origpic-c7a6e5.jpg","datePublished":"2025-04-15T09:44:00+00:00","dateModified":"2026-04-24T16:28:31+00:00","breadcrumb":{"@id":"https:\/\/xenonkungen.com\/produkt\/lazer-st2-evolution-extraljusramp-5-124-mm\/#breadcrumb"},"inLanguage":"nl-NL","potentialAction":[{"@type":"ReadAction","target":["https:\/\/xenonkungen.com\/produkt\/lazer-st2-evolution-extraljusramp-5-124-mm\/"]}]},{"@type":"ImageObject","inLanguage":"nl-NL","@id":"https:\/\/xenonkungen.com\/produkt\/lazer-st2-evolution-extraljusramp-5-124-mm\/#primaryimage","url":"https:\/\/xenonkungen.com\/wp-content\/uploads\/2025\/04\/189889901-origpic-c7a6e5.jpg","contentUrl":"https:\/\/xenonkungen.com\/wp-content\/uploads\/2025\/04\/189889901-origpic-c7a6e5.jpg","width":1000,"height":750},{"@type":"BreadcrumbList","@id":"https:\/\/xenonkungen.com\/produkt\/lazer-st2-evolution-extraljusramp-5-124-mm\/#breadcrumb","itemListElement":[{"@type":"ListItem","position":1,"name":"Hem","item":"https:\/\/xenonkungen.com\/"},{"@type":"ListItem","position":2,"name":"Shop","item":"https:\/\/xenonkungen.com\/shop\/"},{"@type":"ListItem","position":3,"name":"Lazer ST2 Evolution extraljusramp 5&#8243; (124 mm)"}]},{"@type":"WebSite","@id":"https:\/\/xenonkungen.com\/#website","url":"https:\/\/xenonkungen.com\/","name":"Xenonkungen","description":"","potentialAction":[{"@type":"SearchAction","target":{"@type":"EntryPoint","urlTemplate":"https:\/\/xenonkungen.com\/?s={search_term_string}"},"query-input":{"@type":"PropertyValueSpecification","valueRequired":true,"valueName":"search_term_string"}}],"inLanguage":"nl-NL"}]}},"taxonomy_info":{"product_brand":[{"value":1124,"label":"Lazer"}],"product_cat":[{"value":2561,"label":"Lazer"},{"value":2966,"label":"Ledramp Rak"},{"value":2539,"label":"LEDRAMPER"},{"value":2168,"label":"LAZER EVOLUTION"}],"product_tag":[{"value":2735,"label":"Lazer"}],"pa_fargtemperatur":[{"value":154,"label":"5000K"}],"pa_fuktskydd-varde-ipxx":[{"value":177,"label":"IP68"}],"pa_godkannande":[{"value":1709,"label":"E-godk\u00e4nd, ECE, R112"}],"pa_lampsockel-kontakt":[{"value":1122,"label":"Superseal"}],"pa_led-chips-effekt-w":[{"value":1728,"label":"23"}],"pa_ljusbild":[{"value":178,"label":"Driving"}],"pa_storlek-mm":[{"value":1727,"label":"124x68x64"}],"pa_stromforbrukning":[{"value":1366,"label":"1,6A@14,4V"}],"pa_volt-v":[{"value":1084,"label":"Multivolt, 10, 12, 16, 18, 24, 28, 30, 32"}]},"featured_image_src_large":["https:\/\/xenonkungen.com\/wp-content\/uploads\/2025\/04\/189889901-origpic-c7a6e5.jpg",1000,750,false],"author_info":[],"comment_info":0,"_links":{"self":[{"href":"https:\/\/xenonkungen.com\/nl\/wp-json\/wp\/v2\/product\/6216","targetHints":{"allow":["GET"]}}],"collection":[{"href":"https:\/\/xenonkungen.com\/nl\/wp-json\/wp\/v2\/product"}],"about":[{"href":"https:\/\/xenonkungen.com\/nl\/wp-json\/wp\/v2\/types\/product"}],"replies":[{"embeddable":true,"href":"https:\/\/xenonkungen.com\/nl\/wp-json\/wp\/v2\/comments?post=6216"}],"wp:featuredmedia":[{"embeddable":true,"href":"https:\/\/xenonkungen.com\/nl\/wp-json\/wp\/v2\/media\/6217"}],"wp:attachment":[{"href":"https:\/\/xenonkungen.com\/nl\/wp-json\/wp\/v2\/media?parent=6216"}],"wp:term":[{"taxonomy":"anvandningsomrade","embeddable":true,"href":"https:\/\/xenonkungen.com\/nl\/wp-json\/wp\/v2\/anvandningsomrade?post=6216"},{"taxonomy":"bilmarken","embeddable":true,"href":"https:\/\/xenonkungen.com\/nl\/wp-json\/wp\/v2\/bilmarken?post=6216"},{"taxonomy":"product_brand","embeddable":true,"href":"https:\/\/xenonkungen.com\/nl\/wp-json\/wp\/v2\/product_brand?post=6216"},{"taxonomy":"product_cat","embeddable":true,"href":"https:\/\/xenonkungen.com\/nl\/wp-json\/wp\/v2\/product_cat?post=6216"},{"taxonomy":"product_tag","embeddable":true,"href":"https:\/\/xenonkungen.com\/nl\/wp-json\/wp\/v2\/product_tag?post=6216"}],"curies":[{"name":"wp","href":"https:\/\/api.w.org\/{rel}","templated":true}]}}