{"id":6224,"date":"2025-04-15T09:44:00","date_gmt":"2025-04-15T09:44:00","guid":{"rendered":"https:\/\/xenonkungen.com\/product\/lazer-st4-evolution-extraljusramp-8-204-mm\/"},"modified":"2026-04-24T17:28:33","modified_gmt":"2026-04-24T16:28:33","slug":"laser-st4-evolution-extra-light-ramp-8204-mm","status":"publish","type":"product","link":"https:\/\/xenonkungen.com\/nl\/product\/laser-st4-evolution-extra-light-ramp-8204-mm\/","title":{"rendered":"Lazer ST4 Evolution extra lichte oprijplaat 8\u2033 (204 mm)"},"content":{"rendered":"<h1>ST Evolution-serie van Lazer \u2013 Optimale LED-balken voor alle voertuigen<\/h1>\n<p>De ST Evolution-serie van Lazer is een serie ledlampen die in 2010 werd gelanceerd en sindsdien is ontwikkeld en ge\u00fcpdatet om een superieure verlichtingsoplossing te bieden met een onopvallend en naadloos design. Deze lampen zijn beter bestand tegen weersinvloeden, eenvoudig te installeren en voorzien van de nieuwste verlichtingstechnologie, geschikt voor de meeste voertuigen en gelegenheden.<\/p>\n<h2>Superieure lichtprestaties en -spreiding<\/h2>\n<p>Elke giek uit de ST Evolution-serie is uitgerust met krachtige 11W ledlampen, die uitstekende lichtprestaties en een optimale lichtverdeling bieden waar dat het meest nodig is. Het geavanceerde elektronische ontwerp en de effici\u00ebnte vacu\u00fcmgemetalliseerde reflectoren zorgen voor een breed lichtpatroon dat bijzonder geschikt is voor landbouw- en off-roadtoepassingen, waar vaak met lagere snelheden wordt gereden.<\/p>\n<p>Het thermische beheersysteem in de oprit zorgt ervoor dat oververhitting wordt voorkomen en de &quot;onbreekbare&quot; polycarbonaatlens met harde lakbehandeling minimaliseert het risico dat sneeuw en vuil aan het glas blijven plakken, wat zorgt voor een langdurig en betrouwbaar gebruik.<\/p>\n<h2>Breed scala aan lengtes<\/h2>\n<p>De ST Evolution-serie is verkrijgbaar in acht verschillende lengtes tussen 124 en 1164 mm en heeft een hoogte van 68 mm en een diepte van 64 mm. Dankzij de ruime keuze aan lengtes vindt u altijd de oprijplaat die perfect bij uw voertuig past. U kunt zelfs meerdere lengtes combineren om een unieke verlichtingsconfiguratie te cre\u00ebren.<\/p>\n<p>Ontdek de kracht en veelzijdigheid van de ST Evolution-serie van Lazer. Met 5 jaar functionele garantie kunt u erop vertrouwen dat deze ledbalken betrouwbare en indrukwekkende verlichting bieden voor uw avonturen, of u nu offroad rijdt of in veeleisende landbouwomgevingen.<\/p>\n<p>Bestel vandaag nog uw ST Evolution-oprit en til uw verlichting naar een nieuw niveau van prestaties en betrouwbaarheid!<\/p>","protected":false},"excerpt":{"rendered":"<p>Verbeter nu uw veiligheid op de weg en verlicht uw pad met de Lazer ST4 Evolution extra lichtbalk van 8 inch (204 mm)! Dankzij de krachtige ledtechnologie biedt hij uitstekend zicht, waardoor u beter kunt navigeren op donkere wegen en oneffen terrein. Bestel nu en ontvang een betaalbare en hoogwaardige oplossing voor uw voertuig!<\/p>","protected":false},"featured_media":6225,"comment_status":"closed","ping_status":"open","template":"","meta":{"_acf_changed":false,"_smort_price_nok":"3947","_smort_price_dkk":"2507","_smort_price_eur":"335.89","_smort_sale_price_nok":"","_smort_sale_price_dkk":"","_smort_sale_price_eur":"","smort_restorder":"","shipmondo_restorder":"","_kad_blocks_custom_css":"","_kad_blocks_head_custom_js":"","_kad_blocks_body_custom_js":"","_kad_blocks_footer_custom_js":"","smort_custom_pricelist_1":"2364.8","smort_custom_pricelist_2":"2364.8","smort_custom_pricelist_3":"2364.8","smort_custom_pricelist_4":"2956","smort_custom_pricelist_5":"2364.8"},"anvandningsomrade":[],"bilmarken":[],"product_brand":[1124],"product_cat":[2561,2966,2539,2168],"product_tag":[2735],"class_list":{"0":"post-6224","1":"product","2":"type-product","3":"status-publish","4":"has-post-thumbnail","6":"product_brand-lazer","7":"product_cat-lazer","8":"product_cat-ledramp-rak","9":"product_cat-ledramper","10":"product_cat-lazer-evolution","11":"product_tag-lazer","12":"pa_fargtemperatur-5000k","13":"pa_fuktskydd-varde-ipxx-ip68","14":"pa_godkannande-e-godkand-ece-r112","15":"pa_lampsockel-kontakt-superseal","16":"pa_led-chips-effekt-w-1730","17":"pa_ljusbild-driving","18":"pa_storlek-mm-204x68x64","19":"pa_stromforbrukning-33a144v","20":"pa_volt-v-multivolt-10-12-16-18-24-28-30-32","22":"first","23":"onbackorder","24":"taxable","25":"shipping-taxable","26":"purchasable","27":"product-type-simple"},"bundled_by":[],"bundle_stock_status":"onbackorder","bundle_stock_quantity":0,"bundle_virtual":false,"bundle_layout":"","bundle_add_to_cart_form_location":"","bundle_editable_in_cart":false,"bundle_sold_individually_context":"","bundle_item_grouping":"","bundle_min_size":"","bundle_max_size":"","bundle_price":[],"bundled_items":[],"bundle_sell_ids":[],"acf":[],"yoast_head":"<!-- This site is optimized with the Yoast SEO plugin v27.0 - https:\/\/yoast.com\/product\/yoast-seo-wordpress\/ -->\n<title>Lazer ST4 Evolution extraljusramp 8&quot; (204 mm) - Xenonkungen<\/title>\n<meta name=\"robots\" content=\"index, follow, max-snippet:-1, max-image-preview:large, max-video-preview:-1\" \/>\n<link rel=\"canonical\" href=\"https:\/\/xenonkungen.com\/nl\/product\/laser-st4-evolution-extra-light-ramp-8204-mm\/\" \/>\n<meta property=\"og:locale\" content=\"nl_NL\" \/>\n<meta property=\"og:type\" content=\"article\" \/>\n<meta property=\"og:title\" content=\"Lazer ST4 Evolution extraljusramp 8&quot; (204 mm) - Xenonkungen\" \/>\n<meta property=\"og:description\" content=\"Nu kan du f\u00f6rb\u00e4ttra din s\u00e4kerhet p\u00e5 v\u00e4gen och ljusa upp din v\u00e4g med Lazer ST4 Evolution extraljusramp 8&quot; (204 mm)! Med sin kraftfulla LED-teknologi ger den enast\u00e5ende synlighet, vilket ger dig b\u00e4ttre m\u00f6jlighet att navigera p\u00e5 m\u00f6rka v\u00e4gar och oj\u00e4mna terr\u00e4nger. Best\u00e4ll nu och f\u00e5 en prisv\u00e4rd och h\u00f6gkvalitativ l\u00f6sning f\u00f6r ditt fordon!\" \/>\n<meta property=\"og:url\" content=\"https:\/\/xenonkungen.com\/nl\/product\/laser-st4-evolution-extra-light-ramp-8204-mm\/\" \/>\n<meta property=\"og:site_name\" content=\"Xenonkungen\" \/>\n<meta property=\"article:modified_time\" content=\"2026-04-24T16:28:33+00:00\" \/>\n<meta property=\"og:image\" content=\"https:\/\/xenonkungen.com\/wp-content\/uploads\/2025\/04\/189889903-origpic-4bd4ed.jpg\" \/>\n\t<meta property=\"og:image:width\" content=\"1000\" \/>\n\t<meta property=\"og:image:height\" content=\"750\" \/>\n\t<meta property=\"og:image:type\" content=\"image\/jpeg\" \/>\n<meta name=\"twitter:card\" content=\"summary_large_image\" \/>\n<meta name=\"twitter:label1\" content=\"Geschatte leestijd\" \/>\n\t<meta name=\"twitter:data1\" content=\"2 minuten\" \/>\n<script type=\"application\/ld+json\" class=\"yoast-schema-graph\">{\"@context\":\"https:\/\/schema.org\",\"@graph\":[{\"@type\":\"WebPage\",\"@id\":\"https:\/\/xenonkungen.com\/produkt\/lazer-st4-evolution-extraljusramp-8-204-mm\/\",\"url\":\"https:\/\/xenonkungen.com\/produkt\/lazer-st4-evolution-extraljusramp-8-204-mm\/\",\"name\":\"Lazer ST4 Evolution extraljusramp 8\\\" (204 mm) - Xenonkungen\",\"isPartOf\":{\"@id\":\"https:\/\/xenonkungen.com\/#website\"},\"primaryImageOfPage\":{\"@id\":\"https:\/\/xenonkungen.com\/produkt\/lazer-st4-evolution-extraljusramp-8-204-mm\/#primaryimage\"},\"image\":{\"@id\":\"https:\/\/xenonkungen.com\/produkt\/lazer-st4-evolution-extraljusramp-8-204-mm\/#primaryimage\"},\"thumbnailUrl\":\"https:\/\/xenonkungen.com\/wp-content\/uploads\/2025\/04\/189889903-origpic-4bd4ed.jpg\",\"datePublished\":\"2025-04-15T09:44:00+00:00\",\"dateModified\":\"2026-04-24T16:28:33+00:00\",\"breadcrumb\":{\"@id\":\"https:\/\/xenonkungen.com\/produkt\/lazer-st4-evolution-extraljusramp-8-204-mm\/#breadcrumb\"},\"inLanguage\":\"nl-NL\",\"potentialAction\":[{\"@type\":\"ReadAction\",\"target\":[\"https:\/\/xenonkungen.com\/produkt\/lazer-st4-evolution-extraljusramp-8-204-mm\/\"]}]},{\"@type\":\"ImageObject\",\"inLanguage\":\"nl-NL\",\"@id\":\"https:\/\/xenonkungen.com\/produkt\/lazer-st4-evolution-extraljusramp-8-204-mm\/#primaryimage\",\"url\":\"https:\/\/xenonkungen.com\/wp-content\/uploads\/2025\/04\/189889903-origpic-4bd4ed.jpg\",\"contentUrl\":\"https:\/\/xenonkungen.com\/wp-content\/uploads\/2025\/04\/189889903-origpic-4bd4ed.jpg\",\"width\":1000,\"height\":750},{\"@type\":\"BreadcrumbList\",\"@id\":\"https:\/\/xenonkungen.com\/produkt\/lazer-st4-evolution-extraljusramp-8-204-mm\/#breadcrumb\",\"itemListElement\":[{\"@type\":\"ListItem\",\"position\":1,\"name\":\"Hem\",\"item\":\"https:\/\/xenonkungen.com\/\"},{\"@type\":\"ListItem\",\"position\":2,\"name\":\"Shop\",\"item\":\"https:\/\/xenonkungen.com\/shop\/\"},{\"@type\":\"ListItem\",\"position\":3,\"name\":\"Lazer ST4 Evolution extraljusramp 8&#8243; (204 mm)\"}]},{\"@type\":\"WebSite\",\"@id\":\"https:\/\/xenonkungen.com\/#website\",\"url\":\"https:\/\/xenonkungen.com\/\",\"name\":\"Xenonkungen\",\"description\":\"\",\"potentialAction\":[{\"@type\":\"SearchAction\",\"target\":{\"@type\":\"EntryPoint\",\"urlTemplate\":\"https:\/\/xenonkungen.com\/?s={search_term_string}\"},\"query-input\":{\"@type\":\"PropertyValueSpecification\",\"valueRequired\":true,\"valueName\":\"search_term_string\"}}],\"inLanguage\":\"nl-NL\"}]}<\/script>\n<!-- \/ Yoast SEO plugin. -->","yoast_head_json":{"title":"Lazer ST4 Evolution extra lichtbalk 8&quot; (204 mm) - De Xenon-koning","robots":{"index":"index","follow":"follow","max-snippet":"max-snippet:-1","max-image-preview":"max-image-preview:large","max-video-preview":"max-video-preview:-1"},"canonical":"https:\/\/xenonkungen.com\/nl\/product\/laser-st4-evolution-extra-light-ramp-8204-mm\/","og_locale":"nl_NL","og_type":"article","og_title":"Lazer ST4 Evolution extraljusramp 8\" (204 mm) - Xenonkungen","og_description":"Nu kan du f\u00f6rb\u00e4ttra din s\u00e4kerhet p\u00e5 v\u00e4gen och ljusa upp din v\u00e4g med Lazer ST4 Evolution extraljusramp 8\" (204 mm)! Med sin kraftfulla LED-teknologi ger den enast\u00e5ende synlighet, vilket ger dig b\u00e4ttre m\u00f6jlighet att navigera p\u00e5 m\u00f6rka v\u00e4gar och oj\u00e4mna terr\u00e4nger. Best\u00e4ll nu och f\u00e5 en prisv\u00e4rd och h\u00f6gkvalitativ l\u00f6sning f\u00f6r ditt fordon!","og_url":"https:\/\/xenonkungen.com\/nl\/product\/laser-st4-evolution-extra-light-ramp-8204-mm\/","og_site_name":"Xenonkungen","article_modified_time":"2026-04-24T16:28:33+00:00","og_image":[{"width":1000,"height":750,"url":"https:\/\/xenonkungen.com\/wp-content\/uploads\/2025\/04\/189889903-origpic-4bd4ed.jpg","type":"image\/jpeg"}],"twitter_card":"summary_large_image","twitter_misc":{"Geschatte leestijd":"2 minuten"},"schema":{"@context":"https:\/\/schema.org","@graph":[{"@type":"WebPage","@id":"https:\/\/xenonkungen.com\/produkt\/lazer-st4-evolution-extraljusramp-8-204-mm\/","url":"https:\/\/xenonkungen.com\/produkt\/lazer-st4-evolution-extraljusramp-8-204-mm\/","name":"Lazer ST4 Evolution extra lichtbalk 8&quot; (204 mm) - De Xenon-koning","isPartOf":{"@id":"https:\/\/xenonkungen.com\/#website"},"primaryImageOfPage":{"@id":"https:\/\/xenonkungen.com\/produkt\/lazer-st4-evolution-extraljusramp-8-204-mm\/#primaryimage"},"image":{"@id":"https:\/\/xenonkungen.com\/produkt\/lazer-st4-evolution-extraljusramp-8-204-mm\/#primaryimage"},"thumbnailUrl":"https:\/\/xenonkungen.com\/wp-content\/uploads\/2025\/04\/189889903-origpic-4bd4ed.jpg","datePublished":"2025-04-15T09:44:00+00:00","dateModified":"2026-04-24T16:28:33+00:00","breadcrumb":{"@id":"https:\/\/xenonkungen.com\/produkt\/lazer-st4-evolution-extraljusramp-8-204-mm\/#breadcrumb"},"inLanguage":"nl-NL","potentialAction":[{"@type":"ReadAction","target":["https:\/\/xenonkungen.com\/produkt\/lazer-st4-evolution-extraljusramp-8-204-mm\/"]}]},{"@type":"ImageObject","inLanguage":"nl-NL","@id":"https:\/\/xenonkungen.com\/produkt\/lazer-st4-evolution-extraljusramp-8-204-mm\/#primaryimage","url":"https:\/\/xenonkungen.com\/wp-content\/uploads\/2025\/04\/189889903-origpic-4bd4ed.jpg","contentUrl":"https:\/\/xenonkungen.com\/wp-content\/uploads\/2025\/04\/189889903-origpic-4bd4ed.jpg","width":1000,"height":750},{"@type":"BreadcrumbList","@id":"https:\/\/xenonkungen.com\/produkt\/lazer-st4-evolution-extraljusramp-8-204-mm\/#breadcrumb","itemListElement":[{"@type":"ListItem","position":1,"name":"Hem","item":"https:\/\/xenonkungen.com\/"},{"@type":"ListItem","position":2,"name":"Shop","item":"https:\/\/xenonkungen.com\/shop\/"},{"@type":"ListItem","position":3,"name":"Lazer ST4 Evolution extraljusramp 8&#8243; (204 mm)"}]},{"@type":"WebSite","@id":"https:\/\/xenonkungen.com\/#website","url":"https:\/\/xenonkungen.com\/","name":"Xenonkungen","description":"","potentialAction":[{"@type":"SearchAction","target":{"@type":"EntryPoint","urlTemplate":"https:\/\/xenonkungen.com\/?s={search_term_string}"},"query-input":{"@type":"PropertyValueSpecification","valueRequired":true,"valueName":"search_term_string"}}],"inLanguage":"nl-NL"}]}},"taxonomy_info":{"product_brand":[{"value":1124,"label":"Lazer"}],"product_cat":[{"value":2561,"label":"Lazer"},{"value":2966,"label":"Ledramp Rak"},{"value":2539,"label":"LEDRAMPER"},{"value":2168,"label":"LAZER EVOLUTION"}],"product_tag":[{"value":2735,"label":"Lazer"}],"pa_fargtemperatur":[{"value":154,"label":"5000K"}],"pa_fuktskydd-varde-ipxx":[{"value":177,"label":"IP68"}],"pa_godkannande":[{"value":1709,"label":"E-godk\u00e4nd, ECE, R112"}],"pa_lampsockel-kontakt":[{"value":1122,"label":"Superseal"}],"pa_led-chips-effekt-w":[{"value":1730,"label":"47"}],"pa_ljusbild":[{"value":178,"label":"Driving"}],"pa_storlek-mm":[{"value":1729,"label":"204x68x64"}],"pa_stromforbrukning":[{"value":1731,"label":"3,3A@14,4V"}],"pa_volt-v":[{"value":1084,"label":"Multivolt, 10, 12, 16, 18, 24, 28, 30, 32"}]},"featured_image_src_large":["https:\/\/xenonkungen.com\/wp-content\/uploads\/2025\/04\/189889903-origpic-4bd4ed.jpg",1000,750,false],"author_info":[],"comment_info":0,"_links":{"self":[{"href":"https:\/\/xenonkungen.com\/nl\/wp-json\/wp\/v2\/product\/6224","targetHints":{"allow":["GET"]}}],"collection":[{"href":"https:\/\/xenonkungen.com\/nl\/wp-json\/wp\/v2\/product"}],"about":[{"href":"https:\/\/xenonkungen.com\/nl\/wp-json\/wp\/v2\/types\/product"}],"replies":[{"embeddable":true,"href":"https:\/\/xenonkungen.com\/nl\/wp-json\/wp\/v2\/comments?post=6224"}],"wp:featuredmedia":[{"embeddable":true,"href":"https:\/\/xenonkungen.com\/nl\/wp-json\/wp\/v2\/media\/6225"}],"wp:attachment":[{"href":"https:\/\/xenonkungen.com\/nl\/wp-json\/wp\/v2\/media?parent=6224"}],"wp:term":[{"taxonomy":"anvandningsomrade","embeddable":true,"href":"https:\/\/xenonkungen.com\/nl\/wp-json\/wp\/v2\/anvandningsomrade?post=6224"},{"taxonomy":"bilmarken","embeddable":true,"href":"https:\/\/xenonkungen.com\/nl\/wp-json\/wp\/v2\/bilmarken?post=6224"},{"taxonomy":"product_brand","embeddable":true,"href":"https:\/\/xenonkungen.com\/nl\/wp-json\/wp\/v2\/product_brand?post=6224"},{"taxonomy":"product_cat","embeddable":true,"href":"https:\/\/xenonkungen.com\/nl\/wp-json\/wp\/v2\/product_cat?post=6224"},{"taxonomy":"product_tag","embeddable":true,"href":"https:\/\/xenonkungen.com\/nl\/wp-json\/wp\/v2\/product_tag?post=6224"}],"curies":[{"name":"wp","href":"https:\/\/api.w.org\/{rel}","templated":true}]}}