{"id":6267,"date":"2025-04-15T09:44:21","date_gmt":"2025-04-15T09:44:21","guid":{"rendered":"https:\/\/xenonkungen.com\/product\/lazer-t28-evolution-extraljusramp-46-1164-mm\/"},"modified":"2026-04-24T17:28:40","modified_gmt":"2026-04-24T16:28:40","slug":"laser-t28-evolution-extra-light-ramp-46-1164-mm","status":"publish","type":"product","link":"https:\/\/xenonkungen.com\/nl\/product\/laser-t28-evolution-extra-light-ramp-46-1164-mm\/","title":{"rendered":"Lazer T28 Evolution extra lichte oprijplaat 46\u2033 (1164 mm)"},"content":{"rendered":"<h1>Lineair \u2013 Lazers hoogwaardige hulplichtbalken voor dagelijks gebruik<\/h1>\n<p>Ontdek Lazers premium assortiment Linear lichtbalken voor dagelijks gebruik, verkrijgbaar in zowel Standard- als Elite-uitvoering. De Linear-serie combineert de allerbeste lichtprestaties met een strak en aerodynamisch design. De balk is eenvoudig te installeren met de meegeleverde roestvrijstalen fittingen en biedt fantastische verlichting op de weg.<\/p>\n<p>Linear Standard is leverbaar in zes verschillende lengtes tussen 232 en 1282 mm en heeft een hoogte van slechts 40 mm en een diepte van 62 mm. Hierdoor is de Linear Standard ideaal voor installatie in krappe ruimtes.<\/p>\n<p>Elke helling is uitgerust met een reeks hoogwaardige 3W LED-lampjes achter een onbreekbare polycarbonaatlens. De lens heeft bovendien een oppervlaktebehandeling ondergaan om sneeuw en vuil, die de lichtopbrengst kunnen be\u00efnvloeden, effectief af te weren.<\/p>\n<p>De lichtgewicht aluminium lampbehuizing in combinatie met de slanke afmetingen zorgt ervoor dat de oprijplaten minimaal in gewicht zijn. Het aerodynamische ontwerp zorgt er bovendien voor dat de oprijplaten optimaal in het geheel passen, ongeacht of u ze voorin of op het dak van de auto monteert. Linear Standard is een oprijplaat waar u nog lang op kunt rekenen!<\/p>\n<p>Met 5 jaar functionele garantie kunt u er zeker van zijn dat de Lazer Linear Standard een betrouwbare en krachtige hulplichtbalk is die u langdurig van uitstekende verlichting zal voorzien!<\/p>","protected":false},"excerpt":{"rendered":"<p>Linear &#8211; Lazers h\u00f6gklassiga extraljusrampar f\u00f6r dagligt bruk Utforska Lazers h\u00f6gklassiga serie extraljusrampar f\u00f6r dagligt bruk, Linear, tillg\u00e4ngliga i b\u00e5de Standard- och Elite-versioner. I Linear-serien kombineras absolut b\u00e4sta ljusprestanda med en slank och aerodynamisk design. Ramparna \u00e4r l\u00e4tta att installera med de medf\u00f6ljande rostfria st\u00e5lbeslagen och ger en fantastisk belysning p\u00e5 v\u00e4garna. Linear Standard finns [&hellip;]<\/p>","protected":false},"featured_media":6268,"comment_status":"closed","ping_status":"open","template":"","meta":{"_acf_changed":false,"_smort_price_nok":"15087","_smort_price_dkk":"9585","_smort_price_eur":"1284.03","_smort_sale_price_nok":"","_smort_sale_price_dkk":"","_smort_sale_price_eur":"","smort_restorder":"","shipmondo_restorder":"","_kad_blocks_custom_css":"","_kad_blocks_head_custom_js":"","_kad_blocks_body_custom_js":"","_kad_blocks_footer_custom_js":"","smort_custom_pricelist_1":"9040","smort_custom_pricelist_2":"9040","smort_custom_pricelist_3":"9040","smort_custom_pricelist_4":"11300","smort_custom_pricelist_5":"9040"},"anvandningsomrade":[],"bilmarken":[],"product_brand":[1124],"product_cat":[2561,2966,2539,2168],"product_tag":[2735],"class_list":{"0":"post-6267","1":"product","2":"type-product","3":"status-publish","4":"has-post-thumbnail","6":"product_brand-lazer","7":"product_cat-lazer","8":"product_cat-ledramp-rak","9":"product_cat-ledramper","10":"product_cat-lazer-evolution","11":"product_tag-lazer","12":"pa_fargtemperatur-5000k","13":"pa_fuktskydd-varde-ipxx-ip68","14":"pa_godkannande-e-godkand-ece-r10","15":"pa_lampsockel-kontakt-superseal","16":"pa_led-chips-effekt-w-1744","17":"pa_ljusbild-driving","18":"pa_storlek-mm-1164x68x64","19":"pa_stromforbrukning-193a144v","20":"pa_volt-v-multivolt-10-12-16-18-24-28-30-32","22":"first","23":"onbackorder","24":"taxable","25":"shipping-taxable","26":"purchasable","27":"product-type-simple"},"bundled_by":[],"bundle_stock_status":"onbackorder","bundle_stock_quantity":0,"bundle_virtual":false,"bundle_layout":"","bundle_add_to_cart_form_location":"","bundle_editable_in_cart":false,"bundle_sold_individually_context":"","bundle_item_grouping":"","bundle_min_size":"","bundle_max_size":"","bundle_price":[],"bundled_items":[],"bundle_sell_ids":[],"acf":[],"yoast_head":"<!-- This site is optimized with the Yoast SEO plugin v27.0 - https:\/\/yoast.com\/product\/yoast-seo-wordpress\/ -->\n<title>Lazer T28 Evolution extraljusramp 46&quot; (1164 mm) - Xenonkungen<\/title>\n<meta name=\"robots\" content=\"index, follow, max-snippet:-1, max-image-preview:large, max-video-preview:-1\" \/>\n<link rel=\"canonical\" href=\"https:\/\/xenonkungen.com\/nl\/product\/laser-t28-evolution-extra-light-ramp-46-1164-mm\/\" \/>\n<meta property=\"og:locale\" content=\"nl_NL\" \/>\n<meta property=\"og:type\" content=\"article\" \/>\n<meta property=\"og:title\" content=\"Lazer T28 Evolution extraljusramp 46&quot; (1164 mm) - Xenonkungen\" \/>\n<meta property=\"og:description\" content=\"Linear &#8211; Lazers h\u00f6gklassiga extraljusrampar f\u00f6r dagligt bruk Utforska Lazers h\u00f6gklassiga serie extraljusrampar f\u00f6r dagligt bruk, Linear, tillg\u00e4ngliga i b\u00e5de Standard- och Elite-versioner. I Linear-serien kombineras absolut b\u00e4sta ljusprestanda med en slank och aerodynamisk design. Ramparna \u00e4r l\u00e4tta att installera med de medf\u00f6ljande rostfria st\u00e5lbeslagen och ger en fantastisk belysning p\u00e5 v\u00e4garna. Linear Standard finns [&hellip;]\" \/>\n<meta property=\"og:url\" content=\"https:\/\/xenonkungen.com\/nl\/product\/laser-t28-evolution-extra-light-ramp-46-1164-mm\/\" \/>\n<meta property=\"og:site_name\" content=\"Xenonkungen\" \/>\n<meta property=\"article:modified_time\" content=\"2026-04-24T16:28:40+00:00\" \/>\n<meta property=\"og:image\" content=\"https:\/\/xenonkungen.com\/wp-content\/uploads\/2025\/04\/t28-angled_1000x750.jpg\" \/>\n\t<meta property=\"og:image:width\" content=\"1000\" \/>\n\t<meta property=\"og:image:height\" content=\"750\" \/>\n\t<meta property=\"og:image:type\" content=\"image\/jpeg\" \/>\n<meta name=\"twitter:card\" content=\"summary_large_image\" \/>\n<meta name=\"twitter:label1\" content=\"Geschatte leestijd\" \/>\n\t<meta name=\"twitter:data1\" content=\"1 minuut\" \/>\n<script type=\"application\/ld+json\" class=\"yoast-schema-graph\">{\"@context\":\"https:\/\/schema.org\",\"@graph\":[{\"@type\":\"WebPage\",\"@id\":\"https:\/\/xenonkungen.com\/produkt\/lazer-t28-evolution-extraljusramp-46-1164-mm\/\",\"url\":\"https:\/\/xenonkungen.com\/produkt\/lazer-t28-evolution-extraljusramp-46-1164-mm\/\",\"name\":\"Lazer T28 Evolution extraljusramp 46\\\" (1164 mm) - Xenonkungen\",\"isPartOf\":{\"@id\":\"https:\/\/xenonkungen.com\/#website\"},\"primaryImageOfPage\":{\"@id\":\"https:\/\/xenonkungen.com\/produkt\/lazer-t28-evolution-extraljusramp-46-1164-mm\/#primaryimage\"},\"image\":{\"@id\":\"https:\/\/xenonkungen.com\/produkt\/lazer-t28-evolution-extraljusramp-46-1164-mm\/#primaryimage\"},\"thumbnailUrl\":\"https:\/\/xenonkungen.com\/wp-content\/uploads\/2025\/04\/t28-angled_1000x750.jpg\",\"datePublished\":\"2025-04-15T09:44:21+00:00\",\"dateModified\":\"2026-04-24T16:28:40+00:00\",\"breadcrumb\":{\"@id\":\"https:\/\/xenonkungen.com\/produkt\/lazer-t28-evolution-extraljusramp-46-1164-mm\/#breadcrumb\"},\"inLanguage\":\"nl-NL\",\"potentialAction\":[{\"@type\":\"ReadAction\",\"target\":[\"https:\/\/xenonkungen.com\/produkt\/lazer-t28-evolution-extraljusramp-46-1164-mm\/\"]}]},{\"@type\":\"ImageObject\",\"inLanguage\":\"nl-NL\",\"@id\":\"https:\/\/xenonkungen.com\/produkt\/lazer-t28-evolution-extraljusramp-46-1164-mm\/#primaryimage\",\"url\":\"https:\/\/xenonkungen.com\/wp-content\/uploads\/2025\/04\/t28-angled_1000x750.jpg\",\"contentUrl\":\"https:\/\/xenonkungen.com\/wp-content\/uploads\/2025\/04\/t28-angled_1000x750.jpg\",\"width\":1000,\"height\":750},{\"@type\":\"BreadcrumbList\",\"@id\":\"https:\/\/xenonkungen.com\/produkt\/lazer-t28-evolution-extraljusramp-46-1164-mm\/#breadcrumb\",\"itemListElement\":[{\"@type\":\"ListItem\",\"position\":1,\"name\":\"Hem\",\"item\":\"https:\/\/xenonkungen.com\/\"},{\"@type\":\"ListItem\",\"position\":2,\"name\":\"Shop\",\"item\":\"https:\/\/xenonkungen.com\/shop\/\"},{\"@type\":\"ListItem\",\"position\":3,\"name\":\"Lazer T28 Evolution extraljusramp 46&#8243; (1164 mm)\"}]},{\"@type\":\"WebSite\",\"@id\":\"https:\/\/xenonkungen.com\/#website\",\"url\":\"https:\/\/xenonkungen.com\/\",\"name\":\"Xenonkungen\",\"description\":\"\",\"potentialAction\":[{\"@type\":\"SearchAction\",\"target\":{\"@type\":\"EntryPoint\",\"urlTemplate\":\"https:\/\/xenonkungen.com\/?s={search_term_string}\"},\"query-input\":{\"@type\":\"PropertyValueSpecification\",\"valueRequired\":true,\"valueName\":\"search_term_string\"}}],\"inLanguage\":\"nl-NL\"}]}<\/script>\n<!-- \/ Yoast SEO plugin. -->","yoast_head_json":{"title":"Lazer T28 Evolution extra lichtbalk 46&quot; (1164 mm) - De Xenon-koning","robots":{"index":"index","follow":"follow","max-snippet":"max-snippet:-1","max-image-preview":"max-image-preview:large","max-video-preview":"max-video-preview:-1"},"canonical":"https:\/\/xenonkungen.com\/nl\/product\/laser-t28-evolution-extra-light-ramp-46-1164-mm\/","og_locale":"nl_NL","og_type":"article","og_title":"Lazer T28 Evolution extraljusramp 46\" (1164 mm) - Xenonkungen","og_description":"Linear &#8211; Lazers h\u00f6gklassiga extraljusrampar f\u00f6r dagligt bruk Utforska Lazers h\u00f6gklassiga serie extraljusrampar f\u00f6r dagligt bruk, Linear, tillg\u00e4ngliga i b\u00e5de Standard- och Elite-versioner. I Linear-serien kombineras absolut b\u00e4sta ljusprestanda med en slank och aerodynamisk design. Ramparna \u00e4r l\u00e4tta att installera med de medf\u00f6ljande rostfria st\u00e5lbeslagen och ger en fantastisk belysning p\u00e5 v\u00e4garna. Linear Standard finns [&hellip;]","og_url":"https:\/\/xenonkungen.com\/nl\/product\/laser-t28-evolution-extra-light-ramp-46-1164-mm\/","og_site_name":"Xenonkungen","article_modified_time":"2026-04-24T16:28:40+00:00","og_image":[{"width":1000,"height":750,"url":"https:\/\/xenonkungen.com\/wp-content\/uploads\/2025\/04\/t28-angled_1000x750.jpg","type":"image\/jpeg"}],"twitter_card":"summary_large_image","twitter_misc":{"Geschatte leestijd":"1 minuut"},"schema":{"@context":"https:\/\/schema.org","@graph":[{"@type":"WebPage","@id":"https:\/\/xenonkungen.com\/produkt\/lazer-t28-evolution-extraljusramp-46-1164-mm\/","url":"https:\/\/xenonkungen.com\/produkt\/lazer-t28-evolution-extraljusramp-46-1164-mm\/","name":"Lazer T28 Evolution extra lichtbalk 46&quot; (1164 mm) - De Xenon-koning","isPartOf":{"@id":"https:\/\/xenonkungen.com\/#website"},"primaryImageOfPage":{"@id":"https:\/\/xenonkungen.com\/produkt\/lazer-t28-evolution-extraljusramp-46-1164-mm\/#primaryimage"},"image":{"@id":"https:\/\/xenonkungen.com\/produkt\/lazer-t28-evolution-extraljusramp-46-1164-mm\/#primaryimage"},"thumbnailUrl":"https:\/\/xenonkungen.com\/wp-content\/uploads\/2025\/04\/t28-angled_1000x750.jpg","datePublished":"2025-04-15T09:44:21+00:00","dateModified":"2026-04-24T16:28:40+00:00","breadcrumb":{"@id":"https:\/\/xenonkungen.com\/produkt\/lazer-t28-evolution-extraljusramp-46-1164-mm\/#breadcrumb"},"inLanguage":"nl-NL","potentialAction":[{"@type":"ReadAction","target":["https:\/\/xenonkungen.com\/produkt\/lazer-t28-evolution-extraljusramp-46-1164-mm\/"]}]},{"@type":"ImageObject","inLanguage":"nl-NL","@id":"https:\/\/xenonkungen.com\/produkt\/lazer-t28-evolution-extraljusramp-46-1164-mm\/#primaryimage","url":"https:\/\/xenonkungen.com\/wp-content\/uploads\/2025\/04\/t28-angled_1000x750.jpg","contentUrl":"https:\/\/xenonkungen.com\/wp-content\/uploads\/2025\/04\/t28-angled_1000x750.jpg","width":1000,"height":750},{"@type":"BreadcrumbList","@id":"https:\/\/xenonkungen.com\/produkt\/lazer-t28-evolution-extraljusramp-46-1164-mm\/#breadcrumb","itemListElement":[{"@type":"ListItem","position":1,"name":"Hem","item":"https:\/\/xenonkungen.com\/"},{"@type":"ListItem","position":2,"name":"Shop","item":"https:\/\/xenonkungen.com\/shop\/"},{"@type":"ListItem","position":3,"name":"Lazer T28 Evolution extraljusramp 46&#8243; (1164 mm)"}]},{"@type":"WebSite","@id":"https:\/\/xenonkungen.com\/#website","url":"https:\/\/xenonkungen.com\/","name":"Xenonkungen","description":"","potentialAction":[{"@type":"SearchAction","target":{"@type":"EntryPoint","urlTemplate":"https:\/\/xenonkungen.com\/?s={search_term_string}"},"query-input":{"@type":"PropertyValueSpecification","valueRequired":true,"valueName":"search_term_string"}}],"inLanguage":"nl-NL"}]}},"taxonomy_info":{"product_brand":[{"value":1124,"label":"Lazer"}],"product_cat":[{"value":2561,"label":"Lazer"},{"value":2966,"label":"Ledramp Rak"},{"value":2539,"label":"LEDRAMPER"},{"value":2168,"label":"LAZER EVOLUTION"}],"product_tag":[{"value":2735,"label":"Lazer"}],"pa_fargtemperatur":[{"value":154,"label":"5000K"}],"pa_fuktskydd-varde-ipxx":[{"value":177,"label":"IP68"}],"pa_godkannande":[{"value":900,"label":"E-Godk\u00e4nd, ECE, R10"}],"pa_lampsockel-kontakt":[{"value":1122,"label":"Superseal"}],"pa_led-chips-effekt-w":[{"value":1744,"label":"278"}],"pa_ljusbild":[{"value":178,"label":"Driving"}],"pa_storlek-mm":[{"value":1743,"label":"1164x68x64"}],"pa_stromforbrukning":[{"value":1745,"label":"19,3A@14,4V"}],"pa_volt-v":[{"value":1084,"label":"Multivolt, 10, 12, 16, 18, 24, 28, 30, 32"}]},"featured_image_src_large":["https:\/\/xenonkungen.com\/wp-content\/uploads\/2025\/04\/t28-angled_1000x750.jpg",1000,750,false],"author_info":[],"comment_info":0,"_links":{"self":[{"href":"https:\/\/xenonkungen.com\/nl\/wp-json\/wp\/v2\/product\/6267","targetHints":{"allow":["GET"]}}],"collection":[{"href":"https:\/\/xenonkungen.com\/nl\/wp-json\/wp\/v2\/product"}],"about":[{"href":"https:\/\/xenonkungen.com\/nl\/wp-json\/wp\/v2\/types\/product"}],"replies":[{"embeddable":true,"href":"https:\/\/xenonkungen.com\/nl\/wp-json\/wp\/v2\/comments?post=6267"}],"wp:featuredmedia":[{"embeddable":true,"href":"https:\/\/xenonkungen.com\/nl\/wp-json\/wp\/v2\/media\/6268"}],"wp:attachment":[{"href":"https:\/\/xenonkungen.com\/nl\/wp-json\/wp\/v2\/media?parent=6267"}],"wp:term":[{"taxonomy":"anvandningsomrade","embeddable":true,"href":"https:\/\/xenonkungen.com\/nl\/wp-json\/wp\/v2\/anvandningsomrade?post=6267"},{"taxonomy":"bilmarken","embeddable":true,"href":"https:\/\/xenonkungen.com\/nl\/wp-json\/wp\/v2\/bilmarken?post=6267"},{"taxonomy":"product_brand","embeddable":true,"href":"https:\/\/xenonkungen.com\/nl\/wp-json\/wp\/v2\/product_brand?post=6267"},{"taxonomy":"product_cat","embeddable":true,"href":"https:\/\/xenonkungen.com\/nl\/wp-json\/wp\/v2\/product_cat?post=6267"},{"taxonomy":"product_tag","embeddable":true,"href":"https:\/\/xenonkungen.com\/nl\/wp-json\/wp\/v2\/product_tag?post=6267"}],"curies":[{"name":"wp","href":"https:\/\/api.w.org\/{rel}","templated":true}]}}