{"id":6276,"date":"2025-04-15T09:44:45","date_gmt":"2025-04-15T09:44:45","guid":{"rendered":"https:\/\/xenonkungen.com\/product\/rafflat-linskit-30-horisontell-for-st4-evolution\/"},"modified":"2025-12-10T14:47:37","modified_gmt":"2025-12-10T13:47:37","slug":"geribbelde-linskit-30-horizontaal-voor-st4-evolutie","status":"publish","type":"product","link":"https:\/\/xenonkungen.com\/nl\/product\/geribbelde-linskit-30-horizontaal-voor-st4-evolutie\/","title":{"rendered":"Groeflensset 30\u00b0 horizontaal voor ST4 Evolution"},"content":{"rendered":"<h2>Lazerdispersielenzen \u2013 Verbeter en bescherm uw lichtbeeld<\/h2>\n<p>De Lazer diffuserlenzen zijn gemaakt van duurzaam en slijtvast acryl en vormen de perfecte accessoire voor uw Triple-R en ST Evolution lichtbalken. Deze lenzen bedekken vier ledmodules, waardoor u \u00e9\u00e9n of meer lenzen op langere lichtbalken kunt gebruiken. Met de vier meegeleverde clips kunt u de diffuserlenzen eenvoudig bevestigen.<\/p>\n<p>Naast het verbeteren van het lichtbeeld fungeren de lenzen ook als steenslagbescherming, die de originele lens beschermt tegen krassen en slijtage. De lenzen zijn voorzien van nauwsluitende pakkingen die voorkomen dat water en vuil binnendringen en de prestaties van de lamp be\u00efnvloeden.<\/p>\n<p>De heldere lenzen hebben een geribbeld patroon en bieden een lichtspreiding van 15\u00b0 of 30\u00b0. Dit verbreedt het oorspronkelijke lichtbeeld en zorgt voor een beter zicht aan de zijkanten van uw voertuig. Naast de geribbelde lenzen zijn er ook gele lenzen verkrijgbaar met een glad oppervlak. De gele lens heeft als voordeel dat deze het zicht verbetert bij regen, sneeuw en mist, wat de veiligheid verhoogt bij slecht weer.<\/p>\n<p>Investeer in Lazer diffusielenzen om je lichtbeeld te verbeteren en te beschermen. Met deze lenzen kun je de lichtverdeling aanpassen aan jouw wensen en het beste uit je lichtbalken halen, ongeacht de weers- en terreinomstandigheden.<\/p>","protected":false},"excerpt":{"rendered":"<p>Lazer spridningslinser &#8211; F\u00f6rb\u00e4ttra och skydda din ljusbild Lazer spridningslinser \u00e4r tillverkade av h\u00e5llbar och t\u00e5lig akryl och \u00e4r det perfekta tillbeh\u00f6ret f\u00f6r dina Triple-R- och ST Evolution-ljusrampar. Dessa linser t\u00e4cker fyra LED-moduler, vilket g\u00f6r det m\u00f6jligt att anv\u00e4nda en eller flera linser p\u00e5 l\u00e4ngre rampar. Med de fyra medf\u00f6ljande klippen kan du enkelt f\u00e4sta [&hellip;]<\/p>","protected":false},"featured_media":6277,"comment_status":"closed","ping_status":"open","template":"","meta":{"_acf_changed":false,"_smort_price_nok":"310","_smort_price_dkk":"197","_smort_price_eur":"26.36","_smort_sale_price_nok":"","_smort_sale_price_dkk":"","_smort_sale_price_eur":"","smort_restorder":"","shipmondo_restorder":"","_kad_blocks_custom_css":"","_kad_blocks_head_custom_js":"","_kad_blocks_body_custom_js":"","_kad_blocks_footer_custom_js":"","smort_custom_pricelist_1":"185.6","smort_custom_pricelist_2":"185.6","smort_custom_pricelist_3":"185.6","smort_custom_pricelist_4":"232","smort_custom_pricelist_5":"185.6"},"anvandningsomrade":[],"bilmarken":[],"product_brand":[2793],"product_cat":[2612,2828,2539,2613],"product_tag":[2735],"class_list":{"0":"post-6276","1":"product","2":"type-product","3":"status-publish","4":"has-post-thumbnail","6":"product_brand-ovrigt","7":"product_cat-tillbehor-installation-ledramper","8":"product_cat-installation-led-ramper","9":"product_cat-ledramper","10":"product_cat-ovriga-tillbehor-tillbehor-installation-ledramper","11":"product_tag-lazer","12":"pa_ljusspridning-grader-1747","14":"first","15":"instock","16":"taxable","17":"shipping-taxable","18":"purchasable","19":"product-type-simple"},"bundled_by":[],"bundle_stock_status":"instock","bundle_stock_quantity":5,"bundle_virtual":false,"bundle_layout":"","bundle_add_to_cart_form_location":"","bundle_editable_in_cart":false,"bundle_sold_individually_context":"","bundle_item_grouping":"","bundle_min_size":"","bundle_max_size":"","bundle_price":[],"bundled_items":[],"bundle_sell_ids":[],"acf":[],"yoast_head":"<!-- This site is optimized with the Yoast SEO plugin v27.0 - https:\/\/yoast.com\/product\/yoast-seo-wordpress\/ -->\n<title>R\u00e4fflat linskit 30\u00b0 horisontell f\u00f6r ST4 Evolution - Xenonkungen<\/title>\n<meta name=\"robots\" content=\"index, follow, max-snippet:-1, max-image-preview:large, max-video-preview:-1\" \/>\n<link rel=\"canonical\" href=\"https:\/\/xenonkungen.com\/nl\/product\/geribbelde-linskit-30-horizontaal-voor-st4-evolutie\/\" \/>\n<meta property=\"og:locale\" content=\"nl_NL\" \/>\n<meta property=\"og:type\" content=\"article\" \/>\n<meta property=\"og:title\" content=\"R\u00e4fflat linskit 30\u00b0 horisontell f\u00f6r ST4 Evolution - Xenonkungen\" \/>\n<meta property=\"og:description\" content=\"Lazer spridningslinser &#8211; F\u00f6rb\u00e4ttra och skydda din ljusbild Lazer spridningslinser \u00e4r tillverkade av h\u00e5llbar och t\u00e5lig akryl och \u00e4r det perfekta tillbeh\u00f6ret f\u00f6r dina Triple-R- och ST Evolution-ljusrampar. Dessa linser t\u00e4cker fyra LED-moduler, vilket g\u00f6r det m\u00f6jligt att anv\u00e4nda en eller flera linser p\u00e5 l\u00e4ngre rampar. Med de fyra medf\u00f6ljande klippen kan du enkelt f\u00e4sta [&hellip;]\" \/>\n<meta property=\"og:url\" content=\"https:\/\/xenonkungen.com\/nl\/product\/geribbelde-linskit-30-horizontaal-voor-st4-evolutie\/\" \/>\n<meta property=\"og:site_name\" content=\"Xenonkungen\" \/>\n<meta property=\"article:modified_time\" content=\"2025-12-10T13:47:37+00:00\" \/>\n<meta property=\"og:image\" content=\"https:\/\/xenonkungen.com\/wp-content\/uploads\/2025\/04\/189889919-origpic-45f9b5.jpg\" \/>\n\t<meta property=\"og:image:width\" content=\"1138\" \/>\n\t<meta property=\"og:image:height\" content=\"852\" \/>\n\t<meta property=\"og:image:type\" content=\"image\/jpeg\" \/>\n<meta name=\"twitter:card\" content=\"summary_large_image\" \/>\n<meta name=\"twitter:label1\" content=\"Geschatte leestijd\" \/>\n\t<meta name=\"twitter:data1\" content=\"1 minuut\" \/>\n<script type=\"application\/ld+json\" class=\"yoast-schema-graph\">{\"@context\":\"https:\/\/schema.org\",\"@graph\":[{\"@type\":\"WebPage\",\"@id\":\"https:\/\/xenonkungen.com\/dk\/vare\/riflet-linskit-30-vandret-til-st4-evolution\/\",\"url\":\"https:\/\/xenonkungen.com\/dk\/vare\/riflet-linskit-30-vandret-til-st4-evolution\/\",\"name\":\"R\u00e4fflat linskit 30\u00b0 horisontell f\u00f6r ST4 Evolution - Xenonkungen\",\"isPartOf\":{\"@id\":\"https:\/\/xenonkungen.com\/#website\"},\"primaryImageOfPage\":{\"@id\":\"https:\/\/xenonkungen.com\/dk\/vare\/riflet-linskit-30-vandret-til-st4-evolution\/#primaryimage\"},\"image\":{\"@id\":\"https:\/\/xenonkungen.com\/dk\/vare\/riflet-linskit-30-vandret-til-st4-evolution\/#primaryimage\"},\"thumbnailUrl\":\"https:\/\/xenonkungen.com\/wp-content\/uploads\/2025\/04\/189889919-origpic-45f9b5.jpg\",\"datePublished\":\"2025-04-15T09:44:45+00:00\",\"dateModified\":\"2025-12-10T13:47:37+00:00\",\"breadcrumb\":{\"@id\":\"https:\/\/xenonkungen.com\/dk\/vare\/riflet-linskit-30-vandret-til-st4-evolution\/#breadcrumb\"},\"inLanguage\":\"nl-NL\",\"potentialAction\":[{\"@type\":\"ReadAction\",\"target\":[\"https:\/\/xenonkungen.com\/dk\/vare\/riflet-linskit-30-vandret-til-st4-evolution\/\"]}]},{\"@type\":\"ImageObject\",\"inLanguage\":\"nl-NL\",\"@id\":\"https:\/\/xenonkungen.com\/dk\/vare\/riflet-linskit-30-vandret-til-st4-evolution\/#primaryimage\",\"url\":\"https:\/\/xenonkungen.com\/wp-content\/uploads\/2025\/04\/189889919-origpic-45f9b5.jpg\",\"contentUrl\":\"https:\/\/xenonkungen.com\/wp-content\/uploads\/2025\/04\/189889919-origpic-45f9b5.jpg\",\"width\":1138,\"height\":852},{\"@type\":\"BreadcrumbList\",\"@id\":\"https:\/\/xenonkungen.com\/dk\/vare\/riflet-linskit-30-vandret-til-st4-evolution\/#breadcrumb\",\"itemListElement\":[{\"@type\":\"ListItem\",\"position\":1,\"name\":\"Hem\",\"item\":\"https:\/\/xenonkungen.com\/\"},{\"@type\":\"ListItem\",\"position\":2,\"name\":\"Shop\",\"item\":\"https:\/\/xenonkungen.com\/shop\/\"},{\"@type\":\"ListItem\",\"position\":3,\"name\":\"R\u00e4fflat linskit 30\u00b0 horisontell f\u00f6r ST4 Evolution\"}]},{\"@type\":\"WebSite\",\"@id\":\"https:\/\/xenonkungen.com\/#website\",\"url\":\"https:\/\/xenonkungen.com\/\",\"name\":\"Xenonkungen\",\"description\":\"\",\"potentialAction\":[{\"@type\":\"SearchAction\",\"target\":{\"@type\":\"EntryPoint\",\"urlTemplate\":\"https:\/\/xenonkungen.com\/?s={search_term_string}\"},\"query-input\":{\"@type\":\"PropertyValueSpecification\",\"valueRequired\":true,\"valueName\":\"search_term_string\"}}],\"inLanguage\":\"nl-NL\"}]}<\/script>\n<!-- \/ Yoast SEO plugin. -->","yoast_head_json":{"title":"Lenskit met groeven 30\u00b0 horizontaal voor ST4 Evolution - Xenonkungen","robots":{"index":"index","follow":"follow","max-snippet":"max-snippet:-1","max-image-preview":"max-image-preview:large","max-video-preview":"max-video-preview:-1"},"canonical":"https:\/\/xenonkungen.com\/nl\/product\/geribbelde-linskit-30-horizontaal-voor-st4-evolutie\/","og_locale":"nl_NL","og_type":"article","og_title":"R\u00e4fflat linskit 30\u00b0 horisontell f\u00f6r ST4 Evolution - Xenonkungen","og_description":"Lazer spridningslinser &#8211; F\u00f6rb\u00e4ttra och skydda din ljusbild Lazer spridningslinser \u00e4r tillverkade av h\u00e5llbar och t\u00e5lig akryl och \u00e4r det perfekta tillbeh\u00f6ret f\u00f6r dina Triple-R- och ST Evolution-ljusrampar. Dessa linser t\u00e4cker fyra LED-moduler, vilket g\u00f6r det m\u00f6jligt att anv\u00e4nda en eller flera linser p\u00e5 l\u00e4ngre rampar. Med de fyra medf\u00f6ljande klippen kan du enkelt f\u00e4sta [&hellip;]","og_url":"https:\/\/xenonkungen.com\/nl\/product\/geribbelde-linskit-30-horizontaal-voor-st4-evolutie\/","og_site_name":"Xenonkungen","article_modified_time":"2025-12-10T13:47:37+00:00","og_image":[{"width":1138,"height":852,"url":"https:\/\/xenonkungen.com\/wp-content\/uploads\/2025\/04\/189889919-origpic-45f9b5.jpg","type":"image\/jpeg"}],"twitter_card":"summary_large_image","twitter_misc":{"Geschatte leestijd":"1 minuut"},"schema":{"@context":"https:\/\/schema.org","@graph":[{"@type":"WebPage","@id":"https:\/\/xenonkungen.com\/dk\/vare\/riflet-linskit-30-vandret-til-st4-evolution\/","url":"https:\/\/xenonkungen.com\/dk\/vare\/riflet-linskit-30-vandret-til-st4-evolution\/","name":"Lenskit met groeven 30\u00b0 horizontaal voor ST4 Evolution - Xenonkungen","isPartOf":{"@id":"https:\/\/xenonkungen.com\/#website"},"primaryImageOfPage":{"@id":"https:\/\/xenonkungen.com\/dk\/vare\/riflet-linskit-30-vandret-til-st4-evolution\/#primaryimage"},"image":{"@id":"https:\/\/xenonkungen.com\/dk\/vare\/riflet-linskit-30-vandret-til-st4-evolution\/#primaryimage"},"thumbnailUrl":"https:\/\/xenonkungen.com\/wp-content\/uploads\/2025\/04\/189889919-origpic-45f9b5.jpg","datePublished":"2025-04-15T09:44:45+00:00","dateModified":"2025-12-10T13:47:37+00:00","breadcrumb":{"@id":"https:\/\/xenonkungen.com\/dk\/vare\/riflet-linskit-30-vandret-til-st4-evolution\/#breadcrumb"},"inLanguage":"nl-NL","potentialAction":[{"@type":"ReadAction","target":["https:\/\/xenonkungen.com\/dk\/vare\/riflet-linskit-30-vandret-til-st4-evolution\/"]}]},{"@type":"ImageObject","inLanguage":"nl-NL","@id":"https:\/\/xenonkungen.com\/dk\/vare\/riflet-linskit-30-vandret-til-st4-evolution\/#primaryimage","url":"https:\/\/xenonkungen.com\/wp-content\/uploads\/2025\/04\/189889919-origpic-45f9b5.jpg","contentUrl":"https:\/\/xenonkungen.com\/wp-content\/uploads\/2025\/04\/189889919-origpic-45f9b5.jpg","width":1138,"height":852},{"@type":"BreadcrumbList","@id":"https:\/\/xenonkungen.com\/dk\/vare\/riflet-linskit-30-vandret-til-st4-evolution\/#breadcrumb","itemListElement":[{"@type":"ListItem","position":1,"name":"Hem","item":"https:\/\/xenonkungen.com\/"},{"@type":"ListItem","position":2,"name":"Shop","item":"https:\/\/xenonkungen.com\/shop\/"},{"@type":"ListItem","position":3,"name":"R\u00e4fflat linskit 30\u00b0 horisontell f\u00f6r ST4 Evolution"}]},{"@type":"WebSite","@id":"https:\/\/xenonkungen.com\/#website","url":"https:\/\/xenonkungen.com\/","name":"Xenonkungen","description":"","potentialAction":[{"@type":"SearchAction","target":{"@type":"EntryPoint","urlTemplate":"https:\/\/xenonkungen.com\/?s={search_term_string}"},"query-input":{"@type":"PropertyValueSpecification","valueRequired":true,"valueName":"search_term_string"}}],"inLanguage":"nl-NL"}]}},"taxonomy_info":{"product_brand":[{"value":2793,"label":"\u00d6VRIGT"}],"product_cat":[{"value":2612,"label":"INSTALLATION"},{"value":2828,"label":"Installation LED-ramper"},{"value":2539,"label":"LEDRAMPER"},{"value":2613,"label":"\u00d6vriga Tillbeh\u00f6r"}],"product_tag":[{"value":2735,"label":"Lazer"}],"pa_ljusspridning-grader":[{"value":1747,"label":"30"}]},"featured_image_src_large":["https:\/\/xenonkungen.com\/wp-content\/uploads\/2025\/04\/189889919-origpic-45f9b5-1024x767.jpg",1024,767,true],"author_info":[],"comment_info":0,"_links":{"self":[{"href":"https:\/\/xenonkungen.com\/nl\/wp-json\/wp\/v2\/product\/6276","targetHints":{"allow":["GET"]}}],"collection":[{"href":"https:\/\/xenonkungen.com\/nl\/wp-json\/wp\/v2\/product"}],"about":[{"href":"https:\/\/xenonkungen.com\/nl\/wp-json\/wp\/v2\/types\/product"}],"replies":[{"embeddable":true,"href":"https:\/\/xenonkungen.com\/nl\/wp-json\/wp\/v2\/comments?post=6276"}],"wp:featuredmedia":[{"embeddable":true,"href":"https:\/\/xenonkungen.com\/nl\/wp-json\/wp\/v2\/media\/6277"}],"wp:attachment":[{"href":"https:\/\/xenonkungen.com\/nl\/wp-json\/wp\/v2\/media?parent=6276"}],"wp:term":[{"taxonomy":"anvandningsomrade","embeddable":true,"href":"https:\/\/xenonkungen.com\/nl\/wp-json\/wp\/v2\/anvandningsomrade?post=6276"},{"taxonomy":"bilmarken","embeddable":true,"href":"https:\/\/xenonkungen.com\/nl\/wp-json\/wp\/v2\/bilmarken?post=6276"},{"taxonomy":"product_brand","embeddable":true,"href":"https:\/\/xenonkungen.com\/nl\/wp-json\/wp\/v2\/product_brand?post=6276"},{"taxonomy":"product_cat","embeddable":true,"href":"https:\/\/xenonkungen.com\/nl\/wp-json\/wp\/v2\/product_cat?post=6276"},{"taxonomy":"product_tag","embeddable":true,"href":"https:\/\/xenonkungen.com\/nl\/wp-json\/wp\/v2\/product_tag?post=6276"}],"curies":[{"name":"wp","href":"https:\/\/api.w.org\/{rel}","templated":true}]}}