{"id":6343,"date":"2025-04-15T09:45:37","date_gmt":"2025-04-15T09:45:37","guid":{"rendered":"https:\/\/xenonkungen.com\/product\/lazer-linear-18-elite-led-ramp-532mm\/"},"modified":"2026-04-24T17:29:02","modified_gmt":"2026-04-24T16:29:02","slug":"laser-linear-18-elite-led-ramp-532mm","status":"publish","type":"product","link":"https:\/\/xenonkungen.com\/nl\/product\/laser-linear-18-elite-led-ramp-532mm\/","title":{"rendered":"Lazer Linear-18 Elite led oprijplaat | 532mm"},"content":{"rendered":"<h1>Lazer Linear Auxiliary Light Bar \u2013 Top-Prestatieverlichting voor alle wegen<\/h1>\n<p>Linear is Lazers premium assortiment extra lichtbalken voor dagelijks gebruik, verkrijgbaar in zowel Standard als Elite uitvoering. De Linear-serie combineert optimale lichtprestaties met een slank, aerodynamisch design en biedt een optimale verlichtingsoplossing voor elke weg.<\/p>\n<h2>Ontwerp en installatie<\/h2>\n<p>De Linear Elite is verkrijgbaar in drie lengtes van 232 tot 532 mm en is slechts 40 mm hoog en 62 mm diep, waardoor hij ideaal is voor montage in krappe ruimtes. Elke helling is voorzien van dubbele rijen hoogwaardige 3W-leds achter de onbreekbare polycarbonaatlens. De lens is bovendien oppervlaktebehandeld om sneeuw en vuil, die de lichtopbrengst zouden kunnen verminderen, effectief af te weren.<\/p>\n<h2>Prestaties en lichtstroom<\/h2>\n<p>De Linear lichtbalk is uitgerust met een serie hoogwaardige 3W LED-lampen met een lichtstroom van 12.150 lm, een grootlichtfunctie en een kleurtemperatuur van 5000 K. De lichtbalk heeft een spanningsbereik van 10-32 V DC en een levensduur van 50.000 uur. Het effectieve stroomverbruik is 126 watt en de stroomopname bedraagt 8,8 amp\u00e8re bij 14,4 V.<\/p>\n<p>Met de lineaire hulplichtbalk van Lazer krijgt u een betrouwbare en duurzame verlichtingsoplossing voor uw auto. Met 5 jaar functionele garantie bent u er zeker van dat uw balk jarenlang optimaal zal presteren.<\/p>\n<p><em>Let op: de lichtstroom en de prestaties kunnen vari\u00ebren afhankelijk van de specifieke gebruiksomstandigheden.<\/em><\/p>","protected":false},"excerpt":{"rendered":"<p>Lazer Linear Extraljusramp &#8211; Toppresterande Belysning f\u00f6r Alla V\u00e4gar Linear \u00e4r Lazers premiumserie av extraljusrampar f\u00f6r dagligt bruk, tillg\u00e4ngliga i b\u00e5de Standard- och Elite-versioner. Med en kombination av b\u00e4sta ljusprestanda och en smal, aerodynamisk design, erbjuder Linear-serien en optimal belysningsl\u00f6sning f\u00f6r alla v\u00e4gar. Design och Installation Linear Elite finns i tre l\u00e4ngder mellan 232 och [&hellip;]<\/p>","protected":false},"featured_media":6344,"comment_status":"closed","ping_status":"closed","template":"","meta":{"_acf_changed":false,"_smort_price_nok":"8865","_smort_price_dkk":"5632","_smort_price_eur":"754.51","_smort_sale_price_nok":"","_smort_sale_price_dkk":"","_smort_sale_price_eur":"","smort_restorder":"","shipmondo_restorder":"","_kad_blocks_custom_css":"","_kad_blocks_head_custom_js":"","_kad_blocks_body_custom_js":"","_kad_blocks_footer_custom_js":"","smort_custom_pricelist_1":"5312","smort_custom_pricelist_2":"5312","smort_custom_pricelist_3":"5312","smort_custom_pricelist_4":"6640","smort_custom_pricelist_5":"5312"},"anvandningsomrade":[],"bilmarken":[],"product_brand":[1124],"product_cat":[2561,2966,2539,2166],"product_tag":[2735],"class_list":{"0":"post-6343","1":"product","2":"type-product","3":"status-publish","4":"has-post-thumbnail","6":"product_brand-lazer","7":"product_cat-lazer","8":"product_cat-ledramp-rak","9":"product_cat-ledramper","10":"product_cat-lazer-linear","11":"product_tag-lazer","12":"pa_fargtemperatur-5000k","13":"pa_fuktskydd-varde-ipxx-ip68","14":"pa_godkannande-e-godkand-ece-r112","15":"pa_lampsockel-kontakt-superseal","16":"pa_led-chips-effekt-w-1141","17":"pa_storlek-mm-532x40x62","18":"pa_stromforbrukning-9a144v","19":"pa_volt-v-multivolt-10-12-16-18-24-28-30-32","21":"first","22":"onbackorder","23":"taxable","24":"shipping-taxable","25":"purchasable","26":"product-type-simple"},"bundled_by":[],"bundle_stock_status":"onbackorder","bundle_stock_quantity":0,"bundle_virtual":false,"bundle_layout":"","bundle_add_to_cart_form_location":"","bundle_editable_in_cart":false,"bundle_sold_individually_context":"","bundle_item_grouping":"","bundle_min_size":"","bundle_max_size":"","bundle_price":[],"bundled_items":[],"bundle_sell_ids":[],"acf":[],"yoast_head":"<!-- This site is optimized with the Yoast SEO plugin v27.0 - https:\/\/yoast.com\/product\/yoast-seo-wordpress\/ -->\n<title>Lazer Linear-18 Elite led-ramp | 532mm - Xenonkungen<\/title>\n<meta name=\"robots\" content=\"index, follow, max-snippet:-1, max-image-preview:large, max-video-preview:-1\" \/>\n<link rel=\"canonical\" href=\"https:\/\/xenonkungen.com\/nl\/product\/laser-linear-18-elite-led-ramp-532mm\/\" \/>\n<meta property=\"og:locale\" content=\"nl_NL\" \/>\n<meta property=\"og:type\" content=\"article\" \/>\n<meta property=\"og:title\" content=\"Lazer Linear-18 Elite led-ramp | 532mm - Xenonkungen\" \/>\n<meta property=\"og:description\" content=\"Lazer Linear Extraljusramp &#8211; Toppresterande Belysning f\u00f6r Alla V\u00e4gar Linear \u00e4r Lazers premiumserie av extraljusrampar f\u00f6r dagligt bruk, tillg\u00e4ngliga i b\u00e5de Standard- och Elite-versioner. Med en kombination av b\u00e4sta ljusprestanda och en smal, aerodynamisk design, erbjuder Linear-serien en optimal belysningsl\u00f6sning f\u00f6r alla v\u00e4gar. Design och Installation Linear Elite finns i tre l\u00e4ngder mellan 232 och [&hellip;]\" \/>\n<meta property=\"og:url\" content=\"https:\/\/xenonkungen.com\/nl\/product\/laser-linear-18-elite-led-ramp-532mm\/\" \/>\n<meta property=\"og:site_name\" content=\"Xenonkungen\" \/>\n<meta property=\"article:modified_time\" content=\"2026-04-24T16:29:02+00:00\" \/>\n<meta property=\"og:image\" content=\"https:\/\/xenonkungen.com\/wp-content\/uploads\/2025\/04\/188148721-origpic-9041e6.jpg\" \/>\n\t<meta property=\"og:image:width\" content=\"1000\" \/>\n\t<meta property=\"og:image:height\" content=\"750\" \/>\n\t<meta property=\"og:image:type\" content=\"image\/jpeg\" \/>\n<meta name=\"twitter:card\" content=\"summary_large_image\" \/>\n<meta name=\"twitter:label1\" content=\"Geschatte leestijd\" \/>\n\t<meta name=\"twitter:data1\" content=\"2 minuten\" \/>\n<script type=\"application\/ld+json\" class=\"yoast-schema-graph\">{\"@context\":\"https:\/\/schema.org\",\"@graph\":[{\"@type\":\"WebPage\",\"@id\":\"https:\/\/xenonkungen.com\/de\/produkt\/lazer-linear-18-elite-led-rampe-532-mm\/\",\"url\":\"https:\/\/xenonkungen.com\/de\/produkt\/lazer-linear-18-elite-led-rampe-532-mm\/\",\"name\":\"Lazer Linear-18 Elite led-ramp | 532mm - Xenonkungen\",\"isPartOf\":{\"@id\":\"https:\/\/xenonkungen.com\/#website\"},\"primaryImageOfPage\":{\"@id\":\"https:\/\/xenonkungen.com\/de\/produkt\/lazer-linear-18-elite-led-rampe-532-mm\/#primaryimage\"},\"image\":{\"@id\":\"https:\/\/xenonkungen.com\/de\/produkt\/lazer-linear-18-elite-led-rampe-532-mm\/#primaryimage\"},\"thumbnailUrl\":\"https:\/\/xenonkungen.com\/wp-content\/uploads\/2025\/04\/188148721-origpic-9041e6.jpg\",\"datePublished\":\"2025-04-15T09:45:37+00:00\",\"dateModified\":\"2026-04-24T16:29:02+00:00\",\"breadcrumb\":{\"@id\":\"https:\/\/xenonkungen.com\/de\/produkt\/lazer-linear-18-elite-led-rampe-532-mm\/#breadcrumb\"},\"inLanguage\":\"nl-NL\",\"potentialAction\":[{\"@type\":\"ReadAction\",\"target\":[\"https:\/\/xenonkungen.com\/de\/produkt\/lazer-linear-18-elite-led-rampe-532-mm\/\"]}]},{\"@type\":\"ImageObject\",\"inLanguage\":\"nl-NL\",\"@id\":\"https:\/\/xenonkungen.com\/de\/produkt\/lazer-linear-18-elite-led-rampe-532-mm\/#primaryimage\",\"url\":\"https:\/\/xenonkungen.com\/wp-content\/uploads\/2025\/04\/188148721-origpic-9041e6.jpg\",\"contentUrl\":\"https:\/\/xenonkungen.com\/wp-content\/uploads\/2025\/04\/188148721-origpic-9041e6.jpg\",\"width\":1000,\"height\":750},{\"@type\":\"BreadcrumbList\",\"@id\":\"https:\/\/xenonkungen.com\/de\/produkt\/lazer-linear-18-elite-led-rampe-532-mm\/#breadcrumb\",\"itemListElement\":[{\"@type\":\"ListItem\",\"position\":1,\"name\":\"Hem\",\"item\":\"https:\/\/xenonkungen.com\/\"},{\"@type\":\"ListItem\",\"position\":2,\"name\":\"Shop\",\"item\":\"https:\/\/xenonkungen.com\/shop\/\"},{\"@type\":\"ListItem\",\"position\":3,\"name\":\"Lazer Linear-18 Elite led-ramp | 532mm\"}]},{\"@type\":\"WebSite\",\"@id\":\"https:\/\/xenonkungen.com\/#website\",\"url\":\"https:\/\/xenonkungen.com\/\",\"name\":\"Xenonkungen\",\"description\":\"\",\"potentialAction\":[{\"@type\":\"SearchAction\",\"target\":{\"@type\":\"EntryPoint\",\"urlTemplate\":\"https:\/\/xenonkungen.com\/?s={search_term_string}\"},\"query-input\":{\"@type\":\"PropertyValueSpecification\",\"valueRequired\":true,\"valueName\":\"search_term_string\"}}],\"inLanguage\":\"nl-NL\"}]}<\/script>\n<!-- \/ Yoast SEO plugin. -->","yoast_head_json":{"title":"Lazer Linear-18 Elite led ramp | 532mm - De Xenon Koning","robots":{"index":"index","follow":"follow","max-snippet":"max-snippet:-1","max-image-preview":"max-image-preview:large","max-video-preview":"max-video-preview:-1"},"canonical":"https:\/\/xenonkungen.com\/nl\/product\/laser-linear-18-elite-led-ramp-532mm\/","og_locale":"nl_NL","og_type":"article","og_title":"Lazer Linear-18 Elite led-ramp | 532mm - Xenonkungen","og_description":"Lazer Linear Extraljusramp &#8211; Toppresterande Belysning f\u00f6r Alla V\u00e4gar Linear \u00e4r Lazers premiumserie av extraljusrampar f\u00f6r dagligt bruk, tillg\u00e4ngliga i b\u00e5de Standard- och Elite-versioner. Med en kombination av b\u00e4sta ljusprestanda och en smal, aerodynamisk design, erbjuder Linear-serien en optimal belysningsl\u00f6sning f\u00f6r alla v\u00e4gar. Design och Installation Linear Elite finns i tre l\u00e4ngder mellan 232 och [&hellip;]","og_url":"https:\/\/xenonkungen.com\/nl\/product\/laser-linear-18-elite-led-ramp-532mm\/","og_site_name":"Xenonkungen","article_modified_time":"2026-04-24T16:29:02+00:00","og_image":[{"width":1000,"height":750,"url":"https:\/\/xenonkungen.com\/wp-content\/uploads\/2025\/04\/188148721-origpic-9041e6.jpg","type":"image\/jpeg"}],"twitter_card":"summary_large_image","twitter_misc":{"Geschatte leestijd":"2 minuten"},"schema":{"@context":"https:\/\/schema.org","@graph":[{"@type":"WebPage","@id":"https:\/\/xenonkungen.com\/de\/produkt\/lazer-linear-18-elite-led-rampe-532-mm\/","url":"https:\/\/xenonkungen.com\/de\/produkt\/lazer-linear-18-elite-led-rampe-532-mm\/","name":"Lazer Linear-18 Elite led ramp | 532mm - De Xenon Koning","isPartOf":{"@id":"https:\/\/xenonkungen.com\/#website"},"primaryImageOfPage":{"@id":"https:\/\/xenonkungen.com\/de\/produkt\/lazer-linear-18-elite-led-rampe-532-mm\/#primaryimage"},"image":{"@id":"https:\/\/xenonkungen.com\/de\/produkt\/lazer-linear-18-elite-led-rampe-532-mm\/#primaryimage"},"thumbnailUrl":"https:\/\/xenonkungen.com\/wp-content\/uploads\/2025\/04\/188148721-origpic-9041e6.jpg","datePublished":"2025-04-15T09:45:37+00:00","dateModified":"2026-04-24T16:29:02+00:00","breadcrumb":{"@id":"https:\/\/xenonkungen.com\/de\/produkt\/lazer-linear-18-elite-led-rampe-532-mm\/#breadcrumb"},"inLanguage":"nl-NL","potentialAction":[{"@type":"ReadAction","target":["https:\/\/xenonkungen.com\/de\/produkt\/lazer-linear-18-elite-led-rampe-532-mm\/"]}]},{"@type":"ImageObject","inLanguage":"nl-NL","@id":"https:\/\/xenonkungen.com\/de\/produkt\/lazer-linear-18-elite-led-rampe-532-mm\/#primaryimage","url":"https:\/\/xenonkungen.com\/wp-content\/uploads\/2025\/04\/188148721-origpic-9041e6.jpg","contentUrl":"https:\/\/xenonkungen.com\/wp-content\/uploads\/2025\/04\/188148721-origpic-9041e6.jpg","width":1000,"height":750},{"@type":"BreadcrumbList","@id":"https:\/\/xenonkungen.com\/de\/produkt\/lazer-linear-18-elite-led-rampe-532-mm\/#breadcrumb","itemListElement":[{"@type":"ListItem","position":1,"name":"Hem","item":"https:\/\/xenonkungen.com\/"},{"@type":"ListItem","position":2,"name":"Shop","item":"https:\/\/xenonkungen.com\/shop\/"},{"@type":"ListItem","position":3,"name":"Lazer Linear-18 Elite led-ramp | 532mm"}]},{"@type":"WebSite","@id":"https:\/\/xenonkungen.com\/#website","url":"https:\/\/xenonkungen.com\/","name":"Xenonkungen","description":"","potentialAction":[{"@type":"SearchAction","target":{"@type":"EntryPoint","urlTemplate":"https:\/\/xenonkungen.com\/?s={search_term_string}"},"query-input":{"@type":"PropertyValueSpecification","valueRequired":true,"valueName":"search_term_string"}}],"inLanguage":"nl-NL"}]}},"taxonomy_info":{"product_brand":[{"value":1124,"label":"Lazer"}],"product_cat":[{"value":2561,"label":"Lazer"},{"value":2966,"label":"Ledramp Rak"},{"value":2539,"label":"LEDRAMPER"},{"value":2166,"label":"LAZER LINEAR"}],"product_tag":[{"value":2735,"label":"Lazer"}],"pa_fargtemperatur":[{"value":154,"label":"5000K"}],"pa_fuktskydd-varde-ipxx":[{"value":177,"label":"IP68"}],"pa_godkannande":[{"value":1709,"label":"E-godk\u00e4nd, ECE, R112"}],"pa_lampsockel-kontakt":[{"value":1122,"label":"Superseal"}],"pa_led-chips-effekt-w":[{"value":1141,"label":"130"}],"pa_storlek-mm":[{"value":1121,"label":"532x40x62"}],"pa_stromforbrukning":[{"value":1619,"label":"9A@14,4V"}],"pa_volt-v":[{"value":1084,"label":"Multivolt, 10, 12, 16, 18, 24, 28, 30, 32"}]},"featured_image_src_large":["https:\/\/xenonkungen.com\/wp-content\/uploads\/2025\/04\/188148721-origpic-9041e6.jpg",1000,750,false],"author_info":[],"comment_info":0,"_links":{"self":[{"href":"https:\/\/xenonkungen.com\/nl\/wp-json\/wp\/v2\/product\/6343","targetHints":{"allow":["GET"]}}],"collection":[{"href":"https:\/\/xenonkungen.com\/nl\/wp-json\/wp\/v2\/product"}],"about":[{"href":"https:\/\/xenonkungen.com\/nl\/wp-json\/wp\/v2\/types\/product"}],"replies":[{"embeddable":true,"href":"https:\/\/xenonkungen.com\/nl\/wp-json\/wp\/v2\/comments?post=6343"}],"wp:featuredmedia":[{"embeddable":true,"href":"https:\/\/xenonkungen.com\/nl\/wp-json\/wp\/v2\/media\/6344"}],"wp:attachment":[{"href":"https:\/\/xenonkungen.com\/nl\/wp-json\/wp\/v2\/media?parent=6343"}],"wp:term":[{"taxonomy":"anvandningsomrade","embeddable":true,"href":"https:\/\/xenonkungen.com\/nl\/wp-json\/wp\/v2\/anvandningsomrade?post=6343"},{"taxonomy":"bilmarken","embeddable":true,"href":"https:\/\/xenonkungen.com\/nl\/wp-json\/wp\/v2\/bilmarken?post=6343"},{"taxonomy":"product_brand","embeddable":true,"href":"https:\/\/xenonkungen.com\/nl\/wp-json\/wp\/v2\/product_brand?post=6343"},{"taxonomy":"product_cat","embeddable":true,"href":"https:\/\/xenonkungen.com\/nl\/wp-json\/wp\/v2\/product_cat?post=6343"},{"taxonomy":"product_tag","embeddable":true,"href":"https:\/\/xenonkungen.com\/nl\/wp-json\/wp\/v2\/product_tag?post=6343"}],"curies":[{"name":"wp","href":"https:\/\/api.w.org\/{rel}","templated":true}]}}