{"id":6385,"date":"2025-04-15T09:46:04","date_gmt":"2025-04-15T09:46:04","guid":{"rendered":"https:\/\/xenonkungen.com\/product\/lazer-linear-48-std-led-extraljusramp-51-1282-mm\/"},"modified":"2026-04-24T17:29:09","modified_gmt":"2026-04-24T16:29:09","slug":"laser-lineair-48-standaard-led-extra-licht-ramp-51-1282-mm","status":"publish","type":"product","link":"https:\/\/xenonkungen.com\/nl\/product\/laser-lineair-48-standaard-led-extra-licht-ramp-51-1282-mm\/","title":{"rendered":"Lazer Linear 48 Std LED extra licht oprijplaat 51\u2033 (1282 mm)"},"content":{"rendered":"<h1>Lazers Linear-serie: slanke, aerodynamische en krachtige LED-helling<\/h1>\n<p>De Linear-serie van Lazer biedt een exclusief assortiment extra lichtbalken, verkrijgbaar in zowel Standard- als Elite-uitvoering. Deze balken combineren maximale lichtopbrengst met een slank, aerodynamisch ontwerp en zijn perfect voor dagelijks gebruik. Dankzij de meegeleverde roestvrijstalen beugels zijn de balken bovendien eenvoudig te installeren en bieden ze uitstekende verlichting op de weg.<\/p>\n<h2>Lineaire Standaard: Een flexibele oplossing voor al uw verlichtingsbehoeften<\/h2>\n<p>De Linear Standard is verkrijgbaar in zes verschillende lengtes, van 232 tot 1282 mm, met een hoogte van slechts 40 mm en een diepte van 62 mm. Dit slanke ontwerp maakt hem ideaal voor montage in krappe ruimtes. Elke oprijplaat is uitgerust met hoogwaardige 3W ledlampen, beschermd achter een duurzame polycarbonaatlens die tevens behandeld is om sneeuw en vuil, die de lichtopbrengst kunnen be\u00efnvloeden, effectief af te weren. Dankzij een lichtgewicht aluminium lampenkap en slanke afmetingen is het gewicht van de oprijplaat minimaal. Het aerodynamische ontwerp past perfect bij de oprijplaat, ongeacht of deze aan de voorzijde van de auto of op het dak wordt gemonteerd.<\/p>\n<p>De Linear Standard-serie van Lazer is een betrouwbare keuze waarmee u jarenlang verlicht en veilig op de weg blijft.<\/p>","protected":false},"excerpt":{"rendered":"<p>Lazers Linear-serie: Smal, aerodynamisk och kraftfull LED-ramp Lazers Linear-serie erbjuder en exklusiv upps\u00e4ttning av extraljusrampar, tillg\u00e4ngliga i b\u00e5de Standard- och Elite-versioner. Med en kombination av maximal ljusprestanda och en tunn, aerodynamisk design, passar dessa rampar perfekt f\u00f6r daglig anv\u00e4ndning. Dessutom, tack vare de medf\u00f6ljande rostfria st\u00e5lh\u00e5llarna, \u00e4r ramparna l\u00e4tta att installera och ger enast\u00e5ende belysning [&hellip;]<\/p>","protected":false},"featured_media":6386,"comment_status":"closed","ping_status":"open","template":"","meta":{"_acf_changed":false,"_smort_price_nok":"14019","_smort_price_dkk":"8906","_smort_price_eur":"1193.13","_smort_sale_price_nok":"","_smort_sale_price_dkk":"","_smort_sale_price_eur":"","smort_restorder":"","shipmondo_restorder":"","_kad_blocks_custom_css":"","_kad_blocks_head_custom_js":"","_kad_blocks_body_custom_js":"","_kad_blocks_footer_custom_js":"","smort_custom_pricelist_1":"8400","smort_custom_pricelist_2":"8400","smort_custom_pricelist_3":"8400","smort_custom_pricelist_4":"10500","smort_custom_pricelist_5":"8400"},"anvandningsomrade":[],"bilmarken":[],"product_brand":[1124],"product_cat":[2561,2966,2539,2166],"product_tag":[2735],"class_list":{"0":"post-6385","1":"product","2":"type-product","3":"status-publish","4":"has-post-thumbnail","6":"product_brand-lazer","7":"product_cat-lazer","8":"product_cat-ledramp-rak","9":"product_cat-ledramper","10":"product_cat-lazer-linear","11":"product_tag-lazer","12":"pa_fargtemperatur-5000k","13":"pa_fuktskydd-varde-ipxx-ip67","14":"pa_lampsockel-kontakt-superseal","15":"pa_led-chips-effekt-w-1751","16":"pa_storlek-mm-1282x40x62","17":"pa_stromforbrukning-117a144v","18":"pa_volt-v-multivolt-10-12-16-18-24-28-30-32","20":"first","21":"onbackorder","22":"taxable","23":"shipping-taxable","24":"purchasable","25":"product-type-simple"},"bundled_by":[],"bundle_stock_status":"onbackorder","bundle_stock_quantity":0,"bundle_virtual":false,"bundle_layout":"","bundle_add_to_cart_form_location":"","bundle_editable_in_cart":false,"bundle_sold_individually_context":"","bundle_item_grouping":"","bundle_min_size":"","bundle_max_size":"","bundle_price":[],"bundled_items":[],"bundle_sell_ids":[],"acf":[],"yoast_head":"<!-- This site is optimized with the Yoast SEO plugin v27.0 - https:\/\/yoast.com\/product\/yoast-seo-wordpress\/ -->\n<title>Lazer Linear 48 Std LED extraljusramp 51&quot; (1282 mm) - Xenonkungen<\/title>\n<meta name=\"robots\" content=\"index, follow, max-snippet:-1, max-image-preview:large, max-video-preview:-1\" \/>\n<link rel=\"canonical\" href=\"https:\/\/xenonkungen.com\/nl\/product\/laser-lineair-48-standaard-led-extra-licht-ramp-51-1282-mm\/\" \/>\n<meta property=\"og:locale\" content=\"nl_NL\" \/>\n<meta property=\"og:type\" content=\"article\" \/>\n<meta property=\"og:title\" content=\"Lazer Linear 48 Std LED extraljusramp 51&quot; (1282 mm) - Xenonkungen\" \/>\n<meta property=\"og:description\" content=\"Lazers Linear-serie: Smal, aerodynamisk och kraftfull LED-ramp Lazers Linear-serie erbjuder en exklusiv upps\u00e4ttning av extraljusrampar, tillg\u00e4ngliga i b\u00e5de Standard- och Elite-versioner. Med en kombination av maximal ljusprestanda och en tunn, aerodynamisk design, passar dessa rampar perfekt f\u00f6r daglig anv\u00e4ndning. Dessutom, tack vare de medf\u00f6ljande rostfria st\u00e5lh\u00e5llarna, \u00e4r ramparna l\u00e4tta att installera och ger enast\u00e5ende belysning [&hellip;]\" \/>\n<meta property=\"og:url\" content=\"https:\/\/xenonkungen.com\/nl\/product\/laser-lineair-48-standaard-led-extra-licht-ramp-51-1282-mm\/\" \/>\n<meta property=\"og:site_name\" content=\"Xenonkungen\" \/>\n<meta property=\"article:modified_time\" content=\"2026-04-24T16:29:09+00:00\" \/>\n<meta property=\"og:image\" content=\"https:\/\/xenonkungen.com\/wp-content\/uploads\/2025\/04\/188148733-origpic-4415b0.jpg\" \/>\n\t<meta property=\"og:image:width\" content=\"1000\" \/>\n\t<meta property=\"og:image:height\" content=\"750\" \/>\n\t<meta property=\"og:image:type\" content=\"image\/jpeg\" \/>\n<meta name=\"twitter:card\" content=\"summary_large_image\" \/>\n<meta name=\"twitter:label1\" content=\"Geschatte leestijd\" \/>\n\t<meta name=\"twitter:data1\" content=\"1 minuut\" \/>\n<script type=\"application\/ld+json\" class=\"yoast-schema-graph\">{\"@context\":\"https:\/\/schema.org\",\"@graph\":[{\"@type\":\"WebPage\",\"@id\":\"https:\/\/xenonkungen.com\/produkt\/lazer-linear-48-std-led-extraljusramp-51-1282-mm\/\",\"url\":\"https:\/\/xenonkungen.com\/produkt\/lazer-linear-48-std-led-extraljusramp-51-1282-mm\/\",\"name\":\"Lazer Linear 48 Std LED extraljusramp 51\\\" (1282 mm) - Xenonkungen\",\"isPartOf\":{\"@id\":\"https:\/\/xenonkungen.com\/#website\"},\"primaryImageOfPage\":{\"@id\":\"https:\/\/xenonkungen.com\/produkt\/lazer-linear-48-std-led-extraljusramp-51-1282-mm\/#primaryimage\"},\"image\":{\"@id\":\"https:\/\/xenonkungen.com\/produkt\/lazer-linear-48-std-led-extraljusramp-51-1282-mm\/#primaryimage\"},\"thumbnailUrl\":\"https:\/\/xenonkungen.com\/wp-content\/uploads\/2025\/04\/188148733-origpic-4415b0.jpg\",\"datePublished\":\"2025-04-15T09:46:04+00:00\",\"dateModified\":\"2026-04-24T16:29:09+00:00\",\"breadcrumb\":{\"@id\":\"https:\/\/xenonkungen.com\/produkt\/lazer-linear-48-std-led-extraljusramp-51-1282-mm\/#breadcrumb\"},\"inLanguage\":\"nl-NL\",\"potentialAction\":[{\"@type\":\"ReadAction\",\"target\":[\"https:\/\/xenonkungen.com\/produkt\/lazer-linear-48-std-led-extraljusramp-51-1282-mm\/\"]}]},{\"@type\":\"ImageObject\",\"inLanguage\":\"nl-NL\",\"@id\":\"https:\/\/xenonkungen.com\/produkt\/lazer-linear-48-std-led-extraljusramp-51-1282-mm\/#primaryimage\",\"url\":\"https:\/\/xenonkungen.com\/wp-content\/uploads\/2025\/04\/188148733-origpic-4415b0.jpg\",\"contentUrl\":\"https:\/\/xenonkungen.com\/wp-content\/uploads\/2025\/04\/188148733-origpic-4415b0.jpg\",\"width\":1000,\"height\":750},{\"@type\":\"BreadcrumbList\",\"@id\":\"https:\/\/xenonkungen.com\/produkt\/lazer-linear-48-std-led-extraljusramp-51-1282-mm\/#breadcrumb\",\"itemListElement\":[{\"@type\":\"ListItem\",\"position\":1,\"name\":\"Hem\",\"item\":\"https:\/\/xenonkungen.com\/\"},{\"@type\":\"ListItem\",\"position\":2,\"name\":\"Shop\",\"item\":\"https:\/\/xenonkungen.com\/shop\/\"},{\"@type\":\"ListItem\",\"position\":3,\"name\":\"Lazer Linear 48 Std LED extraljusramp 51&#8243; (1282 mm)\"}]},{\"@type\":\"WebSite\",\"@id\":\"https:\/\/xenonkungen.com\/#website\",\"url\":\"https:\/\/xenonkungen.com\/\",\"name\":\"Xenonkungen\",\"description\":\"\",\"potentialAction\":[{\"@type\":\"SearchAction\",\"target\":{\"@type\":\"EntryPoint\",\"urlTemplate\":\"https:\/\/xenonkungen.com\/?s={search_term_string}\"},\"query-input\":{\"@type\":\"PropertyValueSpecification\",\"valueRequired\":true,\"valueName\":\"search_term_string\"}}],\"inLanguage\":\"nl-NL\"}]}<\/script>\n<!-- \/ Yoast SEO plugin. -->","yoast_head_json":{"title":"Lazer Linear 48 Std LED extra lichtramp 51&quot; (1282 mm) - De Xenon Koning","robots":{"index":"index","follow":"follow","max-snippet":"max-snippet:-1","max-image-preview":"max-image-preview:large","max-video-preview":"max-video-preview:-1"},"canonical":"https:\/\/xenonkungen.com\/nl\/product\/laser-lineair-48-standaard-led-extra-licht-ramp-51-1282-mm\/","og_locale":"nl_NL","og_type":"article","og_title":"Lazer Linear 48 Std LED extraljusramp 51\" (1282 mm) - Xenonkungen","og_description":"Lazers Linear-serie: Smal, aerodynamisk och kraftfull LED-ramp Lazers Linear-serie erbjuder en exklusiv upps\u00e4ttning av extraljusrampar, tillg\u00e4ngliga i b\u00e5de Standard- och Elite-versioner. Med en kombination av maximal ljusprestanda och en tunn, aerodynamisk design, passar dessa rampar perfekt f\u00f6r daglig anv\u00e4ndning. Dessutom, tack vare de medf\u00f6ljande rostfria st\u00e5lh\u00e5llarna, \u00e4r ramparna l\u00e4tta att installera och ger enast\u00e5ende belysning [&hellip;]","og_url":"https:\/\/xenonkungen.com\/nl\/product\/laser-lineair-48-standaard-led-extra-licht-ramp-51-1282-mm\/","og_site_name":"Xenonkungen","article_modified_time":"2026-04-24T16:29:09+00:00","og_image":[{"width":1000,"height":750,"url":"https:\/\/xenonkungen.com\/wp-content\/uploads\/2025\/04\/188148733-origpic-4415b0.jpg","type":"image\/jpeg"}],"twitter_card":"summary_large_image","twitter_misc":{"Geschatte leestijd":"1 minuut"},"schema":{"@context":"https:\/\/schema.org","@graph":[{"@type":"WebPage","@id":"https:\/\/xenonkungen.com\/produkt\/lazer-linear-48-std-led-extraljusramp-51-1282-mm\/","url":"https:\/\/xenonkungen.com\/produkt\/lazer-linear-48-std-led-extraljusramp-51-1282-mm\/","name":"Lazer Linear 48 Std LED extra lichtramp 51&quot; (1282 mm) - De Xenon Koning","isPartOf":{"@id":"https:\/\/xenonkungen.com\/#website"},"primaryImageOfPage":{"@id":"https:\/\/xenonkungen.com\/produkt\/lazer-linear-48-std-led-extraljusramp-51-1282-mm\/#primaryimage"},"image":{"@id":"https:\/\/xenonkungen.com\/produkt\/lazer-linear-48-std-led-extraljusramp-51-1282-mm\/#primaryimage"},"thumbnailUrl":"https:\/\/xenonkungen.com\/wp-content\/uploads\/2025\/04\/188148733-origpic-4415b0.jpg","datePublished":"2025-04-15T09:46:04+00:00","dateModified":"2026-04-24T16:29:09+00:00","breadcrumb":{"@id":"https:\/\/xenonkungen.com\/produkt\/lazer-linear-48-std-led-extraljusramp-51-1282-mm\/#breadcrumb"},"inLanguage":"nl-NL","potentialAction":[{"@type":"ReadAction","target":["https:\/\/xenonkungen.com\/produkt\/lazer-linear-48-std-led-extraljusramp-51-1282-mm\/"]}]},{"@type":"ImageObject","inLanguage":"nl-NL","@id":"https:\/\/xenonkungen.com\/produkt\/lazer-linear-48-std-led-extraljusramp-51-1282-mm\/#primaryimage","url":"https:\/\/xenonkungen.com\/wp-content\/uploads\/2025\/04\/188148733-origpic-4415b0.jpg","contentUrl":"https:\/\/xenonkungen.com\/wp-content\/uploads\/2025\/04\/188148733-origpic-4415b0.jpg","width":1000,"height":750},{"@type":"BreadcrumbList","@id":"https:\/\/xenonkungen.com\/produkt\/lazer-linear-48-std-led-extraljusramp-51-1282-mm\/#breadcrumb","itemListElement":[{"@type":"ListItem","position":1,"name":"Hem","item":"https:\/\/xenonkungen.com\/"},{"@type":"ListItem","position":2,"name":"Shop","item":"https:\/\/xenonkungen.com\/shop\/"},{"@type":"ListItem","position":3,"name":"Lazer Linear 48 Std LED extraljusramp 51&#8243; (1282 mm)"}]},{"@type":"WebSite","@id":"https:\/\/xenonkungen.com\/#website","url":"https:\/\/xenonkungen.com\/","name":"Xenonkungen","description":"","potentialAction":[{"@type":"SearchAction","target":{"@type":"EntryPoint","urlTemplate":"https:\/\/xenonkungen.com\/?s={search_term_string}"},"query-input":{"@type":"PropertyValueSpecification","valueRequired":true,"valueName":"search_term_string"}}],"inLanguage":"nl-NL"}]}},"taxonomy_info":{"product_brand":[{"value":1124,"label":"Lazer"}],"product_cat":[{"value":2561,"label":"Lazer"},{"value":2966,"label":"Ledramp Rak"},{"value":2539,"label":"LEDRAMPER"},{"value":2166,"label":"LAZER LINEAR"}],"product_tag":[{"value":2735,"label":"Lazer"}],"pa_fargtemperatur":[{"value":154,"label":"5000K"}],"pa_fuktskydd-varde-ipxx":[{"value":333,"label":"IP67"}],"pa_lampsockel-kontakt":[{"value":1122,"label":"Superseal"}],"pa_led-chips-effekt-w":[{"value":1751,"label":"168"}],"pa_storlek-mm":[{"value":1754,"label":"1282x40x62"}],"pa_stromforbrukning":[{"value":1752,"label":"11,7A@14,4V"}],"pa_volt-v":[{"value":1084,"label":"Multivolt, 10, 12, 16, 18, 24, 28, 30, 32"}]},"featured_image_src_large":["https:\/\/xenonkungen.com\/wp-content\/uploads\/2025\/04\/188148733-origpic-4415b0.jpg",1000,750,false],"author_info":[],"comment_info":0,"_links":{"self":[{"href":"https:\/\/xenonkungen.com\/nl\/wp-json\/wp\/v2\/product\/6385","targetHints":{"allow":["GET"]}}],"collection":[{"href":"https:\/\/xenonkungen.com\/nl\/wp-json\/wp\/v2\/product"}],"about":[{"href":"https:\/\/xenonkungen.com\/nl\/wp-json\/wp\/v2\/types\/product"}],"replies":[{"embeddable":true,"href":"https:\/\/xenonkungen.com\/nl\/wp-json\/wp\/v2\/comments?post=6385"}],"wp:featuredmedia":[{"embeddable":true,"href":"https:\/\/xenonkungen.com\/nl\/wp-json\/wp\/v2\/media\/6386"}],"wp:attachment":[{"href":"https:\/\/xenonkungen.com\/nl\/wp-json\/wp\/v2\/media?parent=6385"}],"wp:term":[{"taxonomy":"anvandningsomrade","embeddable":true,"href":"https:\/\/xenonkungen.com\/nl\/wp-json\/wp\/v2\/anvandningsomrade?post=6385"},{"taxonomy":"bilmarken","embeddable":true,"href":"https:\/\/xenonkungen.com\/nl\/wp-json\/wp\/v2\/bilmarken?post=6385"},{"taxonomy":"product_brand","embeddable":true,"href":"https:\/\/xenonkungen.com\/nl\/wp-json\/wp\/v2\/product_brand?post=6385"},{"taxonomy":"product_cat","embeddable":true,"href":"https:\/\/xenonkungen.com\/nl\/wp-json\/wp\/v2\/product_cat?post=6385"},{"taxonomy":"product_tag","embeddable":true,"href":"https:\/\/xenonkungen.com\/nl\/wp-json\/wp\/v2\/product_tag?post=6385"}],"curies":[{"name":"wp","href":"https:\/\/api.w.org\/{rel}","templated":true}]}}