{"id":6463,"date":"2025-04-15T09:46:38","date_gmt":"2025-04-15T09:46:38","guid":{"rendered":"https:\/\/xenonkungen.com\/product\/lazer-triple-r-1250-smartview-extraljusramp-23-590-mm-2\/"},"modified":"2026-04-24T17:29:35","modified_gmt":"2026-04-24T16:29:35","slug":"laser-triple-r-1250-smartview-extra-licht-ramp-23-590-mm-2","status":"publish","type":"product","link":"https:\/\/xenonkungen.com\/nl\/product\/laser-triple-r-1250-smartview-extra-licht-ramp-23-590-mm-2\/","title":{"rendered":"Lazer Triple-R 1250 Smartview extra lichtbalk 23\u2033 (590 mm)"},"content":{"rendered":"<h1>Lazer Triple-R 1250 Smartview \u2013 Geavanceerde LED-balk met vijf verschillende lichtstanden<\/h1>\n<p>De Lazer Triple-R 1250 Smartview is de meest geavanceerde ledlamp in de Triple-R-serie met vijf verschillende lichtstanden die kunnen worden bediend met een aparte controller die u in de auto kunt installeren. Hoewel de Smartview de meeste uiterlijke kenmerken deelt met zijn voorgangers in de Triple-R-serie, is het het elektrische ontwerp dat de Smartview echt uniek maakt met functies die het rijden vergemakkelijken en zorgen voor een zichtbaarheid van wereldklasse en verlichting op maat!<\/p>\n<p>U kunt schakelen tussen de vijf volgende modi:<\/p>\n<ul>\n<li>E-gemarkeerde energiemodus \u2013 voor legaal gebruik op alle Europese wegen.<\/li>\n<li>E-boost-modus \u2013 voor maximale helderheid, mag alleen offroad worden gebruikt.<\/li>\n<li>Snelheidsaanpassingsmodus: het lichtpatroon past zich aan uw snelheid aan bij 50-80 km\/u (vereist CanM8 Duo Interface).<\/li>\n<li>Dichtbijzichtmodus \u2013 biedt een brede lichtbundel direct voor het voertuig. Geschikt voor gebruik bij slecht zicht, zoals mist of sneeuw.<\/li>\n<li>Dynamic Dip \u2013 zorgt voor een vloeiendere overgang en zorgt ervoor dat uw ogen zich kunnen aanpassen bij het schakelen tussen grootlicht en dimlicht bij de overgang naar de modus voor dichtbijzicht.<\/li>\n<\/ul>\n<p>De Triple-R 1250 Smartview wordt bediend door een bedieningseenheid die met de meegeleverde pinnen aan het dashboard van het voertuig kan worden bevestigd. Het paneel wordt direct geactiveerd wanneer het contact wordt ingeschakeld en de verlichte pictogrammen geven duidelijk de verschillende verlichtingsmodi van de oprijplaat weer. De oprijplaat is uitgerust met een unieke antidiefstalvoorziening voor lampen. Dit betekent dat de lamp niet meer werkt als de oprijplaat zonder antidiefstalvoorziening wordt verwijderd.<\/p>\n<p>Met 5 jaar functionele garantie kunt u er zeker van zijn dat de Lazer Triple-R 1250 Smartview een betrouwbare en hoogwaardige LED-helling is die langdurig uitstekende verlichting en zichtbaarheid biedt!<\/p>","protected":false},"excerpt":{"rendered":"<p>Lazer Triple-R 1250 Smartview &#8211; Avancerad LED-ramp med fem olika ljusl\u00e4gen Lazer Triple-R 1250 Smartview \u00e4r den mest avancerade LED-rampen i Triple-R-serien med fem olika ljusl\u00e4gen som kan styras av en separat styrenhet som du kan installera inne i bilen. Medan Smartview-rampen delar de flesta av de yttre egenskaperna med sina syskon i Triple-R-serien, \u00e4r [&hellip;]<\/p>","protected":false},"featured_media":6464,"comment_status":"closed","ping_status":"closed","template":"","meta":{"_acf_changed":false,"_smort_price_nok":"10895","_smort_price_dkk":"6921","_smort_price_eur":"927.23","_smort_sale_price_nok":"","_smort_sale_price_dkk":"","_smort_sale_price_eur":"","smort_restorder":"","shipmondo_restorder":"","_kad_blocks_custom_css":"","_kad_blocks_head_custom_js":"","_kad_blocks_body_custom_js":"","_kad_blocks_footer_custom_js":"","smort_custom_pricelist_1":"6528","smort_custom_pricelist_2":"6528","smort_custom_pricelist_3":"6528","smort_custom_pricelist_4":"8160","smort_custom_pricelist_5":"6528"},"anvandningsomrade":[165,236,237,207,166,234,167,238,235],"bilmarken":[208,240,194,241,242,195,243,209,244,245,246,247,248,210,249,196,250,251,252,253,197,211,254,212,255,256,257,258,259,213,260,261,198,262,263,264,265,266,267,199,268,269,270,271,200,272,273,274,215,275,276,277,278,201,279,202,280,281,216,282,203,283,284,285,286,204,217,218,287,288,289,290,219,205,169,291],"product_brand":[1124],"product_cat":[2966,2539],"product_tag":[2735],"class_list":{"0":"post-6463","1":"product","2":"type-product","3":"status-publish","4":"has-post-thumbnail","6":"anvandningsomrade-atv","7":"anvandningsomrade-entreprenad","8":"anvandningsomrade-fritid","9":"anvandningsomrade-husbil","10":"anvandningsomrade-lastbil","11":"anvandningsomrade-mc","12":"anvandningsomrade-personbil","13":"anvandningsomrade-slap","14":"anvandningsomrade-snoskoter","15":"bilmarken-abarth","16":"bilmarken-acura","17":"bilmarken-alfa-romeo","18":"bilmarken-alpina","19":"bilmarken-aston-martin","20":"bilmarken-audi","21":"bilmarken-bentley","22":"bilmarken-bmw","23":"bilmarken-bugatti","24":"bilmarken-buick","25":"bilmarken-cadillac","26":"bilmarken-chevrolet","27":"bilmarken-chrysler","28":"bilmarken-citroen","29":"bilmarken-cupra","30":"bilmarken-dacia","31":"bilmarken-daewoo","32":"bilmarken-daihatsu","33":"bilmarken-dodge","34":"bilmarken-ds","35":"bilmarken-ferrari","36":"bilmarken-fiat","37":"bilmarken-fisker","38":"bilmarken-ford","39":"bilmarken-geely","40":"bilmarken-genesis","41":"bilmarken-gmc","42":"bilmarken-honda","43":"bilmarken-hummer","44":"bilmarken-hyundai","45":"bilmarken-infiniti","46":"bilmarken-isuzu","47":"bilmarken-iveco","48":"bilmarken-jaguar","49":"bilmarken-jeep","50":"bilmarken-kia","51":"bilmarken-koenigsegg","52":"bilmarken-lada","53":"bilmarken-lamborghini","54":"bilmarken-lancia","55":"bilmarken-land-rover","56":"bilmarken-lexus","57":"bilmarken-lincoln","58":"bilmarken-lotus","59":"bilmarken-maserati","60":"bilmarken-maxus","61":"bilmarken-mazda","62":"bilmarken-mclaren","63":"bilmarken-mercedes-benz","64":"bilmarken-mg","65":"bilmarken-mini","66":"bilmarken-mitsubishi","67":"bilmarken-nissan","68":"bilmarken-opel","69":"bilmarken-pagani","70":"bilmarken-peugeot","71":"bilmarken-polestar","72":"bilmarken-pontiac","73":"bilmarken-porsche","74":"bilmarken-ram","75":"bilmarken-renault","76":"bilmarken-rivian","77":"bilmarken-rolls-royce","78":"bilmarken-rover","79":"bilmarken-saab","80":"bilmarken-seat","81":"bilmarken-skoda","82":"bilmarken-smart","83":"bilmarken-ssangyong","84":"bilmarken-subaru","85":"bilmarken-suzuki","86":"bilmarken-tesla","87":"bilmarken-toyota","88":"bilmarken-volkswagen","89":"bilmarken-volvo","90":"bilmarken-wiesmann","91":"product_brand-lazer","92":"product_cat-ledramp-rak","93":"product_cat-ledramper","94":"product_tag-lazer","95":"pa_fargtemperatur-5000k","96":"pa_fuktskydd-varde-ipxx-ip67","97":"pa_lampsockel-kontakt-superseal","98":"pa_led-chips-effekt-w-1033","99":"pa_storlek-mm-590x73x105","100":"pa_volt-v-multivolt-10-12-16-18-24-28-30-32","102":"first","103":"onbackorder","104":"taxable","105":"shipping-taxable","106":"purchasable","107":"product-type-simple"},"bundled_by":[],"bundle_stock_status":"onbackorder","bundle_stock_quantity":0,"bundle_virtual":false,"bundle_layout":"","bundle_add_to_cart_form_location":"","bundle_editable_in_cart":false,"bundle_sold_individually_context":"","bundle_item_grouping":"","bundle_min_size":"","bundle_max_size":"","bundle_price":[],"bundled_items":[],"bundle_sell_ids":[],"acf":[],"yoast_head":"<!-- This site is optimized with the Yoast SEO plugin v27.0 - https:\/\/yoast.com\/product\/yoast-seo-wordpress\/ -->\n<title>Lazer Triple-R 1250 Smartview extraljusramp 23&quot; (590 mm) - Xenonkungen<\/title>\n<meta name=\"robots\" content=\"index, follow, max-snippet:-1, max-image-preview:large, max-video-preview:-1\" \/>\n<link rel=\"canonical\" href=\"https:\/\/xenonkungen.com\/nl\/product\/laser-triple-r-1250-smartview-extra-licht-ramp-23-590-mm-2\/\" \/>\n<meta property=\"og:locale\" content=\"nl_NL\" \/>\n<meta property=\"og:type\" content=\"article\" \/>\n<meta property=\"og:title\" content=\"Lazer Triple-R 1250 Smartview extraljusramp 23&quot; (590 mm) - Xenonkungen\" \/>\n<meta property=\"og:description\" content=\"Lazer Triple-R 1250 Smartview &#8211; Avancerad LED-ramp med fem olika ljusl\u00e4gen Lazer Triple-R 1250 Smartview \u00e4r den mest avancerade LED-rampen i Triple-R-serien med fem olika ljusl\u00e4gen som kan styras av en separat styrenhet som du kan installera inne i bilen. Medan Smartview-rampen delar de flesta av de yttre egenskaperna med sina syskon i Triple-R-serien, \u00e4r [&hellip;]\" \/>\n<meta property=\"og:url\" content=\"https:\/\/xenonkungen.com\/nl\/product\/laser-triple-r-1250-smartview-extra-licht-ramp-23-590-mm-2\/\" \/>\n<meta property=\"og:site_name\" content=\"Xenonkungen\" \/>\n<meta property=\"article:modified_time\" content=\"2026-04-24T16:29:35+00:00\" \/>\n<meta property=\"og:image\" content=\"https:\/\/xenonkungen.com\/wp-content\/uploads\/2025\/04\/triple-r_1250_gen2_-_angled_-_web_1.jpg\" \/>\n\t<meta property=\"og:image:width\" content=\"1000\" \/>\n\t<meta property=\"og:image:height\" content=\"750\" \/>\n\t<meta property=\"og:image:type\" content=\"image\/jpeg\" \/>\n<meta name=\"twitter:card\" content=\"summary_large_image\" \/>\n<meta name=\"twitter:label1\" content=\"Geschatte leestijd\" \/>\n\t<meta name=\"twitter:data1\" content=\"2 minuten\" \/>\n<script type=\"application\/ld+json\" class=\"yoast-schema-graph\">{\"@context\":\"https:\/\/schema.org\",\"@graph\":[{\"@type\":\"WebPage\",\"@id\":\"https:\/\/xenonkungen.com\/produkt\/lazer-triple-r-1250-smartview-extraljusramp-23-590-mm-2\/\",\"url\":\"https:\/\/xenonkungen.com\/produkt\/lazer-triple-r-1250-smartview-extraljusramp-23-590-mm-2\/\",\"name\":\"Lazer Triple-R 1250 Smartview extraljusramp 23\\\" (590 mm) - Xenonkungen\",\"isPartOf\":{\"@id\":\"https:\/\/xenonkungen.com\/#website\"},\"primaryImageOfPage\":{\"@id\":\"https:\/\/xenonkungen.com\/produkt\/lazer-triple-r-1250-smartview-extraljusramp-23-590-mm-2\/#primaryimage\"},\"image\":{\"@id\":\"https:\/\/xenonkungen.com\/produkt\/lazer-triple-r-1250-smartview-extraljusramp-23-590-mm-2\/#primaryimage\"},\"thumbnailUrl\":\"https:\/\/xenonkungen.com\/wp-content\/uploads\/2025\/04\/triple-r_1250_gen2_-_angled_-_web_1.jpg\",\"datePublished\":\"2025-04-15T09:46:38+00:00\",\"dateModified\":\"2026-04-24T16:29:35+00:00\",\"breadcrumb\":{\"@id\":\"https:\/\/xenonkungen.com\/produkt\/lazer-triple-r-1250-smartview-extraljusramp-23-590-mm-2\/#breadcrumb\"},\"inLanguage\":\"nl-NL\",\"potentialAction\":[{\"@type\":\"ReadAction\",\"target\":[\"https:\/\/xenonkungen.com\/produkt\/lazer-triple-r-1250-smartview-extraljusramp-23-590-mm-2\/\"]}]},{\"@type\":\"ImageObject\",\"inLanguage\":\"nl-NL\",\"@id\":\"https:\/\/xenonkungen.com\/produkt\/lazer-triple-r-1250-smartview-extraljusramp-23-590-mm-2\/#primaryimage\",\"url\":\"https:\/\/xenonkungen.com\/wp-content\/uploads\/2025\/04\/triple-r_1250_gen2_-_angled_-_web_1.jpg\",\"contentUrl\":\"https:\/\/xenonkungen.com\/wp-content\/uploads\/2025\/04\/triple-r_1250_gen2_-_angled_-_web_1.jpg\",\"width\":1000,\"height\":750},{\"@type\":\"BreadcrumbList\",\"@id\":\"https:\/\/xenonkungen.com\/produkt\/lazer-triple-r-1250-smartview-extraljusramp-23-590-mm-2\/#breadcrumb\",\"itemListElement\":[{\"@type\":\"ListItem\",\"position\":1,\"name\":\"Hem\",\"item\":\"https:\/\/xenonkungen.com\/\"},{\"@type\":\"ListItem\",\"position\":2,\"name\":\"Shop\",\"item\":\"https:\/\/xenonkungen.com\/shop\/\"},{\"@type\":\"ListItem\",\"position\":3,\"name\":\"Lazer Triple-R 1250 Smartview extraljusramp 23&#8243; (590 mm)\"}]},{\"@type\":\"WebSite\",\"@id\":\"https:\/\/xenonkungen.com\/#website\",\"url\":\"https:\/\/xenonkungen.com\/\",\"name\":\"Xenonkungen\",\"description\":\"\",\"potentialAction\":[{\"@type\":\"SearchAction\",\"target\":{\"@type\":\"EntryPoint\",\"urlTemplate\":\"https:\/\/xenonkungen.com\/?s={search_term_string}\"},\"query-input\":{\"@type\":\"PropertyValueSpecification\",\"valueRequired\":true,\"valueName\":\"search_term_string\"}}],\"inLanguage\":\"nl-NL\"}]}<\/script>\n<!-- \/ Yoast SEO plugin. -->","yoast_head_json":{"title":"Lazer Triple-R 1250 Smartview extra lichtbalk 23&quot; (590 mm) - De Xenon Koning","robots":{"index":"index","follow":"follow","max-snippet":"max-snippet:-1","max-image-preview":"max-image-preview:large","max-video-preview":"max-video-preview:-1"},"canonical":"https:\/\/xenonkungen.com\/nl\/product\/laser-triple-r-1250-smartview-extra-licht-ramp-23-590-mm-2\/","og_locale":"nl_NL","og_type":"article","og_title":"Lazer Triple-R 1250 Smartview extraljusramp 23\" (590 mm) - Xenonkungen","og_description":"Lazer Triple-R 1250 Smartview &#8211; Avancerad LED-ramp med fem olika ljusl\u00e4gen Lazer Triple-R 1250 Smartview \u00e4r den mest avancerade LED-rampen i Triple-R-serien med fem olika ljusl\u00e4gen som kan styras av en separat styrenhet som du kan installera inne i bilen. Medan Smartview-rampen delar de flesta av de yttre egenskaperna med sina syskon i Triple-R-serien, \u00e4r [&hellip;]","og_url":"https:\/\/xenonkungen.com\/nl\/product\/laser-triple-r-1250-smartview-extra-licht-ramp-23-590-mm-2\/","og_site_name":"Xenonkungen","article_modified_time":"2026-04-24T16:29:35+00:00","og_image":[{"width":1000,"height":750,"url":"https:\/\/xenonkungen.com\/wp-content\/uploads\/2025\/04\/triple-r_1250_gen2_-_angled_-_web_1.jpg","type":"image\/jpeg"}],"twitter_card":"summary_large_image","twitter_misc":{"Geschatte leestijd":"2 minuten"},"schema":{"@context":"https:\/\/schema.org","@graph":[{"@type":"WebPage","@id":"https:\/\/xenonkungen.com\/produkt\/lazer-triple-r-1250-smartview-extraljusramp-23-590-mm-2\/","url":"https:\/\/xenonkungen.com\/produkt\/lazer-triple-r-1250-smartview-extraljusramp-23-590-mm-2\/","name":"Lazer Triple-R 1250 Smartview extra lichtbalk 23&quot; (590 mm) - De Xenon Koning","isPartOf":{"@id":"https:\/\/xenonkungen.com\/#website"},"primaryImageOfPage":{"@id":"https:\/\/xenonkungen.com\/produkt\/lazer-triple-r-1250-smartview-extraljusramp-23-590-mm-2\/#primaryimage"},"image":{"@id":"https:\/\/xenonkungen.com\/produkt\/lazer-triple-r-1250-smartview-extraljusramp-23-590-mm-2\/#primaryimage"},"thumbnailUrl":"https:\/\/xenonkungen.com\/wp-content\/uploads\/2025\/04\/triple-r_1250_gen2_-_angled_-_web_1.jpg","datePublished":"2025-04-15T09:46:38+00:00","dateModified":"2026-04-24T16:29:35+00:00","breadcrumb":{"@id":"https:\/\/xenonkungen.com\/produkt\/lazer-triple-r-1250-smartview-extraljusramp-23-590-mm-2\/#breadcrumb"},"inLanguage":"nl-NL","potentialAction":[{"@type":"ReadAction","target":["https:\/\/xenonkungen.com\/produkt\/lazer-triple-r-1250-smartview-extraljusramp-23-590-mm-2\/"]}]},{"@type":"ImageObject","inLanguage":"nl-NL","@id":"https:\/\/xenonkungen.com\/produkt\/lazer-triple-r-1250-smartview-extraljusramp-23-590-mm-2\/#primaryimage","url":"https:\/\/xenonkungen.com\/wp-content\/uploads\/2025\/04\/triple-r_1250_gen2_-_angled_-_web_1.jpg","contentUrl":"https:\/\/xenonkungen.com\/wp-content\/uploads\/2025\/04\/triple-r_1250_gen2_-_angled_-_web_1.jpg","width":1000,"height":750},{"@type":"BreadcrumbList","@id":"https:\/\/xenonkungen.com\/produkt\/lazer-triple-r-1250-smartview-extraljusramp-23-590-mm-2\/#breadcrumb","itemListElement":[{"@type":"ListItem","position":1,"name":"Hem","item":"https:\/\/xenonkungen.com\/"},{"@type":"ListItem","position":2,"name":"Shop","item":"https:\/\/xenonkungen.com\/shop\/"},{"@type":"ListItem","position":3,"name":"Lazer Triple-R 1250 Smartview extraljusramp 23&#8243; (590 mm)"}]},{"@type":"WebSite","@id":"https:\/\/xenonkungen.com\/#website","url":"https:\/\/xenonkungen.com\/","name":"Xenonkungen","description":"","potentialAction":[{"@type":"SearchAction","target":{"@type":"EntryPoint","urlTemplate":"https:\/\/xenonkungen.com\/?s={search_term_string}"},"query-input":{"@type":"PropertyValueSpecification","valueRequired":true,"valueName":"search_term_string"}}],"inLanguage":"nl-NL"}]}},"taxonomy_info":{"anvandningsomrade":[{"value":165,"label":"ATV"},{"value":236,"label":"Entreprenad"},{"value":237,"label":"Fritid"},{"value":207,"label":"Husbil"},{"value":166,"label":"Lastbil"},{"value":234,"label":"MC"},{"value":167,"label":"PERSONBIL"},{"value":238,"label":"SL\u00c4P"},{"value":235,"label":"SN\u00d6SKOTER"}],"bilmarken":[{"value":208,"label":"Abarth"},{"value":240,"label":"Acura"},{"value":194,"label":"Alfa Romeo"},{"value":241,"label":"Alpina"},{"value":242,"label":"Aston Martin"},{"value":195,"label":"Audi"},{"value":243,"label":"Bentley"},{"value":209,"label":"BMW"},{"value":244,"label":"Bugatti"},{"value":245,"label":"Buick"},{"value":246,"label":"Cadillac"},{"value":247,"label":"Chevrolet"},{"value":248,"label":"Chrysler"},{"value":210,"label":"Citroen"},{"value":249,"label":"Cupra"},{"value":196,"label":"Dacia"},{"value":250,"label":"Daewoo"},{"value":251,"label":"Daihatsu"},{"value":252,"label":"Dodge"},{"value":253,"label":"DS"},{"value":197,"label":"Ferrari"},{"value":211,"label":"Fiat"},{"value":254,"label":"Fisker"},{"value":212,"label":"Ford"},{"value":255,"label":"Geely"},{"value":256,"label":"Genesis"},{"value":257,"label":"GMC"},{"value":258,"label":"Honda"},{"value":259,"label":"Hummer"},{"value":213,"label":"Hyundai"},{"value":260,"label":"Infiniti"},{"value":261,"label":"Isuzu"},{"value":198,"label":"Iveco"},{"value":262,"label":"Jaguar"},{"value":263,"label":"Jeep"},{"value":264,"label":"Kia"},{"value":265,"label":"Koenigsegg"},{"value":266,"label":"Lada"},{"value":267,"label":"Lamborghini"},{"value":199,"label":"Lancia"},{"value":268,"label":"Land Rover"},{"value":269,"label":"Lexus"},{"value":270,"label":"Lincoln"},{"value":271,"label":"Lotus"},{"value":200,"label":"Maserati"},{"value":272,"label":"Maxus"},{"value":273,"label":"Mazda"},{"value":274,"label":"McLaren"},{"value":215,"label":"Mercedes-Benz"},{"value":275,"label":"MG"},{"value":276,"label":"Mini"},{"value":277,"label":"Mitsubishi"},{"value":278,"label":"Nissan"},{"value":201,"label":"Opel"},{"value":279,"label":"Pagani"},{"value":202,"label":"Peugeot"},{"value":280,"label":"Polestar"},{"value":281,"label":"Pontiac"},{"value":216,"label":"Porsche"},{"value":282,"label":"RAM"},{"value":203,"label":"Renault"},{"value":283,"label":"Rivian"},{"value":284,"label":"Rolls-Royce"},{"value":285,"label":"Rover"},{"value":286,"label":"Saab"},{"value":204,"label":"Seat"},{"value":217,"label":"Skoda"},{"value":218,"label":"Smart"},{"value":287,"label":"SsangYong"},{"value":288,"label":"Subaru"},{"value":289,"label":"Suzuki"},{"value":290,"label":"Tesla"},{"value":219,"label":"Toyota"},{"value":205,"label":"Volkswagen"},{"value":169,"label":"volvo"},{"value":291,"label":"Wiesmann"}],"product_brand":[{"value":1124,"label":"Lazer"}],"product_cat":[{"value":2966,"label":"Ledramp Rak"},{"value":2539,"label":"LEDRAMPER"}],"product_tag":[{"value":2735,"label":"Lazer"}],"pa_fargtemperatur":[{"value":154,"label":"5000K"}],"pa_fuktskydd-varde-ipxx":[{"value":333,"label":"IP67"}],"pa_lampsockel-kontakt":[{"value":1122,"label":"Superseal"}],"pa_led-chips-effekt-w":[{"value":1033,"label":"105"}],"pa_storlek-mm":[{"value":1354,"label":"590x73x105"}],"pa_volt-v":[{"value":1084,"label":"Multivolt, 10, 12, 16, 18, 24, 28, 30, 32"}]},"featured_image_src_large":["https:\/\/xenonkungen.com\/wp-content\/uploads\/2025\/04\/triple-r_1250_gen2_-_angled_-_web_1.jpg",1000,750,false],"author_info":[],"comment_info":0,"_links":{"self":[{"href":"https:\/\/xenonkungen.com\/nl\/wp-json\/wp\/v2\/product\/6463","targetHints":{"allow":["GET"]}}],"collection":[{"href":"https:\/\/xenonkungen.com\/nl\/wp-json\/wp\/v2\/product"}],"about":[{"href":"https:\/\/xenonkungen.com\/nl\/wp-json\/wp\/v2\/types\/product"}],"replies":[{"embeddable":true,"href":"https:\/\/xenonkungen.com\/nl\/wp-json\/wp\/v2\/comments?post=6463"}],"wp:featuredmedia":[{"embeddable":true,"href":"https:\/\/xenonkungen.com\/nl\/wp-json\/wp\/v2\/media\/6464"}],"wp:attachment":[{"href":"https:\/\/xenonkungen.com\/nl\/wp-json\/wp\/v2\/media?parent=6463"}],"wp:term":[{"taxonomy":"anvandningsomrade","embeddable":true,"href":"https:\/\/xenonkungen.com\/nl\/wp-json\/wp\/v2\/anvandningsomrade?post=6463"},{"taxonomy":"bilmarken","embeddable":true,"href":"https:\/\/xenonkungen.com\/nl\/wp-json\/wp\/v2\/bilmarken?post=6463"},{"taxonomy":"product_brand","embeddable":true,"href":"https:\/\/xenonkungen.com\/nl\/wp-json\/wp\/v2\/product_brand?post=6463"},{"taxonomy":"product_cat","embeddable":true,"href":"https:\/\/xenonkungen.com\/nl\/wp-json\/wp\/v2\/product_cat?post=6463"},{"taxonomy":"product_tag","embeddable":true,"href":"https:\/\/xenonkungen.com\/nl\/wp-json\/wp\/v2\/product_tag?post=6463"}],"curies":[{"name":"wp","href":"https:\/\/api.w.org\/{rel}","templated":true}]}}