{"id":6727,"date":"2025-04-15T09:48:52","date_gmt":"2025-04-15T09:48:52","guid":{"rendered":"https:\/\/xenonkungen.com\/product\/rund-sidomarkering-28mm-gul\/"},"modified":"2026-04-17T12:08:14","modified_gmt":"2026-04-17T11:08:14","slug":"ronde-zijmarkering-28-mm-geel","status":"publish","type":"product","link":"https:\/\/xenonkungen.com\/nl\/product\/ronde-zijmarkering-28-mm-geel\/","title":{"rendered":"Ronde zijmarkering 28mm Geel"},"content":{"rendered":"<div class=\"container\">\n<h1>Duurzaam rond LED voormarkeringslicht met oranje\/geel licht<\/h1>\n<p>Deze ronde frontmarkeringslamp is uitgerust met 3 LED's die een helder oranje\/geel licht uitstralen, perfect om de bestaande verlichting van je voertuig te verbeteren of aan te vullen. Het lage profiel en de robuuste constructie maken het een ideale keuze voor een verscheidenheid aan voertuigen, van vrachtwagens tot aanhangwagens, en ook als aanvulling op bestaande frontmarkeringen.<\/p>\n<p>Deze markeringslamp is gemaakt van duurzaam plastic en beschermd door een zware rubberen behuizing, ontworpen om zware omstandigheden te weerstaan. De ommantelde aansluitkabel draagt bij aan een veilige en duurzame installatie. De lamp is geschikt voor meerdere voltages, wat betekent dat hij compatibel is met zowel 12V- als 24V-systemen, wat een flexibele oplossing biedt voor verschillende voertuigtypes.<\/p>\n<h2>Specificaties<\/h2>\n<ul>\n<li>Lichtbron: 3 LED's voor intens oranje\/geel licht<\/li>\n<li>Constructie: kunststof met rubberen behuizing voor zwaar gebruik en ommantelde kabel<\/li>\n<li>Functie: Multivolt, geschikt voor zowel 12V- als 24V-systemen<\/li>\n<li>Duurzaamheid: onderdompelbaar, roestbestendig, schokbestendig, met levenslang verzegelde elektronica<\/li>\n<li>Kleuropties: verkrijgbaar in meerdere kleuren voor verschillende toepassingen<\/li>\n<\/ul>\n<h2>Kenmerken en voordelen<\/h2>\n<p>Met zijn moderne design en geavanceerde technologie biedt deze koplamp een superieure oplossing om de zichtbaarheid en veiligheid van je voertuig te vergroten. Hij is niet alleen energiezuinig dankzij de LED-technologie, maar ook extreem duurzaam dankzij de roestvrijstalen en slagvaste constructie. De levenslange verzegelde elektronica zorgt voor langdurige prestaties en betrouwbaarheid onder alle omstandigheden.<\/p>\n<ul>\n<li>Verhoogde veiligheid en zichtbaarheid met intens oranje\/geel LED-licht<\/li>\n<li>Laag profiel en robuuste constructie voor duurzaamheid en discrete installatie<\/li>\n<li>Flexibel gebruik op een groot aantal voertuigen<\/li>\n<li>Eenvoudige installatie met bekabeling voor langdurig gebruik<\/li>\n<li>Levenslang afgedichte elektronica voor de best mogelijke duurzaamheid en prestaties<\/li>\n<\/ul>\n<\/div>\n<p><strong>Specificaties<\/strong><br \/><strong>Spanning (Volt):<\/strong> 12V-24V<br \/><strong>Lichtbron:<\/strong> LED<br \/><strong>Stroomverbruik (Amp\u00e8re):<br \/><\/strong>- 0,02A bij 13,8V<br \/>- 0,03A bij 28V<br \/><strong>Lichte kleur:<\/strong> Oranje\/Geel<br \/><strong>Bescherming tegen vocht:<\/strong> IP67<br \/><strong>Toegestaan onder:<\/strong> ECE E9<br \/><strong>Maat<\/strong>28\u00d725 mm (Projectie van de rand van het rubber naar de bovenkant is 3 mm)<\/p>\n<p><strong>Goed om te weten<\/strong><br \/>Kabellengte is 20cm<br \/>Het installeren moet gebeuren op een vlakke ondergrond. Boor vervolgens een gat van 20 mm om de rubberen ommanteling te kunnen aanbrengen. <br \/>Dit product is ook verkrijgbaar in een versie met twee pennen <a href=\"https:\/\/www.xenonkungen.com\/se\/produkter\/yrke-proffs\/kablage\/markeringslampor-for-kabelsystem\/rund-sidomarkering-28mm-2pin.html\" target=\"_blank\" rel=\"noopener\">LEA-181AME2P<\/a><\/p>\n<p><strong>Inhoud levering<\/strong><br \/>1e markering voorkant Oranje\/Geel<\/p>\n<p><strong>Garantie<\/strong><br \/>5 jaar functionele garantie<\/p>","protected":false},"excerpt":{"rendered":"<p><b>Klein formaat<\/b><\/p>\n<p><b>Goedgekeurd voor gebruik op wegen<\/b><\/p>\n<p><b>5 jaar functionele garantie<\/b><\/p>\n<p><b>Multivolt<\/b><\/p>\n<p><b>laag energieverbruik<\/b><\/p>","protected":false},"featured_media":6728,"comment_status":"closed","ping_status":"open","template":"","meta":{"_acf_changed":false,"_smort_price_nok":"141","_smort_price_dkk":"90","_smort_price_eur":"12","_smort_sale_price_nok":"","_smort_sale_price_dkk":"","_smort_sale_price_eur":"","smort_restorder":"","shipmondo_restorder":"","_kad_blocks_custom_css":"","_kad_blocks_head_custom_js":"","_kad_blocks_body_custom_js":"","_kad_blocks_footer_custom_js":"","smort_custom_pricelist_1":"82.56","smort_custom_pricelist_2":"72.24","smort_custom_pricelist_3":"67.08","smort_custom_pricelist_4":"105.6","smort_custom_pricelist_5":"72.24"},"anvandningsomrade":[166,238,2816],"bilmarken":[],"product_brand":[1252],"product_cat":[2478,2813],"product_tag":[],"class_list":{"0":"post-6727","1":"product","2":"type-product","3":"status-publish","4":"has-post-thumbnail","6":"anvandningsomrade-lastbil","7":"anvandningsomrade-slap","8":"anvandningsomrade-trailer","9":"product_brand-lea","10":"product_cat-positionsljus-slap","11":"product_cat-sido","12":"pa_storlek-mm-28x25","13":"pa_volt-v-160","15":"first","16":"instock","17":"taxable","18":"shipping-taxable","19":"purchasable","20":"product-type-simple"},"bundled_by":[],"bundle_stock_status":"instock","bundle_stock_quantity":4,"bundle_virtual":false,"bundle_layout":"","bundle_add_to_cart_form_location":"","bundle_editable_in_cart":false,"bundle_sold_individually_context":"","bundle_item_grouping":"","bundle_min_size":"","bundle_max_size":"","bundle_price":[],"bundled_items":[],"bundle_sell_ids":[],"acf":[],"yoast_head":"<!-- This site is optimized with the Yoast SEO plugin v27.0 - https:\/\/yoast.com\/product\/yoast-seo-wordpress\/ -->\n<title>Rund Sidomarkering 28mm Gul - Xenonkungen<\/title>\n<meta name=\"robots\" content=\"index, follow, max-snippet:-1, max-image-preview:large, max-video-preview:-1\" \/>\n<link rel=\"canonical\" href=\"https:\/\/xenonkungen.com\/nl\/product\/ronde-zijmarkering-28-mm-geel\/\" \/>\n<meta property=\"og:locale\" content=\"nl_NL\" \/>\n<meta property=\"og:type\" content=\"article\" \/>\n<meta property=\"og:title\" content=\"Rund Sidomarkering 28mm Gul - Xenonkungen\" \/>\n<meta property=\"og:description\" content=\"Liten storlek Godk\u00e4nd f\u00f6r bruk p\u00e5 v\u00e4g 5 \u00e5rs funktionsgaranti Multivolt l\u00e5g str\u00f6mf\u00f6rbrukning\" \/>\n<meta property=\"og:url\" content=\"https:\/\/xenonkungen.com\/nl\/product\/ronde-zijmarkering-28-mm-geel\/\" \/>\n<meta property=\"og:site_name\" content=\"Xenonkungen\" \/>\n<meta property=\"article:modified_time\" content=\"2026-04-17T11:08:14+00:00\" \/>\n<meta property=\"og:image\" content=\"https:\/\/xenonkungen.com\/wp-content\/uploads\/2025\/04\/8669140-origpic-0f59c5.jpg\" \/>\n\t<meta property=\"og:image:width\" content=\"600\" \/>\n\t<meta property=\"og:image:height\" content=\"600\" \/>\n\t<meta property=\"og:image:type\" content=\"image\/jpeg\" \/>\n<meta name=\"twitter:card\" content=\"summary_large_image\" \/>\n<meta name=\"twitter:label1\" content=\"Geschatte leestijd\" \/>\n\t<meta name=\"twitter:data1\" content=\"2 minuten\" \/>\n<script type=\"application\/ld+json\" class=\"yoast-schema-graph\">{\"@context\":\"https:\/\/schema.org\",\"@graph\":[{\"@type\":\"WebPage\",\"@id\":\"https:\/\/xenonkungen.com\/nl\/product\/ronde-zijmarkering-28-mm-geel\/\",\"url\":\"https:\/\/xenonkungen.com\/nl\/product\/ronde-zijmarkering-28-mm-geel\/\",\"name\":\"Rund Sidomarkering 28mm Gul - Xenonkungen\",\"isPartOf\":{\"@id\":\"https:\/\/xenonkungen.com\/#website\"},\"primaryImageOfPage\":{\"@id\":\"https:\/\/xenonkungen.com\/nl\/product\/ronde-zijmarkering-28-mm-geel\/#primaryimage\"},\"image\":{\"@id\":\"https:\/\/xenonkungen.com\/nl\/product\/ronde-zijmarkering-28-mm-geel\/#primaryimage\"},\"thumbnailUrl\":\"https:\/\/xenonkungen.com\/wp-content\/uploads\/2025\/04\/8669140-origpic-0f59c5.jpg\",\"datePublished\":\"2025-04-15T09:48:52+00:00\",\"dateModified\":\"2026-04-17T11:08:14+00:00\",\"breadcrumb\":{\"@id\":\"https:\/\/xenonkungen.com\/nl\/product\/ronde-zijmarkering-28-mm-geel\/#breadcrumb\"},\"inLanguage\":\"nl-NL\",\"potentialAction\":[{\"@type\":\"ReadAction\",\"target\":[\"https:\/\/xenonkungen.com\/nl\/product\/ronde-zijmarkering-28-mm-geel\/\"]}]},{\"@type\":\"ImageObject\",\"inLanguage\":\"nl-NL\",\"@id\":\"https:\/\/xenonkungen.com\/nl\/product\/ronde-zijmarkering-28-mm-geel\/#primaryimage\",\"url\":\"https:\/\/xenonkungen.com\/wp-content\/uploads\/2025\/04\/8669140-origpic-0f59c5.jpg\",\"contentUrl\":\"https:\/\/xenonkungen.com\/wp-content\/uploads\/2025\/04\/8669140-origpic-0f59c5.jpg\",\"width\":600,\"height\":600},{\"@type\":\"BreadcrumbList\",\"@id\":\"https:\/\/xenonkungen.com\/nl\/product\/ronde-zijmarkering-28-mm-geel\/#breadcrumb\",\"itemListElement\":[{\"@type\":\"ListItem\",\"position\":1,\"name\":\"Hem\",\"item\":\"https:\/\/xenonkungen.com\/\"},{\"@type\":\"ListItem\",\"position\":2,\"name\":\"Shop\",\"item\":\"https:\/\/xenonkungen.com\/shop\/\"},{\"@type\":\"ListItem\",\"position\":3,\"name\":\"Rund Sidomarkering 28mm Gul\"}]},{\"@type\":\"WebSite\",\"@id\":\"https:\/\/xenonkungen.com\/#website\",\"url\":\"https:\/\/xenonkungen.com\/\",\"name\":\"Xenonkungen\",\"description\":\"\",\"potentialAction\":[{\"@type\":\"SearchAction\",\"target\":{\"@type\":\"EntryPoint\",\"urlTemplate\":\"https:\/\/xenonkungen.com\/?s={search_term_string}\"},\"query-input\":{\"@type\":\"PropertyValueSpecification\",\"valueRequired\":true,\"valueName\":\"search_term_string\"}}],\"inLanguage\":\"nl-NL\"}]}<\/script>\n<!-- \/ Yoast SEO plugin. -->","yoast_head_json":{"title":"Ronde zijmarkeringslicht 28 mm geel - The Xenon King","robots":{"index":"index","follow":"follow","max-snippet":"max-snippet:-1","max-image-preview":"max-image-preview:large","max-video-preview":"max-video-preview:-1"},"canonical":"https:\/\/xenonkungen.com\/nl\/product\/ronde-zijmarkering-28-mm-geel\/","og_locale":"nl_NL","og_type":"article","og_title":"Rund Sidomarkering 28mm Gul - Xenonkungen","og_description":"Liten storlek Godk\u00e4nd f\u00f6r bruk p\u00e5 v\u00e4g 5 \u00e5rs funktionsgaranti Multivolt l\u00e5g str\u00f6mf\u00f6rbrukning","og_url":"https:\/\/xenonkungen.com\/nl\/product\/ronde-zijmarkering-28-mm-geel\/","og_site_name":"Xenonkungen","article_modified_time":"2026-04-17T11:08:14+00:00","og_image":[{"width":600,"height":600,"url":"https:\/\/xenonkungen.com\/wp-content\/uploads\/2025\/04\/8669140-origpic-0f59c5.jpg","type":"image\/jpeg"}],"twitter_card":"summary_large_image","twitter_misc":{"Geschatte leestijd":"2 minuten"},"schema":{"@context":"https:\/\/schema.org","@graph":[{"@type":"WebPage","@id":"https:\/\/xenonkungen.com\/nl\/product\/ronde-zijmarkering-28-mm-geel\/","url":"https:\/\/xenonkungen.com\/nl\/product\/ronde-zijmarkering-28-mm-geel\/","name":"Ronde zijmarkeringslicht 28 mm geel - The Xenon King","isPartOf":{"@id":"https:\/\/xenonkungen.com\/#website"},"primaryImageOfPage":{"@id":"https:\/\/xenonkungen.com\/nl\/product\/ronde-zijmarkering-28-mm-geel\/#primaryimage"},"image":{"@id":"https:\/\/xenonkungen.com\/nl\/product\/ronde-zijmarkering-28-mm-geel\/#primaryimage"},"thumbnailUrl":"https:\/\/xenonkungen.com\/wp-content\/uploads\/2025\/04\/8669140-origpic-0f59c5.jpg","datePublished":"2025-04-15T09:48:52+00:00","dateModified":"2026-04-17T11:08:14+00:00","breadcrumb":{"@id":"https:\/\/xenonkungen.com\/nl\/product\/ronde-zijmarkering-28-mm-geel\/#breadcrumb"},"inLanguage":"nl-NL","potentialAction":[{"@type":"ReadAction","target":["https:\/\/xenonkungen.com\/nl\/product\/ronde-zijmarkering-28-mm-geel\/"]}]},{"@type":"ImageObject","inLanguage":"nl-NL","@id":"https:\/\/xenonkungen.com\/nl\/product\/ronde-zijmarkering-28-mm-geel\/#primaryimage","url":"https:\/\/xenonkungen.com\/wp-content\/uploads\/2025\/04\/8669140-origpic-0f59c5.jpg","contentUrl":"https:\/\/xenonkungen.com\/wp-content\/uploads\/2025\/04\/8669140-origpic-0f59c5.jpg","width":600,"height":600},{"@type":"BreadcrumbList","@id":"https:\/\/xenonkungen.com\/nl\/product\/ronde-zijmarkering-28-mm-geel\/#breadcrumb","itemListElement":[{"@type":"ListItem","position":1,"name":"Hem","item":"https:\/\/xenonkungen.com\/"},{"@type":"ListItem","position":2,"name":"Shop","item":"https:\/\/xenonkungen.com\/shop\/"},{"@type":"ListItem","position":3,"name":"Rund Sidomarkering 28mm Gul"}]},{"@type":"WebSite","@id":"https:\/\/xenonkungen.com\/#website","url":"https:\/\/xenonkungen.com\/","name":"Xenonkungen","description":"","potentialAction":[{"@type":"SearchAction","target":{"@type":"EntryPoint","urlTemplate":"https:\/\/xenonkungen.com\/?s={search_term_string}"},"query-input":{"@type":"PropertyValueSpecification","valueRequired":true,"valueName":"search_term_string"}}],"inLanguage":"nl-NL"}]}},"taxonomy_info":{"anvandningsomrade":[{"value":166,"label":"Lastbil"},{"value":238,"label":"SL\u00c4P"},{"value":2816,"label":"TRAILER"}],"product_brand":[{"value":1252,"label":"LEA"}],"product_cat":[{"value":2478,"label":"Positionsljus"},{"value":2813,"label":"Sido"}],"pa_storlek-mm":[{"value":1822,"label":"28x25"}],"pa_volt-v":[{"value":160,"label":"24"}]},"featured_image_src_large":["https:\/\/xenonkungen.com\/wp-content\/uploads\/2025\/04\/8669140-origpic-0f59c5.jpg",600,600,false],"author_info":[],"comment_info":0,"_links":{"self":[{"href":"https:\/\/xenonkungen.com\/nl\/wp-json\/wp\/v2\/product\/6727","targetHints":{"allow":["GET"]}}],"collection":[{"href":"https:\/\/xenonkungen.com\/nl\/wp-json\/wp\/v2\/product"}],"about":[{"href":"https:\/\/xenonkungen.com\/nl\/wp-json\/wp\/v2\/types\/product"}],"replies":[{"embeddable":true,"href":"https:\/\/xenonkungen.com\/nl\/wp-json\/wp\/v2\/comments?post=6727"}],"wp:featuredmedia":[{"embeddable":true,"href":"https:\/\/xenonkungen.com\/nl\/wp-json\/wp\/v2\/media\/6728"}],"wp:attachment":[{"href":"https:\/\/xenonkungen.com\/nl\/wp-json\/wp\/v2\/media?parent=6727"}],"wp:term":[{"taxonomy":"anvandningsomrade","embeddable":true,"href":"https:\/\/xenonkungen.com\/nl\/wp-json\/wp\/v2\/anvandningsomrade?post=6727"},{"taxonomy":"bilmarken","embeddable":true,"href":"https:\/\/xenonkungen.com\/nl\/wp-json\/wp\/v2\/bilmarken?post=6727"},{"taxonomy":"product_brand","embeddable":true,"href":"https:\/\/xenonkungen.com\/nl\/wp-json\/wp\/v2\/product_brand?post=6727"},{"taxonomy":"product_cat","embeddable":true,"href":"https:\/\/xenonkungen.com\/nl\/wp-json\/wp\/v2\/product_cat?post=6727"},{"taxonomy":"product_tag","embeddable":true,"href":"https:\/\/xenonkungen.com\/nl\/wp-json\/wp\/v2\/product_tag?post=6727"}],"curies":[{"name":"wp","href":"https:\/\/api.w.org\/{rel}","templated":true}]}}