{"id":6844,"date":"2025-04-15T09:49:48","date_gmt":"2025-04-15T09:49:48","guid":{"rendered":"https:\/\/xenonkungen.com\/product\/lampsarg-svart-53101b\/"},"modified":"2026-04-11T00:49:24","modified_gmt":"2026-04-10T23:49:24","slug":"lampframe-zwart-53101b","status":"publish","type":"product","link":"https:\/\/xenonkungen.com\/nl\/product\/lampframe-zwart-53101b\/","title":{"rendered":"Lampvoet Zwart 53101B"},"content":{"rendered":"<div class=\"container\">\n<h1>Robuuste bescherming met stijl: lampenframe 115 mm in zwart geverfd staal<\/h1>\n<p>Optimaliseer de bescherming en esthetiek van uw ronde modulaire lamp uit de Serie 110 met onze hoogwaardige, zwart gelakte stalen lampenomlijsting. Deze lampenomlijsting is speciaal ontworpen om zowel functionaliteit als uiterlijk te benadrukken en is de perfecte keuze voor wie op zoek is naar een duurzame en visueel aantrekkelijke verlichtingsoplossing.<\/p>\n<h2>Onderscheidende kenmerken:<\/h2>\n<ul>\n<li><strong>Zwart gelakt staal:<\/strong> Biedt een verfijnde en elegante uitstraling en onge\u00ebvenaarde bescherming.<\/li>\n<li><strong>Perfecte pasvorm:<\/strong> Met een diameter van 115 mm garandeert het een veilige en nauwkeurige pasvorm voor ronde modulaire lampen uit de serie 110.<\/li>\n<li><strong>Verhoogde duurzaamheid:<\/strong> De stalen constructie is zo ontworpen dat deze bestand is tegen extreme weersomstandigheden en invloeden van buitenaf, waardoor de levensduur van uw lamp wordt verlengd.<\/li>\n<li><strong>Eenvoudige installatie:<\/strong> Het zwart gelakte oppervlak ziet er niet alleen mooi uit, maar is ook eenvoudig te reinigen en te onderhouden.<\/li>\n<\/ul>\n<p>Kies ons zwart gelakte stalen lampenframe voor een betrouwbare, duurzame en stijlvolle oplossing om uw ronde modulaire lamp uit de Serie 110 te beschermen. Verbeter vandaag nog de esthetiek en veiligheid van uw voertuig met dit hoogwaardige lampenframe.<\/p>\n<\/div>","protected":false},"excerpt":{"rendered":"<p>Robust Skydd med Stil: Lampsarg 115mm i Svartlackerat St\u00e5l Maximera skyddet och estetiken f\u00f6r din Serie 110 Rund Modulampa med v\u00e5r h\u00f6gkvalitativa lampsarg i svartlackerat st\u00e5l. Speciellt designad f\u00f6r att komplettera b\u00e5de funktionalitet och utseende, \u00e4r denna lampsarg det perfekta valet f\u00f6r dem som s\u00f6ker en t\u00e5lig och visuellt tilltalande belysningsl\u00f6sning. Utm\u00e4rkande Egenskaper: Svartlackerat St\u00e5l: [&hellip;]<\/p>","protected":false},"featured_media":6845,"comment_status":"closed","ping_status":"open","template":"","meta":{"_acf_changed":false,"_smort_price_nok":"107","_smort_price_dkk":"68","_smort_price_eur":"9.09","_smort_sale_price_nok":"","_smort_sale_price_dkk":"","_smort_sale_price_eur":"","smort_restorder":"","shipmondo_restorder":"","_kad_blocks_custom_css":"","_kad_blocks_head_custom_js":"","_kad_blocks_body_custom_js":"","_kad_blocks_footer_custom_js":"","smort_custom_pricelist_1":"56","smort_custom_pricelist_2":"56","smort_custom_pricelist_3":"53.2","smort_custom_pricelist_4":"80","smort_custom_pricelist_5":"56"},"anvandningsomrade":[166,238,2816],"bilmarken":[],"product_brand":[1252],"product_cat":[2583],"product_tag":[],"class_list":{"0":"post-6844","1":"product","2":"type-product","3":"status-publish","4":"has-post-thumbnail","6":"anvandningsomrade-lastbil","7":"anvandningsomrade-slap","8":"anvandningsomrade-trailer","9":"product_brand-lea","10":"product_cat-lampsarg-slap","12":"first","13":"instock","14":"taxable","15":"shipping-taxable","16":"purchasable","17":"product-type-simple"},"bundled_by":[],"bundle_stock_status":"instock","bundle_stock_quantity":6,"bundle_virtual":false,"bundle_layout":"","bundle_add_to_cart_form_location":"","bundle_editable_in_cart":false,"bundle_sold_individually_context":"","bundle_item_grouping":"","bundle_min_size":"","bundle_max_size":"","bundle_price":[],"bundled_items":[],"bundle_sell_ids":[],"acf":[],"yoast_head":"<!-- This site is optimized with the Yoast SEO plugin v27.0 - https:\/\/yoast.com\/product\/yoast-seo-wordpress\/ -->\n<title>Lampsarg Svart 53101B - Xenonkungen<\/title>\n<meta name=\"robots\" content=\"index, follow, max-snippet:-1, max-image-preview:large, max-video-preview:-1\" \/>\n<link rel=\"canonical\" href=\"https:\/\/xenonkungen.com\/nl\/product\/lampframe-zwart-53101b\/\" \/>\n<meta property=\"og:locale\" content=\"nl_NL\" \/>\n<meta property=\"og:type\" content=\"article\" \/>\n<meta property=\"og:title\" content=\"Lampsarg Svart 53101B - Xenonkungen\" \/>\n<meta property=\"og:description\" content=\"Robust Skydd med Stil: Lampsarg 115mm i Svartlackerat St\u00e5l Maximera skyddet och estetiken f\u00f6r din Serie 110 Rund Modulampa med v\u00e5r h\u00f6gkvalitativa lampsarg i svartlackerat st\u00e5l. Speciellt designad f\u00f6r att komplettera b\u00e5de funktionalitet och utseende, \u00e4r denna lampsarg det perfekta valet f\u00f6r dem som s\u00f6ker en t\u00e5lig och visuellt tilltalande belysningsl\u00f6sning. Utm\u00e4rkande Egenskaper: Svartlackerat St\u00e5l: [&hellip;]\" \/>\n<meta property=\"og:url\" content=\"https:\/\/xenonkungen.com\/nl\/product\/lampframe-zwart-53101b\/\" \/>\n<meta property=\"og:site_name\" content=\"Xenonkungen\" \/>\n<meta property=\"article:modified_time\" content=\"2026-04-10T23:49:24+00:00\" \/>\n<meta property=\"og:image\" content=\"https:\/\/xenonkungen.com\/wp-content\/uploads\/2025\/04\/7293710-origpic-6b9fc4.jpg\" \/>\n\t<meta property=\"og:image:width\" content=\"600\" \/>\n\t<meta property=\"og:image:height\" content=\"600\" \/>\n\t<meta property=\"og:image:type\" content=\"image\/jpeg\" \/>\n<meta name=\"twitter:card\" content=\"summary_large_image\" \/>\n<meta name=\"twitter:label1\" content=\"Geschatte leestijd\" \/>\n\t<meta name=\"twitter:data1\" content=\"1 minuut\" \/>\n<script type=\"application\/ld+json\" class=\"yoast-schema-graph\">{\"@context\":\"https:\/\/schema.org\",\"@graph\":[{\"@type\":\"WebPage\",\"@id\":\"https:\/\/xenonkungen.com\/produkt\/lampsarg-svart-53101b\/\",\"url\":\"https:\/\/xenonkungen.com\/produkt\/lampsarg-svart-53101b\/\",\"name\":\"Lampsarg Svart 53101B - Xenonkungen\",\"isPartOf\":{\"@id\":\"https:\/\/xenonkungen.com\/#website\"},\"primaryImageOfPage\":{\"@id\":\"https:\/\/xenonkungen.com\/produkt\/lampsarg-svart-53101b\/#primaryimage\"},\"image\":{\"@id\":\"https:\/\/xenonkungen.com\/produkt\/lampsarg-svart-53101b\/#primaryimage\"},\"thumbnailUrl\":\"https:\/\/xenonkungen.com\/wp-content\/uploads\/2025\/04\/7293710-origpic-6b9fc4.jpg\",\"datePublished\":\"2025-04-15T09:49:48+00:00\",\"dateModified\":\"2026-04-10T23:49:24+00:00\",\"breadcrumb\":{\"@id\":\"https:\/\/xenonkungen.com\/produkt\/lampsarg-svart-53101b\/#breadcrumb\"},\"inLanguage\":\"nl-NL\",\"potentialAction\":[{\"@type\":\"ReadAction\",\"target\":[\"https:\/\/xenonkungen.com\/produkt\/lampsarg-svart-53101b\/\"]}]},{\"@type\":\"ImageObject\",\"inLanguage\":\"nl-NL\",\"@id\":\"https:\/\/xenonkungen.com\/produkt\/lampsarg-svart-53101b\/#primaryimage\",\"url\":\"https:\/\/xenonkungen.com\/wp-content\/uploads\/2025\/04\/7293710-origpic-6b9fc4.jpg\",\"contentUrl\":\"https:\/\/xenonkungen.com\/wp-content\/uploads\/2025\/04\/7293710-origpic-6b9fc4.jpg\",\"width\":600,\"height\":600},{\"@type\":\"BreadcrumbList\",\"@id\":\"https:\/\/xenonkungen.com\/produkt\/lampsarg-svart-53101b\/#breadcrumb\",\"itemListElement\":[{\"@type\":\"ListItem\",\"position\":1,\"name\":\"Hem\",\"item\":\"https:\/\/xenonkungen.com\/\"},{\"@type\":\"ListItem\",\"position\":2,\"name\":\"Shop\",\"item\":\"https:\/\/xenonkungen.com\/shop\/\"},{\"@type\":\"ListItem\",\"position\":3,\"name\":\"Lampsarg Svart 53101B\"}]},{\"@type\":\"WebSite\",\"@id\":\"https:\/\/xenonkungen.com\/#website\",\"url\":\"https:\/\/xenonkungen.com\/\",\"name\":\"Xenonkungen\",\"description\":\"\",\"potentialAction\":[{\"@type\":\"SearchAction\",\"target\":{\"@type\":\"EntryPoint\",\"urlTemplate\":\"https:\/\/xenonkungen.com\/?s={search_term_string}\"},\"query-input\":{\"@type\":\"PropertyValueSpecification\",\"valueRequired\":true,\"valueName\":\"search_term_string\"}}],\"inLanguage\":\"nl-NL\"}]}<\/script>\n<!-- \/ Yoast SEO plugin. -->","yoast_head_json":{"title":"Lampenkap zwart 53101B - De Xenon Koning","robots":{"index":"index","follow":"follow","max-snippet":"max-snippet:-1","max-image-preview":"max-image-preview:large","max-video-preview":"max-video-preview:-1"},"canonical":"https:\/\/xenonkungen.com\/nl\/product\/lampframe-zwart-53101b\/","og_locale":"nl_NL","og_type":"article","og_title":"Lampsarg Svart 53101B - Xenonkungen","og_description":"Robust Skydd med Stil: Lampsarg 115mm i Svartlackerat St\u00e5l Maximera skyddet och estetiken f\u00f6r din Serie 110 Rund Modulampa med v\u00e5r h\u00f6gkvalitativa lampsarg i svartlackerat st\u00e5l. Speciellt designad f\u00f6r att komplettera b\u00e5de funktionalitet och utseende, \u00e4r denna lampsarg det perfekta valet f\u00f6r dem som s\u00f6ker en t\u00e5lig och visuellt tilltalande belysningsl\u00f6sning. Utm\u00e4rkande Egenskaper: Svartlackerat St\u00e5l: [&hellip;]","og_url":"https:\/\/xenonkungen.com\/nl\/product\/lampframe-zwart-53101b\/","og_site_name":"Xenonkungen","article_modified_time":"2026-04-10T23:49:24+00:00","og_image":[{"width":600,"height":600,"url":"https:\/\/xenonkungen.com\/wp-content\/uploads\/2025\/04\/7293710-origpic-6b9fc4.jpg","type":"image\/jpeg"}],"twitter_card":"summary_large_image","twitter_misc":{"Geschatte leestijd":"1 minuut"},"schema":{"@context":"https:\/\/schema.org","@graph":[{"@type":"WebPage","@id":"https:\/\/xenonkungen.com\/produkt\/lampsarg-svart-53101b\/","url":"https:\/\/xenonkungen.com\/produkt\/lampsarg-svart-53101b\/","name":"Lampenkap zwart 53101B - De Xenon Koning","isPartOf":{"@id":"https:\/\/xenonkungen.com\/#website"},"primaryImageOfPage":{"@id":"https:\/\/xenonkungen.com\/produkt\/lampsarg-svart-53101b\/#primaryimage"},"image":{"@id":"https:\/\/xenonkungen.com\/produkt\/lampsarg-svart-53101b\/#primaryimage"},"thumbnailUrl":"https:\/\/xenonkungen.com\/wp-content\/uploads\/2025\/04\/7293710-origpic-6b9fc4.jpg","datePublished":"2025-04-15T09:49:48+00:00","dateModified":"2026-04-10T23:49:24+00:00","breadcrumb":{"@id":"https:\/\/xenonkungen.com\/produkt\/lampsarg-svart-53101b\/#breadcrumb"},"inLanguage":"nl-NL","potentialAction":[{"@type":"ReadAction","target":["https:\/\/xenonkungen.com\/produkt\/lampsarg-svart-53101b\/"]}]},{"@type":"ImageObject","inLanguage":"nl-NL","@id":"https:\/\/xenonkungen.com\/produkt\/lampsarg-svart-53101b\/#primaryimage","url":"https:\/\/xenonkungen.com\/wp-content\/uploads\/2025\/04\/7293710-origpic-6b9fc4.jpg","contentUrl":"https:\/\/xenonkungen.com\/wp-content\/uploads\/2025\/04\/7293710-origpic-6b9fc4.jpg","width":600,"height":600},{"@type":"BreadcrumbList","@id":"https:\/\/xenonkungen.com\/produkt\/lampsarg-svart-53101b\/#breadcrumb","itemListElement":[{"@type":"ListItem","position":1,"name":"Hem","item":"https:\/\/xenonkungen.com\/"},{"@type":"ListItem","position":2,"name":"Shop","item":"https:\/\/xenonkungen.com\/shop\/"},{"@type":"ListItem","position":3,"name":"Lampsarg Svart 53101B"}]},{"@type":"WebSite","@id":"https:\/\/xenonkungen.com\/#website","url":"https:\/\/xenonkungen.com\/","name":"Xenonkungen","description":"","potentialAction":[{"@type":"SearchAction","target":{"@type":"EntryPoint","urlTemplate":"https:\/\/xenonkungen.com\/?s={search_term_string}"},"query-input":{"@type":"PropertyValueSpecification","valueRequired":true,"valueName":"search_term_string"}}],"inLanguage":"nl-NL"}]}},"taxonomy_info":{"anvandningsomrade":[{"value":166,"label":"Lastbil"},{"value":238,"label":"SL\u00c4P"},{"value":2816,"label":"TRAILER"}],"product_brand":[{"value":1252,"label":"LEA"}],"product_cat":[{"value":2583,"label":"Lampsarg"}]},"featured_image_src_large":["https:\/\/xenonkungen.com\/wp-content\/uploads\/2025\/04\/7293710-origpic-6b9fc4.jpg",600,600,false],"author_info":[],"comment_info":0,"_links":{"self":[{"href":"https:\/\/xenonkungen.com\/nl\/wp-json\/wp\/v2\/product\/6844","targetHints":{"allow":["GET"]}}],"collection":[{"href":"https:\/\/xenonkungen.com\/nl\/wp-json\/wp\/v2\/product"}],"about":[{"href":"https:\/\/xenonkungen.com\/nl\/wp-json\/wp\/v2\/types\/product"}],"replies":[{"embeddable":true,"href":"https:\/\/xenonkungen.com\/nl\/wp-json\/wp\/v2\/comments?post=6844"}],"wp:featuredmedia":[{"embeddable":true,"href":"https:\/\/xenonkungen.com\/nl\/wp-json\/wp\/v2\/media\/6845"}],"wp:attachment":[{"href":"https:\/\/xenonkungen.com\/nl\/wp-json\/wp\/v2\/media?parent=6844"}],"wp:term":[{"taxonomy":"anvandningsomrade","embeddable":true,"href":"https:\/\/xenonkungen.com\/nl\/wp-json\/wp\/v2\/anvandningsomrade?post=6844"},{"taxonomy":"bilmarken","embeddable":true,"href":"https:\/\/xenonkungen.com\/nl\/wp-json\/wp\/v2\/bilmarken?post=6844"},{"taxonomy":"product_brand","embeddable":true,"href":"https:\/\/xenonkungen.com\/nl\/wp-json\/wp\/v2\/product_brand?post=6844"},{"taxonomy":"product_cat","embeddable":true,"href":"https:\/\/xenonkungen.com\/nl\/wp-json\/wp\/v2\/product_cat?post=6844"},{"taxonomy":"product_tag","embeddable":true,"href":"https:\/\/xenonkungen.com\/nl\/wp-json\/wp\/v2\/product_tag?post=6844"}],"curies":[{"name":"wp","href":"https:\/\/api.w.org\/{rel}","templated":true}]}}