{"id":6848,"date":"2025-04-15T09:49:51","date_gmt":"2025-04-15T09:49:51","guid":{"rendered":"https:\/\/xenonkungen.com\/product\/3-pin-stromkontakt-53102\/"},"modified":"2025-12-10T14:48:27","modified_gmt":"2025-12-10T13:48:27","slug":"3-pins-voedingsconnector-53102","status":"publish","type":"product","link":"https:\/\/xenonkungen.com\/nl\/product\/3-pins-voedingsconnector-53102\/","title":{"rendered":"3-pins voedingsconnector 53102"},"content":{"rendered":"<h1>3-pins voedingsconnector voor moduleserie 130 en 110: een gedetailleerd overzicht<\/h1>\n<p>Als het gaat om elektronica en verlichtingssystemen, is het juiste type aansluiting essentieel voor een betrouwbare en effici\u00ebnte werking. Dankzij de voortdurende technologische ontwikkeling zijn er tegenwoordig verschillende soorten connectoren en verbindingsoplossingen op de markt. In dit verband is de 3-pins voedingsconnector een uitstekende oplossing, met name voor boutverbindingen van de Modul-serie 130 en 110. Laten we dieper ingaan op de kenmerken en toepassingen ervan.<\/p>\n<h2>Ontwerp en technische specificaties<\/h2>\n<p>De 3-pins voedingsconnector is speciaal ontworpen voor een robuuste en veilige verbinding. Met drie pinnen biedt hij een stabiele stroomoverdracht en minimaliseert hij het risico op stroomuitval. Het bout-op-ontwerp zorgt ervoor dat de connector stevig vastzit, waardoor het risico op onbedoeld losraken wordt geminimaliseerd.<\/p>\n<p>Dit is vooral belangrijk bij systemen met hoge prestaties, zoals de Modul-serie 130 en 110, waarbij een betrouwbare stroomvoorziening essentieel is voor het behoud van optimale prestaties.<\/p>\n<h2>Toepassingsgebieden en compatibiliteit<\/h2>\n<p>De 3-pins voedingsconnector is primair ontworpen voor gebruik met modules uit de 130- en 110-serie. Deze series vertegenwoordigen geavanceerde modules die een voedingsaansluiting nodig hebben die aan hun technische eisen voldoet. Dankzij het boutbare ontwerp garandeert deze voedingsconnector een sterke en betrouwbare verbinding die aan deze specificaties voldoet.<\/p>\n<h2>Installatie en onderhoud<\/h2>\n<p>De installatie van de 3-pins voedingsconnector is eenvoudig en vereist geen speciaal gereedschap. Dankzij het boutmechanisme kunnen installateurs de connector snel en effici\u00ebnt bevestigen. Na installatie vereist de connector minimaal onderhoud, wat op de lange termijn tijd en middelen bespaart.<\/p>\n<h2>Conclusie<\/h2>\n<p>De 3-pins voedingsconnector voor bout-on stroomaansluitingen uit de Modul-serie 130 en 110 biedt een combinatie van betrouwbaarheid, duurzaamheid en gebruiksgemak. Voor wie op zoek is naar een hoogwaardige verbindingsoplossing die voldoet aan de eisen van geavanceerde modulaire systemen, is deze connector een eersteklas keuze. Met zijn robuuste ontwerp en bewezen prestaties is hij klaar om aan de verwachtingen van professionele gebruikers te voldoen en deze zelfs te overtreffen.<\/p>","protected":false},"excerpt":{"rendered":"<p>3-Pin Str\u00f6mkontakt f\u00f6r Modul Serie 130 och 110: En Detaljerad \u00d6versikt N\u00e4r det g\u00e4ller elektronik och belysningssystem \u00e4r r\u00e4tt typ av anslutning en nyckelkomponent f\u00f6r att s\u00e4kerst\u00e4lla p\u00e5litlig och effektiv drift. Med den st\u00e4ndigt v\u00e4xande teknologiska utvecklingen finns det idag en m\u00e4ngd olika typer av kontakter och anslutningsl\u00f6sningar p\u00e5 marknaden. I detta sammanhang st\u00e5r 3-Pin [&hellip;]<\/p>","protected":false},"featured_media":6849,"comment_status":"closed","ping_status":"open","template":"","meta":{"_acf_changed":false,"_smort_price_nok":"27","_smort_price_dkk":"17","_smort_price_eur":"2.27","_smort_sale_price_nok":"","_smort_sale_price_dkk":"","_smort_sale_price_eur":"","smort_restorder":"","shipmondo_restorder":"","_kad_blocks_custom_css":"","_kad_blocks_head_custom_js":"","_kad_blocks_body_custom_js":"","_kad_blocks_footer_custom_js":"","smort_custom_pricelist_1":"14","smort_custom_pricelist_2":"14","smort_custom_pricelist_3":"13.3","smort_custom_pricelist_4":"20","smort_custom_pricelist_5":"14"},"anvandningsomrade":[166,238,2816],"bilmarken":[],"product_brand":[1252],"product_cat":[2590],"product_tag":[],"class_list":{"0":"post-6848","1":"product","2":"type-product","3":"status-publish","4":"has-post-thumbnail","6":"anvandningsomrade-lastbil","7":"anvandningsomrade-slap","8":"anvandningsomrade-trailer","9":"product_brand-lea","10":"product_cat-kontakter-slap","12":"first","13":"instock","14":"taxable","15":"shipping-taxable","16":"purchasable","17":"product-type-simple"},"bundled_by":[],"bundle_stock_status":"instock","bundle_stock_quantity":3,"bundle_virtual":false,"bundle_layout":"","bundle_add_to_cart_form_location":"","bundle_editable_in_cart":false,"bundle_sold_individually_context":"","bundle_item_grouping":"","bundle_min_size":"","bundle_max_size":"","bundle_price":[],"bundled_items":[],"bundle_sell_ids":[],"acf":[],"yoast_head":"<!-- This site is optimized with the Yoast SEO plugin v27.0 - https:\/\/yoast.com\/product\/yoast-seo-wordpress\/ -->\n<title>3-Pin Str\u00f6mkontakt 53102 - Xenonkungen<\/title>\n<meta name=\"robots\" content=\"index, follow, max-snippet:-1, max-image-preview:large, max-video-preview:-1\" \/>\n<link rel=\"canonical\" href=\"https:\/\/xenonkungen.com\/nl\/product\/3-pins-voedingsconnector-53102\/\" \/>\n<meta property=\"og:locale\" content=\"nl_NL\" \/>\n<meta property=\"og:type\" content=\"article\" \/>\n<meta property=\"og:title\" content=\"3-Pin Str\u00f6mkontakt 53102 - Xenonkungen\" \/>\n<meta property=\"og:description\" content=\"3-Pin Str\u00f6mkontakt f\u00f6r Modul Serie 130 och 110: En Detaljerad \u00d6versikt N\u00e4r det g\u00e4ller elektronik och belysningssystem \u00e4r r\u00e4tt typ av anslutning en nyckelkomponent f\u00f6r att s\u00e4kerst\u00e4lla p\u00e5litlig och effektiv drift. Med den st\u00e4ndigt v\u00e4xande teknologiska utvecklingen finns det idag en m\u00e4ngd olika typer av kontakter och anslutningsl\u00f6sningar p\u00e5 marknaden. I detta sammanhang st\u00e5r 3-Pin [&hellip;]\" \/>\n<meta property=\"og:url\" content=\"https:\/\/xenonkungen.com\/nl\/product\/3-pins-voedingsconnector-53102\/\" \/>\n<meta property=\"og:site_name\" content=\"Xenonkungen\" \/>\n<meta property=\"article:modified_time\" content=\"2025-12-10T13:48:27+00:00\" \/>\n<meta property=\"og:image\" content=\"https:\/\/xenonkungen.com\/wp-content\/uploads\/2025\/04\/7293511-origpic-234d6f.jpg\" \/>\n\t<meta property=\"og:image:width\" content=\"600\" \/>\n\t<meta property=\"og:image:height\" content=\"600\" \/>\n\t<meta property=\"og:image:type\" content=\"image\/jpeg\" \/>\n<meta name=\"twitter:card\" content=\"summary_large_image\" \/>\n<meta name=\"twitter:label1\" content=\"Geschatte leestijd\" \/>\n\t<meta name=\"twitter:data1\" content=\"2 minuten\" \/>\n<script type=\"application\/ld+json\" class=\"yoast-schema-graph\">{\"@context\":\"https:\/\/schema.org\",\"@graph\":[{\"@type\":\"WebPage\",\"@id\":\"https:\/\/xenonkungen.com\/produkt\/3-pin-stromkontakt-53102\/\",\"url\":\"https:\/\/xenonkungen.com\/produkt\/3-pin-stromkontakt-53102\/\",\"name\":\"3-Pin Str\u00f6mkontakt 53102 - Xenonkungen\",\"isPartOf\":{\"@id\":\"https:\/\/xenonkungen.com\/#website\"},\"primaryImageOfPage\":{\"@id\":\"https:\/\/xenonkungen.com\/produkt\/3-pin-stromkontakt-53102\/#primaryimage\"},\"image\":{\"@id\":\"https:\/\/xenonkungen.com\/produkt\/3-pin-stromkontakt-53102\/#primaryimage\"},\"thumbnailUrl\":\"https:\/\/xenonkungen.com\/wp-content\/uploads\/2025\/04\/7293511-origpic-234d6f.jpg\",\"datePublished\":\"2025-04-15T09:49:51+00:00\",\"dateModified\":\"2025-12-10T13:48:27+00:00\",\"breadcrumb\":{\"@id\":\"https:\/\/xenonkungen.com\/produkt\/3-pin-stromkontakt-53102\/#breadcrumb\"},\"inLanguage\":\"nl-NL\",\"potentialAction\":[{\"@type\":\"ReadAction\",\"target\":[\"https:\/\/xenonkungen.com\/produkt\/3-pin-stromkontakt-53102\/\"]}]},{\"@type\":\"ImageObject\",\"inLanguage\":\"nl-NL\",\"@id\":\"https:\/\/xenonkungen.com\/produkt\/3-pin-stromkontakt-53102\/#primaryimage\",\"url\":\"https:\/\/xenonkungen.com\/wp-content\/uploads\/2025\/04\/7293511-origpic-234d6f.jpg\",\"contentUrl\":\"https:\/\/xenonkungen.com\/wp-content\/uploads\/2025\/04\/7293511-origpic-234d6f.jpg\",\"width\":600,\"height\":600},{\"@type\":\"BreadcrumbList\",\"@id\":\"https:\/\/xenonkungen.com\/produkt\/3-pin-stromkontakt-53102\/#breadcrumb\",\"itemListElement\":[{\"@type\":\"ListItem\",\"position\":1,\"name\":\"Hem\",\"item\":\"https:\/\/xenonkungen.com\/\"},{\"@type\":\"ListItem\",\"position\":2,\"name\":\"Shop\",\"item\":\"https:\/\/xenonkungen.com\/shop\/\"},{\"@type\":\"ListItem\",\"position\":3,\"name\":\"3-Pin Str\u00f6mkontakt 53102\"}]},{\"@type\":\"WebSite\",\"@id\":\"https:\/\/xenonkungen.com\/#website\",\"url\":\"https:\/\/xenonkungen.com\/\",\"name\":\"Xenonkungen\",\"description\":\"\",\"potentialAction\":[{\"@type\":\"SearchAction\",\"target\":{\"@type\":\"EntryPoint\",\"urlTemplate\":\"https:\/\/xenonkungen.com\/?s={search_term_string}\"},\"query-input\":{\"@type\":\"PropertyValueSpecification\",\"valueRequired\":true,\"valueName\":\"search_term_string\"}}],\"inLanguage\":\"nl-NL\"}]}<\/script>\n<!-- \/ Yoast SEO plugin. -->","yoast_head_json":{"title":"3-pins voedingsconnector 53102 - Xenonkungen","robots":{"index":"index","follow":"follow","max-snippet":"max-snippet:-1","max-image-preview":"max-image-preview:large","max-video-preview":"max-video-preview:-1"},"canonical":"https:\/\/xenonkungen.com\/nl\/product\/3-pins-voedingsconnector-53102\/","og_locale":"nl_NL","og_type":"article","og_title":"3-Pin Str\u00f6mkontakt 53102 - Xenonkungen","og_description":"3-Pin Str\u00f6mkontakt f\u00f6r Modul Serie 130 och 110: En Detaljerad \u00d6versikt N\u00e4r det g\u00e4ller elektronik och belysningssystem \u00e4r r\u00e4tt typ av anslutning en nyckelkomponent f\u00f6r att s\u00e4kerst\u00e4lla p\u00e5litlig och effektiv drift. Med den st\u00e4ndigt v\u00e4xande teknologiska utvecklingen finns det idag en m\u00e4ngd olika typer av kontakter och anslutningsl\u00f6sningar p\u00e5 marknaden. I detta sammanhang st\u00e5r 3-Pin [&hellip;]","og_url":"https:\/\/xenonkungen.com\/nl\/product\/3-pins-voedingsconnector-53102\/","og_site_name":"Xenonkungen","article_modified_time":"2025-12-10T13:48:27+00:00","og_image":[{"width":600,"height":600,"url":"https:\/\/xenonkungen.com\/wp-content\/uploads\/2025\/04\/7293511-origpic-234d6f.jpg","type":"image\/jpeg"}],"twitter_card":"summary_large_image","twitter_misc":{"Geschatte leestijd":"2 minuten"},"schema":{"@context":"https:\/\/schema.org","@graph":[{"@type":"WebPage","@id":"https:\/\/xenonkungen.com\/produkt\/3-pin-stromkontakt-53102\/","url":"https:\/\/xenonkungen.com\/produkt\/3-pin-stromkontakt-53102\/","name":"3-pins voedingsconnector 53102 - Xenonkungen","isPartOf":{"@id":"https:\/\/xenonkungen.com\/#website"},"primaryImageOfPage":{"@id":"https:\/\/xenonkungen.com\/produkt\/3-pin-stromkontakt-53102\/#primaryimage"},"image":{"@id":"https:\/\/xenonkungen.com\/produkt\/3-pin-stromkontakt-53102\/#primaryimage"},"thumbnailUrl":"https:\/\/xenonkungen.com\/wp-content\/uploads\/2025\/04\/7293511-origpic-234d6f.jpg","datePublished":"2025-04-15T09:49:51+00:00","dateModified":"2025-12-10T13:48:27+00:00","breadcrumb":{"@id":"https:\/\/xenonkungen.com\/produkt\/3-pin-stromkontakt-53102\/#breadcrumb"},"inLanguage":"nl-NL","potentialAction":[{"@type":"ReadAction","target":["https:\/\/xenonkungen.com\/produkt\/3-pin-stromkontakt-53102\/"]}]},{"@type":"ImageObject","inLanguage":"nl-NL","@id":"https:\/\/xenonkungen.com\/produkt\/3-pin-stromkontakt-53102\/#primaryimage","url":"https:\/\/xenonkungen.com\/wp-content\/uploads\/2025\/04\/7293511-origpic-234d6f.jpg","contentUrl":"https:\/\/xenonkungen.com\/wp-content\/uploads\/2025\/04\/7293511-origpic-234d6f.jpg","width":600,"height":600},{"@type":"BreadcrumbList","@id":"https:\/\/xenonkungen.com\/produkt\/3-pin-stromkontakt-53102\/#breadcrumb","itemListElement":[{"@type":"ListItem","position":1,"name":"Hem","item":"https:\/\/xenonkungen.com\/"},{"@type":"ListItem","position":2,"name":"Shop","item":"https:\/\/xenonkungen.com\/shop\/"},{"@type":"ListItem","position":3,"name":"3-Pin Str\u00f6mkontakt 53102"}]},{"@type":"WebSite","@id":"https:\/\/xenonkungen.com\/#website","url":"https:\/\/xenonkungen.com\/","name":"Xenonkungen","description":"","potentialAction":[{"@type":"SearchAction","target":{"@type":"EntryPoint","urlTemplate":"https:\/\/xenonkungen.com\/?s={search_term_string}"},"query-input":{"@type":"PropertyValueSpecification","valueRequired":true,"valueName":"search_term_string"}}],"inLanguage":"nl-NL"}]}},"taxonomy_info":{"anvandningsomrade":[{"value":166,"label":"Lastbil"},{"value":238,"label":"SL\u00c4P"},{"value":2816,"label":"TRAILER"}],"product_brand":[{"value":1252,"label":"LEA"}],"product_cat":[{"value":2590,"label":"Kontakter"}]},"featured_image_src_large":["https:\/\/xenonkungen.com\/wp-content\/uploads\/2025\/04\/7293511-origpic-234d6f.jpg",600,600,false],"author_info":[],"comment_info":0,"_links":{"self":[{"href":"https:\/\/xenonkungen.com\/nl\/wp-json\/wp\/v2\/product\/6848","targetHints":{"allow":["GET"]}}],"collection":[{"href":"https:\/\/xenonkungen.com\/nl\/wp-json\/wp\/v2\/product"}],"about":[{"href":"https:\/\/xenonkungen.com\/nl\/wp-json\/wp\/v2\/types\/product"}],"replies":[{"embeddable":true,"href":"https:\/\/xenonkungen.com\/nl\/wp-json\/wp\/v2\/comments?post=6848"}],"wp:featuredmedia":[{"embeddable":true,"href":"https:\/\/xenonkungen.com\/nl\/wp-json\/wp\/v2\/media\/6849"}],"wp:attachment":[{"href":"https:\/\/xenonkungen.com\/nl\/wp-json\/wp\/v2\/media?parent=6848"}],"wp:term":[{"taxonomy":"anvandningsomrade","embeddable":true,"href":"https:\/\/xenonkungen.com\/nl\/wp-json\/wp\/v2\/anvandningsomrade?post=6848"},{"taxonomy":"bilmarken","embeddable":true,"href":"https:\/\/xenonkungen.com\/nl\/wp-json\/wp\/v2\/bilmarken?post=6848"},{"taxonomy":"product_brand","embeddable":true,"href":"https:\/\/xenonkungen.com\/nl\/wp-json\/wp\/v2\/product_brand?post=6848"},{"taxonomy":"product_cat","embeddable":true,"href":"https:\/\/xenonkungen.com\/nl\/wp-json\/wp\/v2\/product_cat?post=6848"},{"taxonomy":"product_tag","embeddable":true,"href":"https:\/\/xenonkungen.com\/nl\/wp-json\/wp\/v2\/product_tag?post=6848"}],"curies":[{"name":"wp","href":"https:\/\/api.w.org\/{rel}","templated":true}]}}