{"id":6890,"date":"2025-04-15T09:50:09","date_gmt":"2025-04-15T09:50:09","guid":{"rendered":"https:\/\/xenonkungen.com\/product\/canm8-cannect-pulse-10hz-for-triple-r-smartview-volvo\/"},"modified":"2026-04-25T22:36:51","modified_gmt":"2026-04-25T21:36:51","slug":"canm8-connect-pulse-10hz-voor-triple-r-smartview-volvo","status":"publish","type":"product","link":"https:\/\/xenonkungen.com\/nl\/product\/canm8-connect-pulse-10hz-voor-triple-r-smartview-volvo\/","title":{"rendered":"CanM8 Cannect Pulse (10Hz) - voor Triple-R Smartview (Volvo)"},"content":{"rendered":"<h1 class=\"\"><span>Voor gebruik met Triple-R Smartview<\/span><\/h1>\n<p>De CanM8 Cannect Duo interface (Speed Pulse en High Beam) is een CAN-bus interface met twee uitgangen die een snelle oplossing biedt om actief grootlicht te detecteren op voertuigen met een CAN-bus kabelboom. De Cannect Duo interface heeft ook een blokgolfsignaaluitgang voor snelheidsimpulsen van het voertuig met een frequentie van 10 Hz. Elke interface wordt geleverd met een speciale bedradingskit voor vereenvoudigde installatie. Hij is ook compatibel met onze contactloze lezer, waardoor een metaal-op-metaalverbinding kan worden vermeden.<\/p>\n<p>Cannect Duo is ontworpen voor gebruik met Triple-R Smartview en is vereist als de snelheidsaanpassingsfunctie nodig is om het apparaat te bedienen.<\/p>\n<p>Opmerking! Een andere CanM8-opstelling is vereist voor Volvo-installaties waarbij het alleen mogelijk is om de snelheidssignaaluitgang te detecteren met een speciale interface - CanM8 Cannect Pulse.<\/p>","protected":false},"excerpt":{"rendered":"<p>F\u00f6r anv\u00e4ndning med Triple-R Smartview CanM8 Cannect Duo-gr\u00e4nssnittet (Speed Pulse och helljus) \u00e4r ett CAN-bussgr\u00e4nssnitt med tv\u00e5 utg\u00e5ngar som erbjuder en snabb l\u00f6sning f\u00f6r att detektera aktiva helljus p\u00e5 fordon med ett CAN Bus-kablage. Cannect Duo-gr\u00e4nssnittet har \u00e4ven en fyrkantig signalutg\u00e5ng f\u00f6r hastighetpulser fr\u00e5n fordonet med en frekvens p\u00e5 10 Hz. Varje gr\u00e4nssnitt levereras med [&hellip;]<\/p>","protected":false},"featured_media":6891,"comment_status":"closed","ping_status":"open","template":"","meta":{"_acf_changed":false,"_smort_price_nok":"2003","_smort_price_dkk":"1272","_smort_price_eur":"170.45","_smort_sale_price_nok":"","_smort_sale_price_dkk":"","_smort_sale_price_eur":"","smort_restorder":"","shipmondo_restorder":"","_kad_blocks_custom_css":"","_kad_blocks_head_custom_js":"","_kad_blocks_body_custom_js":"","_kad_blocks_footer_custom_js":"","smort_custom_pricelist_1":"1200","smort_custom_pricelist_2":"1200","smort_custom_pricelist_3":"1200","smort_custom_pricelist_4":"1500","smort_custom_pricelist_5":"1200"},"anvandningsomrade":[],"bilmarken":[],"product_brand":[95],"product_cat":[2487,477,390],"product_tag":[],"class_list":{"0":"post-6890","1":"product","2":"type-product","3":"status-publish","4":"has-post-thumbnail","6":"product_brand-canm8","7":"product_cat-canbus-installation","8":"product_cat-canbus-emc","9":"product_cat-installation","11":"first","12":"onbackorder","13":"taxable","14":"shipping-taxable","15":"purchasable","16":"product-type-simple"},"bundled_by":[],"bundle_stock_status":"onbackorder","bundle_stock_quantity":0,"bundle_virtual":false,"bundle_layout":"","bundle_add_to_cart_form_location":"","bundle_editable_in_cart":false,"bundle_sold_individually_context":"","bundle_item_grouping":"","bundle_min_size":"","bundle_max_size":"","bundle_price":[],"bundled_items":[],"bundle_sell_ids":[],"acf":[],"yoast_head":"<!-- This site is optimized with the Yoast SEO plugin v27.0 - https:\/\/yoast.com\/product\/yoast-seo-wordpress\/ -->\n<title>CanM8 Cannect Pulse (10Hz) - f\u00f6r Triple-R Smartview (Volvo) - Xenonkungen<\/title>\n<meta name=\"robots\" content=\"index, follow, max-snippet:-1, max-image-preview:large, max-video-preview:-1\" \/>\n<link rel=\"canonical\" href=\"https:\/\/xenonkungen.com\/nl\/product\/canm8-connect-pulse-10hz-voor-triple-r-smartview-volvo\/\" \/>\n<meta property=\"og:locale\" content=\"nl_NL\" \/>\n<meta property=\"og:type\" content=\"article\" \/>\n<meta property=\"og:title\" content=\"CanM8 Cannect Pulse (10Hz) - f\u00f6r Triple-R Smartview (Volvo) - Xenonkungen\" \/>\n<meta property=\"og:description\" content=\"F\u00f6r anv\u00e4ndning med Triple-R Smartview CanM8 Cannect Duo-gr\u00e4nssnittet (Speed Pulse och helljus) \u00e4r ett CAN-bussgr\u00e4nssnitt med tv\u00e5 utg\u00e5ngar som erbjuder en snabb l\u00f6sning f\u00f6r att detektera aktiva helljus p\u00e5 fordon med ett CAN Bus-kablage. Cannect Duo-gr\u00e4nssnittet har \u00e4ven en fyrkantig signalutg\u00e5ng f\u00f6r hastighetpulser fr\u00e5n fordonet med en frekvens p\u00e5 10 Hz. Varje gr\u00e4nssnitt levereras med [&hellip;]\" \/>\n<meta property=\"og:url\" content=\"https:\/\/xenonkungen.com\/nl\/product\/canm8-connect-pulse-10hz-voor-triple-r-smartview-volvo\/\" \/>\n<meta property=\"og:site_name\" content=\"Xenonkungen\" \/>\n<meta property=\"article:modified_time\" content=\"2026-04-25T21:36:51+00:00\" \/>\n<meta property=\"og:image\" content=\"https:\/\/xenonkungen.com\/wp-content\/uploads\/2025\/04\/CanM8-Volvo.png\" \/>\n\t<meta property=\"og:image:width\" content=\"1423\" \/>\n\t<meta property=\"og:image:height\" content=\"1062\" \/>\n\t<meta property=\"og:image:type\" content=\"image\/png\" \/>\n<meta name=\"twitter:card\" content=\"summary_large_image\" \/>\n<meta name=\"twitter:label1\" content=\"Geschatte leestijd\" \/>\n\t<meta name=\"twitter:data1\" content=\"1 minuut\" \/>\n<script type=\"application\/ld+json\" class=\"yoast-schema-graph\">{\"@context\":\"https:\/\/schema.org\",\"@graph\":[{\"@type\":\"WebPage\",\"@id\":\"https:\/\/xenonkungen.com\/produkt\/canm8-cannect-pulse-10hz-for-triple-r-smartview-volvo\/\",\"url\":\"https:\/\/xenonkungen.com\/produkt\/canm8-cannect-pulse-10hz-for-triple-r-smartview-volvo\/\",\"name\":\"CanM8 Cannect Pulse (10Hz) - f\u00f6r Triple-R Smartview (Volvo) - Xenonkungen\",\"isPartOf\":{\"@id\":\"https:\/\/xenonkungen.com\/#website\"},\"primaryImageOfPage\":{\"@id\":\"https:\/\/xenonkungen.com\/produkt\/canm8-cannect-pulse-10hz-for-triple-r-smartview-volvo\/#primaryimage\"},\"image\":{\"@id\":\"https:\/\/xenonkungen.com\/produkt\/canm8-cannect-pulse-10hz-for-triple-r-smartview-volvo\/#primaryimage\"},\"thumbnailUrl\":\"https:\/\/xenonkungen.com\/wp-content\/uploads\/2025\/04\/CanM8-Volvo.png\",\"datePublished\":\"2025-04-15T09:50:09+00:00\",\"dateModified\":\"2026-04-25T21:36:51+00:00\",\"breadcrumb\":{\"@id\":\"https:\/\/xenonkungen.com\/produkt\/canm8-cannect-pulse-10hz-for-triple-r-smartview-volvo\/#breadcrumb\"},\"inLanguage\":\"nl-NL\",\"potentialAction\":[{\"@type\":\"ReadAction\",\"target\":[\"https:\/\/xenonkungen.com\/produkt\/canm8-cannect-pulse-10hz-for-triple-r-smartview-volvo\/\"]}]},{\"@type\":\"ImageObject\",\"inLanguage\":\"nl-NL\",\"@id\":\"https:\/\/xenonkungen.com\/produkt\/canm8-cannect-pulse-10hz-for-triple-r-smartview-volvo\/#primaryimage\",\"url\":\"https:\/\/xenonkungen.com\/wp-content\/uploads\/2025\/04\/CanM8-Volvo.png\",\"contentUrl\":\"https:\/\/xenonkungen.com\/wp-content\/uploads\/2025\/04\/CanM8-Volvo.png\",\"width\":1423,\"height\":1062},{\"@type\":\"BreadcrumbList\",\"@id\":\"https:\/\/xenonkungen.com\/produkt\/canm8-cannect-pulse-10hz-for-triple-r-smartview-volvo\/#breadcrumb\",\"itemListElement\":[{\"@type\":\"ListItem\",\"position\":1,\"name\":\"Hem\",\"item\":\"https:\/\/xenonkungen.com\/\"},{\"@type\":\"ListItem\",\"position\":2,\"name\":\"Shop\",\"item\":\"https:\/\/xenonkungen.com\/shop\/\"},{\"@type\":\"ListItem\",\"position\":3,\"name\":\"CanM8 Cannect Pulse (10Hz) &#8211; f\u00f6r Triple-R Smartview (Volvo)\"}]},{\"@type\":\"WebSite\",\"@id\":\"https:\/\/xenonkungen.com\/#website\",\"url\":\"https:\/\/xenonkungen.com\/\",\"name\":\"Xenonkungen\",\"description\":\"\",\"potentialAction\":[{\"@type\":\"SearchAction\",\"target\":{\"@type\":\"EntryPoint\",\"urlTemplate\":\"https:\/\/xenonkungen.com\/?s={search_term_string}\"},\"query-input\":{\"@type\":\"PropertyValueSpecification\",\"valueRequired\":true,\"valueName\":\"search_term_string\"}}],\"inLanguage\":\"nl-NL\"}]}<\/script>\n<!-- \/ Yoast SEO plugin. -->","yoast_head_json":{"title":"CanM8 Cannect Pulse (10Hz) - voor Triple-R Smartview (Volvo) - Xenonkungen","robots":{"index":"index","follow":"follow","max-snippet":"max-snippet:-1","max-image-preview":"max-image-preview:large","max-video-preview":"max-video-preview:-1"},"canonical":"https:\/\/xenonkungen.com\/nl\/product\/canm8-connect-pulse-10hz-voor-triple-r-smartview-volvo\/","og_locale":"nl_NL","og_type":"article","og_title":"CanM8 Cannect Pulse (10Hz) - f\u00f6r Triple-R Smartview (Volvo) - Xenonkungen","og_description":"F\u00f6r anv\u00e4ndning med Triple-R Smartview CanM8 Cannect Duo-gr\u00e4nssnittet (Speed Pulse och helljus) \u00e4r ett CAN-bussgr\u00e4nssnitt med tv\u00e5 utg\u00e5ngar som erbjuder en snabb l\u00f6sning f\u00f6r att detektera aktiva helljus p\u00e5 fordon med ett CAN Bus-kablage. Cannect Duo-gr\u00e4nssnittet har \u00e4ven en fyrkantig signalutg\u00e5ng f\u00f6r hastighetpulser fr\u00e5n fordonet med en frekvens p\u00e5 10 Hz. Varje gr\u00e4nssnitt levereras med [&hellip;]","og_url":"https:\/\/xenonkungen.com\/nl\/product\/canm8-connect-pulse-10hz-voor-triple-r-smartview-volvo\/","og_site_name":"Xenonkungen","article_modified_time":"2026-04-25T21:36:51+00:00","og_image":[{"width":1423,"height":1062,"url":"https:\/\/xenonkungen.com\/wp-content\/uploads\/2025\/04\/CanM8-Volvo.png","type":"image\/png"}],"twitter_card":"summary_large_image","twitter_misc":{"Geschatte leestijd":"1 minuut"},"schema":{"@context":"https:\/\/schema.org","@graph":[{"@type":"WebPage","@id":"https:\/\/xenonkungen.com\/produkt\/canm8-cannect-pulse-10hz-for-triple-r-smartview-volvo\/","url":"https:\/\/xenonkungen.com\/produkt\/canm8-cannect-pulse-10hz-for-triple-r-smartview-volvo\/","name":"CanM8 Cannect Pulse (10Hz) - voor Triple-R Smartview (Volvo) - Xenonkungen","isPartOf":{"@id":"https:\/\/xenonkungen.com\/#website"},"primaryImageOfPage":{"@id":"https:\/\/xenonkungen.com\/produkt\/canm8-cannect-pulse-10hz-for-triple-r-smartview-volvo\/#primaryimage"},"image":{"@id":"https:\/\/xenonkungen.com\/produkt\/canm8-cannect-pulse-10hz-for-triple-r-smartview-volvo\/#primaryimage"},"thumbnailUrl":"https:\/\/xenonkungen.com\/wp-content\/uploads\/2025\/04\/CanM8-Volvo.png","datePublished":"2025-04-15T09:50:09+00:00","dateModified":"2026-04-25T21:36:51+00:00","breadcrumb":{"@id":"https:\/\/xenonkungen.com\/produkt\/canm8-cannect-pulse-10hz-for-triple-r-smartview-volvo\/#breadcrumb"},"inLanguage":"nl-NL","potentialAction":[{"@type":"ReadAction","target":["https:\/\/xenonkungen.com\/produkt\/canm8-cannect-pulse-10hz-for-triple-r-smartview-volvo\/"]}]},{"@type":"ImageObject","inLanguage":"nl-NL","@id":"https:\/\/xenonkungen.com\/produkt\/canm8-cannect-pulse-10hz-for-triple-r-smartview-volvo\/#primaryimage","url":"https:\/\/xenonkungen.com\/wp-content\/uploads\/2025\/04\/CanM8-Volvo.png","contentUrl":"https:\/\/xenonkungen.com\/wp-content\/uploads\/2025\/04\/CanM8-Volvo.png","width":1423,"height":1062},{"@type":"BreadcrumbList","@id":"https:\/\/xenonkungen.com\/produkt\/canm8-cannect-pulse-10hz-for-triple-r-smartview-volvo\/#breadcrumb","itemListElement":[{"@type":"ListItem","position":1,"name":"Hem","item":"https:\/\/xenonkungen.com\/"},{"@type":"ListItem","position":2,"name":"Shop","item":"https:\/\/xenonkungen.com\/shop\/"},{"@type":"ListItem","position":3,"name":"CanM8 Cannect Pulse (10Hz) &#8211; f\u00f6r Triple-R Smartview (Volvo)"}]},{"@type":"WebSite","@id":"https:\/\/xenonkungen.com\/#website","url":"https:\/\/xenonkungen.com\/","name":"Xenonkungen","description":"","potentialAction":[{"@type":"SearchAction","target":{"@type":"EntryPoint","urlTemplate":"https:\/\/xenonkungen.com\/?s={search_term_string}"},"query-input":{"@type":"PropertyValueSpecification","valueRequired":true,"valueName":"search_term_string"}}],"inLanguage":"nl-NL"}]}},"taxonomy_info":{"product_brand":[{"value":95,"label":"CANM8"}],"product_cat":[{"value":2487,"label":"Canbus"},{"value":477,"label":"Canbus | EMC"},{"value":390,"label":"Installation"}]},"featured_image_src_large":["https:\/\/xenonkungen.com\/wp-content\/uploads\/2025\/04\/CanM8-Volvo-1024x764.png",1024,764,true],"author_info":[],"comment_info":0,"_links":{"self":[{"href":"https:\/\/xenonkungen.com\/nl\/wp-json\/wp\/v2\/product\/6890","targetHints":{"allow":["GET"]}}],"collection":[{"href":"https:\/\/xenonkungen.com\/nl\/wp-json\/wp\/v2\/product"}],"about":[{"href":"https:\/\/xenonkungen.com\/nl\/wp-json\/wp\/v2\/types\/product"}],"replies":[{"embeddable":true,"href":"https:\/\/xenonkungen.com\/nl\/wp-json\/wp\/v2\/comments?post=6890"}],"wp:featuredmedia":[{"embeddable":true,"href":"https:\/\/xenonkungen.com\/nl\/wp-json\/wp\/v2\/media\/6891"}],"wp:attachment":[{"href":"https:\/\/xenonkungen.com\/nl\/wp-json\/wp\/v2\/media?parent=6890"}],"wp:term":[{"taxonomy":"anvandningsomrade","embeddable":true,"href":"https:\/\/xenonkungen.com\/nl\/wp-json\/wp\/v2\/anvandningsomrade?post=6890"},{"taxonomy":"bilmarken","embeddable":true,"href":"https:\/\/xenonkungen.com\/nl\/wp-json\/wp\/v2\/bilmarken?post=6890"},{"taxonomy":"product_brand","embeddable":true,"href":"https:\/\/xenonkungen.com\/nl\/wp-json\/wp\/v2\/product_brand?post=6890"},{"taxonomy":"product_cat","embeddable":true,"href":"https:\/\/xenonkungen.com\/nl\/wp-json\/wp\/v2\/product_cat?post=6890"},{"taxonomy":"product_tag","embeddable":true,"href":"https:\/\/xenonkungen.com\/nl\/wp-json\/wp\/v2\/product_tag?post=6890"}],"curies":[{"name":"wp","href":"https:\/\/api.w.org\/{rel}","templated":true}]}}