{"id":6911,"date":"2025-04-15T09:50:21","date_gmt":"2025-04-15T09:50:21","guid":{"rendered":"https:\/\/xenonkungen.com\/product\/3-pack-extraljus-nbb-alpha-225-premium-led\/"},"modified":"2026-04-04T10:04:21","modified_gmt":"2026-04-04T09:04:21","slug":"3-pack-extra-nbb-alpha-225-premium-ledlampen","status":"publish","type":"product","link":"https:\/\/xenonkungen.com\/nl\/product\/3-pack-extra-nbb-alpha-225-premium-ledlampen\/","title":{"rendered":"3-PAK Extra licht NBB Alpha 225 Premium LED"},"content":{"rendered":"<h1>De perfecte set Extra Lights met LED!<\/h1>\n<p>Compleet pakket met 3 extra lampen NBB Alpha 225 met een diameter van 225 mm met een van de absoluut beste lichtpatronen op de markt. Nieuw model met led-positielicht aan de bovenrand (optionele aansluiting).<\/p>\n<p>Populaire NBB Alpha 225 met LED-lichtbron die helderder is dan standaard xenon 6000K. Dit is het resultaat van de Luxtar Genesis LED Koplamp met D2 lampvoet.<\/p>\n<p>De NBB Alpha 225 lamp is ontworpen voor lampvoeten H1 (halogeen of xenon) en D2 (xenon of LED).<\/p>\n<p>Het voordeel van LED is direct vol vermogen en alles ge\u00efntegreerd met een laag gewicht. Bovendien getest als storingsvrij in gevallen waar xenonlicht dit kan veroorzaken.<\/p>\n<p>Diodelamp: Luxtar Genesis D2<br \/>\nVolt: 12\/24V DC<br \/>\nKleurtemperatuur: 6000K<br \/>\nLichtstroom, werkelijk: 3400\u00b1100 lumen<\/p>\n<p>Lampbehuizing: NBB 225 Alpha LED, populaire bestseller die voldoet aan hoge kwaliteitseisen. E-keurmerk in origineel halogeenontwerp. Verticaal gemonteerd.<br \/>\n- Glasvezelversterkte kunststof<br \/>\n- Aluminium vrije-vorm reflector<br \/>\n- Heldere glazen lens in polycarbonaat<br \/>\n- Lichtbeeld Afstandsbediening<\/p>\n<p><strong>Inhoud van de levering:<\/strong><br \/>\n3 stuks <a href=\"https:\/\/www.xenonkungen.com\/sok\/161041\" target=\"_blank\" rel=\"noopener\">Extra licht NBB 225 LED<\/a><br \/>\n3 stuks <a href=\"https:\/\/www.xenonkungen.com\/se\/produkter\/helljus-halvljus\/led\/luxtar-genesis\/luxtarr-genesis-d2h-d2y-gen2.html\" target=\"_blank\" rel=\"noopener\">#20019 Luxtar Genesis D2 LED<\/a><br \/>\n1e <a href=\"https:\/\/www.xenonkungen.com\/se\/produkter\/xenon\/kablar-kontakter\/extraljuskabel-3b-12v.html\" target=\"_blank\" rel=\"noopener\">#103107 Relaisharnas 3B 12V\/60A<\/a><br \/>\n3 stuks <a href=\"https:\/\/www.xenonkungen.com\/se\/produkter\/installationsmaterial\/fasten-universal\/extraljus-stag-rund-svart.html\" target=\"_blank\" rel=\"noopener\">#161107 Extra licht label<\/a><br \/>\n1e <a href=\"https:\/\/www.xenonkungen.com\/se\/produkter\/installationsmaterial\/fasten-universal\/extraljusfaste-svart-3-225mm.html\" target=\"_blank\" rel=\"noopener\">#161101 Extra verlichtingsbeugel Zwart 3<\/a><\/p>\n<p><strong>Let op!<\/strong> Merk op dat de kabel van de diodelamp geen overeenkomstige relaiskabelconnector heeft.<\/p>\n<p>Het pakket wordt ongemonteerd geleverd.<br \/>\nHet extra licht is niet E-goedgekeurd in deze versie.<\/p>\n<p>1 jaar garantie.<\/p>","protected":false},"excerpt":{"rendered":"<p>Den perfekta upps\u00e4ttningen Extraljus med LED! Komplett paket med 3st Extraljus NBB Alpha 225 med diameter 225mm med ett av marknadens absolut b\u00e4sta ljusbild. Nya modellen med LED positionsljus p\u00e5 \u00f6verkanten (valfri inkoppling). Popul\u00e4ra NBB Alpha 225 med LED ljusk\u00e4lla som \u00e4r mer ljusstark \u00e4n standard xenon 6000K. Det \u00e4r resultatet tack vare Luxtar Genesis [&hellip;]<\/p>","protected":false},"featured_media":6912,"comment_status":"closed","ping_status":"closed","template":"","meta":{"_acf_changed":false,"_smort_price_nok":"6083","_smort_price_dkk":"3864","_smort_price_eur":"517.7","_smort_sale_price_nok":"","_smort_sale_price_dkk":"","_smort_sale_price_eur":"388.28","smort_restorder":"","shipmondo_restorder":"","_kad_blocks_custom_css":"","_kad_blocks_head_custom_js":"","_kad_blocks_body_custom_js":"","_kad_blocks_footer_custom_js":"","smort_custom_pricelist_1":"3644.8","smort_custom_pricelist_2":"3417","smort_custom_pricelist_3":"3246.15","smort_custom_pricelist_4":"4556","smort_custom_pricelist_5":"3417"},"anvandningsomrade":[],"bilmarken":[],"product_brand":[104],"product_cat":[2674,142],"product_tag":[],"class_list":{"0":"post-6911","1":"product","2":"type-product","3":"status-publish","4":"has-post-thumbnail","6":"product_brand-nbb","7":"product_cat-paket-extraljus","8":"product_cat-extraljus","10":"first","11":"instock","12":"taxable","13":"shipping-taxable","14":"purchasable","15":"product-type-simple"},"bundled_by":[],"bundle_stock_status":"instock","bundle_stock_quantity":8,"bundle_virtual":false,"bundle_layout":"","bundle_add_to_cart_form_location":"","bundle_editable_in_cart":false,"bundle_sold_individually_context":"","bundle_item_grouping":"","bundle_min_size":"","bundle_max_size":"","bundle_price":[],"bundled_items":[],"bundle_sell_ids":[],"acf":[],"yoast_head":"<!-- This site is optimized with the Yoast SEO plugin v27.0 - https:\/\/yoast.com\/product\/yoast-seo-wordpress\/ -->\n<title>3-PACK Extraljus NBB Alpha 225 Premium LED - Xenonkungen<\/title>\n<meta name=\"robots\" content=\"index, follow, max-snippet:-1, max-image-preview:large, max-video-preview:-1\" \/>\n<link rel=\"canonical\" href=\"https:\/\/xenonkungen.com\/nl\/product\/3-pack-extra-nbb-alpha-225-premium-ledlampen\/\" \/>\n<meta property=\"og:locale\" content=\"nl_NL\" \/>\n<meta property=\"og:type\" content=\"article\" \/>\n<meta property=\"og:title\" content=\"3-PACK Extraljus NBB Alpha 225 Premium LED - Xenonkungen\" \/>\n<meta property=\"og:description\" content=\"Den perfekta upps\u00e4ttningen Extraljus med LED! Komplett paket med 3st Extraljus NBB Alpha 225 med diameter 225mm med ett av marknadens absolut b\u00e4sta ljusbild. Nya modellen med LED positionsljus p\u00e5 \u00f6verkanten (valfri inkoppling). Popul\u00e4ra NBB Alpha 225 med LED ljusk\u00e4lla som \u00e4r mer ljusstark \u00e4n standard xenon 6000K. Det \u00e4r resultatet tack vare Luxtar Genesis [&hellip;]\" \/>\n<meta property=\"og:url\" content=\"https:\/\/xenonkungen.com\/nl\/product\/3-pack-extra-nbb-alpha-225-premium-ledlampen\/\" \/>\n<meta property=\"og:site_name\" content=\"Xenonkungen\" \/>\n<meta property=\"article:modified_time\" content=\"2026-04-04T09:04:21+00:00\" \/>\n<meta property=\"og:image\" content=\"https:\/\/xenonkungen.com\/wp-content\/uploads\/2025\/04\/162425147-origpic-bc3218.png\" \/>\n\t<meta property=\"og:image:width\" content=\"1000\" \/>\n\t<meta property=\"og:image:height\" content=\"910\" \/>\n\t<meta property=\"og:image:type\" content=\"image\/png\" \/>\n<meta name=\"twitter:card\" content=\"summary_large_image\" \/>\n<meta name=\"twitter:label1\" content=\"Geschatte leestijd\" \/>\n\t<meta name=\"twitter:data1\" content=\"2 minuten\" \/>\n<script type=\"application\/ld+json\" class=\"yoast-schema-graph\">{\"@context\":\"https:\/\/schema.org\",\"@graph\":[{\"@type\":\"WebPage\",\"@id\":\"https:\/\/xenonkungen.com\/produkt\/3-pack-extraljus-nbb-alpha-225-premium-led\/\",\"url\":\"https:\/\/xenonkungen.com\/produkt\/3-pack-extraljus-nbb-alpha-225-premium-led\/\",\"name\":\"3-PACK Extraljus NBB Alpha 225 Premium LED - Xenonkungen\",\"isPartOf\":{\"@id\":\"https:\/\/xenonkungen.com\/#website\"},\"primaryImageOfPage\":{\"@id\":\"https:\/\/xenonkungen.com\/produkt\/3-pack-extraljus-nbb-alpha-225-premium-led\/#primaryimage\"},\"image\":{\"@id\":\"https:\/\/xenonkungen.com\/produkt\/3-pack-extraljus-nbb-alpha-225-premium-led\/#primaryimage\"},\"thumbnailUrl\":\"https:\/\/xenonkungen.com\/wp-content\/uploads\/2025\/04\/162425147-origpic-bc3218.png\",\"datePublished\":\"2025-04-15T09:50:21+00:00\",\"dateModified\":\"2026-04-04T09:04:21+00:00\",\"breadcrumb\":{\"@id\":\"https:\/\/xenonkungen.com\/produkt\/3-pack-extraljus-nbb-alpha-225-premium-led\/#breadcrumb\"},\"inLanguage\":\"nl-NL\",\"potentialAction\":[{\"@type\":\"ReadAction\",\"target\":[\"https:\/\/xenonkungen.com\/produkt\/3-pack-extraljus-nbb-alpha-225-premium-led\/\"]}]},{\"@type\":\"ImageObject\",\"inLanguage\":\"nl-NL\",\"@id\":\"https:\/\/xenonkungen.com\/produkt\/3-pack-extraljus-nbb-alpha-225-premium-led\/#primaryimage\",\"url\":\"https:\/\/xenonkungen.com\/wp-content\/uploads\/2025\/04\/162425147-origpic-bc3218.png\",\"contentUrl\":\"https:\/\/xenonkungen.com\/wp-content\/uploads\/2025\/04\/162425147-origpic-bc3218.png\",\"width\":1000,\"height\":910},{\"@type\":\"BreadcrumbList\",\"@id\":\"https:\/\/xenonkungen.com\/produkt\/3-pack-extraljus-nbb-alpha-225-premium-led\/#breadcrumb\",\"itemListElement\":[{\"@type\":\"ListItem\",\"position\":1,\"name\":\"Hem\",\"item\":\"https:\/\/xenonkungen.com\/\"},{\"@type\":\"ListItem\",\"position\":2,\"name\":\"Shop\",\"item\":\"https:\/\/xenonkungen.com\/shop\/\"},{\"@type\":\"ListItem\",\"position\":3,\"name\":\"3-PACK Extraljus NBB Alpha 225 Premium LED\"}]},{\"@type\":\"WebSite\",\"@id\":\"https:\/\/xenonkungen.com\/#website\",\"url\":\"https:\/\/xenonkungen.com\/\",\"name\":\"Xenonkungen\",\"description\":\"\",\"potentialAction\":[{\"@type\":\"SearchAction\",\"target\":{\"@type\":\"EntryPoint\",\"urlTemplate\":\"https:\/\/xenonkungen.com\/?s={search_term_string}\"},\"query-input\":{\"@type\":\"PropertyValueSpecification\",\"valueRequired\":true,\"valueName\":\"search_term_string\"}}],\"inLanguage\":\"nl-NL\"}]}<\/script>\n<!-- \/ Yoast SEO plugin. -->","yoast_head_json":{"title":"3-PACK Extra lampen NBB Alpha 225 Premium LED - Xenonkungen","robots":{"index":"index","follow":"follow","max-snippet":"max-snippet:-1","max-image-preview":"max-image-preview:large","max-video-preview":"max-video-preview:-1"},"canonical":"https:\/\/xenonkungen.com\/nl\/product\/3-pack-extra-nbb-alpha-225-premium-ledlampen\/","og_locale":"nl_NL","og_type":"article","og_title":"3-PACK Extraljus NBB Alpha 225 Premium LED - Xenonkungen","og_description":"Den perfekta upps\u00e4ttningen Extraljus med LED! Komplett paket med 3st Extraljus NBB Alpha 225 med diameter 225mm med ett av marknadens absolut b\u00e4sta ljusbild. Nya modellen med LED positionsljus p\u00e5 \u00f6verkanten (valfri inkoppling). Popul\u00e4ra NBB Alpha 225 med LED ljusk\u00e4lla som \u00e4r mer ljusstark \u00e4n standard xenon 6000K. Det \u00e4r resultatet tack vare Luxtar Genesis [&hellip;]","og_url":"https:\/\/xenonkungen.com\/nl\/product\/3-pack-extra-nbb-alpha-225-premium-ledlampen\/","og_site_name":"Xenonkungen","article_modified_time":"2026-04-04T09:04:21+00:00","og_image":[{"width":1000,"height":910,"url":"https:\/\/xenonkungen.com\/wp-content\/uploads\/2025\/04\/162425147-origpic-bc3218.png","type":"image\/png"}],"twitter_card":"summary_large_image","twitter_misc":{"Geschatte leestijd":"2 minuten"},"schema":{"@context":"https:\/\/schema.org","@graph":[{"@type":"WebPage","@id":"https:\/\/xenonkungen.com\/produkt\/3-pack-extraljus-nbb-alpha-225-premium-led\/","url":"https:\/\/xenonkungen.com\/produkt\/3-pack-extraljus-nbb-alpha-225-premium-led\/","name":"3-PACK Extra lampen NBB Alpha 225 Premium LED - Xenonkungen","isPartOf":{"@id":"https:\/\/xenonkungen.com\/#website"},"primaryImageOfPage":{"@id":"https:\/\/xenonkungen.com\/produkt\/3-pack-extraljus-nbb-alpha-225-premium-led\/#primaryimage"},"image":{"@id":"https:\/\/xenonkungen.com\/produkt\/3-pack-extraljus-nbb-alpha-225-premium-led\/#primaryimage"},"thumbnailUrl":"https:\/\/xenonkungen.com\/wp-content\/uploads\/2025\/04\/162425147-origpic-bc3218.png","datePublished":"2025-04-15T09:50:21+00:00","dateModified":"2026-04-04T09:04:21+00:00","breadcrumb":{"@id":"https:\/\/xenonkungen.com\/produkt\/3-pack-extraljus-nbb-alpha-225-premium-led\/#breadcrumb"},"inLanguage":"nl-NL","potentialAction":[{"@type":"ReadAction","target":["https:\/\/xenonkungen.com\/produkt\/3-pack-extraljus-nbb-alpha-225-premium-led\/"]}]},{"@type":"ImageObject","inLanguage":"nl-NL","@id":"https:\/\/xenonkungen.com\/produkt\/3-pack-extraljus-nbb-alpha-225-premium-led\/#primaryimage","url":"https:\/\/xenonkungen.com\/wp-content\/uploads\/2025\/04\/162425147-origpic-bc3218.png","contentUrl":"https:\/\/xenonkungen.com\/wp-content\/uploads\/2025\/04\/162425147-origpic-bc3218.png","width":1000,"height":910},{"@type":"BreadcrumbList","@id":"https:\/\/xenonkungen.com\/produkt\/3-pack-extraljus-nbb-alpha-225-premium-led\/#breadcrumb","itemListElement":[{"@type":"ListItem","position":1,"name":"Hem","item":"https:\/\/xenonkungen.com\/"},{"@type":"ListItem","position":2,"name":"Shop","item":"https:\/\/xenonkungen.com\/shop\/"},{"@type":"ListItem","position":3,"name":"3-PACK Extraljus NBB Alpha 225 Premium LED"}]},{"@type":"WebSite","@id":"https:\/\/xenonkungen.com\/#website","url":"https:\/\/xenonkungen.com\/","name":"Xenonkungen","description":"","potentialAction":[{"@type":"SearchAction","target":{"@type":"EntryPoint","urlTemplate":"https:\/\/xenonkungen.com\/?s={search_term_string}"},"query-input":{"@type":"PropertyValueSpecification","valueRequired":true,"valueName":"search_term_string"}}],"inLanguage":"nl-NL"}]}},"taxonomy_info":{"product_brand":[{"value":104,"label":"NBB"}],"product_cat":[{"value":2674,"label":"Paket"},{"value":142,"label":"Extraljus"}]},"featured_image_src_large":["https:\/\/xenonkungen.com\/wp-content\/uploads\/2025\/04\/162425147-origpic-bc3218.png",1000,910,false],"author_info":[],"comment_info":0,"_links":{"self":[{"href":"https:\/\/xenonkungen.com\/nl\/wp-json\/wp\/v2\/product\/6911","targetHints":{"allow":["GET"]}}],"collection":[{"href":"https:\/\/xenonkungen.com\/nl\/wp-json\/wp\/v2\/product"}],"about":[{"href":"https:\/\/xenonkungen.com\/nl\/wp-json\/wp\/v2\/types\/product"}],"replies":[{"embeddable":true,"href":"https:\/\/xenonkungen.com\/nl\/wp-json\/wp\/v2\/comments?post=6911"}],"wp:featuredmedia":[{"embeddable":true,"href":"https:\/\/xenonkungen.com\/nl\/wp-json\/wp\/v2\/media\/6912"}],"wp:attachment":[{"href":"https:\/\/xenonkungen.com\/nl\/wp-json\/wp\/v2\/media?parent=6911"}],"wp:term":[{"taxonomy":"anvandningsomrade","embeddable":true,"href":"https:\/\/xenonkungen.com\/nl\/wp-json\/wp\/v2\/anvandningsomrade?post=6911"},{"taxonomy":"bilmarken","embeddable":true,"href":"https:\/\/xenonkungen.com\/nl\/wp-json\/wp\/v2\/bilmarken?post=6911"},{"taxonomy":"product_brand","embeddable":true,"href":"https:\/\/xenonkungen.com\/nl\/wp-json\/wp\/v2\/product_brand?post=6911"},{"taxonomy":"product_cat","embeddable":true,"href":"https:\/\/xenonkungen.com\/nl\/wp-json\/wp\/v2\/product_cat?post=6911"},{"taxonomy":"product_tag","embeddable":true,"href":"https:\/\/xenonkungen.com\/nl\/wp-json\/wp\/v2\/product_tag?post=6911"}],"curies":[{"name":"wp","href":"https:\/\/api.w.org\/{rel}","templated":true}]}}