{"id":7019,"date":"2025-04-15T09:51:41","date_gmt":"2025-04-15T09:51:41","guid":{"rendered":"https:\/\/xenonkungen.com\/product\/bakmarkering-4led-rod-chrome\/"},"modified":"2026-04-11T00:45:55","modified_gmt":"2026-04-10T23:45:55","slug":"achterste-markeringslicht-met-4-leds-verchroomd","status":"publish","type":"product","link":"https:\/\/xenonkungen.com\/nl\/product\/achterste-markeringslicht-met-4-leds-verchroomd\/","title":{"rendered":"Achtermarkering 4LED Rood Chroom"},"content":{"rendered":"<h1>Luxe LED-achtermarkeringslicht in chromen frame met 4 LED&#039;s<\/h1>\n<p>Deze hoogwaardige led-achtermarkeringslamp combineert opvallende esthetiek met geavanceerde technologie voor superieure verlichting. Uitgerust met vier krachtige leds en gevat in een glanzende chromen omlijsting, voegt deze lamp een vleugje elegantie toe aan uw voertuig en zorgt tegelijkertijd voor optimaal zicht.<\/p>\n<h2>Specificaties<\/h2>\n<ul>\n<li>Verlichting: Vier zeer effici\u00ebnte LED-lampen<\/li>\n<li>Frame: hoogwaardig chromen frame<\/li>\n<li>Bescherming: Lekdichte elektronica<\/li>\n<li>Waterdicht: IP67-classificatie, schok- en trillingsbestendig<\/li>\n<li>Montage: Flexibele montagemogelijkheden<\/li>\n<\/ul>\n<h2>Kenmerken en voordelen<\/h2>\n<ul>\n<li>Uitzonderlijke helderheid en zichtbaarheid voor verbeterde veiligheid<\/li>\n<li>Elegante chromen afwerking verbetert het algehele uiterlijk van het voertuig<\/li>\n<li>IP67-classificatie biedt uitgebreide bescherming tegen water en stof<\/li>\n<li>Eenvoudig te installeren met flexibele montageopties<\/li>\n<li>Langdurige prestaties met geavanceerde LED-technologie<\/li>\n<\/ul>","protected":false},"excerpt":{"rendered":"<p>Luxuri\u00f6s LED Bakmarkeringslampa i Kromsarg med 4 LED Denna h\u00f6gkvalitativa LED bakmarkeringslampa kombinerar en sl\u00e5ende estetik med avancerad teknologi f\u00f6r att erbjuda \u00f6verl\u00e4gsen belysning. Utrustad med fyra kraftfulla LED-ljus och innesluten i en gl\u00e4nsande kromsarg, tillf\u00f6r denna lampa en touch av elegans till ditt fordon samtidigt som den s\u00e4kerst\u00e4ller optimal synlighet. Specifikationer Belysning: Fyra h\u00f6geffektiva [&hellip;]<\/p>","protected":false},"featured_media":7020,"comment_status":"closed","ping_status":"open","template":"","meta":{"_acf_changed":false,"_smort_price_nok":"192","_smort_price_dkk":"122","_smort_price_eur":"16.36","_smort_sale_price_nok":"","_smort_sale_price_dkk":"","_smort_sale_price_eur":"","smort_restorder":"","shipmondo_restorder":"","_kad_blocks_custom_css":"","_kad_blocks_head_custom_js":"","_kad_blocks_body_custom_js":"","_kad_blocks_footer_custom_js":"","smort_custom_pricelist_1":"100.8","smort_custom_pricelist_2":"100.8","smort_custom_pricelist_3":"95.76","smort_custom_pricelist_4":"144","smort_custom_pricelist_5":"100.8"},"anvandningsomrade":[166,238,2816],"bilmarken":[],"product_brand":[1252],"product_cat":[2811,2478],"product_tag":[],"class_list":{"0":"post-7019","1":"product","2":"type-product","3":"status-publish","4":"has-post-thumbnail","6":"anvandningsomrade-lastbil","7":"anvandningsomrade-slap","8":"anvandningsomrade-trailer","9":"product_brand-lea","10":"product_cat-bak","11":"product_cat-positionsljus-slap","12":"pa_fuktskydd-varde-ipxx-ip67","13":"pa_godkannande-ece-r10","14":"pa_storlek-mm-58x35x19","15":"pa_stromforbrukning-007a-28v","16":"pa_stromforbrukning-012a-138v","17":"pa_volt-v-12-24","19":"first","20":"onbackorder","21":"taxable","22":"shipping-taxable","23":"purchasable","24":"product-type-simple"},"bundled_by":[],"bundle_stock_status":"onbackorder","bundle_stock_quantity":0,"bundle_virtual":false,"bundle_layout":"","bundle_add_to_cart_form_location":"","bundle_editable_in_cart":false,"bundle_sold_individually_context":"","bundle_item_grouping":"","bundle_min_size":"","bundle_max_size":"","bundle_price":[],"bundled_items":[],"bundle_sell_ids":[],"acf":[],"yoast_head":"<!-- This site is optimized with the Yoast SEO plugin v27.0 - https:\/\/yoast.com\/product\/yoast-seo-wordpress\/ -->\n<title>Bakmarkering 4LED R\u00f6d Chrome - Xenonkungen<\/title>\n<meta name=\"robots\" content=\"index, follow, max-snippet:-1, max-image-preview:large, max-video-preview:-1\" \/>\n<link rel=\"canonical\" href=\"https:\/\/xenonkungen.com\/nl\/product\/achterste-markeringslicht-met-4-leds-verchroomd\/\" \/>\n<meta property=\"og:locale\" content=\"nl_NL\" \/>\n<meta property=\"og:type\" content=\"article\" \/>\n<meta property=\"og:title\" content=\"Bakmarkering 4LED R\u00f6d Chrome - Xenonkungen\" \/>\n<meta property=\"og:description\" content=\"Luxuri\u00f6s LED Bakmarkeringslampa i Kromsarg med 4 LED Denna h\u00f6gkvalitativa LED bakmarkeringslampa kombinerar en sl\u00e5ende estetik med avancerad teknologi f\u00f6r att erbjuda \u00f6verl\u00e4gsen belysning. Utrustad med fyra kraftfulla LED-ljus och innesluten i en gl\u00e4nsande kromsarg, tillf\u00f6r denna lampa en touch av elegans till ditt fordon samtidigt som den s\u00e4kerst\u00e4ller optimal synlighet. Specifikationer Belysning: Fyra h\u00f6geffektiva [&hellip;]\" \/>\n<meta property=\"og:url\" content=\"https:\/\/xenonkungen.com\/nl\/product\/achterste-markeringslicht-met-4-leds-verchroomd\/\" \/>\n<meta property=\"og:site_name\" content=\"Xenonkungen\" \/>\n<meta property=\"article:modified_time\" content=\"2026-04-10T23:45:55+00:00\" \/>\n<meta property=\"og:image\" content=\"https:\/\/xenonkungen.com\/wp-content\/uploads\/2025\/04\/7324288-origpic-03844b.jpg\" \/>\n\t<meta property=\"og:image:width\" content=\"600\" \/>\n\t<meta property=\"og:image:height\" content=\"600\" \/>\n\t<meta property=\"og:image:type\" content=\"image\/jpeg\" \/>\n<meta name=\"twitter:card\" content=\"summary_large_image\" \/>\n<meta name=\"twitter:label1\" content=\"Geschatte leestijd\" \/>\n\t<meta name=\"twitter:data1\" content=\"1 minuut\" \/>\n<script type=\"application\/ld+json\" class=\"yoast-schema-graph\">{\"@context\":\"https:\/\/schema.org\",\"@graph\":[{\"@type\":\"WebPage\",\"@id\":\"https:\/\/xenonkungen.com\/produkt\/bakmarkering-4led-rod-chrome\/\",\"url\":\"https:\/\/xenonkungen.com\/produkt\/bakmarkering-4led-rod-chrome\/\",\"name\":\"Bakmarkering 4LED R\u00f6d Chrome - Xenonkungen\",\"isPartOf\":{\"@id\":\"https:\/\/xenonkungen.com\/#website\"},\"primaryImageOfPage\":{\"@id\":\"https:\/\/xenonkungen.com\/produkt\/bakmarkering-4led-rod-chrome\/#primaryimage\"},\"image\":{\"@id\":\"https:\/\/xenonkungen.com\/produkt\/bakmarkering-4led-rod-chrome\/#primaryimage\"},\"thumbnailUrl\":\"https:\/\/xenonkungen.com\/wp-content\/uploads\/2025\/04\/7324288-origpic-03844b.jpg\",\"datePublished\":\"2025-04-15T09:51:41+00:00\",\"dateModified\":\"2026-04-10T23:45:55+00:00\",\"breadcrumb\":{\"@id\":\"https:\/\/xenonkungen.com\/produkt\/bakmarkering-4led-rod-chrome\/#breadcrumb\"},\"inLanguage\":\"nl-NL\",\"potentialAction\":[{\"@type\":\"ReadAction\",\"target\":[\"https:\/\/xenonkungen.com\/produkt\/bakmarkering-4led-rod-chrome\/\"]}]},{\"@type\":\"ImageObject\",\"inLanguage\":\"nl-NL\",\"@id\":\"https:\/\/xenonkungen.com\/produkt\/bakmarkering-4led-rod-chrome\/#primaryimage\",\"url\":\"https:\/\/xenonkungen.com\/wp-content\/uploads\/2025\/04\/7324288-origpic-03844b.jpg\",\"contentUrl\":\"https:\/\/xenonkungen.com\/wp-content\/uploads\/2025\/04\/7324288-origpic-03844b.jpg\",\"width\":600,\"height\":600},{\"@type\":\"BreadcrumbList\",\"@id\":\"https:\/\/xenonkungen.com\/produkt\/bakmarkering-4led-rod-chrome\/#breadcrumb\",\"itemListElement\":[{\"@type\":\"ListItem\",\"position\":1,\"name\":\"Hem\",\"item\":\"https:\/\/xenonkungen.com\/\"},{\"@type\":\"ListItem\",\"position\":2,\"name\":\"Shop\",\"item\":\"https:\/\/xenonkungen.com\/shop\/\"},{\"@type\":\"ListItem\",\"position\":3,\"name\":\"Bakmarkering 4LED R\u00f6d Chrome\"}]},{\"@type\":\"WebSite\",\"@id\":\"https:\/\/xenonkungen.com\/#website\",\"url\":\"https:\/\/xenonkungen.com\/\",\"name\":\"Xenonkungen\",\"description\":\"\",\"potentialAction\":[{\"@type\":\"SearchAction\",\"target\":{\"@type\":\"EntryPoint\",\"urlTemplate\":\"https:\/\/xenonkungen.com\/?s={search_term_string}\"},\"query-input\":{\"@type\":\"PropertyValueSpecification\",\"valueRequired\":true,\"valueName\":\"search_term_string\"}}],\"inLanguage\":\"nl-NL\"}]}<\/script>\n<!-- \/ Yoast SEO plugin. -->","yoast_head_json":{"title":"Achterlicht 4LED Rood Chroom - Xenonkungen","robots":{"index":"index","follow":"follow","max-snippet":"max-snippet:-1","max-image-preview":"max-image-preview:large","max-video-preview":"max-video-preview:-1"},"canonical":"https:\/\/xenonkungen.com\/nl\/product\/achterste-markeringslicht-met-4-leds-verchroomd\/","og_locale":"nl_NL","og_type":"article","og_title":"Bakmarkering 4LED R\u00f6d Chrome - Xenonkungen","og_description":"Luxuri\u00f6s LED Bakmarkeringslampa i Kromsarg med 4 LED Denna h\u00f6gkvalitativa LED bakmarkeringslampa kombinerar en sl\u00e5ende estetik med avancerad teknologi f\u00f6r att erbjuda \u00f6verl\u00e4gsen belysning. Utrustad med fyra kraftfulla LED-ljus och innesluten i en gl\u00e4nsande kromsarg, tillf\u00f6r denna lampa en touch av elegans till ditt fordon samtidigt som den s\u00e4kerst\u00e4ller optimal synlighet. Specifikationer Belysning: Fyra h\u00f6geffektiva [&hellip;]","og_url":"https:\/\/xenonkungen.com\/nl\/product\/achterste-markeringslicht-met-4-leds-verchroomd\/","og_site_name":"Xenonkungen","article_modified_time":"2026-04-10T23:45:55+00:00","og_image":[{"width":600,"height":600,"url":"https:\/\/xenonkungen.com\/wp-content\/uploads\/2025\/04\/7324288-origpic-03844b.jpg","type":"image\/jpeg"}],"twitter_card":"summary_large_image","twitter_misc":{"Geschatte leestijd":"1 minuut"},"schema":{"@context":"https:\/\/schema.org","@graph":[{"@type":"WebPage","@id":"https:\/\/xenonkungen.com\/produkt\/bakmarkering-4led-rod-chrome\/","url":"https:\/\/xenonkungen.com\/produkt\/bakmarkering-4led-rod-chrome\/","name":"Achterlicht 4LED Rood Chroom - Xenonkungen","isPartOf":{"@id":"https:\/\/xenonkungen.com\/#website"},"primaryImageOfPage":{"@id":"https:\/\/xenonkungen.com\/produkt\/bakmarkering-4led-rod-chrome\/#primaryimage"},"image":{"@id":"https:\/\/xenonkungen.com\/produkt\/bakmarkering-4led-rod-chrome\/#primaryimage"},"thumbnailUrl":"https:\/\/xenonkungen.com\/wp-content\/uploads\/2025\/04\/7324288-origpic-03844b.jpg","datePublished":"2025-04-15T09:51:41+00:00","dateModified":"2026-04-10T23:45:55+00:00","breadcrumb":{"@id":"https:\/\/xenonkungen.com\/produkt\/bakmarkering-4led-rod-chrome\/#breadcrumb"},"inLanguage":"nl-NL","potentialAction":[{"@type":"ReadAction","target":["https:\/\/xenonkungen.com\/produkt\/bakmarkering-4led-rod-chrome\/"]}]},{"@type":"ImageObject","inLanguage":"nl-NL","@id":"https:\/\/xenonkungen.com\/produkt\/bakmarkering-4led-rod-chrome\/#primaryimage","url":"https:\/\/xenonkungen.com\/wp-content\/uploads\/2025\/04\/7324288-origpic-03844b.jpg","contentUrl":"https:\/\/xenonkungen.com\/wp-content\/uploads\/2025\/04\/7324288-origpic-03844b.jpg","width":600,"height":600},{"@type":"BreadcrumbList","@id":"https:\/\/xenonkungen.com\/produkt\/bakmarkering-4led-rod-chrome\/#breadcrumb","itemListElement":[{"@type":"ListItem","position":1,"name":"Hem","item":"https:\/\/xenonkungen.com\/"},{"@type":"ListItem","position":2,"name":"Shop","item":"https:\/\/xenonkungen.com\/shop\/"},{"@type":"ListItem","position":3,"name":"Bakmarkering 4LED R\u00f6d Chrome"}]},{"@type":"WebSite","@id":"https:\/\/xenonkungen.com\/#website","url":"https:\/\/xenonkungen.com\/","name":"Xenonkungen","description":"","potentialAction":[{"@type":"SearchAction","target":{"@type":"EntryPoint","urlTemplate":"https:\/\/xenonkungen.com\/?s={search_term_string}"},"query-input":{"@type":"PropertyValueSpecification","valueRequired":true,"valueName":"search_term_string"}}],"inLanguage":"nl-NL"}]}},"taxonomy_info":{"anvandningsomrade":[{"value":166,"label":"Lastbil"},{"value":238,"label":"SL\u00c4P"},{"value":2816,"label":"TRAILER"}],"product_brand":[{"value":1252,"label":"LEA"}],"product_cat":[{"value":2811,"label":"Bak"},{"value":2478,"label":"Positionsljus"}],"pa_fuktskydd-varde-ipxx":[{"value":333,"label":"IP67"}],"pa_godkannande":[{"value":966,"label":"ECE, R10"}],"pa_storlek-mm":[{"value":1868,"label":"58x35x19"}],"pa_stromforbrukning":[{"value":1876,"label":"0,07A @28V"},{"value":1875,"label":"0,12A @13,8V"}],"pa_volt-v":[{"value":348,"label":"12, 24"}]},"featured_image_src_large":["https:\/\/xenonkungen.com\/wp-content\/uploads\/2025\/04\/7324288-origpic-03844b.jpg",600,600,false],"author_info":[],"comment_info":0,"_links":{"self":[{"href":"https:\/\/xenonkungen.com\/nl\/wp-json\/wp\/v2\/product\/7019","targetHints":{"allow":["GET"]}}],"collection":[{"href":"https:\/\/xenonkungen.com\/nl\/wp-json\/wp\/v2\/product"}],"about":[{"href":"https:\/\/xenonkungen.com\/nl\/wp-json\/wp\/v2\/types\/product"}],"replies":[{"embeddable":true,"href":"https:\/\/xenonkungen.com\/nl\/wp-json\/wp\/v2\/comments?post=7019"}],"wp:featuredmedia":[{"embeddable":true,"href":"https:\/\/xenonkungen.com\/nl\/wp-json\/wp\/v2\/media\/7020"}],"wp:attachment":[{"href":"https:\/\/xenonkungen.com\/nl\/wp-json\/wp\/v2\/media?parent=7019"}],"wp:term":[{"taxonomy":"anvandningsomrade","embeddable":true,"href":"https:\/\/xenonkungen.com\/nl\/wp-json\/wp\/v2\/anvandningsomrade?post=7019"},{"taxonomy":"bilmarken","embeddable":true,"href":"https:\/\/xenonkungen.com\/nl\/wp-json\/wp\/v2\/bilmarken?post=7019"},{"taxonomy":"product_brand","embeddable":true,"href":"https:\/\/xenonkungen.com\/nl\/wp-json\/wp\/v2\/product_brand?post=7019"},{"taxonomy":"product_cat","embeddable":true,"href":"https:\/\/xenonkungen.com\/nl\/wp-json\/wp\/v2\/product_cat?post=7019"},{"taxonomy":"product_tag","embeddable":true,"href":"https:\/\/xenonkungen.com\/nl\/wp-json\/wp\/v2\/product_tag?post=7019"}],"curies":[{"name":"wp","href":"https:\/\/api.w.org\/{rel}","templated":true}]}}