{"id":7022,"date":"2025-04-15T09:51:47","date_gmt":"2025-04-15T09:51:47","guid":{"rendered":"https:\/\/xenonkungen.com\/product\/frontmarkering-4led-vit-chrome\/"},"modified":"2026-04-11T00:45:58","modified_gmt":"2026-04-10T23:45:58","slug":"frontmarkering-4-led-wit-chroom","status":"publish","type":"product","link":"https:\/\/xenonkungen.com\/nl\/product\/frontmarkering-4-led-wit-chroom\/","title":{"rendered":"Markering voorkant 4LED Wit Chroom"},"content":{"rendered":"<h1>Modern verchroomd LED-voormarkeringslicht met 4 LED's<\/h1>\n<p>Deze LED-voormarkeringslamp van hoge kwaliteit, geaccentueerd met een elegant chromen frame, is op maat gemaakt om een helder en duidelijk licht van vier LED's te geven. Deze lamp is ideaal voor montage op zowel het interieur als het exterieur van alle soorten voertuigen en is ontworpen om de weg voor je te verlichten met een opvallend en aantrekkelijk wit licht. Met zijn lekdichte elektronica biedt hij een betrouwbare en duurzame verlichtingsoplossing in alle omstandigheden.<\/p>\n<h2>Specificaties<\/h2>\n<ul>\n<li>Lichtbron: 4 krachtige LED's<\/li>\n<li>Materiaal: verchroomd frame, lekvrije elektronica<\/li>\n<li>Kleur: Wit<\/li>\n<li>Lichtspreiding: Geoptimaliseerd voor maximale zichtbaarheid<\/li>\n<li>IP67-classificatie: Hoge weerstand tegen schokken en trillingen en volledig waterdicht<\/li>\n<li>Veiligheidsfuncties: Kortsluitbeveiliging<\/li>\n<\/ul>\n<h2>Kenmerken en voordelen<\/h2>\n<p>Deze moderne verchroomde LED-voormarkeringslamp combineert geavanceerde verlichtingseigenschappen met een slank ontwerp om niet alleen de zichtbaarheid, maar ook het algehele uiterlijk van het voertuig te verbeteren. Dankzij de flexibele montagemogelijkheden en duurzame constructie is deze lamp ideaal voor diverse voertuigen, van personenauto's en bedrijfswagens tot recreatievoertuigen.<\/p>\n<ul>\n<li>Vier krachtige LED's voor uitzonderlijke helderheid en effici\u00ebntie<\/li>\n<li>Stijlvolle chromen afwerking voegt een luxueus tintje toe aan de esthetiek van het voertuig<\/li>\n<li>Lekdichte elektronica voor langdurige prestaties onder zware omstandigheden<\/li>\n<li>Eenvoudige installatie dankzij het robuuste en flexibele ontwerp<\/li>\n<li>Ideaal voor meer veiligheid en zichtbaarheid op de weg<\/li>\n<\/ul>","protected":false},"excerpt":{"rendered":"<p>Modernt Kromad LED Frontmarkeringslampa med 4 LED Denna h\u00f6gkvalitativa LED frontmarkeringslampa, framh\u00e4vd med en elegant kromsarg, \u00e4r skr\u00e4ddarsydd f\u00f6r att ge ett starkt och klart ljus fr\u00e5n fyra LED-lampor. Perfekt f\u00f6r montage b\u00e5de p\u00e5 interi\u00f6r och exteri\u00f6r del av alla typer av fordon, denna lampa \u00e4r utformad f\u00f6r att belysa v\u00e4gen framf\u00f6r med ett distinkt [&hellip;]<\/p>","protected":false},"featured_media":7023,"comment_status":"closed","ping_status":"open","template":"","meta":{"_acf_changed":false,"_smort_price_nok":"320","_smort_price_dkk":"204","_smort_price_eur":"27.27","_smort_sale_price_nok":"","_smort_sale_price_dkk":"","_smort_sale_price_eur":"","smort_restorder":"","shipmondo_restorder":"","_kad_blocks_custom_css":"","_kad_blocks_head_custom_js":"","_kad_blocks_body_custom_js":"","_kad_blocks_footer_custom_js":"","smort_custom_pricelist_1":"168","smort_custom_pricelist_2":"168","smort_custom_pricelist_3":"159.6","smort_custom_pricelist_4":"240","smort_custom_pricelist_5":"168"},"anvandningsomrade":[166,238,2816],"bilmarken":[],"product_brand":[1252],"product_cat":[2810,2478],"product_tag":[],"class_list":{"0":"post-7022","1":"product","2":"type-product","3":"status-publish","4":"has-post-thumbnail","6":"anvandningsomrade-lastbil","7":"anvandningsomrade-slap","8":"anvandningsomrade-trailer","9":"product_brand-lea","10":"product_cat-front","11":"product_cat-positionsljus-slap","12":"pa_fuktskydd-varde-ipxx-ip67","13":"pa_godkannande-ece-r10","14":"pa_storlek-mm-58x35x19","15":"pa_stromforbrukning-004a-28v","16":"pa_stromforbrukning-005a-138v","17":"pa_volt-v-12-24","19":"first","20":"onbackorder","21":"taxable","22":"shipping-taxable","23":"purchasable","24":"product-type-simple"},"bundled_by":[],"bundle_stock_status":"onbackorder","bundle_stock_quantity":0,"bundle_virtual":false,"bundle_layout":"","bundle_add_to_cart_form_location":"","bundle_editable_in_cart":false,"bundle_sold_individually_context":"","bundle_item_grouping":"","bundle_min_size":"","bundle_max_size":"","bundle_price":[],"bundled_items":[],"bundle_sell_ids":[],"acf":[],"yoast_head":"<!-- This site is optimized with the Yoast SEO plugin v27.0 - https:\/\/yoast.com\/product\/yoast-seo-wordpress\/ -->\n<title>Frontmarkering 4LED Vit Chrome - Xenonkungen<\/title>\n<meta name=\"robots\" content=\"index, follow, max-snippet:-1, max-image-preview:large, max-video-preview:-1\" \/>\n<link rel=\"canonical\" href=\"https:\/\/xenonkungen.com\/nl\/product\/frontmarkering-4-led-wit-chroom\/\" \/>\n<meta property=\"og:locale\" content=\"nl_NL\" \/>\n<meta property=\"og:type\" content=\"article\" \/>\n<meta property=\"og:title\" content=\"Frontmarkering 4LED Vit Chrome - Xenonkungen\" \/>\n<meta property=\"og:description\" content=\"Modernt Kromad LED Frontmarkeringslampa med 4 LED Denna h\u00f6gkvalitativa LED frontmarkeringslampa, framh\u00e4vd med en elegant kromsarg, \u00e4r skr\u00e4ddarsydd f\u00f6r att ge ett starkt och klart ljus fr\u00e5n fyra LED-lampor. Perfekt f\u00f6r montage b\u00e5de p\u00e5 interi\u00f6r och exteri\u00f6r del av alla typer av fordon, denna lampa \u00e4r utformad f\u00f6r att belysa v\u00e4gen framf\u00f6r med ett distinkt [&hellip;]\" \/>\n<meta property=\"og:url\" content=\"https:\/\/xenonkungen.com\/nl\/product\/frontmarkering-4-led-wit-chroom\/\" \/>\n<meta property=\"og:site_name\" content=\"Xenonkungen\" \/>\n<meta property=\"article:modified_time\" content=\"2026-04-10T23:45:58+00:00\" \/>\n<meta property=\"og:image\" content=\"https:\/\/xenonkungen.com\/wp-content\/uploads\/2025\/04\/7324310-origpic-8693fd.jpg\" \/>\n\t<meta property=\"og:image:width\" content=\"600\" \/>\n\t<meta property=\"og:image:height\" content=\"600\" \/>\n\t<meta property=\"og:image:type\" content=\"image\/jpeg\" \/>\n<meta name=\"twitter:card\" content=\"summary_large_image\" \/>\n<meta name=\"twitter:label1\" content=\"Geschatte leestijd\" \/>\n\t<meta name=\"twitter:data1\" content=\"1 minuut\" \/>\n<script type=\"application\/ld+json\" class=\"yoast-schema-graph\">{\"@context\":\"https:\/\/schema.org\",\"@graph\":[{\"@type\":\"WebPage\",\"@id\":\"https:\/\/xenonkungen.com\/fi\/tuote\/etumerkinta-4-ledia-valkoinen-kromi\/\",\"url\":\"https:\/\/xenonkungen.com\/fi\/tuote\/etumerkinta-4-ledia-valkoinen-kromi\/\",\"name\":\"Frontmarkering 4LED Vit Chrome - Xenonkungen\",\"isPartOf\":{\"@id\":\"https:\/\/xenonkungen.com\/#website\"},\"primaryImageOfPage\":{\"@id\":\"https:\/\/xenonkungen.com\/fi\/tuote\/etumerkinta-4-ledia-valkoinen-kromi\/#primaryimage\"},\"image\":{\"@id\":\"https:\/\/xenonkungen.com\/fi\/tuote\/etumerkinta-4-ledia-valkoinen-kromi\/#primaryimage\"},\"thumbnailUrl\":\"https:\/\/xenonkungen.com\/wp-content\/uploads\/2025\/04\/7324310-origpic-8693fd.jpg\",\"datePublished\":\"2025-04-15T09:51:47+00:00\",\"dateModified\":\"2026-04-10T23:45:58+00:00\",\"breadcrumb\":{\"@id\":\"https:\/\/xenonkungen.com\/fi\/tuote\/etumerkinta-4-ledia-valkoinen-kromi\/#breadcrumb\"},\"inLanguage\":\"nl-NL\",\"potentialAction\":[{\"@type\":\"ReadAction\",\"target\":[\"https:\/\/xenonkungen.com\/fi\/tuote\/etumerkinta-4-ledia-valkoinen-kromi\/\"]}]},{\"@type\":\"ImageObject\",\"inLanguage\":\"nl-NL\",\"@id\":\"https:\/\/xenonkungen.com\/fi\/tuote\/etumerkinta-4-ledia-valkoinen-kromi\/#primaryimage\",\"url\":\"https:\/\/xenonkungen.com\/wp-content\/uploads\/2025\/04\/7324310-origpic-8693fd.jpg\",\"contentUrl\":\"https:\/\/xenonkungen.com\/wp-content\/uploads\/2025\/04\/7324310-origpic-8693fd.jpg\",\"width\":600,\"height\":600},{\"@type\":\"BreadcrumbList\",\"@id\":\"https:\/\/xenonkungen.com\/fi\/tuote\/etumerkinta-4-ledia-valkoinen-kromi\/#breadcrumb\",\"itemListElement\":[{\"@type\":\"ListItem\",\"position\":1,\"name\":\"Hem\",\"item\":\"https:\/\/xenonkungen.com\/\"},{\"@type\":\"ListItem\",\"position\":2,\"name\":\"Shop\",\"item\":\"https:\/\/xenonkungen.com\/shop\/\"},{\"@type\":\"ListItem\",\"position\":3,\"name\":\"Frontmarkering 4LED Vit Chrome\"}]},{\"@type\":\"WebSite\",\"@id\":\"https:\/\/xenonkungen.com\/#website\",\"url\":\"https:\/\/xenonkungen.com\/\",\"name\":\"Xenonkungen\",\"description\":\"\",\"potentialAction\":[{\"@type\":\"SearchAction\",\"target\":{\"@type\":\"EntryPoint\",\"urlTemplate\":\"https:\/\/xenonkungen.com\/?s={search_term_string}\"},\"query-input\":{\"@type\":\"PropertyValueSpecification\",\"valueRequired\":true,\"valueName\":\"search_term_string\"}}],\"inLanguage\":\"nl-NL\"}]}<\/script>\n<!-- \/ Yoast SEO plugin. -->","yoast_head_json":{"title":"Frontmarkering 4LED Wit Chroom - De Xenon koning","robots":{"index":"index","follow":"follow","max-snippet":"max-snippet:-1","max-image-preview":"max-image-preview:large","max-video-preview":"max-video-preview:-1"},"canonical":"https:\/\/xenonkungen.com\/nl\/product\/frontmarkering-4-led-wit-chroom\/","og_locale":"nl_NL","og_type":"article","og_title":"Frontmarkering 4LED Vit Chrome - Xenonkungen","og_description":"Modernt Kromad LED Frontmarkeringslampa med 4 LED Denna h\u00f6gkvalitativa LED frontmarkeringslampa, framh\u00e4vd med en elegant kromsarg, \u00e4r skr\u00e4ddarsydd f\u00f6r att ge ett starkt och klart ljus fr\u00e5n fyra LED-lampor. Perfekt f\u00f6r montage b\u00e5de p\u00e5 interi\u00f6r och exteri\u00f6r del av alla typer av fordon, denna lampa \u00e4r utformad f\u00f6r att belysa v\u00e4gen framf\u00f6r med ett distinkt [&hellip;]","og_url":"https:\/\/xenonkungen.com\/nl\/product\/frontmarkering-4-led-wit-chroom\/","og_site_name":"Xenonkungen","article_modified_time":"2026-04-10T23:45:58+00:00","og_image":[{"width":600,"height":600,"url":"https:\/\/xenonkungen.com\/wp-content\/uploads\/2025\/04\/7324310-origpic-8693fd.jpg","type":"image\/jpeg"}],"twitter_card":"summary_large_image","twitter_misc":{"Geschatte leestijd":"1 minuut"},"schema":{"@context":"https:\/\/schema.org","@graph":[{"@type":"WebPage","@id":"https:\/\/xenonkungen.com\/fi\/tuote\/etumerkinta-4-ledia-valkoinen-kromi\/","url":"https:\/\/xenonkungen.com\/fi\/tuote\/etumerkinta-4-ledia-valkoinen-kromi\/","name":"Frontmarkering 4LED Wit Chroom - De Xenon koning","isPartOf":{"@id":"https:\/\/xenonkungen.com\/#website"},"primaryImageOfPage":{"@id":"https:\/\/xenonkungen.com\/fi\/tuote\/etumerkinta-4-ledia-valkoinen-kromi\/#primaryimage"},"image":{"@id":"https:\/\/xenonkungen.com\/fi\/tuote\/etumerkinta-4-ledia-valkoinen-kromi\/#primaryimage"},"thumbnailUrl":"https:\/\/xenonkungen.com\/wp-content\/uploads\/2025\/04\/7324310-origpic-8693fd.jpg","datePublished":"2025-04-15T09:51:47+00:00","dateModified":"2026-04-10T23:45:58+00:00","breadcrumb":{"@id":"https:\/\/xenonkungen.com\/fi\/tuote\/etumerkinta-4-ledia-valkoinen-kromi\/#breadcrumb"},"inLanguage":"nl-NL","potentialAction":[{"@type":"ReadAction","target":["https:\/\/xenonkungen.com\/fi\/tuote\/etumerkinta-4-ledia-valkoinen-kromi\/"]}]},{"@type":"ImageObject","inLanguage":"nl-NL","@id":"https:\/\/xenonkungen.com\/fi\/tuote\/etumerkinta-4-ledia-valkoinen-kromi\/#primaryimage","url":"https:\/\/xenonkungen.com\/wp-content\/uploads\/2025\/04\/7324310-origpic-8693fd.jpg","contentUrl":"https:\/\/xenonkungen.com\/wp-content\/uploads\/2025\/04\/7324310-origpic-8693fd.jpg","width":600,"height":600},{"@type":"BreadcrumbList","@id":"https:\/\/xenonkungen.com\/fi\/tuote\/etumerkinta-4-ledia-valkoinen-kromi\/#breadcrumb","itemListElement":[{"@type":"ListItem","position":1,"name":"Hem","item":"https:\/\/xenonkungen.com\/"},{"@type":"ListItem","position":2,"name":"Shop","item":"https:\/\/xenonkungen.com\/shop\/"},{"@type":"ListItem","position":3,"name":"Frontmarkering 4LED Vit Chrome"}]},{"@type":"WebSite","@id":"https:\/\/xenonkungen.com\/#website","url":"https:\/\/xenonkungen.com\/","name":"Xenonkungen","description":"","potentialAction":[{"@type":"SearchAction","target":{"@type":"EntryPoint","urlTemplate":"https:\/\/xenonkungen.com\/?s={search_term_string}"},"query-input":{"@type":"PropertyValueSpecification","valueRequired":true,"valueName":"search_term_string"}}],"inLanguage":"nl-NL"}]}},"taxonomy_info":{"anvandningsomrade":[{"value":166,"label":"Lastbil"},{"value":238,"label":"SL\u00c4P"},{"value":2816,"label":"TRAILER"}],"product_brand":[{"value":1252,"label":"LEA"}],"product_cat":[{"value":2810,"label":"Front"},{"value":2478,"label":"Positionsljus"}],"pa_fuktskydd-varde-ipxx":[{"value":333,"label":"IP67"}],"pa_godkannande":[{"value":966,"label":"ECE, R10"}],"pa_storlek-mm":[{"value":1868,"label":"58x35x19"}],"pa_stromforbrukning":[{"value":1872,"label":"0,04A @28V"},{"value":1877,"label":"0,05A @13,8V"}],"pa_volt-v":[{"value":348,"label":"12, 24"}]},"featured_image_src_large":["https:\/\/xenonkungen.com\/wp-content\/uploads\/2025\/04\/7324310-origpic-8693fd.jpg",600,600,false],"author_info":[],"comment_info":0,"_links":{"self":[{"href":"https:\/\/xenonkungen.com\/nl\/wp-json\/wp\/v2\/product\/7022","targetHints":{"allow":["GET"]}}],"collection":[{"href":"https:\/\/xenonkungen.com\/nl\/wp-json\/wp\/v2\/product"}],"about":[{"href":"https:\/\/xenonkungen.com\/nl\/wp-json\/wp\/v2\/types\/product"}],"replies":[{"embeddable":true,"href":"https:\/\/xenonkungen.com\/nl\/wp-json\/wp\/v2\/comments?post=7022"}],"wp:featuredmedia":[{"embeddable":true,"href":"https:\/\/xenonkungen.com\/nl\/wp-json\/wp\/v2\/media\/7023"}],"wp:attachment":[{"href":"https:\/\/xenonkungen.com\/nl\/wp-json\/wp\/v2\/media?parent=7022"}],"wp:term":[{"taxonomy":"anvandningsomrade","embeddable":true,"href":"https:\/\/xenonkungen.com\/nl\/wp-json\/wp\/v2\/anvandningsomrade?post=7022"},{"taxonomy":"bilmarken","embeddable":true,"href":"https:\/\/xenonkungen.com\/nl\/wp-json\/wp\/v2\/bilmarken?post=7022"},{"taxonomy":"product_brand","embeddable":true,"href":"https:\/\/xenonkungen.com\/nl\/wp-json\/wp\/v2\/product_brand?post=7022"},{"taxonomy":"product_cat","embeddable":true,"href":"https:\/\/xenonkungen.com\/nl\/wp-json\/wp\/v2\/product_cat?post=7022"},{"taxonomy":"product_tag","embeddable":true,"href":"https:\/\/xenonkungen.com\/nl\/wp-json\/wp\/v2\/product_tag?post=7022"}],"curies":[{"name":"wp","href":"https:\/\/api.w.org\/{rel}","templated":true}]}}