{"id":7054,"date":"2025-04-15T09:51:53","date_gmt":"2025-04-15T09:51:53","guid":{"rendered":"https:\/\/xenonkungen.com\/product\/frontmarkering-37cwm2p\/"},"modified":"2026-04-11T00:46:24","modified_gmt":"2026-04-10T23:46:24","slug":"voorste-markering-37cwm2p","status":"publish","type":"product","link":"https:\/\/xenonkungen.com\/nl\/product\/voorste-markering-37cwm2p\/","title":{"rendered":"Frontmarkering 37CWM2P"},"content":{"rendered":"<h1>Stijlvolle witte LED-frontmarkeringslamp met chromen afwerking<\/h1>\n<p>Deze moderne frontmarkeringslamp is ideaal om de contouren van uw voertuig te accentueren met een helder, wit licht. Speciaal ontworpen voor eenvoudige installatie aan de buitenkant van uw voertuig, combineert hij geavanceerde ledtechnologie met een strakke chromen omlijsting voor een onderscheidende en verfijnde look. De lekvrije elektronica en het eenvoudige montagesysteem met 3M-tape, stekkers en een 2-pins &#039;Push and Seal&#039;-connector maken de installatie zowel snel als veilig.<\/p>\n<h2>Specificaties<\/h2>\n<ul>\n<li>Lichtkleur: Wit<\/li>\n<li>Montagemethode: Eenvoudige montage met 3M-tape, pluggen en 2-pins &#039;Push and Seal&#039;-connector<\/li>\n<li>Materiaal: verchroomd frame, lekvrije elektronica<\/li>\n<li>IP67-classificatie: waterdicht en stofdicht, bestand tegen schokken en trillingen<\/li>\n<li>Veiligheidsfuncties: Kortsluitbeveiliging<\/li>\n<\/ul>\n<h2>Kenmerken en voordelen<\/h2>\n<p>Het stijlvolle design en de geavanceerde technologie van deze witte LED-frontmarkeringslamp maken hem een uitstekende keuze voor wie zowel esthetiek als functionaliteit zoekt. De chromen omlijsting zorgt voor een luxueuze afwerking, terwijl de witte LED-verlichting zorgt voor een hoge zichtbaarheid en een verbeterd veiligheidsprofiel voor het voertuig. Dankzij de eenvoudige maar robuuste montage biedt dit lampmodel een zorgeloze installatie en langdurige prestaties.<\/p>\n<ul>\n<li>Krachtige en energiezuinige witte LED-verlichting voor maximale zichtbaarheid<\/li>\n<li>Elegante chromen afwerking geeft het ontwerp van het voertuig een luxueuze touch<\/li>\n<li>Eenvoudige en veilige installatie met innovatieve &#039;Push and Seal&#039;-technologie en 3M-tape<\/li>\n<li>Ideaal voor diverse voertuigen, van personenauto&#039;s tot bedrijfs- en recreatievoertuigen<\/li>\n<\/ul>","protected":false},"excerpt":{"rendered":"<p>Stilfull Vit LED Frontmarkeringslampa med Kromsarg Denna moderna frontmarkeringslampa \u00e4r idealisk f\u00f6r att framh\u00e4va fordonets konturer med ett skarpt, vitt ljus. Den \u00e4r s\u00e4rskilt utformad f\u00f6r enkel montering p\u00e5 fordonets yttre delar, och kombinerar avancerad LED-teknologi med en elegant kromsarg f\u00f6r en distinkt och sofistikerad look. Dess l\u00e4ckagef\u00f6rseglade elektronik och det enkla monteringssystemet med 3M-tejp, [&hellip;]<\/p>","protected":false},"featured_media":7055,"comment_status":"closed","ping_status":"open","template":"","meta":{"_acf_changed":false,"_smort_price_nok":"160","_smort_price_dkk":"102","_smort_price_eur":"13.64","_smort_sale_price_nok":"","_smort_sale_price_dkk":"","_smort_sale_price_eur":"","smort_restorder":"","shipmondo_restorder":"","_kad_blocks_custom_css":"","_kad_blocks_head_custom_js":"","_kad_blocks_body_custom_js":"","_kad_blocks_footer_custom_js":"","smort_custom_pricelist_1":"84","smort_custom_pricelist_2":"84","smort_custom_pricelist_3":"79.8","smort_custom_pricelist_4":"120","smort_custom_pricelist_5":"84"},"anvandningsomrade":[166,238,2816],"bilmarken":[],"product_brand":[1252],"product_cat":[2810,2478],"product_tag":[],"class_list":{"0":"post-7054","1":"product","2":"type-product","3":"status-publish","4":"has-post-thumbnail","6":"anvandningsomrade-lastbil","7":"anvandningsomrade-slap","8":"anvandningsomrade-trailer","9":"product_brand-lea","10":"product_cat-front","11":"product_cat-positionsljus-slap","12":"pa_fuktskydd-varde-ipxx-ip67","13":"pa_godkannande-ece-emc","14":"pa_storlek-mm-70x35x20","15":"pa_stromforbrukning-002a-28v","16":"pa_stromforbrukning-003a-138v","17":"pa_volt-v-12-24","19":"first","20":"instock","21":"taxable","22":"shipping-taxable","23":"purchasable","24":"product-type-simple"},"bundled_by":[],"bundle_stock_status":"instock","bundle_stock_quantity":2,"bundle_virtual":false,"bundle_layout":"","bundle_add_to_cart_form_location":"","bundle_editable_in_cart":false,"bundle_sold_individually_context":"","bundle_item_grouping":"","bundle_min_size":"","bundle_max_size":"","bundle_price":[],"bundled_items":[],"bundle_sell_ids":[],"acf":[],"yoast_head":"<!-- This site is optimized with the Yoast SEO plugin v27.0 - https:\/\/yoast.com\/product\/yoast-seo-wordpress\/ -->\n<title>Frontmarkering 37CWM2P - Xenonkungen<\/title>\n<meta name=\"robots\" content=\"index, follow, max-snippet:-1, max-image-preview:large, max-video-preview:-1\" \/>\n<link rel=\"canonical\" href=\"https:\/\/xenonkungen.com\/nl\/product\/voorste-markering-37cwm2p\/\" \/>\n<meta property=\"og:locale\" content=\"nl_NL\" \/>\n<meta property=\"og:type\" content=\"article\" \/>\n<meta property=\"og:title\" content=\"Frontmarkering 37CWM2P - Xenonkungen\" \/>\n<meta property=\"og:description\" content=\"Stilfull Vit LED Frontmarkeringslampa med Kromsarg Denna moderna frontmarkeringslampa \u00e4r idealisk f\u00f6r att framh\u00e4va fordonets konturer med ett skarpt, vitt ljus. Den \u00e4r s\u00e4rskilt utformad f\u00f6r enkel montering p\u00e5 fordonets yttre delar, och kombinerar avancerad LED-teknologi med en elegant kromsarg f\u00f6r en distinkt och sofistikerad look. Dess l\u00e4ckagef\u00f6rseglade elektronik och det enkla monteringssystemet med 3M-tejp, [&hellip;]\" \/>\n<meta property=\"og:url\" content=\"https:\/\/xenonkungen.com\/nl\/product\/voorste-markering-37cwm2p\/\" \/>\n<meta property=\"og:site_name\" content=\"Xenonkungen\" \/>\n<meta property=\"article:modified_time\" content=\"2026-04-10T23:46:24+00:00\" \/>\n<meta property=\"og:image\" content=\"https:\/\/xenonkungen.com\/wp-content\/uploads\/2025\/04\/37CWM-800x800-1.jpg\" \/>\n\t<meta property=\"og:image:width\" content=\"800\" \/>\n\t<meta property=\"og:image:height\" content=\"800\" \/>\n\t<meta property=\"og:image:type\" content=\"image\/jpeg\" \/>\n<meta name=\"twitter:card\" content=\"summary_large_image\" \/>\n<meta name=\"twitter:label1\" content=\"Geschatte leestijd\" \/>\n\t<meta name=\"twitter:data1\" content=\"1 minuut\" \/>\n<script type=\"application\/ld+json\" class=\"yoast-schema-graph\">{\"@context\":\"https:\/\/schema.org\",\"@graph\":[{\"@type\":\"WebPage\",\"@id\":\"https:\/\/xenonkungen.com\/produkt\/frontmarkering-37cwm2p\/\",\"url\":\"https:\/\/xenonkungen.com\/produkt\/frontmarkering-37cwm2p\/\",\"name\":\"Frontmarkering 37CWM2P - Xenonkungen\",\"isPartOf\":{\"@id\":\"https:\/\/xenonkungen.com\/#website\"},\"primaryImageOfPage\":{\"@id\":\"https:\/\/xenonkungen.com\/produkt\/frontmarkering-37cwm2p\/#primaryimage\"},\"image\":{\"@id\":\"https:\/\/xenonkungen.com\/produkt\/frontmarkering-37cwm2p\/#primaryimage\"},\"thumbnailUrl\":\"https:\/\/xenonkungen.com\/wp-content\/uploads\/2025\/04\/37CWM-800x800-1.jpg\",\"datePublished\":\"2025-04-15T09:51:53+00:00\",\"dateModified\":\"2026-04-10T23:46:24+00:00\",\"breadcrumb\":{\"@id\":\"https:\/\/xenonkungen.com\/produkt\/frontmarkering-37cwm2p\/#breadcrumb\"},\"inLanguage\":\"nl-NL\",\"potentialAction\":[{\"@type\":\"ReadAction\",\"target\":[\"https:\/\/xenonkungen.com\/produkt\/frontmarkering-37cwm2p\/\"]}]},{\"@type\":\"ImageObject\",\"inLanguage\":\"nl-NL\",\"@id\":\"https:\/\/xenonkungen.com\/produkt\/frontmarkering-37cwm2p\/#primaryimage\",\"url\":\"https:\/\/xenonkungen.com\/wp-content\/uploads\/2025\/04\/37CWM-800x800-1.jpg\",\"contentUrl\":\"https:\/\/xenonkungen.com\/wp-content\/uploads\/2025\/04\/37CWM-800x800-1.jpg\",\"width\":800,\"height\":800},{\"@type\":\"BreadcrumbList\",\"@id\":\"https:\/\/xenonkungen.com\/produkt\/frontmarkering-37cwm2p\/#breadcrumb\",\"itemListElement\":[{\"@type\":\"ListItem\",\"position\":1,\"name\":\"Hem\",\"item\":\"https:\/\/xenonkungen.com\/\"},{\"@type\":\"ListItem\",\"position\":2,\"name\":\"Shop\",\"item\":\"https:\/\/xenonkungen.com\/shop\/\"},{\"@type\":\"ListItem\",\"position\":3,\"name\":\"Frontmarkering 37CWM2P\"}]},{\"@type\":\"WebSite\",\"@id\":\"https:\/\/xenonkungen.com\/#website\",\"url\":\"https:\/\/xenonkungen.com\/\",\"name\":\"Xenonkungen\",\"description\":\"\",\"potentialAction\":[{\"@type\":\"SearchAction\",\"target\":{\"@type\":\"EntryPoint\",\"urlTemplate\":\"https:\/\/xenonkungen.com\/?s={search_term_string}\"},\"query-input\":{\"@type\":\"PropertyValueSpecification\",\"valueRequired\":true,\"valueName\":\"search_term_string\"}}],\"inLanguage\":\"nl-NL\"}]}<\/script>\n<!-- \/ Yoast SEO plugin. -->","yoast_head_json":{"title":"Markering voorzijde 37CWM2P - De Xenon Koning","robots":{"index":"index","follow":"follow","max-snippet":"max-snippet:-1","max-image-preview":"max-image-preview:large","max-video-preview":"max-video-preview:-1"},"canonical":"https:\/\/xenonkungen.com\/nl\/product\/voorste-markering-37cwm2p\/","og_locale":"nl_NL","og_type":"article","og_title":"Frontmarkering 37CWM2P - Xenonkungen","og_description":"Stilfull Vit LED Frontmarkeringslampa med Kromsarg Denna moderna frontmarkeringslampa \u00e4r idealisk f\u00f6r att framh\u00e4va fordonets konturer med ett skarpt, vitt ljus. Den \u00e4r s\u00e4rskilt utformad f\u00f6r enkel montering p\u00e5 fordonets yttre delar, och kombinerar avancerad LED-teknologi med en elegant kromsarg f\u00f6r en distinkt och sofistikerad look. Dess l\u00e4ckagef\u00f6rseglade elektronik och det enkla monteringssystemet med 3M-tejp, [&hellip;]","og_url":"https:\/\/xenonkungen.com\/nl\/product\/voorste-markering-37cwm2p\/","og_site_name":"Xenonkungen","article_modified_time":"2026-04-10T23:46:24+00:00","og_image":[{"width":800,"height":800,"url":"https:\/\/xenonkungen.com\/wp-content\/uploads\/2025\/04\/37CWM-800x800-1.jpg","type":"image\/jpeg"}],"twitter_card":"summary_large_image","twitter_misc":{"Geschatte leestijd":"1 minuut"},"schema":{"@context":"https:\/\/schema.org","@graph":[{"@type":"WebPage","@id":"https:\/\/xenonkungen.com\/produkt\/frontmarkering-37cwm2p\/","url":"https:\/\/xenonkungen.com\/produkt\/frontmarkering-37cwm2p\/","name":"Markering voorzijde 37CWM2P - De Xenon Koning","isPartOf":{"@id":"https:\/\/xenonkungen.com\/#website"},"primaryImageOfPage":{"@id":"https:\/\/xenonkungen.com\/produkt\/frontmarkering-37cwm2p\/#primaryimage"},"image":{"@id":"https:\/\/xenonkungen.com\/produkt\/frontmarkering-37cwm2p\/#primaryimage"},"thumbnailUrl":"https:\/\/xenonkungen.com\/wp-content\/uploads\/2025\/04\/37CWM-800x800-1.jpg","datePublished":"2025-04-15T09:51:53+00:00","dateModified":"2026-04-10T23:46:24+00:00","breadcrumb":{"@id":"https:\/\/xenonkungen.com\/produkt\/frontmarkering-37cwm2p\/#breadcrumb"},"inLanguage":"nl-NL","potentialAction":[{"@type":"ReadAction","target":["https:\/\/xenonkungen.com\/produkt\/frontmarkering-37cwm2p\/"]}]},{"@type":"ImageObject","inLanguage":"nl-NL","@id":"https:\/\/xenonkungen.com\/produkt\/frontmarkering-37cwm2p\/#primaryimage","url":"https:\/\/xenonkungen.com\/wp-content\/uploads\/2025\/04\/37CWM-800x800-1.jpg","contentUrl":"https:\/\/xenonkungen.com\/wp-content\/uploads\/2025\/04\/37CWM-800x800-1.jpg","width":800,"height":800},{"@type":"BreadcrumbList","@id":"https:\/\/xenonkungen.com\/produkt\/frontmarkering-37cwm2p\/#breadcrumb","itemListElement":[{"@type":"ListItem","position":1,"name":"Hem","item":"https:\/\/xenonkungen.com\/"},{"@type":"ListItem","position":2,"name":"Shop","item":"https:\/\/xenonkungen.com\/shop\/"},{"@type":"ListItem","position":3,"name":"Frontmarkering 37CWM2P"}]},{"@type":"WebSite","@id":"https:\/\/xenonkungen.com\/#website","url":"https:\/\/xenonkungen.com\/","name":"Xenonkungen","description":"","potentialAction":[{"@type":"SearchAction","target":{"@type":"EntryPoint","urlTemplate":"https:\/\/xenonkungen.com\/?s={search_term_string}"},"query-input":{"@type":"PropertyValueSpecification","valueRequired":true,"valueName":"search_term_string"}}],"inLanguage":"nl-NL"}]}},"taxonomy_info":{"anvandningsomrade":[{"value":166,"label":"Lastbil"},{"value":238,"label":"SL\u00c4P"},{"value":2816,"label":"TRAILER"}],"product_brand":[{"value":1252,"label":"LEA"}],"product_cat":[{"value":2810,"label":"Front"},{"value":2478,"label":"Positionsljus"}],"pa_fuktskydd-varde-ipxx":[{"value":333,"label":"IP67"}],"pa_godkannande":[{"value":1262,"label":"ECE, EMC"}],"pa_storlek-mm":[{"value":1878,"label":"70x35x20"}],"pa_stromforbrukning":[{"value":1874,"label":"0,02A @28V"},{"value":1829,"label":"0,03A @13,8V"}],"pa_volt-v":[{"value":348,"label":"12, 24"}]},"featured_image_src_large":["https:\/\/xenonkungen.com\/wp-content\/uploads\/2025\/04\/37CWM-800x800-1.jpg",800,800,false],"author_info":[],"comment_info":0,"_links":{"self":[{"href":"https:\/\/xenonkungen.com\/nl\/wp-json\/wp\/v2\/product\/7054","targetHints":{"allow":["GET"]}}],"collection":[{"href":"https:\/\/xenonkungen.com\/nl\/wp-json\/wp\/v2\/product"}],"about":[{"href":"https:\/\/xenonkungen.com\/nl\/wp-json\/wp\/v2\/types\/product"}],"replies":[{"embeddable":true,"href":"https:\/\/xenonkungen.com\/nl\/wp-json\/wp\/v2\/comments?post=7054"}],"wp:featuredmedia":[{"embeddable":true,"href":"https:\/\/xenonkungen.com\/nl\/wp-json\/wp\/v2\/media\/7055"}],"wp:attachment":[{"href":"https:\/\/xenonkungen.com\/nl\/wp-json\/wp\/v2\/media?parent=7054"}],"wp:term":[{"taxonomy":"anvandningsomrade","embeddable":true,"href":"https:\/\/xenonkungen.com\/nl\/wp-json\/wp\/v2\/anvandningsomrade?post=7054"},{"taxonomy":"bilmarken","embeddable":true,"href":"https:\/\/xenonkungen.com\/nl\/wp-json\/wp\/v2\/bilmarken?post=7054"},{"taxonomy":"product_brand","embeddable":true,"href":"https:\/\/xenonkungen.com\/nl\/wp-json\/wp\/v2\/product_brand?post=7054"},{"taxonomy":"product_cat","embeddable":true,"href":"https:\/\/xenonkungen.com\/nl\/wp-json\/wp\/v2\/product_cat?post=7054"},{"taxonomy":"product_tag","embeddable":true,"href":"https:\/\/xenonkungen.com\/nl\/wp-json\/wp\/v2\/product_tag?post=7054"}],"curies":[{"name":"wp","href":"https:\/\/api.w.org\/{rel}","templated":true}]}}