{"id":7058,"date":"2025-04-15T09:52:04","date_gmt":"2025-04-15T09:52:04","guid":{"rendered":"https:\/\/xenonkungen.com\/product\/bakmarkering-37rm\/"},"modified":"2026-04-11T00:46:27","modified_gmt":"2026-04-10T23:46:27","slug":"achterste-markering-37rm","status":"publish","type":"product","link":"https:\/\/xenonkungen.com\/nl\/product\/achterste-markering-37rm\/","title":{"rendered":"Achtermarkering 37RM"},"content":{"rendered":"<h1>Moderne LED-achtermarkeringslamp in zwart frame<\/h1>\n<p>Deze stijlvolle led-achtermarkeringslamp valt op door zijn zwarte frame en innovatieve design, waardoor het een uitstekende keuze is voor iedereen die op zoek is naar zowel functionaliteit als esthetiek voor zijn voertuig. Dankzij de lekvrije elektronica en eenvoudige installatie is deze lamp gebouwd om lang mee te gaan.<\/p>\n<h2>Specificaties<\/h2>\n<ul>\n<li>Verlichtingstechnologie: Hoogwaardige LED<\/li>\n<li>Montageoplossing: 3M-tape en pluggen, geen boren nodig<\/li>\n<li>Ontwerp: Zwart frame voor een stijlvolle esthetiek<\/li>\n<li>Beschermingsniveau: IP67, lekvrije elektronica<\/li>\n<li>Toepassingen: Perfect voor een reeks voertuigen<\/li>\n<\/ul>\n<h2>Kenmerken en voordelen<\/h2>\n<p>Dankzij de energiezuinige LED-technologie en het elegante design verbetert deze lamp zowel de veiligheid als de zichtbaarheid van uw voertuig.<\/p>\n<ul>\n<li>Energiezuinige en hoogwaardige LED-verlichting<\/li>\n<li>Zwarte afwerking voor een discrete en elegante look<\/li>\n<li>IP67-classificatie voor uitzonderlijke bescherming<\/li>\n<li>Eenvoudige en schroefloze montage<\/li>\n<li>Flexibel inzetbaar op een breed scala aan voertuigen<\/li>\n<\/ul>","protected":false},"excerpt":{"rendered":"<p>Modern LED Bakmarkeringslampa i Svart Sarg Denna stilrena LED bakmarkeringslampa utm\u00e4rker sig med sin svarta sarg och innovativa design, vilket g\u00f6r den till ett utm\u00e4rkt val f\u00f6r alla som s\u00f6ker b\u00e5de funktionalitet och estetik f\u00f6r sitt fordon. Med l\u00e4ckagef\u00f6rseglad elektronik och enkel montering, \u00e4r denna lampa byggd f\u00f6r att h\u00e5lla. Specifikationer Belysningsteknologi: H\u00f6gkvalitativ LED Monteringsl\u00f6sning: [&hellip;]<\/p>","protected":false},"featured_media":7059,"comment_status":"closed","ping_status":"open","template":"","meta":{"_acf_changed":false,"_smort_price_nok":"128","_smort_price_dkk":"81","_smort_price_eur":"10.91","_smort_sale_price_nok":"","_smort_sale_price_dkk":"","_smort_sale_price_eur":"","smort_restorder":"","shipmondo_restorder":"","_kad_blocks_custom_css":"","_kad_blocks_head_custom_js":"","_kad_blocks_body_custom_js":"","_kad_blocks_footer_custom_js":"","smort_custom_pricelist_1":"67.2","smort_custom_pricelist_2":"67.2","smort_custom_pricelist_3":"63.84","smort_custom_pricelist_4":"96","smort_custom_pricelist_5":"67.2"},"anvandningsomrade":[166,238,2816],"bilmarken":[],"product_brand":[1252],"product_cat":[2811,2478],"product_tag":[],"class_list":{"0":"post-7058","1":"product","2":"type-product","3":"status-publish","4":"has-post-thumbnail","6":"anvandningsomrade-lastbil","7":"anvandningsomrade-slap","8":"anvandningsomrade-trailer","9":"product_brand-lea","10":"product_cat-bak","11":"product_cat-positionsljus-slap","12":"pa_fuktskydd-varde-ipxx-ip67","13":"pa_godkannande-ece-emc","14":"pa_storlek-mm-70x35x20","15":"pa_stromforbrukning-002a-28v","16":"pa_stromforbrukning-003a-138v","17":"pa_volt-v-12-24","19":"first","20":"instock","21":"taxable","22":"shipping-taxable","23":"purchasable","24":"product-type-simple"},"bundled_by":[],"bundle_stock_status":"instock","bundle_stock_quantity":6,"bundle_virtual":false,"bundle_layout":"","bundle_add_to_cart_form_location":"","bundle_editable_in_cart":false,"bundle_sold_individually_context":"","bundle_item_grouping":"","bundle_min_size":"","bundle_max_size":"","bundle_price":[],"bundled_items":[],"bundle_sell_ids":[],"acf":[],"yoast_head":"<!-- This site is optimized with the Yoast SEO plugin v27.0 - https:\/\/yoast.com\/product\/yoast-seo-wordpress\/ -->\n<title>Bakmarkering 37RM - Xenonkungen<\/title>\n<meta name=\"robots\" content=\"index, follow, max-snippet:-1, max-image-preview:large, max-video-preview:-1\" \/>\n<link rel=\"canonical\" href=\"https:\/\/xenonkungen.com\/nl\/product\/achterste-markering-37rm\/\" \/>\n<meta property=\"og:locale\" content=\"nl_NL\" \/>\n<meta property=\"og:type\" content=\"article\" \/>\n<meta property=\"og:title\" content=\"Bakmarkering 37RM - Xenonkungen\" \/>\n<meta property=\"og:description\" content=\"Modern LED Bakmarkeringslampa i Svart Sarg Denna stilrena LED bakmarkeringslampa utm\u00e4rker sig med sin svarta sarg och innovativa design, vilket g\u00f6r den till ett utm\u00e4rkt val f\u00f6r alla som s\u00f6ker b\u00e5de funktionalitet och estetik f\u00f6r sitt fordon. Med l\u00e4ckagef\u00f6rseglad elektronik och enkel montering, \u00e4r denna lampa byggd f\u00f6r att h\u00e5lla. Specifikationer Belysningsteknologi: H\u00f6gkvalitativ LED Monteringsl\u00f6sning: [&hellip;]\" \/>\n<meta property=\"og:url\" content=\"https:\/\/xenonkungen.com\/nl\/product\/achterste-markering-37rm\/\" \/>\n<meta property=\"og:site_name\" content=\"Xenonkungen\" \/>\n<meta property=\"article:modified_time\" content=\"2026-04-10T23:46:27+00:00\" \/>\n<meta property=\"og:image\" content=\"https:\/\/xenonkungen.com\/wp-content\/uploads\/2025\/04\/37RM-800x800-1.jpg\" \/>\n\t<meta property=\"og:image:width\" content=\"800\" \/>\n\t<meta property=\"og:image:height\" content=\"800\" \/>\n\t<meta property=\"og:image:type\" content=\"image\/jpeg\" \/>\n<meta name=\"twitter:card\" content=\"summary_large_image\" \/>\n<meta name=\"twitter:label1\" content=\"Geschatte leestijd\" \/>\n\t<meta name=\"twitter:data1\" content=\"1 minuut\" \/>\n<script type=\"application\/ld+json\" class=\"yoast-schema-graph\">{\"@context\":\"https:\/\/schema.org\",\"@graph\":[{\"@type\":\"WebPage\",\"@id\":\"https:\/\/xenonkungen.com\/no\/produkt\/bakre-markering-37rm\/\",\"url\":\"https:\/\/xenonkungen.com\/no\/produkt\/bakre-markering-37rm\/\",\"name\":\"Bakmarkering 37RM - Xenonkungen\",\"isPartOf\":{\"@id\":\"https:\/\/xenonkungen.com\/#website\"},\"primaryImageOfPage\":{\"@id\":\"https:\/\/xenonkungen.com\/no\/produkt\/bakre-markering-37rm\/#primaryimage\"},\"image\":{\"@id\":\"https:\/\/xenonkungen.com\/no\/produkt\/bakre-markering-37rm\/#primaryimage\"},\"thumbnailUrl\":\"https:\/\/xenonkungen.com\/wp-content\/uploads\/2025\/04\/37RM-800x800-1.jpg\",\"datePublished\":\"2025-04-15T09:52:04+00:00\",\"dateModified\":\"2026-04-10T23:46:27+00:00\",\"breadcrumb\":{\"@id\":\"https:\/\/xenonkungen.com\/no\/produkt\/bakre-markering-37rm\/#breadcrumb\"},\"inLanguage\":\"nl-NL\",\"potentialAction\":[{\"@type\":\"ReadAction\",\"target\":[\"https:\/\/xenonkungen.com\/no\/produkt\/bakre-markering-37rm\/\"]}]},{\"@type\":\"ImageObject\",\"inLanguage\":\"nl-NL\",\"@id\":\"https:\/\/xenonkungen.com\/no\/produkt\/bakre-markering-37rm\/#primaryimage\",\"url\":\"https:\/\/xenonkungen.com\/wp-content\/uploads\/2025\/04\/37RM-800x800-1.jpg\",\"contentUrl\":\"https:\/\/xenonkungen.com\/wp-content\/uploads\/2025\/04\/37RM-800x800-1.jpg\",\"width\":800,\"height\":800},{\"@type\":\"BreadcrumbList\",\"@id\":\"https:\/\/xenonkungen.com\/no\/produkt\/bakre-markering-37rm\/#breadcrumb\",\"itemListElement\":[{\"@type\":\"ListItem\",\"position\":1,\"name\":\"Hem\",\"item\":\"https:\/\/xenonkungen.com\/\"},{\"@type\":\"ListItem\",\"position\":2,\"name\":\"Shop\",\"item\":\"https:\/\/xenonkungen.com\/shop\/\"},{\"@type\":\"ListItem\",\"position\":3,\"name\":\"Bakmarkering 37RM\"}]},{\"@type\":\"WebSite\",\"@id\":\"https:\/\/xenonkungen.com\/#website\",\"url\":\"https:\/\/xenonkungen.com\/\",\"name\":\"Xenonkungen\",\"description\":\"\",\"potentialAction\":[{\"@type\":\"SearchAction\",\"target\":{\"@type\":\"EntryPoint\",\"urlTemplate\":\"https:\/\/xenonkungen.com\/?s={search_term_string}\"},\"query-input\":{\"@type\":\"PropertyValueSpecification\",\"valueRequired\":true,\"valueName\":\"search_term_string\"}}],\"inLanguage\":\"nl-NL\"}]}<\/script>\n<!-- \/ Yoast SEO plugin. -->","yoast_head_json":{"title":"Achtermarkering 37RM - De Xenonkoning","robots":{"index":"index","follow":"follow","max-snippet":"max-snippet:-1","max-image-preview":"max-image-preview:large","max-video-preview":"max-video-preview:-1"},"canonical":"https:\/\/xenonkungen.com\/nl\/product\/achterste-markering-37rm\/","og_locale":"nl_NL","og_type":"article","og_title":"Bakmarkering 37RM - Xenonkungen","og_description":"Modern LED Bakmarkeringslampa i Svart Sarg Denna stilrena LED bakmarkeringslampa utm\u00e4rker sig med sin svarta sarg och innovativa design, vilket g\u00f6r den till ett utm\u00e4rkt val f\u00f6r alla som s\u00f6ker b\u00e5de funktionalitet och estetik f\u00f6r sitt fordon. Med l\u00e4ckagef\u00f6rseglad elektronik och enkel montering, \u00e4r denna lampa byggd f\u00f6r att h\u00e5lla. Specifikationer Belysningsteknologi: H\u00f6gkvalitativ LED Monteringsl\u00f6sning: [&hellip;]","og_url":"https:\/\/xenonkungen.com\/nl\/product\/achterste-markering-37rm\/","og_site_name":"Xenonkungen","article_modified_time":"2026-04-10T23:46:27+00:00","og_image":[{"width":800,"height":800,"url":"https:\/\/xenonkungen.com\/wp-content\/uploads\/2025\/04\/37RM-800x800-1.jpg","type":"image\/jpeg"}],"twitter_card":"summary_large_image","twitter_misc":{"Geschatte leestijd":"1 minuut"},"schema":{"@context":"https:\/\/schema.org","@graph":[{"@type":"WebPage","@id":"https:\/\/xenonkungen.com\/no\/produkt\/bakre-markering-37rm\/","url":"https:\/\/xenonkungen.com\/no\/produkt\/bakre-markering-37rm\/","name":"Achtermarkering 37RM - De Xenonkoning","isPartOf":{"@id":"https:\/\/xenonkungen.com\/#website"},"primaryImageOfPage":{"@id":"https:\/\/xenonkungen.com\/no\/produkt\/bakre-markering-37rm\/#primaryimage"},"image":{"@id":"https:\/\/xenonkungen.com\/no\/produkt\/bakre-markering-37rm\/#primaryimage"},"thumbnailUrl":"https:\/\/xenonkungen.com\/wp-content\/uploads\/2025\/04\/37RM-800x800-1.jpg","datePublished":"2025-04-15T09:52:04+00:00","dateModified":"2026-04-10T23:46:27+00:00","breadcrumb":{"@id":"https:\/\/xenonkungen.com\/no\/produkt\/bakre-markering-37rm\/#breadcrumb"},"inLanguage":"nl-NL","potentialAction":[{"@type":"ReadAction","target":["https:\/\/xenonkungen.com\/no\/produkt\/bakre-markering-37rm\/"]}]},{"@type":"ImageObject","inLanguage":"nl-NL","@id":"https:\/\/xenonkungen.com\/no\/produkt\/bakre-markering-37rm\/#primaryimage","url":"https:\/\/xenonkungen.com\/wp-content\/uploads\/2025\/04\/37RM-800x800-1.jpg","contentUrl":"https:\/\/xenonkungen.com\/wp-content\/uploads\/2025\/04\/37RM-800x800-1.jpg","width":800,"height":800},{"@type":"BreadcrumbList","@id":"https:\/\/xenonkungen.com\/no\/produkt\/bakre-markering-37rm\/#breadcrumb","itemListElement":[{"@type":"ListItem","position":1,"name":"Hem","item":"https:\/\/xenonkungen.com\/"},{"@type":"ListItem","position":2,"name":"Shop","item":"https:\/\/xenonkungen.com\/shop\/"},{"@type":"ListItem","position":3,"name":"Bakmarkering 37RM"}]},{"@type":"WebSite","@id":"https:\/\/xenonkungen.com\/#website","url":"https:\/\/xenonkungen.com\/","name":"Xenonkungen","description":"","potentialAction":[{"@type":"SearchAction","target":{"@type":"EntryPoint","urlTemplate":"https:\/\/xenonkungen.com\/?s={search_term_string}"},"query-input":{"@type":"PropertyValueSpecification","valueRequired":true,"valueName":"search_term_string"}}],"inLanguage":"nl-NL"}]}},"taxonomy_info":{"anvandningsomrade":[{"value":166,"label":"Lastbil"},{"value":238,"label":"SL\u00c4P"},{"value":2816,"label":"TRAILER"}],"product_brand":[{"value":1252,"label":"LEA"}],"product_cat":[{"value":2811,"label":"Bak"},{"value":2478,"label":"Positionsljus"}],"pa_fuktskydd-varde-ipxx":[{"value":333,"label":"IP67"}],"pa_godkannande":[{"value":1262,"label":"ECE, EMC"}],"pa_storlek-mm":[{"value":1878,"label":"70x35x20"}],"pa_stromforbrukning":[{"value":1874,"label":"0,02A @28V"},{"value":1829,"label":"0,03A @13,8V"}],"pa_volt-v":[{"value":348,"label":"12, 24"}]},"featured_image_src_large":["https:\/\/xenonkungen.com\/wp-content\/uploads\/2025\/04\/37RM-800x800-1.jpg",800,800,false],"author_info":[],"comment_info":0,"_links":{"self":[{"href":"https:\/\/xenonkungen.com\/nl\/wp-json\/wp\/v2\/product\/7058","targetHints":{"allow":["GET"]}}],"collection":[{"href":"https:\/\/xenonkungen.com\/nl\/wp-json\/wp\/v2\/product"}],"about":[{"href":"https:\/\/xenonkungen.com\/nl\/wp-json\/wp\/v2\/types\/product"}],"replies":[{"embeddable":true,"href":"https:\/\/xenonkungen.com\/nl\/wp-json\/wp\/v2\/comments?post=7058"}],"wp:featuredmedia":[{"embeddable":true,"href":"https:\/\/xenonkungen.com\/nl\/wp-json\/wp\/v2\/media\/7059"}],"wp:attachment":[{"href":"https:\/\/xenonkungen.com\/nl\/wp-json\/wp\/v2\/media?parent=7058"}],"wp:term":[{"taxonomy":"anvandningsomrade","embeddable":true,"href":"https:\/\/xenonkungen.com\/nl\/wp-json\/wp\/v2\/anvandningsomrade?post=7058"},{"taxonomy":"bilmarken","embeddable":true,"href":"https:\/\/xenonkungen.com\/nl\/wp-json\/wp\/v2\/bilmarken?post=7058"},{"taxonomy":"product_brand","embeddable":true,"href":"https:\/\/xenonkungen.com\/nl\/wp-json\/wp\/v2\/product_brand?post=7058"},{"taxonomy":"product_cat","embeddable":true,"href":"https:\/\/xenonkungen.com\/nl\/wp-json\/wp\/v2\/product_cat?post=7058"},{"taxonomy":"product_tag","embeddable":true,"href":"https:\/\/xenonkungen.com\/nl\/wp-json\/wp\/v2\/product_tag?post=7058"}],"curies":[{"name":"wp","href":"https:\/\/api.w.org\/{rel}","templated":true}]}}