{"id":7069,"date":"2025-04-15T09:52:04","date_gmt":"2025-04-15T09:52:04","guid":{"rendered":"https:\/\/xenonkungen.com\/product\/frontmarkering-37wm\/"},"modified":"2026-04-11T00:46:35","modified_gmt":"2026-04-10T23:46:35","slug":"markering-voorzijde-37wm","status":"publish","type":"product","link":"https:\/\/xenonkungen.com\/nl\/product\/markering-voorzijde-37wm\/","title":{"rendered":"Markering voorkant 37WM"},"content":{"rendered":"<h1>Modern zwart LED-voormarkeringslicht<\/h1>\n<p>Deze moderne en discrete LED-frontmarkeringslamp, omlijst door een stijlvolle zwarte ring, is speciaal ontworpen voor een heldere en effectieve verlichting voor alle soorten voertuigen. Hij is ideaal voor zowel binnen- als buitenmontage en de lekdichte elektronica zorgt voor een betrouwbare werking in veeleisende omstandigheden. Het installatiegemak, met 3M tape en pluggen, maakt het een aantrekkelijke oplossing voor wie een vlotte installatie wil zonder ingewikkelde gereedschappen of procedures.<\/p>\n<h2>Specificaties<\/h2>\n<ul>\n<li>Lichtkleur: Helder wit<\/li>\n<li>Montagewijze: Eenvoudige montage met 3M tape en pluggen<\/li>\n<li>Materiaal: Slagvaste zwarte behuizing, lekdichte elektronica<\/li>\n<li>Lichtspreiding: Optimaal voor markeren en veiligheid<\/li>\n<li>IP67-classificatie: volledige bescherming tegen stof en water, bestand tegen schokken en trillingen<\/li>\n<li>Veiligheidsfuncties: Kortsluitbeveiliging<\/li>\n<\/ul>\n<h2>Kenmerken en voordelen<\/h2>\n<p>Deze LED-verlichting voor markeringslichten combineert de nieuwste LED-technologie met een discreet en modern ontwerp om zowel de veiligheid als het uiterlijk van je voertuig te verbeteren. De zwarte rand biedt een subtiele esthetiek die het voertuig aanvult zonder het te overheersen, terwijl de heldere witte verlichting zorgt voor uitstekende zichtbaarheid en veiligheid op de weg.<\/p>\n<ul>\n<li>Geavanceerde LED technologie voor krachtige en energiezuinige verlichting<\/li>\n<li>Discreet en modern ontwerp dat goed past bij het uiterlijk van het voertuig<\/li>\n<li>Eenvoudige en snelle installatie dankzij 3M tape en pluggen<\/li>\n<li>Langdurige en betrouwbare prestaties dankzij lekdichte elektronica<\/li>\n<li>Perfect geschikt voor een breed scala aan voertuigtypen, van personenauto's tot bedrijfsvoertuigen en recreatievoertuigen<\/li>\n<\/ul>","protected":false},"excerpt":{"rendered":"<p>Modern Svart LED Frontmarkeringslampa Denna moderna och diskreta LED frontmarkeringslampa, inramad i en stilfull svart sarg, \u00e4r specifikt utformad f\u00f6r att ge stark och effektiv belysning f\u00f6r alla typer av fordon. Den \u00e4r idealisk f\u00f6r s\u00e5v\u00e4l interi\u00f6rt som exteri\u00f6rt montage, och dess l\u00e4ckagef\u00f6rseglade elektronik s\u00e4kerst\u00e4ller en p\u00e5litlig funktion under kr\u00e4vande f\u00f6rh\u00e5llanden. Enkelheten i monteringen, med [&hellip;]<\/p>","protected":false},"featured_media":7070,"comment_status":"closed","ping_status":"open","template":"","meta":{"_acf_changed":false,"_smort_price_nok":"150","_smort_price_dkk":"95","_smort_price_eur":"12.73","_smort_sale_price_nok":"","_smort_sale_price_dkk":"","_smort_sale_price_eur":"","smort_restorder":"","shipmondo_restorder":"","_kad_blocks_custom_css":"","_kad_blocks_head_custom_js":"","_kad_blocks_body_custom_js":"","_kad_blocks_footer_custom_js":"","smort_custom_pricelist_1":"78.4","smort_custom_pricelist_2":"78.4","smort_custom_pricelist_3":"74.48","smort_custom_pricelist_4":"112","smort_custom_pricelist_5":"78.4"},"anvandningsomrade":[166,238,2816],"bilmarken":[],"product_brand":[1252],"product_cat":[2810,2478],"product_tag":[],"class_list":{"0":"post-7069","1":"product","2":"type-product","3":"status-publish","4":"has-post-thumbnail","6":"anvandningsomrade-lastbil","7":"anvandningsomrade-slap","8":"anvandningsomrade-trailer","9":"product_brand-lea","10":"product_cat-front","11":"product_cat-positionsljus-slap","12":"pa_fuktskydd-varde-ipxx-ip67","13":"pa_godkannande-ece-emc","14":"pa_storlek-mm-70x35x20","15":"pa_stromforbrukning-002a-28v","16":"pa_stromforbrukning-003a-138v","17":"pa_volt-v-12-24","19":"first","20":"instock","21":"taxable","22":"shipping-taxable","23":"purchasable","24":"product-type-simple"},"bundled_by":[],"bundle_stock_status":"instock","bundle_stock_quantity":2,"bundle_virtual":false,"bundle_layout":"","bundle_add_to_cart_form_location":"","bundle_editable_in_cart":false,"bundle_sold_individually_context":"","bundle_item_grouping":"","bundle_min_size":"","bundle_max_size":"","bundle_price":[],"bundled_items":[],"bundle_sell_ids":[],"acf":[],"yoast_head":"<!-- This site is optimized with the Yoast SEO plugin v27.0 - https:\/\/yoast.com\/product\/yoast-seo-wordpress\/ -->\n<title>Frontmarkering 37WM - Xenonkungen<\/title>\n<meta name=\"robots\" content=\"index, follow, max-snippet:-1, max-image-preview:large, max-video-preview:-1\" \/>\n<link rel=\"canonical\" href=\"https:\/\/xenonkungen.com\/nl\/product\/markering-voorzijde-37wm\/\" \/>\n<meta property=\"og:locale\" content=\"nl_NL\" \/>\n<meta property=\"og:type\" content=\"article\" \/>\n<meta property=\"og:title\" content=\"Frontmarkering 37WM - Xenonkungen\" \/>\n<meta property=\"og:description\" content=\"Modern Svart LED Frontmarkeringslampa Denna moderna och diskreta LED frontmarkeringslampa, inramad i en stilfull svart sarg, \u00e4r specifikt utformad f\u00f6r att ge stark och effektiv belysning f\u00f6r alla typer av fordon. Den \u00e4r idealisk f\u00f6r s\u00e5v\u00e4l interi\u00f6rt som exteri\u00f6rt montage, och dess l\u00e4ckagef\u00f6rseglade elektronik s\u00e4kerst\u00e4ller en p\u00e5litlig funktion under kr\u00e4vande f\u00f6rh\u00e5llanden. Enkelheten i monteringen, med [&hellip;]\" \/>\n<meta property=\"og:url\" content=\"https:\/\/xenonkungen.com\/nl\/product\/markering-voorzijde-37wm\/\" \/>\n<meta property=\"og:site_name\" content=\"Xenonkungen\" \/>\n<meta property=\"article:modified_time\" content=\"2026-04-10T23:46:35+00:00\" \/>\n<meta property=\"og:image\" content=\"https:\/\/xenonkungen.com\/wp-content\/uploads\/2025\/04\/37WM-800x800-1.jpg\" \/>\n\t<meta property=\"og:image:width\" content=\"800\" \/>\n\t<meta property=\"og:image:height\" content=\"800\" \/>\n\t<meta property=\"og:image:type\" content=\"image\/jpeg\" \/>\n<meta name=\"twitter:card\" content=\"summary_large_image\" \/>\n<meta name=\"twitter:label1\" content=\"Geschatte leestijd\" \/>\n\t<meta name=\"twitter:data1\" content=\"1 minuut\" \/>\n<script type=\"application\/ld+json\" class=\"yoast-schema-graph\">{\"@context\":\"https:\/\/schema.org\",\"@graph\":[{\"@type\":\"WebPage\",\"@id\":\"https:\/\/xenonkungen.com\/en\/product\/frontmarkering-37wm\/\",\"url\":\"https:\/\/xenonkungen.com\/en\/product\/frontmarkering-37wm\/\",\"name\":\"Frontmarkering 37WM - Xenonkungen\",\"isPartOf\":{\"@id\":\"https:\/\/xenonkungen.com\/#website\"},\"primaryImageOfPage\":{\"@id\":\"https:\/\/xenonkungen.com\/en\/product\/frontmarkering-37wm\/#primaryimage\"},\"image\":{\"@id\":\"https:\/\/xenonkungen.com\/en\/product\/frontmarkering-37wm\/#primaryimage\"},\"thumbnailUrl\":\"https:\/\/xenonkungen.com\/wp-content\/uploads\/2025\/04\/37WM-800x800-1.jpg\",\"datePublished\":\"2025-04-15T09:52:04+00:00\",\"dateModified\":\"2026-04-10T23:46:35+00:00\",\"breadcrumb\":{\"@id\":\"https:\/\/xenonkungen.com\/en\/product\/frontmarkering-37wm\/#breadcrumb\"},\"inLanguage\":\"nl-NL\",\"potentialAction\":[{\"@type\":\"ReadAction\",\"target\":[\"https:\/\/xenonkungen.com\/en\/product\/frontmarkering-37wm\/\"]}]},{\"@type\":\"ImageObject\",\"inLanguage\":\"nl-NL\",\"@id\":\"https:\/\/xenonkungen.com\/en\/product\/frontmarkering-37wm\/#primaryimage\",\"url\":\"https:\/\/xenonkungen.com\/wp-content\/uploads\/2025\/04\/37WM-800x800-1.jpg\",\"contentUrl\":\"https:\/\/xenonkungen.com\/wp-content\/uploads\/2025\/04\/37WM-800x800-1.jpg\",\"width\":800,\"height\":800},{\"@type\":\"BreadcrumbList\",\"@id\":\"https:\/\/xenonkungen.com\/en\/product\/frontmarkering-37wm\/#breadcrumb\",\"itemListElement\":[{\"@type\":\"ListItem\",\"position\":1,\"name\":\"Hem\",\"item\":\"https:\/\/xenonkungen.com\/\"},{\"@type\":\"ListItem\",\"position\":2,\"name\":\"Shop\",\"item\":\"https:\/\/xenonkungen.com\/shop\/\"},{\"@type\":\"ListItem\",\"position\":3,\"name\":\"Frontmarkering 37WM\"}]},{\"@type\":\"WebSite\",\"@id\":\"https:\/\/xenonkungen.com\/#website\",\"url\":\"https:\/\/xenonkungen.com\/\",\"name\":\"Xenonkungen\",\"description\":\"\",\"potentialAction\":[{\"@type\":\"SearchAction\",\"target\":{\"@type\":\"EntryPoint\",\"urlTemplate\":\"https:\/\/xenonkungen.com\/?s={search_term_string}\"},\"query-input\":{\"@type\":\"PropertyValueSpecification\",\"valueRequired\":true,\"valueName\":\"search_term_string\"}}],\"inLanguage\":\"nl-NL\"}]}<\/script>\n<!-- \/ Yoast SEO plugin. -->","yoast_head_json":{"title":"Markering voorzijde 37WM - De Xenon-koning","robots":{"index":"index","follow":"follow","max-snippet":"max-snippet:-1","max-image-preview":"max-image-preview:large","max-video-preview":"max-video-preview:-1"},"canonical":"https:\/\/xenonkungen.com\/nl\/product\/markering-voorzijde-37wm\/","og_locale":"nl_NL","og_type":"article","og_title":"Frontmarkering 37WM - Xenonkungen","og_description":"Modern Svart LED Frontmarkeringslampa Denna moderna och diskreta LED frontmarkeringslampa, inramad i en stilfull svart sarg, \u00e4r specifikt utformad f\u00f6r att ge stark och effektiv belysning f\u00f6r alla typer av fordon. Den \u00e4r idealisk f\u00f6r s\u00e5v\u00e4l interi\u00f6rt som exteri\u00f6rt montage, och dess l\u00e4ckagef\u00f6rseglade elektronik s\u00e4kerst\u00e4ller en p\u00e5litlig funktion under kr\u00e4vande f\u00f6rh\u00e5llanden. Enkelheten i monteringen, med [&hellip;]","og_url":"https:\/\/xenonkungen.com\/nl\/product\/markering-voorzijde-37wm\/","og_site_name":"Xenonkungen","article_modified_time":"2026-04-10T23:46:35+00:00","og_image":[{"width":800,"height":800,"url":"https:\/\/xenonkungen.com\/wp-content\/uploads\/2025\/04\/37WM-800x800-1.jpg","type":"image\/jpeg"}],"twitter_card":"summary_large_image","twitter_misc":{"Geschatte leestijd":"1 minuut"},"schema":{"@context":"https:\/\/schema.org","@graph":[{"@type":"WebPage","@id":"https:\/\/xenonkungen.com\/en\/product\/frontmarkering-37wm\/","url":"https:\/\/xenonkungen.com\/en\/product\/frontmarkering-37wm\/","name":"Markering voorzijde 37WM - De Xenon-koning","isPartOf":{"@id":"https:\/\/xenonkungen.com\/#website"},"primaryImageOfPage":{"@id":"https:\/\/xenonkungen.com\/en\/product\/frontmarkering-37wm\/#primaryimage"},"image":{"@id":"https:\/\/xenonkungen.com\/en\/product\/frontmarkering-37wm\/#primaryimage"},"thumbnailUrl":"https:\/\/xenonkungen.com\/wp-content\/uploads\/2025\/04\/37WM-800x800-1.jpg","datePublished":"2025-04-15T09:52:04+00:00","dateModified":"2026-04-10T23:46:35+00:00","breadcrumb":{"@id":"https:\/\/xenonkungen.com\/en\/product\/frontmarkering-37wm\/#breadcrumb"},"inLanguage":"nl-NL","potentialAction":[{"@type":"ReadAction","target":["https:\/\/xenonkungen.com\/en\/product\/frontmarkering-37wm\/"]}]},{"@type":"ImageObject","inLanguage":"nl-NL","@id":"https:\/\/xenonkungen.com\/en\/product\/frontmarkering-37wm\/#primaryimage","url":"https:\/\/xenonkungen.com\/wp-content\/uploads\/2025\/04\/37WM-800x800-1.jpg","contentUrl":"https:\/\/xenonkungen.com\/wp-content\/uploads\/2025\/04\/37WM-800x800-1.jpg","width":800,"height":800},{"@type":"BreadcrumbList","@id":"https:\/\/xenonkungen.com\/en\/product\/frontmarkering-37wm\/#breadcrumb","itemListElement":[{"@type":"ListItem","position":1,"name":"Hem","item":"https:\/\/xenonkungen.com\/"},{"@type":"ListItem","position":2,"name":"Shop","item":"https:\/\/xenonkungen.com\/shop\/"},{"@type":"ListItem","position":3,"name":"Frontmarkering 37WM"}]},{"@type":"WebSite","@id":"https:\/\/xenonkungen.com\/#website","url":"https:\/\/xenonkungen.com\/","name":"Xenonkungen","description":"","potentialAction":[{"@type":"SearchAction","target":{"@type":"EntryPoint","urlTemplate":"https:\/\/xenonkungen.com\/?s={search_term_string}"},"query-input":{"@type":"PropertyValueSpecification","valueRequired":true,"valueName":"search_term_string"}}],"inLanguage":"nl-NL"}]}},"taxonomy_info":{"anvandningsomrade":[{"value":166,"label":"Lastbil"},{"value":238,"label":"SL\u00c4P"},{"value":2816,"label":"TRAILER"}],"product_brand":[{"value":1252,"label":"LEA"}],"product_cat":[{"value":2810,"label":"Front"},{"value":2478,"label":"Positionsljus"}],"pa_fuktskydd-varde-ipxx":[{"value":333,"label":"IP67"}],"pa_godkannande":[{"value":1262,"label":"ECE, EMC"}],"pa_storlek-mm":[{"value":1878,"label":"70x35x20"}],"pa_stromforbrukning":[{"value":1874,"label":"0,02A @28V"},{"value":1829,"label":"0,03A @13,8V"}],"pa_volt-v":[{"value":348,"label":"12, 24"}]},"featured_image_src_large":["https:\/\/xenonkungen.com\/wp-content\/uploads\/2025\/04\/37WM-800x800-1.jpg",800,800,false],"author_info":[],"comment_info":0,"_links":{"self":[{"href":"https:\/\/xenonkungen.com\/nl\/wp-json\/wp\/v2\/product\/7069","targetHints":{"allow":["GET"]}}],"collection":[{"href":"https:\/\/xenonkungen.com\/nl\/wp-json\/wp\/v2\/product"}],"about":[{"href":"https:\/\/xenonkungen.com\/nl\/wp-json\/wp\/v2\/types\/product"}],"replies":[{"embeddable":true,"href":"https:\/\/xenonkungen.com\/nl\/wp-json\/wp\/v2\/comments?post=7069"}],"wp:featuredmedia":[{"embeddable":true,"href":"https:\/\/xenonkungen.com\/nl\/wp-json\/wp\/v2\/media\/7070"}],"wp:attachment":[{"href":"https:\/\/xenonkungen.com\/nl\/wp-json\/wp\/v2\/media?parent=7069"}],"wp:term":[{"taxonomy":"anvandningsomrade","embeddable":true,"href":"https:\/\/xenonkungen.com\/nl\/wp-json\/wp\/v2\/anvandningsomrade?post=7069"},{"taxonomy":"bilmarken","embeddable":true,"href":"https:\/\/xenonkungen.com\/nl\/wp-json\/wp\/v2\/bilmarken?post=7069"},{"taxonomy":"product_brand","embeddable":true,"href":"https:\/\/xenonkungen.com\/nl\/wp-json\/wp\/v2\/product_brand?post=7069"},{"taxonomy":"product_cat","embeddable":true,"href":"https:\/\/xenonkungen.com\/nl\/wp-json\/wp\/v2\/product_cat?post=7069"},{"taxonomy":"product_tag","embeddable":true,"href":"https:\/\/xenonkungen.com\/nl\/wp-json\/wp\/v2\/product_tag?post=7069"}],"curies":[{"name":"wp","href":"https:\/\/api.w.org\/{rel}","templated":true}]}}