{"id":7097,"date":"2025-04-15T09:52:22","date_gmt":"2025-04-15T09:52:22","guid":{"rendered":"https:\/\/xenonkungen.com\/product\/skyltbelysning-41blm-2pin\/"},"modified":"2026-04-01T15:18:21","modified_gmt":"2026-04-01T14:18:21","slug":"reclamebordverlichting-41blm-2-pins","status":"publish","type":"product","link":"https:\/\/xenonkungen.com\/nl\/product\/reclamebordverlichting-41blm-2-pins\/","title":{"rendered":"Sign verlichting 41BLM 2PIN"},"content":{"rendered":"<h1>Stijlvolle en compacte LED-verlichting voor nummerplaat<\/h1>\n<p>Deze compacte LED-kentekenplaatverlichting combineert hoogwaardige lichtprestaties met een discreet en verfijnd ontwerp.<\/p>\n<h2>Specificaties:<\/h2>\n<ul>\n<li><span class=\"highlight\">Lichtbron:<\/span> Effici\u00ebnte LED-technologie voor heldere en gelijkmatige verlichting.<\/li>\n<li><span class=\"highlight\">Materiaal:<\/span> Polycarbonaat lens en ABS basis voor duurzaamheid.<\/li>\n<li><span class=\"highlight\">Waterdicht ontwerp:<\/span> Lekdichte elektronica tegen binnendringend water.<\/li>\n<li><span class=\"highlight\">Esthetiek:<\/span> Zwart frame voor een elegante en tijdloze look.<\/li>\n<li><span class=\"highlight\">Installatie:<\/span> Eenvoudige installatie op een groot aantal voertuigtypes.<\/li>\n<\/ul>\n<h2>Kenmerken:<\/h2>\n<ul>\n<li>Verbetert het uiterlijk en de veiligheid van het voertuig door de zichtbaarheid te vergroten.<\/li>\n<li>Robuust en duurzaam met weerbestendige constructie.<\/li>\n<li>Esthetisch ontwerp dat het ontwerp van het voertuig aanvult.<\/li>\n<li>Eenvoudig te installeren, dus ideaal voor zowel nieuwe als oudere voertuigen.<\/li>\n<\/ul>","protected":false},"excerpt":{"rendered":"<p>Stilren och Kompakt LED Belysning f\u00f6r Registreringsskylt Denna kompakta LED belysning f\u00f6r registreringsskylten kombinerar h\u00f6gkvalitativ ljusprestanda med en diskret och sofistikerad design. Specifikationer: Ljusk\u00e4lla: Effektiv LED-teknologi f\u00f6r klar och j\u00e4mn belysning. Material: Lins i polykarbonat och sockel i ABS f\u00f6r h\u00e5llbarhet. Vattent\u00e4t Design: L\u00e4ckagef\u00f6rseglad elektronik mot vattenintr\u00e4ngning. Estetik: Svart sarg f\u00f6r en elegant och tidl\u00f6s [&hellip;]<\/p>","protected":false},"featured_media":7098,"comment_status":"closed","ping_status":"open","template":"","meta":{"_acf_changed":false,"_smort_price_nok":"182","_smort_price_dkk":"115","_smort_price_eur":"15.45","_smort_sale_price_nok":"","_smort_sale_price_dkk":"","_smort_sale_price_eur":"","smort_restorder":"","shipmondo_restorder":"","_kad_blocks_custom_css":"","_kad_blocks_head_custom_js":"","_kad_blocks_body_custom_js":"","_kad_blocks_footer_custom_js":"","smort_custom_pricelist_1":"140.16","smort_custom_pricelist_2":"122.64","smort_custom_pricelist_3":"113.88","smort_custom_pricelist_4":"175.2","smort_custom_pricelist_5":"122.64"},"anvandningsomrade":[166,238,2816],"bilmarken":[],"product_brand":[1252],"product_cat":[2591],"product_tag":[],"class_list":{"0":"post-7097","1":"product","2":"type-product","3":"status-publish","4":"has-post-thumbnail","6":"anvandningsomrade-lastbil","7":"anvandningsomrade-slap","8":"anvandningsomrade-trailer","9":"product_brand-lea","10":"product_cat-skyltbelysning-slap","11":"pa_fuktskydd-varde-ipxx-ip67","12":"pa_godkannande-emc-ece-r10-r4","13":"pa_storlek-mm-70x42x40","14":"pa_stromforbrukning-005a-28v","15":"pa_stromforbrukning-007a-138v","16":"pa_volt-v-12-24","18":"first","19":"instock","20":"taxable","21":"shipping-taxable","22":"purchasable","23":"product-type-simple"},"bundled_by":["9690","9697","9704"],"bundle_stock_status":"instock","bundle_stock_quantity":8,"bundle_virtual":false,"bundle_layout":"","bundle_add_to_cart_form_location":"","bundle_editable_in_cart":false,"bundle_sold_individually_context":"","bundle_item_grouping":"","bundle_min_size":"","bundle_max_size":"","bundle_price":[],"bundled_items":[],"bundle_sell_ids":[],"acf":[],"yoast_head":"<!-- This site is optimized with the Yoast SEO plugin v27.0 - https:\/\/yoast.com\/product\/yoast-seo-wordpress\/ -->\n<title>Skyltbelysning 41BLM 2PIN - Xenonkungen<\/title>\n<meta name=\"robots\" content=\"index, follow, max-snippet:-1, max-image-preview:large, max-video-preview:-1\" \/>\n<link rel=\"canonical\" href=\"https:\/\/xenonkungen.com\/nl\/product\/reclamebordverlichting-41blm-2-pins\/\" \/>\n<meta property=\"og:locale\" content=\"nl_NL\" \/>\n<meta property=\"og:type\" content=\"article\" \/>\n<meta property=\"og:title\" content=\"Skyltbelysning 41BLM 2PIN - Xenonkungen\" \/>\n<meta property=\"og:description\" content=\"Stilren och Kompakt LED Belysning f\u00f6r Registreringsskylt Denna kompakta LED belysning f\u00f6r registreringsskylten kombinerar h\u00f6gkvalitativ ljusprestanda med en diskret och sofistikerad design. Specifikationer: Ljusk\u00e4lla: Effektiv LED-teknologi f\u00f6r klar och j\u00e4mn belysning. Material: Lins i polykarbonat och sockel i ABS f\u00f6r h\u00e5llbarhet. Vattent\u00e4t Design: L\u00e4ckagef\u00f6rseglad elektronik mot vattenintr\u00e4ngning. Estetik: Svart sarg f\u00f6r en elegant och tidl\u00f6s [&hellip;]\" \/>\n<meta property=\"og:url\" content=\"https:\/\/xenonkungen.com\/nl\/product\/reclamebordverlichting-41blm-2-pins\/\" \/>\n<meta property=\"og:site_name\" content=\"Xenonkungen\" \/>\n<meta property=\"article:modified_time\" content=\"2026-04-01T14:18:21+00:00\" \/>\n<meta property=\"og:image\" content=\"https:\/\/xenonkungen.com\/wp-content\/uploads\/2025\/04\/176314035-origpic-fe0c9d.jpg\" \/>\n\t<meta property=\"og:image:width\" content=\"800\" \/>\n\t<meta property=\"og:image:height\" content=\"800\" \/>\n\t<meta property=\"og:image:type\" content=\"image\/jpeg\" \/>\n<meta name=\"twitter:card\" content=\"summary_large_image\" \/>\n<meta name=\"twitter:label1\" content=\"Geschatte leestijd\" \/>\n\t<meta name=\"twitter:data1\" content=\"1 minuut\" \/>\n<script type=\"application\/ld+json\" class=\"yoast-schema-graph\">{\"@context\":\"https:\/\/schema.org\",\"@graph\":[{\"@type\":\"WebPage\",\"@id\":\"https:\/\/xenonkungen.com\/produkt\/skyltbelysning-41blm-2pin\/\",\"url\":\"https:\/\/xenonkungen.com\/produkt\/skyltbelysning-41blm-2pin\/\",\"name\":\"Skyltbelysning 41BLM 2PIN - Xenonkungen\",\"isPartOf\":{\"@id\":\"https:\/\/xenonkungen.com\/#website\"},\"primaryImageOfPage\":{\"@id\":\"https:\/\/xenonkungen.com\/produkt\/skyltbelysning-41blm-2pin\/#primaryimage\"},\"image\":{\"@id\":\"https:\/\/xenonkungen.com\/produkt\/skyltbelysning-41blm-2pin\/#primaryimage\"},\"thumbnailUrl\":\"https:\/\/xenonkungen.com\/wp-content\/uploads\/2025\/04\/176314035-origpic-fe0c9d.jpg\",\"datePublished\":\"2025-04-15T09:52:22+00:00\",\"dateModified\":\"2026-04-01T14:18:21+00:00\",\"breadcrumb\":{\"@id\":\"https:\/\/xenonkungen.com\/produkt\/skyltbelysning-41blm-2pin\/#breadcrumb\"},\"inLanguage\":\"nl-NL\",\"potentialAction\":[{\"@type\":\"ReadAction\",\"target\":[\"https:\/\/xenonkungen.com\/produkt\/skyltbelysning-41blm-2pin\/\"]}]},{\"@type\":\"ImageObject\",\"inLanguage\":\"nl-NL\",\"@id\":\"https:\/\/xenonkungen.com\/produkt\/skyltbelysning-41blm-2pin\/#primaryimage\",\"url\":\"https:\/\/xenonkungen.com\/wp-content\/uploads\/2025\/04\/176314035-origpic-fe0c9d.jpg\",\"contentUrl\":\"https:\/\/xenonkungen.com\/wp-content\/uploads\/2025\/04\/176314035-origpic-fe0c9d.jpg\",\"width\":800,\"height\":800},{\"@type\":\"BreadcrumbList\",\"@id\":\"https:\/\/xenonkungen.com\/produkt\/skyltbelysning-41blm-2pin\/#breadcrumb\",\"itemListElement\":[{\"@type\":\"ListItem\",\"position\":1,\"name\":\"Hem\",\"item\":\"https:\/\/xenonkungen.com\/\"},{\"@type\":\"ListItem\",\"position\":2,\"name\":\"Shop\",\"item\":\"https:\/\/xenonkungen.com\/shop\/\"},{\"@type\":\"ListItem\",\"position\":3,\"name\":\"Skyltbelysning 41BLM 2PIN\"}]},{\"@type\":\"WebSite\",\"@id\":\"https:\/\/xenonkungen.com\/#website\",\"url\":\"https:\/\/xenonkungen.com\/\",\"name\":\"Xenonkungen\",\"description\":\"\",\"potentialAction\":[{\"@type\":\"SearchAction\",\"target\":{\"@type\":\"EntryPoint\",\"urlTemplate\":\"https:\/\/xenonkungen.com\/?s={search_term_string}\"},\"query-input\":{\"@type\":\"PropertyValueSpecification\",\"valueRequired\":true,\"valueName\":\"search_term_string\"}}],\"inLanguage\":\"nl-NL\"}]}<\/script>\n<!-- \/ Yoast SEO plugin. -->","yoast_head_json":{"title":"Kentekenverlichting 41BLM 2PIN - Xenonkungen","robots":{"index":"index","follow":"follow","max-snippet":"max-snippet:-1","max-image-preview":"max-image-preview:large","max-video-preview":"max-video-preview:-1"},"canonical":"https:\/\/xenonkungen.com\/nl\/product\/reclamebordverlichting-41blm-2-pins\/","og_locale":"nl_NL","og_type":"article","og_title":"Skyltbelysning 41BLM 2PIN - Xenonkungen","og_description":"Stilren och Kompakt LED Belysning f\u00f6r Registreringsskylt Denna kompakta LED belysning f\u00f6r registreringsskylten kombinerar h\u00f6gkvalitativ ljusprestanda med en diskret och sofistikerad design. Specifikationer: Ljusk\u00e4lla: Effektiv LED-teknologi f\u00f6r klar och j\u00e4mn belysning. Material: Lins i polykarbonat och sockel i ABS f\u00f6r h\u00e5llbarhet. Vattent\u00e4t Design: L\u00e4ckagef\u00f6rseglad elektronik mot vattenintr\u00e4ngning. Estetik: Svart sarg f\u00f6r en elegant och tidl\u00f6s [&hellip;]","og_url":"https:\/\/xenonkungen.com\/nl\/product\/reclamebordverlichting-41blm-2-pins\/","og_site_name":"Xenonkungen","article_modified_time":"2026-04-01T14:18:21+00:00","og_image":[{"width":800,"height":800,"url":"https:\/\/xenonkungen.com\/wp-content\/uploads\/2025\/04\/176314035-origpic-fe0c9d.jpg","type":"image\/jpeg"}],"twitter_card":"summary_large_image","twitter_misc":{"Geschatte leestijd":"1 minuut"},"schema":{"@context":"https:\/\/schema.org","@graph":[{"@type":"WebPage","@id":"https:\/\/xenonkungen.com\/produkt\/skyltbelysning-41blm-2pin\/","url":"https:\/\/xenonkungen.com\/produkt\/skyltbelysning-41blm-2pin\/","name":"Kentekenverlichting 41BLM 2PIN - Xenonkungen","isPartOf":{"@id":"https:\/\/xenonkungen.com\/#website"},"primaryImageOfPage":{"@id":"https:\/\/xenonkungen.com\/produkt\/skyltbelysning-41blm-2pin\/#primaryimage"},"image":{"@id":"https:\/\/xenonkungen.com\/produkt\/skyltbelysning-41blm-2pin\/#primaryimage"},"thumbnailUrl":"https:\/\/xenonkungen.com\/wp-content\/uploads\/2025\/04\/176314035-origpic-fe0c9d.jpg","datePublished":"2025-04-15T09:52:22+00:00","dateModified":"2026-04-01T14:18:21+00:00","breadcrumb":{"@id":"https:\/\/xenonkungen.com\/produkt\/skyltbelysning-41blm-2pin\/#breadcrumb"},"inLanguage":"nl-NL","potentialAction":[{"@type":"ReadAction","target":["https:\/\/xenonkungen.com\/produkt\/skyltbelysning-41blm-2pin\/"]}]},{"@type":"ImageObject","inLanguage":"nl-NL","@id":"https:\/\/xenonkungen.com\/produkt\/skyltbelysning-41blm-2pin\/#primaryimage","url":"https:\/\/xenonkungen.com\/wp-content\/uploads\/2025\/04\/176314035-origpic-fe0c9d.jpg","contentUrl":"https:\/\/xenonkungen.com\/wp-content\/uploads\/2025\/04\/176314035-origpic-fe0c9d.jpg","width":800,"height":800},{"@type":"BreadcrumbList","@id":"https:\/\/xenonkungen.com\/produkt\/skyltbelysning-41blm-2pin\/#breadcrumb","itemListElement":[{"@type":"ListItem","position":1,"name":"Hem","item":"https:\/\/xenonkungen.com\/"},{"@type":"ListItem","position":2,"name":"Shop","item":"https:\/\/xenonkungen.com\/shop\/"},{"@type":"ListItem","position":3,"name":"Skyltbelysning 41BLM 2PIN"}]},{"@type":"WebSite","@id":"https:\/\/xenonkungen.com\/#website","url":"https:\/\/xenonkungen.com\/","name":"Xenonkungen","description":"","potentialAction":[{"@type":"SearchAction","target":{"@type":"EntryPoint","urlTemplate":"https:\/\/xenonkungen.com\/?s={search_term_string}"},"query-input":{"@type":"PropertyValueSpecification","valueRequired":true,"valueName":"search_term_string"}}],"inLanguage":"nl-NL"}]}},"taxonomy_info":{"anvandningsomrade":[{"value":166,"label":"Lastbil"},{"value":238,"label":"SL\u00c4P"},{"value":2816,"label":"TRAILER"}],"product_brand":[{"value":1252,"label":"LEA"}],"product_cat":[{"value":2591,"label":"Skyltbelysning"}],"pa_fuktskydd-varde-ipxx":[{"value":333,"label":"IP67"}],"pa_godkannande":[{"value":1882,"label":"EMC, ECE, R10, R4"}],"pa_storlek-mm":[{"value":1879,"label":"70x42x40"}],"pa_stromforbrukning":[{"value":1881,"label":"0,05A @28V"},{"value":1880,"label":"0,07A @13,8V"}],"pa_volt-v":[{"value":348,"label":"12, 24"}]},"featured_image_src_large":["https:\/\/xenonkungen.com\/wp-content\/uploads\/2025\/04\/176314035-origpic-fe0c9d.jpg",800,800,false],"author_info":[],"comment_info":0,"_links":{"self":[{"href":"https:\/\/xenonkungen.com\/nl\/wp-json\/wp\/v2\/product\/7097","targetHints":{"allow":["GET"]}}],"collection":[{"href":"https:\/\/xenonkungen.com\/nl\/wp-json\/wp\/v2\/product"}],"about":[{"href":"https:\/\/xenonkungen.com\/nl\/wp-json\/wp\/v2\/types\/product"}],"replies":[{"embeddable":true,"href":"https:\/\/xenonkungen.com\/nl\/wp-json\/wp\/v2\/comments?post=7097"}],"wp:featuredmedia":[{"embeddable":true,"href":"https:\/\/xenonkungen.com\/nl\/wp-json\/wp\/v2\/media\/7098"}],"wp:attachment":[{"href":"https:\/\/xenonkungen.com\/nl\/wp-json\/wp\/v2\/media?parent=7097"}],"wp:term":[{"taxonomy":"anvandningsomrade","embeddable":true,"href":"https:\/\/xenonkungen.com\/nl\/wp-json\/wp\/v2\/anvandningsomrade?post=7097"},{"taxonomy":"bilmarken","embeddable":true,"href":"https:\/\/xenonkungen.com\/nl\/wp-json\/wp\/v2\/bilmarken?post=7097"},{"taxonomy":"product_brand","embeddable":true,"href":"https:\/\/xenonkungen.com\/nl\/wp-json\/wp\/v2\/product_brand?post=7097"},{"taxonomy":"product_cat","embeddable":true,"href":"https:\/\/xenonkungen.com\/nl\/wp-json\/wp\/v2\/product_cat?post=7097"},{"taxonomy":"product_tag","embeddable":true,"href":"https:\/\/xenonkungen.com\/nl\/wp-json\/wp\/v2\/product_tag?post=7097"}],"curies":[{"name":"wp","href":"https:\/\/api.w.org\/{rel}","templated":true}]}}