{"id":7314,"date":"2025-04-15T09:54:10","date_gmt":"2025-04-15T09:54:10","guid":{"rendered":"https:\/\/xenonkungen.com\/product\/ledriving-ledlampa-sl-p21w\/"},"modified":"2026-04-11T01:28:04","modified_gmt":"2026-04-11T00:28:04","slug":"led-rijlamp-sl-p21w","status":"publish","type":"product","link":"https:\/\/xenonkungen.com\/nl\/product\/led-rijlamp-sl-p21w\/","title":{"rendered":"LED-verlichting SL P21W"},"content":{"rendered":"<p>Geschikte LED vervangingslamp voor WY21W<\/p>\n<p>LEDriving SL WY21W vervangingslampen bieden een modern en intens licht. Deze vervangingslampen passen op alle conventionele WY21W lampvoeten.<\/p>\n<p>In vergelijking met gewone lampen verbruiken deze LED vervangingslampen tot 80 % minder energie. OSRAM biedt 4 jaar garantie op deze LEDriving SL lampen.<\/p>\n<p>Deze producten zijn niet ECE-goedgekeurd en mogen niet buiten op de openbare weg worden gebruikt.<\/p>\n<p>Elektrische gegevens:<br \/>- Maximaal vermogen: 1,8 W<br \/>- Nominale nominale spanning: 12,0 V<br \/>- Nominaal wattage: 1,30 W<br \/>- Tolerantie stroomverbruik: \u00b110 %<br \/>- Testspanning in volt: 13,5 V<\/p>\n<p>Fotometrische gegevens:<br \/>- Lichtstroom: 55 lm<br \/>- Lichtstroom, tolerantie: \u00b125 %<br \/>- Kleur LED-licht: Rood<\/p>\n<p>Afmetingen:<br \/>- Diameter: 20,0 mm<br \/>- Gewicht product: 12,00 g<br \/>- Lengte: 47,5 mm<\/p>\n<p>Levensverwachting:<br \/>- Levensduur B3: 1500 u<br \/>- Levensduur Tc in uren: 4000 u<br \/>- Garantie: 4 jaar<\/p>\n<p>Aanvullende productgegevens:<br \/>- Voet: BX3x16d<\/p>","protected":false},"excerpt":{"rendered":"<p>Verbeter je autoverlichting met onze LEDriving\u00ae LED lamp SL P21W! Met deze LED lamp van hoge kwaliteit krijg je heldere en duidelijke verlichting waardoor je merkbaar beter zichtbaar bent in het verkeer - terwijl je energie bespaart en een langere levensduur hebt dan traditionele lampen. Koop je SL P21W LED lamp vandaag nog en ervaar zelf het verschil!<\/p>","protected":false},"featured_media":7315,"comment_status":"closed","ping_status":"open","template":"","meta":{"_acf_changed":false,"_smort_price_nok":"208","_smort_price_dkk":"132","_smort_price_eur":"17.73","_smort_sale_price_nok":"","_smort_sale_price_dkk":"","_smort_sale_price_eur":"","smort_restorder":"","shipmondo_restorder":"","_kad_blocks_custom_css":"","_kad_blocks_head_custom_js":"","_kad_blocks_body_custom_js":"","_kad_blocks_footer_custom_js":"","smort_custom_pricelist_1":"124.8","smort_custom_pricelist_2":"117","smort_custom_pricelist_3":"111.15","smort_custom_pricelist_4":"156","smort_custom_pricelist_5":"116.15"},"anvandningsomrade":[],"bilmarken":[],"product_brand":[108],"product_cat":[2515,2516,338],"product_tag":[],"class_list":{"0":"post-7314","1":"product","2":"type-product","3":"status-publish","4":"has-post-thumbnail","6":"product_brand-osram","7":"product_cat-ba15s","8":"product_cat-p21w","9":"product_cat-diodlampor","10":"pa_faktisk-effekts-forbrukning-780","11":"pa_fargtemperatur-rod","12":"pa_lampsockel-kontakt-p21w","13":"pa_volt-v-159","15":"first","16":"instock","17":"taxable","18":"shipping-taxable","19":"purchasable","20":"product-type-simple"},"bundled_by":[],"bundle_stock_status":"instock","bundle_stock_quantity":2,"bundle_virtual":false,"bundle_layout":"","bundle_add_to_cart_form_location":"","bundle_editable_in_cart":false,"bundle_sold_individually_context":"","bundle_item_grouping":"","bundle_min_size":"","bundle_max_size":"","bundle_price":[],"bundled_items":[],"bundle_sell_ids":[],"acf":[],"yoast_head":"<!-- This site is optimized with the Yoast SEO plugin v27.0 - https:\/\/yoast.com\/product\/yoast-seo-wordpress\/ -->\n<title>LEDriving\u00ae LEDlampa SL P21W - Xenonkungen<\/title>\n<meta name=\"robots\" content=\"index, follow, max-snippet:-1, max-image-preview:large, max-video-preview:-1\" \/>\n<link rel=\"canonical\" href=\"https:\/\/xenonkungen.com\/nl\/product\/led-rijlamp-sl-p21w\/\" \/>\n<meta property=\"og:locale\" content=\"nl_NL\" \/>\n<meta property=\"og:type\" content=\"article\" \/>\n<meta property=\"og:title\" content=\"LEDriving\u00ae LEDlampa SL P21W - Xenonkungen\" \/>\n<meta property=\"og:description\" content=\"F\u00f6rb\u00e4ttra din bilbelysning med v\u00e5r LEDriving\u00ae LEDlampa SL P21W! Med den h\u00e4r h\u00f6gkvalitativa LED-lampan f\u00e5r du en stark och klar belysning som g\u00f6r dig m\u00e4rkbart synligare i trafiken \u2013 samtidigt som du sparar energi och f\u00e5r en l\u00e4ngre livsl\u00e4ngd \u00e4n traditionella lampor. K\u00f6p din LEDlampa SL P21W idag och se skillnaden sj\u00e4lv!\" \/>\n<meta property=\"og:url\" content=\"https:\/\/xenonkungen.com\/nl\/product\/led-rijlamp-sl-p21w\/\" \/>\n<meta property=\"og:site_name\" content=\"Xenonkungen\" \/>\n<meta property=\"article:modified_time\" content=\"2026-04-11T00:28:04+00:00\" \/>\n<meta property=\"og:image\" content=\"https:\/\/xenonkungen.com\/wp-content\/uploads\/2025\/04\/201830675-origpic-818499.jpg\" \/>\n\t<meta property=\"og:image:width\" content=\"691\" \/>\n\t<meta property=\"og:image:height\" content=\"1000\" \/>\n\t<meta property=\"og:image:type\" content=\"image\/jpeg\" \/>\n<meta name=\"twitter:card\" content=\"summary_large_image\" \/>\n<meta name=\"twitter:label1\" content=\"Geschatte leestijd\" \/>\n\t<meta name=\"twitter:data1\" content=\"1 minuut\" \/>\n<script type=\"application\/ld+json\" class=\"yoast-schema-graph\">{\"@context\":\"https:\/\/schema.org\",\"@graph\":[{\"@type\":\"WebPage\",\"@id\":\"https:\/\/xenonkungen.com\/produkt\/ledriving-ledlampa-sl-p21w\/\",\"url\":\"https:\/\/xenonkungen.com\/produkt\/ledriving-ledlampa-sl-p21w\/\",\"name\":\"LEDriving\u00ae LEDlampa SL P21W - Xenonkungen\",\"isPartOf\":{\"@id\":\"https:\/\/xenonkungen.com\/#website\"},\"primaryImageOfPage\":{\"@id\":\"https:\/\/xenonkungen.com\/produkt\/ledriving-ledlampa-sl-p21w\/#primaryimage\"},\"image\":{\"@id\":\"https:\/\/xenonkungen.com\/produkt\/ledriving-ledlampa-sl-p21w\/#primaryimage\"},\"thumbnailUrl\":\"https:\/\/xenonkungen.com\/wp-content\/uploads\/2025\/04\/201830675-origpic-818499.jpg\",\"datePublished\":\"2025-04-15T09:54:10+00:00\",\"dateModified\":\"2026-04-11T00:28:04+00:00\",\"breadcrumb\":{\"@id\":\"https:\/\/xenonkungen.com\/produkt\/ledriving-ledlampa-sl-p21w\/#breadcrumb\"},\"inLanguage\":\"nl-NL\",\"potentialAction\":[{\"@type\":\"ReadAction\",\"target\":[\"https:\/\/xenonkungen.com\/produkt\/ledriving-ledlampa-sl-p21w\/\"]}]},{\"@type\":\"ImageObject\",\"inLanguage\":\"nl-NL\",\"@id\":\"https:\/\/xenonkungen.com\/produkt\/ledriving-ledlampa-sl-p21w\/#primaryimage\",\"url\":\"https:\/\/xenonkungen.com\/wp-content\/uploads\/2025\/04\/201830675-origpic-818499.jpg\",\"contentUrl\":\"https:\/\/xenonkungen.com\/wp-content\/uploads\/2025\/04\/201830675-origpic-818499.jpg\",\"width\":691,\"height\":1000},{\"@type\":\"BreadcrumbList\",\"@id\":\"https:\/\/xenonkungen.com\/produkt\/ledriving-ledlampa-sl-p21w\/#breadcrumb\",\"itemListElement\":[{\"@type\":\"ListItem\",\"position\":1,\"name\":\"Hem\",\"item\":\"https:\/\/xenonkungen.com\/\"},{\"@type\":\"ListItem\",\"position\":2,\"name\":\"Shop\",\"item\":\"https:\/\/xenonkungen.com\/shop\/\"},{\"@type\":\"ListItem\",\"position\":3,\"name\":\"LEDriving\u00ae LEDlampa SL P21W\"}]},{\"@type\":\"WebSite\",\"@id\":\"https:\/\/xenonkungen.com\/#website\",\"url\":\"https:\/\/xenonkungen.com\/\",\"name\":\"Xenonkungen\",\"description\":\"\",\"potentialAction\":[{\"@type\":\"SearchAction\",\"target\":{\"@type\":\"EntryPoint\",\"urlTemplate\":\"https:\/\/xenonkungen.com\/?s={search_term_string}\"},\"query-input\":{\"@type\":\"PropertyValueSpecification\",\"valueRequired\":true,\"valueName\":\"search_term_string\"}}],\"inLanguage\":\"nl-NL\"}]}<\/script>\n<!-- \/ Yoast SEO plugin. -->","yoast_head_json":{"title":"LEDriving\u00ae LED-lamp SL P21W - De Xenon-koning","robots":{"index":"index","follow":"follow","max-snippet":"max-snippet:-1","max-image-preview":"max-image-preview:large","max-video-preview":"max-video-preview:-1"},"canonical":"https:\/\/xenonkungen.com\/nl\/product\/led-rijlamp-sl-p21w\/","og_locale":"nl_NL","og_type":"article","og_title":"LEDriving\u00ae LEDlampa SL P21W - Xenonkungen","og_description":"F\u00f6rb\u00e4ttra din bilbelysning med v\u00e5r LEDriving\u00ae LEDlampa SL P21W! Med den h\u00e4r h\u00f6gkvalitativa LED-lampan f\u00e5r du en stark och klar belysning som g\u00f6r dig m\u00e4rkbart synligare i trafiken \u2013 samtidigt som du sparar energi och f\u00e5r en l\u00e4ngre livsl\u00e4ngd \u00e4n traditionella lampor. K\u00f6p din LEDlampa SL P21W idag och se skillnaden sj\u00e4lv!","og_url":"https:\/\/xenonkungen.com\/nl\/product\/led-rijlamp-sl-p21w\/","og_site_name":"Xenonkungen","article_modified_time":"2026-04-11T00:28:04+00:00","og_image":[{"width":691,"height":1000,"url":"https:\/\/xenonkungen.com\/wp-content\/uploads\/2025\/04\/201830675-origpic-818499.jpg","type":"image\/jpeg"}],"twitter_card":"summary_large_image","twitter_misc":{"Geschatte leestijd":"1 minuut"},"schema":{"@context":"https:\/\/schema.org","@graph":[{"@type":"WebPage","@id":"https:\/\/xenonkungen.com\/produkt\/ledriving-ledlampa-sl-p21w\/","url":"https:\/\/xenonkungen.com\/produkt\/ledriving-ledlampa-sl-p21w\/","name":"LEDriving\u00ae LED-lamp SL P21W - De Xenon-koning","isPartOf":{"@id":"https:\/\/xenonkungen.com\/#website"},"primaryImageOfPage":{"@id":"https:\/\/xenonkungen.com\/produkt\/ledriving-ledlampa-sl-p21w\/#primaryimage"},"image":{"@id":"https:\/\/xenonkungen.com\/produkt\/ledriving-ledlampa-sl-p21w\/#primaryimage"},"thumbnailUrl":"https:\/\/xenonkungen.com\/wp-content\/uploads\/2025\/04\/201830675-origpic-818499.jpg","datePublished":"2025-04-15T09:54:10+00:00","dateModified":"2026-04-11T00:28:04+00:00","breadcrumb":{"@id":"https:\/\/xenonkungen.com\/produkt\/ledriving-ledlampa-sl-p21w\/#breadcrumb"},"inLanguage":"nl-NL","potentialAction":[{"@type":"ReadAction","target":["https:\/\/xenonkungen.com\/produkt\/ledriving-ledlampa-sl-p21w\/"]}]},{"@type":"ImageObject","inLanguage":"nl-NL","@id":"https:\/\/xenonkungen.com\/produkt\/ledriving-ledlampa-sl-p21w\/#primaryimage","url":"https:\/\/xenonkungen.com\/wp-content\/uploads\/2025\/04\/201830675-origpic-818499.jpg","contentUrl":"https:\/\/xenonkungen.com\/wp-content\/uploads\/2025\/04\/201830675-origpic-818499.jpg","width":691,"height":1000},{"@type":"BreadcrumbList","@id":"https:\/\/xenonkungen.com\/produkt\/ledriving-ledlampa-sl-p21w\/#breadcrumb","itemListElement":[{"@type":"ListItem","position":1,"name":"Hem","item":"https:\/\/xenonkungen.com\/"},{"@type":"ListItem","position":2,"name":"Shop","item":"https:\/\/xenonkungen.com\/shop\/"},{"@type":"ListItem","position":3,"name":"LEDriving\u00ae LEDlampa SL P21W"}]},{"@type":"WebSite","@id":"https:\/\/xenonkungen.com\/#website","url":"https:\/\/xenonkungen.com\/","name":"Xenonkungen","description":"","potentialAction":[{"@type":"SearchAction","target":{"@type":"EntryPoint","urlTemplate":"https:\/\/xenonkungen.com\/?s={search_term_string}"},"query-input":{"@type":"PropertyValueSpecification","valueRequired":true,"valueName":"search_term_string"}}],"inLanguage":"nl-NL"}]}},"taxonomy_info":{"product_brand":[{"value":108,"label":"OSRAM"}],"product_cat":[{"value":2515,"label":"BA15S"},{"value":2516,"label":"P21W"},{"value":338,"label":"Diodlampor"}],"pa_faktisk-effekts-forbrukning":[{"value":780,"label":"1,8"}],"pa_fargtemperatur":[{"value":1201,"label":"R\u00f6d"}],"pa_lampsockel-kontakt":[{"value":1897,"label":"P21W"}],"pa_volt-v":[{"value":159,"label":"12"}]},"featured_image_src_large":["https:\/\/xenonkungen.com\/wp-content\/uploads\/2025\/04\/201830675-origpic-818499.jpg",691,1000,false],"author_info":[],"comment_info":1,"_links":{"self":[{"href":"https:\/\/xenonkungen.com\/nl\/wp-json\/wp\/v2\/product\/7314","targetHints":{"allow":["GET"]}}],"collection":[{"href":"https:\/\/xenonkungen.com\/nl\/wp-json\/wp\/v2\/product"}],"about":[{"href":"https:\/\/xenonkungen.com\/nl\/wp-json\/wp\/v2\/types\/product"}],"replies":[{"embeddable":true,"href":"https:\/\/xenonkungen.com\/nl\/wp-json\/wp\/v2\/comments?post=7314"}],"wp:featuredmedia":[{"embeddable":true,"href":"https:\/\/xenonkungen.com\/nl\/wp-json\/wp\/v2\/media\/7315"}],"wp:attachment":[{"href":"https:\/\/xenonkungen.com\/nl\/wp-json\/wp\/v2\/media?parent=7314"}],"wp:term":[{"taxonomy":"anvandningsomrade","embeddable":true,"href":"https:\/\/xenonkungen.com\/nl\/wp-json\/wp\/v2\/anvandningsomrade?post=7314"},{"taxonomy":"bilmarken","embeddable":true,"href":"https:\/\/xenonkungen.com\/nl\/wp-json\/wp\/v2\/bilmarken?post=7314"},{"taxonomy":"product_brand","embeddable":true,"href":"https:\/\/xenonkungen.com\/nl\/wp-json\/wp\/v2\/product_brand?post=7314"},{"taxonomy":"product_cat","embeddable":true,"href":"https:\/\/xenonkungen.com\/nl\/wp-json\/wp\/v2\/product_cat?post=7314"},{"taxonomy":"product_tag","embeddable":true,"href":"https:\/\/xenonkungen.com\/nl\/wp-json\/wp\/v2\/product_tag?post=7314"}],"curies":[{"name":"wp","href":"https:\/\/api.w.org\/{rel}","templated":true}]}}