{"id":7354,"date":"2025-04-15T09:54:34","date_gmt":"2025-04-15T09:54:34","guid":{"rendered":"https:\/\/xenonkungen.com\/product\/ledriving-hl-bright-h7-h18\/"},"modified":"2026-04-10T19:44:08","modified_gmt":"2026-04-10T18:44:08","slug":"led-rijlicht-hl-helder-h7-h18","status":"publish","type":"product","link":"https:\/\/xenonkungen.com\/nl\/product\/led-rijlicht-hl-helder-h7-h18\/","title":{"rendered":"LED-aandrijving\u00ae HL BRIGHT H7\/H18"},"content":{"rendered":"<h1>Ontdek OSRAM LEDriving HL BRIGHT<\/h1>\n<p>De ultieme retro LED-lamp voor superieure helderheid en stijl. Met tot wel <strong>+300% meer licht<\/strong> vergeleken met standaard halogeenlampen (volgens ECE R112) krijgt u niet alleen beter zicht, maar ook een moderne uitstraling met koel wit licht aan <strong>6.000K<\/strong>Deze lampen maken het mogelijk om tijdig signalen, obstakels en gevaren te detecteren en verminderen schittering dankzij een geoptimaliseerde lichtverdeling.<\/p>\n<p>Met een levensduur tot <strong>5 keer langer<\/strong> dan conventionele lampen en de premium kwaliteit van OSRAM: u investeert in een oplossing die lang meegaat.<\/p>\n<h2>Eenvoudige installatie en hoge compatibiliteit<\/h2>\n<p>De compacte LEDriving HL BRIGHT lampen zijn <strong>eenvoudig te installeren<\/strong> en 12V-compatibel, waardoor ze een perfecte keuze zijn voor auto&#039;s met halogeenlampen. Geef uw voertuig een upgrade met moderne verlichting en verbeterde veiligheid \u2013 allemaal met de bekende kwaliteit van OSRAM en een <strong>4 jaar garantie<\/strong>.<\/p>\n<p>Houd er rekening mee dat deze lampen bedoeld zijn voor offroad-gebruik en niet <strong>ECE-goedgekeurd<\/strong> voor de openbare weg.<\/p>\n<p><strong>Stap in de toekomst van verlichting<\/strong> met OSRAM LEDriving HL BRIGHT \u2013 rijd veiliger, zie verder en ervaar een heel nieuw licht!<\/p>\n<h3><strong>Technische specificaties<\/strong><\/h3>\n<p><strong>Elektrische gegevens<\/strong><\/p>\n<p>- Stroomverbruik: 19 W<br \/>- Nominale spanning: 12,0 V<br \/>- Nominaal vermogen: 19 W<\/p>\n<p><strong>Fotometrische gegevens<\/strong><\/p>\n<p>\u2013 Nominale lichtstroom: 1700 lm<br \/>- Tolerantie lichtstroom: \u00b120 %<br \/>- Kleur LED-licht: Koel wit<br \/>- Kleurtemperatuur: 6000 K<\/p>\n<p><strong>Fysieke eigenschappen en afmetingen<\/strong><\/p>\n<p>- Lengte: 76,2 mm<br \/>- Diameter: 14,0 mm<br \/>- Gewicht product: 60,00 g<br \/>- Lamphouders: <span>PX26d<\/span><\/p>\n<p><strong>Gegevens levensduur<\/strong><\/p>\n<p>- Levensduur Tc: 5000 uur<\/p>\n<p><strong>Garantie:<\/strong><\/p>\n<p>- 4 jaar<\/p>","protected":false},"excerpt":{"rendered":"<p>Ontdek de LEDriving\u00ae HL BRIGHT H7\/H18, een krachtige 12V ledlamp met een lichtstroom van 1700 lumen en een koelwitte kleurtemperatuur van 6000K. Perfect voor moderne voertuigen, biedt hij betere zichtbaarheid en een stijlvolle look op de weg.<\/p>","protected":false},"featured_media":7355,"comment_status":"closed","ping_status":"open","template":"","meta":{"_acf_changed":false,"_smort_price_nok":"1383","_smort_price_dkk":"879","_smort_price_eur":"117.72","_smort_sale_price_nok":"","_smort_sale_price_dkk":"","_smort_sale_price_eur":"","smort_restorder":"","shipmondo_restorder":"","_kad_blocks_custom_css":"","_kad_blocks_head_custom_js":"","_kad_blocks_body_custom_js":"","_kad_blocks_footer_custom_js":"","smort_custom_pricelist_1":"828.8","smort_custom_pricelist_2":"725.2","smort_custom_pricelist_3":"673.4","smort_custom_pricelist_4":"1036","smort_custom_pricelist_5":"725.2"},"anvandningsomrade":[],"bilmarken":[],"product_brand":[108],"product_cat":[2633,733],"product_tag":[],"class_list":{"0":"post-7354","1":"product","2":"type-product","3":"status-publish","4":"has-post-thumbnail","6":"product_brand-osram","7":"product_cat-osram-ledriving-halvljus-helljus","8":"product_cat-halvljus-helljus","9":"pa_faktisk-effekts-forbrukning-1904","10":"pa_fargtemperatur-6000k","11":"pa_lampsockel-kontakt-h7-h18","12":"pa_volt-v-159","14":"first","15":"instock","16":"taxable","17":"shipping-taxable","18":"purchasable","19":"product-type-simple"},"bundled_by":[],"bundle_stock_status":"instock","bundle_stock_quantity":15,"bundle_virtual":false,"bundle_layout":"","bundle_add_to_cart_form_location":"","bundle_editable_in_cart":false,"bundle_sold_individually_context":"","bundle_item_grouping":"","bundle_min_size":"","bundle_max_size":"","bundle_price":[],"bundled_items":[],"bundle_sell_ids":[],"acf":[],"yoast_head":"<!-- This site is optimized with the Yoast SEO plugin v27.0 - https:\/\/yoast.com\/product\/yoast-seo-wordpress\/ -->\n<title>LEDriving\u00ae HL BRIGHT H7\/H18 - Xenonkungen<\/title>\n<meta name=\"robots\" content=\"index, follow, max-snippet:-1, max-image-preview:large, max-video-preview:-1\" \/>\n<link rel=\"canonical\" href=\"https:\/\/xenonkungen.com\/nl\/product\/led-rijlicht-hl-helder-h7-h18\/\" \/>\n<meta property=\"og:locale\" content=\"nl_NL\" \/>\n<meta property=\"og:type\" content=\"article\" \/>\n<meta property=\"og:title\" content=\"LEDriving\u00ae HL BRIGHT H7\/H18 - Xenonkungen\" \/>\n<meta property=\"og:description\" content=\"Uppt\u00e4ck LEDriving\u00ae HL BRIGHT H7\/H18, en kraftfull LED-lampa med 12V och ett ljusfl\u00f6de p\u00e5 1700 lumen och en kall vit f\u00e4rgtemperatur p\u00e5 6000K. Perfekt f\u00f6r moderna fordon, den erbjuder starkare sikt och ett stilrent utseende p\u00e5 v\u00e4gen.\" \/>\n<meta property=\"og:url\" content=\"https:\/\/xenonkungen.com\/nl\/product\/led-rijlicht-hl-helder-h7-h18\/\" \/>\n<meta property=\"og:site_name\" content=\"Xenonkungen\" \/>\n<meta property=\"article:modified_time\" content=\"2026-04-10T18:44:08+00:00\" \/>\n<meta property=\"og:image\" content=\"https:\/\/xenonkungen.com\/wp-content\/uploads\/2025\/04\/215797579-origpic-5dd45e.jpg\" \/>\n\t<meta property=\"og:image:width\" content=\"1024\" \/>\n\t<meta property=\"og:image:height\" content=\"674\" \/>\n\t<meta property=\"og:image:type\" content=\"image\/jpeg\" \/>\n<meta name=\"twitter:card\" content=\"summary_large_image\" \/>\n<meta name=\"twitter:label1\" content=\"Geschatte leestijd\" \/>\n\t<meta name=\"twitter:data1\" content=\"1 minuut\" \/>\n<script type=\"application\/ld+json\" class=\"yoast-schema-graph\">{\"@context\":\"https:\/\/schema.org\",\"@graph\":[{\"@type\":\"WebPage\",\"@id\":\"https:\/\/xenonkungen.com\/produkt\/ledriving-hl-bright-h7-h18\/\",\"url\":\"https:\/\/xenonkungen.com\/produkt\/ledriving-hl-bright-h7-h18\/\",\"name\":\"LEDriving\u00ae HL BRIGHT H7\/H18 - Xenonkungen\",\"isPartOf\":{\"@id\":\"https:\/\/xenonkungen.com\/#website\"},\"primaryImageOfPage\":{\"@id\":\"https:\/\/xenonkungen.com\/produkt\/ledriving-hl-bright-h7-h18\/#primaryimage\"},\"image\":{\"@id\":\"https:\/\/xenonkungen.com\/produkt\/ledriving-hl-bright-h7-h18\/#primaryimage\"},\"thumbnailUrl\":\"https:\/\/xenonkungen.com\/wp-content\/uploads\/2025\/04\/215797579-origpic-5dd45e.jpg\",\"datePublished\":\"2025-04-15T09:54:34+00:00\",\"dateModified\":\"2026-04-10T18:44:08+00:00\",\"breadcrumb\":{\"@id\":\"https:\/\/xenonkungen.com\/produkt\/ledriving-hl-bright-h7-h18\/#breadcrumb\"},\"inLanguage\":\"nl-NL\",\"potentialAction\":[{\"@type\":\"ReadAction\",\"target\":[\"https:\/\/xenonkungen.com\/produkt\/ledriving-hl-bright-h7-h18\/\"]}]},{\"@type\":\"ImageObject\",\"inLanguage\":\"nl-NL\",\"@id\":\"https:\/\/xenonkungen.com\/produkt\/ledriving-hl-bright-h7-h18\/#primaryimage\",\"url\":\"https:\/\/xenonkungen.com\/wp-content\/uploads\/2025\/04\/215797579-origpic-5dd45e.jpg\",\"contentUrl\":\"https:\/\/xenonkungen.com\/wp-content\/uploads\/2025\/04\/215797579-origpic-5dd45e.jpg\",\"width\":1024,\"height\":674},{\"@type\":\"BreadcrumbList\",\"@id\":\"https:\/\/xenonkungen.com\/produkt\/ledriving-hl-bright-h7-h18\/#breadcrumb\",\"itemListElement\":[{\"@type\":\"ListItem\",\"position\":1,\"name\":\"Hem\",\"item\":\"https:\/\/xenonkungen.com\/\"},{\"@type\":\"ListItem\",\"position\":2,\"name\":\"Shop\",\"item\":\"https:\/\/xenonkungen.com\/shop\/\"},{\"@type\":\"ListItem\",\"position\":3,\"name\":\"LEDriving\u00ae HL BRIGHT H7\/H18\"}]},{\"@type\":\"WebSite\",\"@id\":\"https:\/\/xenonkungen.com\/#website\",\"url\":\"https:\/\/xenonkungen.com\/\",\"name\":\"Xenonkungen\",\"description\":\"\",\"potentialAction\":[{\"@type\":\"SearchAction\",\"target\":{\"@type\":\"EntryPoint\",\"urlTemplate\":\"https:\/\/xenonkungen.com\/?s={search_term_string}\"},\"query-input\":{\"@type\":\"PropertyValueSpecification\",\"valueRequired\":true,\"valueName\":\"search_term_string\"}}],\"inLanguage\":\"nl-NL\"}]}<\/script>\n<!-- \/ Yoast SEO plugin. -->","yoast_head_json":{"title":"LEDriving\u00ae HL BRIGHT H7\/H18 - De xenon-koning","robots":{"index":"index","follow":"follow","max-snippet":"max-snippet:-1","max-image-preview":"max-image-preview:large","max-video-preview":"max-video-preview:-1"},"canonical":"https:\/\/xenonkungen.com\/nl\/product\/led-rijlicht-hl-helder-h7-h18\/","og_locale":"nl_NL","og_type":"article","og_title":"LEDriving\u00ae HL BRIGHT H7\/H18 - Xenonkungen","og_description":"Uppt\u00e4ck LEDriving\u00ae HL BRIGHT H7\/H18, en kraftfull LED-lampa med 12V och ett ljusfl\u00f6de p\u00e5 1700 lumen och en kall vit f\u00e4rgtemperatur p\u00e5 6000K. Perfekt f\u00f6r moderna fordon, den erbjuder starkare sikt och ett stilrent utseende p\u00e5 v\u00e4gen.","og_url":"https:\/\/xenonkungen.com\/nl\/product\/led-rijlicht-hl-helder-h7-h18\/","og_site_name":"Xenonkungen","article_modified_time":"2026-04-10T18:44:08+00:00","og_image":[{"width":1024,"height":674,"url":"https:\/\/xenonkungen.com\/wp-content\/uploads\/2025\/04\/215797579-origpic-5dd45e.jpg","type":"image\/jpeg"}],"twitter_card":"summary_large_image","twitter_misc":{"Geschatte leestijd":"1 minuut"},"schema":{"@context":"https:\/\/schema.org","@graph":[{"@type":"WebPage","@id":"https:\/\/xenonkungen.com\/produkt\/ledriving-hl-bright-h7-h18\/","url":"https:\/\/xenonkungen.com\/produkt\/ledriving-hl-bright-h7-h18\/","name":"LEDriving\u00ae HL BRIGHT H7\/H18 - De xenon-koning","isPartOf":{"@id":"https:\/\/xenonkungen.com\/#website"},"primaryImageOfPage":{"@id":"https:\/\/xenonkungen.com\/produkt\/ledriving-hl-bright-h7-h18\/#primaryimage"},"image":{"@id":"https:\/\/xenonkungen.com\/produkt\/ledriving-hl-bright-h7-h18\/#primaryimage"},"thumbnailUrl":"https:\/\/xenonkungen.com\/wp-content\/uploads\/2025\/04\/215797579-origpic-5dd45e.jpg","datePublished":"2025-04-15T09:54:34+00:00","dateModified":"2026-04-10T18:44:08+00:00","breadcrumb":{"@id":"https:\/\/xenonkungen.com\/produkt\/ledriving-hl-bright-h7-h18\/#breadcrumb"},"inLanguage":"nl-NL","potentialAction":[{"@type":"ReadAction","target":["https:\/\/xenonkungen.com\/produkt\/ledriving-hl-bright-h7-h18\/"]}]},{"@type":"ImageObject","inLanguage":"nl-NL","@id":"https:\/\/xenonkungen.com\/produkt\/ledriving-hl-bright-h7-h18\/#primaryimage","url":"https:\/\/xenonkungen.com\/wp-content\/uploads\/2025\/04\/215797579-origpic-5dd45e.jpg","contentUrl":"https:\/\/xenonkungen.com\/wp-content\/uploads\/2025\/04\/215797579-origpic-5dd45e.jpg","width":1024,"height":674},{"@type":"BreadcrumbList","@id":"https:\/\/xenonkungen.com\/produkt\/ledriving-hl-bright-h7-h18\/#breadcrumb","itemListElement":[{"@type":"ListItem","position":1,"name":"Hem","item":"https:\/\/xenonkungen.com\/"},{"@type":"ListItem","position":2,"name":"Shop","item":"https:\/\/xenonkungen.com\/shop\/"},{"@type":"ListItem","position":3,"name":"LEDriving\u00ae HL BRIGHT H7\/H18"}]},{"@type":"WebSite","@id":"https:\/\/xenonkungen.com\/#website","url":"https:\/\/xenonkungen.com\/","name":"Xenonkungen","description":"","potentialAction":[{"@type":"SearchAction","target":{"@type":"EntryPoint","urlTemplate":"https:\/\/xenonkungen.com\/?s={search_term_string}"},"query-input":{"@type":"PropertyValueSpecification","valueRequired":true,"valueName":"search_term_string"}}],"inLanguage":"nl-NL"}]}},"taxonomy_info":{"product_brand":[{"value":108,"label":"OSRAM"}],"product_cat":[{"value":2633,"label":"OSRAM Ledriving"},{"value":733,"label":"Halvljus \/ Helljus"}],"pa_faktisk-effekts-forbrukning":[{"value":1904,"label":"19"}],"pa_fargtemperatur":[{"value":188,"label":"6000K"}],"pa_lampsockel-kontakt":[{"value":1905,"label":"H7\/H18"}],"pa_volt-v":[{"value":159,"label":"12"}]},"featured_image_src_large":["https:\/\/xenonkungen.com\/wp-content\/uploads\/2025\/04\/215797579-origpic-5dd45e.jpg",1024,674,false],"author_info":[],"comment_info":0,"_links":{"self":[{"href":"https:\/\/xenonkungen.com\/nl\/wp-json\/wp\/v2\/product\/7354","targetHints":{"allow":["GET"]}}],"collection":[{"href":"https:\/\/xenonkungen.com\/nl\/wp-json\/wp\/v2\/product"}],"about":[{"href":"https:\/\/xenonkungen.com\/nl\/wp-json\/wp\/v2\/types\/product"}],"replies":[{"embeddable":true,"href":"https:\/\/xenonkungen.com\/nl\/wp-json\/wp\/v2\/comments?post=7354"}],"wp:featuredmedia":[{"embeddable":true,"href":"https:\/\/xenonkungen.com\/nl\/wp-json\/wp\/v2\/media\/7355"}],"wp:attachment":[{"href":"https:\/\/xenonkungen.com\/nl\/wp-json\/wp\/v2\/media?parent=7354"}],"wp:term":[{"taxonomy":"anvandningsomrade","embeddable":true,"href":"https:\/\/xenonkungen.com\/nl\/wp-json\/wp\/v2\/anvandningsomrade?post=7354"},{"taxonomy":"bilmarken","embeddable":true,"href":"https:\/\/xenonkungen.com\/nl\/wp-json\/wp\/v2\/bilmarken?post=7354"},{"taxonomy":"product_brand","embeddable":true,"href":"https:\/\/xenonkungen.com\/nl\/wp-json\/wp\/v2\/product_brand?post=7354"},{"taxonomy":"product_cat","embeddable":true,"href":"https:\/\/xenonkungen.com\/nl\/wp-json\/wp\/v2\/product_cat?post=7354"},{"taxonomy":"product_tag","embeddable":true,"href":"https:\/\/xenonkungen.com\/nl\/wp-json\/wp\/v2\/product_tag?post=7354"}],"curies":[{"name":"wp","href":"https:\/\/api.w.org\/{rel}","templated":true}]}}