{"id":7488,"date":"2025-04-15T09:56:07","date_gmt":"2025-04-15T09:56:07","guid":{"rendered":"https:\/\/xenonkungen.com\/product\/osram-ledriving-ledramp-sx180-spot\/"},"modified":"2026-04-24T17:40:53","modified_gmt":"2026-04-24T16:40:53","slug":"osram-ledriving-ledramp-sx180-spot","status":"publish","type":"product","link":"https:\/\/xenonkungen.com\/nl\/product\/osram-ledriving-ledramp-sx180-spot\/","title":{"rendered":"OSRAM LEDriving\u00ae LEDramp SX180 Spotlight <19cm>"},"content":{"rendered":"<h2 class=\"font-headline-text-bold orange\">Duurzame en robuuste LED-hulpverlichting toegestaan voor gebruik op de openbare weg<\/h2>\n<div class=\"product-text\">\n<div class=\"space-paragraph\" data-attr-id=\"ZPIM1TE00821\">Een helder licht is vooral belangrijk op onverlichte straten en landwegen. Het stelt bestuurders in staat om obstakels ver van tevoren te zien. Met zes krachtige LED's geeft de LEDriving Lightbar SX180-SP extra verlichting bestuurders beter zicht en meer veiligheid op de weg.<br \/>De LED extra verlichting maakt ook indruk op kortere afstanden. Met een verlichtingssterkte van 1 lux en een stralingshoek van 8 graden reikt de lichtbundel tot 190 meter. Dat is genoeg voor bestuurders om obstakels op de weg ver van tevoren te zien.<br \/>Het slimme ontwerp van de LED-lichtreflectoren zorgt voor een zeer hoge optische effici\u00ebntie met een gelijkmatige lichtverdeling en minder verblinding. Verminderde verblinding is vooral belangrijk voor tegemoetkomend verkeer en is een andere belangrijke factor voor de verkeersveiligheid.<br \/>Naast de sterke lichtstroom verbetert het ledgrootlicht ook de offroadstijl van het voertuig. Aangezien de gecertificeerde LED-hulpverlichting bedoeld is voor gebruik op de weg, is het gebruik niet beperkt tot terreinrijden.<\/p>\n<p><strong>Verschillende montageopties en duurzaamheid<\/strong><br \/>Het spreekt voor zich dat LED-hulplichten het zwaar te verduren hebben als ze bijna dagelijks worden gebruikt. De duurzame lens van polycarbonaat voldoet aan de zwaarste eisen en verlengt tegelijkertijd de levensduur van het extra licht.<br \/>Een ge\u00efntegreerd aandrijf- en thermisch managementsysteem voorkomt potenti\u00eble schade door oververhitting. De over- en onderspanningsbeveiliging verbreekt automatisch het circuit wanneer de vooraf bepaalde stroom gedurende een bepaalde periode wordt overschreden.<br \/>Zelfs grote temperatuurschommelingen zijn geen probleem voor de LEDriving Lightbar SX180-SP. De lamp werkt ongeacht of de luchttemperatuur -30 of +60 \u00b0C is. Dit is erg praktisch, vooral wanneer je off-road rijdt.<br \/>Dankzij de compacte afmetingen kan de LED werklamp op veel verschillende manieren worden gemonteerd. De LED werklamp kan eenvoudig worden gemonteerd aan de voorkant van 4\u00d74 en off-road voertuigen, maar ook op commerci\u00eble en industri\u00eble voertuigen.<\/div>\n<\/div>\n<p><strong>Spotlight<\/strong> heeft een gericht licht waardoor het licht zo ver mogelijk reikt.<\/p>","protected":false},"excerpt":{"rendered":"<p>H\u00e5llbart och robust LED-extraljus som \u00e4r till\u00e5tet f\u00f6r anv\u00e4ndning p\u00e5 allm\u00e4nna v\u00e4gar Ett starkt ljus \u00e4r s\u00e4rskilt viktigt p\u00e5 oupplysta gator och landsv\u00e4gar. Det g\u00f6r att f\u00f6rare uppt\u00e4cker hinder l\u00e5ngt i f\u00f6rv\u00e4g. Med sex h\u00f6gpresterande LED-lampor ger extraljuset LEDriving Lightbar SX180-SP f\u00f6rare b\u00e4ttre sikt och st\u00f6rre s\u00e4kerhet p\u00e5 v\u00e4gen.LED-extraljuset imponerar ocks\u00e5 p\u00e5 kortare avst\u00e5nd. Med [&hellip;]<\/p>","protected":false},"featured_media":7489,"comment_status":"closed","ping_status":"open","template":"","meta":{"_acf_changed":false,"_smort_price_nok":"1399","_smort_price_dkk":"889","_smort_price_eur":"119.09","_smort_sale_price_nok":"","_smort_sale_price_dkk":"","_smort_sale_price_eur":"","smort_restorder":"","shipmondo_restorder":"","_kad_blocks_custom_css":"","_kad_blocks_head_custom_js":"","_kad_blocks_body_custom_js":"","_kad_blocks_footer_custom_js":"","smort_custom_pricelist_1":"838.4","smort_custom_pricelist_2":"838.4","smort_custom_pricelist_3":"796.48","smort_custom_pricelist_4":"1048","smort_custom_pricelist_5":"838.4"},"anvandningsomrade":[],"bilmarken":[],"product_brand":[108],"product_cat":[2966,2539,2640,2183],"product_tag":[],"class_list":{"0":"post-7488","1":"product","2":"type-product","3":"status-publish","4":"has-post-thumbnail","6":"product_brand-osram","7":"product_cat-ledramp-rak","8":"product_cat-ledramper","9":"product_cat-osram-ledriving-ledramper","10":"product_cat-osram-ledriving","11":"pa_faktisk-effekts-forbrukning-537","12":"pa_fargtemperatur-1428","13":"pa_fuktskydd-varde-ipxx-ip69","14":"pa_godkannande-e4-ece-r10-r112","15":"pa_lampsockel-kontakt-dt","16":"pa_ljusbild-spot","17":"pa_storlek-mm-62x38x182","18":"pa_volt-v-12-24","20":"first","21":"onbackorder","22":"taxable","23":"shipping-taxable","24":"purchasable","25":"product-type-simple"},"bundled_by":[],"bundle_stock_status":"onbackorder","bundle_stock_quantity":0,"bundle_virtual":false,"bundle_layout":"","bundle_add_to_cart_form_location":"","bundle_editable_in_cart":false,"bundle_sold_individually_context":"","bundle_item_grouping":"","bundle_min_size":"","bundle_max_size":"","bundle_price":[],"bundled_items":[],"bundle_sell_ids":[],"acf":[],"yoast_head":"<!-- This site is optimized with the Yoast SEO plugin v27.0 - https:\/\/yoast.com\/product\/yoast-seo-wordpress\/ -->\n<title>OSRAM LEDriving\u00ae LEDramp SX180 Spot  - Xenonkungen<\/title>\n<meta name=\"robots\" content=\"index, follow, max-snippet:-1, max-image-preview:large, max-video-preview:-1\" \/>\n<link rel=\"canonical\" href=\"https:\/\/xenonkungen.com\/nl\/product\/osram-ledriving-ledramp-sx180-spot\/\" \/>\n<meta property=\"og:locale\" content=\"nl_NL\" \/>\n<meta property=\"og:type\" content=\"article\" \/>\n<meta property=\"og:title\" content=\"OSRAM LEDriving\u00ae LEDramp SX180 Spot  - Xenonkungen\" \/>\n<meta property=\"og:description\" content=\"H\u00e5llbart och robust LED-extraljus som \u00e4r till\u00e5tet f\u00f6r anv\u00e4ndning p\u00e5 allm\u00e4nna v\u00e4gar Ett starkt ljus \u00e4r s\u00e4rskilt viktigt p\u00e5 oupplysta gator och landsv\u00e4gar. Det g\u00f6r att f\u00f6rare uppt\u00e4cker hinder l\u00e5ngt i f\u00f6rv\u00e4g. Med sex h\u00f6gpresterande LED-lampor ger extraljuset LEDriving Lightbar SX180-SP f\u00f6rare b\u00e4ttre sikt och st\u00f6rre s\u00e4kerhet p\u00e5 v\u00e4gen.LED-extraljuset imponerar ocks\u00e5 p\u00e5 kortare avst\u00e5nd. Med [&hellip;]\" \/>\n<meta property=\"og:url\" content=\"https:\/\/xenonkungen.com\/nl\/product\/osram-ledriving-ledramp-sx180-spot\/\" \/>\n<meta property=\"og:site_name\" content=\"Xenonkungen\" \/>\n<meta property=\"article:modified_time\" content=\"2026-04-24T16:40:53+00:00\" \/>\n<meta property=\"og:image\" content=\"https:\/\/xenonkungen.com\/wp-content\/uploads\/2025\/04\/164508685-origpic-48db63.png\" \/>\n\t<meta property=\"og:image:width\" content=\"1000\" \/>\n\t<meta property=\"og:image:height\" content=\"792\" \/>\n\t<meta property=\"og:image:type\" content=\"image\/png\" \/>\n<meta name=\"twitter:card\" content=\"summary_large_image\" \/>\n<meta name=\"twitter:label1\" content=\"Geschatte leestijd\" \/>\n\t<meta name=\"twitter:data1\" content=\"2 minuten\" \/>\n<script type=\"application\/ld+json\" class=\"yoast-schema-graph\">{\"@context\":\"https:\/\/schema.org\",\"@graph\":[{\"@type\":\"WebPage\",\"@id\":\"https:\/\/xenonkungen.com\/produkt\/osram-ledriving-ledramp-sx180-spot\/\",\"url\":\"https:\/\/xenonkungen.com\/produkt\/osram-ledriving-ledramp-sx180-spot\/\",\"name\":\"OSRAM LEDriving\u00ae LEDramp SX180 Spot - Xenonkungen\",\"isPartOf\":{\"@id\":\"https:\/\/xenonkungen.com\/#website\"},\"primaryImageOfPage\":{\"@id\":\"https:\/\/xenonkungen.com\/produkt\/osram-ledriving-ledramp-sx180-spot\/#primaryimage\"},\"image\":{\"@id\":\"https:\/\/xenonkungen.com\/produkt\/osram-ledriving-ledramp-sx180-spot\/#primaryimage\"},\"thumbnailUrl\":\"https:\/\/xenonkungen.com\/wp-content\/uploads\/2025\/04\/164508685-origpic-48db63.png\",\"datePublished\":\"2025-04-15T09:56:07+00:00\",\"dateModified\":\"2026-04-24T16:40:53+00:00\",\"breadcrumb\":{\"@id\":\"https:\/\/xenonkungen.com\/produkt\/osram-ledriving-ledramp-sx180-spot\/#breadcrumb\"},\"inLanguage\":\"nl-NL\",\"potentialAction\":[{\"@type\":\"ReadAction\",\"target\":[\"https:\/\/xenonkungen.com\/produkt\/osram-ledriving-ledramp-sx180-spot\/\"]}]},{\"@type\":\"ImageObject\",\"inLanguage\":\"nl-NL\",\"@id\":\"https:\/\/xenonkungen.com\/produkt\/osram-ledriving-ledramp-sx180-spot\/#primaryimage\",\"url\":\"https:\/\/xenonkungen.com\/wp-content\/uploads\/2025\/04\/164508685-origpic-48db63.png\",\"contentUrl\":\"https:\/\/xenonkungen.com\/wp-content\/uploads\/2025\/04\/164508685-origpic-48db63.png\",\"width\":1000,\"height\":792},{\"@type\":\"BreadcrumbList\",\"@id\":\"https:\/\/xenonkungen.com\/produkt\/osram-ledriving-ledramp-sx180-spot\/#breadcrumb\",\"itemListElement\":[{\"@type\":\"ListItem\",\"position\":1,\"name\":\"Hem\",\"item\":\"https:\/\/xenonkungen.com\/\"},{\"@type\":\"ListItem\",\"position\":2,\"name\":\"Shop\",\"item\":\"https:\/\/xenonkungen.com\/shop\/\"},{\"@type\":\"ListItem\",\"position\":3,\"name\":\"OSRAM LEDriving\u00ae LEDramp SX180 Spot\"}]},{\"@type\":\"WebSite\",\"@id\":\"https:\/\/xenonkungen.com\/#website\",\"url\":\"https:\/\/xenonkungen.com\/\",\"name\":\"Xenonkungen\",\"description\":\"\",\"potentialAction\":[{\"@type\":\"SearchAction\",\"target\":{\"@type\":\"EntryPoint\",\"urlTemplate\":\"https:\/\/xenonkungen.com\/?s={search_term_string}\"},\"query-input\":{\"@type\":\"PropertyValueSpecification\",\"valueRequired\":true,\"valueName\":\"search_term_string\"}}],\"inLanguage\":\"nl-NL\"}]}<\/script>\n<!-- \/ Yoast SEO plugin. -->","yoast_head_json":{"title":"OSRAM LEDriving\u00ae LEDramp SX180 Spot - De Xenon Koning","robots":{"index":"index","follow":"follow","max-snippet":"max-snippet:-1","max-image-preview":"max-image-preview:large","max-video-preview":"max-video-preview:-1"},"canonical":"https:\/\/xenonkungen.com\/nl\/product\/osram-ledriving-ledramp-sx180-spot\/","og_locale":"nl_NL","og_type":"article","og_title":"OSRAM LEDriving\u00ae LEDramp SX180 Spot  - Xenonkungen","og_description":"H\u00e5llbart och robust LED-extraljus som \u00e4r till\u00e5tet f\u00f6r anv\u00e4ndning p\u00e5 allm\u00e4nna v\u00e4gar Ett starkt ljus \u00e4r s\u00e4rskilt viktigt p\u00e5 oupplysta gator och landsv\u00e4gar. Det g\u00f6r att f\u00f6rare uppt\u00e4cker hinder l\u00e5ngt i f\u00f6rv\u00e4g. Med sex h\u00f6gpresterande LED-lampor ger extraljuset LEDriving Lightbar SX180-SP f\u00f6rare b\u00e4ttre sikt och st\u00f6rre s\u00e4kerhet p\u00e5 v\u00e4gen.LED-extraljuset imponerar ocks\u00e5 p\u00e5 kortare avst\u00e5nd. Med [&hellip;]","og_url":"https:\/\/xenonkungen.com\/nl\/product\/osram-ledriving-ledramp-sx180-spot\/","og_site_name":"Xenonkungen","article_modified_time":"2026-04-24T16:40:53+00:00","og_image":[{"width":1000,"height":792,"url":"https:\/\/xenonkungen.com\/wp-content\/uploads\/2025\/04\/164508685-origpic-48db63.png","type":"image\/png"}],"twitter_card":"summary_large_image","twitter_misc":{"Geschatte leestijd":"2 minuten"},"schema":{"@context":"https:\/\/schema.org","@graph":[{"@type":"WebPage","@id":"https:\/\/xenonkungen.com\/produkt\/osram-ledriving-ledramp-sx180-spot\/","url":"https:\/\/xenonkungen.com\/produkt\/osram-ledriving-ledramp-sx180-spot\/","name":"OSRAM LEDriving\u00ae LEDramp SX180 Spot - De Xenon Koning","isPartOf":{"@id":"https:\/\/xenonkungen.com\/#website"},"primaryImageOfPage":{"@id":"https:\/\/xenonkungen.com\/produkt\/osram-ledriving-ledramp-sx180-spot\/#primaryimage"},"image":{"@id":"https:\/\/xenonkungen.com\/produkt\/osram-ledriving-ledramp-sx180-spot\/#primaryimage"},"thumbnailUrl":"https:\/\/xenonkungen.com\/wp-content\/uploads\/2025\/04\/164508685-origpic-48db63.png","datePublished":"2025-04-15T09:56:07+00:00","dateModified":"2026-04-24T16:40:53+00:00","breadcrumb":{"@id":"https:\/\/xenonkungen.com\/produkt\/osram-ledriving-ledramp-sx180-spot\/#breadcrumb"},"inLanguage":"nl-NL","potentialAction":[{"@type":"ReadAction","target":["https:\/\/xenonkungen.com\/produkt\/osram-ledriving-ledramp-sx180-spot\/"]}]},{"@type":"ImageObject","inLanguage":"nl-NL","@id":"https:\/\/xenonkungen.com\/produkt\/osram-ledriving-ledramp-sx180-spot\/#primaryimage","url":"https:\/\/xenonkungen.com\/wp-content\/uploads\/2025\/04\/164508685-origpic-48db63.png","contentUrl":"https:\/\/xenonkungen.com\/wp-content\/uploads\/2025\/04\/164508685-origpic-48db63.png","width":1000,"height":792},{"@type":"BreadcrumbList","@id":"https:\/\/xenonkungen.com\/produkt\/osram-ledriving-ledramp-sx180-spot\/#breadcrumb","itemListElement":[{"@type":"ListItem","position":1,"name":"Hem","item":"https:\/\/xenonkungen.com\/"},{"@type":"ListItem","position":2,"name":"Shop","item":"https:\/\/xenonkungen.com\/shop\/"},{"@type":"ListItem","position":3,"name":"OSRAM LEDriving\u00ae LEDramp SX180 Spot"}]},{"@type":"WebSite","@id":"https:\/\/xenonkungen.com\/#website","url":"https:\/\/xenonkungen.com\/","name":"Xenonkungen","description":"","potentialAction":[{"@type":"SearchAction","target":{"@type":"EntryPoint","urlTemplate":"https:\/\/xenonkungen.com\/?s={search_term_string}"},"query-input":{"@type":"PropertyValueSpecification","valueRequired":true,"valueName":"search_term_string"}}],"inLanguage":"nl-NL"}]}},"taxonomy_info":{"product_brand":[{"value":108,"label":"OSRAM"}],"product_cat":[{"value":2966,"label":"Ledramp Rak"},{"value":2539,"label":"LEDRAMPER"},{"value":2640,"label":"OSRAM Ledriving Serie"},{"value":2183,"label":"OSRAM LEDriving\u00ae"}],"pa_faktisk-effekts-forbrukning":[{"value":537,"label":"15"}],"pa_fargtemperatur":[{"value":1428,"label":"6000"}],"pa_fuktskydd-varde-ipxx":[{"value":960,"label":"IP69"}],"pa_godkannande":[{"value":1930,"label":"E4, ECE R10, R112"}],"pa_lampsockel-kontakt":[{"value":329,"label":"DT"}],"pa_ljusbild":[{"value":1177,"label":"Spot"}],"pa_storlek-mm":[{"value":1935,"label":"62x38x182"}],"pa_volt-v":[{"value":348,"label":"12, 24"}]},"featured_image_src_large":["https:\/\/xenonkungen.com\/wp-content\/uploads\/2025\/04\/164508685-origpic-48db63.png",1000,792,false],"author_info":[],"comment_info":0,"_links":{"self":[{"href":"https:\/\/xenonkungen.com\/nl\/wp-json\/wp\/v2\/product\/7488","targetHints":{"allow":["GET"]}}],"collection":[{"href":"https:\/\/xenonkungen.com\/nl\/wp-json\/wp\/v2\/product"}],"about":[{"href":"https:\/\/xenonkungen.com\/nl\/wp-json\/wp\/v2\/types\/product"}],"replies":[{"embeddable":true,"href":"https:\/\/xenonkungen.com\/nl\/wp-json\/wp\/v2\/comments?post=7488"}],"wp:featuredmedia":[{"embeddable":true,"href":"https:\/\/xenonkungen.com\/nl\/wp-json\/wp\/v2\/media\/7489"}],"wp:attachment":[{"href":"https:\/\/xenonkungen.com\/nl\/wp-json\/wp\/v2\/media?parent=7488"}],"wp:term":[{"taxonomy":"anvandningsomrade","embeddable":true,"href":"https:\/\/xenonkungen.com\/nl\/wp-json\/wp\/v2\/anvandningsomrade?post=7488"},{"taxonomy":"bilmarken","embeddable":true,"href":"https:\/\/xenonkungen.com\/nl\/wp-json\/wp\/v2\/bilmarken?post=7488"},{"taxonomy":"product_brand","embeddable":true,"href":"https:\/\/xenonkungen.com\/nl\/wp-json\/wp\/v2\/product_brand?post=7488"},{"taxonomy":"product_cat","embeddable":true,"href":"https:\/\/xenonkungen.com\/nl\/wp-json\/wp\/v2\/product_cat?post=7488"},{"taxonomy":"product_tag","embeddable":true,"href":"https:\/\/xenonkungen.com\/nl\/wp-json\/wp\/v2\/product_tag?post=7488"}],"curies":[{"name":"wp","href":"https:\/\/api.w.org\/{rel}","templated":true}]}}