{"id":7509,"date":"2025-04-15T09:56:25","date_gmt":"2025-04-15T09:56:25","guid":{"rendered":"https:\/\/xenonkungen.com\/product\/ledriving-lightbar-sx500-sp\/"},"modified":"2026-04-24T17:40:58","modified_gmt":"2026-04-24T16:40:58","slug":"led-rijlichtbalk-sx500-sp","status":"publish","type":"product","link":"https:\/\/xenonkungen.com\/nl\/product\/led-rijlichtbalk-sx500-sp\/","title":{"rendered":"LED-aandrijving\u00ae LIGHTBAR SX500-SP"},"content":{"rendered":"<h1>Osram \u2013 LEDriving\u00ae LICHTBALK<\/h1>\n<h2 class=\"font-headline-text-bold orange\">Duurzame LED-lamp voor betere verkeersveiligheid<\/h2>\n<div class=\"product-text\">\n<div class=\"space-paragraph\" data-attr-id=\"ZPIM1TE00821\">De LEDriving Lightbar SX500-SP zoeklamp combineert slimme verlichtingstechnologie met een lange levensduur. De gecertificeerde LED-hulplamp heeft een levensduur van 5.000 uur en zorgt voor een zeer lange levensduur voor meer verkeersveiligheid.<br \/>Met een verlichtingssterkte van 1 lux en een stralingshoek van 8 graden reikt de lichtbundel van de LED-hulpverlichting tot wel 360 meter ver. De 18 krachtige LED&#039;s zorgen voor licht dat vooral op onverlichte wegen en bij slecht zicht van pas komt.<br \/>Het slimme ontwerp van de reflectoren van de ledstrip zorgt voor een zeer hoge optische effici\u00ebntie met een gelijkmatige lichtverdeling en minder verblinding voor tegemoetkomend verkeer. Minder verblinding is een bijzonder belangrijke factor voor de verkeersveiligheid.<br \/>De lichtstroom van 3.900 lumen van het LED-grootlicht is niet het enige voordeel: het verbetert ook de offroad-stijl van het voertuig.<\/div>\n<\/div>\n<ul>\n<li>Bereik: 1 lux @ 370m<\/li>\n<li>Slank ontwerp<\/li>\n<li>Spotbundel<\/li>\n<\/ul>\n<p><strong>Duurzame LED-werklamp voor veilig en comfortabel rijden<\/strong><br \/><span>Dagelijks gebruik stelt hoge eisen aan het materiaal. De led-hulplamp is daarom voorzien van een duurzame lens van polycarbonaat. De zoeklamp werkt ook bij extreme temperaturen tussen -30 en +60 \u00b0C.<\/span><br \/><span>De ge\u00efntegreerde driver en het thermische managementsysteem reguleren de warmteontwikkeling tijdens het gebruik en beschermen de 18 hoogwaardige LED&#039;s tegen mogelijke oververhitting.<\/span><br \/><span>Over- en onderspanningsbeveiliging verbreekt automatisch het circuit wanneer het vermogen de vooraf ingestelde stroomsterkte gedurende een bepaalde tijd overschrijdt. Deze praktische functie biedt extra bescherming tegen operationele schade.<\/span><br \/><span>De LEDriving Lightbar SX500-SP is geschikt voor personenauto&#039;s, 4x4- en terreinwagens, evenals bedrijfs- en industri\u00eble voertuigen. Dankzij de compacte inbouwmaten profiteren ook landbouwvoertuigen van het intense licht van de LED-verstralers.<\/span><\/p>\n<p>","protected":false},"excerpt":{"rendered":"<p>Spot van de bekende Osram met spot-afbeelding. Geeft 1 lux op 370 meter!<\/p>","protected":false},"featured_media":7510,"comment_status":"closed","ping_status":"open","template":"","meta":{"_acf_changed":false,"_smort_price_nok":"2724","_smort_price_dkk":"1730","_smort_price_eur":"231.81","_smort_sale_price_nok":"","_smort_sale_price_dkk":"","_smort_sale_price_eur":"","smort_restorder":"","shipmondo_restorder":"","_kad_blocks_custom_css":"","_kad_blocks_head_custom_js":"","_kad_blocks_body_custom_js":"","_kad_blocks_footer_custom_js":"","smort_custom_pricelist_1":"1632","smort_custom_pricelist_2":"1632","smort_custom_pricelist_3":"1550.4","smort_custom_pricelist_4":"2040","smort_custom_pricelist_5":"1632"},"anvandningsomrade":[],"bilmarken":[],"product_brand":[108],"product_cat":[2966,2539,2640,2183],"product_tag":[],"class_list":{"0":"post-7509","1":"product","2":"type-product","3":"status-publish","4":"has-post-thumbnail","6":"product_brand-osram","7":"product_cat-ledramp-rak","8":"product_cat-ledramper","9":"product_cat-osram-ledriving-ledramper","10":"product_cat-osram-ledriving","11":"pa_faktisk-effekts-forbrukning-695","12":"pa_fargtemperatur-1428","13":"pa_fuktskydd-varde-ipxx-ip69k","14":"pa_godkannande-r112-r10","15":"pa_lampsockel-kontakt-dt","16":"pa_ljusbild-spot","17":"pa_storlek-mm-556x62x38","18":"pa_stromforbrukning-333a135v","19":"pa_volt-v-9-32","21":"first","22":"onbackorder","23":"taxable","24":"shipping-taxable","25":"purchasable","26":"product-type-simple"},"bundled_by":[],"bundle_stock_status":"onbackorder","bundle_stock_quantity":0,"bundle_virtual":false,"bundle_layout":"","bundle_add_to_cart_form_location":"","bundle_editable_in_cart":false,"bundle_sold_individually_context":"","bundle_item_grouping":"","bundle_min_size":"","bundle_max_size":"","bundle_price":[],"bundled_items":[],"bundle_sell_ids":[],"acf":[],"yoast_head":"<!-- This site is optimized with the Yoast SEO plugin v27.0 - https:\/\/yoast.com\/product\/yoast-seo-wordpress\/ -->\n<title>LEDriving\u00ae LIGHTBAR SX500-SP - Xenonkungen<\/title>\n<meta name=\"robots\" content=\"index, follow, max-snippet:-1, max-image-preview:large, max-video-preview:-1\" \/>\n<link rel=\"canonical\" href=\"https:\/\/xenonkungen.com\/nl\/product\/led-rijlichtbalk-sx500-sp\/\" \/>\n<meta property=\"og:locale\" content=\"nl_NL\" \/>\n<meta property=\"og:type\" content=\"article\" \/>\n<meta property=\"og:title\" content=\"LEDriving\u00ae LIGHTBAR SX500-SP - Xenonkungen\" \/>\n<meta property=\"og:description\" content=\"Spotljusramp fr\u00e5n v\u00e4lk\u00e4nda Osram med en Spotljusbild. Ger er 1 lux p\u00e5 370 meter!\" \/>\n<meta property=\"og:url\" content=\"https:\/\/xenonkungen.com\/nl\/product\/led-rijlichtbalk-sx500-sp\/\" \/>\n<meta property=\"og:site_name\" content=\"Xenonkungen\" \/>\n<meta property=\"article:modified_time\" content=\"2026-04-24T16:40:58+00:00\" \/>\n<meta property=\"og:image\" content=\"https:\/\/xenonkungen.com\/wp-content\/uploads\/2025\/04\/209726651-origpic-933d6b.jpg\" \/>\n\t<meta property=\"og:image:width\" content=\"900\" \/>\n\t<meta property=\"og:image:height\" content=\"900\" \/>\n\t<meta property=\"og:image:type\" content=\"image\/jpeg\" \/>\n<meta name=\"twitter:card\" content=\"summary_large_image\" \/>\n<meta name=\"twitter:label1\" content=\"Geschatte leestijd\" \/>\n\t<meta name=\"twitter:data1\" content=\"1 minuut\" \/>\n<script type=\"application\/ld+json\" class=\"yoast-schema-graph\">{\"@context\":\"https:\/\/schema.org\",\"@graph\":[{\"@type\":\"WebPage\",\"@id\":\"https:\/\/xenonkungen.com\/produkt\/ledriving-lightbar-sx500-sp\/\",\"url\":\"https:\/\/xenonkungen.com\/produkt\/ledriving-lightbar-sx500-sp\/\",\"name\":\"LEDriving\u00ae LIGHTBAR SX500-SP - Xenonkungen\",\"isPartOf\":{\"@id\":\"https:\/\/xenonkungen.com\/#website\"},\"primaryImageOfPage\":{\"@id\":\"https:\/\/xenonkungen.com\/produkt\/ledriving-lightbar-sx500-sp\/#primaryimage\"},\"image\":{\"@id\":\"https:\/\/xenonkungen.com\/produkt\/ledriving-lightbar-sx500-sp\/#primaryimage\"},\"thumbnailUrl\":\"https:\/\/xenonkungen.com\/wp-content\/uploads\/2025\/04\/209726651-origpic-933d6b.jpg\",\"datePublished\":\"2025-04-15T09:56:25+00:00\",\"dateModified\":\"2026-04-24T16:40:58+00:00\",\"breadcrumb\":{\"@id\":\"https:\/\/xenonkungen.com\/produkt\/ledriving-lightbar-sx500-sp\/#breadcrumb\"},\"inLanguage\":\"nl-NL\",\"potentialAction\":[{\"@type\":\"ReadAction\",\"target\":[\"https:\/\/xenonkungen.com\/produkt\/ledriving-lightbar-sx500-sp\/\"]}]},{\"@type\":\"ImageObject\",\"inLanguage\":\"nl-NL\",\"@id\":\"https:\/\/xenonkungen.com\/produkt\/ledriving-lightbar-sx500-sp\/#primaryimage\",\"url\":\"https:\/\/xenonkungen.com\/wp-content\/uploads\/2025\/04\/209726651-origpic-933d6b.jpg\",\"contentUrl\":\"https:\/\/xenonkungen.com\/wp-content\/uploads\/2025\/04\/209726651-origpic-933d6b.jpg\",\"width\":900,\"height\":900},{\"@type\":\"BreadcrumbList\",\"@id\":\"https:\/\/xenonkungen.com\/produkt\/ledriving-lightbar-sx500-sp\/#breadcrumb\",\"itemListElement\":[{\"@type\":\"ListItem\",\"position\":1,\"name\":\"Hem\",\"item\":\"https:\/\/xenonkungen.com\/\"},{\"@type\":\"ListItem\",\"position\":2,\"name\":\"Shop\",\"item\":\"https:\/\/xenonkungen.com\/shop\/\"},{\"@type\":\"ListItem\",\"position\":3,\"name\":\"LEDriving\u00ae LIGHTBAR SX500-SP\"}]},{\"@type\":\"WebSite\",\"@id\":\"https:\/\/xenonkungen.com\/#website\",\"url\":\"https:\/\/xenonkungen.com\/\",\"name\":\"Xenonkungen\",\"description\":\"\",\"potentialAction\":[{\"@type\":\"SearchAction\",\"target\":{\"@type\":\"EntryPoint\",\"urlTemplate\":\"https:\/\/xenonkungen.com\/?s={search_term_string}\"},\"query-input\":{\"@type\":\"PropertyValueSpecification\",\"valueRequired\":true,\"valueName\":\"search_term_string\"}}],\"inLanguage\":\"nl-NL\"}]}<\/script>\n<!-- \/ Yoast SEO plugin. -->","yoast_head_json":{"title":"LEDriving\u00ae LIGHTBAR SX500-SP - De Xenon-koning","robots":{"index":"index","follow":"follow","max-snippet":"max-snippet:-1","max-image-preview":"max-image-preview:large","max-video-preview":"max-video-preview:-1"},"canonical":"https:\/\/xenonkungen.com\/nl\/product\/led-rijlichtbalk-sx500-sp\/","og_locale":"nl_NL","og_type":"article","og_title":"LEDriving\u00ae LIGHTBAR SX500-SP - Xenonkungen","og_description":"Spotljusramp fr\u00e5n v\u00e4lk\u00e4nda Osram med en Spotljusbild. Ger er 1 lux p\u00e5 370 meter!","og_url":"https:\/\/xenonkungen.com\/nl\/product\/led-rijlichtbalk-sx500-sp\/","og_site_name":"Xenonkungen","article_modified_time":"2026-04-24T16:40:58+00:00","og_image":[{"width":900,"height":900,"url":"https:\/\/xenonkungen.com\/wp-content\/uploads\/2025\/04\/209726651-origpic-933d6b.jpg","type":"image\/jpeg"}],"twitter_card":"summary_large_image","twitter_misc":{"Geschatte leestijd":"1 minuut"},"schema":{"@context":"https:\/\/schema.org","@graph":[{"@type":"WebPage","@id":"https:\/\/xenonkungen.com\/produkt\/ledriving-lightbar-sx500-sp\/","url":"https:\/\/xenonkungen.com\/produkt\/ledriving-lightbar-sx500-sp\/","name":"LEDriving\u00ae LIGHTBAR SX500-SP - De Xenon-koning","isPartOf":{"@id":"https:\/\/xenonkungen.com\/#website"},"primaryImageOfPage":{"@id":"https:\/\/xenonkungen.com\/produkt\/ledriving-lightbar-sx500-sp\/#primaryimage"},"image":{"@id":"https:\/\/xenonkungen.com\/produkt\/ledriving-lightbar-sx500-sp\/#primaryimage"},"thumbnailUrl":"https:\/\/xenonkungen.com\/wp-content\/uploads\/2025\/04\/209726651-origpic-933d6b.jpg","datePublished":"2025-04-15T09:56:25+00:00","dateModified":"2026-04-24T16:40:58+00:00","breadcrumb":{"@id":"https:\/\/xenonkungen.com\/produkt\/ledriving-lightbar-sx500-sp\/#breadcrumb"},"inLanguage":"nl-NL","potentialAction":[{"@type":"ReadAction","target":["https:\/\/xenonkungen.com\/produkt\/ledriving-lightbar-sx500-sp\/"]}]},{"@type":"ImageObject","inLanguage":"nl-NL","@id":"https:\/\/xenonkungen.com\/produkt\/ledriving-lightbar-sx500-sp\/#primaryimage","url":"https:\/\/xenonkungen.com\/wp-content\/uploads\/2025\/04\/209726651-origpic-933d6b.jpg","contentUrl":"https:\/\/xenonkungen.com\/wp-content\/uploads\/2025\/04\/209726651-origpic-933d6b.jpg","width":900,"height":900},{"@type":"BreadcrumbList","@id":"https:\/\/xenonkungen.com\/produkt\/ledriving-lightbar-sx500-sp\/#breadcrumb","itemListElement":[{"@type":"ListItem","position":1,"name":"Hem","item":"https:\/\/xenonkungen.com\/"},{"@type":"ListItem","position":2,"name":"Shop","item":"https:\/\/xenonkungen.com\/shop\/"},{"@type":"ListItem","position":3,"name":"LEDriving\u00ae LIGHTBAR SX500-SP"}]},{"@type":"WebSite","@id":"https:\/\/xenonkungen.com\/#website","url":"https:\/\/xenonkungen.com\/","name":"Xenonkungen","description":"","potentialAction":[{"@type":"SearchAction","target":{"@type":"EntryPoint","urlTemplate":"https:\/\/xenonkungen.com\/?s={search_term_string}"},"query-input":{"@type":"PropertyValueSpecification","valueRequired":true,"valueName":"search_term_string"}}],"inLanguage":"nl-NL"}]}},"taxonomy_info":{"product_brand":[{"value":108,"label":"OSRAM"}],"product_cat":[{"value":2966,"label":"Ledramp Rak"},{"value":2539,"label":"LEDRAMPER"},{"value":2640,"label":"OSRAM Ledriving Serie"},{"value":2183,"label":"OSRAM LEDriving\u00ae"}],"pa_faktisk-effekts-forbrukning":[{"value":695,"label":"45"}],"pa_fargtemperatur":[{"value":1428,"label":"6000"}],"pa_fuktskydd-varde-ipxx":[{"value":155,"label":"IP69K"}],"pa_godkannande":[{"value":1942,"label":"R112, R10"}],"pa_lampsockel-kontakt":[{"value":329,"label":"DT"}],"pa_ljusbild":[{"value":1177,"label":"Spot"}],"pa_storlek-mm":[{"value":1940,"label":"556x62x38"}],"pa_stromforbrukning":[{"value":1941,"label":"3,33A@13,5V"}],"pa_volt-v":[{"value":1434,"label":"9-32"}]},"featured_image_src_large":["https:\/\/xenonkungen.com\/wp-content\/uploads\/2025\/04\/209726651-origpic-933d6b.jpg",900,900,false],"author_info":[],"comment_info":0,"_links":{"self":[{"href":"https:\/\/xenonkungen.com\/nl\/wp-json\/wp\/v2\/product\/7509","targetHints":{"allow":["GET"]}}],"collection":[{"href":"https:\/\/xenonkungen.com\/nl\/wp-json\/wp\/v2\/product"}],"about":[{"href":"https:\/\/xenonkungen.com\/nl\/wp-json\/wp\/v2\/types\/product"}],"replies":[{"embeddable":true,"href":"https:\/\/xenonkungen.com\/nl\/wp-json\/wp\/v2\/comments?post=7509"}],"wp:featuredmedia":[{"embeddable":true,"href":"https:\/\/xenonkungen.com\/nl\/wp-json\/wp\/v2\/media\/7510"}],"wp:attachment":[{"href":"https:\/\/xenonkungen.com\/nl\/wp-json\/wp\/v2\/media?parent=7509"}],"wp:term":[{"taxonomy":"anvandningsomrade","embeddable":true,"href":"https:\/\/xenonkungen.com\/nl\/wp-json\/wp\/v2\/anvandningsomrade?post=7509"},{"taxonomy":"bilmarken","embeddable":true,"href":"https:\/\/xenonkungen.com\/nl\/wp-json\/wp\/v2\/bilmarken?post=7509"},{"taxonomy":"product_brand","embeddable":true,"href":"https:\/\/xenonkungen.com\/nl\/wp-json\/wp\/v2\/product_brand?post=7509"},{"taxonomy":"product_cat","embeddable":true,"href":"https:\/\/xenonkungen.com\/nl\/wp-json\/wp\/v2\/product_cat?post=7509"},{"taxonomy":"product_tag","embeddable":true,"href":"https:\/\/xenonkungen.com\/nl\/wp-json\/wp\/v2\/product_tag?post=7509"}],"curies":[{"name":"wp","href":"https:\/\/api.w.org\/{rel}","templated":true}]}}