{"id":7515,"date":"2025-04-15T09:56:25","date_gmt":"2025-04-15T09:56:25","guid":{"rendered":"https:\/\/xenonkungen.com\/product\/ledriving-reversing-vx120r-wd\/"},"modified":"2026-01-08T18:06:07","modified_gmt":"2026-01-08T17:06:07","slug":"ledriving-achteruitrijcamera-vx120r-wd","status":"publish","type":"product","link":"https:\/\/xenonkungen.com\/nl\/product\/ledriving-achteruitrijcamera-vx120r-wd\/","title":{"rendered":"LED-aandrijving\u00ae REVERSING VX120R-WD"},"content":{"rendered":"<h1>Verlicht uw leven met OSRAM LED rij- en werklampen<\/h1>\n<p>OSRAM LEDriving Reversing FX120R-WD achteruitrijlichten verlichten donkere landwegen en bospaden.<\/p>\n<p>De 14 krachtige en hoogwaardige leds hebben een bereik van 36 meter en geven de bestuurder ruimschoots waarschuwingslicht, zowel op de weg als offroad. Zelfs bij slechte lichtomstandigheden zorgt de OSRAM LEDriving Reversing FX120R-WD voor een omgeving die lijkt op daglicht, dankzij een kleurtemperatuur tot 6000 Kelvin. <\/p>\n<p>De intense lichtopbrengst van 1100 lumen wordt gecombineerd met een zeer hoge optische effici\u00ebntie en een gelijkmatige lichtverdeling. Dit betekent dat u beter ziet en uw voertuig beter wordt waargenomen door andere weggebruikers, wat bijdraagt aan een hogere verkeersveiligheid, zowel op de weg als off-road.<\/p>\n<p>Op de weg of off-road? <br \/>Het OSRAM LEDriving Reversing FX120R-WD achteruitrijlicht overtuigt door zijn krachtige prestaties en lange levensduur. Het veelzijdige achteruitrijlicht is bestand tegen zware omgevingsomstandigheden dankzij hoogwaardige materialen, zoals een thermoplastische behuizing en een robuuste polycarbonaatlens, en is zowel lichtgewicht als duurzaam. Het LEDriving Reversing FX120R-WD achteruitrijlicht is in ons DIN-gecertificeerde omgevingssimulatielab getest op extreme externe omstandigheden zoals water, stof, schokken, hoge en lage temperaturen en permanente trillingen, en is gevalideerd met IP-beschermingsklasse IP69K. Een ge\u00efntegreerde driver en thermisch managementsysteem reguleren de temperatuur van het LED-achteruitrijlicht en voorkomen schade door oververhitting. De polariteitsbeveiliging voorkomt een verkeerde polariteit in de voeding en voorkomt mogelijke schade door automatische uitschakeling van de LED-verlichting. <\/p>\n<p>Op de weg of off-road? <br \/>De OSRAM LEDriving Reversing FX120R-WD achteruitrijlamp is een effectieve upgrade voor uw voertuig. De ECE-gecertificeerde LED-achteruitrijlampen vereisen geen herregistratie en geen aanvullingen op de voertuigdocumentatie.<\/p>\n<p>Het LED-achterlicht kan worden gemonteerd op auto's, vrachtwagens, landbouwmachines, bedrijfswagens, bouwvoertuigen, bosbouwmachines, caravans, terreinwagens en quads.<\/p>\n<p>OSRAM LEDriving Reversing FX120R-WD achteruitrijlichten zijn veelzijdig en flexibel.<\/p>","protected":false},"excerpt":{"rendered":"<p>Stevige werklamp van Osram. Met 1 lux op 36 meter. Perfect als werklamp\/achteruitrijlicht.<\/p>","protected":false},"featured_media":7516,"comment_status":"closed","ping_status":"open","template":"","meta":{"_acf_changed":false,"_smort_price_nok":"566","_smort_price_dkk":"360","_smort_price_eur":"48.18","_smort_sale_price_nok":"","_smort_sale_price_dkk":"","_smort_sale_price_eur":"","smort_restorder":"","shipmondo_restorder":"","_kad_blocks_custom_css":"","_kad_blocks_head_custom_js":"","_kad_blocks_body_custom_js":"","_kad_blocks_footer_custom_js":"","smort_custom_pricelist_1":"339.2","smort_custom_pricelist_2":"339.2","smort_custom_pricelist_3":"322.24","smort_custom_pricelist_4":"424","smort_custom_pricelist_5":"339.2"},"anvandningsomrade":[],"bilmarken":[],"product_brand":[108],"product_cat":[2639,2642,508],"product_tag":[],"class_list":{"0":"post-7515","1":"product","2":"type-product","3":"status-publish","4":"has-post-thumbnail","6":"product_brand-osram","7":"product_cat-osram-ledriving-arbetsbelysning","8":"product_cat-osram-ledriving-backljus-backljus-osram-ledriving-arbetsbelysning","9":"product_cat-arbetsbelysning","10":"pa_faktisk-effekts-forbrukning-537","11":"pa_fargtemperatur-1428","12":"pa_fuktskydd-varde-ipxx-ip69","13":"pa_godkannande-e9-ece-r10-r23","14":"pa_lampsockel-kontakt-dt","15":"pa_storlek-mm-48x131x121","16":"pa_volt-v-12-24","18":"first","19":"instock","20":"taxable","21":"shipping-taxable","22":"purchasable","23":"product-type-simple"},"bundled_by":[],"bundle_stock_status":"instock","bundle_stock_quantity":5,"bundle_virtual":false,"bundle_layout":"","bundle_add_to_cart_form_location":"","bundle_editable_in_cart":false,"bundle_sold_individually_context":"","bundle_item_grouping":"","bundle_min_size":"","bundle_max_size":"","bundle_price":[],"bundled_items":[],"bundle_sell_ids":[],"acf":[],"yoast_head":"<!-- This site is optimized with the Yoast SEO plugin v27.0 - https:\/\/yoast.com\/product\/yoast-seo-wordpress\/ -->\n<title>LEDriving\u00ae REVERSING VX120R-WD - Xenonkungen<\/title>\n<meta name=\"robots\" content=\"index, follow, max-snippet:-1, max-image-preview:large, max-video-preview:-1\" \/>\n<link rel=\"canonical\" href=\"https:\/\/xenonkungen.com\/nl\/product\/ledriving-achteruitrijcamera-vx120r-wd\/\" \/>\n<meta property=\"og:locale\" content=\"nl_NL\" \/>\n<meta property=\"og:type\" content=\"article\" \/>\n<meta property=\"og:title\" content=\"LEDriving\u00ae REVERSING VX120R-WD - Xenonkungen\" \/>\n<meta property=\"og:description\" content=\"Rej\u00e4lt Arbetsljus fr\u00e5n Osram. Med 1 Lux p\u00e5 36 meter. Passar perfekt som arbetsljus\/backljus\" \/>\n<meta property=\"og:url\" content=\"https:\/\/xenonkungen.com\/nl\/product\/ledriving-achteruitrijcamera-vx120r-wd\/\" \/>\n<meta property=\"og:site_name\" content=\"Xenonkungen\" \/>\n<meta property=\"article:modified_time\" content=\"2026-01-08T17:06:07+00:00\" \/>\n<meta property=\"og:image\" content=\"https:\/\/xenonkungen.com\/wp-content\/uploads\/2025\/04\/178262325-origpic-a4ca1e.jpg\" \/>\n\t<meta property=\"og:image:width\" content=\"760\" \/>\n\t<meta property=\"og:image:height\" content=\"760\" \/>\n\t<meta property=\"og:image:type\" content=\"image\/jpeg\" \/>\n<meta name=\"twitter:card\" content=\"summary_large_image\" \/>\n<meta name=\"twitter:label1\" content=\"Geschatte leestijd\" \/>\n\t<meta name=\"twitter:data1\" content=\"2 minuten\" \/>\n<script type=\"application\/ld+json\" class=\"yoast-schema-graph\">{\"@context\":\"https:\/\/schema.org\",\"@graph\":[{\"@type\":\"WebPage\",\"@id\":\"https:\/\/xenonkungen.com\/produkt\/ledriving-reversing-vx120r-wd\/\",\"url\":\"https:\/\/xenonkungen.com\/produkt\/ledriving-reversing-vx120r-wd\/\",\"name\":\"LEDriving\u00ae REVERSING VX120R-WD - Xenonkungen\",\"isPartOf\":{\"@id\":\"https:\/\/xenonkungen.com\/#website\"},\"primaryImageOfPage\":{\"@id\":\"https:\/\/xenonkungen.com\/produkt\/ledriving-reversing-vx120r-wd\/#primaryimage\"},\"image\":{\"@id\":\"https:\/\/xenonkungen.com\/produkt\/ledriving-reversing-vx120r-wd\/#primaryimage\"},\"thumbnailUrl\":\"https:\/\/xenonkungen.com\/wp-content\/uploads\/2025\/04\/178262325-origpic-a4ca1e.jpg\",\"datePublished\":\"2025-04-15T09:56:25+00:00\",\"dateModified\":\"2026-01-08T17:06:07+00:00\",\"breadcrumb\":{\"@id\":\"https:\/\/xenonkungen.com\/produkt\/ledriving-reversing-vx120r-wd\/#breadcrumb\"},\"inLanguage\":\"nl-NL\",\"potentialAction\":[{\"@type\":\"ReadAction\",\"target\":[\"https:\/\/xenonkungen.com\/produkt\/ledriving-reversing-vx120r-wd\/\"]}]},{\"@type\":\"ImageObject\",\"inLanguage\":\"nl-NL\",\"@id\":\"https:\/\/xenonkungen.com\/produkt\/ledriving-reversing-vx120r-wd\/#primaryimage\",\"url\":\"https:\/\/xenonkungen.com\/wp-content\/uploads\/2025\/04\/178262325-origpic-a4ca1e.jpg\",\"contentUrl\":\"https:\/\/xenonkungen.com\/wp-content\/uploads\/2025\/04\/178262325-origpic-a4ca1e.jpg\",\"width\":760,\"height\":760},{\"@type\":\"BreadcrumbList\",\"@id\":\"https:\/\/xenonkungen.com\/produkt\/ledriving-reversing-vx120r-wd\/#breadcrumb\",\"itemListElement\":[{\"@type\":\"ListItem\",\"position\":1,\"name\":\"Hem\",\"item\":\"https:\/\/xenonkungen.com\/\"},{\"@type\":\"ListItem\",\"position\":2,\"name\":\"Shop\",\"item\":\"https:\/\/xenonkungen.com\/shop\/\"},{\"@type\":\"ListItem\",\"position\":3,\"name\":\"LEDriving\u00ae REVERSING VX120R-WD\"}]},{\"@type\":\"WebSite\",\"@id\":\"https:\/\/xenonkungen.com\/#website\",\"url\":\"https:\/\/xenonkungen.com\/\",\"name\":\"Xenonkungen\",\"description\":\"\",\"potentialAction\":[{\"@type\":\"SearchAction\",\"target\":{\"@type\":\"EntryPoint\",\"urlTemplate\":\"https:\/\/xenonkungen.com\/?s={search_term_string}\"},\"query-input\":{\"@type\":\"PropertyValueSpecification\",\"valueRequired\":true,\"valueName\":\"search_term_string\"}}],\"inLanguage\":\"nl-NL\"}]}<\/script>\n<!-- \/ Yoast SEO plugin. -->","yoast_head_json":{"title":"LEDriving\u00ae REVERSING VX120R-WD - De Xenon Koning","robots":{"index":"index","follow":"follow","max-snippet":"max-snippet:-1","max-image-preview":"max-image-preview:large","max-video-preview":"max-video-preview:-1"},"canonical":"https:\/\/xenonkungen.com\/nl\/product\/ledriving-achteruitrijcamera-vx120r-wd\/","og_locale":"nl_NL","og_type":"article","og_title":"LEDriving\u00ae REVERSING VX120R-WD - Xenonkungen","og_description":"Rej\u00e4lt Arbetsljus fr\u00e5n Osram. Med 1 Lux p\u00e5 36 meter. Passar perfekt som arbetsljus\/backljus","og_url":"https:\/\/xenonkungen.com\/nl\/product\/ledriving-achteruitrijcamera-vx120r-wd\/","og_site_name":"Xenonkungen","article_modified_time":"2026-01-08T17:06:07+00:00","og_image":[{"width":760,"height":760,"url":"https:\/\/xenonkungen.com\/wp-content\/uploads\/2025\/04\/178262325-origpic-a4ca1e.jpg","type":"image\/jpeg"}],"twitter_card":"summary_large_image","twitter_misc":{"Geschatte leestijd":"2 minuten"},"schema":{"@context":"https:\/\/schema.org","@graph":[{"@type":"WebPage","@id":"https:\/\/xenonkungen.com\/produkt\/ledriving-reversing-vx120r-wd\/","url":"https:\/\/xenonkungen.com\/produkt\/ledriving-reversing-vx120r-wd\/","name":"LEDriving\u00ae REVERSING VX120R-WD - De Xenon Koning","isPartOf":{"@id":"https:\/\/xenonkungen.com\/#website"},"primaryImageOfPage":{"@id":"https:\/\/xenonkungen.com\/produkt\/ledriving-reversing-vx120r-wd\/#primaryimage"},"image":{"@id":"https:\/\/xenonkungen.com\/produkt\/ledriving-reversing-vx120r-wd\/#primaryimage"},"thumbnailUrl":"https:\/\/xenonkungen.com\/wp-content\/uploads\/2025\/04\/178262325-origpic-a4ca1e.jpg","datePublished":"2025-04-15T09:56:25+00:00","dateModified":"2026-01-08T17:06:07+00:00","breadcrumb":{"@id":"https:\/\/xenonkungen.com\/produkt\/ledriving-reversing-vx120r-wd\/#breadcrumb"},"inLanguage":"nl-NL","potentialAction":[{"@type":"ReadAction","target":["https:\/\/xenonkungen.com\/produkt\/ledriving-reversing-vx120r-wd\/"]}]},{"@type":"ImageObject","inLanguage":"nl-NL","@id":"https:\/\/xenonkungen.com\/produkt\/ledriving-reversing-vx120r-wd\/#primaryimage","url":"https:\/\/xenonkungen.com\/wp-content\/uploads\/2025\/04\/178262325-origpic-a4ca1e.jpg","contentUrl":"https:\/\/xenonkungen.com\/wp-content\/uploads\/2025\/04\/178262325-origpic-a4ca1e.jpg","width":760,"height":760},{"@type":"BreadcrumbList","@id":"https:\/\/xenonkungen.com\/produkt\/ledriving-reversing-vx120r-wd\/#breadcrumb","itemListElement":[{"@type":"ListItem","position":1,"name":"Hem","item":"https:\/\/xenonkungen.com\/"},{"@type":"ListItem","position":2,"name":"Shop","item":"https:\/\/xenonkungen.com\/shop\/"},{"@type":"ListItem","position":3,"name":"LEDriving\u00ae REVERSING VX120R-WD"}]},{"@type":"WebSite","@id":"https:\/\/xenonkungen.com\/#website","url":"https:\/\/xenonkungen.com\/","name":"Xenonkungen","description":"","potentialAction":[{"@type":"SearchAction","target":{"@type":"EntryPoint","urlTemplate":"https:\/\/xenonkungen.com\/?s={search_term_string}"},"query-input":{"@type":"PropertyValueSpecification","valueRequired":true,"valueName":"search_term_string"}}],"inLanguage":"nl-NL"}]}},"taxonomy_info":{"product_brand":[{"value":108,"label":"OSRAM"}],"product_cat":[{"value":2639,"label":"OSRAM Ledriving"},{"value":2642,"label":"OSRAM Ledriving"},{"value":508,"label":"Arbetsbelysning"}],"pa_faktisk-effekts-forbrukning":[{"value":537,"label":"15"}],"pa_fargtemperatur":[{"value":1428,"label":"6000"}],"pa_fuktskydd-varde-ipxx":[{"value":960,"label":"IP69"}],"pa_godkannande":[{"value":1944,"label":"E9 , ECE R10 , R23"}],"pa_lampsockel-kontakt":[{"value":329,"label":"DT"}],"pa_storlek-mm":[{"value":1943,"label":"48x131x121"}],"pa_volt-v":[{"value":348,"label":"12, 24"}]},"featured_image_src_large":["https:\/\/xenonkungen.com\/wp-content\/uploads\/2025\/04\/178262325-origpic-a4ca1e.jpg",760,760,false],"author_info":[],"comment_info":1,"_links":{"self":[{"href":"https:\/\/xenonkungen.com\/nl\/wp-json\/wp\/v2\/product\/7515","targetHints":{"allow":["GET"]}}],"collection":[{"href":"https:\/\/xenonkungen.com\/nl\/wp-json\/wp\/v2\/product"}],"about":[{"href":"https:\/\/xenonkungen.com\/nl\/wp-json\/wp\/v2\/types\/product"}],"replies":[{"embeddable":true,"href":"https:\/\/xenonkungen.com\/nl\/wp-json\/wp\/v2\/comments?post=7515"}],"wp:featuredmedia":[{"embeddable":true,"href":"https:\/\/xenonkungen.com\/nl\/wp-json\/wp\/v2\/media\/7516"}],"wp:attachment":[{"href":"https:\/\/xenonkungen.com\/nl\/wp-json\/wp\/v2\/media?parent=7515"}],"wp:term":[{"taxonomy":"anvandningsomrade","embeddable":true,"href":"https:\/\/xenonkungen.com\/nl\/wp-json\/wp\/v2\/anvandningsomrade?post=7515"},{"taxonomy":"bilmarken","embeddable":true,"href":"https:\/\/xenonkungen.com\/nl\/wp-json\/wp\/v2\/bilmarken?post=7515"},{"taxonomy":"product_brand","embeddable":true,"href":"https:\/\/xenonkungen.com\/nl\/wp-json\/wp\/v2\/product_brand?post=7515"},{"taxonomy":"product_cat","embeddable":true,"href":"https:\/\/xenonkungen.com\/nl\/wp-json\/wp\/v2\/product_cat?post=7515"},{"taxonomy":"product_tag","embeddable":true,"href":"https:\/\/xenonkungen.com\/nl\/wp-json\/wp\/v2\/product_tag?post=7515"}],"curies":[{"name":"wp","href":"https:\/\/api.w.org\/{rel}","templated":true}]}}