{"id":7554,"date":"2025-04-15T09:56:39","date_gmt":"2025-04-15T09:56:39","guid":{"rendered":"https:\/\/xenonkungen.com\/product\/ledriving-ledramp-vx250-sp\/"},"modified":"2026-04-11T01:31:12","modified_gmt":"2026-04-11T00:31:12","slug":"ledriving-led-ramp-vx250-sp","status":"publish","type":"product","link":"https:\/\/xenonkungen.com\/nl\/product\/ledriving-led-ramp-vx250-sp\/","title":{"rendered":"LED-rijbaan VX250-SP <28cm>"},"content":{"rendered":"<h1>Verlicht uw leven met OSRAM LED rij- en werklampen<\/h1>\n<p>De OSRAM LEDriving Lightbar VX250-SP verlicht donkere landwegen en bospaden. Met 9 krachtige, hoogwaardige en duurzame LED&#039;s heeft de OSRAM LEDriving Lightbar VX250-SP een bereik tot 318 meter en geeft hij de bestuurder voldoende waarschuwing, zowel op de weg als off-road. Zelfs bij slechte lichtomstandigheden cre\u00ebert de OSRAM LEDriving Lightbar VX250-SP een daglichtachtige omgeving dankzij een kleurtemperatuur tot 6000 Kelvin. De intense lichtopbrengst tot 1500 lumen wordt gecombineerd met een zeer hoge optische effici\u00ebntie en een gelijkmatige lichtverdeling. Dit betekent dat u beter ziet en dat uw voertuig beter wordt waargenomen door andere weggebruikers, wat bijdraagt aan een hogere verkeersveiligheid, zowel op de weg als off-road.<\/p>\n<p>Op de weg of off-road? <\/p>\n<p>De OSRAM LEDriving Lightbar VX250-SP overtuigt met zijn krachtige prestaties en lange levensduur tot wel 5000 uur. De veelzijdige lamp is bestand tegen zware omgevingsomstandigheden dankzij hoogwaardige materialen, zoals een aluminium behuizing en een robuuste polycarbonaat lens, en is zowel lichtgewicht als duurzaam. De OSRAM LEDriving Lightbar VX250-SP is in ons DIN-gecertificeerde omgevingssimulatielab getest op extreme externe omstandigheden zoals water, stof, schokken, hoge en lage temperaturen en permanente trillingen, en is gevalideerd met IP-beschermingsklasse IP67. Een ge\u00efntegreerde driver en thermisch managementsysteem reguleren de temperatuur van de LED Lightbar en voorkomen schade door oververhitting. De polariteitsbeveiliging voorkomt een verkeerde polariteit in de voeding en voorkomt mogelijke schade door automatische uitschakeling van de LED-lampen. <br \/>Op de weg of offroad? De OSRAM LEDriving Lightbar VX250-SP is een effectieve upgrade voor uw voertuig. De ECE-gecertificeerde LED-hulpverlichting vereist geen herregistratie en geen aanvullingen op de voertuigdocumentatie.<br \/>ECE-referentienummer: 30<\/p>\n<p>De OSRAM LEDriving Lightbar VX250-SP kan worden gemonteerd op auto&#039;s, vrachtwagens, landbouwmachines, bedrijfsvoertuigen, bouwvoertuigen, bosbouwmachines, caravans, terreinwagens en quads.<br \/>De OSRAM LEDriving VX250-SP is veelzijdig en flexibel.<\/p>","protected":false},"excerpt":{"rendered":"<p>Flexibele LED-ramp van Osram. Dankzij de flexibele montagemogelijkheden is hij eenvoudig aan te passen aan de voorzijde van uw voertuig.<\/p>","protected":false},"featured_media":7555,"comment_status":"closed","ping_status":"open","template":"","meta":{"_acf_changed":false,"_smort_price_nok":"1292","_smort_price_dkk":"821","_smort_price_eur":"110","_smort_sale_price_nok":"","_smort_sale_price_dkk":"","_smort_sale_price_eur":"","smort_restorder":"","shipmondo_restorder":"","_kad_blocks_custom_css":"","_kad_blocks_head_custom_js":"","_kad_blocks_body_custom_js":"","_kad_blocks_footer_custom_js":"","smort_custom_pricelist_1":"774.4","smort_custom_pricelist_2":"774.4","smort_custom_pricelist_3":"735.68","smort_custom_pricelist_4":"968","smort_custom_pricelist_5":"774.4"},"anvandningsomrade":[],"bilmarken":[],"product_brand":[108],"product_cat":[2966,2539,2640,2183],"product_tag":[],"class_list":{"0":"post-7554","1":"product","2":"type-product","3":"status-publish","4":"has-post-thumbnail","6":"product_brand-osram","7":"product_cat-ledramp-rak","8":"product_cat-ledramper","9":"product_cat-osram-ledriving-ledramper","10":"product_cat-osram-ledriving","11":"pa_faktisk-effekts-forbrukning-1900","12":"pa_fargtemperatur-1428","13":"pa_fuktskydd-varde-ipxx-ip67","14":"pa_godkannande-e4-ece-r10-r112","15":"pa_lampsockel-kontakt-open-wire","16":"pa_storlek-mm-36x67x275","17":"pa_volt-v-12-24","19":"first","20":"instock","21":"taxable","22":"shipping-taxable","23":"purchasable","24":"product-type-simple"},"bundled_by":[],"bundle_stock_status":"instock","bundle_stock_quantity":3,"bundle_virtual":false,"bundle_layout":"","bundle_add_to_cart_form_location":"","bundle_editable_in_cart":false,"bundle_sold_individually_context":"","bundle_item_grouping":"","bundle_min_size":"","bundle_max_size":"","bundle_price":[],"bundled_items":[],"bundle_sell_ids":[],"acf":[],"yoast_head":"<!-- This site is optimized with the Yoast SEO plugin v27.0 - https:\/\/yoast.com\/product\/yoast-seo-wordpress\/ -->\n<title>LEDriving\u00ae LEDramp VX250-SP  - Xenonkungen<\/title>\n<meta name=\"robots\" content=\"index, follow, max-snippet:-1, max-image-preview:large, max-video-preview:-1\" \/>\n<link rel=\"canonical\" href=\"https:\/\/xenonkungen.com\/nl\/product\/ledriving-led-ramp-vx250-sp\/\" \/>\n<meta property=\"og:locale\" content=\"nl_NL\" \/>\n<meta property=\"og:type\" content=\"article\" \/>\n<meta property=\"og:title\" content=\"LEDriving\u00ae LEDramp VX250-SP  - Xenonkungen\" \/>\n<meta property=\"og:description\" content=\"Smidig Ledramp fr\u00e5n Osram. Tack vare sina smidiga inf\u00e4stningsm\u00f6jligheter \u00e4r det enkelt att anpassa den till fronten av ert fordon.\" \/>\n<meta property=\"og:url\" content=\"https:\/\/xenonkungen.com\/nl\/product\/ledriving-led-ramp-vx250-sp\/\" \/>\n<meta property=\"og:site_name\" content=\"Xenonkungen\" \/>\n<meta property=\"article:modified_time\" content=\"2026-04-11T00:31:12+00:00\" \/>\n<meta property=\"og:image\" content=\"https:\/\/xenonkungen.com\/wp-content\/uploads\/2025\/04\/178265901-origpic-ad7fe4.jpg\" \/>\n\t<meta property=\"og:image:width\" content=\"900\" \/>\n\t<meta property=\"og:image:height\" content=\"900\" \/>\n\t<meta property=\"og:image:type\" content=\"image\/jpeg\" \/>\n<meta name=\"twitter:card\" content=\"summary_large_image\" \/>\n<meta name=\"twitter:label1\" content=\"Geschatte leestijd\" \/>\n\t<meta name=\"twitter:data1\" content=\"2 minuten\" \/>\n<script type=\"application\/ld+json\" class=\"yoast-schema-graph\">{\"@context\":\"https:\/\/schema.org\",\"@graph\":[{\"@type\":\"WebPage\",\"@id\":\"https:\/\/xenonkungen.com\/produkt\/ledriving-ledramp-vx250-sp\/\",\"url\":\"https:\/\/xenonkungen.com\/produkt\/ledriving-ledramp-vx250-sp\/\",\"name\":\"LEDriving\u00ae LEDramp VX250-SP - Xenonkungen\",\"isPartOf\":{\"@id\":\"https:\/\/xenonkungen.com\/#website\"},\"primaryImageOfPage\":{\"@id\":\"https:\/\/xenonkungen.com\/produkt\/ledriving-ledramp-vx250-sp\/#primaryimage\"},\"image\":{\"@id\":\"https:\/\/xenonkungen.com\/produkt\/ledriving-ledramp-vx250-sp\/#primaryimage\"},\"thumbnailUrl\":\"https:\/\/xenonkungen.com\/wp-content\/uploads\/2025\/04\/178265901-origpic-ad7fe4.jpg\",\"datePublished\":\"2025-04-15T09:56:39+00:00\",\"dateModified\":\"2026-04-11T00:31:12+00:00\",\"breadcrumb\":{\"@id\":\"https:\/\/xenonkungen.com\/produkt\/ledriving-ledramp-vx250-sp\/#breadcrumb\"},\"inLanguage\":\"nl-NL\",\"potentialAction\":[{\"@type\":\"ReadAction\",\"target\":[\"https:\/\/xenonkungen.com\/produkt\/ledriving-ledramp-vx250-sp\/\"]}]},{\"@type\":\"ImageObject\",\"inLanguage\":\"nl-NL\",\"@id\":\"https:\/\/xenonkungen.com\/produkt\/ledriving-ledramp-vx250-sp\/#primaryimage\",\"url\":\"https:\/\/xenonkungen.com\/wp-content\/uploads\/2025\/04\/178265901-origpic-ad7fe4.jpg\",\"contentUrl\":\"https:\/\/xenonkungen.com\/wp-content\/uploads\/2025\/04\/178265901-origpic-ad7fe4.jpg\",\"width\":900,\"height\":900},{\"@type\":\"BreadcrumbList\",\"@id\":\"https:\/\/xenonkungen.com\/produkt\/ledriving-ledramp-vx250-sp\/#breadcrumb\",\"itemListElement\":[{\"@type\":\"ListItem\",\"position\":1,\"name\":\"Hem\",\"item\":\"https:\/\/xenonkungen.com\/\"},{\"@type\":\"ListItem\",\"position\":2,\"name\":\"Shop\",\"item\":\"https:\/\/xenonkungen.com\/shop\/\"},{\"@type\":\"ListItem\",\"position\":3,\"name\":\"LEDriving\u00ae LEDramp VX250-SP\"}]},{\"@type\":\"WebSite\",\"@id\":\"https:\/\/xenonkungen.com\/#website\",\"url\":\"https:\/\/xenonkungen.com\/\",\"name\":\"Xenonkungen\",\"description\":\"\",\"potentialAction\":[{\"@type\":\"SearchAction\",\"target\":{\"@type\":\"EntryPoint\",\"urlTemplate\":\"https:\/\/xenonkungen.com\/?s={search_term_string}\"},\"query-input\":{\"@type\":\"PropertyValueSpecification\",\"valueRequired\":true,\"valueName\":\"search_term_string\"}}],\"inLanguage\":\"nl-NL\"}]}<\/script>\n<!-- \/ Yoast SEO plugin. -->","yoast_head_json":{"title":"LEDriving\u00ae LEDramp VX250-SP - De Xenon-koning","robots":{"index":"index","follow":"follow","max-snippet":"max-snippet:-1","max-image-preview":"max-image-preview:large","max-video-preview":"max-video-preview:-1"},"canonical":"https:\/\/xenonkungen.com\/nl\/product\/ledriving-led-ramp-vx250-sp\/","og_locale":"nl_NL","og_type":"article","og_title":"LEDriving\u00ae LEDramp VX250-SP  - Xenonkungen","og_description":"Smidig Ledramp fr\u00e5n Osram. Tack vare sina smidiga inf\u00e4stningsm\u00f6jligheter \u00e4r det enkelt att anpassa den till fronten av ert fordon.","og_url":"https:\/\/xenonkungen.com\/nl\/product\/ledriving-led-ramp-vx250-sp\/","og_site_name":"Xenonkungen","article_modified_time":"2026-04-11T00:31:12+00:00","og_image":[{"width":900,"height":900,"url":"https:\/\/xenonkungen.com\/wp-content\/uploads\/2025\/04\/178265901-origpic-ad7fe4.jpg","type":"image\/jpeg"}],"twitter_card":"summary_large_image","twitter_misc":{"Geschatte leestijd":"2 minuten"},"schema":{"@context":"https:\/\/schema.org","@graph":[{"@type":"WebPage","@id":"https:\/\/xenonkungen.com\/produkt\/ledriving-ledramp-vx250-sp\/","url":"https:\/\/xenonkungen.com\/produkt\/ledriving-ledramp-vx250-sp\/","name":"LEDriving\u00ae LEDramp VX250-SP - De Xenon-koning","isPartOf":{"@id":"https:\/\/xenonkungen.com\/#website"},"primaryImageOfPage":{"@id":"https:\/\/xenonkungen.com\/produkt\/ledriving-ledramp-vx250-sp\/#primaryimage"},"image":{"@id":"https:\/\/xenonkungen.com\/produkt\/ledriving-ledramp-vx250-sp\/#primaryimage"},"thumbnailUrl":"https:\/\/xenonkungen.com\/wp-content\/uploads\/2025\/04\/178265901-origpic-ad7fe4.jpg","datePublished":"2025-04-15T09:56:39+00:00","dateModified":"2026-04-11T00:31:12+00:00","breadcrumb":{"@id":"https:\/\/xenonkungen.com\/produkt\/ledriving-ledramp-vx250-sp\/#breadcrumb"},"inLanguage":"nl-NL","potentialAction":[{"@type":"ReadAction","target":["https:\/\/xenonkungen.com\/produkt\/ledriving-ledramp-vx250-sp\/"]}]},{"@type":"ImageObject","inLanguage":"nl-NL","@id":"https:\/\/xenonkungen.com\/produkt\/ledriving-ledramp-vx250-sp\/#primaryimage","url":"https:\/\/xenonkungen.com\/wp-content\/uploads\/2025\/04\/178265901-origpic-ad7fe4.jpg","contentUrl":"https:\/\/xenonkungen.com\/wp-content\/uploads\/2025\/04\/178265901-origpic-ad7fe4.jpg","width":900,"height":900},{"@type":"BreadcrumbList","@id":"https:\/\/xenonkungen.com\/produkt\/ledriving-ledramp-vx250-sp\/#breadcrumb","itemListElement":[{"@type":"ListItem","position":1,"name":"Hem","item":"https:\/\/xenonkungen.com\/"},{"@type":"ListItem","position":2,"name":"Shop","item":"https:\/\/xenonkungen.com\/shop\/"},{"@type":"ListItem","position":3,"name":"LEDriving\u00ae LEDramp VX250-SP"}]},{"@type":"WebSite","@id":"https:\/\/xenonkungen.com\/#website","url":"https:\/\/xenonkungen.com\/","name":"Xenonkungen","description":"","potentialAction":[{"@type":"SearchAction","target":{"@type":"EntryPoint","urlTemplate":"https:\/\/xenonkungen.com\/?s={search_term_string}"},"query-input":{"@type":"PropertyValueSpecification","valueRequired":true,"valueName":"search_term_string"}}],"inLanguage":"nl-NL"}]}},"taxonomy_info":{"product_brand":[{"value":108,"label":"OSRAM"}],"product_cat":[{"value":2966,"label":"Ledramp Rak"},{"value":2539,"label":"LEDRAMPER"},{"value":2640,"label":"OSRAM Ledriving"},{"value":2183,"label":"OSRAM LEDriving\u00ae"}],"pa_faktisk-effekts-forbrukning":[{"value":1900,"label":"2,7"}],"pa_fargtemperatur":[{"value":1428,"label":"6000"}],"pa_fuktskydd-varde-ipxx":[{"value":333,"label":"IP67"}],"pa_godkannande":[{"value":1930,"label":"E4, ECE R10, R112"}],"pa_lampsockel-kontakt":[{"value":324,"label":"Open Wire"}],"pa_storlek-mm":[{"value":1953,"label":"36x67x275"}],"pa_volt-v":[{"value":348,"label":"12, 24"}]},"featured_image_src_large":["https:\/\/xenonkungen.com\/wp-content\/uploads\/2025\/04\/178265901-origpic-ad7fe4.jpg",900,900,false],"author_info":[],"comment_info":0,"_links":{"self":[{"href":"https:\/\/xenonkungen.com\/nl\/wp-json\/wp\/v2\/product\/7554","targetHints":{"allow":["GET"]}}],"collection":[{"href":"https:\/\/xenonkungen.com\/nl\/wp-json\/wp\/v2\/product"}],"about":[{"href":"https:\/\/xenonkungen.com\/nl\/wp-json\/wp\/v2\/types\/product"}],"replies":[{"embeddable":true,"href":"https:\/\/xenonkungen.com\/nl\/wp-json\/wp\/v2\/comments?post=7554"}],"wp:featuredmedia":[{"embeddable":true,"href":"https:\/\/xenonkungen.com\/nl\/wp-json\/wp\/v2\/media\/7555"}],"wp:attachment":[{"href":"https:\/\/xenonkungen.com\/nl\/wp-json\/wp\/v2\/media?parent=7554"}],"wp:term":[{"taxonomy":"anvandningsomrade","embeddable":true,"href":"https:\/\/xenonkungen.com\/nl\/wp-json\/wp\/v2\/anvandningsomrade?post=7554"},{"taxonomy":"bilmarken","embeddable":true,"href":"https:\/\/xenonkungen.com\/nl\/wp-json\/wp\/v2\/bilmarken?post=7554"},{"taxonomy":"product_brand","embeddable":true,"href":"https:\/\/xenonkungen.com\/nl\/wp-json\/wp\/v2\/product_brand?post=7554"},{"taxonomy":"product_cat","embeddable":true,"href":"https:\/\/xenonkungen.com\/nl\/wp-json\/wp\/v2\/product_cat?post=7554"},{"taxonomy":"product_tag","embeddable":true,"href":"https:\/\/xenonkungen.com\/nl\/wp-json\/wp\/v2\/product_tag?post=7554"}],"curies":[{"name":"wp","href":"https:\/\/api.w.org\/{rel}","templated":true}]}}