{"id":7602,"date":"2025-04-15T09:57:25","date_gmt":"2025-04-15T09:57:25","guid":{"rendered":"https:\/\/xenonkungen.com\/product\/tyreinflate-dackpump-1000-fs1\/"},"modified":"2026-05-08T13:33:05","modified_gmt":"2026-05-08T12:33:05","slug":"bandenpomp-1000-fs1","status":"publish","type":"product","link":"https:\/\/xenonkungen.com\/nl\/product\/bandenpomp-1000-fs1\/","title":{"rendered":"TYREINFLATE Bandenpomp 1000 FS1"},"content":{"rendered":"<h1>OSRAM TYREinflate 1000<\/h1>\n<p>Hier zie je Osrams grootste pomp. Hij heeft alles wat je maar kunt wensen en nog een beetje meer.<\/p>\n<p>Groot digitaal display met duidelijke letters, zodat u de bandenspanning gemakkelijk kunt aflezen. De pomp wordt geleverd in een handige tas, zodat u hem veilig in uw auto kunt opbergen en gemakkelijk mee kunt nemen. <\/p>\n<p>Om je banden te vullen, stel je simpelweg de gewenste bandenspanning in, druk je op de knop en laat je de pomp de rest doen. Je kunt een leeg wiel in ongeveer 2 minuten van leeg naar 2,3 bar brengen. <\/p>\n<p>In het pakket zitten ook extra ventieldopjes, latex handschoenen, diverse ventielen voor fietsen, voetballen, motoren, etc. en een extra zekering voor de pomp. <\/p>\n<p>Als je tijdens de donkere uren van de dag lucht moet bijvullen, is dat geen probleem. De pomp heeft een krachtige ingebouwde ledlamp. <\/p>\n<p>Zowel de stroomkabel als de luchtslang passen in het apparaat zelf. De lange stroomkabel rol je eenvoudig op met de ingebouwde handzwengel die aan de onderkant uitklapt.<br \/><strong><em>Goed om te weten<\/em><\/strong> <br \/>De pomp kan 15 minuten achter elkaar gebruikt worden. Laat hem daarna ongeveer 10-15 minuten afkoelen voordat je hem weer gebruikt.<\/p>","protected":false},"excerpt":{"rendered":"<p>Osram&#039;s slechtste als het gaat om draagbare bandenpompen,<\/p>","protected":false},"featured_media":7603,"comment_status":"closed","ping_status":"open","template":"","meta":{"_acf_changed":false,"_smort_price_nok":"641","_smort_price_dkk":"577","_smort_price_eur":"77.27","_smort_sale_price_nok":"641","_smort_sale_price_dkk":"","_smort_sale_price_eur":"","smort_restorder":"","shipmondo_restorder":"","_kad_blocks_custom_css":"","_kad_blocks_head_custom_js":"","_kad_blocks_body_custom_js":"","_kad_blocks_footer_custom_js":"","smort_custom_pricelist_1":"544","smort_custom_pricelist_2":"544","smort_custom_pricelist_3":"516.8","smort_custom_pricelist_4":"680","smort_custom_pricelist_5":"544"},"anvandningsomrade":[],"bilmarken":[],"product_brand":[108],"product_cat":[2653,377,1402],"product_tag":[],"class_list":{"0":"post-7602","1":"product","2":"type-product","3":"status-publish","4":"has-post-thumbnail","6":"product_brand-osram","7":"product_cat-dackpump","8":"product_cat-biltillbehor","9":"product_cat-outlet","10":"pa_storlek-mm-88x219x200","11":"pa_volt-v-159","13":"first","14":"instock","15":"sale","16":"taxable","17":"shipping-taxable","18":"purchasable","19":"product-type-simple"},"bundled_by":[],"bundle_stock_status":"instock","bundle_stock_quantity":2,"bundle_virtual":false,"bundle_layout":"","bundle_add_to_cart_form_location":"","bundle_editable_in_cart":false,"bundle_sold_individually_context":"","bundle_item_grouping":"","bundle_min_size":"","bundle_max_size":"","bundle_price":[],"bundled_items":[],"bundle_sell_ids":[],"acf":[],"yoast_head":"<!-- This site is optimized with the Yoast SEO plugin v27.0 - https:\/\/yoast.com\/product\/yoast-seo-wordpress\/ -->\n<title>TYREINFLATE D\u00e4ckpump 1000 FS1 - Xenonkungen<\/title>\n<meta name=\"robots\" content=\"index, follow, max-snippet:-1, max-image-preview:large, max-video-preview:-1\" \/>\n<link rel=\"canonical\" href=\"https:\/\/xenonkungen.com\/nl\/product\/bandenpomp-1000-fs1\/\" \/>\n<meta property=\"og:locale\" content=\"nl_NL\" \/>\n<meta property=\"og:type\" content=\"article\" \/>\n<meta property=\"og:title\" content=\"TYREINFLATE D\u00e4ckpump 1000 FS1 - Xenonkungen\" \/>\n<meta property=\"og:description\" content=\"Osrams v\u00e4rsting n\u00e4r det g\u00e4ller portabla d\u00e4ckpumpar,\" \/>\n<meta property=\"og:url\" content=\"https:\/\/xenonkungen.com\/nl\/product\/bandenpomp-1000-fs1\/\" \/>\n<meta property=\"og:site_name\" content=\"Xenonkungen\" \/>\n<meta property=\"article:modified_time\" content=\"2026-05-08T12:33:05+00:00\" \/>\n<meta property=\"og:image\" content=\"https:\/\/xenonkungen.com\/wp-content\/uploads\/2025\/04\/182441743-origpic-51997d.jpg\" \/>\n\t<meta property=\"og:image:width\" content=\"900\" \/>\n\t<meta property=\"og:image:height\" content=\"900\" \/>\n\t<meta property=\"og:image:type\" content=\"image\/jpeg\" \/>\n<meta name=\"twitter:card\" content=\"summary_large_image\" \/>\n<meta name=\"twitter:label1\" content=\"Geschatte leestijd\" \/>\n\t<meta name=\"twitter:data1\" content=\"1 minuut\" \/>\n<script type=\"application\/ld+json\" class=\"yoast-schema-graph\">{\"@context\":\"https:\/\/schema.org\",\"@graph\":[{\"@type\":\"WebPage\",\"@id\":\"https:\/\/xenonkungen.com\/produkt\/tyreinflate-dackpump-1000-fs1\/\",\"url\":\"https:\/\/xenonkungen.com\/produkt\/tyreinflate-dackpump-1000-fs1\/\",\"name\":\"TYREINFLATE D\u00e4ckpump 1000 FS1 - Xenonkungen\",\"isPartOf\":{\"@id\":\"https:\/\/xenonkungen.com\/#website\"},\"primaryImageOfPage\":{\"@id\":\"https:\/\/xenonkungen.com\/produkt\/tyreinflate-dackpump-1000-fs1\/#primaryimage\"},\"image\":{\"@id\":\"https:\/\/xenonkungen.com\/produkt\/tyreinflate-dackpump-1000-fs1\/#primaryimage\"},\"thumbnailUrl\":\"https:\/\/xenonkungen.com\/wp-content\/uploads\/2025\/04\/182441743-origpic-51997d.jpg\",\"datePublished\":\"2025-04-15T09:57:25+00:00\",\"dateModified\":\"2026-05-08T12:33:05+00:00\",\"breadcrumb\":{\"@id\":\"https:\/\/xenonkungen.com\/produkt\/tyreinflate-dackpump-1000-fs1\/#breadcrumb\"},\"inLanguage\":\"nl-NL\",\"potentialAction\":[{\"@type\":\"ReadAction\",\"target\":[\"https:\/\/xenonkungen.com\/produkt\/tyreinflate-dackpump-1000-fs1\/\"]}]},{\"@type\":\"ImageObject\",\"inLanguage\":\"nl-NL\",\"@id\":\"https:\/\/xenonkungen.com\/produkt\/tyreinflate-dackpump-1000-fs1\/#primaryimage\",\"url\":\"https:\/\/xenonkungen.com\/wp-content\/uploads\/2025\/04\/182441743-origpic-51997d.jpg\",\"contentUrl\":\"https:\/\/xenonkungen.com\/wp-content\/uploads\/2025\/04\/182441743-origpic-51997d.jpg\",\"width\":900,\"height\":900},{\"@type\":\"BreadcrumbList\",\"@id\":\"https:\/\/xenonkungen.com\/produkt\/tyreinflate-dackpump-1000-fs1\/#breadcrumb\",\"itemListElement\":[{\"@type\":\"ListItem\",\"position\":1,\"name\":\"Hem\",\"item\":\"https:\/\/xenonkungen.com\/\"},{\"@type\":\"ListItem\",\"position\":2,\"name\":\"Shop\",\"item\":\"https:\/\/xenonkungen.com\/shop\/\"},{\"@type\":\"ListItem\",\"position\":3,\"name\":\"TYREINFLATE D\u00e4ckpump 1000 FS1\"}]},{\"@type\":\"WebSite\",\"@id\":\"https:\/\/xenonkungen.com\/#website\",\"url\":\"https:\/\/xenonkungen.com\/\",\"name\":\"Xenonkungen\",\"description\":\"\",\"potentialAction\":[{\"@type\":\"SearchAction\",\"target\":{\"@type\":\"EntryPoint\",\"urlTemplate\":\"https:\/\/xenonkungen.com\/?s={search_term_string}\"},\"query-input\":{\"@type\":\"PropertyValueSpecification\",\"valueRequired\":true,\"valueName\":\"search_term_string\"}}],\"inLanguage\":\"nl-NL\"}]}<\/script>\n<!-- \/ Yoast SEO plugin. -->","yoast_head_json":{"title":"TYREINFLATE Bandenpomp 1000 FS1 - De Xenon Koning","robots":{"index":"index","follow":"follow","max-snippet":"max-snippet:-1","max-image-preview":"max-image-preview:large","max-video-preview":"max-video-preview:-1"},"canonical":"https:\/\/xenonkungen.com\/nl\/product\/bandenpomp-1000-fs1\/","og_locale":"nl_NL","og_type":"article","og_title":"TYREINFLATE D\u00e4ckpump 1000 FS1 - Xenonkungen","og_description":"Osrams v\u00e4rsting n\u00e4r det g\u00e4ller portabla d\u00e4ckpumpar,","og_url":"https:\/\/xenonkungen.com\/nl\/product\/bandenpomp-1000-fs1\/","og_site_name":"Xenonkungen","article_modified_time":"2026-05-08T12:33:05+00:00","og_image":[{"width":900,"height":900,"url":"https:\/\/xenonkungen.com\/wp-content\/uploads\/2025\/04\/182441743-origpic-51997d.jpg","type":"image\/jpeg"}],"twitter_card":"summary_large_image","twitter_misc":{"Geschatte leestijd":"1 minuut"},"schema":{"@context":"https:\/\/schema.org","@graph":[{"@type":"WebPage","@id":"https:\/\/xenonkungen.com\/produkt\/tyreinflate-dackpump-1000-fs1\/","url":"https:\/\/xenonkungen.com\/produkt\/tyreinflate-dackpump-1000-fs1\/","name":"TYREINFLATE Bandenpomp 1000 FS1 - De Xenon Koning","isPartOf":{"@id":"https:\/\/xenonkungen.com\/#website"},"primaryImageOfPage":{"@id":"https:\/\/xenonkungen.com\/produkt\/tyreinflate-dackpump-1000-fs1\/#primaryimage"},"image":{"@id":"https:\/\/xenonkungen.com\/produkt\/tyreinflate-dackpump-1000-fs1\/#primaryimage"},"thumbnailUrl":"https:\/\/xenonkungen.com\/wp-content\/uploads\/2025\/04\/182441743-origpic-51997d.jpg","datePublished":"2025-04-15T09:57:25+00:00","dateModified":"2026-05-08T12:33:05+00:00","breadcrumb":{"@id":"https:\/\/xenonkungen.com\/produkt\/tyreinflate-dackpump-1000-fs1\/#breadcrumb"},"inLanguage":"nl-NL","potentialAction":[{"@type":"ReadAction","target":["https:\/\/xenonkungen.com\/produkt\/tyreinflate-dackpump-1000-fs1\/"]}]},{"@type":"ImageObject","inLanguage":"nl-NL","@id":"https:\/\/xenonkungen.com\/produkt\/tyreinflate-dackpump-1000-fs1\/#primaryimage","url":"https:\/\/xenonkungen.com\/wp-content\/uploads\/2025\/04\/182441743-origpic-51997d.jpg","contentUrl":"https:\/\/xenonkungen.com\/wp-content\/uploads\/2025\/04\/182441743-origpic-51997d.jpg","width":900,"height":900},{"@type":"BreadcrumbList","@id":"https:\/\/xenonkungen.com\/produkt\/tyreinflate-dackpump-1000-fs1\/#breadcrumb","itemListElement":[{"@type":"ListItem","position":1,"name":"Hem","item":"https:\/\/xenonkungen.com\/"},{"@type":"ListItem","position":2,"name":"Shop","item":"https:\/\/xenonkungen.com\/shop\/"},{"@type":"ListItem","position":3,"name":"TYREINFLATE D\u00e4ckpump 1000 FS1"}]},{"@type":"WebSite","@id":"https:\/\/xenonkungen.com\/#website","url":"https:\/\/xenonkungen.com\/","name":"Xenonkungen","description":"","potentialAction":[{"@type":"SearchAction","target":{"@type":"EntryPoint","urlTemplate":"https:\/\/xenonkungen.com\/?s={search_term_string}"},"query-input":{"@type":"PropertyValueSpecification","valueRequired":true,"valueName":"search_term_string"}}],"inLanguage":"nl-NL"}]}},"taxonomy_info":{"product_brand":[{"value":108,"label":"OSRAM"}],"product_cat":[{"value":2653,"label":"D\u00e4ckpump"},{"value":377,"label":"Biltillbeh\u00f6r"},{"value":1402,"label":"Outlet"}],"pa_storlek-mm":[{"value":1965,"label":"88x219x200"}],"pa_volt-v":[{"value":159,"label":"12"}]},"featured_image_src_large":["https:\/\/xenonkungen.com\/wp-content\/uploads\/2025\/04\/182441743-origpic-51997d.jpg",900,900,false],"author_info":[],"comment_info":0,"_links":{"self":[{"href":"https:\/\/xenonkungen.com\/nl\/wp-json\/wp\/v2\/product\/7602","targetHints":{"allow":["GET"]}}],"collection":[{"href":"https:\/\/xenonkungen.com\/nl\/wp-json\/wp\/v2\/product"}],"about":[{"href":"https:\/\/xenonkungen.com\/nl\/wp-json\/wp\/v2\/types\/product"}],"replies":[{"embeddable":true,"href":"https:\/\/xenonkungen.com\/nl\/wp-json\/wp\/v2\/comments?post=7602"}],"wp:featuredmedia":[{"embeddable":true,"href":"https:\/\/xenonkungen.com\/nl\/wp-json\/wp\/v2\/media\/7603"}],"wp:attachment":[{"href":"https:\/\/xenonkungen.com\/nl\/wp-json\/wp\/v2\/media?parent=7602"}],"wp:term":[{"taxonomy":"anvandningsomrade","embeddable":true,"href":"https:\/\/xenonkungen.com\/nl\/wp-json\/wp\/v2\/anvandningsomrade?post=7602"},{"taxonomy":"bilmarken","embeddable":true,"href":"https:\/\/xenonkungen.com\/nl\/wp-json\/wp\/v2\/bilmarken?post=7602"},{"taxonomy":"product_brand","embeddable":true,"href":"https:\/\/xenonkungen.com\/nl\/wp-json\/wp\/v2\/product_brand?post=7602"},{"taxonomy":"product_cat","embeddable":true,"href":"https:\/\/xenonkungen.com\/nl\/wp-json\/wp\/v2\/product_cat?post=7602"},{"taxonomy":"product_tag","embeddable":true,"href":"https:\/\/xenonkungen.com\/nl\/wp-json\/wp\/v2\/product_tag?post=7602"}],"curies":[{"name":"wp","href":"https:\/\/api.w.org\/{rel}","templated":true}]}}