{"id":7678,"date":"2025-04-15T09:58:07","date_gmt":"2025-04-15T09:58:07","guid":{"rendered":"https:\/\/xenonkungen.com\/product\/ledriving-cube-vx80-sp\/"},"modified":"2025-12-10T14:49:19","modified_gmt":"2025-12-10T13:49:19","slug":"ledriving-cube-vx80-sp","status":"publish","type":"product","link":"https:\/\/xenonkungen.com\/nl\/product\/ledriving-cube-vx80-sp\/","title":{"rendered":"LED-aandrijving\u00ae CUBE VX80-SP"},"content":{"rendered":"<p>Verlicht uw leven met OSRAM LEDriving rij- en werkverlichting.<\/p>\n<p>De OSRAM LEDriving Cube VX80-SP verlicht donkere landwegen, bospaden en velden. Met 4 krachtige, hoogwaardige en duurzame leds heeft de OSRAM LEDriving Cube VX80-SP een bereik tot 114 meter en geeft hij de bestuurder voldoende waarschuwing, zowel op het werk als in het veld. Zelfs bij slechte lichtomstandigheden zorgt de OSRAM LEDriving Cube VX80-SP voor een daglichtachtige omgeving dankzij een kleurtemperatuur tot 6000 Kelvin. De intense lichtopbrengst tot 1300 lumen wordt gecombineerd met een zeer hoge optische effici\u00ebntie en een gelijkmatige lichtverdeling. Dit betekent dat u beter kunt zien en uw werkomgeving duidelijker kunt waarnemen, wat bijdraagt aan meer veiligheid.<\/p>\n<p>De OSRAM LEDriving Cube VX80-SP overtuigt met krachtige prestaties en een lange levensduur tot wel 5000 uur. De veelzijdige lamp is bestand tegen zware omgevingsomstandigheden dankzij hoogwaardige materialen, zoals een aluminium behuizing en een robuuste polycarbonaat lens, en is zowel lichtgewicht als duurzaam. De OSRAM LEDriving Cube VX80-SP is getest in ons DIN-gecertificeerde simulatielab voor extreme externe omstandigheden zoals water, stof, schokken, hoge en lage temperaturen en permanente trillingen, en is gevalideerd met IP-beschermingsklasse IP67. Een ge\u00efntegreerde driver en thermisch managementsysteem reguleren de temperatuur van de LED-spot en voorkomen schade door oververhitting. De polariteitsbeveiliging voorkomt een verkeerde polariteit in de voeding en voorkomt mogelijke schade door automatische uitschakeling van de LED-lampen. <br \/>De OSRAM LEDriving Cube VX80-SP is een effectieve upgrade voor uw voertuig.<br \/>De OSRAM LEDriving Cube VX80-SP kan worden gemonteerd op auto&#039;s, vrachtwagens, landbouwmachines, bedrijfsvoertuigen, bouwvoertuigen, bosbouwmachines, terreinwagens en quads.<br \/>De OSRAM LEDriving Cube VX80-SP is veelzijdig en flexibel.<\/p>","protected":false},"excerpt":{"rendered":"<p>Werklamp met spotlichteffect, wanneer u op grotere afstand goede verlichting nodig hebt.<\/p>","protected":false},"featured_media":7679,"comment_status":"closed","ping_status":"open","template":"","meta":{"_acf_changed":false,"_smort_price_nok":"1196","_smort_price_dkk":"760","_smort_price_eur":"101.81","_smort_sale_price_nok":"","_smort_sale_price_dkk":"","_smort_sale_price_eur":"","smort_restorder":"","shipmondo_restorder":"","_kad_blocks_custom_css":"","_kad_blocks_head_custom_js":"","_kad_blocks_body_custom_js":"","_kad_blocks_footer_custom_js":"","smort_custom_pricelist_1":"716.8","smort_custom_pricelist_2":"716.8","smort_custom_pricelist_3":"680.96","smort_custom_pricelist_4":"896","smort_custom_pricelist_5":"716.8"},"anvandningsomrade":[],"bilmarken":[],"product_brand":[108],"product_cat":[2639,508],"product_tag":[],"class_list":{"0":"post-7678","1":"product","2":"type-product","3":"status-publish","4":"has-post-thumbnail","6":"product_brand-osram","7":"product_cat-osram-ledriving-arbetsbelysning","8":"product_cat-arbetsbelysning","9":"pa_fargtemperatur-6000k","10":"pa_fuktskydd-varde-ipxx-ip67","11":"pa_godkannande-ece-r10","12":"pa_storlek-mm-80x70x85","13":"pa_volt-v-12-24","15":"first","16":"instock","17":"taxable","18":"shipping-taxable","19":"purchasable","20":"product-type-simple"},"bundled_by":[],"bundle_stock_status":"instock","bundle_stock_quantity":2,"bundle_virtual":false,"bundle_layout":"","bundle_add_to_cart_form_location":"","bundle_editable_in_cart":false,"bundle_sold_individually_context":"","bundle_item_grouping":"","bundle_min_size":"","bundle_max_size":"","bundle_price":[],"bundled_items":[],"bundle_sell_ids":[],"acf":[],"yoast_head":"<!-- This site is optimized with the Yoast SEO plugin v27.0 - https:\/\/yoast.com\/product\/yoast-seo-wordpress\/ -->\n<title>LEDriving\u00ae CUBE VX80-SP - Xenonkungen<\/title>\n<meta name=\"robots\" content=\"index, follow, max-snippet:-1, max-image-preview:large, max-video-preview:-1\" \/>\n<link rel=\"canonical\" href=\"https:\/\/xenonkungen.com\/nl\/product\/ledriving-cube-vx80-sp\/\" \/>\n<meta property=\"og:locale\" content=\"nl_NL\" \/>\n<meta property=\"og:type\" content=\"article\" \/>\n<meta property=\"og:title\" content=\"LEDriving\u00ae CUBE VX80-SP - Xenonkungen\" \/>\n<meta property=\"og:description\" content=\"Arbetsljus med spotljusbild, n\u00e4r ni beh\u00f6ver bra belysning l\u00e4ngre bort.\" \/>\n<meta property=\"og:url\" content=\"https:\/\/xenonkungen.com\/nl\/product\/ledriving-cube-vx80-sp\/\" \/>\n<meta property=\"og:site_name\" content=\"Xenonkungen\" \/>\n<meta property=\"article:modified_time\" content=\"2025-12-10T13:49:19+00:00\" \/>\n<meta property=\"og:image\" content=\"https:\/\/xenonkungen.com\/wp-content\/uploads\/2025\/04\/178266353-origpic-da9ecc.jpg\" \/>\n\t<meta property=\"og:image:width\" content=\"900\" \/>\n\t<meta property=\"og:image:height\" content=\"900\" \/>\n\t<meta property=\"og:image:type\" content=\"image\/jpeg\" \/>\n<meta name=\"twitter:card\" content=\"summary_large_image\" \/>\n<meta name=\"twitter:label1\" content=\"Geschatte leestijd\" \/>\n\t<meta name=\"twitter:data1\" content=\"2 minuten\" \/>\n<script type=\"application\/ld+json\" class=\"yoast-schema-graph\">{\"@context\":\"https:\/\/schema.org\",\"@graph\":[{\"@type\":\"WebPage\",\"@id\":\"https:\/\/xenonkungen.com\/produkt\/ledriving-cube-vx80-sp\/\",\"url\":\"https:\/\/xenonkungen.com\/produkt\/ledriving-cube-vx80-sp\/\",\"name\":\"LEDriving\u00ae CUBE VX80-SP - Xenonkungen\",\"isPartOf\":{\"@id\":\"https:\/\/xenonkungen.com\/#website\"},\"primaryImageOfPage\":{\"@id\":\"https:\/\/xenonkungen.com\/produkt\/ledriving-cube-vx80-sp\/#primaryimage\"},\"image\":{\"@id\":\"https:\/\/xenonkungen.com\/produkt\/ledriving-cube-vx80-sp\/#primaryimage\"},\"thumbnailUrl\":\"https:\/\/xenonkungen.com\/wp-content\/uploads\/2025\/04\/178266353-origpic-da9ecc.jpg\",\"datePublished\":\"2025-04-15T09:58:07+00:00\",\"dateModified\":\"2025-12-10T13:49:19+00:00\",\"breadcrumb\":{\"@id\":\"https:\/\/xenonkungen.com\/produkt\/ledriving-cube-vx80-sp\/#breadcrumb\"},\"inLanguage\":\"nl-NL\",\"potentialAction\":[{\"@type\":\"ReadAction\",\"target\":[\"https:\/\/xenonkungen.com\/produkt\/ledriving-cube-vx80-sp\/\"]}]},{\"@type\":\"ImageObject\",\"inLanguage\":\"nl-NL\",\"@id\":\"https:\/\/xenonkungen.com\/produkt\/ledriving-cube-vx80-sp\/#primaryimage\",\"url\":\"https:\/\/xenonkungen.com\/wp-content\/uploads\/2025\/04\/178266353-origpic-da9ecc.jpg\",\"contentUrl\":\"https:\/\/xenonkungen.com\/wp-content\/uploads\/2025\/04\/178266353-origpic-da9ecc.jpg\",\"width\":900,\"height\":900},{\"@type\":\"BreadcrumbList\",\"@id\":\"https:\/\/xenonkungen.com\/produkt\/ledriving-cube-vx80-sp\/#breadcrumb\",\"itemListElement\":[{\"@type\":\"ListItem\",\"position\":1,\"name\":\"Hem\",\"item\":\"https:\/\/xenonkungen.com\/\"},{\"@type\":\"ListItem\",\"position\":2,\"name\":\"Shop\",\"item\":\"https:\/\/xenonkungen.com\/shop\/\"},{\"@type\":\"ListItem\",\"position\":3,\"name\":\"LEDriving\u00ae CUBE VX80-SP\"}]},{\"@type\":\"WebSite\",\"@id\":\"https:\/\/xenonkungen.com\/#website\",\"url\":\"https:\/\/xenonkungen.com\/\",\"name\":\"Xenonkungen\",\"description\":\"\",\"potentialAction\":[{\"@type\":\"SearchAction\",\"target\":{\"@type\":\"EntryPoint\",\"urlTemplate\":\"https:\/\/xenonkungen.com\/?s={search_term_string}\"},\"query-input\":{\"@type\":\"PropertyValueSpecification\",\"valueRequired\":true,\"valueName\":\"search_term_string\"}}],\"inLanguage\":\"nl-NL\"}]}<\/script>\n<!-- \/ Yoast SEO plugin. -->","yoast_head_json":{"title":"LEDriving\u00ae CUBE VX80-SP - De Xenon-koning","robots":{"index":"index","follow":"follow","max-snippet":"max-snippet:-1","max-image-preview":"max-image-preview:large","max-video-preview":"max-video-preview:-1"},"canonical":"https:\/\/xenonkungen.com\/nl\/product\/ledriving-cube-vx80-sp\/","og_locale":"nl_NL","og_type":"article","og_title":"LEDriving\u00ae CUBE VX80-SP - Xenonkungen","og_description":"Arbetsljus med spotljusbild, n\u00e4r ni beh\u00f6ver bra belysning l\u00e4ngre bort.","og_url":"https:\/\/xenonkungen.com\/nl\/product\/ledriving-cube-vx80-sp\/","og_site_name":"Xenonkungen","article_modified_time":"2025-12-10T13:49:19+00:00","og_image":[{"width":900,"height":900,"url":"https:\/\/xenonkungen.com\/wp-content\/uploads\/2025\/04\/178266353-origpic-da9ecc.jpg","type":"image\/jpeg"}],"twitter_card":"summary_large_image","twitter_misc":{"Geschatte leestijd":"2 minuten"},"schema":{"@context":"https:\/\/schema.org","@graph":[{"@type":"WebPage","@id":"https:\/\/xenonkungen.com\/produkt\/ledriving-cube-vx80-sp\/","url":"https:\/\/xenonkungen.com\/produkt\/ledriving-cube-vx80-sp\/","name":"LEDriving\u00ae CUBE VX80-SP - De Xenon-koning","isPartOf":{"@id":"https:\/\/xenonkungen.com\/#website"},"primaryImageOfPage":{"@id":"https:\/\/xenonkungen.com\/produkt\/ledriving-cube-vx80-sp\/#primaryimage"},"image":{"@id":"https:\/\/xenonkungen.com\/produkt\/ledriving-cube-vx80-sp\/#primaryimage"},"thumbnailUrl":"https:\/\/xenonkungen.com\/wp-content\/uploads\/2025\/04\/178266353-origpic-da9ecc.jpg","datePublished":"2025-04-15T09:58:07+00:00","dateModified":"2025-12-10T13:49:19+00:00","breadcrumb":{"@id":"https:\/\/xenonkungen.com\/produkt\/ledriving-cube-vx80-sp\/#breadcrumb"},"inLanguage":"nl-NL","potentialAction":[{"@type":"ReadAction","target":["https:\/\/xenonkungen.com\/produkt\/ledriving-cube-vx80-sp\/"]}]},{"@type":"ImageObject","inLanguage":"nl-NL","@id":"https:\/\/xenonkungen.com\/produkt\/ledriving-cube-vx80-sp\/#primaryimage","url":"https:\/\/xenonkungen.com\/wp-content\/uploads\/2025\/04\/178266353-origpic-da9ecc.jpg","contentUrl":"https:\/\/xenonkungen.com\/wp-content\/uploads\/2025\/04\/178266353-origpic-da9ecc.jpg","width":900,"height":900},{"@type":"BreadcrumbList","@id":"https:\/\/xenonkungen.com\/produkt\/ledriving-cube-vx80-sp\/#breadcrumb","itemListElement":[{"@type":"ListItem","position":1,"name":"Hem","item":"https:\/\/xenonkungen.com\/"},{"@type":"ListItem","position":2,"name":"Shop","item":"https:\/\/xenonkungen.com\/shop\/"},{"@type":"ListItem","position":3,"name":"LEDriving\u00ae CUBE VX80-SP"}]},{"@type":"WebSite","@id":"https:\/\/xenonkungen.com\/#website","url":"https:\/\/xenonkungen.com\/","name":"Xenonkungen","description":"","potentialAction":[{"@type":"SearchAction","target":{"@type":"EntryPoint","urlTemplate":"https:\/\/xenonkungen.com\/?s={search_term_string}"},"query-input":{"@type":"PropertyValueSpecification","valueRequired":true,"valueName":"search_term_string"}}],"inLanguage":"nl-NL"}]}},"taxonomy_info":{"product_brand":[{"value":108,"label":"OSRAM"}],"product_cat":[{"value":2639,"label":"OSRAM Ledriving"},{"value":508,"label":"Arbetsbelysning"}],"pa_fargtemperatur":[{"value":188,"label":"6000K"}],"pa_fuktskydd-varde-ipxx":[{"value":333,"label":"IP67"}],"pa_godkannande":[{"value":966,"label":"ECE, R10"}],"pa_storlek-mm":[{"value":1981,"label":"80x70x85"}],"pa_volt-v":[{"value":348,"label":"12, 24"}]},"featured_image_src_large":["https:\/\/xenonkungen.com\/wp-content\/uploads\/2025\/04\/178266353-origpic-da9ecc.jpg",900,900,false],"author_info":[],"comment_info":0,"_links":{"self":[{"href":"https:\/\/xenonkungen.com\/nl\/wp-json\/wp\/v2\/product\/7678","targetHints":{"allow":["GET"]}}],"collection":[{"href":"https:\/\/xenonkungen.com\/nl\/wp-json\/wp\/v2\/product"}],"about":[{"href":"https:\/\/xenonkungen.com\/nl\/wp-json\/wp\/v2\/types\/product"}],"replies":[{"embeddable":true,"href":"https:\/\/xenonkungen.com\/nl\/wp-json\/wp\/v2\/comments?post=7678"}],"wp:featuredmedia":[{"embeddable":true,"href":"https:\/\/xenonkungen.com\/nl\/wp-json\/wp\/v2\/media\/7679"}],"wp:attachment":[{"href":"https:\/\/xenonkungen.com\/nl\/wp-json\/wp\/v2\/media?parent=7678"}],"wp:term":[{"taxonomy":"anvandningsomrade","embeddable":true,"href":"https:\/\/xenonkungen.com\/nl\/wp-json\/wp\/v2\/anvandningsomrade?post=7678"},{"taxonomy":"bilmarken","embeddable":true,"href":"https:\/\/xenonkungen.com\/nl\/wp-json\/wp\/v2\/bilmarken?post=7678"},{"taxonomy":"product_brand","embeddable":true,"href":"https:\/\/xenonkungen.com\/nl\/wp-json\/wp\/v2\/product_brand?post=7678"},{"taxonomy":"product_cat","embeddable":true,"href":"https:\/\/xenonkungen.com\/nl\/wp-json\/wp\/v2\/product_cat?post=7678"},{"taxonomy":"product_tag","embeddable":true,"href":"https:\/\/xenonkungen.com\/nl\/wp-json\/wp\/v2\/product_tag?post=7678"}],"curies":[{"name":"wp","href":"https:\/\/api.w.org\/{rel}","templated":true}]}}