{"id":7695,"date":"2025-04-15T09:58:35","date_gmt":"2025-04-15T09:58:35","guid":{"rendered":"https:\/\/xenonkungen.com\/product\/ledguardian-truck-flare-signal-ta19\/"},"modified":"2026-04-11T01:34:43","modified_gmt":"2026-04-11T00:34:43","slug":"ledguardian-vrachtwagenfakkelsignaal-ta19","status":"publish","type":"product","link":"https:\/\/xenonkungen.com\/nl\/product\/ledguardian-vrachtwagenfakkelsignaal-ta19\/","title":{"rendered":"LEDguardian\u00ae VRACHTWAGENFLARE Signaal TA19"},"content":{"rendered":"<section>\n<h1>Zien en gezien worden met OSRAM LEDguardian TRUCK FLARE Signal TA19 \u2013 Voor uw veiligheid op de weg<\/h1>\n<p>Wanneer veiligheid voorop staat, kunt u vertrouwen op de OSRAM LEDguardian TRUCK FLARE Signal TA19. Deze krachtige LED-waarschuwingslamp is uw onmisbare metgezel in noodsituaties op de weg. Met een heldere oranje knipperfunctie die van veraf zichtbaar is, bent u zowel overdag als &#039;s nachts goed zichtbaar en waarschuwt u andere weggebruikers effectief voor een gevaarlijke situatie.<\/p>\n<h3>Verplicht voor zware voertuigen \u2013 maar aanbevolen voor iedereen<\/h3>\n<p>Voor alle voertuigen zwaarder dan 3,5 ton is het OSRAM LEDguardian TRUCK FLARE-signaal TA19 een vereiste volgens de Duitse wet (\u00a753a StVZO), maar wij raden het ten zeerste aan voor alle voertuigen. Voorbereid zijn met de juiste waarschuwingsapparatuur kan het verschil maken tussen een veilige situatie en een gevaarlijk ongeval.<\/p>\n<h3>Ontworpen om onder alle omstandigheden lang mee te gaan<\/h3>\n<p>Dankzij het compacte en robuuste ontwerp is de TRUCK FLARE eenvoudig op te bergen en indien nodig op te zetten. Dankzij de uitklapbare antislipvoetjes kan hij snel naast de gevarendriehoek worden geplaatst om de gevarenzone duidelijk af te bakenen. Bovendien heeft hij strenge tests ondergaan in ons gecertificeerde laboratorium en is hij met een IP54-classificatie beschermd tegen water, stof en schokken. De TRUCK FLARE kruk staat, ongeacht het weer.<\/p>\n<h3>Veelzijdig gebruik \u2013 meer dan alleen waarschuwingslampjes<\/h3>\n<p>Naast zijn primaire functie als waarschuwingslamp, fungeert de TRUCK FLARE ook als een krachtige zaklamp. Met zes krachtige leds en een helderheid tot 6000K bent u niet alleen veilig, maar kunt u hem ook gebruiken om donkere ruimtes te verlichten of als inspectielamp &#039;s nachts.<\/p>\n<h3>Klaar voor gebruik \u2013 Batterijen inbegrepen<\/h3>\n<p>Met de meegeleverde batterijen is uw OSRAM LEDguardian TRUCK FLARE direct klaar voor gebruik. En met een brandduur van minimaal 15 uur kunt u erop vertrouwen, zelfs tijdens langdurige noodsituaties.<\/p>\n<h3>Kies voor veiligheid \u2013 kies OSRAM LEDguardian TRUCK FLARE<\/h3>\n<p>Geef uzelf en uw medeweggebruikers de extra veiligheid die ze nodig hebben in noodgevallen. Met OSRAM LEDguardian TRUCK FLARE krijgt u niet alleen een waarschuwingslampje - u krijgt een betrouwbare veiligheidsoplossing die in alle situaties meegaat.<\/p>\n<p>><img loading=\"lazy\" decoding=\"async\" src=\"https:\/\/cdn.abicart.com\/shop\/4404\/files\/Produkter\/Osram\/Web%20publishing-AM_Icon_Cool%20White.webp\" alt=\"\" width=\"84\" height=\"84\" \/> \u00a0 <img loading=\"lazy\" decoding=\"async\" src=\"https:\/\/cdn.abicart.com\/shop\/4404\/files\/Produkter\/Osram\/Web%20publishing-AM_Icon_IP54.webp\" alt=\"\" width=\"84\" height=\"84\" \/> \u00a0 <img loading=\"lazy\" decoding=\"async\" src=\"https:\/\/cdn.abicart.com\/shop\/4404\/files\/Produkter\/Osram\/Web%20publishing-AM_Icon_TA19_Certified.webp\" alt=\"\" width=\"84\" height=\"84\" \/> \u00a0 <img loading=\"lazy\" decoding=\"async\" src=\"https:\/\/cdn.abicart.com\/shop\/4404\/files\/Produkter\/Osram\/Web%20publishing-AM_Icon_2in1_amber.webp\" alt=\"\" width=\"84\" height=\"84\" \/> \u00a0 <img loading=\"lazy\" decoding=\"async\" src=\"https:\/\/cdn.abicart.com\/shop\/4404\/files\/Produkter\/Osram\/Web%20publishing-AM_Icon_4x%20AA%20Dry.webp\" alt=\"\" width=\"84\" height=\"84\" \/><\/p>\n<\/section>","protected":false},"excerpt":{"rendered":"<p>De OSRAM LEDguardian TRUCK FLARE Signal TA19 is een krachtige LED-waarschuwingslamp die zorgt voor meer veiligheid in noodsituaties op de weg. Met een lange batterijduur, robuust ontwerp en hoge zichtbaarheid is het een betrouwbaar hulpmiddel voor alle voertuigeigenaren.<\/p>","protected":false},"featured_media":7696,"comment_status":"closed","ping_status":"closed","template":"","meta":{"_acf_changed":false,"_smort_price_nok":"600","_smort_price_dkk":"539","_smort_price_eur":"72.27","_smort_sale_price_nok":"600","_smort_sale_price_dkk":"","_smort_sale_price_eur":"51.04","smort_restorder":"","shipmondo_restorder":"","_kad_blocks_custom_css":"","_kad_blocks_head_custom_js":"","_kad_blocks_body_custom_js":"","_kad_blocks_footer_custom_js":"","smort_custom_pricelist_1":"508.8","smort_custom_pricelist_2":"445.2","smort_custom_pricelist_3":"413.4","smort_custom_pricelist_4":"636","smort_custom_pricelist_5":"445.2"},"anvandningsomrade":[],"bilmarken":[],"product_brand":[108],"product_cat":[2647,1320],"product_tag":[],"class_list":{"0":"post-7695","1":"product","2":"type-product","3":"status-publish","4":"has-post-thumbnail","6":"product_brand-osram","7":"product_cat-osram-ficklampor","8":"product_cat-ficklampor","9":"pa_fargtemperatur-2000-6000","10":"pa_fuktskydd-varde-ipxx-ip54","11":"pa_godkannande-ce","12":"pa_storlek-mm-91x43x236","14":"first","15":"instock","16":"sale","17":"taxable","18":"shipping-taxable","19":"purchasable","20":"product-type-simple"},"bundled_by":[],"bundle_stock_status":"instock","bundle_stock_quantity":2,"bundle_virtual":false,"bundle_layout":"","bundle_add_to_cart_form_location":"","bundle_editable_in_cart":false,"bundle_sold_individually_context":"","bundle_item_grouping":"","bundle_min_size":"","bundle_max_size":"","bundle_price":[],"bundled_items":[],"bundle_sell_ids":[],"acf":[],"yoast_head":"<!-- This site is optimized with the Yoast SEO plugin v27.0 - https:\/\/yoast.com\/product\/yoast-seo-wordpress\/ -->\n<title>LEDguardian\u00ae TRUCK FLARE Signal TA19 - Xenonkungen<\/title>\n<meta name=\"robots\" content=\"index, follow, max-snippet:-1, max-image-preview:large, max-video-preview:-1\" \/>\n<link rel=\"canonical\" href=\"https:\/\/xenonkungen.com\/nl\/product\/ledguardian-vrachtwagenfakkelsignaal-ta19\/\" \/>\n<meta property=\"og:locale\" content=\"nl_NL\" \/>\n<meta property=\"og:type\" content=\"article\" \/>\n<meta property=\"og:title\" content=\"LEDguardian\u00ae TRUCK FLARE Signal TA19 - Xenonkungen\" \/>\n<meta property=\"og:description\" content=\"OSRAM LEDguardian TRUCK FLARE Signal TA19 \u00e4r en kraftfull LED-varningslampa som ger \u00f6kad s\u00e4kerhet vid n\u00f6dsituationer p\u00e5 v\u00e4gen. Med l\u00e5ng batteritid, robust design och h\u00f6g synlighet, \u00e4r den ett p\u00e5litligt verktyg f\u00f6r alla fordons\u00e4gare.\" \/>\n<meta property=\"og:url\" content=\"https:\/\/xenonkungen.com\/nl\/product\/ledguardian-vrachtwagenfakkelsignaal-ta19\/\" \/>\n<meta property=\"og:site_name\" content=\"Xenonkungen\" \/>\n<meta property=\"article:modified_time\" content=\"2026-04-11T00:34:43+00:00\" \/>\n<meta property=\"og:image\" content=\"https:\/\/xenonkungen.com\/wp-content\/uploads\/2025\/04\/215900685-origpic-35924f.jpg\" \/>\n\t<meta property=\"og:image:width\" content=\"1024\" \/>\n\t<meta property=\"og:image:height\" content=\"1024\" \/>\n\t<meta property=\"og:image:type\" content=\"image\/jpeg\" \/>\n<meta name=\"twitter:card\" content=\"summary_large_image\" \/>\n<meta name=\"twitter:label1\" content=\"Geschatte leestijd\" \/>\n\t<meta name=\"twitter:data1\" content=\"2 minuten\" \/>\n<script type=\"application\/ld+json\" class=\"yoast-schema-graph\">{\"@context\":\"https:\/\/schema.org\",\"@graph\":[{\"@type\":\"WebPage\",\"@id\":\"https:\/\/xenonkungen.com\/produkt\/ledguardian-truck-flare-signal-ta19\/\",\"url\":\"https:\/\/xenonkungen.com\/produkt\/ledguardian-truck-flare-signal-ta19\/\",\"name\":\"LEDguardian\u00ae TRUCK FLARE Signal TA19 - Xenonkungen\",\"isPartOf\":{\"@id\":\"https:\/\/xenonkungen.com\/#website\"},\"primaryImageOfPage\":{\"@id\":\"https:\/\/xenonkungen.com\/produkt\/ledguardian-truck-flare-signal-ta19\/#primaryimage\"},\"image\":{\"@id\":\"https:\/\/xenonkungen.com\/produkt\/ledguardian-truck-flare-signal-ta19\/#primaryimage\"},\"thumbnailUrl\":\"https:\/\/xenonkungen.com\/wp-content\/uploads\/2025\/04\/215900685-origpic-35924f.jpg\",\"datePublished\":\"2025-04-15T09:58:35+00:00\",\"dateModified\":\"2026-04-11T00:34:43+00:00\",\"breadcrumb\":{\"@id\":\"https:\/\/xenonkungen.com\/produkt\/ledguardian-truck-flare-signal-ta19\/#breadcrumb\"},\"inLanguage\":\"nl-NL\",\"potentialAction\":[{\"@type\":\"ReadAction\",\"target\":[\"https:\/\/xenonkungen.com\/produkt\/ledguardian-truck-flare-signal-ta19\/\"]}]},{\"@type\":\"ImageObject\",\"inLanguage\":\"nl-NL\",\"@id\":\"https:\/\/xenonkungen.com\/produkt\/ledguardian-truck-flare-signal-ta19\/#primaryimage\",\"url\":\"https:\/\/xenonkungen.com\/wp-content\/uploads\/2025\/04\/215900685-origpic-35924f.jpg\",\"contentUrl\":\"https:\/\/xenonkungen.com\/wp-content\/uploads\/2025\/04\/215900685-origpic-35924f.jpg\",\"width\":1024,\"height\":1024},{\"@type\":\"BreadcrumbList\",\"@id\":\"https:\/\/xenonkungen.com\/produkt\/ledguardian-truck-flare-signal-ta19\/#breadcrumb\",\"itemListElement\":[{\"@type\":\"ListItem\",\"position\":1,\"name\":\"Hem\",\"item\":\"https:\/\/xenonkungen.com\/\"},{\"@type\":\"ListItem\",\"position\":2,\"name\":\"Shop\",\"item\":\"https:\/\/xenonkungen.com\/shop\/\"},{\"@type\":\"ListItem\",\"position\":3,\"name\":\"LEDguardian\u00ae TRUCK FLARE Signal TA19\"}]},{\"@type\":\"WebSite\",\"@id\":\"https:\/\/xenonkungen.com\/#website\",\"url\":\"https:\/\/xenonkungen.com\/\",\"name\":\"Xenonkungen\",\"description\":\"\",\"potentialAction\":[{\"@type\":\"SearchAction\",\"target\":{\"@type\":\"EntryPoint\",\"urlTemplate\":\"https:\/\/xenonkungen.com\/?s={search_term_string}\"},\"query-input\":{\"@type\":\"PropertyValueSpecification\",\"valueRequired\":true,\"valueName\":\"search_term_string\"}}],\"inLanguage\":\"nl-NL\"}]}<\/script>\n<!-- \/ Yoast SEO plugin. -->","yoast_head_json":{"title":"LEDguardian\u00ae TRUCK FLARE Signaal TA19 - De Xenon Koning","robots":{"index":"index","follow":"follow","max-snippet":"max-snippet:-1","max-image-preview":"max-image-preview:large","max-video-preview":"max-video-preview:-1"},"canonical":"https:\/\/xenonkungen.com\/nl\/product\/ledguardian-vrachtwagenfakkelsignaal-ta19\/","og_locale":"nl_NL","og_type":"article","og_title":"LEDguardian\u00ae TRUCK FLARE Signal TA19 - Xenonkungen","og_description":"OSRAM LEDguardian TRUCK FLARE Signal TA19 \u00e4r en kraftfull LED-varningslampa som ger \u00f6kad s\u00e4kerhet vid n\u00f6dsituationer p\u00e5 v\u00e4gen. Med l\u00e5ng batteritid, robust design och h\u00f6g synlighet, \u00e4r den ett p\u00e5litligt verktyg f\u00f6r alla fordons\u00e4gare.","og_url":"https:\/\/xenonkungen.com\/nl\/product\/ledguardian-vrachtwagenfakkelsignaal-ta19\/","og_site_name":"Xenonkungen","article_modified_time":"2026-04-11T00:34:43+00:00","og_image":[{"width":1024,"height":1024,"url":"https:\/\/xenonkungen.com\/wp-content\/uploads\/2025\/04\/215900685-origpic-35924f.jpg","type":"image\/jpeg"}],"twitter_card":"summary_large_image","twitter_misc":{"Geschatte leestijd":"2 minuten"},"schema":{"@context":"https:\/\/schema.org","@graph":[{"@type":"WebPage","@id":"https:\/\/xenonkungen.com\/produkt\/ledguardian-truck-flare-signal-ta19\/","url":"https:\/\/xenonkungen.com\/produkt\/ledguardian-truck-flare-signal-ta19\/","name":"LEDguardian\u00ae TRUCK FLARE Signaal TA19 - De Xenon Koning","isPartOf":{"@id":"https:\/\/xenonkungen.com\/#website"},"primaryImageOfPage":{"@id":"https:\/\/xenonkungen.com\/produkt\/ledguardian-truck-flare-signal-ta19\/#primaryimage"},"image":{"@id":"https:\/\/xenonkungen.com\/produkt\/ledguardian-truck-flare-signal-ta19\/#primaryimage"},"thumbnailUrl":"https:\/\/xenonkungen.com\/wp-content\/uploads\/2025\/04\/215900685-origpic-35924f.jpg","datePublished":"2025-04-15T09:58:35+00:00","dateModified":"2026-04-11T00:34:43+00:00","breadcrumb":{"@id":"https:\/\/xenonkungen.com\/produkt\/ledguardian-truck-flare-signal-ta19\/#breadcrumb"},"inLanguage":"nl-NL","potentialAction":[{"@type":"ReadAction","target":["https:\/\/xenonkungen.com\/produkt\/ledguardian-truck-flare-signal-ta19\/"]}]},{"@type":"ImageObject","inLanguage":"nl-NL","@id":"https:\/\/xenonkungen.com\/produkt\/ledguardian-truck-flare-signal-ta19\/#primaryimage","url":"https:\/\/xenonkungen.com\/wp-content\/uploads\/2025\/04\/215900685-origpic-35924f.jpg","contentUrl":"https:\/\/xenonkungen.com\/wp-content\/uploads\/2025\/04\/215900685-origpic-35924f.jpg","width":1024,"height":1024},{"@type":"BreadcrumbList","@id":"https:\/\/xenonkungen.com\/produkt\/ledguardian-truck-flare-signal-ta19\/#breadcrumb","itemListElement":[{"@type":"ListItem","position":1,"name":"Hem","item":"https:\/\/xenonkungen.com\/"},{"@type":"ListItem","position":2,"name":"Shop","item":"https:\/\/xenonkungen.com\/shop\/"},{"@type":"ListItem","position":3,"name":"LEDguardian\u00ae TRUCK FLARE Signal TA19"}]},{"@type":"WebSite","@id":"https:\/\/xenonkungen.com\/#website","url":"https:\/\/xenonkungen.com\/","name":"Xenonkungen","description":"","potentialAction":[{"@type":"SearchAction","target":{"@type":"EntryPoint","urlTemplate":"https:\/\/xenonkungen.com\/?s={search_term_string}"},"query-input":{"@type":"PropertyValueSpecification","valueRequired":true,"valueName":"search_term_string"}}],"inLanguage":"nl-NL"}]}},"taxonomy_info":{"product_brand":[{"value":108,"label":"OSRAM"}],"product_cat":[{"value":2647,"label":"Osram"},{"value":1320,"label":"Ficklampor"}],"pa_fargtemperatur":[{"value":1989,"label":"2000 , 6000"}],"pa_fuktskydd-varde-ipxx":[{"value":1318,"label":"IP54"}],"pa_godkannande":[{"value":794,"label":"CE"}],"pa_storlek-mm":[{"value":1988,"label":"91x43x236"}]},"featured_image_src_large":["https:\/\/xenonkungen.com\/wp-content\/uploads\/2025\/04\/215900685-origpic-35924f.jpg",1024,1024,false],"author_info":[],"comment_info":0,"_links":{"self":[{"href":"https:\/\/xenonkungen.com\/nl\/wp-json\/wp\/v2\/product\/7695","targetHints":{"allow":["GET"]}}],"collection":[{"href":"https:\/\/xenonkungen.com\/nl\/wp-json\/wp\/v2\/product"}],"about":[{"href":"https:\/\/xenonkungen.com\/nl\/wp-json\/wp\/v2\/types\/product"}],"replies":[{"embeddable":true,"href":"https:\/\/xenonkungen.com\/nl\/wp-json\/wp\/v2\/comments?post=7695"}],"wp:featuredmedia":[{"embeddable":true,"href":"https:\/\/xenonkungen.com\/nl\/wp-json\/wp\/v2\/media\/7696"}],"wp:attachment":[{"href":"https:\/\/xenonkungen.com\/nl\/wp-json\/wp\/v2\/media?parent=7695"}],"wp:term":[{"taxonomy":"anvandningsomrade","embeddable":true,"href":"https:\/\/xenonkungen.com\/nl\/wp-json\/wp\/v2\/anvandningsomrade?post=7695"},{"taxonomy":"bilmarken","embeddable":true,"href":"https:\/\/xenonkungen.com\/nl\/wp-json\/wp\/v2\/bilmarken?post=7695"},{"taxonomy":"product_brand","embeddable":true,"href":"https:\/\/xenonkungen.com\/nl\/wp-json\/wp\/v2\/product_brand?post=7695"},{"taxonomy":"product_cat","embeddable":true,"href":"https:\/\/xenonkungen.com\/nl\/wp-json\/wp\/v2\/product_cat?post=7695"},{"taxonomy":"product_tag","embeddable":true,"href":"https:\/\/xenonkungen.com\/nl\/wp-json\/wp\/v2\/product_tag?post=7695"}],"curies":[{"name":"wp","href":"https:\/\/api.w.org\/{rel}","templated":true}]}}