{"id":7727,"date":"2025-04-15T09:58:58","date_gmt":"2025-04-15T09:58:58","guid":{"rendered":"https:\/\/xenonkungen.com\/product\/ledriving-monterings-kit-px-serien\/"},"modified":"2025-12-10T14:49:20","modified_gmt":"2025-12-10T13:49:20","slug":"ledriving-montageset-px-serie","status":"publish","type":"product","link":"https:\/\/xenonkungen.com\/nl\/product\/ledriving-montageset-px-serie\/","title":{"rendered":"LEDriving\u00ae Montagekit PX-serie"},"content":{"rendered":"<h1>OSRAM LEDriving Professional Series PX: verlichtingsoplossingen voor elke taak<\/h1>\n<h2>Cre\u00eber de perfecte werkomgeving met OSRAM-werklampen<\/h2>\n<p>Dankzij de werklampen uit de OSRAM LEDriving Professional Series PX-serie heeft u nu de mogelijkheid om precies de juiste verlichting te vinden voor een breed scala aan professionele taken en toepassingen. Met opties voor directe montage, flexibele standaardmontage en extra zware montage bieden deze lampen oplossingen voor elke situatie. Daarnaast heeft OSRAM speciaal ontworpen montagesets en een DT-aansluitkabel ontwikkeld voor eenvoudige installatie.<\/p>\n<h2>LEDriving Montagekit PX voor extra flexibele montage<\/h2>\n<p>De LEDriving Montagekit PX is ontworpen voor extra flexibele montage en is compatibel met alle OSRAM LEDriving werklampen uit de Professional Series PX. Met slechts \u00e9\u00e9n centrale schroef monteert u uw LEDriving werklamp snel en eenvoudig, wat uw Professional Series PX nog praktischer maakt. Alle componenten van de montagekit zijn gemaakt van roestvrij staal en hebben een trillingsbestendigheid van minimaal 8 g rms, waardoor ze bijzonder geschikt zijn voor dagelijks gebruik op bouwvoertuigen en tractoren.<\/p>\n<h2>Pas uw verlichting aan zoals u wilt<\/h2>\n<p>Dankzij de kantelhoek van de houder tot +\/- 15 graden en de mogelijkheid om de houder 360 graden te draaien, kunt u uw werklicht precies daar richten waar u het nodig heeft.<\/p>","protected":false},"excerpt":{"rendered":"<p>OSRAM LEDriving Professional Series PX: Belysningsl\u00f6sningar f\u00f6r Varje Arbetsuppgift Skapa den Perfekta Arbetsmilj\u00f6n med OSRAM Arbetsljus Tack vare arbetsljusen i serien OSRAM LEDriving Professional Series PX, har du nu m\u00f6jlighet att hitta exakt r\u00e4tt belysning f\u00f6r ett brett utbud av yrkesm\u00e4ssiga arbetsuppgifter och till\u00e4mpningar. Med alternativ f\u00f6r direktmontering, flexibel standardmontering och extra kraftig montering, erbjuder [&hellip;]<\/p>","protected":false},"featured_media":7728,"comment_status":"closed","ping_status":"open","template":"","meta":{"_acf_changed":false,"_smort_price_nok":"294","_smort_price_dkk":"187","_smort_price_eur":"25","_smort_sale_price_nok":"","_smort_sale_price_dkk":"","_smort_sale_price_eur":"","smort_restorder":"","shipmondo_restorder":"","_kad_blocks_custom_css":"","_kad_blocks_head_custom_js":"","_kad_blocks_body_custom_js":"","_kad_blocks_footer_custom_js":"","smort_custom_pricelist_1":"176","smort_custom_pricelist_2":"165","smort_custom_pricelist_3":"156.75","smort_custom_pricelist_4":"220","smort_custom_pricelist_5":"163.8"},"anvandningsomrade":[],"bilmarken":[],"product_brand":[108],"product_cat":[2841,2601,390],"product_tag":[],"class_list":{"0":"post-7727","1":"product","2":"type-product","3":"status-publish","4":"has-post-thumbnail","6":"product_brand-osram","7":"product_cat-installation-extraljus","8":"product_cat-monteringstillbehor-fasten-arbetsbelysning","9":"product_cat-installation","11":"first","12":"onbackorder","13":"taxable","14":"shipping-taxable","15":"purchasable","16":"product-type-simple"},"bundled_by":[],"bundle_stock_status":"onbackorder","bundle_stock_quantity":0,"bundle_virtual":false,"bundle_layout":"","bundle_add_to_cart_form_location":"","bundle_editable_in_cart":false,"bundle_sold_individually_context":"","bundle_item_grouping":"","bundle_min_size":"","bundle_max_size":"","bundle_price":[],"bundled_items":[],"bundle_sell_ids":[],"acf":[],"yoast_head":"<!-- This site is optimized with the Yoast SEO plugin v27.0 - https:\/\/yoast.com\/product\/yoast-seo-wordpress\/ -->\n<title>LEDriving\u00ae Monterings Kit PX-serien - Xenonkungen<\/title>\n<meta name=\"robots\" content=\"index, follow, max-snippet:-1, max-image-preview:large, max-video-preview:-1\" \/>\n<link rel=\"canonical\" href=\"https:\/\/xenonkungen.com\/nl\/product\/ledriving-montageset-px-serie\/\" \/>\n<meta property=\"og:locale\" content=\"nl_NL\" \/>\n<meta property=\"og:type\" content=\"article\" \/>\n<meta property=\"og:title\" content=\"LEDriving\u00ae Monterings Kit PX-serien - Xenonkungen\" \/>\n<meta property=\"og:description\" content=\"OSRAM LEDriving Professional Series PX: Belysningsl\u00f6sningar f\u00f6r Varje Arbetsuppgift Skapa den Perfekta Arbetsmilj\u00f6n med OSRAM Arbetsljus Tack vare arbetsljusen i serien OSRAM LEDriving Professional Series PX, har du nu m\u00f6jlighet att hitta exakt r\u00e4tt belysning f\u00f6r ett brett utbud av yrkesm\u00e4ssiga arbetsuppgifter och till\u00e4mpningar. Med alternativ f\u00f6r direktmontering, flexibel standardmontering och extra kraftig montering, erbjuder [&hellip;]\" \/>\n<meta property=\"og:url\" content=\"https:\/\/xenonkungen.com\/nl\/product\/ledriving-montageset-px-serie\/\" \/>\n<meta property=\"og:site_name\" content=\"Xenonkungen\" \/>\n<meta property=\"article:modified_time\" content=\"2025-12-10T13:49:20+00:00\" \/>\n<meta property=\"og:image\" content=\"https:\/\/xenonkungen.com\/wp-content\/uploads\/2025\/04\/201830733-origpic-b7d57e.jpg\" \/>\n\t<meta property=\"og:image:width\" content=\"900\" \/>\n\t<meta property=\"og:image:height\" content=\"900\" \/>\n\t<meta property=\"og:image:type\" content=\"image\/jpeg\" \/>\n<meta name=\"twitter:card\" content=\"summary_large_image\" \/>\n<meta name=\"twitter:label1\" content=\"Geschatte leestijd\" \/>\n\t<meta name=\"twitter:data1\" content=\"1 minuut\" \/>\n<script type=\"application\/ld+json\" class=\"yoast-schema-graph\">{\"@context\":\"https:\/\/schema.org\",\"@graph\":[{\"@type\":\"WebPage\",\"@id\":\"https:\/\/xenonkungen.com\/produkt\/ledriving-monterings-kit-px-serien\/\",\"url\":\"https:\/\/xenonkungen.com\/produkt\/ledriving-monterings-kit-px-serien\/\",\"name\":\"LEDriving\u00ae Monterings Kit PX-serien - Xenonkungen\",\"isPartOf\":{\"@id\":\"https:\/\/xenonkungen.com\/#website\"},\"primaryImageOfPage\":{\"@id\":\"https:\/\/xenonkungen.com\/produkt\/ledriving-monterings-kit-px-serien\/#primaryimage\"},\"image\":{\"@id\":\"https:\/\/xenonkungen.com\/produkt\/ledriving-monterings-kit-px-serien\/#primaryimage\"},\"thumbnailUrl\":\"https:\/\/xenonkungen.com\/wp-content\/uploads\/2025\/04\/201830733-origpic-b7d57e.jpg\",\"datePublished\":\"2025-04-15T09:58:58+00:00\",\"dateModified\":\"2025-12-10T13:49:20+00:00\",\"breadcrumb\":{\"@id\":\"https:\/\/xenonkungen.com\/produkt\/ledriving-monterings-kit-px-serien\/#breadcrumb\"},\"inLanguage\":\"nl-NL\",\"potentialAction\":[{\"@type\":\"ReadAction\",\"target\":[\"https:\/\/xenonkungen.com\/produkt\/ledriving-monterings-kit-px-serien\/\"]}]},{\"@type\":\"ImageObject\",\"inLanguage\":\"nl-NL\",\"@id\":\"https:\/\/xenonkungen.com\/produkt\/ledriving-monterings-kit-px-serien\/#primaryimage\",\"url\":\"https:\/\/xenonkungen.com\/wp-content\/uploads\/2025\/04\/201830733-origpic-b7d57e.jpg\",\"contentUrl\":\"https:\/\/xenonkungen.com\/wp-content\/uploads\/2025\/04\/201830733-origpic-b7d57e.jpg\",\"width\":900,\"height\":900},{\"@type\":\"BreadcrumbList\",\"@id\":\"https:\/\/xenonkungen.com\/produkt\/ledriving-monterings-kit-px-serien\/#breadcrumb\",\"itemListElement\":[{\"@type\":\"ListItem\",\"position\":1,\"name\":\"Hem\",\"item\":\"https:\/\/xenonkungen.com\/\"},{\"@type\":\"ListItem\",\"position\":2,\"name\":\"Shop\",\"item\":\"https:\/\/xenonkungen.com\/shop\/\"},{\"@type\":\"ListItem\",\"position\":3,\"name\":\"LEDriving\u00ae Monterings Kit PX-serien\"}]},{\"@type\":\"WebSite\",\"@id\":\"https:\/\/xenonkungen.com\/#website\",\"url\":\"https:\/\/xenonkungen.com\/\",\"name\":\"Xenonkungen\",\"description\":\"\",\"potentialAction\":[{\"@type\":\"SearchAction\",\"target\":{\"@type\":\"EntryPoint\",\"urlTemplate\":\"https:\/\/xenonkungen.com\/?s={search_term_string}\"},\"query-input\":{\"@type\":\"PropertyValueSpecification\",\"valueRequired\":true,\"valueName\":\"search_term_string\"}}],\"inLanguage\":\"nl-NL\"}]}<\/script>\n<!-- \/ Yoast SEO plugin. -->","yoast_head_json":{"title":"LEDriving\u00ae Montageset PX-serie - De Xenon-koning","robots":{"index":"index","follow":"follow","max-snippet":"max-snippet:-1","max-image-preview":"max-image-preview:large","max-video-preview":"max-video-preview:-1"},"canonical":"https:\/\/xenonkungen.com\/nl\/product\/ledriving-montageset-px-serie\/","og_locale":"nl_NL","og_type":"article","og_title":"LEDriving\u00ae Monterings Kit PX-serien - Xenonkungen","og_description":"OSRAM LEDriving Professional Series PX: Belysningsl\u00f6sningar f\u00f6r Varje Arbetsuppgift Skapa den Perfekta Arbetsmilj\u00f6n med OSRAM Arbetsljus Tack vare arbetsljusen i serien OSRAM LEDriving Professional Series PX, har du nu m\u00f6jlighet att hitta exakt r\u00e4tt belysning f\u00f6r ett brett utbud av yrkesm\u00e4ssiga arbetsuppgifter och till\u00e4mpningar. Med alternativ f\u00f6r direktmontering, flexibel standardmontering och extra kraftig montering, erbjuder [&hellip;]","og_url":"https:\/\/xenonkungen.com\/nl\/product\/ledriving-montageset-px-serie\/","og_site_name":"Xenonkungen","article_modified_time":"2025-12-10T13:49:20+00:00","og_image":[{"width":900,"height":900,"url":"https:\/\/xenonkungen.com\/wp-content\/uploads\/2025\/04\/201830733-origpic-b7d57e.jpg","type":"image\/jpeg"}],"twitter_card":"summary_large_image","twitter_misc":{"Geschatte leestijd":"1 minuut"},"schema":{"@context":"https:\/\/schema.org","@graph":[{"@type":"WebPage","@id":"https:\/\/xenonkungen.com\/produkt\/ledriving-monterings-kit-px-serien\/","url":"https:\/\/xenonkungen.com\/produkt\/ledriving-monterings-kit-px-serien\/","name":"LEDriving\u00ae Montageset PX-serie - De Xenon-koning","isPartOf":{"@id":"https:\/\/xenonkungen.com\/#website"},"primaryImageOfPage":{"@id":"https:\/\/xenonkungen.com\/produkt\/ledriving-monterings-kit-px-serien\/#primaryimage"},"image":{"@id":"https:\/\/xenonkungen.com\/produkt\/ledriving-monterings-kit-px-serien\/#primaryimage"},"thumbnailUrl":"https:\/\/xenonkungen.com\/wp-content\/uploads\/2025\/04\/201830733-origpic-b7d57e.jpg","datePublished":"2025-04-15T09:58:58+00:00","dateModified":"2025-12-10T13:49:20+00:00","breadcrumb":{"@id":"https:\/\/xenonkungen.com\/produkt\/ledriving-monterings-kit-px-serien\/#breadcrumb"},"inLanguage":"nl-NL","potentialAction":[{"@type":"ReadAction","target":["https:\/\/xenonkungen.com\/produkt\/ledriving-monterings-kit-px-serien\/"]}]},{"@type":"ImageObject","inLanguage":"nl-NL","@id":"https:\/\/xenonkungen.com\/produkt\/ledriving-monterings-kit-px-serien\/#primaryimage","url":"https:\/\/xenonkungen.com\/wp-content\/uploads\/2025\/04\/201830733-origpic-b7d57e.jpg","contentUrl":"https:\/\/xenonkungen.com\/wp-content\/uploads\/2025\/04\/201830733-origpic-b7d57e.jpg","width":900,"height":900},{"@type":"BreadcrumbList","@id":"https:\/\/xenonkungen.com\/produkt\/ledriving-monterings-kit-px-serien\/#breadcrumb","itemListElement":[{"@type":"ListItem","position":1,"name":"Hem","item":"https:\/\/xenonkungen.com\/"},{"@type":"ListItem","position":2,"name":"Shop","item":"https:\/\/xenonkungen.com\/shop\/"},{"@type":"ListItem","position":3,"name":"LEDriving\u00ae Monterings Kit PX-serien"}]},{"@type":"WebSite","@id":"https:\/\/xenonkungen.com\/#website","url":"https:\/\/xenonkungen.com\/","name":"Xenonkungen","description":"","potentialAction":[{"@type":"SearchAction","target":{"@type":"EntryPoint","urlTemplate":"https:\/\/xenonkungen.com\/?s={search_term_string}"},"query-input":{"@type":"PropertyValueSpecification","valueRequired":true,"valueName":"search_term_string"}}],"inLanguage":"nl-NL"}]}},"taxonomy_info":{"product_brand":[{"value":108,"label":"OSRAM"}],"product_cat":[{"value":2841,"label":"Installation extraljus"},{"value":2601,"label":"Monteringstillbeh\u00f6r"},{"value":390,"label":"Installation"}]},"featured_image_src_large":["https:\/\/xenonkungen.com\/wp-content\/uploads\/2025\/04\/201830733-origpic-b7d57e.jpg",900,900,false],"author_info":[],"comment_info":0,"_links":{"self":[{"href":"https:\/\/xenonkungen.com\/nl\/wp-json\/wp\/v2\/product\/7727","targetHints":{"allow":["GET"]}}],"collection":[{"href":"https:\/\/xenonkungen.com\/nl\/wp-json\/wp\/v2\/product"}],"about":[{"href":"https:\/\/xenonkungen.com\/nl\/wp-json\/wp\/v2\/types\/product"}],"replies":[{"embeddable":true,"href":"https:\/\/xenonkungen.com\/nl\/wp-json\/wp\/v2\/comments?post=7727"}],"wp:featuredmedia":[{"embeddable":true,"href":"https:\/\/xenonkungen.com\/nl\/wp-json\/wp\/v2\/media\/7728"}],"wp:attachment":[{"href":"https:\/\/xenonkungen.com\/nl\/wp-json\/wp\/v2\/media?parent=7727"}],"wp:term":[{"taxonomy":"anvandningsomrade","embeddable":true,"href":"https:\/\/xenonkungen.com\/nl\/wp-json\/wp\/v2\/anvandningsomrade?post=7727"},{"taxonomy":"bilmarken","embeddable":true,"href":"https:\/\/xenonkungen.com\/nl\/wp-json\/wp\/v2\/bilmarken?post=7727"},{"taxonomy":"product_brand","embeddable":true,"href":"https:\/\/xenonkungen.com\/nl\/wp-json\/wp\/v2\/product_brand?post=7727"},{"taxonomy":"product_cat","embeddable":true,"href":"https:\/\/xenonkungen.com\/nl\/wp-json\/wp\/v2\/product_cat?post=7727"},{"taxonomy":"product_tag","embeddable":true,"href":"https:\/\/xenonkungen.com\/nl\/wp-json\/wp\/v2\/product_tag?post=7727"}],"curies":[{"name":"wp","href":"https:\/\/api.w.org\/{rel}","templated":true}]}}