{"id":7968,"date":"2025-04-15T10:01:11","date_gmt":"2025-04-15T10:01:11","guid":{"rendered":"https:\/\/xenonkungen.com\/product\/onyx-led-copilot-12-24v\/"},"modified":"2026-01-08T18:06:20","modified_gmt":"2026-01-08T17:06:20","slug":"onyx-led-copilot-12-24v","status":"publish","type":"product","link":"https:\/\/xenonkungen.com\/nl\/product\/onyx-led-copilot-12-24v\/","title":{"rendered":"Onyx LED copiloot 12\/24V"},"content":{"rendered":"<h1>Flexibele LED leeslamp<\/h1>\n<p><span>Met zijn elegante en dynamische design past de ONYX COPILOT LED leeslamp naadloos in het interieur van de auto. De leeslamp is zeer flexibel en kan worden gebruikt om specifieke oppervlakken in de auto te verlichten. De hals is gemaakt van mat zwart siliconenrubber en kan individueel worden versteld. <\/span><\/p>\n<p><span>De levensduur van de LED-lamp in ONYX COPILOT is extreem lang: tot 20.000 uur! De armatuur kan worden in- en uitgeschakeld en permanent worden aangesloten. OSRAM biedt 2 jaar garantie op deze elegante lamp.<\/span><\/p>","protected":false},"excerpt":{"rendered":"<p>Flexibel LED-l\u00e4slampa Med sin eleganta och dynamiska design sm\u00e4lter ONYX COPILOT LED-l\u00e4slampa s\u00f6ml\u00f6st in i bilens inredning. L\u00e4slampan \u00e4r mycket flexibel och kan anv\u00e4ndas f\u00f6r att lysa upp specifika ytor i bilen. Halsen \u00e4r gjord i mattsvart silikongummi och kan justeras individuellt. Livsl\u00e4ngden f\u00f6r LED-lampan i ONYX COPILOT \u00e4r extremt l\u00e5ng: upp till 20\u00a0000\u00a0timmar! Armaturen [&hellip;]<\/p>","protected":false},"featured_media":7969,"comment_status":"closed","ping_status":"open","template":"","meta":{"_acf_changed":false,"_smort_price_nok":"352","_smort_price_dkk":"224","_smort_price_eur":"30","_smort_sale_price_nok":"","_smort_sale_price_dkk":"","_smort_sale_price_eur":"","smort_restorder":"","shipmondo_restorder":"","_kad_blocks_custom_css":"","_kad_blocks_head_custom_js":"","_kad_blocks_body_custom_js":"","_kad_blocks_footer_custom_js":"","smort_custom_pricelist_1":"211.2","smort_custom_pricelist_2":"211.2","smort_custom_pricelist_3":"200.64","smort_custom_pricelist_4":"264","smort_custom_pricelist_5":"211.2"},"anvandningsomrade":[],"bilmarken":[],"product_brand":[108],"product_cat":[2507,338],"product_tag":[],"class_list":{"0":"post-7968","1":"product","2":"type-product","3":"status-publish","4":"has-post-thumbnail","6":"product_brand-osram","7":"product_cat-ovrig-belysning","8":"product_cat-diodlampor","9":"pa_fargtemperatur-2004","10":"pa_fuktskydd-varde-ipxx-ip20","11":"pa_godkannande-ce","12":"pa_lampsockel-kontakt-cigarette-lighter-plug-cigg-uttag","13":"pa_led-chips-effekt-w-0-5","14":"pa_storlek-mm-25x24x473","15":"pa_volt-v-12-24","17":"first","18":"instock","19":"taxable","20":"shipping-taxable","21":"purchasable","22":"product-type-simple"},"bundled_by":[],"bundle_stock_status":"instock","bundle_stock_quantity":5,"bundle_virtual":false,"bundle_layout":"","bundle_add_to_cart_form_location":"","bundle_editable_in_cart":false,"bundle_sold_individually_context":"","bundle_item_grouping":"","bundle_min_size":"","bundle_max_size":"","bundle_price":[],"bundled_items":[],"bundle_sell_ids":[],"acf":[],"yoast_head":"<!-- This site is optimized with the Yoast SEO plugin v27.0 - https:\/\/yoast.com\/product\/yoast-seo-wordpress\/ -->\n<title>Onyx LED Copilot 12\/24V - Xenonkungen<\/title>\n<meta name=\"robots\" content=\"index, follow, max-snippet:-1, max-image-preview:large, max-video-preview:-1\" \/>\n<link rel=\"canonical\" href=\"https:\/\/xenonkungen.com\/nl\/product\/onyx-led-copilot-12-24v\/\" \/>\n<meta property=\"og:locale\" content=\"nl_NL\" \/>\n<meta property=\"og:type\" content=\"article\" \/>\n<meta property=\"og:title\" content=\"Onyx LED Copilot 12\/24V - Xenonkungen\" \/>\n<meta property=\"og:description\" content=\"Flexibel LED-l\u00e4slampa Med sin eleganta och dynamiska design sm\u00e4lter ONYX COPILOT LED-l\u00e4slampa s\u00f6ml\u00f6st in i bilens inredning. L\u00e4slampan \u00e4r mycket flexibel och kan anv\u00e4ndas f\u00f6r att lysa upp specifika ytor i bilen. Halsen \u00e4r gjord i mattsvart silikongummi och kan justeras individuellt. Livsl\u00e4ngden f\u00f6r LED-lampan i ONYX COPILOT \u00e4r extremt l\u00e5ng: upp till 20\u00a0000\u00a0timmar! Armaturen [&hellip;]\" \/>\n<meta property=\"og:url\" content=\"https:\/\/xenonkungen.com\/nl\/product\/onyx-led-copilot-12-24v\/\" \/>\n<meta property=\"og:site_name\" content=\"Xenonkungen\" \/>\n<meta property=\"article:modified_time\" content=\"2026-01-08T17:06:20+00:00\" \/>\n<meta property=\"og:image\" content=\"https:\/\/xenonkungen.com\/wp-content\/uploads\/2025\/04\/20942099-origpic-fb9ce5.jpg\" \/>\n\t<meta property=\"og:image:width\" content=\"873\" \/>\n\t<meta property=\"og:image:height\" content=\"811\" \/>\n\t<meta property=\"og:image:type\" content=\"image\/jpeg\" \/>\n<meta name=\"twitter:card\" content=\"summary_large_image\" \/>\n<script type=\"application\/ld+json\" class=\"yoast-schema-graph\">{\"@context\":\"https:\/\/schema.org\",\"@graph\":[{\"@type\":\"WebPage\",\"@id\":\"https:\/\/xenonkungen.com\/produkt\/onyx-led-copilot-12-24v\/\",\"url\":\"https:\/\/xenonkungen.com\/produkt\/onyx-led-copilot-12-24v\/\",\"name\":\"Onyx LED Copilot 12\/24V - Xenonkungen\",\"isPartOf\":{\"@id\":\"https:\/\/xenonkungen.com\/#website\"},\"primaryImageOfPage\":{\"@id\":\"https:\/\/xenonkungen.com\/produkt\/onyx-led-copilot-12-24v\/#primaryimage\"},\"image\":{\"@id\":\"https:\/\/xenonkungen.com\/produkt\/onyx-led-copilot-12-24v\/#primaryimage\"},\"thumbnailUrl\":\"https:\/\/xenonkungen.com\/wp-content\/uploads\/2025\/04\/20942099-origpic-fb9ce5.jpg\",\"datePublished\":\"2025-04-15T10:01:11+00:00\",\"dateModified\":\"2026-01-08T17:06:20+00:00\",\"breadcrumb\":{\"@id\":\"https:\/\/xenonkungen.com\/produkt\/onyx-led-copilot-12-24v\/#breadcrumb\"},\"inLanguage\":\"nl-NL\",\"potentialAction\":[{\"@type\":\"ReadAction\",\"target\":[\"https:\/\/xenonkungen.com\/produkt\/onyx-led-copilot-12-24v\/\"]}]},{\"@type\":\"ImageObject\",\"inLanguage\":\"nl-NL\",\"@id\":\"https:\/\/xenonkungen.com\/produkt\/onyx-led-copilot-12-24v\/#primaryimage\",\"url\":\"https:\/\/xenonkungen.com\/wp-content\/uploads\/2025\/04\/20942099-origpic-fb9ce5.jpg\",\"contentUrl\":\"https:\/\/xenonkungen.com\/wp-content\/uploads\/2025\/04\/20942099-origpic-fb9ce5.jpg\",\"width\":873,\"height\":811},{\"@type\":\"BreadcrumbList\",\"@id\":\"https:\/\/xenonkungen.com\/produkt\/onyx-led-copilot-12-24v\/#breadcrumb\",\"itemListElement\":[{\"@type\":\"ListItem\",\"position\":1,\"name\":\"Hem\",\"item\":\"https:\/\/xenonkungen.com\/\"},{\"@type\":\"ListItem\",\"position\":2,\"name\":\"Shop\",\"item\":\"https:\/\/xenonkungen.com\/shop\/\"},{\"@type\":\"ListItem\",\"position\":3,\"name\":\"Onyx LED Copilot 12\/24V\"}]},{\"@type\":\"WebSite\",\"@id\":\"https:\/\/xenonkungen.com\/#website\",\"url\":\"https:\/\/xenonkungen.com\/\",\"name\":\"Xenonkungen\",\"description\":\"\",\"potentialAction\":[{\"@type\":\"SearchAction\",\"target\":{\"@type\":\"EntryPoint\",\"urlTemplate\":\"https:\/\/xenonkungen.com\/?s={search_term_string}\"},\"query-input\":{\"@type\":\"PropertyValueSpecification\",\"valueRequired\":true,\"valueName\":\"search_term_string\"}}],\"inLanguage\":\"nl-NL\"}]}<\/script>\n<!-- \/ Yoast SEO plugin. -->","yoast_head_json":{"title":"Onyx LED Copilot 12\/24V - De Xenon-koning","robots":{"index":"index","follow":"follow","max-snippet":"max-snippet:-1","max-image-preview":"max-image-preview:large","max-video-preview":"max-video-preview:-1"},"canonical":"https:\/\/xenonkungen.com\/nl\/product\/onyx-led-copilot-12-24v\/","og_locale":"nl_NL","og_type":"article","og_title":"Onyx LED Copilot 12\/24V - Xenonkungen","og_description":"Flexibel LED-l\u00e4slampa Med sin eleganta och dynamiska design sm\u00e4lter ONYX COPILOT LED-l\u00e4slampa s\u00f6ml\u00f6st in i bilens inredning. L\u00e4slampan \u00e4r mycket flexibel och kan anv\u00e4ndas f\u00f6r att lysa upp specifika ytor i bilen. Halsen \u00e4r gjord i mattsvart silikongummi och kan justeras individuellt. Livsl\u00e4ngden f\u00f6r LED-lampan i ONYX COPILOT \u00e4r extremt l\u00e5ng: upp till 20\u00a0000\u00a0timmar! Armaturen [&hellip;]","og_url":"https:\/\/xenonkungen.com\/nl\/product\/onyx-led-copilot-12-24v\/","og_site_name":"Xenonkungen","article_modified_time":"2026-01-08T17:06:20+00:00","og_image":[{"width":873,"height":811,"url":"https:\/\/xenonkungen.com\/wp-content\/uploads\/2025\/04\/20942099-origpic-fb9ce5.jpg","type":"image\/jpeg"}],"twitter_card":"summary_large_image","schema":{"@context":"https:\/\/schema.org","@graph":[{"@type":"WebPage","@id":"https:\/\/xenonkungen.com\/produkt\/onyx-led-copilot-12-24v\/","url":"https:\/\/xenonkungen.com\/produkt\/onyx-led-copilot-12-24v\/","name":"Onyx LED Copilot 12\/24V - De Xenon-koning","isPartOf":{"@id":"https:\/\/xenonkungen.com\/#website"},"primaryImageOfPage":{"@id":"https:\/\/xenonkungen.com\/produkt\/onyx-led-copilot-12-24v\/#primaryimage"},"image":{"@id":"https:\/\/xenonkungen.com\/produkt\/onyx-led-copilot-12-24v\/#primaryimage"},"thumbnailUrl":"https:\/\/xenonkungen.com\/wp-content\/uploads\/2025\/04\/20942099-origpic-fb9ce5.jpg","datePublished":"2025-04-15T10:01:11+00:00","dateModified":"2026-01-08T17:06:20+00:00","breadcrumb":{"@id":"https:\/\/xenonkungen.com\/produkt\/onyx-led-copilot-12-24v\/#breadcrumb"},"inLanguage":"nl-NL","potentialAction":[{"@type":"ReadAction","target":["https:\/\/xenonkungen.com\/produkt\/onyx-led-copilot-12-24v\/"]}]},{"@type":"ImageObject","inLanguage":"nl-NL","@id":"https:\/\/xenonkungen.com\/produkt\/onyx-led-copilot-12-24v\/#primaryimage","url":"https:\/\/xenonkungen.com\/wp-content\/uploads\/2025\/04\/20942099-origpic-fb9ce5.jpg","contentUrl":"https:\/\/xenonkungen.com\/wp-content\/uploads\/2025\/04\/20942099-origpic-fb9ce5.jpg","width":873,"height":811},{"@type":"BreadcrumbList","@id":"https:\/\/xenonkungen.com\/produkt\/onyx-led-copilot-12-24v\/#breadcrumb","itemListElement":[{"@type":"ListItem","position":1,"name":"Hem","item":"https:\/\/xenonkungen.com\/"},{"@type":"ListItem","position":2,"name":"Shop","item":"https:\/\/xenonkungen.com\/shop\/"},{"@type":"ListItem","position":3,"name":"Onyx LED Copilot 12\/24V"}]},{"@type":"WebSite","@id":"https:\/\/xenonkungen.com\/#website","url":"https:\/\/xenonkungen.com\/","name":"Xenonkungen","description":"","potentialAction":[{"@type":"SearchAction","target":{"@type":"EntryPoint","urlTemplate":"https:\/\/xenonkungen.com\/?s={search_term_string}"},"query-input":{"@type":"PropertyValueSpecification","valueRequired":true,"valueName":"search_term_string"}}],"inLanguage":"nl-NL"}]}},"taxonomy_info":{"product_brand":[{"value":108,"label":"OSRAM"}],"product_cat":[{"value":2507,"label":"\u00d6vrig belysning"},{"value":338,"label":"Diodlampor"}],"pa_fargtemperatur":[{"value":2004,"label":"3200"}],"pa_fuktskydd-varde-ipxx":[{"value":1993,"label":"IP20"}],"pa_godkannande":[{"value":794,"label":"CE"}],"pa_lampsockel-kontakt":[{"value":2005,"label":"Cigarette lighter plug \/ cigg-uttag"}],"pa_led-chips-effekt-w":[{"value":2003,"label":"0.5"}],"pa_storlek-mm":[{"value":2002,"label":"25x24x473"}],"pa_volt-v":[{"value":348,"label":"12, 24"}]},"featured_image_src_large":["https:\/\/xenonkungen.com\/wp-content\/uploads\/2025\/04\/20942099-origpic-fb9ce5.jpg",873,811,false],"author_info":[],"comment_info":1,"_links":{"self":[{"href":"https:\/\/xenonkungen.com\/nl\/wp-json\/wp\/v2\/product\/7968","targetHints":{"allow":["GET"]}}],"collection":[{"href":"https:\/\/xenonkungen.com\/nl\/wp-json\/wp\/v2\/product"}],"about":[{"href":"https:\/\/xenonkungen.com\/nl\/wp-json\/wp\/v2\/types\/product"}],"replies":[{"embeddable":true,"href":"https:\/\/xenonkungen.com\/nl\/wp-json\/wp\/v2\/comments?post=7968"}],"wp:featuredmedia":[{"embeddable":true,"href":"https:\/\/xenonkungen.com\/nl\/wp-json\/wp\/v2\/media\/7969"}],"wp:attachment":[{"href":"https:\/\/xenonkungen.com\/nl\/wp-json\/wp\/v2\/media?parent=7968"}],"wp:term":[{"taxonomy":"anvandningsomrade","embeddable":true,"href":"https:\/\/xenonkungen.com\/nl\/wp-json\/wp\/v2\/anvandningsomrade?post=7968"},{"taxonomy":"bilmarken","embeddable":true,"href":"https:\/\/xenonkungen.com\/nl\/wp-json\/wp\/v2\/bilmarken?post=7968"},{"taxonomy":"product_brand","embeddable":true,"href":"https:\/\/xenonkungen.com\/nl\/wp-json\/wp\/v2\/product_brand?post=7968"},{"taxonomy":"product_cat","embeddable":true,"href":"https:\/\/xenonkungen.com\/nl\/wp-json\/wp\/v2\/product_cat?post=7968"},{"taxonomy":"product_tag","embeddable":true,"href":"https:\/\/xenonkungen.com\/nl\/wp-json\/wp\/v2\/product_tag?post=7968"}],"curies":[{"name":"wp","href":"https:\/\/api.w.org\/{rel}","templated":true}]}}