{"id":7973,"date":"2025-04-15T10:01:11","date_gmt":"2025-04-15T10:01:11","guid":{"rendered":"https:\/\/xenonkungen.com\/product\/osram-ledambient-tuning-lights-12v-extension-kit\/"},"modified":"2026-04-11T01:33:09","modified_gmt":"2026-04-11T00:33:09","slug":"osram-led-ambient-tuningverlichting-12v-uitbreidingsset","status":"publish","type":"product","link":"https:\/\/xenonkungen.com\/nl\/product\/osram-led-ambient-tuningverlichting-12v-uitbreidingsset\/","title":{"rendered":"OSRAM LEDambient TUNING LIGHTS 12V - EXTENSIESET"},"content":{"rendered":"<h2>Persoonlijke interieurstyling met flexibele LED-strips<\/h2>\n<p>Geef je voertuig een persoonlijk tintje met <span class=\"highlight\">LED-ambient TUNING LIGHTS<\/span> - de binnenverlichting waarmee je je unieke stijl kunt uitdrukken. De flexibele LED strips bieden meer dan 16 verschillende lichtkleuren en helderheden, en vijf verschillende bedrijfsmodi om uit te kiezen. Of je nu een ontspannen sfeer wilt of een meer dynamisch gevoel, de verlichting kan eenvoudig worden aangepast aan je smaak en gewenste stemming.<\/p>\n<h2>Eenvoudig te installeren en te gebruiken<\/h2>\n<p>De assemblage van <span class=\"highlight\">LED-ambient TUNING LIGHTS<\/span> is zowel snel als eenvoudig dankzij de zelfklevende LED-strips. Met de afstandsbediening kun je eenvoudig de kleurstemming kiezen die het beste bij het moment past. Voor extra gemak is het product verkrijgbaar in twee versies: <span class=\"highlight\">BASISSET<\/span> en <span class=\"highlight\">UITBREIDINGSSET<\/span>. Met de uitbreidingsset en de meegeleverde kabel en 12 V autoadapter is de installatie nog eenvoudiger. Voor de techneuten is er de optie om de stekker in het stopcontact te steken. <span class=\"highlight\">TUNING LICHT<\/span> rechtstreeks van het elektrische systeem van het voertuig, waardoor de sigarettenaansteker vrij komt voor andere doeleinden.<\/p>\n<h2>Hoge kwaliteit met garantie<\/h2>\n<p><span class=\"highlight\">OSRAM<\/span> biedt een royale garantie van 2 jaar op <span class=\"highlight\">LED-ambient TUNING LIGHTS<\/span>Dit geeft je gemoedsrust en zekerheid bij je aankoop. Houd er rekening mee dat deze producten niet ECE-goedgekeurd zijn en daarom niet op de openbare weg mogen worden gebruikt in enige vorm van externe toepassing. Bovendien zijn er in sommige landen beperkingen op de verkoop en het gebruik van deze producten. Wij raden u aan contact op te nemen met uw plaatselijke dealer voor informatie over de verkrijgbaarheid in uw regio.<\/p>\n<p>Transformeer het interieur van je auto en cre\u00eber de perfecte sfeer met <span class=\"highlight\">LED-ambient TUNING LIGHTS<\/span> - waar design en functionaliteit elkaar ontmoeten.<\/p>\n<p><span><\/p>","protected":false},"excerpt":{"rendered":"<p>Personlig Styling av Interi\u00f6ren med Flexibla LED-lister Ge ditt fordon en personlig touch med LEDambient TUNING LIGHTS \u2013 innerbelysningen som l\u00e5ter dig uttrycka din unika stil. De flexibla LED-listerna erbjuder \u00f6ver 16 olika ljusf\u00e4rger och ljusstyrkor, samt fem olika driftl\u00e4gen att v\u00e4lja mellan. Oavsett om du vill ha en avslappnad atmosf\u00e4r eller en mer dynamisk [&hellip;]<\/p>","protected":false},"featured_media":7974,"comment_status":"closed","ping_status":"open","template":"","meta":{"_acf_changed":false,"_smort_price_nok":"315","_smort_price_dkk":"200","_smort_price_eur":"26.82","_smort_sale_price_nok":"","_smort_sale_price_dkk":"","_smort_sale_price_eur":"","smort_restorder":"","shipmondo_restorder":"","_kad_blocks_custom_css":"","_kad_blocks_head_custom_js":"","_kad_blocks_body_custom_js":"","_kad_blocks_footer_custom_js":"","smort_custom_pricelist_1":"188.8","smort_custom_pricelist_2":"165.2","smort_custom_pricelist_3":"165.2","smort_custom_pricelist_4":"236","smort_custom_pricelist_5":"165.2"},"anvandningsomrade":[],"bilmarken":[],"product_brand":[108],"product_cat":[3017,338],"product_tag":[],"class_list":{"0":"post-7973","1":"product","2":"type-product","3":"status-publish","4":"has-post-thumbnail","6":"product_brand-osram","7":"product_cat-led-interiorbelysning","8":"product_cat-diodlampor","9":"pa_fargtemperatur-rgb","10":"pa_lampsockel-kontakt-cigarette-lighter-plug-cigg-uttag","11":"pa_led-chips-effekt-w-2007","12":"pa_storlek-mm-305x10x3-5","14":"first","15":"instock","16":"taxable","17":"shipping-taxable","18":"purchasable","19":"product-type-simple"},"bundled_by":[],"bundle_stock_status":"instock","bundle_stock_quantity":1,"bundle_virtual":false,"bundle_layout":"","bundle_add_to_cart_form_location":"","bundle_editable_in_cart":false,"bundle_sold_individually_context":"","bundle_item_grouping":"","bundle_min_size":"","bundle_max_size":"","bundle_price":[],"bundled_items":[],"bundle_sell_ids":[],"acf":[],"yoast_head":"<!-- This site is optimized with the Yoast SEO plugin v27.0 - https:\/\/yoast.com\/product\/yoast-seo-wordpress\/ -->\n<title>OSRAM LEDambient TUNING LIGHTS 12V - EXTENSION KIT - Xenonkungen<\/title>\n<meta name=\"robots\" content=\"index, follow, max-snippet:-1, max-image-preview:large, max-video-preview:-1\" \/>\n<link rel=\"canonical\" href=\"https:\/\/xenonkungen.com\/nl\/product\/osram-led-ambient-tuningverlichting-12v-uitbreidingsset\/\" \/>\n<meta property=\"og:locale\" content=\"nl_NL\" \/>\n<meta property=\"og:type\" content=\"article\" \/>\n<meta property=\"og:title\" content=\"OSRAM LEDambient TUNING LIGHTS 12V - EXTENSION KIT - Xenonkungen\" \/>\n<meta property=\"og:description\" content=\"Personlig Styling av Interi\u00f6ren med Flexibla LED-lister Ge ditt fordon en personlig touch med LEDambient TUNING LIGHTS \u2013 innerbelysningen som l\u00e5ter dig uttrycka din unika stil. De flexibla LED-listerna erbjuder \u00f6ver 16 olika ljusf\u00e4rger och ljusstyrkor, samt fem olika driftl\u00e4gen att v\u00e4lja mellan. Oavsett om du vill ha en avslappnad atmosf\u00e4r eller en mer dynamisk [&hellip;]\" \/>\n<meta property=\"og:url\" content=\"https:\/\/xenonkungen.com\/nl\/product\/osram-led-ambient-tuningverlichting-12v-uitbreidingsset\/\" \/>\n<meta property=\"og:site_name\" content=\"Xenonkungen\" \/>\n<meta property=\"article:modified_time\" content=\"2026-04-11T00:33:09+00:00\" \/>\n<meta property=\"og:image\" content=\"https:\/\/xenonkungen.com\/wp-content\/uploads\/2025\/04\/215211069-origpic-f55f5d.jpg\" \/>\n\t<meta property=\"og:image:width\" content=\"734\" \/>\n\t<meta property=\"og:image:height\" content=\"735\" \/>\n\t<meta property=\"og:image:type\" content=\"image\/jpeg\" \/>\n<meta name=\"twitter:card\" content=\"summary_large_image\" \/>\n<meta name=\"twitter:label1\" content=\"Geschatte leestijd\" \/>\n\t<meta name=\"twitter:data1\" content=\"1 minuut\" \/>\n<script type=\"application\/ld+json\" class=\"yoast-schema-graph\">{\"@context\":\"https:\/\/schema.org\",\"@graph\":[{\"@type\":\"WebPage\",\"@id\":\"https:\/\/xenonkungen.com\/produkt\/osram-ledambient-tuning-lights-12v-extension-kit\/\",\"url\":\"https:\/\/xenonkungen.com\/produkt\/osram-ledambient-tuning-lights-12v-extension-kit\/\",\"name\":\"OSRAM LEDambient TUNING LIGHTS 12V - EXTENSION KIT - Xenonkungen\",\"isPartOf\":{\"@id\":\"https:\/\/xenonkungen.com\/#website\"},\"primaryImageOfPage\":{\"@id\":\"https:\/\/xenonkungen.com\/produkt\/osram-ledambient-tuning-lights-12v-extension-kit\/#primaryimage\"},\"image\":{\"@id\":\"https:\/\/xenonkungen.com\/produkt\/osram-ledambient-tuning-lights-12v-extension-kit\/#primaryimage\"},\"thumbnailUrl\":\"https:\/\/xenonkungen.com\/wp-content\/uploads\/2025\/04\/215211069-origpic-f55f5d.jpg\",\"datePublished\":\"2025-04-15T10:01:11+00:00\",\"dateModified\":\"2026-04-11T00:33:09+00:00\",\"breadcrumb\":{\"@id\":\"https:\/\/xenonkungen.com\/produkt\/osram-ledambient-tuning-lights-12v-extension-kit\/#breadcrumb\"},\"inLanguage\":\"nl-NL\",\"potentialAction\":[{\"@type\":\"ReadAction\",\"target\":[\"https:\/\/xenonkungen.com\/produkt\/osram-ledambient-tuning-lights-12v-extension-kit\/\"]}]},{\"@type\":\"ImageObject\",\"inLanguage\":\"nl-NL\",\"@id\":\"https:\/\/xenonkungen.com\/produkt\/osram-ledambient-tuning-lights-12v-extension-kit\/#primaryimage\",\"url\":\"https:\/\/xenonkungen.com\/wp-content\/uploads\/2025\/04\/215211069-origpic-f55f5d.jpg\",\"contentUrl\":\"https:\/\/xenonkungen.com\/wp-content\/uploads\/2025\/04\/215211069-origpic-f55f5d.jpg\",\"width\":734,\"height\":735},{\"@type\":\"BreadcrumbList\",\"@id\":\"https:\/\/xenonkungen.com\/produkt\/osram-ledambient-tuning-lights-12v-extension-kit\/#breadcrumb\",\"itemListElement\":[{\"@type\":\"ListItem\",\"position\":1,\"name\":\"Hem\",\"item\":\"https:\/\/xenonkungen.com\/\"},{\"@type\":\"ListItem\",\"position\":2,\"name\":\"Shop\",\"item\":\"https:\/\/xenonkungen.com\/shop\/\"},{\"@type\":\"ListItem\",\"position\":3,\"name\":\"OSRAM LEDambient TUNING LIGHTS 12V &#8211; EXTENSION KIT\"}]},{\"@type\":\"WebSite\",\"@id\":\"https:\/\/xenonkungen.com\/#website\",\"url\":\"https:\/\/xenonkungen.com\/\",\"name\":\"Xenonkungen\",\"description\":\"\",\"potentialAction\":[{\"@type\":\"SearchAction\",\"target\":{\"@type\":\"EntryPoint\",\"urlTemplate\":\"https:\/\/xenonkungen.com\/?s={search_term_string}\"},\"query-input\":{\"@type\":\"PropertyValueSpecification\",\"valueRequired\":true,\"valueName\":\"search_term_string\"}}],\"inLanguage\":\"nl-NL\"}]}<\/script>\n<!-- \/ Yoast SEO plugin. -->","yoast_head_json":{"title":"OSRAM LED-ambient tuningverlichting 12V - uitbreidingsset - De Xenon-koning","robots":{"index":"index","follow":"follow","max-snippet":"max-snippet:-1","max-image-preview":"max-image-preview:large","max-video-preview":"max-video-preview:-1"},"canonical":"https:\/\/xenonkungen.com\/nl\/product\/osram-led-ambient-tuningverlichting-12v-uitbreidingsset\/","og_locale":"nl_NL","og_type":"article","og_title":"OSRAM LEDambient TUNING LIGHTS 12V - EXTENSION KIT - Xenonkungen","og_description":"Personlig Styling av Interi\u00f6ren med Flexibla LED-lister Ge ditt fordon en personlig touch med LEDambient TUNING LIGHTS \u2013 innerbelysningen som l\u00e5ter dig uttrycka din unika stil. De flexibla LED-listerna erbjuder \u00f6ver 16 olika ljusf\u00e4rger och ljusstyrkor, samt fem olika driftl\u00e4gen att v\u00e4lja mellan. Oavsett om du vill ha en avslappnad atmosf\u00e4r eller en mer dynamisk [&hellip;]","og_url":"https:\/\/xenonkungen.com\/nl\/product\/osram-led-ambient-tuningverlichting-12v-uitbreidingsset\/","og_site_name":"Xenonkungen","article_modified_time":"2026-04-11T00:33:09+00:00","og_image":[{"width":734,"height":735,"url":"https:\/\/xenonkungen.com\/wp-content\/uploads\/2025\/04\/215211069-origpic-f55f5d.jpg","type":"image\/jpeg"}],"twitter_card":"summary_large_image","twitter_misc":{"Geschatte leestijd":"1 minuut"},"schema":{"@context":"https:\/\/schema.org","@graph":[{"@type":"WebPage","@id":"https:\/\/xenonkungen.com\/produkt\/osram-ledambient-tuning-lights-12v-extension-kit\/","url":"https:\/\/xenonkungen.com\/produkt\/osram-ledambient-tuning-lights-12v-extension-kit\/","name":"OSRAM LED-ambient tuningverlichting 12V - uitbreidingsset - De Xenon-koning","isPartOf":{"@id":"https:\/\/xenonkungen.com\/#website"},"primaryImageOfPage":{"@id":"https:\/\/xenonkungen.com\/produkt\/osram-ledambient-tuning-lights-12v-extension-kit\/#primaryimage"},"image":{"@id":"https:\/\/xenonkungen.com\/produkt\/osram-ledambient-tuning-lights-12v-extension-kit\/#primaryimage"},"thumbnailUrl":"https:\/\/xenonkungen.com\/wp-content\/uploads\/2025\/04\/215211069-origpic-f55f5d.jpg","datePublished":"2025-04-15T10:01:11+00:00","dateModified":"2026-04-11T00:33:09+00:00","breadcrumb":{"@id":"https:\/\/xenonkungen.com\/produkt\/osram-ledambient-tuning-lights-12v-extension-kit\/#breadcrumb"},"inLanguage":"nl-NL","potentialAction":[{"@type":"ReadAction","target":["https:\/\/xenonkungen.com\/produkt\/osram-ledambient-tuning-lights-12v-extension-kit\/"]}]},{"@type":"ImageObject","inLanguage":"nl-NL","@id":"https:\/\/xenonkungen.com\/produkt\/osram-ledambient-tuning-lights-12v-extension-kit\/#primaryimage","url":"https:\/\/xenonkungen.com\/wp-content\/uploads\/2025\/04\/215211069-origpic-f55f5d.jpg","contentUrl":"https:\/\/xenonkungen.com\/wp-content\/uploads\/2025\/04\/215211069-origpic-f55f5d.jpg","width":734,"height":735},{"@type":"BreadcrumbList","@id":"https:\/\/xenonkungen.com\/produkt\/osram-ledambient-tuning-lights-12v-extension-kit\/#breadcrumb","itemListElement":[{"@type":"ListItem","position":1,"name":"Hem","item":"https:\/\/xenonkungen.com\/"},{"@type":"ListItem","position":2,"name":"Shop","item":"https:\/\/xenonkungen.com\/shop\/"},{"@type":"ListItem","position":3,"name":"OSRAM LEDambient TUNING LIGHTS 12V &#8211; EXTENSION KIT"}]},{"@type":"WebSite","@id":"https:\/\/xenonkungen.com\/#website","url":"https:\/\/xenonkungen.com\/","name":"Xenonkungen","description":"","potentialAction":[{"@type":"SearchAction","target":{"@type":"EntryPoint","urlTemplate":"https:\/\/xenonkungen.com\/?s={search_term_string}"},"query-input":{"@type":"PropertyValueSpecification","valueRequired":true,"valueName":"search_term_string"}}],"inLanguage":"nl-NL"}]}},"taxonomy_info":{"product_brand":[{"value":108,"label":"OSRAM"}],"product_cat":[{"value":3017,"label":"LED Interi\u00f6rbelysning (personbil)"},{"value":338,"label":"Diodlampor"}],"pa_fargtemperatur":[{"value":2008,"label":"RGB"}],"pa_lampsockel-kontakt":[{"value":2005,"label":"Cigarette lighter plug \/ cigg-uttag"}],"pa_led-chips-effekt-w":[{"value":2007,"label":"1"}],"pa_storlek-mm":[{"value":2006,"label":"305x10x3.5"}]},"featured_image_src_large":["https:\/\/xenonkungen.com\/wp-content\/uploads\/2025\/04\/215211069-origpic-f55f5d.jpg",734,735,false],"author_info":[],"comment_info":0,"_links":{"self":[{"href":"https:\/\/xenonkungen.com\/nl\/wp-json\/wp\/v2\/product\/7973","targetHints":{"allow":["GET"]}}],"collection":[{"href":"https:\/\/xenonkungen.com\/nl\/wp-json\/wp\/v2\/product"}],"about":[{"href":"https:\/\/xenonkungen.com\/nl\/wp-json\/wp\/v2\/types\/product"}],"replies":[{"embeddable":true,"href":"https:\/\/xenonkungen.com\/nl\/wp-json\/wp\/v2\/comments?post=7973"}],"wp:featuredmedia":[{"embeddable":true,"href":"https:\/\/xenonkungen.com\/nl\/wp-json\/wp\/v2\/media\/7974"}],"wp:attachment":[{"href":"https:\/\/xenonkungen.com\/nl\/wp-json\/wp\/v2\/media?parent=7973"}],"wp:term":[{"taxonomy":"anvandningsomrade","embeddable":true,"href":"https:\/\/xenonkungen.com\/nl\/wp-json\/wp\/v2\/anvandningsomrade?post=7973"},{"taxonomy":"bilmarken","embeddable":true,"href":"https:\/\/xenonkungen.com\/nl\/wp-json\/wp\/v2\/bilmarken?post=7973"},{"taxonomy":"product_brand","embeddable":true,"href":"https:\/\/xenonkungen.com\/nl\/wp-json\/wp\/v2\/product_brand?post=7973"},{"taxonomy":"product_cat","embeddable":true,"href":"https:\/\/xenonkungen.com\/nl\/wp-json\/wp\/v2\/product_cat?post=7973"},{"taxonomy":"product_tag","embeddable":true,"href":"https:\/\/xenonkungen.com\/nl\/wp-json\/wp\/v2\/product_tag?post=7973"}],"curies":[{"name":"wp","href":"https:\/\/api.w.org\/{rel}","templated":true}]}}