{"id":8105,"date":"2025-04-15T10:03:24","date_gmt":"2025-04-15T10:03:24","guid":{"rendered":"https:\/\/xenonkungen.com\/product\/ledriving-error-canceler\/"},"modified":"2026-04-11T01:32:14","modified_gmt":"2026-04-11T00:32:14","slug":"ledriving-foutonderdrukker","status":"publish","type":"product","link":"https:\/\/xenonkungen.com\/nl\/product\/ledriving-foutonderdrukker\/","title":{"rendered":"LEDriving\u00ae FOUT ANNULEREN"},"content":{"rendered":"<h1>Upgrade naar geavanceerde LED verlichting met OSRAM LEDriving ERROR CANCELER LED EC02<\/h1>\n<p>Rijd met superieure verlichting zonder u zorgen te maken over foutmeldingen met de OSRAM LEDriving ERROR CANCELER LED EC02. Dit geavanceerde accessoire-apparaat is ontworpen voor een soepele overgang van traditionele halogeenlampen naar effici\u00ebnte LED lampen op uw auto. Met OSRAM's betrouwbare technologie worden potenti\u00eble foutmeldingen die kunnen optreden bij het upgraden naar LED lampen vermeden vanwege hun lagere stroomverbruik, dat het foutdetectiemechanisme van de auto in werking kan stellen. Bovendien elimineert de LEDriving ERROR CANCELER LED EC02 het vervelende knipperen van LED lampen, waardoor een soepele en betrouwbare lichtbron ontstaat.<\/p>\n<p>Deze innovatieve oplossing is speciaal ontworpen voor 12V H7 LED lampen voor zowel grootlicht- als dimlichttoepassingen en maakt deel uit van OSRAM's gerenommeerde LEDriving assortiment. Alleen in combinatie met offici\u00eble OSRAM accessoires - LEDriving ADAPTER, LEDriving SMART CANBUS, LEDriving CAPs en LEDriving ERROR CANCELER - is onze LED verlichting goedgekeurd voor gebruik. Met een OSRAM garantie van drie jaar op alle accessoires kunt u zeker zijn van uw verlichtingsupgrade.<\/p>\n<p>Ervaar optimale prestaties en veiligheid op de weg met de OSRAM LEDriving ERROR CANCELER LED EC02 en zet de stap naar een modernere, effici\u00ebnte verlichtingsoplossing voor uw auto. Bezoek onze website voor gedetailleerde informatie over compatibiliteit en goedgekeurde accessoires voor uw specifieke automerk en model.<\/p>\n<p><img loading=\"lazy\" decoding=\"async\" src=\"https:\/\/cdn.abicart.com\/shop\/4404\/files\/Produkter\/Osram\/LEDEC02-2HFB\/Web%20publishing-AM_Icon_error_free_k.webp\" alt=\"\" width=\"84\" height=\"84\" \/> \u00a0 \u00a0 <img loading=\"lazy\" decoding=\"async\" src=\"https:\/\/cdn.abicart.com\/shop\/4404\/files\/Produkter\/Osram\/LEDEC02-2HFB\/Web%20publishing-AM_Icon_flicker%20free.webp\" alt=\"\" width=\"84\" height=\"84\" \/> \u00a0 \u00a0 <img loading=\"lazy\" decoding=\"async\" src=\"https:\/\/cdn.abicart.com\/shop\/4404\/files\/Produkter\/Osram\/LEDEC02-2HFB\/Web%20publishing-AM_Icon_Guarantee%203Y%201star.webp\" alt=\"\" width=\"84\" height=\"84\" \/> \u00a0 \u00a0 <img loading=\"lazy\" decoding=\"async\" src=\"https:\/\/cdn.abicart.com\/shop\/4404\/files\/Produkter\/Osram\/LEDEC02-2HFB\/Web%20publishing-LEDriving_DUOPACK_k.webp\" alt=\"\" width=\"84\" height=\"84\" \/><\/p>","protected":false},"excerpt":{"rendered":"<p>Uppgradera till avancerad LED-belysning med OSRAM LEDriving ERROR CANCELER LED EC02 K\u00f6r med \u00f6verl\u00e4gsen belysning utan bekymmer om felmeddelanden med OSRAM LEDriving ERROR CANCELER LED EC02. Denna avancerade tillbeh\u00f6rsenhet \u00e4r utformad f\u00f6r att s\u00e4kerst\u00e4lla smidig \u00f6verg\u00e5ng fr\u00e5n traditionella halogenlampor till effektiva LED-lampor p\u00e5 din bil. Med OSRAM:s p\u00e5litliga teknik undviks potentiella felmeddelanden som kan uppst\u00e5 [&hellip;]<\/p>","protected":false},"featured_media":8106,"comment_status":"closed","ping_status":"open","template":"","meta":{"_acf_changed":false,"_smort_price_nok":"636","_smort_price_dkk":"404","_smort_price_eur":"54.09","_smort_sale_price_nok":"","_smort_sale_price_dkk":"","_smort_sale_price_eur":"","smort_restorder":"","shipmondo_restorder":"","_kad_blocks_custom_css":"","_kad_blocks_head_custom_js":"","_kad_blocks_body_custom_js":"","_kad_blocks_footer_custom_js":"","smort_custom_pricelist_1":"380.8","smort_custom_pricelist_2":"380.8","smort_custom_pricelist_3":"361.76","smort_custom_pricelist_4":"476","smort_custom_pricelist_5":"380.8"},"anvandningsomrade":[],"bilmarken":[],"product_brand":[108],"product_cat":[2487,2841,390],"product_tag":[],"class_list":{"0":"post-8105","1":"product","2":"type-product","3":"status-publish","4":"has-post-thumbnail","6":"product_brand-osram","7":"product_cat-canbus-installation","8":"product_cat-installation-extraljus","9":"product_cat-installation","11":"first","12":"instock","13":"taxable","14":"shipping-taxable","15":"purchasable","16":"product-type-simple"},"bundled_by":[],"bundle_stock_status":"instock","bundle_stock_quantity":2,"bundle_virtual":false,"bundle_layout":"","bundle_add_to_cart_form_location":"","bundle_editable_in_cart":false,"bundle_sold_individually_context":"","bundle_item_grouping":"","bundle_min_size":"","bundle_max_size":"","bundle_price":[],"bundled_items":[],"bundle_sell_ids":[],"acf":[],"yoast_head":"<!-- This site is optimized with the Yoast SEO plugin v27.0 - https:\/\/yoast.com\/product\/yoast-seo-wordpress\/ -->\n<title>LEDriving\u00ae ERROR CANCELER - Xenonkungen<\/title>\n<meta name=\"robots\" content=\"index, follow, max-snippet:-1, max-image-preview:large, max-video-preview:-1\" \/>\n<link rel=\"canonical\" href=\"https:\/\/xenonkungen.com\/nl\/product\/ledriving-foutonderdrukker\/\" \/>\n<meta property=\"og:locale\" content=\"nl_NL\" \/>\n<meta property=\"og:type\" content=\"article\" \/>\n<meta property=\"og:title\" content=\"LEDriving\u00ae ERROR CANCELER - Xenonkungen\" \/>\n<meta property=\"og:description\" content=\"Uppgradera till avancerad LED-belysning med OSRAM LEDriving ERROR CANCELER LED EC02 K\u00f6r med \u00f6verl\u00e4gsen belysning utan bekymmer om felmeddelanden med OSRAM LEDriving ERROR CANCELER LED EC02. Denna avancerade tillbeh\u00f6rsenhet \u00e4r utformad f\u00f6r att s\u00e4kerst\u00e4lla smidig \u00f6verg\u00e5ng fr\u00e5n traditionella halogenlampor till effektiva LED-lampor p\u00e5 din bil. Med OSRAM:s p\u00e5litliga teknik undviks potentiella felmeddelanden som kan uppst\u00e5 [&hellip;]\" \/>\n<meta property=\"og:url\" content=\"https:\/\/xenonkungen.com\/nl\/product\/ledriving-foutonderdrukker\/\" \/>\n<meta property=\"og:site_name\" content=\"Xenonkungen\" \/>\n<meta property=\"article:modified_time\" content=\"2026-04-11T00:32:14+00:00\" \/>\n<meta property=\"og:image\" content=\"https:\/\/xenonkungen.com\/wp-content\/uploads\/2025\/04\/216552345-origpic-11d6d1.jpg\" \/>\n\t<meta property=\"og:image:width\" content=\"1024\" \/>\n\t<meta property=\"og:image:height\" content=\"1024\" \/>\n\t<meta property=\"og:image:type\" content=\"image\/jpeg\" \/>\n<meta name=\"twitter:card\" content=\"summary_large_image\" \/>\n<meta name=\"twitter:label1\" content=\"Geschatte leestijd\" \/>\n\t<meta name=\"twitter:data1\" content=\"1 minuut\" \/>\n<script type=\"application\/ld+json\" class=\"yoast-schema-graph\">{\"@context\":\"https:\/\/schema.org\",\"@graph\":[{\"@type\":\"WebPage\",\"@id\":\"https:\/\/xenonkungen.com\/produkt\/ledriving-error-canceler\/\",\"url\":\"https:\/\/xenonkungen.com\/produkt\/ledriving-error-canceler\/\",\"name\":\"LEDriving\u00ae ERROR CANCELER - Xenonkungen\",\"isPartOf\":{\"@id\":\"https:\/\/xenonkungen.com\/#website\"},\"primaryImageOfPage\":{\"@id\":\"https:\/\/xenonkungen.com\/produkt\/ledriving-error-canceler\/#primaryimage\"},\"image\":{\"@id\":\"https:\/\/xenonkungen.com\/produkt\/ledriving-error-canceler\/#primaryimage\"},\"thumbnailUrl\":\"https:\/\/xenonkungen.com\/wp-content\/uploads\/2025\/04\/216552345-origpic-11d6d1.jpg\",\"datePublished\":\"2025-04-15T10:03:24+00:00\",\"dateModified\":\"2026-04-11T00:32:14+00:00\",\"breadcrumb\":{\"@id\":\"https:\/\/xenonkungen.com\/produkt\/ledriving-error-canceler\/#breadcrumb\"},\"inLanguage\":\"nl-NL\",\"potentialAction\":[{\"@type\":\"ReadAction\",\"target\":[\"https:\/\/xenonkungen.com\/produkt\/ledriving-error-canceler\/\"]}]},{\"@type\":\"ImageObject\",\"inLanguage\":\"nl-NL\",\"@id\":\"https:\/\/xenonkungen.com\/produkt\/ledriving-error-canceler\/#primaryimage\",\"url\":\"https:\/\/xenonkungen.com\/wp-content\/uploads\/2025\/04\/216552345-origpic-11d6d1.jpg\",\"contentUrl\":\"https:\/\/xenonkungen.com\/wp-content\/uploads\/2025\/04\/216552345-origpic-11d6d1.jpg\",\"width\":1024,\"height\":1024},{\"@type\":\"BreadcrumbList\",\"@id\":\"https:\/\/xenonkungen.com\/produkt\/ledriving-error-canceler\/#breadcrumb\",\"itemListElement\":[{\"@type\":\"ListItem\",\"position\":1,\"name\":\"Hem\",\"item\":\"https:\/\/xenonkungen.com\/\"},{\"@type\":\"ListItem\",\"position\":2,\"name\":\"Shop\",\"item\":\"https:\/\/xenonkungen.com\/shop\/\"},{\"@type\":\"ListItem\",\"position\":3,\"name\":\"LEDriving\u00ae ERROR CANCELER\"}]},{\"@type\":\"WebSite\",\"@id\":\"https:\/\/xenonkungen.com\/#website\",\"url\":\"https:\/\/xenonkungen.com\/\",\"name\":\"Xenonkungen\",\"description\":\"\",\"potentialAction\":[{\"@type\":\"SearchAction\",\"target\":{\"@type\":\"EntryPoint\",\"urlTemplate\":\"https:\/\/xenonkungen.com\/?s={search_term_string}\"},\"query-input\":{\"@type\":\"PropertyValueSpecification\",\"valueRequired\":true,\"valueName\":\"search_term_string\"}}],\"inLanguage\":\"nl-NL\"}]}<\/script>\n<!-- \/ Yoast SEO plugin. -->","yoast_head_json":{"title":"LEDriving\u00ae FOUTONDERDRUKKER - De Xenon-koning","robots":{"index":"index","follow":"follow","max-snippet":"max-snippet:-1","max-image-preview":"max-image-preview:large","max-video-preview":"max-video-preview:-1"},"canonical":"https:\/\/xenonkungen.com\/nl\/product\/ledriving-foutonderdrukker\/","og_locale":"nl_NL","og_type":"article","og_title":"LEDriving\u00ae ERROR CANCELER - Xenonkungen","og_description":"Uppgradera till avancerad LED-belysning med OSRAM LEDriving ERROR CANCELER LED EC02 K\u00f6r med \u00f6verl\u00e4gsen belysning utan bekymmer om felmeddelanden med OSRAM LEDriving ERROR CANCELER LED EC02. Denna avancerade tillbeh\u00f6rsenhet \u00e4r utformad f\u00f6r att s\u00e4kerst\u00e4lla smidig \u00f6verg\u00e5ng fr\u00e5n traditionella halogenlampor till effektiva LED-lampor p\u00e5 din bil. Med OSRAM:s p\u00e5litliga teknik undviks potentiella felmeddelanden som kan uppst\u00e5 [&hellip;]","og_url":"https:\/\/xenonkungen.com\/nl\/product\/ledriving-foutonderdrukker\/","og_site_name":"Xenonkungen","article_modified_time":"2026-04-11T00:32:14+00:00","og_image":[{"width":1024,"height":1024,"url":"https:\/\/xenonkungen.com\/wp-content\/uploads\/2025\/04\/216552345-origpic-11d6d1.jpg","type":"image\/jpeg"}],"twitter_card":"summary_large_image","twitter_misc":{"Geschatte leestijd":"1 minuut"},"schema":{"@context":"https:\/\/schema.org","@graph":[{"@type":"WebPage","@id":"https:\/\/xenonkungen.com\/produkt\/ledriving-error-canceler\/","url":"https:\/\/xenonkungen.com\/produkt\/ledriving-error-canceler\/","name":"LEDriving\u00ae FOUTONDERDRUKKER - De Xenon-koning","isPartOf":{"@id":"https:\/\/xenonkungen.com\/#website"},"primaryImageOfPage":{"@id":"https:\/\/xenonkungen.com\/produkt\/ledriving-error-canceler\/#primaryimage"},"image":{"@id":"https:\/\/xenonkungen.com\/produkt\/ledriving-error-canceler\/#primaryimage"},"thumbnailUrl":"https:\/\/xenonkungen.com\/wp-content\/uploads\/2025\/04\/216552345-origpic-11d6d1.jpg","datePublished":"2025-04-15T10:03:24+00:00","dateModified":"2026-04-11T00:32:14+00:00","breadcrumb":{"@id":"https:\/\/xenonkungen.com\/produkt\/ledriving-error-canceler\/#breadcrumb"},"inLanguage":"nl-NL","potentialAction":[{"@type":"ReadAction","target":["https:\/\/xenonkungen.com\/produkt\/ledriving-error-canceler\/"]}]},{"@type":"ImageObject","inLanguage":"nl-NL","@id":"https:\/\/xenonkungen.com\/produkt\/ledriving-error-canceler\/#primaryimage","url":"https:\/\/xenonkungen.com\/wp-content\/uploads\/2025\/04\/216552345-origpic-11d6d1.jpg","contentUrl":"https:\/\/xenonkungen.com\/wp-content\/uploads\/2025\/04\/216552345-origpic-11d6d1.jpg","width":1024,"height":1024},{"@type":"BreadcrumbList","@id":"https:\/\/xenonkungen.com\/produkt\/ledriving-error-canceler\/#breadcrumb","itemListElement":[{"@type":"ListItem","position":1,"name":"Hem","item":"https:\/\/xenonkungen.com\/"},{"@type":"ListItem","position":2,"name":"Shop","item":"https:\/\/xenonkungen.com\/shop\/"},{"@type":"ListItem","position":3,"name":"LEDriving\u00ae ERROR CANCELER"}]},{"@type":"WebSite","@id":"https:\/\/xenonkungen.com\/#website","url":"https:\/\/xenonkungen.com\/","name":"Xenonkungen","description":"","potentialAction":[{"@type":"SearchAction","target":{"@type":"EntryPoint","urlTemplate":"https:\/\/xenonkungen.com\/?s={search_term_string}"},"query-input":{"@type":"PropertyValueSpecification","valueRequired":true,"valueName":"search_term_string"}}],"inLanguage":"nl-NL"}]}},"taxonomy_info":{"product_brand":[{"value":108,"label":"OSRAM"}],"product_cat":[{"value":2487,"label":"Canbus"},{"value":2841,"label":"Installation extraljus"},{"value":390,"label":"Installation"}]},"featured_image_src_large":["https:\/\/xenonkungen.com\/wp-content\/uploads\/2025\/04\/216552345-origpic-11d6d1.jpg",1024,1024,false],"author_info":[],"comment_info":1,"_links":{"self":[{"href":"https:\/\/xenonkungen.com\/nl\/wp-json\/wp\/v2\/product\/8105","targetHints":{"allow":["GET"]}}],"collection":[{"href":"https:\/\/xenonkungen.com\/nl\/wp-json\/wp\/v2\/product"}],"about":[{"href":"https:\/\/xenonkungen.com\/nl\/wp-json\/wp\/v2\/types\/product"}],"replies":[{"embeddable":true,"href":"https:\/\/xenonkungen.com\/nl\/wp-json\/wp\/v2\/comments?post=8105"}],"wp:featuredmedia":[{"embeddable":true,"href":"https:\/\/xenonkungen.com\/nl\/wp-json\/wp\/v2\/media\/8106"}],"wp:attachment":[{"href":"https:\/\/xenonkungen.com\/nl\/wp-json\/wp\/v2\/media?parent=8105"}],"wp:term":[{"taxonomy":"anvandningsomrade","embeddable":true,"href":"https:\/\/xenonkungen.com\/nl\/wp-json\/wp\/v2\/anvandningsomrade?post=8105"},{"taxonomy":"bilmarken","embeddable":true,"href":"https:\/\/xenonkungen.com\/nl\/wp-json\/wp\/v2\/bilmarken?post=8105"},{"taxonomy":"product_brand","embeddable":true,"href":"https:\/\/xenonkungen.com\/nl\/wp-json\/wp\/v2\/product_brand?post=8105"},{"taxonomy":"product_cat","embeddable":true,"href":"https:\/\/xenonkungen.com\/nl\/wp-json\/wp\/v2\/product_cat?post=8105"},{"taxonomy":"product_tag","embeddable":true,"href":"https:\/\/xenonkungen.com\/nl\/wp-json\/wp\/v2\/product_tag?post=8105"}],"curies":[{"name":"wp","href":"https:\/\/api.w.org\/{rel}","templated":true}]}}