{"id":8131,"date":"2025-04-15T10:03:44","date_gmt":"2025-04-15T10:03:44","guid":{"rendered":"https:\/\/xenonkungen.com\/product\/ledriving-dynamiska-spegelblinkers-vw-golf-vi-white-edition\/"},"modified":"2026-04-11T01:32:02","modified_gmt":"2026-04-11T00:32:02","slug":"ledriving-dynamische-spiegelknipperlichten-vw-golf-vi-white-edition","status":"publish","type":"product","link":"https:\/\/xenonkungen.com\/nl\/product\/ledriving-dynamische-spiegelknipperlichten-vw-golf-vi-white-edition\/","title":{"rendered":"LEDriving\u00ae Dynamische Spiegel Richtingaanwijzers - VW Golf VI - Editie Wit"},"content":{"rendered":"<p>OSRAM LEDriving dynamische buitenspiegelknipperlichten <\/p>\n<p><strong>Innovatief en up-to-date<\/strong><\/p>\n<p>Gedreven door ons streven naar innovatie en kwaliteit, herdefini\u00ebren we de autoverlichting van OSRAM. Samen met LED dynamische spiegelindicatoren heeft de uitgebreide OSRAM LED portefeuille een verdere upgrade gekregen. Deze volledig dynamische LED spiegelindicatoren bieden een innovatief design dat uw individueel uiterlijk op indrukwekkende wijze aanvult. Ze scoren op basis van innovatieve krachtige LED's met tot 200% meer helderheid) en een indrukwekkend hoog contrast overdag en 's nachts door intens geel LED licht). <\/p>\n<p>Dankzij de laatste lichtreguleringstechnologie bieden deze ook een homogene lichtspreiding over het te verlichten oppervlak. Als gevolg van al deze aspecten is het mogelijk dat tegenliggers uw voertuig beter waarnemen en zo de veiligheid in het wegverkeer verhogen. (Bovendien geeft OSRAM 5 jaar garantie3)<\/p>\n<p><strong>Hoge compatibiliteit en aangepast ontwerp<\/strong><\/p>\n<p>LED dynamische spiegelknipperlichten worden niet alleen gekenmerkt door hun innovatieve verlichtingstechnologie, maar ook door een hoge mate van compatibiliteit. Ze zijn dus compatibel met een grote verscheidenheid aan voertuigmodellen. Er zijn ook twee varianten om uit te kiezen: BLACK EDITION of WHITE EDITION - beide zijn ontworpen om de individuele stijl van veel voertuigen effectief naar voren te brengen. Terwijl de BLACK edition indruk maakt met een getint, zwart design, heeft de WHITE edition een helder en wit design. Dankzij de twee verschillende versies passen de dynamische LED-knipperlichten perfect bij het exterieur van een breed scala aan voertuigen.<\/p>\n<p><strong>ECE-gecertificeerd en eenvoudige conversie<\/strong><\/p>\n<p>Het voertuig volledig legaal, op een eenvoudige en uiterst elegante manier accentueren met opvallende accenten is nu zeer eenvoudig met de laatste OSRAM innovaties. Volgens ECE richtlijnen werden de nodige tests en goedkeuringen uitgevoerd op LEDriving dynamische spiegelindicatoren, wat betekent dat deze volledig legaal zijn in het wegverkeer en dat het niet nodig is deze te registreren in de voertuigdocumenten. ECE-gecertificeerd volgens ECE R6\/R10.<br \/>De Plug &amp; Play technologie zorgt voor een snelle en ongecompliceerde installatie van LEDriving dynamische spiegelindicatoren, bestaande kabels hoeven niet vervangen of beschadigd te worden.<br \/>Geteste OSRAM kwaliteit volgens DIN EN ISO \/ IEC 17025<\/p>\n<p>LEDriving dynamische spiegelindicator is getest in ons DIN-gecertificeerde omgevingssimulatielaboratorium voor extreme externe invloeden op het gebied van water, stof, koude en warme temperaturen, UV-licht en permanente trillingen en gevalideerd met IP-beschermingsklasse IP6K9K.<\/p>\n<p><strong>Schakel de WOW in met OSRAM LEDriving dynamische spiegelindicatoren<\/strong><\/p>\n<p><strong>Geschikt voor<\/strong><br \/>VW Golf VI (10\/2008-08\/2012)<br \/>VW Touran I (5\/2010-05\/2015)<\/p>\n<p>Osram onderdeelnummer: LEDDMI 5K0 WT S<\/p>\n<p><strong>Witte Editie<\/p>\n<p>Garantie 5 jaar<\/strong><\/p>\n<p><iframe loading=\"lazy\" frameborder=\"0\" height=\"315\" allow=\"accelerometer; autoplay; encrypted-media; gyroscope; picture-in-picture\" src=\"https:\/\/www.youtube.com\/embed\/TCTduuw_ffc\" width=\"560\" allowfullscreen=\"allowfullscreen\"><\/iframe><\/p>","protected":false},"excerpt":{"rendered":"<p>Dynamische Spiegel Richtingaanwijzer van Osram! Geeft je auto een mooiere look en verhoogt tegelijkertijd de veiligheid in het verkeer!<\/p>","protected":false},"featured_media":8132,"comment_status":"closed","ping_status":"closed","template":"","meta":{"_acf_changed":false,"_smort_price_nok":"1976","_smort_price_dkk":"1255","_smort_price_eur":"168.17","_smort_sale_price_nok":"","_smort_sale_price_dkk":"","_smort_sale_price_eur":"","smort_restorder":"","shipmondo_restorder":"","_kad_blocks_custom_css":"","_kad_blocks_head_custom_js":"","_kad_blocks_body_custom_js":"","_kad_blocks_footer_custom_js":"","smort_custom_pricelist_1":"1184","smort_custom_pricelist_2":"1184","smort_custom_pricelist_3":"1124.8","smort_custom_pricelist_4":"1480","smort_custom_pricelist_5":"1184"},"anvandningsomrade":[],"bilmarken":[],"product_brand":[108],"product_cat":[2644,338],"product_tag":[],"class_list":{"0":"post-8131","1":"product","2":"type-product","3":"status-publish","4":"has-post-thumbnail","6":"product_brand-osram","7":"product_cat-dynamiska-spegelblinkers","8":"product_cat-diodlampor","9":"pa_fuktskydd-varde-ipxx-ip69","10":"pa_godkannande-ece-r7-ece-r10","11":"pa_lampsockel-kontakt-plug-and-play-pnp","12":"pa_volt-v-159","14":"first","15":"instock","16":"taxable","17":"shipping-taxable","18":"purchasable","19":"product-type-simple"},"bundled_by":[],"bundle_stock_status":"instock","bundle_stock_quantity":1,"bundle_virtual":false,"bundle_layout":"","bundle_add_to_cart_form_location":"","bundle_editable_in_cart":false,"bundle_sold_individually_context":"","bundle_item_grouping":"","bundle_min_size":"","bundle_max_size":"","bundle_price":[],"bundled_items":[],"bundle_sell_ids":[],"acf":[],"yoast_head":"<!-- This site is optimized with the Yoast SEO plugin v27.0 - https:\/\/yoast.com\/product\/yoast-seo-wordpress\/ -->\n<title>LEDriving\u00ae Dynamiska spegelblinkers - VW Golf VI - White Edition - Xenonkungen<\/title>\n<meta name=\"robots\" content=\"index, follow, max-snippet:-1, max-image-preview:large, max-video-preview:-1\" \/>\n<link rel=\"canonical\" href=\"https:\/\/xenonkungen.com\/nl\/product\/ledriving-dynamische-spiegelknipperlichten-vw-golf-vi-white-edition\/\" \/>\n<meta property=\"og:locale\" content=\"nl_NL\" \/>\n<meta property=\"og:type\" content=\"article\" \/>\n<meta property=\"og:title\" content=\"LEDriving\u00ae Dynamiska spegelblinkers - VW Golf VI - White Edition - Xenonkungen\" \/>\n<meta property=\"og:description\" content=\"Dynamisk Spegelblinkers ifr\u00e5n Osram! Ger er bil ett snyggare utseende, samtidigt som det h\u00f6jer s\u00e4kerheten i trafiken!\" \/>\n<meta property=\"og:url\" content=\"https:\/\/xenonkungen.com\/nl\/product\/ledriving-dynamische-spiegelknipperlichten-vw-golf-vi-white-edition\/\" \/>\n<meta property=\"og:site_name\" content=\"Xenonkungen\" \/>\n<meta property=\"article:modified_time\" content=\"2026-04-11T00:32:02+00:00\" \/>\n<meta property=\"og:image\" content=\"https:\/\/xenonkungen.com\/wp-content\/uploads\/2025\/04\/178098027-origpic-89e1dd.jpg\" \/>\n\t<meta property=\"og:image:width\" content=\"900\" \/>\n\t<meta property=\"og:image:height\" content=\"900\" \/>\n\t<meta property=\"og:image:type\" content=\"image\/jpeg\" \/>\n<meta name=\"twitter:card\" content=\"summary_large_image\" \/>\n<meta name=\"twitter:label1\" content=\"Geschatte leestijd\" \/>\n\t<meta name=\"twitter:data1\" content=\"2 minuten\" \/>\n<script type=\"application\/ld+json\" class=\"yoast-schema-graph\">{\"@context\":\"https:\/\/schema.org\",\"@graph\":[{\"@type\":\"WebPage\",\"@id\":\"https:\/\/xenonkungen.com\/produkt\/ledriving-dynamiska-spegelblinkers-vw-golf-vi-white-edition\/\",\"url\":\"https:\/\/xenonkungen.com\/produkt\/ledriving-dynamiska-spegelblinkers-vw-golf-vi-white-edition\/\",\"name\":\"LEDriving\u00ae Dynamiska spegelblinkers - VW Golf VI - White Edition - Xenonkungen\",\"isPartOf\":{\"@id\":\"https:\/\/xenonkungen.com\/#website\"},\"primaryImageOfPage\":{\"@id\":\"https:\/\/xenonkungen.com\/produkt\/ledriving-dynamiska-spegelblinkers-vw-golf-vi-white-edition\/#primaryimage\"},\"image\":{\"@id\":\"https:\/\/xenonkungen.com\/produkt\/ledriving-dynamiska-spegelblinkers-vw-golf-vi-white-edition\/#primaryimage\"},\"thumbnailUrl\":\"https:\/\/xenonkungen.com\/wp-content\/uploads\/2025\/04\/178098027-origpic-89e1dd.jpg\",\"datePublished\":\"2025-04-15T10:03:44+00:00\",\"dateModified\":\"2026-04-11T00:32:02+00:00\",\"breadcrumb\":{\"@id\":\"https:\/\/xenonkungen.com\/produkt\/ledriving-dynamiska-spegelblinkers-vw-golf-vi-white-edition\/#breadcrumb\"},\"inLanguage\":\"nl-NL\",\"potentialAction\":[{\"@type\":\"ReadAction\",\"target\":[\"https:\/\/xenonkungen.com\/produkt\/ledriving-dynamiska-spegelblinkers-vw-golf-vi-white-edition\/\"]}]},{\"@type\":\"ImageObject\",\"inLanguage\":\"nl-NL\",\"@id\":\"https:\/\/xenonkungen.com\/produkt\/ledriving-dynamiska-spegelblinkers-vw-golf-vi-white-edition\/#primaryimage\",\"url\":\"https:\/\/xenonkungen.com\/wp-content\/uploads\/2025\/04\/178098027-origpic-89e1dd.jpg\",\"contentUrl\":\"https:\/\/xenonkungen.com\/wp-content\/uploads\/2025\/04\/178098027-origpic-89e1dd.jpg\",\"width\":900,\"height\":900},{\"@type\":\"BreadcrumbList\",\"@id\":\"https:\/\/xenonkungen.com\/produkt\/ledriving-dynamiska-spegelblinkers-vw-golf-vi-white-edition\/#breadcrumb\",\"itemListElement\":[{\"@type\":\"ListItem\",\"position\":1,\"name\":\"Hem\",\"item\":\"https:\/\/xenonkungen.com\/\"},{\"@type\":\"ListItem\",\"position\":2,\"name\":\"Shop\",\"item\":\"https:\/\/xenonkungen.com\/shop\/\"},{\"@type\":\"ListItem\",\"position\":3,\"name\":\"LEDriving\u00ae Dynamiska spegelblinkers &#8211; VW Golf VI &#8211; White Edition\"}]},{\"@type\":\"WebSite\",\"@id\":\"https:\/\/xenonkungen.com\/#website\",\"url\":\"https:\/\/xenonkungen.com\/\",\"name\":\"Xenonkungen\",\"description\":\"\",\"potentialAction\":[{\"@type\":\"SearchAction\",\"target\":{\"@type\":\"EntryPoint\",\"urlTemplate\":\"https:\/\/xenonkungen.com\/?s={search_term_string}\"},\"query-input\":{\"@type\":\"PropertyValueSpecification\",\"valueRequired\":true,\"valueName\":\"search_term_string\"}}],\"inLanguage\":\"nl-NL\"}]}<\/script>\n<!-- \/ Yoast SEO plugin. -->","yoast_head_json":{"title":"LEDriving\u00ae Dynamische richtingaanwijzers in de spiegels - VW Golf VI - White Edition - Xenonkungen","robots":{"index":"index","follow":"follow","max-snippet":"max-snippet:-1","max-image-preview":"max-image-preview:large","max-video-preview":"max-video-preview:-1"},"canonical":"https:\/\/xenonkungen.com\/nl\/product\/ledriving-dynamische-spiegelknipperlichten-vw-golf-vi-white-edition\/","og_locale":"nl_NL","og_type":"article","og_title":"LEDriving\u00ae Dynamiska spegelblinkers - VW Golf VI - White Edition - Xenonkungen","og_description":"Dynamisk Spegelblinkers ifr\u00e5n Osram! Ger er bil ett snyggare utseende, samtidigt som det h\u00f6jer s\u00e4kerheten i trafiken!","og_url":"https:\/\/xenonkungen.com\/nl\/product\/ledriving-dynamische-spiegelknipperlichten-vw-golf-vi-white-edition\/","og_site_name":"Xenonkungen","article_modified_time":"2026-04-11T00:32:02+00:00","og_image":[{"width":900,"height":900,"url":"https:\/\/xenonkungen.com\/wp-content\/uploads\/2025\/04\/178098027-origpic-89e1dd.jpg","type":"image\/jpeg"}],"twitter_card":"summary_large_image","twitter_misc":{"Geschatte leestijd":"2 minuten"},"schema":{"@context":"https:\/\/schema.org","@graph":[{"@type":"WebPage","@id":"https:\/\/xenonkungen.com\/produkt\/ledriving-dynamiska-spegelblinkers-vw-golf-vi-white-edition\/","url":"https:\/\/xenonkungen.com\/produkt\/ledriving-dynamiska-spegelblinkers-vw-golf-vi-white-edition\/","name":"LEDriving\u00ae Dynamische richtingaanwijzers in de spiegels - VW Golf VI - White Edition - Xenonkungen","isPartOf":{"@id":"https:\/\/xenonkungen.com\/#website"},"primaryImageOfPage":{"@id":"https:\/\/xenonkungen.com\/produkt\/ledriving-dynamiska-spegelblinkers-vw-golf-vi-white-edition\/#primaryimage"},"image":{"@id":"https:\/\/xenonkungen.com\/produkt\/ledriving-dynamiska-spegelblinkers-vw-golf-vi-white-edition\/#primaryimage"},"thumbnailUrl":"https:\/\/xenonkungen.com\/wp-content\/uploads\/2025\/04\/178098027-origpic-89e1dd.jpg","datePublished":"2025-04-15T10:03:44+00:00","dateModified":"2026-04-11T00:32:02+00:00","breadcrumb":{"@id":"https:\/\/xenonkungen.com\/produkt\/ledriving-dynamiska-spegelblinkers-vw-golf-vi-white-edition\/#breadcrumb"},"inLanguage":"nl-NL","potentialAction":[{"@type":"ReadAction","target":["https:\/\/xenonkungen.com\/produkt\/ledriving-dynamiska-spegelblinkers-vw-golf-vi-white-edition\/"]}]},{"@type":"ImageObject","inLanguage":"nl-NL","@id":"https:\/\/xenonkungen.com\/produkt\/ledriving-dynamiska-spegelblinkers-vw-golf-vi-white-edition\/#primaryimage","url":"https:\/\/xenonkungen.com\/wp-content\/uploads\/2025\/04\/178098027-origpic-89e1dd.jpg","contentUrl":"https:\/\/xenonkungen.com\/wp-content\/uploads\/2025\/04\/178098027-origpic-89e1dd.jpg","width":900,"height":900},{"@type":"BreadcrumbList","@id":"https:\/\/xenonkungen.com\/produkt\/ledriving-dynamiska-spegelblinkers-vw-golf-vi-white-edition\/#breadcrumb","itemListElement":[{"@type":"ListItem","position":1,"name":"Hem","item":"https:\/\/xenonkungen.com\/"},{"@type":"ListItem","position":2,"name":"Shop","item":"https:\/\/xenonkungen.com\/shop\/"},{"@type":"ListItem","position":3,"name":"LEDriving\u00ae Dynamiska spegelblinkers &#8211; VW Golf VI &#8211; White Edition"}]},{"@type":"WebSite","@id":"https:\/\/xenonkungen.com\/#website","url":"https:\/\/xenonkungen.com\/","name":"Xenonkungen","description":"","potentialAction":[{"@type":"SearchAction","target":{"@type":"EntryPoint","urlTemplate":"https:\/\/xenonkungen.com\/?s={search_term_string}"},"query-input":{"@type":"PropertyValueSpecification","valueRequired":true,"valueName":"search_term_string"}}],"inLanguage":"nl-NL"}]}},"taxonomy_info":{"product_brand":[{"value":108,"label":"OSRAM"}],"product_cat":[{"value":2644,"label":"Dynamiska spegelblinkers"},{"value":338,"label":"Diodlampor"}],"pa_fuktskydd-varde-ipxx":[{"value":960,"label":"IP69"}],"pa_godkannande":[{"value":2033,"label":"ECE R7 , ECE R10"}],"pa_lampsockel-kontakt":[{"value":2032,"label":"Plug and Play (PnP)"}],"pa_volt-v":[{"value":159,"label":"12"}]},"featured_image_src_large":["https:\/\/xenonkungen.com\/wp-content\/uploads\/2025\/04\/178098027-origpic-89e1dd.jpg",900,900,false],"author_info":[],"comment_info":0,"_links":{"self":[{"href":"https:\/\/xenonkungen.com\/nl\/wp-json\/wp\/v2\/product\/8131","targetHints":{"allow":["GET"]}}],"collection":[{"href":"https:\/\/xenonkungen.com\/nl\/wp-json\/wp\/v2\/product"}],"about":[{"href":"https:\/\/xenonkungen.com\/nl\/wp-json\/wp\/v2\/types\/product"}],"replies":[{"embeddable":true,"href":"https:\/\/xenonkungen.com\/nl\/wp-json\/wp\/v2\/comments?post=8131"}],"wp:featuredmedia":[{"embeddable":true,"href":"https:\/\/xenonkungen.com\/nl\/wp-json\/wp\/v2\/media\/8132"}],"wp:attachment":[{"href":"https:\/\/xenonkungen.com\/nl\/wp-json\/wp\/v2\/media?parent=8131"}],"wp:term":[{"taxonomy":"anvandningsomrade","embeddable":true,"href":"https:\/\/xenonkungen.com\/nl\/wp-json\/wp\/v2\/anvandningsomrade?post=8131"},{"taxonomy":"bilmarken","embeddable":true,"href":"https:\/\/xenonkungen.com\/nl\/wp-json\/wp\/v2\/bilmarken?post=8131"},{"taxonomy":"product_brand","embeddable":true,"href":"https:\/\/xenonkungen.com\/nl\/wp-json\/wp\/v2\/product_brand?post=8131"},{"taxonomy":"product_cat","embeddable":true,"href":"https:\/\/xenonkungen.com\/nl\/wp-json\/wp\/v2\/product_cat?post=8131"},{"taxonomy":"product_tag","embeddable":true,"href":"https:\/\/xenonkungen.com\/nl\/wp-json\/wp\/v2\/product_tag?post=8131"}],"curies":[{"name":"wp","href":"https:\/\/api.w.org\/{rel}","templated":true}]}}