{"id":8259,"date":"2025-04-15T10:05:08","date_gmt":"2025-04-15T10:05:08","guid":{"rendered":"https:\/\/xenonkungen.com\/product\/interior-led-list-100mmivory\/"},"modified":"2026-04-11T00:50:59","modified_gmt":"2026-04-10T23:50:59","slug":"led-strip-voor-binnengebruik-100-mm-ivoor","status":"publish","type":"product","link":"https:\/\/xenonkungen.com\/nl\/product\/led-strip-voor-binnengebruik-100-mm-ivoor\/","title":{"rendered":"Interieur LED strip 100mm Ivoor"},"content":{"rendered":"<h1>Elegante Ivoor\/Zacht Witte LED Binnenverlichting<\/h1>\n<p>Deze opvallende <strong>Slanke 12V LED interieurverlichting<\/strong> is de ultieme oplossing voor wie op zoek is naar een subtiele maar effectieve verlichtingsoplossing voor zijn voertuig. Met zijn zachte ivoor\/zachtwitte kleur en slanke ontwerp is hij perfect om een verwelkomende en rustgevende sfeer te cre\u00ebren in zowel het interieur als het exterieur van het voertuig. Dankzij de minimalistische afmetingen, slechts 10 mm hoog en 25 mm breed, kan de lamp probleemloos worden ge\u00efnstalleerd in verschillende voertuigtypen zonder opdringerig te zijn.<\/p>\n<h2>Specificaties:<\/h2>\n<ul>\n<li>Afmetingen: 10mm hoogte x 25mm breedte<\/li>\n<li>Constructie: Robuust ABS-montuur met een optisch geavanceerde polycarbonaatlens<\/li>\n<li>Kleurtemperatuur: Ivoor\/Zacht wit<\/li>\n<li>Lichtspreiding: 120 graden voor optimale verlichting<\/li>\n<li>IP67-classificatie garandeert schok- en trillingsbestendigheid, volledige onderdompeling en bescherming tegen kortsluiting<\/li>\n<\/ul>\n<h2>Kenmerken en voordelen:<\/h2>\n<p>Deze LED interieurlamp is niet alleen esthetisch mooi, maar biedt ook geavanceerde LED-technologie voor effici\u00ebnte en energiebesparende verlichting. De polycarbonaat lens met optische eigenschappen zorgt voor een optimale lichtstroom, perfect voor het benadrukken van verschillende details van het interieur of exterieur van het voertuig. Ideaal voor gebruik in alle soorten voertuigen, van werkvoertuigen tot caravans en servicevoertuigen, waar een betrouwbare en duurzame verlichtingsoplossing nodig is.<\/p>\n<p>Dankzij de flexibele montagemogelijkheden past deze LED-lamp zich gemakkelijk aan uw specifieke behoeften en ontwerpvoorkeuren aan, waardoor het een onmisbare upgrade voor uw voertuig is. Het slanke en discrete ontwerp past bij het uiterlijk van je voertuig en biedt een praktische en nuttige lichtbron waar je die het meest nodig hebt.<\/p>","protected":false},"excerpt":{"rendered":"<p>Elegant Ivory\/Soft White LED Interi\u00f6rbelysning Denna distinkta Slim 12V LED interi\u00f6rbelysning \u00e4r den ultimata l\u00f6sningen f\u00f6r de som s\u00f6ker en subtil men effektiv belysningsl\u00f6sning f\u00f6r sitt fordon. Med dess mjuka Ivory\/Soft White f\u00e4rg och slanka design \u00e4r den perfekt f\u00f6r att skapa en v\u00e4lkomnande och lugnande atmosf\u00e4r inom b\u00e5de interi\u00f6ra och exteri\u00f6ra omr\u00e5den p\u00e5 fordonet. [&hellip;]<\/p>","protected":false},"featured_media":8260,"comment_status":"closed","ping_status":"open","template":"","meta":{"_acf_changed":false,"_smort_price_nok":"235","_smort_price_dkk":"149","_smort_price_eur":"20","_smort_sale_price_nok":"","_smort_sale_price_dkk":"","_smort_sale_price_eur":"","smort_restorder":"","shipmondo_restorder":"","_kad_blocks_custom_css":"","_kad_blocks_head_custom_js":"","_kad_blocks_body_custom_js":"","_kad_blocks_footer_custom_js":"","smort_custom_pricelist_1":"123.2","smort_custom_pricelist_2":"123.2","smort_custom_pricelist_3":"117.04","smort_custom_pricelist_4":"176","smort_custom_pricelist_5":"123.2"},"anvandningsomrade":[166,238,2816],"bilmarken":[],"product_brand":[1252],"product_cat":[2586],"product_tag":[],"class_list":{"0":"post-8259","1":"product","2":"type-product","3":"status-publish","4":"has-post-thumbnail","6":"anvandningsomrade-lastbil","7":"anvandningsomrade-slap","8":"anvandningsomrade-trailer","9":"product_brand-lea","10":"product_cat-interiorbelysning-slap","11":"pa_ljusspridning-grader-683","12":"pa_storlek-mm-100x25x10","13":"pa_stromforbrukning-006a-138v","14":"pa_volt-v-159","16":"first","17":"onbackorder","18":"taxable","19":"shipping-taxable","20":"purchasable","21":"product-type-simple"},"bundled_by":[],"bundle_stock_status":"onbackorder","bundle_stock_quantity":0,"bundle_virtual":false,"bundle_layout":"","bundle_add_to_cart_form_location":"","bundle_editable_in_cart":false,"bundle_sold_individually_context":"","bundle_item_grouping":"","bundle_min_size":"","bundle_max_size":"","bundle_price":[],"bundled_items":[],"bundle_sell_ids":[],"acf":[],"yoast_head":"<!-- This site is optimized with the Yoast SEO plugin v27.0 - https:\/\/yoast.com\/product\/yoast-seo-wordpress\/ -->\n<title>Interi\u00f6r LED-list 100mm|Ivory - Xenonkungen<\/title>\n<meta name=\"robots\" content=\"index, follow, max-snippet:-1, max-image-preview:large, max-video-preview:-1\" \/>\n<link rel=\"canonical\" href=\"https:\/\/xenonkungen.com\/nl\/product\/led-strip-voor-binnengebruik-100-mm-ivoor\/\" \/>\n<meta property=\"og:locale\" content=\"nl_NL\" \/>\n<meta property=\"og:type\" content=\"article\" \/>\n<meta property=\"og:title\" content=\"Interi\u00f6r LED-list 100mm|Ivory - Xenonkungen\" \/>\n<meta property=\"og:description\" content=\"Elegant Ivory\/Soft White LED Interi\u00f6rbelysning Denna distinkta Slim 12V LED interi\u00f6rbelysning \u00e4r den ultimata l\u00f6sningen f\u00f6r de som s\u00f6ker en subtil men effektiv belysningsl\u00f6sning f\u00f6r sitt fordon. Med dess mjuka Ivory\/Soft White f\u00e4rg och slanka design \u00e4r den perfekt f\u00f6r att skapa en v\u00e4lkomnande och lugnande atmosf\u00e4r inom b\u00e5de interi\u00f6ra och exteri\u00f6ra omr\u00e5den p\u00e5 fordonet. [&hellip;]\" \/>\n<meta property=\"og:url\" content=\"https:\/\/xenonkungen.com\/nl\/product\/led-strip-voor-binnengebruik-100-mm-ivoor\/\" \/>\n<meta property=\"og:site_name\" content=\"Xenonkungen\" \/>\n<meta property=\"article:modified_time\" content=\"2026-04-10T23:50:59+00:00\" \/>\n<meta property=\"og:image\" content=\"https:\/\/xenonkungen.com\/wp-content\/uploads\/2025\/04\/68I-800x800-1.jpg\" \/>\n\t<meta property=\"og:image:width\" content=\"800\" \/>\n\t<meta property=\"og:image:height\" content=\"800\" \/>\n\t<meta property=\"og:image:type\" content=\"image\/jpeg\" \/>\n<meta name=\"twitter:card\" content=\"summary_large_image\" \/>\n<meta name=\"twitter:label1\" content=\"Geschatte leestijd\" \/>\n\t<meta name=\"twitter:data1\" content=\"1 minuut\" \/>\n<script type=\"application\/ld+json\" class=\"yoast-schema-graph\">{\"@context\":\"https:\/\/schema.org\",\"@graph\":[{\"@type\":\"WebPage\",\"@id\":\"https:\/\/xenonkungen.com\/dk\/vare\/interior-led-list-100mmivory\/\",\"url\":\"https:\/\/xenonkungen.com\/dk\/vare\/interior-led-list-100mmivory\/\",\"name\":\"Interi\u00f6r LED-list 100mm|Ivory - Xenonkungen\",\"isPartOf\":{\"@id\":\"https:\/\/xenonkungen.com\/#website\"},\"primaryImageOfPage\":{\"@id\":\"https:\/\/xenonkungen.com\/dk\/vare\/interior-led-list-100mmivory\/#primaryimage\"},\"image\":{\"@id\":\"https:\/\/xenonkungen.com\/dk\/vare\/interior-led-list-100mmivory\/#primaryimage\"},\"thumbnailUrl\":\"https:\/\/xenonkungen.com\/wp-content\/uploads\/2025\/04\/68I-800x800-1.jpg\",\"datePublished\":\"2025-04-15T10:05:08+00:00\",\"dateModified\":\"2026-04-10T23:50:59+00:00\",\"breadcrumb\":{\"@id\":\"https:\/\/xenonkungen.com\/dk\/vare\/interior-led-list-100mmivory\/#breadcrumb\"},\"inLanguage\":\"nl-NL\",\"potentialAction\":[{\"@type\":\"ReadAction\",\"target\":[\"https:\/\/xenonkungen.com\/dk\/vare\/interior-led-list-100mmivory\/\"]}]},{\"@type\":\"ImageObject\",\"inLanguage\":\"nl-NL\",\"@id\":\"https:\/\/xenonkungen.com\/dk\/vare\/interior-led-list-100mmivory\/#primaryimage\",\"url\":\"https:\/\/xenonkungen.com\/wp-content\/uploads\/2025\/04\/68I-800x800-1.jpg\",\"contentUrl\":\"https:\/\/xenonkungen.com\/wp-content\/uploads\/2025\/04\/68I-800x800-1.jpg\",\"width\":800,\"height\":800},{\"@type\":\"BreadcrumbList\",\"@id\":\"https:\/\/xenonkungen.com\/dk\/vare\/interior-led-list-100mmivory\/#breadcrumb\",\"itemListElement\":[{\"@type\":\"ListItem\",\"position\":1,\"name\":\"Hem\",\"item\":\"https:\/\/xenonkungen.com\/\"},{\"@type\":\"ListItem\",\"position\":2,\"name\":\"Shop\",\"item\":\"https:\/\/xenonkungen.com\/shop\/\"},{\"@type\":\"ListItem\",\"position\":3,\"name\":\"Interi\u00f6r LED-list 100mm|Ivory\"}]},{\"@type\":\"WebSite\",\"@id\":\"https:\/\/xenonkungen.com\/#website\",\"url\":\"https:\/\/xenonkungen.com\/\",\"name\":\"Xenonkungen\",\"description\":\"\",\"potentialAction\":[{\"@type\":\"SearchAction\",\"target\":{\"@type\":\"EntryPoint\",\"urlTemplate\":\"https:\/\/xenonkungen.com\/?s={search_term_string}\"},\"query-input\":{\"@type\":\"PropertyValueSpecification\",\"valueRequired\":true,\"valueName\":\"search_term_string\"}}],\"inLanguage\":\"nl-NL\"}]}<\/script>\n<!-- \/ Yoast SEO plugin. -->","yoast_head_json":{"title":"LED-strip voor binnen 100 mm | Ivoor - Xenonkungen","robots":{"index":"index","follow":"follow","max-snippet":"max-snippet:-1","max-image-preview":"max-image-preview:large","max-video-preview":"max-video-preview:-1"},"canonical":"https:\/\/xenonkungen.com\/nl\/product\/led-strip-voor-binnengebruik-100-mm-ivoor\/","og_locale":"nl_NL","og_type":"article","og_title":"Interi\u00f6r LED-list 100mm|Ivory - Xenonkungen","og_description":"Elegant Ivory\/Soft White LED Interi\u00f6rbelysning Denna distinkta Slim 12V LED interi\u00f6rbelysning \u00e4r den ultimata l\u00f6sningen f\u00f6r de som s\u00f6ker en subtil men effektiv belysningsl\u00f6sning f\u00f6r sitt fordon. Med dess mjuka Ivory\/Soft White f\u00e4rg och slanka design \u00e4r den perfekt f\u00f6r att skapa en v\u00e4lkomnande och lugnande atmosf\u00e4r inom b\u00e5de interi\u00f6ra och exteri\u00f6ra omr\u00e5den p\u00e5 fordonet. [&hellip;]","og_url":"https:\/\/xenonkungen.com\/nl\/product\/led-strip-voor-binnengebruik-100-mm-ivoor\/","og_site_name":"Xenonkungen","article_modified_time":"2026-04-10T23:50:59+00:00","og_image":[{"width":800,"height":800,"url":"https:\/\/xenonkungen.com\/wp-content\/uploads\/2025\/04\/68I-800x800-1.jpg","type":"image\/jpeg"}],"twitter_card":"summary_large_image","twitter_misc":{"Geschatte leestijd":"1 minuut"},"schema":{"@context":"https:\/\/schema.org","@graph":[{"@type":"WebPage","@id":"https:\/\/xenonkungen.com\/dk\/vare\/interior-led-list-100mmivory\/","url":"https:\/\/xenonkungen.com\/dk\/vare\/interior-led-list-100mmivory\/","name":"LED-strip voor binnen 100 mm | Ivoor - Xenonkungen","isPartOf":{"@id":"https:\/\/xenonkungen.com\/#website"},"primaryImageOfPage":{"@id":"https:\/\/xenonkungen.com\/dk\/vare\/interior-led-list-100mmivory\/#primaryimage"},"image":{"@id":"https:\/\/xenonkungen.com\/dk\/vare\/interior-led-list-100mmivory\/#primaryimage"},"thumbnailUrl":"https:\/\/xenonkungen.com\/wp-content\/uploads\/2025\/04\/68I-800x800-1.jpg","datePublished":"2025-04-15T10:05:08+00:00","dateModified":"2026-04-10T23:50:59+00:00","breadcrumb":{"@id":"https:\/\/xenonkungen.com\/dk\/vare\/interior-led-list-100mmivory\/#breadcrumb"},"inLanguage":"nl-NL","potentialAction":[{"@type":"ReadAction","target":["https:\/\/xenonkungen.com\/dk\/vare\/interior-led-list-100mmivory\/"]}]},{"@type":"ImageObject","inLanguage":"nl-NL","@id":"https:\/\/xenonkungen.com\/dk\/vare\/interior-led-list-100mmivory\/#primaryimage","url":"https:\/\/xenonkungen.com\/wp-content\/uploads\/2025\/04\/68I-800x800-1.jpg","contentUrl":"https:\/\/xenonkungen.com\/wp-content\/uploads\/2025\/04\/68I-800x800-1.jpg","width":800,"height":800},{"@type":"BreadcrumbList","@id":"https:\/\/xenonkungen.com\/dk\/vare\/interior-led-list-100mmivory\/#breadcrumb","itemListElement":[{"@type":"ListItem","position":1,"name":"Hem","item":"https:\/\/xenonkungen.com\/"},{"@type":"ListItem","position":2,"name":"Shop","item":"https:\/\/xenonkungen.com\/shop\/"},{"@type":"ListItem","position":3,"name":"Interi\u00f6r LED-list 100mm|Ivory"}]},{"@type":"WebSite","@id":"https:\/\/xenonkungen.com\/#website","url":"https:\/\/xenonkungen.com\/","name":"Xenonkungen","description":"","potentialAction":[{"@type":"SearchAction","target":{"@type":"EntryPoint","urlTemplate":"https:\/\/xenonkungen.com\/?s={search_term_string}"},"query-input":{"@type":"PropertyValueSpecification","valueRequired":true,"valueName":"search_term_string"}}],"inLanguage":"nl-NL"}]}},"taxonomy_info":{"anvandningsomrade":[{"value":166,"label":"Lastbil"},{"value":238,"label":"SL\u00c4P"},{"value":2816,"label":"TRAILER"}],"product_brand":[{"value":1252,"label":"LEA"}],"product_cat":[{"value":2586,"label":"Interi\u00f6rbelysning"}],"pa_ljusspridning-grader":[{"value":683,"label":"120"}],"pa_storlek-mm":[{"value":2051,"label":"100x25x10"}],"pa_stromforbrukning":[{"value":2052,"label":"0,06A @13,8V"}],"pa_volt-v":[{"value":159,"label":"12"}]},"featured_image_src_large":["https:\/\/xenonkungen.com\/wp-content\/uploads\/2025\/04\/68I-800x800-1.jpg",800,800,false],"author_info":[],"comment_info":0,"_links":{"self":[{"href":"https:\/\/xenonkungen.com\/nl\/wp-json\/wp\/v2\/product\/8259","targetHints":{"allow":["GET"]}}],"collection":[{"href":"https:\/\/xenonkungen.com\/nl\/wp-json\/wp\/v2\/product"}],"about":[{"href":"https:\/\/xenonkungen.com\/nl\/wp-json\/wp\/v2\/types\/product"}],"replies":[{"embeddable":true,"href":"https:\/\/xenonkungen.com\/nl\/wp-json\/wp\/v2\/comments?post=8259"}],"wp:featuredmedia":[{"embeddable":true,"href":"https:\/\/xenonkungen.com\/nl\/wp-json\/wp\/v2\/media\/8260"}],"wp:attachment":[{"href":"https:\/\/xenonkungen.com\/nl\/wp-json\/wp\/v2\/media?parent=8259"}],"wp:term":[{"taxonomy":"anvandningsomrade","embeddable":true,"href":"https:\/\/xenonkungen.com\/nl\/wp-json\/wp\/v2\/anvandningsomrade?post=8259"},{"taxonomy":"bilmarken","embeddable":true,"href":"https:\/\/xenonkungen.com\/nl\/wp-json\/wp\/v2\/bilmarken?post=8259"},{"taxonomy":"product_brand","embeddable":true,"href":"https:\/\/xenonkungen.com\/nl\/wp-json\/wp\/v2\/product_brand?post=8259"},{"taxonomy":"product_cat","embeddable":true,"href":"https:\/\/xenonkungen.com\/nl\/wp-json\/wp\/v2\/product_cat?post=8259"},{"taxonomy":"product_tag","embeddable":true,"href":"https:\/\/xenonkungen.com\/nl\/wp-json\/wp\/v2\/product_tag?post=8259"}],"curies":[{"name":"wp","href":"https:\/\/api.w.org\/{rel}","templated":true}]}}