{"id":8342,"date":"2025-04-15T10:05:47","date_gmt":"2025-04-15T10:05:47","guid":{"rendered":"https:\/\/xenonkungen.com\/product\/blinkerslampa-m77-lagprofil-22mm-2-pack\/"},"modified":"2026-04-11T00:52:29","modified_gmt":"2026-04-10T23:52:29","slug":"knipperlichtlamp-m77-lag-profiel-22-mm-2-st","status":"publish","type":"product","link":"https:\/\/xenonkungen.com\/nl\/product\/knipperlichtlamp-m77-lag-profiel-22-mm-2-st\/","title":{"rendered":"Richtingaanwijzer M77 Laag profiel 22mm (2-Pack)"},"content":{"rendered":"<h1>Geavanceerde, laagprofiel richtingaanwijzerlamp M77 met chromen behuizing<\/h1>\n<p>Deze verfijnde M77-knipperlamp valt op door zijn lage profiel van slechts 22 mm en een elegante chromen behuizing die hem een moderne en stijlvolle uitstraling geeft. Het ontwerp met richtingaanwijzer zorgt voor optimale zichtbaarheid en effectieve signalering naar andere weggebruikers. Dankzij de water- en stofbestendigheid volgens de IP67-norm is deze lamp ideaal voor alle weersomstandigheden en biedt het een betrouwbare oplossing voor voertuigverlichting. De montage is eenvoudig en soepel met de meegeleverde 3M-tape, waardoor ingewikkelde installatieprocessen overbodig zijn.<\/p>\n<h2>Specificaties<\/h2>\n<ul>\n<li>Ontwerp: Laag profiel (22 mm hoog) met richtingsindicatie<\/li>\n<li>Materiaal: Elegante chromen behuizing<\/li>\n<li>Water- en stofdicht: IP67-classificatie<\/li>\n<li>Montagemethode: Eenvoudige installatie met 3M-tape<\/li>\n<li>Ideaal voor gebruik in diverse voertuigen<\/li>\n<\/ul>\n<h2>Kenmerken en voordelen<\/h2>\n<p>De M77-richtingaanwijzer combineert esthetisch design met technische prestaties en biedt zo een geavanceerde verlichtingsoplossing. Het compacte design en de chromen behuizing geven het voertuig een luxueuze uitstraling, terwijl de richtingaanwijzer de veiligheid verbetert door de intenties van het voertuig duidelijk te signaleren aan andere weggebruikers. De IP67-classificatie garandeert dat de lamp volledig beschermd is tegen binnendringend water en stof, waardoor hij geschikt is voor gebruik onder alle omstandigheden.<\/p>\n<ul>\n<li>Laag profielontwerp voor discrete maar effectieve signalering<\/li>\n<li>Chromen behuizing voor een verfijnde en moderne look<\/li>\n<li>IP67-classificatie biedt superieure bescherming tegen water en stof<\/li>\n<li>Eenvoudige en snelle installatie met meegeleverde 3M-tape<\/li>\n<li>Perfect voor een breed scala aan voertuigen, van personenauto&#039;s tot zware vrachtwagens<\/li>\n<\/ul>","protected":false},"excerpt":{"rendered":"<p>De M77 Amber richtingaanwijzer heeft een laag profiel (22 mm), is waterdicht en stofdicht tot IP67.<\/p>\n<p>5 jaar garantie<\/p>","protected":false},"featured_media":8343,"comment_status":"closed","ping_status":"open","template":"","meta":{"_acf_changed":false,"_smort_price_nok":"684","_smort_price_dkk":"434","_smort_price_eur":"58.18","_smort_sale_price_nok":"","_smort_sale_price_dkk":"","_smort_sale_price_eur":"","smort_restorder":"","shipmondo_restorder":"","_kad_blocks_custom_css":"","_kad_blocks_head_custom_js":"","_kad_blocks_body_custom_js":"","_kad_blocks_footer_custom_js":"","smort_custom_pricelist_1":"358.4","smort_custom_pricelist_2":"358.4","smort_custom_pricelist_3":"340.48","smort_custom_pricelist_4":"512","smort_custom_pricelist_5":"358.4"},"anvandningsomrade":[166,238,2816],"bilmarken":[],"product_brand":[1252],"product_cat":[2478],"product_tag":[],"class_list":{"0":"post-8342","1":"product","2":"type-product","3":"status-publish","4":"has-post-thumbnail","6":"anvandningsomrade-lastbil","7":"anvandningsomrade-slap","8":"anvandningsomrade-trailer","9":"product_brand-lea","10":"product_cat-positionsljus-slap","11":"pa_fuktskydd-varde-ipxx-ip67","12":"pa_godkannande-ece-r6-cat-6","13":"pa_storlek-mm-52x77x22","14":"pa_stromforbrukning-007a-28v","15":"pa_stromforbrukning-012a-138v","16":"pa_volt-v-multivolt-9-12-16-18-24-28-30-32","18":"first","19":"instock","20":"taxable","21":"shipping-taxable","22":"purchasable","23":"product-type-simple"},"bundled_by":[],"bundle_stock_status":"instock","bundle_stock_quantity":9,"bundle_virtual":false,"bundle_layout":"","bundle_add_to_cart_form_location":"","bundle_editable_in_cart":false,"bundle_sold_individually_context":"","bundle_item_grouping":"","bundle_min_size":"","bundle_max_size":"","bundle_price":[],"bundled_items":[],"bundle_sell_ids":[],"acf":[],"yoast_head":"<!-- This site is optimized with the Yoast SEO plugin v27.0 - https:\/\/yoast.com\/product\/yoast-seo-wordpress\/ -->\n<title>Blinkerslampa M77 L\u00e5gprofil 22mm (2-Pack) - Xenonkungen<\/title>\n<meta name=\"robots\" content=\"index, follow, max-snippet:-1, max-image-preview:large, max-video-preview:-1\" \/>\n<link rel=\"canonical\" href=\"http:\/\/xenonkungen.com\/nl\/product\/knipperlichtlamp-m77-lag-profiel-22-mm-2-st\/\" \/>\n<meta property=\"og:locale\" content=\"nl_NL\" \/>\n<meta property=\"og:type\" content=\"article\" \/>\n<meta property=\"og:title\" content=\"Blinkerslampa M77 L\u00e5gprofil 22mm (2-Pack) - Xenonkungen\" \/>\n<meta property=\"og:description\" content=\"Blinkerslampa M77 Amber har en l\u00e5g profil (22mm), vatten- och damm-t\u00e4t enligt IP67. 5 \u00e5rs garanti\" \/>\n<meta property=\"og:url\" content=\"http:\/\/xenonkungen.com\/nl\/product\/knipperlichtlamp-m77-lag-profiel-22-mm-2-st\/\" \/>\n<meta property=\"og:site_name\" content=\"Xenonkungen\" \/>\n<meta property=\"article:modified_time\" content=\"2026-04-10T23:52:29+00:00\" \/>\n<meta property=\"og:image\" content=\"https:\/\/xenonkungen.com\/wp-content\/uploads\/2025\/04\/177483321-origpic-bfd3f4.png\" \/>\n\t<meta property=\"og:image:width\" content=\"800\" \/>\n\t<meta property=\"og:image:height\" content=\"800\" \/>\n\t<meta property=\"og:image:type\" content=\"image\/png\" \/>\n<meta name=\"twitter:card\" content=\"summary_large_image\" \/>\n<meta name=\"twitter:label1\" content=\"Geschatte leestijd\" \/>\n\t<meta name=\"twitter:data1\" content=\"1 minuut\" \/>\n<script type=\"application\/ld+json\" class=\"yoast-schema-graph\">{\"@context\":\"https:\/\/schema.org\",\"@graph\":[{\"@type\":\"WebPage\",\"@id\":\"http:\/\/xenonkungen.com\/es\/producto\/bombilla-intermitente-m77-perfil-retrasado-22-mm-paquete-de-2\/\",\"url\":\"http:\/\/xenonkungen.com\/es\/producto\/bombilla-intermitente-m77-perfil-retrasado-22-mm-paquete-de-2\/\",\"name\":\"Blinkerslampa M77 L\u00e5gprofil 22mm (2-Pack) - Xenonkungen\",\"isPartOf\":{\"@id\":\"https:\/\/xenonkungen.com\/#website\"},\"primaryImageOfPage\":{\"@id\":\"http:\/\/xenonkungen.com\/es\/producto\/bombilla-intermitente-m77-perfil-retrasado-22-mm-paquete-de-2\/#primaryimage\"},\"image\":{\"@id\":\"http:\/\/xenonkungen.com\/es\/producto\/bombilla-intermitente-m77-perfil-retrasado-22-mm-paquete-de-2\/#primaryimage\"},\"thumbnailUrl\":\"https:\/\/xenonkungen.com\/wp-content\/uploads\/2025\/04\/177483321-origpic-bfd3f4.png\",\"datePublished\":\"2025-04-15T10:05:47+00:00\",\"dateModified\":\"2026-04-10T23:52:29+00:00\",\"breadcrumb\":{\"@id\":\"http:\/\/xenonkungen.com\/es\/producto\/bombilla-intermitente-m77-perfil-retrasado-22-mm-paquete-de-2\/#breadcrumb\"},\"inLanguage\":\"nl-NL\",\"potentialAction\":[{\"@type\":\"ReadAction\",\"target\":[\"http:\/\/xenonkungen.com\/es\/producto\/bombilla-intermitente-m77-perfil-retrasado-22-mm-paquete-de-2\/\"]}]},{\"@type\":\"ImageObject\",\"inLanguage\":\"nl-NL\",\"@id\":\"http:\/\/xenonkungen.com\/es\/producto\/bombilla-intermitente-m77-perfil-retrasado-22-mm-paquete-de-2\/#primaryimage\",\"url\":\"https:\/\/xenonkungen.com\/wp-content\/uploads\/2025\/04\/177483321-origpic-bfd3f4.png\",\"contentUrl\":\"https:\/\/xenonkungen.com\/wp-content\/uploads\/2025\/04\/177483321-origpic-bfd3f4.png\",\"width\":800,\"height\":800},{\"@type\":\"BreadcrumbList\",\"@id\":\"http:\/\/xenonkungen.com\/es\/producto\/bombilla-intermitente-m77-perfil-retrasado-22-mm-paquete-de-2\/#breadcrumb\",\"itemListElement\":[{\"@type\":\"ListItem\",\"position\":1,\"name\":\"Hem\",\"item\":\"https:\/\/xenonkungen.com\/\"},{\"@type\":\"ListItem\",\"position\":2,\"name\":\"Shop\",\"item\":\"https:\/\/xenonkungen.com\/shop\/\"},{\"@type\":\"ListItem\",\"position\":3,\"name\":\"Blinkerslampa M77 L\u00e5gprofil 22mm (2-Pack)\"}]},{\"@type\":\"WebSite\",\"@id\":\"https:\/\/xenonkungen.com\/#website\",\"url\":\"https:\/\/xenonkungen.com\/\",\"name\":\"Xenonkungen\",\"description\":\"\",\"potentialAction\":[{\"@type\":\"SearchAction\",\"target\":{\"@type\":\"EntryPoint\",\"urlTemplate\":\"https:\/\/xenonkungen.com\/?s={search_term_string}\"},\"query-input\":{\"@type\":\"PropertyValueSpecification\",\"valueRequired\":true,\"valueName\":\"search_term_string\"}}],\"inLanguage\":\"nl-NL\"}]}<\/script>\n<!-- \/ Yoast SEO plugin. -->","yoast_head_json":{"title":"Knipperlichtlampje M77 Laag profiel 22 mm (2 stuks) - De Xenon-koning","robots":{"index":"index","follow":"follow","max-snippet":"max-snippet:-1","max-image-preview":"max-image-preview:large","max-video-preview":"max-video-preview:-1"},"canonical":"http:\/\/xenonkungen.com\/nl\/product\/knipperlichtlamp-m77-lag-profiel-22-mm-2-st\/","og_locale":"nl_NL","og_type":"article","og_title":"Blinkerslampa M77 L\u00e5gprofil 22mm (2-Pack) - Xenonkungen","og_description":"Blinkerslampa M77 Amber har en l\u00e5g profil (22mm), vatten- och damm-t\u00e4t enligt IP67. 5 \u00e5rs garanti","og_url":"http:\/\/xenonkungen.com\/nl\/product\/knipperlichtlamp-m77-lag-profiel-22-mm-2-st\/","og_site_name":"Xenonkungen","article_modified_time":"2026-04-10T23:52:29+00:00","og_image":[{"width":800,"height":800,"url":"https:\/\/xenonkungen.com\/wp-content\/uploads\/2025\/04\/177483321-origpic-bfd3f4.png","type":"image\/png"}],"twitter_card":"summary_large_image","twitter_misc":{"Geschatte leestijd":"1 minuut"},"schema":{"@context":"https:\/\/schema.org","@graph":[{"@type":"WebPage","@id":"http:\/\/xenonkungen.com\/es\/producto\/bombilla-intermitente-m77-perfil-retrasado-22-mm-paquete-de-2\/","url":"http:\/\/xenonkungen.com\/es\/producto\/bombilla-intermitente-m77-perfil-retrasado-22-mm-paquete-de-2\/","name":"Knipperlichtlampje M77 Laag profiel 22 mm (2 stuks) - De Xenon-koning","isPartOf":{"@id":"https:\/\/xenonkungen.com\/#website"},"primaryImageOfPage":{"@id":"http:\/\/xenonkungen.com\/es\/producto\/bombilla-intermitente-m77-perfil-retrasado-22-mm-paquete-de-2\/#primaryimage"},"image":{"@id":"http:\/\/xenonkungen.com\/es\/producto\/bombilla-intermitente-m77-perfil-retrasado-22-mm-paquete-de-2\/#primaryimage"},"thumbnailUrl":"https:\/\/xenonkungen.com\/wp-content\/uploads\/2025\/04\/177483321-origpic-bfd3f4.png","datePublished":"2025-04-15T10:05:47+00:00","dateModified":"2026-04-10T23:52:29+00:00","breadcrumb":{"@id":"http:\/\/xenonkungen.com\/es\/producto\/bombilla-intermitente-m77-perfil-retrasado-22-mm-paquete-de-2\/#breadcrumb"},"inLanguage":"nl-NL","potentialAction":[{"@type":"ReadAction","target":["http:\/\/xenonkungen.com\/es\/producto\/bombilla-intermitente-m77-perfil-retrasado-22-mm-paquete-de-2\/"]}]},{"@type":"ImageObject","inLanguage":"nl-NL","@id":"http:\/\/xenonkungen.com\/es\/producto\/bombilla-intermitente-m77-perfil-retrasado-22-mm-paquete-de-2\/#primaryimage","url":"https:\/\/xenonkungen.com\/wp-content\/uploads\/2025\/04\/177483321-origpic-bfd3f4.png","contentUrl":"https:\/\/xenonkungen.com\/wp-content\/uploads\/2025\/04\/177483321-origpic-bfd3f4.png","width":800,"height":800},{"@type":"BreadcrumbList","@id":"http:\/\/xenonkungen.com\/es\/producto\/bombilla-intermitente-m77-perfil-retrasado-22-mm-paquete-de-2\/#breadcrumb","itemListElement":[{"@type":"ListItem","position":1,"name":"Hem","item":"https:\/\/xenonkungen.com\/"},{"@type":"ListItem","position":2,"name":"Shop","item":"https:\/\/xenonkungen.com\/shop\/"},{"@type":"ListItem","position":3,"name":"Blinkerslampa M77 L\u00e5gprofil 22mm (2-Pack)"}]},{"@type":"WebSite","@id":"https:\/\/xenonkungen.com\/#website","url":"https:\/\/xenonkungen.com\/","name":"Xenonkungen","description":"","potentialAction":[{"@type":"SearchAction","target":{"@type":"EntryPoint","urlTemplate":"https:\/\/xenonkungen.com\/?s={search_term_string}"},"query-input":{"@type":"PropertyValueSpecification","valueRequired":true,"valueName":"search_term_string"}}],"inLanguage":"nl-NL"}]}},"taxonomy_info":{"anvandningsomrade":[{"value":166,"label":"Lastbil"},{"value":238,"label":"SL\u00c4P"},{"value":2816,"label":"TRAILER"}],"product_brand":[{"value":1252,"label":"LEA"}],"product_cat":[{"value":2478,"label":"Positionsljus"}],"pa_fuktskydd-varde-ipxx":[{"value":333,"label":"IP67"}],"pa_godkannande":[{"value":2062,"label":"ECE, R6 Cat.6"}],"pa_storlek-mm":[{"value":2061,"label":"52x77x22"}],"pa_stromforbrukning":[{"value":1876,"label":"0,07A @28V"},{"value":1875,"label":"0,12A @13,8V"}],"pa_volt-v":[{"value":521,"label":"Multivolt, 9, 12, 16, 18, 24, 28, 30, 32"}]},"featured_image_src_large":["https:\/\/xenonkungen.com\/wp-content\/uploads\/2025\/04\/177483321-origpic-bfd3f4.png",800,800,false],"author_info":[],"comment_info":0,"_links":{"self":[{"href":"https:\/\/xenonkungen.com\/nl\/wp-json\/wp\/v2\/product\/8342","targetHints":{"allow":["GET"]}}],"collection":[{"href":"https:\/\/xenonkungen.com\/nl\/wp-json\/wp\/v2\/product"}],"about":[{"href":"https:\/\/xenonkungen.com\/nl\/wp-json\/wp\/v2\/types\/product"}],"replies":[{"embeddable":true,"href":"https:\/\/xenonkungen.com\/nl\/wp-json\/wp\/v2\/comments?post=8342"}],"wp:featuredmedia":[{"embeddable":true,"href":"https:\/\/xenonkungen.com\/nl\/wp-json\/wp\/v2\/media\/8343"}],"wp:attachment":[{"href":"https:\/\/xenonkungen.com\/nl\/wp-json\/wp\/v2\/media?parent=8342"}],"wp:term":[{"taxonomy":"anvandningsomrade","embeddable":true,"href":"https:\/\/xenonkungen.com\/nl\/wp-json\/wp\/v2\/anvandningsomrade?post=8342"},{"taxonomy":"bilmarken","embeddable":true,"href":"https:\/\/xenonkungen.com\/nl\/wp-json\/wp\/v2\/bilmarken?post=8342"},{"taxonomy":"product_brand","embeddable":true,"href":"https:\/\/xenonkungen.com\/nl\/wp-json\/wp\/v2\/product_brand?post=8342"},{"taxonomy":"product_cat","embeddable":true,"href":"https:\/\/xenonkungen.com\/nl\/wp-json\/wp\/v2\/product_cat?post=8342"},{"taxonomy":"product_tag","embeddable":true,"href":"https:\/\/xenonkungen.com\/nl\/wp-json\/wp\/v2\/product_tag?post=8342"}],"curies":[{"name":"wp","href":"https:\/\/api.w.org\/{rel}","templated":true}]}}