{"id":8616,"date":"2025-04-15T10:08:14","date_gmt":"2025-04-15T10:08:14","guid":{"rendered":"https:\/\/xenonkungen.com\/product\/lampsarg-eu38-horizontal\/"},"modified":"2026-04-11T00:57:05","modified_gmt":"2026-04-10T23:57:05","slug":"lampframe-eu38-horizontaal","status":"publish","type":"product","link":"https:\/\/xenonkungen.com\/nl\/product\/lampframe-eu38-horizontaal\/","title":{"rendered":"Lamp Kist EU38 Horizontaal"},"content":{"rendered":"<div class=\"container\">\n<h1>Duurzame lampenhouder voor horizontale montage<\/h1>\n<p>Deze lamphouder is op maat gemaakt en biedt een optimale oplossing voor de horizontale montage van positielampen uit de EU38-serie. Hierdoor is een stabiele en veilige bevestiging gegarandeerd.<\/p>\n<div class=\"specifications\">\n<h2>Specificaties:<\/h2>\n<ul>\n<li><span class=\"highlight\">Aanpassing:<\/span> Speciaal ontworpen voor positielichten uit de EU38-serie.<\/li>\n<li><span class=\"highlight\">Ori\u00ebntatie:<\/span> Voor horizontale montage.<\/li>\n<li><span class=\"highlight\">Materiaal:<\/span> Hoogwaardige, duurzame materialen tegen corrosie en milieu-invloeden.<\/li>\n<li><span class=\"highlight\">Montage:<\/span> Eenvoudige installatie met veilige bevestiging.<\/li>\n<\/ul>\n<\/div>\n<div class=\"features\">\n<h2>Kenmerken:<\/h2>\n<ul>\n<li>Past perfect en is eenvoudig te installeren voor lampen uit de EU38-serie.<\/li>\n<li>Vergroot de mogelijkheden voor het plaatsen van lampen dankzij de mogelijkheid tot horizontale montage.<\/li>\n<li>Lange termijn duurzaamheid en betrouwbaarheid in verschillende omgevingen.<\/li>\n<li>Stabiele en veilige bevestiging van positielichten onder alle omstandigheden.<\/li>\n<\/ul>\n<p><strong>Afmetingen:<\/strong> 58x90mm<\/div>\n<\/div>","protected":false},"excerpt":{"rendered":"<p>H\u00e5llbar Lamph\u00e5llare f\u00f6r Horisontellt Montage Denna lamph\u00e5llare \u00e4r skr\u00e4ddarsydd f\u00f6r att ge en optimal l\u00f6sning f\u00f6r horisontellt montage av EU38-seriens positionslampor, s\u00e4kerst\u00e4llande en stabil och s\u00e4ker fixering. Specifikationer: Anpassning: Speciellt designad f\u00f6r EU38-seriens positionslampor. Orientering: F\u00f6r horisontellt montage. Material: H\u00f6gkvalitativa, h\u00e5llbara material mot korrosion och milj\u00f6p\u00e5verkan. Montering: Enkel installation med s\u00e4ker fasts\u00e4ttning. Funktioner: Perfekt passform [&hellip;]<\/p>","protected":false},"featured_media":8617,"comment_status":"closed","ping_status":"open","template":"","meta":{"_acf_changed":false,"_smort_price_nok":"21","_smort_price_dkk":"14","_smort_price_eur":"1.82","_smort_sale_price_nok":"","_smort_sale_price_dkk":"","_smort_sale_price_eur":"","smort_restorder":"","shipmondo_restorder":"","_kad_blocks_custom_css":"","_kad_blocks_head_custom_js":"","_kad_blocks_body_custom_js":"","_kad_blocks_footer_custom_js":"","smort_custom_pricelist_1":"11.2","smort_custom_pricelist_2":"11.2","smort_custom_pricelist_3":"10.64","smort_custom_pricelist_4":"16","smort_custom_pricelist_5":"11.2"},"anvandningsomrade":[166,238,2816],"bilmarken":[],"product_brand":[1252],"product_cat":[2583],"product_tag":[],"class_list":{"0":"post-8616","1":"product","2":"type-product","3":"status-publish","4":"has-post-thumbnail","6":"anvandningsomrade-lastbil","7":"anvandningsomrade-slap","8":"anvandningsomrade-trailer","9":"product_brand-lea","10":"product_cat-lampsarg-slap","11":"pa_storlek-mm-58x90","13":"first","14":"onbackorder","15":"taxable","16":"shipping-taxable","17":"purchasable","18":"product-type-simple"},"bundled_by":[],"bundle_stock_status":"onbackorder","bundle_stock_quantity":0,"bundle_virtual":false,"bundle_layout":"","bundle_add_to_cart_form_location":"","bundle_editable_in_cart":false,"bundle_sold_individually_context":"","bundle_item_grouping":"","bundle_min_size":"","bundle_max_size":"","bundle_price":[],"bundled_items":[],"bundle_sell_ids":[],"acf":[],"yoast_head":"<!-- This site is optimized with the Yoast SEO plugin v27.0 - https:\/\/yoast.com\/product\/yoast-seo-wordpress\/ -->\n<title>Lampsarg EU38 Horizontal - Xenonkungen<\/title>\n<meta name=\"robots\" content=\"index, follow, max-snippet:-1, max-image-preview:large, max-video-preview:-1\" \/>\n<link rel=\"canonical\" href=\"https:\/\/xenonkungen.com\/nl\/product\/lampframe-eu38-horizontaal\/\" \/>\n<meta property=\"og:locale\" content=\"nl_NL\" \/>\n<meta property=\"og:type\" content=\"article\" \/>\n<meta property=\"og:title\" content=\"Lampsarg EU38 Horizontal - Xenonkungen\" \/>\n<meta property=\"og:description\" content=\"H\u00e5llbar Lamph\u00e5llare f\u00f6r Horisontellt Montage Denna lamph\u00e5llare \u00e4r skr\u00e4ddarsydd f\u00f6r att ge en optimal l\u00f6sning f\u00f6r horisontellt montage av EU38-seriens positionslampor, s\u00e4kerst\u00e4llande en stabil och s\u00e4ker fixering. Specifikationer: Anpassning: Speciellt designad f\u00f6r EU38-seriens positionslampor. Orientering: F\u00f6r horisontellt montage. Material: H\u00f6gkvalitativa, h\u00e5llbara material mot korrosion och milj\u00f6p\u00e5verkan. Montering: Enkel installation med s\u00e4ker fasts\u00e4ttning. Funktioner: Perfekt passform [&hellip;]\" \/>\n<meta property=\"og:url\" content=\"https:\/\/xenonkungen.com\/nl\/product\/lampframe-eu38-horizontaal\/\" \/>\n<meta property=\"og:site_name\" content=\"Xenonkungen\" \/>\n<meta property=\"article:modified_time\" content=\"2026-04-10T23:57:05+00:00\" \/>\n<meta property=\"og:image\" content=\"https:\/\/xenonkungen.com\/wp-content\/uploads\/2025\/04\/21678073-origpic-17890c.jpg\" \/>\n\t<meta property=\"og:image:width\" content=\"800\" \/>\n\t<meta property=\"og:image:height\" content=\"800\" \/>\n\t<meta property=\"og:image:type\" content=\"image\/jpeg\" \/>\n<meta name=\"twitter:card\" content=\"summary_large_image\" \/>\n<meta name=\"twitter:label1\" content=\"Geschatte leestijd\" \/>\n\t<meta name=\"twitter:data1\" content=\"1 minuut\" \/>\n<script type=\"application\/ld+json\" class=\"yoast-schema-graph\">{\"@context\":\"https:\/\/schema.org\",\"@graph\":[{\"@type\":\"WebPage\",\"@id\":\"https:\/\/xenonkungen.com\/dk\/vare\/lampsarg-eu38-horizontal\/\",\"url\":\"https:\/\/xenonkungen.com\/dk\/vare\/lampsarg-eu38-horizontal\/\",\"name\":\"Lampsarg EU38 Horizontal - Xenonkungen\",\"isPartOf\":{\"@id\":\"https:\/\/xenonkungen.com\/#website\"},\"primaryImageOfPage\":{\"@id\":\"https:\/\/xenonkungen.com\/dk\/vare\/lampsarg-eu38-horizontal\/#primaryimage\"},\"image\":{\"@id\":\"https:\/\/xenonkungen.com\/dk\/vare\/lampsarg-eu38-horizontal\/#primaryimage\"},\"thumbnailUrl\":\"https:\/\/xenonkungen.com\/wp-content\/uploads\/2025\/04\/21678073-origpic-17890c.jpg\",\"datePublished\":\"2025-04-15T10:08:14+00:00\",\"dateModified\":\"2026-04-10T23:57:05+00:00\",\"breadcrumb\":{\"@id\":\"https:\/\/xenonkungen.com\/dk\/vare\/lampsarg-eu38-horizontal\/#breadcrumb\"},\"inLanguage\":\"nl-NL\",\"potentialAction\":[{\"@type\":\"ReadAction\",\"target\":[\"https:\/\/xenonkungen.com\/dk\/vare\/lampsarg-eu38-horizontal\/\"]}]},{\"@type\":\"ImageObject\",\"inLanguage\":\"nl-NL\",\"@id\":\"https:\/\/xenonkungen.com\/dk\/vare\/lampsarg-eu38-horizontal\/#primaryimage\",\"url\":\"https:\/\/xenonkungen.com\/wp-content\/uploads\/2025\/04\/21678073-origpic-17890c.jpg\",\"contentUrl\":\"https:\/\/xenonkungen.com\/wp-content\/uploads\/2025\/04\/21678073-origpic-17890c.jpg\",\"width\":800,\"height\":800},{\"@type\":\"BreadcrumbList\",\"@id\":\"https:\/\/xenonkungen.com\/dk\/vare\/lampsarg-eu38-horizontal\/#breadcrumb\",\"itemListElement\":[{\"@type\":\"ListItem\",\"position\":1,\"name\":\"Hem\",\"item\":\"https:\/\/xenonkungen.com\/\"},{\"@type\":\"ListItem\",\"position\":2,\"name\":\"Shop\",\"item\":\"https:\/\/xenonkungen.com\/shop\/\"},{\"@type\":\"ListItem\",\"position\":3,\"name\":\"Lampsarg EU38 Horizontal\"}]},{\"@type\":\"WebSite\",\"@id\":\"https:\/\/xenonkungen.com\/#website\",\"url\":\"https:\/\/xenonkungen.com\/\",\"name\":\"Xenonkungen\",\"description\":\"\",\"potentialAction\":[{\"@type\":\"SearchAction\",\"target\":{\"@type\":\"EntryPoint\",\"urlTemplate\":\"https:\/\/xenonkungen.com\/?s={search_term_string}\"},\"query-input\":{\"@type\":\"PropertyValueSpecification\",\"valueRequired\":true,\"valueName\":\"search_term_string\"}}],\"inLanguage\":\"nl-NL\"}]}<\/script>\n<!-- \/ Yoast SEO plugin. -->","yoast_head_json":{"title":"Lampframe EU38 Horizontaal - De Xenon Koning","robots":{"index":"index","follow":"follow","max-snippet":"max-snippet:-1","max-image-preview":"max-image-preview:large","max-video-preview":"max-video-preview:-1"},"canonical":"https:\/\/xenonkungen.com\/nl\/product\/lampframe-eu38-horizontaal\/","og_locale":"nl_NL","og_type":"article","og_title":"Lampsarg EU38 Horizontal - Xenonkungen","og_description":"H\u00e5llbar Lamph\u00e5llare f\u00f6r Horisontellt Montage Denna lamph\u00e5llare \u00e4r skr\u00e4ddarsydd f\u00f6r att ge en optimal l\u00f6sning f\u00f6r horisontellt montage av EU38-seriens positionslampor, s\u00e4kerst\u00e4llande en stabil och s\u00e4ker fixering. Specifikationer: Anpassning: Speciellt designad f\u00f6r EU38-seriens positionslampor. Orientering: F\u00f6r horisontellt montage. Material: H\u00f6gkvalitativa, h\u00e5llbara material mot korrosion och milj\u00f6p\u00e5verkan. Montering: Enkel installation med s\u00e4ker fasts\u00e4ttning. Funktioner: Perfekt passform [&hellip;]","og_url":"https:\/\/xenonkungen.com\/nl\/product\/lampframe-eu38-horizontaal\/","og_site_name":"Xenonkungen","article_modified_time":"2026-04-10T23:57:05+00:00","og_image":[{"width":800,"height":800,"url":"https:\/\/xenonkungen.com\/wp-content\/uploads\/2025\/04\/21678073-origpic-17890c.jpg","type":"image\/jpeg"}],"twitter_card":"summary_large_image","twitter_misc":{"Geschatte leestijd":"1 minuut"},"schema":{"@context":"https:\/\/schema.org","@graph":[{"@type":"WebPage","@id":"https:\/\/xenonkungen.com\/dk\/vare\/lampsarg-eu38-horizontal\/","url":"https:\/\/xenonkungen.com\/dk\/vare\/lampsarg-eu38-horizontal\/","name":"Lampframe EU38 Horizontaal - De Xenon Koning","isPartOf":{"@id":"https:\/\/xenonkungen.com\/#website"},"primaryImageOfPage":{"@id":"https:\/\/xenonkungen.com\/dk\/vare\/lampsarg-eu38-horizontal\/#primaryimage"},"image":{"@id":"https:\/\/xenonkungen.com\/dk\/vare\/lampsarg-eu38-horizontal\/#primaryimage"},"thumbnailUrl":"https:\/\/xenonkungen.com\/wp-content\/uploads\/2025\/04\/21678073-origpic-17890c.jpg","datePublished":"2025-04-15T10:08:14+00:00","dateModified":"2026-04-10T23:57:05+00:00","breadcrumb":{"@id":"https:\/\/xenonkungen.com\/dk\/vare\/lampsarg-eu38-horizontal\/#breadcrumb"},"inLanguage":"nl-NL","potentialAction":[{"@type":"ReadAction","target":["https:\/\/xenonkungen.com\/dk\/vare\/lampsarg-eu38-horizontal\/"]}]},{"@type":"ImageObject","inLanguage":"nl-NL","@id":"https:\/\/xenonkungen.com\/dk\/vare\/lampsarg-eu38-horizontal\/#primaryimage","url":"https:\/\/xenonkungen.com\/wp-content\/uploads\/2025\/04\/21678073-origpic-17890c.jpg","contentUrl":"https:\/\/xenonkungen.com\/wp-content\/uploads\/2025\/04\/21678073-origpic-17890c.jpg","width":800,"height":800},{"@type":"BreadcrumbList","@id":"https:\/\/xenonkungen.com\/dk\/vare\/lampsarg-eu38-horizontal\/#breadcrumb","itemListElement":[{"@type":"ListItem","position":1,"name":"Hem","item":"https:\/\/xenonkungen.com\/"},{"@type":"ListItem","position":2,"name":"Shop","item":"https:\/\/xenonkungen.com\/shop\/"},{"@type":"ListItem","position":3,"name":"Lampsarg EU38 Horizontal"}]},{"@type":"WebSite","@id":"https:\/\/xenonkungen.com\/#website","url":"https:\/\/xenonkungen.com\/","name":"Xenonkungen","description":"","potentialAction":[{"@type":"SearchAction","target":{"@type":"EntryPoint","urlTemplate":"https:\/\/xenonkungen.com\/?s={search_term_string}"},"query-input":{"@type":"PropertyValueSpecification","valueRequired":true,"valueName":"search_term_string"}}],"inLanguage":"nl-NL"}]}},"taxonomy_info":{"anvandningsomrade":[{"value":166,"label":"Lastbil"},{"value":238,"label":"SL\u00c4P"},{"value":2816,"label":"TRAILER"}],"product_brand":[{"value":1252,"label":"LEA"}],"product_cat":[{"value":2583,"label":"Lampsarg"}],"pa_storlek-mm":[{"value":2114,"label":"58x90"}]},"featured_image_src_large":["https:\/\/xenonkungen.com\/wp-content\/uploads\/2025\/04\/21678073-origpic-17890c.jpg",800,800,false],"author_info":[],"comment_info":0,"_links":{"self":[{"href":"https:\/\/xenonkungen.com\/nl\/wp-json\/wp\/v2\/product\/8616","targetHints":{"allow":["GET"]}}],"collection":[{"href":"https:\/\/xenonkungen.com\/nl\/wp-json\/wp\/v2\/product"}],"about":[{"href":"https:\/\/xenonkungen.com\/nl\/wp-json\/wp\/v2\/types\/product"}],"replies":[{"embeddable":true,"href":"https:\/\/xenonkungen.com\/nl\/wp-json\/wp\/v2\/comments?post=8616"}],"wp:featuredmedia":[{"embeddable":true,"href":"https:\/\/xenonkungen.com\/nl\/wp-json\/wp\/v2\/media\/8617"}],"wp:attachment":[{"href":"https:\/\/xenonkungen.com\/nl\/wp-json\/wp\/v2\/media?parent=8616"}],"wp:term":[{"taxonomy":"anvandningsomrade","embeddable":true,"href":"https:\/\/xenonkungen.com\/nl\/wp-json\/wp\/v2\/anvandningsomrade?post=8616"},{"taxonomy":"bilmarken","embeddable":true,"href":"https:\/\/xenonkungen.com\/nl\/wp-json\/wp\/v2\/bilmarken?post=8616"},{"taxonomy":"product_brand","embeddable":true,"href":"https:\/\/xenonkungen.com\/nl\/wp-json\/wp\/v2\/product_brand?post=8616"},{"taxonomy":"product_cat","embeddable":true,"href":"https:\/\/xenonkungen.com\/nl\/wp-json\/wp\/v2\/product_cat?post=8616"},{"taxonomy":"product_tag","embeddable":true,"href":"https:\/\/xenonkungen.com\/nl\/wp-json\/wp\/v2\/product_tag?post=8616"}],"curies":[{"name":"wp","href":"https:\/\/api.w.org\/{rel}","templated":true}]}}