{"id":8819,"date":"2025-04-15T10:10:05","date_gmt":"2025-04-15T10:10:05","guid":{"rendered":"https:\/\/xenonkungen.com\/product\/airzing-mini-air-purifier\/"},"modified":"2026-02-25T07:40:15","modified_gmt":"2026-02-25T06:40:15","slug":"airzing-mini-luchtreiniger","status":"publish","type":"product","link":"https:\/\/xenonkungen.com\/nl\/product\/airzing-mini-luchtreiniger\/","title":{"rendered":"AirZing Mini Luchtreiniger"},"content":{"rendered":"<h1>OSRAM AirZing Mini<\/h1>\n<p>Een innovatieve oplossing voor het zuiveren van de lucht in voertuigen. Dankzij OSRAM&#039;s uitgebreide expertise op het gebied van uv-licht zuigt de AirZing Mini lucht aan en leidt deze over een titaniumdioxideplaat die samen met uv-A-licht een fotokatalytische reactie teweegbrengt. Deze reactie verwijdert schadelijke bacteri\u00ebn en virussen uit de lucht. Het zuiveringsproces kan ook nare geurtjes verwijderen, waardoor schone, frisse lucht overblijft.<\/p>\n<p>De titaniumdioxideplaat kan worden verwijderd, gewassen en vervolgens weer teruggeplaatst. Dit betekent dat er weinig onderhoud nodig is en dat u niet voortdurend filters hoeft te kopen en te vervangen.<\/p>\n<p>Speciaal ontworpen voor gebruik in een voertuig, is de AirZing Mini voorzien van magnetische ventilatieclips voor flexibele montage. De meegeleverde USB-C-kabel zorgt voor veilige stroomvoorziening onderweg.<\/p>\n<p class=\"font-text-standard\" data-copyto=\"text-below-img\">De OSRAM AirZing Mini is zo klein als een appel. Dankzij het slanke, zwarte ontwerp past hij in het interieur en wordt hij een discrete en betrouwbare reisgenoot. Met behulp van een magnetische adapter met clip kan de AirZing Mini eenvoudig aan de luchtuitlaat in de auto worden bevestigd. De stroomvoorziening vindt plaats via een USB-aansluiting. Met een geluidsniveau van slechts 25 decibel is hij stil en zuigt hij constant lucht uit de auto. De lucht stroomt door een titaniumoxidefilter dat wordt verlicht door UV-A-leds. Daarbij wordt tot 99%* van de schadelijke virussen en bacteri\u00ebn in de auto verwijderd en wordt de gezuiverde en ge\u00efoniseerde lucht via de bovenkant van het apparaat afgevoerd. Het verwijdert ook tot 90%* van formaldehyde, TVOC (vluchtige organische stoffen) en geuren.<\/p>\n<ul class=\"orange-dash-list textvis-org-next\" data-copyto=\"text-below-img\">\n<li>Kan tot 99%* van alle bacteri\u00ebn en sommige virussen doden<\/li>\n<li>Eenvoudig te gebruiken met magnetische houder en USB-kabel<\/li>\n<li>Het filter hoeft niet vervangen te worden en kan met schoon kraanwater gereinigd worden.<\/li>\n<li>Stille werking \u2013 slechts 25 decibel<\/li>\n<\/ul>\n<p class=\"font-text-standard\" data-copyto=\"text-below-img\">Of u uw auto nu voor priv\u00e9 of professioneel gebruik gebruikt, OSRAM AirZing Mini kan helpen het milieu in uw auto te verbeteren en de hoeveelheid virussen en bacteri\u00ebn in de lucht te verminderen. De volledige lucht in uw auto wordt in ongeveer 30 minuten gefilterd en gezuiverd. AirZing Mini verwijdert ook geurtjes en rook.<\/p>\n<p><iframe loading=\"lazy\" height=\"314\" src=\"https:\/\/www.youtube.com\/embed\/ZyYZ5SvSTA8?si=Y9vCy2n_1fzjO57J&amp;amp\" width=\"560\" allowfullscreen=\"allowfullscreen\"><\/iframe><\/p>","protected":false},"excerpt":{"rendered":"<p>Luchtreiniger van Osram! Helpt ongewenste deeltjes uit de lucht in uw auto te verwijderen.<\/p>","protected":false},"featured_media":8820,"comment_status":"closed","ping_status":"closed","template":"","meta":{"_acf_changed":false,"_smort_price_nok":"561","_smort_price_dkk":"509","_smort_price_eur":"68.18","_smort_sale_price_nok":"561","_smort_sale_price_dkk":"","_smort_sale_price_eur":"","smort_restorder":"","shipmondo_restorder":"","_kad_blocks_custom_css":"","_kad_blocks_head_custom_js":"","_kad_blocks_body_custom_js":"","_kad_blocks_footer_custom_js":"","smort_custom_pricelist_1":"480","smort_custom_pricelist_2":"480","smort_custom_pricelist_3":"456","smort_custom_pricelist_4":"600","smort_custom_pricelist_5":"480"},"anvandningsomrade":[],"bilmarken":[],"product_brand":[108],"product_cat":[2447,2854,378,1402],"product_tag":[],"class_list":{"0":"post-8819","1":"product","2":"type-product","3":"status-publish","4":"has-post-thumbnail","6":"product_brand-osram","7":"product_cat-doft","8":"product_cat-noel","9":"product_cat-bilvard","10":"product_cat-outlet","12":"first","13":"instock","14":"sale","15":"taxable","16":"shipping-taxable","17":"purchasable","18":"product-type-simple"},"bundled_by":[],"bundle_stock_status":"instock","bundle_stock_quantity":6,"bundle_virtual":false,"bundle_layout":"","bundle_add_to_cart_form_location":"","bundle_editable_in_cart":false,"bundle_sold_individually_context":"","bundle_item_grouping":"","bundle_min_size":"","bundle_max_size":"","bundle_price":[],"bundled_items":[],"bundle_sell_ids":[],"acf":[],"yoast_head":"<!-- This site is optimized with the Yoast SEO plugin v27.0 - https:\/\/yoast.com\/product\/yoast-seo-wordpress\/ -->\n<title>AirZing Mini Air Purifier - Xenonkungen<\/title>\n<meta name=\"robots\" content=\"index, follow, max-snippet:-1, max-image-preview:large, max-video-preview:-1\" \/>\n<link rel=\"canonical\" href=\"https:\/\/xenonkungen.com\/nl\/product\/airzing-mini-luchtreiniger\/\" \/>\n<meta property=\"og:locale\" content=\"nl_NL\" \/>\n<meta property=\"og:type\" content=\"article\" \/>\n<meta property=\"og:title\" content=\"AirZing Mini Air Purifier - Xenonkungen\" \/>\n<meta property=\"og:description\" content=\"Luftrenare fr\u00e5n Osram! Kan hj\u00e4lpa till med att ta bort o\u00f6nskade partiklar i luften ni har i er bil.\" \/>\n<meta property=\"og:url\" content=\"https:\/\/xenonkungen.com\/nl\/product\/airzing-mini-luchtreiniger\/\" \/>\n<meta property=\"og:site_name\" content=\"Xenonkungen\" \/>\n<meta property=\"article:modified_time\" content=\"2026-02-25T06:40:15+00:00\" \/>\n<meta property=\"og:image\" content=\"https:\/\/xenonkungen.com\/wp-content\/uploads\/2025\/04\/182438315-origpic-c12e3d.jpg\" \/>\n\t<meta property=\"og:image:width\" content=\"900\" \/>\n\t<meta property=\"og:image:height\" content=\"900\" \/>\n\t<meta property=\"og:image:type\" content=\"image\/jpeg\" \/>\n<meta name=\"twitter:card\" content=\"summary_large_image\" \/>\n<meta name=\"twitter:label1\" content=\"Geschatte leestijd\" \/>\n\t<meta name=\"twitter:data1\" content=\"2 minuten\" \/>\n<script type=\"application\/ld+json\" class=\"yoast-schema-graph\">{\"@context\":\"https:\/\/schema.org\",\"@graph\":[{\"@type\":\"WebPage\",\"@id\":\"https:\/\/xenonkungen.com\/produkt\/airzing-mini-air-purifier\/\",\"url\":\"https:\/\/xenonkungen.com\/produkt\/airzing-mini-air-purifier\/\",\"name\":\"AirZing Mini Air Purifier - Xenonkungen\",\"isPartOf\":{\"@id\":\"https:\/\/xenonkungen.com\/#website\"},\"primaryImageOfPage\":{\"@id\":\"https:\/\/xenonkungen.com\/produkt\/airzing-mini-air-purifier\/#primaryimage\"},\"image\":{\"@id\":\"https:\/\/xenonkungen.com\/produkt\/airzing-mini-air-purifier\/#primaryimage\"},\"thumbnailUrl\":\"https:\/\/xenonkungen.com\/wp-content\/uploads\/2025\/04\/182438315-origpic-c12e3d.jpg\",\"datePublished\":\"2025-04-15T10:10:05+00:00\",\"dateModified\":\"2026-02-25T06:40:15+00:00\",\"breadcrumb\":{\"@id\":\"https:\/\/xenonkungen.com\/produkt\/airzing-mini-air-purifier\/#breadcrumb\"},\"inLanguage\":\"nl-NL\",\"potentialAction\":[{\"@type\":\"ReadAction\",\"target\":[\"https:\/\/xenonkungen.com\/produkt\/airzing-mini-air-purifier\/\"]}]},{\"@type\":\"ImageObject\",\"inLanguage\":\"nl-NL\",\"@id\":\"https:\/\/xenonkungen.com\/produkt\/airzing-mini-air-purifier\/#primaryimage\",\"url\":\"https:\/\/xenonkungen.com\/wp-content\/uploads\/2025\/04\/182438315-origpic-c12e3d.jpg\",\"contentUrl\":\"https:\/\/xenonkungen.com\/wp-content\/uploads\/2025\/04\/182438315-origpic-c12e3d.jpg\",\"width\":900,\"height\":900},{\"@type\":\"BreadcrumbList\",\"@id\":\"https:\/\/xenonkungen.com\/produkt\/airzing-mini-air-purifier\/#breadcrumb\",\"itemListElement\":[{\"@type\":\"ListItem\",\"position\":1,\"name\":\"Hem\",\"item\":\"https:\/\/xenonkungen.com\/\"},{\"@type\":\"ListItem\",\"position\":2,\"name\":\"Shop\",\"item\":\"https:\/\/xenonkungen.com\/shop\/\"},{\"@type\":\"ListItem\",\"position\":3,\"name\":\"AirZing Mini Air Purifier\"}]},{\"@type\":\"WebSite\",\"@id\":\"https:\/\/xenonkungen.com\/#website\",\"url\":\"https:\/\/xenonkungen.com\/\",\"name\":\"Xenonkungen\",\"description\":\"\",\"potentialAction\":[{\"@type\":\"SearchAction\",\"target\":{\"@type\":\"EntryPoint\",\"urlTemplate\":\"https:\/\/xenonkungen.com\/?s={search_term_string}\"},\"query-input\":{\"@type\":\"PropertyValueSpecification\",\"valueRequired\":true,\"valueName\":\"search_term_string\"}}],\"inLanguage\":\"nl-NL\"}]}<\/script>\n<!-- \/ Yoast SEO plugin. -->","yoast_head_json":{"title":"AirZing Mini Luchtreiniger - De Xenon Koning","robots":{"index":"index","follow":"follow","max-snippet":"max-snippet:-1","max-image-preview":"max-image-preview:large","max-video-preview":"max-video-preview:-1"},"canonical":"https:\/\/xenonkungen.com\/nl\/product\/airzing-mini-luchtreiniger\/","og_locale":"nl_NL","og_type":"article","og_title":"AirZing Mini Air Purifier - Xenonkungen","og_description":"Luftrenare fr\u00e5n Osram! Kan hj\u00e4lpa till med att ta bort o\u00f6nskade partiklar i luften ni har i er bil.","og_url":"https:\/\/xenonkungen.com\/nl\/product\/airzing-mini-luchtreiniger\/","og_site_name":"Xenonkungen","article_modified_time":"2026-02-25T06:40:15+00:00","og_image":[{"width":900,"height":900,"url":"https:\/\/xenonkungen.com\/wp-content\/uploads\/2025\/04\/182438315-origpic-c12e3d.jpg","type":"image\/jpeg"}],"twitter_card":"summary_large_image","twitter_misc":{"Geschatte leestijd":"2 minuten"},"schema":{"@context":"https:\/\/schema.org","@graph":[{"@type":"WebPage","@id":"https:\/\/xenonkungen.com\/produkt\/airzing-mini-air-purifier\/","url":"https:\/\/xenonkungen.com\/produkt\/airzing-mini-air-purifier\/","name":"AirZing Mini Luchtreiniger - De Xenon Koning","isPartOf":{"@id":"https:\/\/xenonkungen.com\/#website"},"primaryImageOfPage":{"@id":"https:\/\/xenonkungen.com\/produkt\/airzing-mini-air-purifier\/#primaryimage"},"image":{"@id":"https:\/\/xenonkungen.com\/produkt\/airzing-mini-air-purifier\/#primaryimage"},"thumbnailUrl":"https:\/\/xenonkungen.com\/wp-content\/uploads\/2025\/04\/182438315-origpic-c12e3d.jpg","datePublished":"2025-04-15T10:10:05+00:00","dateModified":"2026-02-25T06:40:15+00:00","breadcrumb":{"@id":"https:\/\/xenonkungen.com\/produkt\/airzing-mini-air-purifier\/#breadcrumb"},"inLanguage":"nl-NL","potentialAction":[{"@type":"ReadAction","target":["https:\/\/xenonkungen.com\/produkt\/airzing-mini-air-purifier\/"]}]},{"@type":"ImageObject","inLanguage":"nl-NL","@id":"https:\/\/xenonkungen.com\/produkt\/airzing-mini-air-purifier\/#primaryimage","url":"https:\/\/xenonkungen.com\/wp-content\/uploads\/2025\/04\/182438315-origpic-c12e3d.jpg","contentUrl":"https:\/\/xenonkungen.com\/wp-content\/uploads\/2025\/04\/182438315-origpic-c12e3d.jpg","width":900,"height":900},{"@type":"BreadcrumbList","@id":"https:\/\/xenonkungen.com\/produkt\/airzing-mini-air-purifier\/#breadcrumb","itemListElement":[{"@type":"ListItem","position":1,"name":"Hem","item":"https:\/\/xenonkungen.com\/"},{"@type":"ListItem","position":2,"name":"Shop","item":"https:\/\/xenonkungen.com\/shop\/"},{"@type":"ListItem","position":3,"name":"AirZing Mini Air Purifier"}]},{"@type":"WebSite","@id":"https:\/\/xenonkungen.com\/#website","url":"https:\/\/xenonkungen.com\/","name":"Xenonkungen","description":"","potentialAction":[{"@type":"SearchAction","target":{"@type":"EntryPoint","urlTemplate":"https:\/\/xenonkungen.com\/?s={search_term_string}"},"query-input":{"@type":"PropertyValueSpecification","valueRequired":true,"valueName":"search_term_string"}}],"inLanguage":"nl-NL"}]}},"taxonomy_info":{"product_brand":[{"value":108,"label":"OSRAM"}],"product_cat":[{"value":2447,"label":"Doft"},{"value":2854,"label":"Noels EPA"},{"value":378,"label":"Bilv\u00e5rd"},{"value":1402,"label":"Outlet"}]},"featured_image_src_large":["https:\/\/xenonkungen.com\/wp-content\/uploads\/2025\/04\/182438315-origpic-c12e3d.jpg",900,900,false],"author_info":[],"comment_info":0,"_links":{"self":[{"href":"https:\/\/xenonkungen.com\/nl\/wp-json\/wp\/v2\/product\/8819","targetHints":{"allow":["GET"]}}],"collection":[{"href":"https:\/\/xenonkungen.com\/nl\/wp-json\/wp\/v2\/product"}],"about":[{"href":"https:\/\/xenonkungen.com\/nl\/wp-json\/wp\/v2\/types\/product"}],"replies":[{"embeddable":true,"href":"https:\/\/xenonkungen.com\/nl\/wp-json\/wp\/v2\/comments?post=8819"}],"wp:featuredmedia":[{"embeddable":true,"href":"https:\/\/xenonkungen.com\/nl\/wp-json\/wp\/v2\/media\/8820"}],"wp:attachment":[{"href":"https:\/\/xenonkungen.com\/nl\/wp-json\/wp\/v2\/media?parent=8819"}],"wp:term":[{"taxonomy":"anvandningsomrade","embeddable":true,"href":"https:\/\/xenonkungen.com\/nl\/wp-json\/wp\/v2\/anvandningsomrade?post=8819"},{"taxonomy":"bilmarken","embeddable":true,"href":"https:\/\/xenonkungen.com\/nl\/wp-json\/wp\/v2\/bilmarken?post=8819"},{"taxonomy":"product_brand","embeddable":true,"href":"https:\/\/xenonkungen.com\/nl\/wp-json\/wp\/v2\/product_brand?post=8819"},{"taxonomy":"product_cat","embeddable":true,"href":"https:\/\/xenonkungen.com\/nl\/wp-json\/wp\/v2\/product_cat?post=8819"},{"taxonomy":"product_tag","embeddable":true,"href":"https:\/\/xenonkungen.com\/nl\/wp-json\/wp\/v2\/product_tag?post=8819"}],"curies":[{"name":"wp","href":"https:\/\/api.w.org\/{rel}","templated":true}]}}