{"id":8903,"date":"2025-04-15T10:10:49","date_gmt":"2025-04-15T10:10:49","guid":{"rendered":"https:\/\/xenonkungen.com\/product\/tesla-model-x-led-door-sensor-light-2015\/"},"modified":"2025-12-10T14:50:38","modified_gmt":"2025-12-10T13:50:38","slug":"tesla-model-x-led-deursensorverlichting-2015","status":"publish","type":"product","link":"https:\/\/xenonkungen.com\/nl\/product\/tesla-model-x-led-deursensorverlichting-2015\/","title":{"rendered":"Tesla Model X LED-deursensor | 2015&gt;"},"content":{"rendered":"<h2 data-start=\"0\" data-end=\"69\"><strong data-start=\"0\" data-end=\"67\">Tesla Model X LED-deursensorlicht<\/strong><\/h2>\n<p data-start=\"71\" data-end=\"331\">Geef uw Tesla Model X een exclusieve touch met onze hoogwaardige <strong data-start=\"134\" data-end=\"156\">LED-deursensorlicht<\/strong>. Med <strong data-start=\"162\" data-end=\"197\">E-goedkeuring en 3 jaar garantie<\/strong> Je krijgt betrouwbare en stijlvolle verlichting die oplicht wanneer de deuren geopend worden. Perfect voor wie functionaliteit en design wil combineren.<\/p>\n<h3>Waarom kiezen voor onze LED signageverlichting?<\/h3>\n<ul>\n<li><strong>Volt:<\/strong> 12V<\/li>\n<li><strong>Eenvoudige installatie:<\/strong> Opschroefmodule \u2013 geen aanpassingen nodig!<\/li>\n<li><strong>Perfecte pasvorm:<\/strong> Ontworpen om eenvoudig te worden ge\u00efnstalleerd, op dezelfde manier als de originele verlichting.<\/li>\n<li><strong>Modern ontwerp:<\/strong> Geeft uw auto een stijlvolle en vernieuwde look.<\/li>\n<\/ul>\n<p>Geef uw auto een luxe uitstraling en verbeter de zichtbaarheid met onze LED-kentekenplaatverlichting \u2013 een kleine maar krachtige upgrade die een groot verschil maakt!<\/p>\n<p><em>Dit artikel is niet origineel en de handelsmerken worden hier gebruikt om aan te geven voor welke auto\/model het product bedoeld is.<\/em><\/p>\n<p><strong>Past op model<br \/><\/strong><\/p>\n<p>Tesla Model X 2015~<\/p>\n<p><strong>OEM-onderdeel #:<br \/><\/strong>\u2013 1036642-00-C<\/p>\n<p><span><em>We behouden het recht op onjuiste informatie.<\/em><\/span><\/p>\n<p><span><strong>Rapporten van klanten:<br \/><\/strong>&#8211;<\/span><\/p>\n<p><span>Set van 2.<br \/>3 jaar garantie.<br \/>E-geautoriseerd<\/span><\/p>","protected":false},"excerpt":{"rendered":"<p>Past op model<\/p>\n<p>Tesla Model X 2015~<\/p>\n<p>OEM-onderdeel #:<br \/>\n\u2013 1036642-00-C<\/p>\n<p>We behouden het recht op onjuiste informatie.<\/p>\n<p>Rapporten van klanten:<br \/>\n&#8211;<\/p>\n<p>Set van 2.<br \/>\n3 jaar garantie.<br \/>\nE-geautoriseerd<\/p>","protected":false},"featured_media":8904,"comment_status":"closed","ping_status":"closed","template":"","meta":{"_acf_changed":false,"_smort_price_nok":"159","_smort_price_dkk":"336","_smort_price_eur":"45","_smort_sale_price_nok":"159","_smort_sale_price_dkk":"","_smort_sale_price_eur":"13.54","smort_restorder":"","shipmondo_restorder":"","_kad_blocks_custom_css":"","_kad_blocks_head_custom_js":"","_kad_blocks_body_custom_js":"","_kad_blocks_footer_custom_js":"","smort_custom_pricelist_1":"316.8","smort_custom_pricelist_2":"277.2","smort_custom_pricelist_3":"257.4","smort_custom_pricelist_4":"396","smort_custom_pricelist_5":"277.2"},"anvandningsomrade":[167],"bilmarken":[290],"product_brand":[2792],"product_cat":[16],"product_tag":[],"class_list":{"0":"post-8903","1":"product","2":"type-product","3":"status-publish","4":"has-post-thumbnail","6":"anvandningsomrade-personbil","7":"bilmarken-tesla","8":"product_brand-tesla","9":"product_cat-uncategorized","10":"pa_volt-v-159","12":"first","13":"instock","14":"sale","15":"taxable","16":"shipping-taxable","17":"purchasable","18":"product-type-simple"},"bundled_by":[],"bundle_stock_status":"instock","bundle_stock_quantity":49,"bundle_virtual":false,"bundle_layout":"","bundle_add_to_cart_form_location":"","bundle_editable_in_cart":false,"bundle_sold_individually_context":"","bundle_item_grouping":"","bundle_min_size":"","bundle_max_size":"","bundle_price":[],"bundled_items":[],"bundle_sell_ids":[],"acf":[],"yoast_head":"<!-- This site is optimized with the Yoast SEO plugin v27.0 - https:\/\/yoast.com\/product\/yoast-seo-wordpress\/ -->\n<title>Tesla Model X LED Door Sensor Light | 2015&gt; - Xenonkungen<\/title>\n<meta name=\"robots\" content=\"index, follow, max-snippet:-1, max-image-preview:large, max-video-preview:-1\" \/>\n<link rel=\"canonical\" href=\"https:\/\/xenonkungen.com\/nl\/product\/tesla-model-x-led-deursensorverlichting-2015\/\" \/>\n<meta property=\"og:locale\" content=\"nl_NL\" \/>\n<meta property=\"og:type\" content=\"article\" \/>\n<meta property=\"og:title\" content=\"Tesla Model X LED Door Sensor Light | 2015&gt; - Xenonkungen\" \/>\n<meta property=\"og:description\" content=\"Passar modell Tesla Model X 2015~ OEM Part#: - 1036642-00-C Vi reserverar oss f\u00f6r felaktiga uppgifter. Kundrapporter: - Set om 2st. 3 \u00e5r garanti. E-godk\u00e4nd\" \/>\n<meta property=\"og:url\" content=\"https:\/\/xenonkungen.com\/nl\/product\/tesla-model-x-led-deursensorverlichting-2015\/\" \/>\n<meta property=\"og:site_name\" content=\"Xenonkungen\" \/>\n<meta property=\"article:modified_time\" content=\"2025-12-10T13:50:38+00:00\" \/>\n<meta property=\"og:image\" content=\"https:\/\/xenonkungen.com\/wp-content\/uploads\/2025\/04\/SZ0iuIrQ.png\" \/>\n\t<meta property=\"og:image:width\" content=\"1000\" \/>\n\t<meta property=\"og:image:height\" content=\"1000\" \/>\n\t<meta property=\"og:image:type\" content=\"image\/png\" \/>\n<meta name=\"twitter:card\" content=\"summary_large_image\" \/>\n<meta name=\"twitter:label1\" content=\"Geschatte leestijd\" \/>\n\t<meta name=\"twitter:data1\" content=\"1 minuut\" \/>\n<script type=\"application\/ld+json\" class=\"yoast-schema-graph\">{\"@context\":\"https:\/\/schema.org\",\"@graph\":[{\"@type\":\"WebPage\",\"@id\":\"https:\/\/xenonkungen.com\/nl\/product\/tesla-model-x-led-deursensorverlichting-2015\/\",\"url\":\"https:\/\/xenonkungen.com\/nl\/product\/tesla-model-x-led-deursensorverlichting-2015\/\",\"name\":\"Tesla Model X LED Door Sensor Light | 2015> - Xenonkungen\",\"isPartOf\":{\"@id\":\"https:\/\/xenonkungen.com\/#website\"},\"primaryImageOfPage\":{\"@id\":\"https:\/\/xenonkungen.com\/nl\/product\/tesla-model-x-led-deursensorverlichting-2015\/#primaryimage\"},\"image\":{\"@id\":\"https:\/\/xenonkungen.com\/nl\/product\/tesla-model-x-led-deursensorverlichting-2015\/#primaryimage\"},\"thumbnailUrl\":\"https:\/\/xenonkungen.com\/wp-content\/uploads\/2025\/04\/SZ0iuIrQ.png\",\"datePublished\":\"2025-04-15T10:10:49+00:00\",\"dateModified\":\"2025-12-10T13:50:38+00:00\",\"breadcrumb\":{\"@id\":\"https:\/\/xenonkungen.com\/nl\/product\/tesla-model-x-led-deursensorverlichting-2015\/#breadcrumb\"},\"inLanguage\":\"nl-NL\",\"potentialAction\":[{\"@type\":\"ReadAction\",\"target\":[\"https:\/\/xenonkungen.com\/nl\/product\/tesla-model-x-led-deursensorverlichting-2015\/\"]}]},{\"@type\":\"ImageObject\",\"inLanguage\":\"nl-NL\",\"@id\":\"https:\/\/xenonkungen.com\/nl\/product\/tesla-model-x-led-deursensorverlichting-2015\/#primaryimage\",\"url\":\"https:\/\/xenonkungen.com\/wp-content\/uploads\/2025\/04\/SZ0iuIrQ.png\",\"contentUrl\":\"https:\/\/xenonkungen.com\/wp-content\/uploads\/2025\/04\/SZ0iuIrQ.png\",\"width\":1000,\"height\":1000},{\"@type\":\"BreadcrumbList\",\"@id\":\"https:\/\/xenonkungen.com\/nl\/product\/tesla-model-x-led-deursensorverlichting-2015\/#breadcrumb\",\"itemListElement\":[{\"@type\":\"ListItem\",\"position\":1,\"name\":\"Hem\",\"item\":\"https:\/\/xenonkungen.com\/\"},{\"@type\":\"ListItem\",\"position\":2,\"name\":\"Shop\",\"item\":\"https:\/\/xenonkungen.com\/shop\/\"},{\"@type\":\"ListItem\",\"position\":3,\"name\":\"Tesla Model X LED Door Sensor Light | 2015>\"}]},{\"@type\":\"WebSite\",\"@id\":\"https:\/\/xenonkungen.com\/#website\",\"url\":\"https:\/\/xenonkungen.com\/\",\"name\":\"Xenonkungen\",\"description\":\"\",\"potentialAction\":[{\"@type\":\"SearchAction\",\"target\":{\"@type\":\"EntryPoint\",\"urlTemplate\":\"https:\/\/xenonkungen.com\/?s={search_term_string}\"},\"query-input\":{\"@type\":\"PropertyValueSpecification\",\"valueRequired\":true,\"valueName\":\"search_term_string\"}}],\"inLanguage\":\"nl-NL\"}]}<\/script>\n<!-- \/ Yoast SEO plugin. -->","yoast_head_json":{"title":"Tesla Model X LED-deursensorlampje | 2015&gt; - De Xenonkoning","robots":{"index":"index","follow":"follow","max-snippet":"max-snippet:-1","max-image-preview":"max-image-preview:large","max-video-preview":"max-video-preview:-1"},"canonical":"https:\/\/xenonkungen.com\/nl\/product\/tesla-model-x-led-deursensorverlichting-2015\/","og_locale":"nl_NL","og_type":"article","og_title":"Tesla Model X LED Door Sensor Light | 2015> - Xenonkungen","og_description":"Passar modell Tesla Model X 2015~ OEM Part#: - 1036642-00-C Vi reserverar oss f\u00f6r felaktiga uppgifter. Kundrapporter: - Set om 2st. 3 \u00e5r garanti. E-godk\u00e4nd","og_url":"https:\/\/xenonkungen.com\/nl\/product\/tesla-model-x-led-deursensorverlichting-2015\/","og_site_name":"Xenonkungen","article_modified_time":"2025-12-10T13:50:38+00:00","og_image":[{"width":1000,"height":1000,"url":"https:\/\/xenonkungen.com\/wp-content\/uploads\/2025\/04\/SZ0iuIrQ.png","type":"image\/png"}],"twitter_card":"summary_large_image","twitter_misc":{"Geschatte leestijd":"1 minuut"},"schema":{"@context":"https:\/\/schema.org","@graph":[{"@type":"WebPage","@id":"https:\/\/xenonkungen.com\/nl\/product\/tesla-model-x-led-deursensorverlichting-2015\/","url":"https:\/\/xenonkungen.com\/nl\/product\/tesla-model-x-led-deursensorverlichting-2015\/","name":"Tesla Model X LED-deursensorlampje | 2015&gt; - De Xenonkoning","isPartOf":{"@id":"https:\/\/xenonkungen.com\/#website"},"primaryImageOfPage":{"@id":"https:\/\/xenonkungen.com\/nl\/product\/tesla-model-x-led-deursensorverlichting-2015\/#primaryimage"},"image":{"@id":"https:\/\/xenonkungen.com\/nl\/product\/tesla-model-x-led-deursensorverlichting-2015\/#primaryimage"},"thumbnailUrl":"https:\/\/xenonkungen.com\/wp-content\/uploads\/2025\/04\/SZ0iuIrQ.png","datePublished":"2025-04-15T10:10:49+00:00","dateModified":"2025-12-10T13:50:38+00:00","breadcrumb":{"@id":"https:\/\/xenonkungen.com\/nl\/product\/tesla-model-x-led-deursensorverlichting-2015\/#breadcrumb"},"inLanguage":"nl-NL","potentialAction":[{"@type":"ReadAction","target":["https:\/\/xenonkungen.com\/nl\/product\/tesla-model-x-led-deursensorverlichting-2015\/"]}]},{"@type":"ImageObject","inLanguage":"nl-NL","@id":"https:\/\/xenonkungen.com\/nl\/product\/tesla-model-x-led-deursensorverlichting-2015\/#primaryimage","url":"https:\/\/xenonkungen.com\/wp-content\/uploads\/2025\/04\/SZ0iuIrQ.png","contentUrl":"https:\/\/xenonkungen.com\/wp-content\/uploads\/2025\/04\/SZ0iuIrQ.png","width":1000,"height":1000},{"@type":"BreadcrumbList","@id":"https:\/\/xenonkungen.com\/nl\/product\/tesla-model-x-led-deursensorverlichting-2015\/#breadcrumb","itemListElement":[{"@type":"ListItem","position":1,"name":"Hem","item":"https:\/\/xenonkungen.com\/"},{"@type":"ListItem","position":2,"name":"Shop","item":"https:\/\/xenonkungen.com\/shop\/"},{"@type":"ListItem","position":3,"name":"Tesla Model X LED Door Sensor Light | 2015>"}]},{"@type":"WebSite","@id":"https:\/\/xenonkungen.com\/#website","url":"https:\/\/xenonkungen.com\/","name":"Xenonkungen","description":"","potentialAction":[{"@type":"SearchAction","target":{"@type":"EntryPoint","urlTemplate":"https:\/\/xenonkungen.com\/?s={search_term_string}"},"query-input":{"@type":"PropertyValueSpecification","valueRequired":true,"valueName":"search_term_string"}}],"inLanguage":"nl-NL"}]}},"taxonomy_info":{"anvandningsomrade":[{"value":167,"label":"PERSONBIL"}],"bilmarken":[{"value":290,"label":"Tesla"}],"product_brand":[{"value":2792,"label":"TESLA"}],"product_cat":[{"value":16,"label":"Uncategorized"}],"pa_volt-v":[{"value":159,"label":"12"}]},"featured_image_src_large":["https:\/\/xenonkungen.com\/wp-content\/uploads\/2025\/04\/SZ0iuIrQ.png",1000,1000,false],"author_info":[],"comment_info":0,"_links":{"self":[{"href":"https:\/\/xenonkungen.com\/nl\/wp-json\/wp\/v2\/product\/8903","targetHints":{"allow":["GET"]}}],"collection":[{"href":"https:\/\/xenonkungen.com\/nl\/wp-json\/wp\/v2\/product"}],"about":[{"href":"https:\/\/xenonkungen.com\/nl\/wp-json\/wp\/v2\/types\/product"}],"replies":[{"embeddable":true,"href":"https:\/\/xenonkungen.com\/nl\/wp-json\/wp\/v2\/comments?post=8903"}],"wp:featuredmedia":[{"embeddable":true,"href":"https:\/\/xenonkungen.com\/nl\/wp-json\/wp\/v2\/media\/8904"}],"wp:attachment":[{"href":"https:\/\/xenonkungen.com\/nl\/wp-json\/wp\/v2\/media?parent=8903"}],"wp:term":[{"taxonomy":"anvandningsomrade","embeddable":true,"href":"https:\/\/xenonkungen.com\/nl\/wp-json\/wp\/v2\/anvandningsomrade?post=8903"},{"taxonomy":"bilmarken","embeddable":true,"href":"https:\/\/xenonkungen.com\/nl\/wp-json\/wp\/v2\/bilmarken?post=8903"},{"taxonomy":"product_brand","embeddable":true,"href":"https:\/\/xenonkungen.com\/nl\/wp-json\/wp\/v2\/product_brand?post=8903"},{"taxonomy":"product_cat","embeddable":true,"href":"https:\/\/xenonkungen.com\/nl\/wp-json\/wp\/v2\/product_cat?post=8903"},{"taxonomy":"product_tag","embeddable":true,"href":"https:\/\/xenonkungen.com\/nl\/wp-json\/wp\/v2\/product_tag?post=8903"}],"curies":[{"name":"wp","href":"https:\/\/api.w.org\/{rel}","templated":true}]}}