{"id":9302,"date":"2025-05-20T07:52:56","date_gmt":"2025-05-20T07:52:56","guid":{"rendered":"https:\/\/xenonkungen.com\/product\/luxtar-stellar-white-rad5-yellow\/"},"modified":"2026-04-11T01:58:32","modified_gmt":"2026-04-11T00:58:32","slug":"luxtar-stellar-white-rad5-geel","status":"publish","type":"product","link":"https:\/\/xenonkungen.com\/nl\/product\/luxtar-stellar-white-rad5-geel\/","title":{"rendered":"Luxtar Stellair Wit RAD5 | Geel"},"content":{"rendered":"<h2>Luxtar Stellar White RAD5 | Yellow - Maximale prestaties in elk detail<\/h2>\n<p>Ontdek het volgende niveau van extra licht met <strong>Luxtar Stellair Wit RAD5 | Geel<\/strong>Ontworpen voor diegenen die het allerbeste eisen in zowel stijl als functie. Uitgerust met 20 krachtige Osram diodes, levert deze hoogwaardige schijnwerper een indrukwekkende lichtstroom van <strong>12 200 lumen<\/strong>Maak van de nacht je baken. Met een <strong>Rijbalk schuif<\/strong> Het verspreidt het licht breed over de weg en verlicht ook de randen, zodat je alles kunt zien, ongeacht de omstandigheden.<\/p>\n<ul>\n<li>Bereik: 1 lux @ 790 m \/ R112: 1 lux @ 460 m<\/li>\n<li>12 200 werkelijke lumen<\/li>\n<li>Boost-functie voor extra helderheid<\/li>\n<li>Kies tussen wit of oranje positielicht<\/li>\n<li>Schok- en weerbestendige constructie<\/li>\n<\/ul>\n<h3>Verlichting van wereldklasse<\/h3>\n<p>Met een assortiment van <strong>1 lux op 790 meter<\/strong> en een gebalanceerde kleurtemperatuur van <strong>5500K<\/strong>krijg je niet alleen heldere en scherpe verlichting, maar ook een comfortabele lichtervaring die prettig is voor de ogen. Perfect voor lange reizen en uitdagend terrein waar elk detail telt. Je ziet gevaren op tijd en navigeert met volledige controle.<\/p>\n<h3>Ervaar dynamische elegantie<\/h3>\n<p>De nieuwe <strong>Dynamische opstartfuncties<\/strong> voor positielichten maakt indruk met een unieke lichtshow bij elke start. Kies tussen traditioneel <strong>wit<\/strong> of de opvallende <strong>het oranje licht<\/strong> om je eigen stijl op de weg te zetten. Reflectoren met achtergrondverlichting cre\u00ebren ook een wow-effect waardoor je voertuig opvalt, zowel bij daglicht als in het donker.<\/p>\n<h3>Gebouwd om lang mee te gaan - in weer en wind<\/h3>\n<p>Dankzij een frameloze, <strong>Onbreekbare polycarbonaat lens<\/strong> De Luxtar Stellar RAD5 Yellow heeft een gladde voorkant om ophoping van sneeuw en ijs te voorkomen en levert betrouwbare prestaties, ongeacht de weersomstandigheden. Met een extra <strong>boost-functie<\/strong> krijg je extra helderheid wanneer je die het meest nodig hebt, en dankzij de robuuste montagevoet en de meegeleverde 4-pins DT-connectoren is de installatie eenvoudig en veilig.<\/p>\n<h3>E-goedgekeurd en veilig<\/h3>\n<p><strong>Stellair wit RAD5 Geel<\/strong>\u00a0is E-goedgekeurd, waardoor hij legaal op de weg gebruikt mag worden. Bovendien wordt hij geleverd met <strong>3 jaar garantie<\/strong> voor uw gemoedsrust.<\/p>","protected":false},"excerpt":{"rendered":"<p>Ontdek de ultieme verlichting met Luxtar Stellar White RAD5 | Yellow. Uitgerust met 20 Osram diodes en 12.200 lumen, biedt het een breed lichtveld, dynamische opstartfunctie en weerbestendige duurzaamheid. Perfect voor maximale zichtbaarheid en veiligheid op de weg.<\/p>","protected":false},"featured_media":10271,"comment_status":"closed","ping_status":"closed","template":"","meta":{"_acf_changed":false,"_smort_price_nok":"14521","_smort_price_dkk":"9225","_smort_price_eur":"1235.85","_smort_sale_price_nok":"","_smort_sale_price_dkk":"","_smort_sale_price_eur":"","smort_restorder":"","shipmondo_restorder":"","_kad_blocks_custom_css":"","_kad_blocks_head_custom_js":"","_kad_blocks_body_custom_js":"","_kad_blocks_footer_custom_js":"","smort_custom_pricelist_1":"8700.8","smort_custom_pricelist_2":"7613.2","smort_custom_pricelist_3":"7069.4","smort_custom_pricelist_4":"10876","smort_custom_pricelist_5":"7613.2"},"anvandningsomrade":[207,166,167,1915],"bilmarken":[168],"product_brand":[103],"product_cat":[2826,2820,1859],"product_tag":[2726],"class_list":{"0":"post-9302","1":"product","2":"type-product","3":"status-publish","4":"has-post-thumbnail","6":"anvandningsomrade-husbil","7":"anvandningsomrade-lastbil","8":"anvandningsomrade-personbil","9":"anvandningsomrade-skapbil","10":"bilmarken-alla","11":"product_brand-luxtar","12":"product_cat-luxtar","13":"product_cat-luxtar-paketlosningar","14":"product_cat-extraljuspaket","15":"product_tag-produktpaket","16":"pa_faktisk-effekts-forbrukning-175","17":"pa_fargtemperatur-yellow","18":"pa_fuktskydd-varde-ipxx-ip68","19":"pa_godkannande-e-marked-r112-r10-r148-r149","20":"pa_lampsockel-kontakt-dt4","21":"pa_ljusbild-driving","22":"pa_storlek-mm-229x226x90","23":"pa_stromforbrukning-5a-24v","24":"pa_stromforbrukning-88a-137v","25":"pa_volt-v-9-12-24-32","27":"first","28":"outofstock","29":"taxable","30":"shipping-taxable","31":"purchasable","32":"product-type-bundle"},"bundled_by":[],"bundle_stock_status":"outofstock","bundle_stock_quantity":0,"bundle_virtual":false,"bundle_layout":"default","bundle_add_to_cart_form_location":"default","bundle_editable_in_cart":false,"bundle_sold_individually_context":"product","bundle_item_grouping":"parent","bundle_min_size":"","bundle_max_size":"","bundle_price":{"price":{"min":{"incl_tax":"1235.8","excl_tax":"988.63742708"},"max":{"incl_tax":"1235.8","excl_tax":"988.63742708"}},"regular_price":{"min":{"incl_tax":"1235.8","excl_tax":"988.63742708"},"max":{"incl_tax":"1235.8","excl_tax":"988.63742708"}}},"bundled_items":[{"bundled_item_id":116,"product_id":1067,"menu_order":0,"quantity_min":1,"quantity_max":1,"quantity_default":1,"priced_individually":false,"shipped_individually":false,"override_title":false,"title":"Luxtar Relais kabelset DT-4 X1 12V 80A Relais","override_description":false,"description":"","optional":false,"hide_thumbnail":false,"discount":"","override_variations":false,"allowed_variations":[],"override_default_variation_attributes":false,"default_variation_attributes":[],"single_product_visibility":"visible","cart_visibility":"visible","order_visibility":"visible","single_product_price_visibility":"visible","cart_price_visibility":"visible","order_price_visibility":"visible","stock_status":"in_stock"},{"bundled_item_id":117,"product_id":1056,"menu_order":1,"quantity_min":1,"quantity_max":1,"quantity_default":1,"priced_individually":false,"shipped_individually":false,"override_title":false,"title":"Luxtar relaiskabelset DT-4 X4 12V 80A relais","override_description":false,"description":"","optional":false,"hide_thumbnail":false,"discount":"","override_variations":false,"allowed_variations":[],"override_default_variation_attributes":false,"default_variation_attributes":[],"single_product_visibility":"visible","cart_visibility":"visible","order_visibility":"visible","single_product_price_visibility":"visible","cart_price_visibility":"visible","order_price_visibility":"visible","stock_status":"in_stock"},{"bundled_item_id":118,"product_id":2722,"menu_order":2,"quantity_min":1,"quantity_max":1,"quantity_default":1,"priced_individually":false,"shipped_individually":false,"override_title":false,"title":"Extra lichte beugel voor 5 stuks 225mm|9&quot; Rally five","override_description":false,"description":"","optional":false,"hide_thumbnail":false,"discount":"","override_variations":false,"allowed_variations":[],"override_default_variation_attributes":false,"default_variation_attributes":[],"single_product_visibility":"visible","cart_visibility":"visible","order_visibility":"visible","single_product_price_visibility":"visible","cart_price_visibility":"visible","order_price_visibility":"visible","stock_status":"in_stock"}],"bundle_sell_ids":[],"acf":[],"yoast_head":"<!-- This site is optimized with the Yoast SEO plugin v27.0 - https:\/\/yoast.com\/product\/yoast-seo-wordpress\/ -->\n<title>Luxtar Stellar White RAD5 | Yellow - Xenonkungen<\/title>\n<meta name=\"robots\" content=\"index, follow, max-snippet:-1, max-image-preview:large, max-video-preview:-1\" \/>\n<link rel=\"canonical\" href=\"https:\/\/xenonkungen.com\/nl\/product\/luxtar-stellar-white-rad5-geel\/\" \/>\n<meta property=\"og:locale\" content=\"nl_NL\" \/>\n<meta property=\"og:type\" content=\"article\" \/>\n<meta property=\"og:title\" content=\"Luxtar Stellar White RAD5 | Yellow - Xenonkungen\" \/>\n<meta property=\"og:description\" content=\"Uppt\u00e4ck ultimata belysning med Luxtar Stellar White RAD5 | Yellow. Utrustad med 20 Osram-dioder och 12 200 lumen, erbjuder den brett ljusf\u00e4lt, dynamisk uppstartsfunktion och v\u00e4dert\u00e5lig h\u00e5llbarhet. Perfekt f\u00f6r maximal sikt och s\u00e4kerhet p\u00e5 v\u00e4gen.\" \/>\n<meta property=\"og:url\" content=\"https:\/\/xenonkungen.com\/nl\/product\/luxtar-stellar-white-rad5-geel\/\" \/>\n<meta property=\"og:site_name\" content=\"Xenonkungen\" \/>\n<meta property=\"article:modified_time\" content=\"2026-04-11T00:58:32+00:00\" \/>\n<meta property=\"og:image\" content=\"https:\/\/xenonkungen.com\/wp-content\/uploads\/2025\/05\/XX-Stellar5WY.png\" \/>\n\t<meta property=\"og:image:width\" content=\"1000\" \/>\n\t<meta property=\"og:image:height\" content=\"1000\" \/>\n\t<meta property=\"og:image:type\" content=\"image\/png\" \/>\n<meta name=\"twitter:card\" content=\"summary_large_image\" \/>\n<meta name=\"twitter:label1\" content=\"Geschatte leestijd\" \/>\n\t<meta name=\"twitter:data1\" content=\"2 minuten\" \/>\n<script type=\"application\/ld+json\" class=\"yoast-schema-graph\">{\"@context\":\"https:\/\/schema.org\",\"@graph\":[{\"@type\":\"WebPage\",\"@id\":\"https:\/\/xenonkungen.com\/produkt\/luxtar-stellar-white-rad5-yellow\/\",\"url\":\"https:\/\/xenonkungen.com\/produkt\/luxtar-stellar-white-rad5-yellow\/\",\"name\":\"Luxtar Stellar White RAD5 | Yellow - Xenonkungen\",\"isPartOf\":{\"@id\":\"https:\/\/xenonkungen.com\/#website\"},\"primaryImageOfPage\":{\"@id\":\"https:\/\/xenonkungen.com\/produkt\/luxtar-stellar-white-rad5-yellow\/#primaryimage\"},\"image\":{\"@id\":\"https:\/\/xenonkungen.com\/produkt\/luxtar-stellar-white-rad5-yellow\/#primaryimage\"},\"thumbnailUrl\":\"https:\/\/xenonkungen.com\/wp-content\/uploads\/2025\/05\/XX-Stellar5WY.png\",\"datePublished\":\"2025-05-20T07:52:56+00:00\",\"dateModified\":\"2026-04-11T00:58:32+00:00\",\"breadcrumb\":{\"@id\":\"https:\/\/xenonkungen.com\/produkt\/luxtar-stellar-white-rad5-yellow\/#breadcrumb\"},\"inLanguage\":\"nl-NL\",\"potentialAction\":[{\"@type\":\"ReadAction\",\"target\":[\"https:\/\/xenonkungen.com\/produkt\/luxtar-stellar-white-rad5-yellow\/\"]}]},{\"@type\":\"ImageObject\",\"inLanguage\":\"nl-NL\",\"@id\":\"https:\/\/xenonkungen.com\/produkt\/luxtar-stellar-white-rad5-yellow\/#primaryimage\",\"url\":\"https:\/\/xenonkungen.com\/wp-content\/uploads\/2025\/05\/XX-Stellar5WY.png\",\"contentUrl\":\"https:\/\/xenonkungen.com\/wp-content\/uploads\/2025\/05\/XX-Stellar5WY.png\",\"width\":1000,\"height\":1000},{\"@type\":\"BreadcrumbList\",\"@id\":\"https:\/\/xenonkungen.com\/produkt\/luxtar-stellar-white-rad5-yellow\/#breadcrumb\",\"itemListElement\":[{\"@type\":\"ListItem\",\"position\":1,\"name\":\"Hem\",\"item\":\"https:\/\/xenonkungen.com\/\"},{\"@type\":\"ListItem\",\"position\":2,\"name\":\"Shop\",\"item\":\"https:\/\/xenonkungen.com\/shop\/\"},{\"@type\":\"ListItem\",\"position\":3,\"name\":\"Luxtar Stellar White RAD5 | Yellow\"}]},{\"@type\":\"WebSite\",\"@id\":\"https:\/\/xenonkungen.com\/#website\",\"url\":\"https:\/\/xenonkungen.com\/\",\"name\":\"Xenonkungen\",\"description\":\"\",\"potentialAction\":[{\"@type\":\"SearchAction\",\"target\":{\"@type\":\"EntryPoint\",\"urlTemplate\":\"https:\/\/xenonkungen.com\/?s={search_term_string}\"},\"query-input\":{\"@type\":\"PropertyValueSpecification\",\"valueRequired\":true,\"valueName\":\"search_term_string\"}}],\"inLanguage\":\"nl-NL\"}]}<\/script>\n<!-- \/ Yoast SEO plugin. -->","yoast_head_json":{"title":"Luxtar Stellar White RAD5 | Geel - De Xenon Koning","robots":{"index":"index","follow":"follow","max-snippet":"max-snippet:-1","max-image-preview":"max-image-preview:large","max-video-preview":"max-video-preview:-1"},"canonical":"https:\/\/xenonkungen.com\/nl\/product\/luxtar-stellar-white-rad5-geel\/","og_locale":"nl_NL","og_type":"article","og_title":"Luxtar Stellar White RAD5 | Yellow - Xenonkungen","og_description":"Uppt\u00e4ck ultimata belysning med Luxtar Stellar White RAD5 | Yellow. Utrustad med 20 Osram-dioder och 12 200 lumen, erbjuder den brett ljusf\u00e4lt, dynamisk uppstartsfunktion och v\u00e4dert\u00e5lig h\u00e5llbarhet. Perfekt f\u00f6r maximal sikt och s\u00e4kerhet p\u00e5 v\u00e4gen.","og_url":"https:\/\/xenonkungen.com\/nl\/product\/luxtar-stellar-white-rad5-geel\/","og_site_name":"Xenonkungen","article_modified_time":"2026-04-11T00:58:32+00:00","og_image":[{"width":1000,"height":1000,"url":"https:\/\/xenonkungen.com\/wp-content\/uploads\/2025\/05\/XX-Stellar5WY.png","type":"image\/png"}],"twitter_card":"summary_large_image","twitter_misc":{"Geschatte leestijd":"2 minuten"},"schema":{"@context":"https:\/\/schema.org","@graph":[{"@type":"WebPage","@id":"https:\/\/xenonkungen.com\/produkt\/luxtar-stellar-white-rad5-yellow\/","url":"https:\/\/xenonkungen.com\/produkt\/luxtar-stellar-white-rad5-yellow\/","name":"Luxtar Stellar White RAD5 | Geel - De Xenon Koning","isPartOf":{"@id":"https:\/\/xenonkungen.com\/#website"},"primaryImageOfPage":{"@id":"https:\/\/xenonkungen.com\/produkt\/luxtar-stellar-white-rad5-yellow\/#primaryimage"},"image":{"@id":"https:\/\/xenonkungen.com\/produkt\/luxtar-stellar-white-rad5-yellow\/#primaryimage"},"thumbnailUrl":"https:\/\/xenonkungen.com\/wp-content\/uploads\/2025\/05\/XX-Stellar5WY.png","datePublished":"2025-05-20T07:52:56+00:00","dateModified":"2026-04-11T00:58:32+00:00","breadcrumb":{"@id":"https:\/\/xenonkungen.com\/produkt\/luxtar-stellar-white-rad5-yellow\/#breadcrumb"},"inLanguage":"nl-NL","potentialAction":[{"@type":"ReadAction","target":["https:\/\/xenonkungen.com\/produkt\/luxtar-stellar-white-rad5-yellow\/"]}]},{"@type":"ImageObject","inLanguage":"nl-NL","@id":"https:\/\/xenonkungen.com\/produkt\/luxtar-stellar-white-rad5-yellow\/#primaryimage","url":"https:\/\/xenonkungen.com\/wp-content\/uploads\/2025\/05\/XX-Stellar5WY.png","contentUrl":"https:\/\/xenonkungen.com\/wp-content\/uploads\/2025\/05\/XX-Stellar5WY.png","width":1000,"height":1000},{"@type":"BreadcrumbList","@id":"https:\/\/xenonkungen.com\/produkt\/luxtar-stellar-white-rad5-yellow\/#breadcrumb","itemListElement":[{"@type":"ListItem","position":1,"name":"Hem","item":"https:\/\/xenonkungen.com\/"},{"@type":"ListItem","position":2,"name":"Shop","item":"https:\/\/xenonkungen.com\/shop\/"},{"@type":"ListItem","position":3,"name":"Luxtar Stellar White RAD5 | Yellow"}]},{"@type":"WebSite","@id":"https:\/\/xenonkungen.com\/#website","url":"https:\/\/xenonkungen.com\/","name":"Xenonkungen","description":"","potentialAction":[{"@type":"SearchAction","target":{"@type":"EntryPoint","urlTemplate":"https:\/\/xenonkungen.com\/?s={search_term_string}"},"query-input":{"@type":"PropertyValueSpecification","valueRequired":true,"valueName":"search_term_string"}}],"inLanguage":"nl-NL"}]}},"taxonomy_info":{"anvandningsomrade":[{"value":207,"label":"Husbil"},{"value":166,"label":"Lastbil"},{"value":167,"label":"PERSONBIL"},{"value":1915,"label":"Sk\u00e5pbil"}],"bilmarken":[{"value":168,"label":"Alla"}],"product_brand":[{"value":103,"label":"LUXTAR"}],"product_cat":[{"value":2826,"label":"LUXTAR"},{"value":2820,"label":"Luxtar - Paketl\u00f6sningar"},{"value":1859,"label":"Extraljuspaket"}],"product_tag":[{"value":2726,"label":"produktpaket"}],"pa_faktisk-effekts-forbrukning":[{"value":175,"label":"120"}],"pa_fargtemperatur":[{"value":1117,"label":"Yellow"}],"pa_fuktskydd-varde-ipxx":[{"value":177,"label":"IP68"}],"pa_godkannande":[{"value":2187,"label":"E marked , R112 , R10 , R148 , R149"}],"pa_lampsockel-kontakt":[{"value":404,"label":"DT4"}],"pa_ljusbild":[{"value":178,"label":"Driving"}],"pa_storlek-mm":[{"value":2185,"label":"229x226x90"}],"pa_stromforbrukning":[{"value":180,"label":"5A @24V"},{"value":179,"label":"8,8A @13,7V"}],"pa_volt-v":[{"value":2186,"label":"9, 12, 24, 32"}]},"featured_image_src_large":["https:\/\/xenonkungen.com\/wp-content\/uploads\/2025\/05\/XX-Stellar5WY.png",1000,1000,false],"author_info":[],"comment_info":0,"_links":{"self":[{"href":"https:\/\/xenonkungen.com\/nl\/wp-json\/wp\/v2\/product\/9302","targetHints":{"allow":["GET"]}}],"collection":[{"href":"https:\/\/xenonkungen.com\/nl\/wp-json\/wp\/v2\/product"}],"about":[{"href":"https:\/\/xenonkungen.com\/nl\/wp-json\/wp\/v2\/types\/product"}],"replies":[{"embeddable":true,"href":"https:\/\/xenonkungen.com\/nl\/wp-json\/wp\/v2\/comments?post=9302"}],"wp:featuredmedia":[{"embeddable":true,"href":"https:\/\/xenonkungen.com\/nl\/wp-json\/wp\/v2\/media\/10271"}],"wp:attachment":[{"href":"https:\/\/xenonkungen.com\/nl\/wp-json\/wp\/v2\/media?parent=9302"}],"wp:term":[{"taxonomy":"anvandningsomrade","embeddable":true,"href":"https:\/\/xenonkungen.com\/nl\/wp-json\/wp\/v2\/anvandningsomrade?post=9302"},{"taxonomy":"bilmarken","embeddable":true,"href":"https:\/\/xenonkungen.com\/nl\/wp-json\/wp\/v2\/bilmarken?post=9302"},{"taxonomy":"product_brand","embeddable":true,"href":"https:\/\/xenonkungen.com\/nl\/wp-json\/wp\/v2\/product_brand?post=9302"},{"taxonomy":"product_cat","embeddable":true,"href":"https:\/\/xenonkungen.com\/nl\/wp-json\/wp\/v2\/product_cat?post=9302"},{"taxonomy":"product_tag","embeddable":true,"href":"https:\/\/xenonkungen.com\/nl\/wp-json\/wp\/v2\/product_tag?post=9302"}],"curies":[{"name":"wp","href":"https:\/\/api.w.org\/{rel}","templated":true}]}}