{"id":9368,"date":"2025-05-20T07:56:30","date_gmt":"2025-05-20T07:56:30","guid":{"rendered":"https:\/\/xenonkungen.com\/product\/w-light-phoenix-w9-dark-rad2-yellow\/"},"modified":"2026-04-09T08:11:47","modified_gmt":"2026-04-09T07:11:47","slug":"w-licht-feniks-w9-donker-rad2-geel","status":"publish","type":"product","link":"https:\/\/xenonkungen.com\/nl\/product\/w-licht-feniks-w9-donker-rad2-geel\/","title":{"rendered":"W-Licht Phoenix W9 DARK RAD2 | Geel"},"content":{"rendered":"<h1>W-Licht Phoenix W9 DARK RAD2 | Geel<\/h1>\n<p><strong>Ervaar onge\u00ebvenaarde verlichting met W-Light Phoenix W9 DARK RAD2 | Geel<\/strong>de ultieme oplossing voor uw voertuigverlichting. Dit pakket bevat twee van de W-Light W9 Phoenix 9 Dark Edition<strong> | Geel<\/strong>\u00a0extra lampen, die bekend staan om hun indrukwekkende prestaties en betrouwbaarheid, waardoor dit de perfecte keuze is voor rallyrijders en off-roadliefhebbers.<\/p>\n<h2>Krachtige en betrouwbare verlichting<\/h2>\n<p>Elke W9 Phoenix 9 Donkere Editie<strong> | Geel<\/strong>\u00a0lantaarn biedt een uitzonderlijke verlichting met 160W en 12.300 lumen. Uitgerust met 28 hoogwaardige Osram LED-units bieden deze lantaarns een indrukwekkend bereik van 1 Lux op 1076 meter. Met de <strong>het hele pakket geactiveerd<\/strong>krijg je een totale helderheid van ongelooflijke <strong>24.600 lumen<\/strong>Perfect om de weg voor je te verlichten in de meest veeleisende omstandigheden.<\/p>\n<h2>Robuust en aanpasbaar<\/h2>\n<p>De lantaarns worden geleverd met een stabilisatiebeugel en schroefgaten voor beugels, zodat de lantaarn zelfs onder zware omstandigheden op zijn plaats blijft. De DT-connector zorgt voor een veilige en stabiele verbinding, wat cruciaal is in zware rallyomstandigheden.<\/p>\n<h2>Compleet pakket voor onmiddellijke upgrade<\/h2>\n<p>W-Licht Phoenix W9 DONKER RAD2<strong> | Geel<\/strong> Bevat alles wat je nodig hebt voor een complete installatie:<\/p>\n<ul>\n<li>2 x W9 Phoenix 9 Donkere Editie<strong> | Geel<\/strong> extra licht<\/li>\n<li>bekabeling<\/li>\n<li>Houder<\/li>\n<li>XBB dongle+voedingseenheid<\/li>\n<\/ul>\n<h2>Garantie en ondersteuning<\/h2>\n<p>Alle lampen in W-Light Phoenix W9 DARK RAD2<strong> | Geel<\/strong> zijn CE-gemarkeerd en beschermd tegen EMC-storingen en worden geleverd met twee jaar garantie, zodat je met een gerust hart je voertuig kunt uitrusten voor het avontuur.<\/p>\n<p><strong>Met de W-Light Phoenix W9 DARK RAD2 Geel kun je vertrouwen op een onge\u00ebvenaarde verlichtingsoplossing die je rijervaring 's nachts naar een heel nieuw niveau tilt. Bestel je pakket vandaag nog en ervaar het verschil!<\/strong><\/p>","protected":false},"excerpt":{"rendered":"<p>W-Light Phoenix W9 DARK RAD2 | Yellow Upplev o\u00f6vertr\u00e4ffad belysning med W-Light Phoenix W9 DARK RAD2 | Yellow, den ultimata l\u00f6sningen f\u00f6r din fordonsbelysning. Detta paket inneh\u00e5ller tv\u00e5 av W-Light W9 Phoenix 9 Dark Edition | Yellow\u00a0extraljus, k\u00e4nda f\u00f6r sin imponerande prestanda och p\u00e5litlighet, vilket g\u00f6r detta till det perfekta valet f\u00f6r rallyf\u00f6rare och offroad-entusiaster. [&hellip;]<\/p>","protected":false},"featured_media":9926,"comment_status":"closed","ping_status":"open","template":"","meta":{"_acf_changed":false,"_smort_price_nok":"6617","_smort_price_dkk":"4204","_smort_price_eur":"563.16","_smort_sale_price_nok":"","_smort_sale_price_dkk":"","_smort_sale_price_eur":"","smort_restorder":"","shipmondo_restorder":"","_kad_blocks_custom_css":"","_kad_blocks_head_custom_js":"","_kad_blocks_body_custom_js":"","_kad_blocks_footer_custom_js":"","smort_custom_pricelist_1":"3964.8","smort_custom_pricelist_2":"3469.2","smort_custom_pricelist_3":"3221.4","smort_custom_pricelist_4":"4956","smort_custom_pricelist_5":"3469.2"},"anvandningsomrade":[207,166,167,1915],"bilmarken":[168],"product_brand":[114],"product_cat":[1859],"product_tag":[2726],"class_list":{"0":"post-9368","1":"product","2":"type-product","3":"status-publish","4":"has-post-thumbnail","6":"anvandningsomrade-husbil","7":"anvandningsomrade-lastbil","8":"anvandningsomrade-personbil","9":"anvandningsomrade-skapbil","10":"bilmarken-alla","11":"product_brand-w-light","12":"product_cat-extraljuspaket","13":"product_tag-produktpaket","14":"pa_fargtemperatur-yellow","15":"pa_fuktskydd-varde-ipxx-ip68","16":"pa_godkannande-ce","17":"pa_lampsockel-kontakt-dt","18":"pa_led-chips-effekt-w-703","19":"pa_ljusbild-spot","20":"pa_storlek-mm-2446x227x80","21":"pa_stromforbrukning-1097a137v","22":"pa_volt-v-9-12-24-32","24":"first","25":"onbackorder","26":"taxable","27":"shipping-taxable","28":"purchasable","29":"product-type-bundle"},"bundled_by":[],"bundle_stock_status":"instock","bundle_stock_quantity":"","bundle_virtual":false,"bundle_layout":"default","bundle_add_to_cart_form_location":"default","bundle_editable_in_cart":false,"bundle_sold_individually_context":"product","bundle_item_grouping":"parent","bundle_min_size":"","bundle_max_size":"","bundle_price":{"price":{"min":{"incl_tax":"563.13","excl_tax":"450.50451348"},"max":{"incl_tax":"563.13","excl_tax":"450.50451348"}},"regular_price":{"min":{"incl_tax":"563.13","excl_tax":"450.50451348"},"max":{"incl_tax":"563.13","excl_tax":"450.50451348"}}},"bundled_items":[{"bundled_item_id":173,"product_id":9716,"menu_order":0,"quantity_min":1,"quantity_max":1,"quantity_default":1,"priced_individually":false,"shipped_individually":false,"override_title":false,"title":"","override_description":false,"description":"","optional":false,"hide_thumbnail":false,"discount":null,"override_variations":false,"allowed_variations":[],"override_default_variation_attributes":false,"default_variation_attributes":[],"single_product_visibility":"visible","cart_visibility":"visible","order_visibility":"visible","single_product_price_visibility":"visible","cart_price_visibility":"visible","order_price_visibility":"visible","stock_status":"in_stock"},{"bundled_item_id":174,"product_id":1079,"menu_order":0,"quantity_min":1,"quantity_max":1,"quantity_default":1,"priced_individually":false,"shipped_individually":false,"override_title":false,"title":"","override_description":false,"description":"","optional":false,"hide_thumbnail":false,"discount":null,"override_variations":false,"allowed_variations":[],"override_default_variation_attributes":false,"default_variation_attributes":[],"single_product_visibility":"visible","cart_visibility":"visible","order_visibility":"visible","single_product_price_visibility":"visible","cart_price_visibility":"visible","order_price_visibility":"visible","stock_status":"in_stock"},{"bundled_item_id":175,"product_id":3043,"menu_order":0,"quantity_min":1,"quantity_max":1,"quantity_default":1,"priced_individually":false,"shipped_individually":false,"override_title":false,"title":"","override_description":false,"description":"","optional":false,"hide_thumbnail":false,"discount":null,"override_variations":false,"allowed_variations":[],"override_default_variation_attributes":false,"default_variation_attributes":[],"single_product_visibility":"visible","cart_visibility":"visible","order_visibility":"visible","single_product_price_visibility":"visible","cart_price_visibility":"visible","order_price_visibility":"visible","stock_status":"on_backorder"},{"bundled_item_id":176,"product_id":1538,"menu_order":0,"quantity_min":1,"quantity_max":1,"quantity_default":1,"priced_individually":false,"shipped_individually":false,"override_title":false,"title":"","override_description":false,"description":"","optional":false,"hide_thumbnail":false,"discount":null,"override_variations":false,"allowed_variations":[],"override_default_variation_attributes":false,"default_variation_attributes":[],"single_product_visibility":"visible","cart_visibility":"visible","order_visibility":"visible","single_product_price_visibility":"visible","cart_price_visibility":"visible","order_price_visibility":"visible","stock_status":"on_backorder"},{"bundled_item_id":177,"product_id":2603,"menu_order":0,"quantity_min":1,"quantity_max":1,"quantity_default":1,"priced_individually":false,"shipped_individually":false,"override_title":false,"title":"","override_description":false,"description":"","optional":false,"hide_thumbnail":false,"discount":null,"override_variations":false,"allowed_variations":[],"override_default_variation_attributes":false,"default_variation_attributes":[],"single_product_visibility":"visible","cart_visibility":"visible","order_visibility":"visible","single_product_price_visibility":"visible","cart_price_visibility":"visible","order_price_visibility":"visible","stock_status":"on_backorder"}],"bundle_sell_ids":[],"acf":[],"yoast_head":"<!-- This site is optimized with the Yoast SEO plugin v27.0 - https:\/\/yoast.com\/product\/yoast-seo-wordpress\/ -->\n<title>W-Light Phoenix W9 DARK RAD2 | Yellow - Xenonkungen<\/title>\n<meta name=\"robots\" content=\"index, follow, max-snippet:-1, max-image-preview:large, max-video-preview:-1\" \/>\n<link rel=\"canonical\" href=\"https:\/\/xenonkungen.com\/nl\/product\/w-licht-feniks-w9-donker-rad2-geel\/\" \/>\n<meta property=\"og:locale\" content=\"nl_NL\" \/>\n<meta property=\"og:type\" content=\"article\" \/>\n<meta property=\"og:title\" content=\"W-Light Phoenix W9 DARK RAD2 | Yellow - Xenonkungen\" \/>\n<meta property=\"og:description\" content=\"W-Light Phoenix W9 DARK RAD2 | Yellow Upplev o\u00f6vertr\u00e4ffad belysning med W-Light Phoenix W9 DARK RAD2 | Yellow, den ultimata l\u00f6sningen f\u00f6r din fordonsbelysning. Detta paket inneh\u00e5ller tv\u00e5 av W-Light W9 Phoenix 9 Dark Edition | Yellow\u00a0extraljus, k\u00e4nda f\u00f6r sin imponerande prestanda och p\u00e5litlighet, vilket g\u00f6r detta till det perfekta valet f\u00f6r rallyf\u00f6rare och offroad-entusiaster. [&hellip;]\" \/>\n<meta property=\"og:url\" content=\"https:\/\/xenonkungen.com\/nl\/product\/w-licht-feniks-w9-donker-rad2-geel\/\" \/>\n<meta property=\"og:site_name\" content=\"Xenonkungen\" \/>\n<meta property=\"article:modified_time\" content=\"2026-04-09T07:11:47+00:00\" \/>\n<meta property=\"og:image\" content=\"https:\/\/xenonkungen.com\/wp-content\/uploads\/2025\/05\/W9-x2-1-1024x1024.png\" \/>\n\t<meta property=\"og:image:width\" content=\"1024\" \/>\n\t<meta property=\"og:image:height\" content=\"1024\" \/>\n\t<meta property=\"og:image:type\" content=\"image\/png\" \/>\n<meta name=\"twitter:card\" content=\"summary_large_image\" \/>\n<meta name=\"twitter:label1\" content=\"Geschatte leestijd\" \/>\n\t<meta name=\"twitter:data1\" content=\"1 minuut\" \/>\n<script type=\"application\/ld+json\" class=\"yoast-schema-graph\">{\"@context\":\"https:\/\/schema.org\",\"@graph\":[{\"@type\":\"WebPage\",\"@id\":\"https:\/\/xenonkungen.com\/produkt\/w-light-phoenix-w9-dark-rad2-yellow\/\",\"url\":\"https:\/\/xenonkungen.com\/produkt\/w-light-phoenix-w9-dark-rad2-yellow\/\",\"name\":\"W-Light Phoenix W9 DARK RAD2 | Yellow - Xenonkungen\",\"isPartOf\":{\"@id\":\"https:\/\/xenonkungen.com\/#website\"},\"primaryImageOfPage\":{\"@id\":\"https:\/\/xenonkungen.com\/produkt\/w-light-phoenix-w9-dark-rad2-yellow\/#primaryimage\"},\"image\":{\"@id\":\"https:\/\/xenonkungen.com\/produkt\/w-light-phoenix-w9-dark-rad2-yellow\/#primaryimage\"},\"thumbnailUrl\":\"https:\/\/xenonkungen.com\/wp-content\/uploads\/2025\/05\/W9-x2-1.png\",\"datePublished\":\"2025-05-20T07:56:30+00:00\",\"dateModified\":\"2026-04-09T07:11:47+00:00\",\"breadcrumb\":{\"@id\":\"https:\/\/xenonkungen.com\/produkt\/w-light-phoenix-w9-dark-rad2-yellow\/#breadcrumb\"},\"inLanguage\":\"nl-NL\",\"potentialAction\":[{\"@type\":\"ReadAction\",\"target\":[\"https:\/\/xenonkungen.com\/produkt\/w-light-phoenix-w9-dark-rad2-yellow\/\"]}]},{\"@type\":\"ImageObject\",\"inLanguage\":\"nl-NL\",\"@id\":\"https:\/\/xenonkungen.com\/produkt\/w-light-phoenix-w9-dark-rad2-yellow\/#primaryimage\",\"url\":\"https:\/\/xenonkungen.com\/wp-content\/uploads\/2025\/05\/W9-x2-1.png\",\"contentUrl\":\"https:\/\/xenonkungen.com\/wp-content\/uploads\/2025\/05\/W9-x2-1.png\",\"width\":2000,\"height\":2000},{\"@type\":\"BreadcrumbList\",\"@id\":\"https:\/\/xenonkungen.com\/produkt\/w-light-phoenix-w9-dark-rad2-yellow\/#breadcrumb\",\"itemListElement\":[{\"@type\":\"ListItem\",\"position\":1,\"name\":\"Hem\",\"item\":\"https:\/\/xenonkungen.com\/\"},{\"@type\":\"ListItem\",\"position\":2,\"name\":\"Shop\",\"item\":\"https:\/\/xenonkungen.com\/shop\/\"},{\"@type\":\"ListItem\",\"position\":3,\"name\":\"W-Light Phoenix W9 DARK RAD2 | Yellow\"}]},{\"@type\":\"WebSite\",\"@id\":\"https:\/\/xenonkungen.com\/#website\",\"url\":\"https:\/\/xenonkungen.com\/\",\"name\":\"Xenonkungen\",\"description\":\"\",\"potentialAction\":[{\"@type\":\"SearchAction\",\"target\":{\"@type\":\"EntryPoint\",\"urlTemplate\":\"https:\/\/xenonkungen.com\/?s={search_term_string}\"},\"query-input\":{\"@type\":\"PropertyValueSpecification\",\"valueRequired\":true,\"valueName\":\"search_term_string\"}}],\"inLanguage\":\"nl-NL\"}]}<\/script>\n<!-- \/ Yoast SEO plugin. -->","yoast_head_json":{"title":"W-Light Phoenix W9 DARK RAD2 | Geel - De Xenon Koning","robots":{"index":"index","follow":"follow","max-snippet":"max-snippet:-1","max-image-preview":"max-image-preview:large","max-video-preview":"max-video-preview:-1"},"canonical":"https:\/\/xenonkungen.com\/nl\/product\/w-licht-feniks-w9-donker-rad2-geel\/","og_locale":"nl_NL","og_type":"article","og_title":"W-Light Phoenix W9 DARK RAD2 | Yellow - Xenonkungen","og_description":"W-Light Phoenix W9 DARK RAD2 | Yellow Upplev o\u00f6vertr\u00e4ffad belysning med W-Light Phoenix W9 DARK RAD2 | Yellow, den ultimata l\u00f6sningen f\u00f6r din fordonsbelysning. Detta paket inneh\u00e5ller tv\u00e5 av W-Light W9 Phoenix 9 Dark Edition | Yellow\u00a0extraljus, k\u00e4nda f\u00f6r sin imponerande prestanda och p\u00e5litlighet, vilket g\u00f6r detta till det perfekta valet f\u00f6r rallyf\u00f6rare och offroad-entusiaster. [&hellip;]","og_url":"https:\/\/xenonkungen.com\/nl\/product\/w-licht-feniks-w9-donker-rad2-geel\/","og_site_name":"Xenonkungen","article_modified_time":"2026-04-09T07:11:47+00:00","og_image":[{"width":1024,"height":1024,"url":"https:\/\/xenonkungen.com\/wp-content\/uploads\/2025\/05\/W9-x2-1-1024x1024.png","type":"image\/png"}],"twitter_card":"summary_large_image","twitter_misc":{"Geschatte leestijd":"1 minuut"},"schema":{"@context":"https:\/\/schema.org","@graph":[{"@type":"WebPage","@id":"https:\/\/xenonkungen.com\/produkt\/w-light-phoenix-w9-dark-rad2-yellow\/","url":"https:\/\/xenonkungen.com\/produkt\/w-light-phoenix-w9-dark-rad2-yellow\/","name":"W-Light Phoenix W9 DARK RAD2 | Geel - De Xenon Koning","isPartOf":{"@id":"https:\/\/xenonkungen.com\/#website"},"primaryImageOfPage":{"@id":"https:\/\/xenonkungen.com\/produkt\/w-light-phoenix-w9-dark-rad2-yellow\/#primaryimage"},"image":{"@id":"https:\/\/xenonkungen.com\/produkt\/w-light-phoenix-w9-dark-rad2-yellow\/#primaryimage"},"thumbnailUrl":"https:\/\/xenonkungen.com\/wp-content\/uploads\/2025\/05\/W9-x2-1.png","datePublished":"2025-05-20T07:56:30+00:00","dateModified":"2026-04-09T07:11:47+00:00","breadcrumb":{"@id":"https:\/\/xenonkungen.com\/produkt\/w-light-phoenix-w9-dark-rad2-yellow\/#breadcrumb"},"inLanguage":"nl-NL","potentialAction":[{"@type":"ReadAction","target":["https:\/\/xenonkungen.com\/produkt\/w-light-phoenix-w9-dark-rad2-yellow\/"]}]},{"@type":"ImageObject","inLanguage":"nl-NL","@id":"https:\/\/xenonkungen.com\/produkt\/w-light-phoenix-w9-dark-rad2-yellow\/#primaryimage","url":"https:\/\/xenonkungen.com\/wp-content\/uploads\/2025\/05\/W9-x2-1.png","contentUrl":"https:\/\/xenonkungen.com\/wp-content\/uploads\/2025\/05\/W9-x2-1.png","width":2000,"height":2000},{"@type":"BreadcrumbList","@id":"https:\/\/xenonkungen.com\/produkt\/w-light-phoenix-w9-dark-rad2-yellow\/#breadcrumb","itemListElement":[{"@type":"ListItem","position":1,"name":"Hem","item":"https:\/\/xenonkungen.com\/"},{"@type":"ListItem","position":2,"name":"Shop","item":"https:\/\/xenonkungen.com\/shop\/"},{"@type":"ListItem","position":3,"name":"W-Light Phoenix W9 DARK RAD2 | Yellow"}]},{"@type":"WebSite","@id":"https:\/\/xenonkungen.com\/#website","url":"https:\/\/xenonkungen.com\/","name":"Xenonkungen","description":"","potentialAction":[{"@type":"SearchAction","target":{"@type":"EntryPoint","urlTemplate":"https:\/\/xenonkungen.com\/?s={search_term_string}"},"query-input":{"@type":"PropertyValueSpecification","valueRequired":true,"valueName":"search_term_string"}}],"inLanguage":"nl-NL"}]}},"taxonomy_info":{"anvandningsomrade":[{"value":207,"label":"Husbil"},{"value":166,"label":"Lastbil"},{"value":167,"label":"PERSONBIL"},{"value":1915,"label":"Sk\u00e5pbil"}],"bilmarken":[{"value":168,"label":"Alla"}],"product_brand":[{"value":114,"label":"W-Light"}],"product_cat":[{"value":1859,"label":"Extraljuspaket"}],"product_tag":[{"value":2726,"label":"produktpaket"}],"pa_fargtemperatur":[{"value":1117,"label":"Yellow"}],"pa_fuktskydd-varde-ipxx":[{"value":177,"label":"IP68"}],"pa_godkannande":[{"value":794,"label":"CE"}],"pa_lampsockel-kontakt":[{"value":329,"label":"DT"}],"pa_led-chips-effekt-w":[{"value":703,"label":"160"}],"pa_ljusbild":[{"value":1177,"label":"Spot"}],"pa_storlek-mm":[{"value":1154,"label":"244,6x227x80"}],"pa_stromforbrukning":[{"value":1155,"label":"10,97A@13,7V"}],"pa_volt-v":[{"value":2186,"label":"9, 12, 24, 32"}]},"featured_image_src_large":["https:\/\/xenonkungen.com\/wp-content\/uploads\/2025\/05\/W9-x2-1-1024x1024.png",1024,1024,true],"author_info":[],"comment_info":0,"_links":{"self":[{"href":"https:\/\/xenonkungen.com\/nl\/wp-json\/wp\/v2\/product\/9368","targetHints":{"allow":["GET"]}}],"collection":[{"href":"https:\/\/xenonkungen.com\/nl\/wp-json\/wp\/v2\/product"}],"about":[{"href":"https:\/\/xenonkungen.com\/nl\/wp-json\/wp\/v2\/types\/product"}],"replies":[{"embeddable":true,"href":"https:\/\/xenonkungen.com\/nl\/wp-json\/wp\/v2\/comments?post=9368"}],"wp:featuredmedia":[{"embeddable":true,"href":"https:\/\/xenonkungen.com\/nl\/wp-json\/wp\/v2\/media\/9926"}],"wp:attachment":[{"href":"https:\/\/xenonkungen.com\/nl\/wp-json\/wp\/v2\/media?parent=9368"}],"wp:term":[{"taxonomy":"anvandningsomrade","embeddable":true,"href":"https:\/\/xenonkungen.com\/nl\/wp-json\/wp\/v2\/anvandningsomrade?post=9368"},{"taxonomy":"bilmarken","embeddable":true,"href":"https:\/\/xenonkungen.com\/nl\/wp-json\/wp\/v2\/bilmarken?post=9368"},{"taxonomy":"product_brand","embeddable":true,"href":"https:\/\/xenonkungen.com\/nl\/wp-json\/wp\/v2\/product_brand?post=9368"},{"taxonomy":"product_cat","embeddable":true,"href":"https:\/\/xenonkungen.com\/nl\/wp-json\/wp\/v2\/product_cat?post=9368"},{"taxonomy":"product_tag","embeddable":true,"href":"https:\/\/xenonkungen.com\/nl\/wp-json\/wp\/v2\/product_tag?post=9368"}],"curies":[{"name":"wp","href":"https:\/\/api.w.org\/{rel}","templated":true}]}}