{"id":9614,"date":"2025-05-20T08:04:14","date_gmt":"2025-05-20T08:04:14","guid":{"rendered":"https:\/\/xenonkungen.com\/product\/optibeam-super-captain-one-600-tesla\/"},"modified":"2026-05-13T16:00:16","modified_gmt":"2026-05-13T15:00:16","slug":"optibeam-super-captain-one-600-tesla","status":"publish","type":"product","link":"https:\/\/xenonkungen.com\/nl\/product\/optibeam-super-captain-one-600-tesla\/","title":{"rendered":"Optibeam Super Captain ONE 600 Tesla"},"content":{"rendered":"<p><strong>Krachtig helder LED-lichtpakket \u2013 OPTIBEAM Super Captain ONE 600<\/strong><\/p>\n<p>Verbeter uw rijervaring met de OPTIBEAM Super Captain ONE 600, een echte blikvanger in het Xenon King-assortiment. Deze ledbalk zet een nieuwe standaard voor voertuigverlichting met zijn geavanceerde technologie en topprestaties.<\/p>\n<p><strong>Geavanceerde verlichting<\/strong>De Super Captain ONE 600 biedt een uitzonderlijke helderheid van 13.300 lumen en een uitstekend bereik van 635 meter bij 1 lux. Hierdoor bent u onder alle omstandigheden verzekerd van een uitstekende zichtbaarheid en helderheid.<\/p>\n<p><strong>Slanke en robuuste constructie<\/strong>: De oprijplaat heeft een slank en esthetisch ontwerp dat zowel het uiterlijk als de aerodynamica van het voertuig verbetert. De frameloze constructie voorkomt ophoping van vuil en draagt bij aan een duurzaam en onderhoudsvrij gebruik.<\/p>\n<p><strong>Flexibele en eenvoudige installatie<\/strong>:OPTIBEAM Super Captain ONE 600 is ontworpen voor eenvoudige installatie met voorbereide gaten voor stabilisatorstangen, waardoor de installatie zowel stabiel als gebruiksvriendelijk is.<\/p>\n<p><strong>Beveiligingsversterking<\/strong>:Met dubbele positielichten in zowel oranje als wit wordt het zicht aanzienlijk verbeterd, wat bijdraagt aan een verhoogde veiligheid op de weg.<\/p>\n<p><strong>Compleet en betrouwbaar<\/strong>: Deze ledbalk wordt geleverd met alle benodigde installatiematerialen en is gemaakt van robuuste materialen. Hij biedt een combinatie van kracht, stijl en duurzaamheid die geschikt is voor elk voertuig.<\/p>\n<p>Met 36 maanden garantie wordt de hoge kwaliteit en betrouwbaarheid van de OPTIBEAM Super Captain ONE 600 bevestigd, waardoor het een uitstekende keuze is voor alle soorten voertuigen.<\/p>","protected":false},"excerpt":{"rendered":"<p>Stijlvolle, krachtige en slanke LED-oprijplaat van Optibeam, met alles wat u nodig hebt voor de installatie op uw Tesla.<\/p>","protected":false},"featured_media":10122,"comment_status":"closed","ping_status":"closed","template":"","meta":{"_acf_changed":false,"_smort_price_nok":"7685","_smort_price_dkk":"4882","_smort_price_eur":"654.06","_smort_sale_price_nok":"","_smort_sale_price_dkk":"","_smort_sale_price_eur":"","smort_restorder":"","shipmondo_restorder":"","_kad_blocks_custom_css":"","_kad_blocks_head_custom_js":"","_kad_blocks_body_custom_js":"","_kad_blocks_footer_custom_js":"","smort_custom_pricelist_1":"5180.4","smort_custom_pricelist_2":"4317","smort_custom_pricelist_3":"4317","smort_custom_pricelist_4":"5756","smort_custom_pricelist_5":"4317"},"anvandningsomrade":[167],"bilmarken":[290],"product_brand":[107],"product_cat":[2966,2832,2164,1916],"product_tag":[2726],"class_list":{"0":"post-9614","1":"product","2":"type-product","3":"status-publish","4":"has-post-thumbnail","6":"anvandningsomrade-personbil","7":"bilmarken-tesla","8":"product_brand-optibeam","9":"product_cat-ledramp-rak","10":"product_cat-ledrampspaket-tesla","11":"product_cat-optibeam-super-captain","12":"product_cat-ledrampspaket","13":"product_tag-produktpaket","14":"pa_fargtemperatur-5000k","15":"pa_fuktskydd-varde-ipxx-ip68","16":"pa_godkannande-e-godkand-r149-r148-r10-ref-30","17":"pa_lampsockel-kontakt-dtp-2","18":"pa_storlek-mm-534x47x65","19":"pa_stromforbrukning-11a-137v","20":"pa_volt-v-9-12-24-32-36","22":"first","23":"outofstock","24":"taxable","25":"shipping-taxable","26":"purchasable","27":"product-type-bundle"},"bundled_by":[],"bundle_stock_status":"outofstock","bundle_stock_quantity":0,"bundle_virtual":false,"bundle_layout":"default","bundle_add_to_cart_form_location":"default","bundle_editable_in_cart":false,"bundle_sold_individually_context":"product","bundle_item_grouping":"parent","bundle_min_size":"","bundle_max_size":"","bundle_price":{"price":{"min":{"incl_tax":"654.04","excl_tax":"523.22517748"},"max":{"incl_tax":"654.04","excl_tax":"523.22517748"}},"regular_price":{"min":{"incl_tax":"654.04","excl_tax":"523.22517748"},"max":{"incl_tax":"654.04","excl_tax":"523.22517748"}}},"bundled_items":[{"bundled_item_id":361,"product_id":4943,"menu_order":0,"quantity_min":1,"quantity_max":1,"quantity_default":1,"priced_individually":false,"shipped_individually":false,"override_title":false,"title":"OPTIBEAM Super Captain ONE 600","override_description":false,"description":"","optional":false,"hide_thumbnail":false,"discount":"","override_variations":false,"allowed_variations":[],"override_default_variation_attributes":false,"default_variation_attributes":[],"single_product_visibility":"visible","cart_visibility":"visible","order_visibility":"visible","single_product_price_visibility":"visible","cart_price_visibility":"visible","order_price_visibility":"visible","stock_status":"in_stock"},{"bundled_item_id":362,"product_id":3205,"menu_order":1,"quantity_min":1,"quantity_max":1,"quantity_default":1,"priced_individually":false,"shipped_individually":false,"override_title":false,"title":"Relaiskabelset 1st 4pin DT 2m 80A Relais 60A","override_description":false,"description":"","optional":false,"hide_thumbnail":false,"discount":"","override_variations":false,"allowed_variations":[],"override_default_variation_attributes":false,"default_variation_attributes":[],"single_product_visibility":"visible","cart_visibility":"visible","order_visibility":"visible","single_product_price_visibility":"visible","cart_price_visibility":"visible","order_price_visibility":"visible","stock_status":"in_stock"},{"bundled_item_id":363,"product_id":2747,"menu_order":2,"quantity_min":1,"quantity_max":1,"quantity_default":1,"priced_individually":false,"shipped_individually":false,"override_title":false,"title":"Extra lichtbeugel voor Tesla LEDramp | Inbouwbeugel Zwart","override_description":false,"description":"","optional":false,"hide_thumbnail":false,"discount":"","override_variations":false,"allowed_variations":[],"override_default_variation_attributes":false,"default_variation_attributes":[],"single_product_visibility":"visible","cart_visibility":"visible","order_visibility":"visible","single_product_price_visibility":"visible","cart_price_visibility":"visible","order_price_visibility":"visible","stock_status":"in_stock"},{"bundled_item_id":364,"product_id":1536,"menu_order":3,"quantity_min":1,"quantity_max":1,"quantity_default":1,"priced_individually":false,"shipped_individually":false,"override_title":false,"title":"Tesla OBD2-adapter Model 3 | Y | 26 pinnen","override_description":false,"description":"","optional":false,"hide_thumbnail":false,"discount":"","override_variations":false,"allowed_variations":[],"override_default_variation_attributes":false,"default_variation_attributes":[],"single_product_visibility":"visible","cart_visibility":"visible","order_visibility":"visible","single_product_price_visibility":"visible","cart_price_visibility":"visible","order_price_visibility":"visible","stock_status":"in_stock"},{"bundled_item_id":365,"product_id":1538,"menu_order":4,"quantity_min":1,"quantity_max":1,"quantity_default":1,"priced_individually":false,"shipped_individually":false,"override_title":false,"title":"XBB OBD-II Dongle + PowerUnit","override_description":false,"description":"","optional":false,"hide_thumbnail":false,"discount":"","override_variations":false,"allowed_variations":[],"override_default_variation_attributes":false,"default_variation_attributes":[],"single_product_visibility":"visible","cart_visibility":"visible","order_visibility":"visible","single_product_price_visibility":"visible","cart_price_visibility":"visible","order_price_visibility":"visible","stock_status":"on_backorder"},{"bundled_item_id":366,"product_id":2603,"menu_order":5,"quantity_min":1,"quantity_max":1,"quantity_default":1,"priced_individually":false,"shipped_individually":false,"override_title":false,"title":"Kabelset voor XBB-voedingseenheid","override_description":false,"description":"","optional":false,"hide_thumbnail":false,"discount":"","override_variations":false,"allowed_variations":[],"override_default_variation_attributes":false,"default_variation_attributes":[],"single_product_visibility":"visible","cart_visibility":"visible","order_visibility":"visible","single_product_price_visibility":"visible","cart_price_visibility":"visible","order_price_visibility":"visible","stock_status":"on_backorder"}],"bundle_sell_ids":[],"acf":[],"yoast_head":"<!-- This site is optimized with the Yoast SEO plugin v27.0 - https:\/\/yoast.com\/product\/yoast-seo-wordpress\/ -->\n<title>Optibeam Super Captain ONE 600 Tesla - Xenonkungen<\/title>\n<meta name=\"robots\" content=\"index, follow, max-snippet:-1, max-image-preview:large, max-video-preview:-1\" \/>\n<link rel=\"canonical\" href=\"https:\/\/xenonkungen.com\/nl\/product\/optibeam-super-captain-one-600-tesla\/\" \/>\n<meta property=\"og:locale\" content=\"nl_NL\" \/>\n<meta property=\"og:type\" content=\"article\" \/>\n<meta property=\"og:title\" content=\"Optibeam Super Captain ONE 600 Tesla - Xenonkungen\" \/>\n<meta property=\"og:description\" content=\"Snygg, kraftfull, slimmad ledramp fr\u00e5n Optibeam, med allt du beh\u00f6ver f\u00f6r att installera det p\u00e5 din Tesla.\" \/>\n<meta property=\"og:url\" content=\"https:\/\/xenonkungen.com\/nl\/product\/optibeam-super-captain-one-600-tesla\/\" \/>\n<meta property=\"og:site_name\" content=\"Xenonkungen\" \/>\n<meta property=\"article:modified_time\" content=\"2026-05-13T15:00:16+00:00\" \/>\n<meta property=\"og:image\" content=\"https:\/\/xenonkungen.com\/wp-content\/uploads\/2025\/05\/211566061-origpic-cc4803-1.png\" \/>\n\t<meta property=\"og:image:width\" content=\"1577\" \/>\n\t<meta property=\"og:image:height\" content=\"1000\" \/>\n\t<meta property=\"og:image:type\" content=\"image\/png\" \/>\n<meta name=\"twitter:card\" content=\"summary_large_image\" \/>\n<meta name=\"twitter:label1\" content=\"Geschatte leestijd\" \/>\n\t<meta name=\"twitter:data1\" content=\"2 minuten\" \/>\n<script type=\"application\/ld+json\" class=\"yoast-schema-graph\">{\"@context\":\"https:\/\/schema.org\",\"@graph\":[{\"@type\":\"WebPage\",\"@id\":\"https:\/\/xenonkungen.com\/produkt\/optibeam-super-captain-one-600-tesla\/\",\"url\":\"https:\/\/xenonkungen.com\/produkt\/optibeam-super-captain-one-600-tesla\/\",\"name\":\"Optibeam Super Captain ONE 600 Tesla - Xenonkungen\",\"isPartOf\":{\"@id\":\"https:\/\/xenonkungen.com\/#website\"},\"primaryImageOfPage\":{\"@id\":\"https:\/\/xenonkungen.com\/produkt\/optibeam-super-captain-one-600-tesla\/#primaryimage\"},\"image\":{\"@id\":\"https:\/\/xenonkungen.com\/produkt\/optibeam-super-captain-one-600-tesla\/#primaryimage\"},\"thumbnailUrl\":\"https:\/\/xenonkungen.com\/wp-content\/uploads\/2025\/05\/211566061-origpic-cc4803-1.png\",\"datePublished\":\"2025-05-20T08:04:14+00:00\",\"dateModified\":\"2026-05-13T15:00:16+00:00\",\"breadcrumb\":{\"@id\":\"https:\/\/xenonkungen.com\/produkt\/optibeam-super-captain-one-600-tesla\/#breadcrumb\"},\"inLanguage\":\"nl-NL\",\"potentialAction\":[{\"@type\":\"ReadAction\",\"target\":[\"https:\/\/xenonkungen.com\/produkt\/optibeam-super-captain-one-600-tesla\/\"]}]},{\"@type\":\"ImageObject\",\"inLanguage\":\"nl-NL\",\"@id\":\"https:\/\/xenonkungen.com\/produkt\/optibeam-super-captain-one-600-tesla\/#primaryimage\",\"url\":\"https:\/\/xenonkungen.com\/wp-content\/uploads\/2025\/05\/211566061-origpic-cc4803-1.png\",\"contentUrl\":\"https:\/\/xenonkungen.com\/wp-content\/uploads\/2025\/05\/211566061-origpic-cc4803-1.png\",\"width\":1577,\"height\":1000},{\"@type\":\"BreadcrumbList\",\"@id\":\"https:\/\/xenonkungen.com\/produkt\/optibeam-super-captain-one-600-tesla\/#breadcrumb\",\"itemListElement\":[{\"@type\":\"ListItem\",\"position\":1,\"name\":\"Hem\",\"item\":\"https:\/\/xenonkungen.com\/\"},{\"@type\":\"ListItem\",\"position\":2,\"name\":\"Shop\",\"item\":\"https:\/\/xenonkungen.com\/shop\/\"},{\"@type\":\"ListItem\",\"position\":3,\"name\":\"Optibeam Super Captain ONE 600 Tesla\"}]},{\"@type\":\"WebSite\",\"@id\":\"https:\/\/xenonkungen.com\/#website\",\"url\":\"https:\/\/xenonkungen.com\/\",\"name\":\"Xenonkungen\",\"description\":\"\",\"potentialAction\":[{\"@type\":\"SearchAction\",\"target\":{\"@type\":\"EntryPoint\",\"urlTemplate\":\"https:\/\/xenonkungen.com\/?s={search_term_string}\"},\"query-input\":{\"@type\":\"PropertyValueSpecification\",\"valueRequired\":true,\"valueName\":\"search_term_string\"}}],\"inLanguage\":\"nl-NL\"}]}<\/script>\n<!-- \/ Yoast SEO plugin. -->","yoast_head_json":{"title":"Optibeam Super Captain ONE 600 Tesla - De Xenon-koning","robots":{"index":"index","follow":"follow","max-snippet":"max-snippet:-1","max-image-preview":"max-image-preview:large","max-video-preview":"max-video-preview:-1"},"canonical":"https:\/\/xenonkungen.com\/nl\/product\/optibeam-super-captain-one-600-tesla\/","og_locale":"nl_NL","og_type":"article","og_title":"Optibeam Super Captain ONE 600 Tesla - Xenonkungen","og_description":"Snygg, kraftfull, slimmad ledramp fr\u00e5n Optibeam, med allt du beh\u00f6ver f\u00f6r att installera det p\u00e5 din Tesla.","og_url":"https:\/\/xenonkungen.com\/nl\/product\/optibeam-super-captain-one-600-tesla\/","og_site_name":"Xenonkungen","article_modified_time":"2026-05-13T15:00:16+00:00","og_image":[{"width":1577,"height":1000,"url":"https:\/\/xenonkungen.com\/wp-content\/uploads\/2025\/05\/211566061-origpic-cc4803-1.png","type":"image\/png"}],"twitter_card":"summary_large_image","twitter_misc":{"Geschatte leestijd":"2 minuten"},"schema":{"@context":"https:\/\/schema.org","@graph":[{"@type":"WebPage","@id":"https:\/\/xenonkungen.com\/produkt\/optibeam-super-captain-one-600-tesla\/","url":"https:\/\/xenonkungen.com\/produkt\/optibeam-super-captain-one-600-tesla\/","name":"Optibeam Super Captain ONE 600 Tesla - De Xenon-koning","isPartOf":{"@id":"https:\/\/xenonkungen.com\/#website"},"primaryImageOfPage":{"@id":"https:\/\/xenonkungen.com\/produkt\/optibeam-super-captain-one-600-tesla\/#primaryimage"},"image":{"@id":"https:\/\/xenonkungen.com\/produkt\/optibeam-super-captain-one-600-tesla\/#primaryimage"},"thumbnailUrl":"https:\/\/xenonkungen.com\/wp-content\/uploads\/2025\/05\/211566061-origpic-cc4803-1.png","datePublished":"2025-05-20T08:04:14+00:00","dateModified":"2026-05-13T15:00:16+00:00","breadcrumb":{"@id":"https:\/\/xenonkungen.com\/produkt\/optibeam-super-captain-one-600-tesla\/#breadcrumb"},"inLanguage":"nl-NL","potentialAction":[{"@type":"ReadAction","target":["https:\/\/xenonkungen.com\/produkt\/optibeam-super-captain-one-600-tesla\/"]}]},{"@type":"ImageObject","inLanguage":"nl-NL","@id":"https:\/\/xenonkungen.com\/produkt\/optibeam-super-captain-one-600-tesla\/#primaryimage","url":"https:\/\/xenonkungen.com\/wp-content\/uploads\/2025\/05\/211566061-origpic-cc4803-1.png","contentUrl":"https:\/\/xenonkungen.com\/wp-content\/uploads\/2025\/05\/211566061-origpic-cc4803-1.png","width":1577,"height":1000},{"@type":"BreadcrumbList","@id":"https:\/\/xenonkungen.com\/produkt\/optibeam-super-captain-one-600-tesla\/#breadcrumb","itemListElement":[{"@type":"ListItem","position":1,"name":"Hem","item":"https:\/\/xenonkungen.com\/"},{"@type":"ListItem","position":2,"name":"Shop","item":"https:\/\/xenonkungen.com\/shop\/"},{"@type":"ListItem","position":3,"name":"Optibeam Super Captain ONE 600 Tesla"}]},{"@type":"WebSite","@id":"https:\/\/xenonkungen.com\/#website","url":"https:\/\/xenonkungen.com\/","name":"Xenonkungen","description":"","potentialAction":[{"@type":"SearchAction","target":{"@type":"EntryPoint","urlTemplate":"https:\/\/xenonkungen.com\/?s={search_term_string}"},"query-input":{"@type":"PropertyValueSpecification","valueRequired":true,"valueName":"search_term_string"}}],"inLanguage":"nl-NL"}]}},"taxonomy_info":{"anvandningsomrade":[{"value":167,"label":"PERSONBIL"}],"bilmarken":[{"value":290,"label":"Tesla"}],"product_brand":[{"value":107,"label":"Optibeam"}],"product_cat":[{"value":2966,"label":"Ledramp Rak"},{"value":2832,"label":"Ledrampspaket TESLA"},{"value":2164,"label":"OPTIBEAM Super Captain"},{"value":1916,"label":"Ledrampspaket"}],"product_tag":[{"value":2726,"label":"produktpaket"}],"pa_fargtemperatur":[{"value":154,"label":"5000K"}],"pa_fuktskydd-varde-ipxx":[{"value":177,"label":"IP68"}],"pa_godkannande":[{"value":2229,"label":"E-godk\u00e4nd R149 , R148 , R10 , ref.30"}],"pa_lampsockel-kontakt":[{"value":2225,"label":"DTP-2"}],"pa_storlek-mm":[{"value":2227,"label":"534x47x65"}],"pa_stromforbrukning":[{"value":2228,"label":"11A @ 13,7V"}],"pa_volt-v":[{"value":2219,"label":"9, 12, 24, 32, 36"}]},"featured_image_src_large":["https:\/\/xenonkungen.com\/wp-content\/uploads\/2025\/05\/211566061-origpic-cc4803-1-1024x649.png",1024,649,true],"author_info":[],"comment_info":0,"_links":{"self":[{"href":"https:\/\/xenonkungen.com\/nl\/wp-json\/wp\/v2\/product\/9614","targetHints":{"allow":["GET"]}}],"collection":[{"href":"https:\/\/xenonkungen.com\/nl\/wp-json\/wp\/v2\/product"}],"about":[{"href":"https:\/\/xenonkungen.com\/nl\/wp-json\/wp\/v2\/types\/product"}],"replies":[{"embeddable":true,"href":"https:\/\/xenonkungen.com\/nl\/wp-json\/wp\/v2\/comments?post=9614"}],"wp:featuredmedia":[{"embeddable":true,"href":"https:\/\/xenonkungen.com\/nl\/wp-json\/wp\/v2\/media\/10122"}],"wp:attachment":[{"href":"https:\/\/xenonkungen.com\/nl\/wp-json\/wp\/v2\/media?parent=9614"}],"wp:term":[{"taxonomy":"anvandningsomrade","embeddable":true,"href":"https:\/\/xenonkungen.com\/nl\/wp-json\/wp\/v2\/anvandningsomrade?post=9614"},{"taxonomy":"bilmarken","embeddable":true,"href":"https:\/\/xenonkungen.com\/nl\/wp-json\/wp\/v2\/bilmarken?post=9614"},{"taxonomy":"product_brand","embeddable":true,"href":"https:\/\/xenonkungen.com\/nl\/wp-json\/wp\/v2\/product_brand?post=9614"},{"taxonomy":"product_cat","embeddable":true,"href":"https:\/\/xenonkungen.com\/nl\/wp-json\/wp\/v2\/product_cat?post=9614"},{"taxonomy":"product_tag","embeddable":true,"href":"https:\/\/xenonkungen.com\/nl\/wp-json\/wp\/v2\/product_tag?post=9614"}],"curies":[{"name":"wp","href":"https:\/\/api.w.org\/{rel}","templated":true}]}}