{"id":9661,"date":"2025-05-20T08:04:14","date_gmt":"2025-05-20T08:04:14","guid":{"rendered":"https:\/\/xenonkungen.com\/product\/hybrid-paket-fran-meguiars-14l-med-tvatthandske\/"},"modified":"2026-04-02T12:22:12","modified_gmt":"2026-04-02T11:22:12","slug":"hybride-pakket-van-meguiars-14-liter-inclusief-washandje","status":"publish","type":"product","link":"https:\/\/xenonkungen.com\/nl\/product\/hybride-pakket-van-meguiars-14-liter-inclusief-washandje\/","title":{"rendered":"HYBRID Pack van Meguiar's | 1,4l met washandje"},"content":{"rendered":"<h1>Hybride Keramische Was &amp; Washandschoen<\/h1>\n<p><strong>Hybride keramische was<\/strong><\/p>\n<p>Reinig en bescherm je auto met \u00e9\u00e9n product! Een uniek product met indrukwekkende reinigende eigenschappen en ongelooflijke bescherming. Dankzij de unieke samenstelling schuimt deze keramische shampoo als een traditionele shampoo zonder in te boeten aan effectiviteit. Samen met de speciaal ontworpen Hybrid Wash Mitt handschoen was je je auto schoon met de oranje kant, daarna draai je de handschoen om naar de grijze kant en breng je een beschermende laag SiO2 aan. Een schuimende hybride keramische shampoo die de lak een fantastische glans geeft en het water extreem laat weglopen!<\/p>\n<p><strong>Hybride washandschoen<\/strong><\/p>\n<p>Speciaal ontworpen voor optimale resultaten met Hybrid Ceramic Wash &amp; Wax! Was de auto met de langharige kant en draai de handschoen om om de bescherming aan te brengen met de kortharige kant. Maximale reiniging en maximale bescherming tijdens het wassen!<\/p>\n<p>Natuurlijk werkt de handschoen met al onze shampoos.<\/p>\n<p>Machinewasbaar, geen wasverzachter gebruiken.<\/p>","protected":false},"excerpt":{"rendered":"<p>Set van Meguiar's populaire Hybrid Ceramic Wash en Wax!<\/p>","protected":false},"featured_media":10157,"comment_status":"closed","ping_status":"open","template":"","meta":{"_acf_changed":false,"_smort_price_nok":"533","_smort_price_dkk":"339","_smort_price_eur":"45.36","_smort_sale_price_nok":"","_smort_sale_price_dkk":"","_smort_sale_price_eur":"","smort_restorder":"","shipmondo_restorder":"","_kad_blocks_custom_css":"","_kad_blocks_head_custom_js":"","_kad_blocks_body_custom_js":"","_kad_blocks_footer_custom_js":"","smort_custom_pricelist_1":"368","smort_custom_pricelist_2":"368","smort_custom_pricelist_3":"349.6","smort_custom_pricelist_4":"399.2","smort_custom_pricelist_5":"368"},"anvandningsomrade":[2234],"bilmarken":[168],"product_brand":[1383],"product_cat":[2188,378],"product_tag":[2726],"class_list":{"0":"post-9661","1":"product","2":"type-product","3":"status-publish","4":"has-post-thumbnail","6":"anvandningsomrade-alla","7":"bilmarken-alla","8":"product_brand-meguiars","9":"product_cat-bilvardpaket","10":"product_cat-bilvard","11":"product_tag-produktpaket","13":"first","14":"instock","15":"taxable","16":"shipping-taxable","17":"purchasable","18":"product-type-bundle"},"bundled_by":[],"bundle_stock_status":"instock","bundle_stock_quantity":3,"bundle_virtual":false,"bundle_layout":"default","bundle_add_to_cart_form_location":"default","bundle_editable_in_cart":false,"bundle_sold_individually_context":"product","bundle_item_grouping":"parent","bundle_min_size":"","bundle_max_size":"","bundle_price":{"price":{"min":{"incl_tax":"45.36","excl_tax":"36.287611336"},"max":{"incl_tax":"45.36","excl_tax":"36.287611336"}},"regular_price":{"min":{"incl_tax":"45.36","excl_tax":"36.287611336"},"max":{"incl_tax":"45.36","excl_tax":"36.287611336"}}},"bundled_items":[{"bundled_item_id":391,"product_id":4547,"menu_order":0,"quantity_min":1,"quantity_max":1,"quantity_default":1,"priced_individually":false,"shipped_individually":false,"override_title":false,"title":"","override_description":false,"description":"","optional":false,"hide_thumbnail":false,"discount":null,"override_variations":false,"allowed_variations":[],"override_default_variation_attributes":false,"default_variation_attributes":[],"single_product_visibility":"visible","cart_visibility":"visible","order_visibility":"visible","single_product_price_visibility":"visible","cart_price_visibility":"visible","order_price_visibility":"visible","stock_status":"in_stock"},{"bundled_item_id":392,"product_id":4678,"menu_order":0,"quantity_min":1,"quantity_max":1,"quantity_default":1,"priced_individually":false,"shipped_individually":false,"override_title":false,"title":"","override_description":false,"description":"","optional":false,"hide_thumbnail":false,"discount":null,"override_variations":false,"allowed_variations":[],"override_default_variation_attributes":false,"default_variation_attributes":[],"single_product_visibility":"visible","cart_visibility":"visible","order_visibility":"visible","single_product_price_visibility":"visible","cart_price_visibility":"visible","order_price_visibility":"visible","stock_status":"in_stock"}],"bundle_sell_ids":[],"acf":[],"yoast_head":"<!-- This site is optimized with the Yoast SEO plugin v27.0 - https:\/\/yoast.com\/product\/yoast-seo-wordpress\/ -->\n<title>HYBRID Paket fr\u00e5n Meguiar&#039;s | 1,4l med tv\u00e4tthandske - Xenonkungen<\/title>\n<meta name=\"robots\" content=\"index, follow, max-snippet:-1, max-image-preview:large, max-video-preview:-1\" \/>\n<link rel=\"canonical\" href=\"https:\/\/xenonkungen.com\/nl\/product\/hybride-pakket-van-meguiars-14-liter-inclusief-washandje\/\" \/>\n<meta property=\"og:locale\" content=\"nl_NL\" \/>\n<meta property=\"og:type\" content=\"article\" \/>\n<meta property=\"og:title\" content=\"HYBRID Paket fr\u00e5n Meguiar&#039;s | 1,4l med tv\u00e4tthandske - Xenonkungen\" \/>\n<meta property=\"og:description\" content=\"Paket med Meguiars popul\u00e4ra Hybrid Ceramic Wash and Wax!\" \/>\n<meta property=\"og:url\" content=\"https:\/\/xenonkungen.com\/nl\/product\/hybride-pakket-van-meguiars-14-liter-inclusief-washandje\/\" \/>\n<meta property=\"og:site_name\" content=\"Xenonkungen\" \/>\n<meta property=\"article:modified_time\" content=\"2026-04-02T11:22:12+00:00\" \/>\n<meta property=\"og:image\" content=\"https:\/\/xenonkungen.com\/wp-content\/uploads\/2025\/05\/G210256-X2102-1.png\" \/>\n\t<meta property=\"og:image:width\" content=\"739\" \/>\n\t<meta property=\"og:image:height\" content=\"697\" \/>\n\t<meta property=\"og:image:type\" content=\"image\/png\" \/>\n<meta name=\"twitter:card\" content=\"summary_large_image\" \/>\n<meta name=\"twitter:label1\" content=\"Geschatte leestijd\" \/>\n\t<meta name=\"twitter:data1\" content=\"1 minuut\" \/>\n<script type=\"application\/ld+json\" class=\"yoast-schema-graph\">{\"@context\":\"https:\/\/schema.org\",\"@graph\":[{\"@type\":\"WebPage\",\"@id\":\"https:\/\/xenonkungen.com\/produkt\/hybrid-paket-fran-meguiars-14l-med-tvatthandske\/\",\"url\":\"https:\/\/xenonkungen.com\/produkt\/hybrid-paket-fran-meguiars-14l-med-tvatthandske\/\",\"name\":\"HYBRID Paket fr\u00e5n Meguiar's | 1,4l med tv\u00e4tthandske - Xenonkungen\",\"isPartOf\":{\"@id\":\"https:\/\/xenonkungen.com\/#website\"},\"primaryImageOfPage\":{\"@id\":\"https:\/\/xenonkungen.com\/produkt\/hybrid-paket-fran-meguiars-14l-med-tvatthandske\/#primaryimage\"},\"image\":{\"@id\":\"https:\/\/xenonkungen.com\/produkt\/hybrid-paket-fran-meguiars-14l-med-tvatthandske\/#primaryimage\"},\"thumbnailUrl\":\"https:\/\/xenonkungen.com\/wp-content\/uploads\/2025\/05\/G210256-X2102-1.png\",\"datePublished\":\"2025-05-20T08:04:14+00:00\",\"dateModified\":\"2026-04-02T11:22:12+00:00\",\"breadcrumb\":{\"@id\":\"https:\/\/xenonkungen.com\/produkt\/hybrid-paket-fran-meguiars-14l-med-tvatthandske\/#breadcrumb\"},\"inLanguage\":\"nl-NL\",\"potentialAction\":[{\"@type\":\"ReadAction\",\"target\":[\"https:\/\/xenonkungen.com\/produkt\/hybrid-paket-fran-meguiars-14l-med-tvatthandske\/\"]}]},{\"@type\":\"ImageObject\",\"inLanguage\":\"nl-NL\",\"@id\":\"https:\/\/xenonkungen.com\/produkt\/hybrid-paket-fran-meguiars-14l-med-tvatthandske\/#primaryimage\",\"url\":\"https:\/\/xenonkungen.com\/wp-content\/uploads\/2025\/05\/G210256-X2102-1.png\",\"contentUrl\":\"https:\/\/xenonkungen.com\/wp-content\/uploads\/2025\/05\/G210256-X2102-1.png\",\"width\":739,\"height\":697},{\"@type\":\"BreadcrumbList\",\"@id\":\"https:\/\/xenonkungen.com\/produkt\/hybrid-paket-fran-meguiars-14l-med-tvatthandske\/#breadcrumb\",\"itemListElement\":[{\"@type\":\"ListItem\",\"position\":1,\"name\":\"Hem\",\"item\":\"https:\/\/xenonkungen.com\/\"},{\"@type\":\"ListItem\",\"position\":2,\"name\":\"Shop\",\"item\":\"https:\/\/xenonkungen.com\/shop\/\"},{\"@type\":\"ListItem\",\"position\":3,\"name\":\"HYBRID Paket fr\u00e5n Meguiar&#8217;s | 1,4l med tv\u00e4tthandske\"}]},{\"@type\":\"WebSite\",\"@id\":\"https:\/\/xenonkungen.com\/#website\",\"url\":\"https:\/\/xenonkungen.com\/\",\"name\":\"Xenonkungen\",\"description\":\"\",\"potentialAction\":[{\"@type\":\"SearchAction\",\"target\":{\"@type\":\"EntryPoint\",\"urlTemplate\":\"https:\/\/xenonkungen.com\/?s={search_term_string}\"},\"query-input\":{\"@type\":\"PropertyValueSpecification\",\"valueRequired\":true,\"valueName\":\"search_term_string\"}}],\"inLanguage\":\"nl-NL\"}]}<\/script>\n<!-- \/ Yoast SEO plugin. -->","yoast_head_json":{"title":"HYBRIDE Pakket van Meguiar&#039;s | 1,4 l met washandje - Xenonkungen","robots":{"index":"index","follow":"follow","max-snippet":"max-snippet:-1","max-image-preview":"max-image-preview:large","max-video-preview":"max-video-preview:-1"},"canonical":"https:\/\/xenonkungen.com\/nl\/product\/hybride-pakket-van-meguiars-14-liter-inclusief-washandje\/","og_locale":"nl_NL","og_type":"article","og_title":"HYBRID Paket fr\u00e5n Meguiar's | 1,4l med tv\u00e4tthandske - Xenonkungen","og_description":"Paket med Meguiars popul\u00e4ra Hybrid Ceramic Wash and Wax!","og_url":"https:\/\/xenonkungen.com\/nl\/product\/hybride-pakket-van-meguiars-14-liter-inclusief-washandje\/","og_site_name":"Xenonkungen","article_modified_time":"2026-04-02T11:22:12+00:00","og_image":[{"width":739,"height":697,"url":"https:\/\/xenonkungen.com\/wp-content\/uploads\/2025\/05\/G210256-X2102-1.png","type":"image\/png"}],"twitter_card":"summary_large_image","twitter_misc":{"Geschatte leestijd":"1 minuut"},"schema":{"@context":"https:\/\/schema.org","@graph":[{"@type":"WebPage","@id":"https:\/\/xenonkungen.com\/produkt\/hybrid-paket-fran-meguiars-14l-med-tvatthandske\/","url":"https:\/\/xenonkungen.com\/produkt\/hybrid-paket-fran-meguiars-14l-med-tvatthandske\/","name":"HYBRIDE Pakket van Meguiar&#039;s | 1,4 l met washandje - Xenonkungen","isPartOf":{"@id":"https:\/\/xenonkungen.com\/#website"},"primaryImageOfPage":{"@id":"https:\/\/xenonkungen.com\/produkt\/hybrid-paket-fran-meguiars-14l-med-tvatthandske\/#primaryimage"},"image":{"@id":"https:\/\/xenonkungen.com\/produkt\/hybrid-paket-fran-meguiars-14l-med-tvatthandske\/#primaryimage"},"thumbnailUrl":"https:\/\/xenonkungen.com\/wp-content\/uploads\/2025\/05\/G210256-X2102-1.png","datePublished":"2025-05-20T08:04:14+00:00","dateModified":"2026-04-02T11:22:12+00:00","breadcrumb":{"@id":"https:\/\/xenonkungen.com\/produkt\/hybrid-paket-fran-meguiars-14l-med-tvatthandske\/#breadcrumb"},"inLanguage":"nl-NL","potentialAction":[{"@type":"ReadAction","target":["https:\/\/xenonkungen.com\/produkt\/hybrid-paket-fran-meguiars-14l-med-tvatthandske\/"]}]},{"@type":"ImageObject","inLanguage":"nl-NL","@id":"https:\/\/xenonkungen.com\/produkt\/hybrid-paket-fran-meguiars-14l-med-tvatthandske\/#primaryimage","url":"https:\/\/xenonkungen.com\/wp-content\/uploads\/2025\/05\/G210256-X2102-1.png","contentUrl":"https:\/\/xenonkungen.com\/wp-content\/uploads\/2025\/05\/G210256-X2102-1.png","width":739,"height":697},{"@type":"BreadcrumbList","@id":"https:\/\/xenonkungen.com\/produkt\/hybrid-paket-fran-meguiars-14l-med-tvatthandske\/#breadcrumb","itemListElement":[{"@type":"ListItem","position":1,"name":"Hem","item":"https:\/\/xenonkungen.com\/"},{"@type":"ListItem","position":2,"name":"Shop","item":"https:\/\/xenonkungen.com\/shop\/"},{"@type":"ListItem","position":3,"name":"HYBRID Paket fr\u00e5n Meguiar&#8217;s | 1,4l med tv\u00e4tthandske"}]},{"@type":"WebSite","@id":"https:\/\/xenonkungen.com\/#website","url":"https:\/\/xenonkungen.com\/","name":"Xenonkungen","description":"","potentialAction":[{"@type":"SearchAction","target":{"@type":"EntryPoint","urlTemplate":"https:\/\/xenonkungen.com\/?s={search_term_string}"},"query-input":{"@type":"PropertyValueSpecification","valueRequired":true,"valueName":"search_term_string"}}],"inLanguage":"nl-NL"}]}},"taxonomy_info":{"anvandningsomrade":[{"value":2234,"label":"Alla"}],"bilmarken":[{"value":168,"label":"Alla"}],"product_brand":[{"value":1383,"label":"Meguiar's"}],"product_cat":[{"value":2188,"label":"Bilv\u00e5rdpaket"},{"value":378,"label":"Bilv\u00e5rd"}],"product_tag":[{"value":2726,"label":"produktpaket"}]},"featured_image_src_large":["https:\/\/xenonkungen.com\/wp-content\/uploads\/2025\/05\/G210256-X2102-1.png",739,697,false],"author_info":[],"comment_info":0,"_links":{"self":[{"href":"https:\/\/xenonkungen.com\/nl\/wp-json\/wp\/v2\/product\/9661","targetHints":{"allow":["GET"]}}],"collection":[{"href":"https:\/\/xenonkungen.com\/nl\/wp-json\/wp\/v2\/product"}],"about":[{"href":"https:\/\/xenonkungen.com\/nl\/wp-json\/wp\/v2\/types\/product"}],"replies":[{"embeddable":true,"href":"https:\/\/xenonkungen.com\/nl\/wp-json\/wp\/v2\/comments?post=9661"}],"wp:featuredmedia":[{"embeddable":true,"href":"https:\/\/xenonkungen.com\/nl\/wp-json\/wp\/v2\/media\/10157"}],"wp:attachment":[{"href":"https:\/\/xenonkungen.com\/nl\/wp-json\/wp\/v2\/media?parent=9661"}],"wp:term":[{"taxonomy":"anvandningsomrade","embeddable":true,"href":"https:\/\/xenonkungen.com\/nl\/wp-json\/wp\/v2\/anvandningsomrade?post=9661"},{"taxonomy":"bilmarken","embeddable":true,"href":"https:\/\/xenonkungen.com\/nl\/wp-json\/wp\/v2\/bilmarken?post=9661"},{"taxonomy":"product_brand","embeddable":true,"href":"https:\/\/xenonkungen.com\/nl\/wp-json\/wp\/v2\/product_brand?post=9661"},{"taxonomy":"product_cat","embeddable":true,"href":"https:\/\/xenonkungen.com\/nl\/wp-json\/wp\/v2\/product_cat?post=9661"},{"taxonomy":"product_tag","embeddable":true,"href":"https:\/\/xenonkungen.com\/nl\/wp-json\/wp\/v2\/product_tag?post=9661"}],"curies":[{"name":"wp","href":"https:\/\/api.w.org\/{rel}","templated":true}]}}