{"id":9676,"date":"2025-05-20T08:06:03","date_gmt":"2025-05-20T08:06:03","guid":{"rendered":"https:\/\/xenonkungen.com\/product\/interiorpaket-6-delar\/"},"modified":"2026-04-01T08:01:06","modified_gmt":"2026-04-01T07:01:06","slug":"interieurpakket-6-onderdelen","status":"publish","type":"product","link":"https:\/\/xenonkungen.com\/nl\/product\/interieurpakket-6-onderdelen\/","title":{"rendered":"Interieur kit | 6 stuks"},"content":{"rendered":"<h1>6-delig interieurpakket<\/h1>\n<p>Voor wie het perfecte interieur voor zijn auto wil, 6 verschillende producten in \u00e9\u00e9n pakket.<\/p>\n<p>Het pakket bevat:<\/p>\n<p><strong>Tapijt- en interieurreiniger<\/strong><\/p>\n<p>Koffie, lippenstift, olie of andere hardnekkige vlekken hoeven niet op je tapijt of bekleding te blijven zitten. In tegenstelling tot andere reinigers verwijdert Meguiar's Carpet and Interior Cleaner hardnekkige aanslag zonder het oppervlak te verkleuren.<\/p>\n<p><strong>Ultieme Interieur Detailer<\/strong><\/p>\n<p>Ons eerste reinigings- en beschermingsproduct voor interieuroppervlakken met superieure UV-bescherming en duurzaamheid in \u00e9\u00e9n product. De ultieme keuze voor het onderhouden van je interieur.<\/p>\n<p><strong>Ultieme Leather Detailer<\/strong><\/p>\n<p>Ultimate Leather Detailer biedt een snelle en gemakkelijke oplossing om het uiterlijk en het gevoel van leer te behouden. De krachtige reiniging verwijdert vuil snel en voorzichtig en herstelt de natuurlijke uitstraling van leer.<\/p>\n<p><strong>Perfecte Helderheid Glasreiniger<\/strong><\/p>\n<p>Het was nog nooit zo makkelijk om glas er perfect uit te laten zien. Perfect Clarity glasreiniger is ammoniakvrij en verwijdert hardnekkig vuil zonder strepen achter te laten.<\/p>\n<p><strong>Xenon King Microvezeldoek 30x40cm | 400 GSM (LYX)<\/strong><\/p>\n<p>Ontdek het ultieme doekje voor je auto met de LYX microvezeldoek van Xenonkung. Met een afmeting van 30\u00d740 cm en een gewicht van 400 GSM (gram per vierkante meter) biedt dit doekje uitzonderlijke kwaliteit en prestaties voor zowel exterieur als interieur.<\/p>\n<p><strong>Xenon King Microvezel Raamhor 30x40cm | 500 GSM<\/strong><\/p>\n<p>Ontdek onze exclusieve microvezel-raamdoek, speciaal ontworpen om je ramen en glazen oppervlakken een kristalheldere afwerking te geven. Met een afmeting van 30\u00d740 cm en een gewicht van 500 GSM (gram per vierkante meter) biedt deze raamdoek uitstekende prestaties voor zowel autoruiten als glasoppervlakken thuis.<\/p>","protected":false},"excerpt":{"rendered":"<p>6-delars interi\u00f6rpaket F\u00f6r dig som vill f\u00e5 en perfekt interi\u00f6r p\u00e5 din bil, 6 olika produkter i ett och samma paket. Paketet inneh\u00e5ller: Carpet &amp; Interior Cleaner Kaffe, l\u00e4ppstift, olja eller andra sv\u00e5ra fl\u00e4ckar beh\u00f6ver inte sitta kvar i mattorna eller kl\u00e4dseln. Till skillnad fr\u00e5n andra reng\u00f6ringsmedel avl\u00e4gsnar Meguiar\u2019s Carpet and Interior Cleaner envisa bel\u00e4ggningar [&hellip;]<\/p>","protected":false},"featured_media":10168,"comment_status":"closed","ping_status":"open","template":"","meta":{"_acf_changed":false,"_smort_price_nok":"827","_smort_price_dkk":"525","_smort_price_eur":"70.36","_smort_sale_price_nok":"","_smort_sale_price_dkk":"","_smort_sale_price_eur":"","smort_restorder":"","shipmondo_restorder":"","_kad_blocks_custom_css":"","_kad_blocks_head_custom_js":"","_kad_blocks_body_custom_js":"","_kad_blocks_footer_custom_js":"","smort_custom_pricelist_1":"526.32","smort_custom_pricelist_2":"526.32","smort_custom_pricelist_3":"526.32","smort_custom_pricelist_4":"619.2","smort_custom_pricelist_5":"526.32"},"anvandningsomrade":[2234],"bilmarken":[168],"product_brand":[2235],"product_cat":[2188,378],"product_tag":[2726],"class_list":{"0":"post-9676","1":"product","2":"type-product","3":"status-publish","4":"has-post-thumbnail","6":"anvandningsomrade-alla","7":"bilmarken-alla","8":"product_brand-meguiars-xenonkungen","9":"product_cat-bilvardpaket","10":"product_cat-bilvard","11":"product_tag-produktpaket","13":"first","14":"outofstock","15":"taxable","16":"shipping-taxable","17":"purchasable","18":"product-type-bundle"},"bundled_by":[],"bundle_stock_status":"outofstock","bundle_stock_quantity":0,"bundle_virtual":false,"bundle_layout":"default","bundle_add_to_cart_form_location":"default","bundle_editable_in_cart":false,"bundle_sold_individually_context":"product","bundle_item_grouping":"parent","bundle_min_size":"","bundle_max_size":"","bundle_price":{"price":{"min":{"incl_tax":"70.36","excl_tax":"56.285793936"},"max":{"incl_tax":"70.36","excl_tax":"56.285793936"}},"regular_price":{"min":{"incl_tax":"70.36","excl_tax":"56.285793936"},"max":{"incl_tax":"70.36","excl_tax":"56.285793936"}}},"bundled_items":[{"bundled_item_id":401,"product_id":4588,"menu_order":0,"quantity_min":1,"quantity_max":1,"quantity_default":1,"priced_individually":false,"shipped_individually":false,"override_title":false,"title":"","override_description":false,"description":"","optional":false,"hide_thumbnail":false,"discount":null,"override_variations":false,"allowed_variations":[],"override_default_variation_attributes":false,"default_variation_attributes":[],"single_product_visibility":"visible","cart_visibility":"visible","order_visibility":"visible","single_product_price_visibility":"visible","cart_price_visibility":"visible","order_price_visibility":"visible","stock_status":"on_backorder"},{"bundled_item_id":402,"product_id":4479,"menu_order":0,"quantity_min":1,"quantity_max":1,"quantity_default":1,"priced_individually":false,"shipped_individually":false,"override_title":false,"title":"","override_description":false,"description":"","optional":false,"hide_thumbnail":false,"discount":null,"override_variations":false,"allowed_variations":[],"override_default_variation_attributes":false,"default_variation_attributes":[],"single_product_visibility":"visible","cart_visibility":"visible","order_visibility":"visible","single_product_price_visibility":"visible","cart_price_visibility":"visible","order_price_visibility":"visible","stock_status":"in_stock"},{"bundled_item_id":403,"product_id":4541,"menu_order":0,"quantity_min":1,"quantity_max":1,"quantity_default":1,"priced_individually":false,"shipped_individually":false,"override_title":false,"title":"","override_description":false,"description":"","optional":false,"hide_thumbnail":false,"discount":null,"override_variations":false,"allowed_variations":[],"override_default_variation_attributes":false,"default_variation_attributes":[],"single_product_visibility":"visible","cart_visibility":"visible","order_visibility":"visible","single_product_price_visibility":"visible","cart_price_visibility":"visible","order_price_visibility":"visible","stock_status":"on_backorder"},{"bundled_item_id":404,"product_id":4581,"menu_order":0,"quantity_min":1,"quantity_max":1,"quantity_default":1,"priced_individually":false,"shipped_individually":false,"override_title":false,"title":"","override_description":false,"description":"","optional":false,"hide_thumbnail":false,"discount":null,"override_variations":false,"allowed_variations":[],"override_default_variation_attributes":false,"default_variation_attributes":[],"single_product_visibility":"visible","cart_visibility":"visible","order_visibility":"visible","single_product_price_visibility":"visible","cart_price_visibility":"visible","order_price_visibility":"visible","stock_status":"in_stock"},{"bundled_item_id":405,"product_id":1181,"menu_order":0,"quantity_min":1,"quantity_max":1,"quantity_default":1,"priced_individually":false,"shipped_individually":false,"override_title":false,"title":"","override_description":false,"description":"","optional":false,"hide_thumbnail":false,"discount":null,"override_variations":false,"allowed_variations":[],"override_default_variation_attributes":false,"default_variation_attributes":[],"single_product_visibility":"visible","cart_visibility":"visible","order_visibility":"visible","single_product_price_visibility":"visible","cart_price_visibility":"visible","order_price_visibility":"visible","stock_status":"in_stock"},{"bundled_item_id":406,"product_id":1186,"menu_order":0,"quantity_min":1,"quantity_max":1,"quantity_default":1,"priced_individually":false,"shipped_individually":false,"override_title":false,"title":"","override_description":false,"description":"","optional":false,"hide_thumbnail":false,"discount":null,"override_variations":false,"allowed_variations":[],"override_default_variation_attributes":false,"default_variation_attributes":[],"single_product_visibility":"visible","cart_visibility":"visible","order_visibility":"visible","single_product_price_visibility":"visible","cart_price_visibility":"visible","order_price_visibility":"visible","stock_status":"in_stock"}],"bundle_sell_ids":[],"acf":[],"yoast_head":"<!-- This site is optimized with the Yoast SEO plugin v27.0 - https:\/\/yoast.com\/product\/yoast-seo-wordpress\/ -->\n<title>Interi\u00f6rpaket | 6-delar - Xenonkungen<\/title>\n<meta name=\"robots\" content=\"index, follow, max-snippet:-1, max-image-preview:large, max-video-preview:-1\" \/>\n<link rel=\"canonical\" href=\"https:\/\/xenonkungen.com\/nl\/product\/interieurpakket-6-onderdelen\/\" \/>\n<meta property=\"og:locale\" content=\"nl_NL\" \/>\n<meta property=\"og:type\" content=\"article\" \/>\n<meta property=\"og:title\" content=\"Interi\u00f6rpaket | 6-delar - Xenonkungen\" \/>\n<meta property=\"og:description\" content=\"6-delars interi\u00f6rpaket F\u00f6r dig som vill f\u00e5 en perfekt interi\u00f6r p\u00e5 din bil, 6 olika produkter i ett och samma paket. Paketet inneh\u00e5ller: Carpet &amp; Interior Cleaner Kaffe, l\u00e4ppstift, olja eller andra sv\u00e5ra fl\u00e4ckar beh\u00f6ver inte sitta kvar i mattorna eller kl\u00e4dseln. Till skillnad fr\u00e5n andra reng\u00f6ringsmedel avl\u00e4gsnar Meguiar\u2019s Carpet and Interior Cleaner envisa bel\u00e4ggningar [&hellip;]\" \/>\n<meta property=\"og:url\" content=\"https:\/\/xenonkungen.com\/nl\/product\/interieurpakket-6-onderdelen\/\" \/>\n<meta property=\"og:site_name\" content=\"Xenonkungen\" \/>\n<meta property=\"article:modified_time\" content=\"2026-04-01T07:01:06+00:00\" \/>\n<meta property=\"og:image\" content=\"https:\/\/xenonkungen.com\/wp-content\/uploads\/2025\/05\/Interiorpaket.png\" \/>\n\t<meta property=\"og:image:width\" content=\"1000\" \/>\n\t<meta property=\"og:image:height\" content=\"1000\" \/>\n\t<meta property=\"og:image:type\" content=\"image\/png\" \/>\n<meta name=\"twitter:card\" content=\"summary_large_image\" \/>\n<meta name=\"twitter:label1\" content=\"Geschatte leestijd\" \/>\n\t<meta name=\"twitter:data1\" content=\"2 minuten\" \/>\n<script type=\"application\/ld+json\" class=\"yoast-schema-graph\">{\"@context\":\"https:\/\/schema.org\",\"@graph\":[{\"@type\":\"WebPage\",\"@id\":\"https:\/\/xenonkungen.com\/produkt\/interiorpaket-6-delar\/\",\"url\":\"https:\/\/xenonkungen.com\/produkt\/interiorpaket-6-delar\/\",\"name\":\"Interi\u00f6rpaket | 6-delar - Xenonkungen\",\"isPartOf\":{\"@id\":\"https:\/\/xenonkungen.com\/#website\"},\"primaryImageOfPage\":{\"@id\":\"https:\/\/xenonkungen.com\/produkt\/interiorpaket-6-delar\/#primaryimage\"},\"image\":{\"@id\":\"https:\/\/xenonkungen.com\/produkt\/interiorpaket-6-delar\/#primaryimage\"},\"thumbnailUrl\":\"https:\/\/xenonkungen.com\/wp-content\/uploads\/2025\/05\/Interiorpaket.png\",\"datePublished\":\"2025-05-20T08:06:03+00:00\",\"dateModified\":\"2026-04-01T07:01:06+00:00\",\"breadcrumb\":{\"@id\":\"https:\/\/xenonkungen.com\/produkt\/interiorpaket-6-delar\/#breadcrumb\"},\"inLanguage\":\"nl-NL\",\"potentialAction\":[{\"@type\":\"ReadAction\",\"target\":[\"https:\/\/xenonkungen.com\/produkt\/interiorpaket-6-delar\/\"]}]},{\"@type\":\"ImageObject\",\"inLanguage\":\"nl-NL\",\"@id\":\"https:\/\/xenonkungen.com\/produkt\/interiorpaket-6-delar\/#primaryimage\",\"url\":\"https:\/\/xenonkungen.com\/wp-content\/uploads\/2025\/05\/Interiorpaket.png\",\"contentUrl\":\"https:\/\/xenonkungen.com\/wp-content\/uploads\/2025\/05\/Interiorpaket.png\",\"width\":1000,\"height\":1000},{\"@type\":\"BreadcrumbList\",\"@id\":\"https:\/\/xenonkungen.com\/produkt\/interiorpaket-6-delar\/#breadcrumb\",\"itemListElement\":[{\"@type\":\"ListItem\",\"position\":1,\"name\":\"Hem\",\"item\":\"https:\/\/xenonkungen.com\/\"},{\"@type\":\"ListItem\",\"position\":2,\"name\":\"Shop\",\"item\":\"https:\/\/xenonkungen.com\/shop\/\"},{\"@type\":\"ListItem\",\"position\":3,\"name\":\"Interi\u00f6rpaket | 6-delar\"}]},{\"@type\":\"WebSite\",\"@id\":\"https:\/\/xenonkungen.com\/#website\",\"url\":\"https:\/\/xenonkungen.com\/\",\"name\":\"Xenonkungen\",\"description\":\"\",\"potentialAction\":[{\"@type\":\"SearchAction\",\"target\":{\"@type\":\"EntryPoint\",\"urlTemplate\":\"https:\/\/xenonkungen.com\/?s={search_term_string}\"},\"query-input\":{\"@type\":\"PropertyValueSpecification\",\"valueRequired\":true,\"valueName\":\"search_term_string\"}}],\"inLanguage\":\"nl-NL\"}]}<\/script>\n<!-- \/ Yoast SEO plugin. -->","yoast_head_json":{"title":"Interieurpakket | 6-delig - Xenon King","robots":{"index":"index","follow":"follow","max-snippet":"max-snippet:-1","max-image-preview":"max-image-preview:large","max-video-preview":"max-video-preview:-1"},"canonical":"https:\/\/xenonkungen.com\/nl\/product\/interieurpakket-6-onderdelen\/","og_locale":"nl_NL","og_type":"article","og_title":"Interi\u00f6rpaket | 6-delar - Xenonkungen","og_description":"6-delars interi\u00f6rpaket F\u00f6r dig som vill f\u00e5 en perfekt interi\u00f6r p\u00e5 din bil, 6 olika produkter i ett och samma paket. Paketet inneh\u00e5ller: Carpet &amp; Interior Cleaner Kaffe, l\u00e4ppstift, olja eller andra sv\u00e5ra fl\u00e4ckar beh\u00f6ver inte sitta kvar i mattorna eller kl\u00e4dseln. Till skillnad fr\u00e5n andra reng\u00f6ringsmedel avl\u00e4gsnar Meguiar\u2019s Carpet and Interior Cleaner envisa bel\u00e4ggningar [&hellip;]","og_url":"https:\/\/xenonkungen.com\/nl\/product\/interieurpakket-6-onderdelen\/","og_site_name":"Xenonkungen","article_modified_time":"2026-04-01T07:01:06+00:00","og_image":[{"width":1000,"height":1000,"url":"https:\/\/xenonkungen.com\/wp-content\/uploads\/2025\/05\/Interiorpaket.png","type":"image\/png"}],"twitter_card":"summary_large_image","twitter_misc":{"Geschatte leestijd":"2 minuten"},"schema":{"@context":"https:\/\/schema.org","@graph":[{"@type":"WebPage","@id":"https:\/\/xenonkungen.com\/produkt\/interiorpaket-6-delar\/","url":"https:\/\/xenonkungen.com\/produkt\/interiorpaket-6-delar\/","name":"Interieurpakket | 6-delig - Xenon King","isPartOf":{"@id":"https:\/\/xenonkungen.com\/#website"},"primaryImageOfPage":{"@id":"https:\/\/xenonkungen.com\/produkt\/interiorpaket-6-delar\/#primaryimage"},"image":{"@id":"https:\/\/xenonkungen.com\/produkt\/interiorpaket-6-delar\/#primaryimage"},"thumbnailUrl":"https:\/\/xenonkungen.com\/wp-content\/uploads\/2025\/05\/Interiorpaket.png","datePublished":"2025-05-20T08:06:03+00:00","dateModified":"2026-04-01T07:01:06+00:00","breadcrumb":{"@id":"https:\/\/xenonkungen.com\/produkt\/interiorpaket-6-delar\/#breadcrumb"},"inLanguage":"nl-NL","potentialAction":[{"@type":"ReadAction","target":["https:\/\/xenonkungen.com\/produkt\/interiorpaket-6-delar\/"]}]},{"@type":"ImageObject","inLanguage":"nl-NL","@id":"https:\/\/xenonkungen.com\/produkt\/interiorpaket-6-delar\/#primaryimage","url":"https:\/\/xenonkungen.com\/wp-content\/uploads\/2025\/05\/Interiorpaket.png","contentUrl":"https:\/\/xenonkungen.com\/wp-content\/uploads\/2025\/05\/Interiorpaket.png","width":1000,"height":1000},{"@type":"BreadcrumbList","@id":"https:\/\/xenonkungen.com\/produkt\/interiorpaket-6-delar\/#breadcrumb","itemListElement":[{"@type":"ListItem","position":1,"name":"Hem","item":"https:\/\/xenonkungen.com\/"},{"@type":"ListItem","position":2,"name":"Shop","item":"https:\/\/xenonkungen.com\/shop\/"},{"@type":"ListItem","position":3,"name":"Interi\u00f6rpaket | 6-delar"}]},{"@type":"WebSite","@id":"https:\/\/xenonkungen.com\/#website","url":"https:\/\/xenonkungen.com\/","name":"Xenonkungen","description":"","potentialAction":[{"@type":"SearchAction","target":{"@type":"EntryPoint","urlTemplate":"https:\/\/xenonkungen.com\/?s={search_term_string}"},"query-input":{"@type":"PropertyValueSpecification","valueRequired":true,"valueName":"search_term_string"}}],"inLanguage":"nl-NL"}]}},"taxonomy_info":{"anvandningsomrade":[{"value":2234,"label":"Alla"}],"bilmarken":[{"value":168,"label":"Alla"}],"product_brand":[{"value":2235,"label":"Meguiar's , Xenonkungen"}],"product_cat":[{"value":2188,"label":"Bilv\u00e5rdpaket"},{"value":378,"label":"Bilv\u00e5rd"}],"product_tag":[{"value":2726,"label":"produktpaket"}]},"featured_image_src_large":["https:\/\/xenonkungen.com\/wp-content\/uploads\/2025\/05\/Interiorpaket.png",1000,1000,false],"author_info":[],"comment_info":0,"_links":{"self":[{"href":"https:\/\/xenonkungen.com\/nl\/wp-json\/wp\/v2\/product\/9676","targetHints":{"allow":["GET"]}}],"collection":[{"href":"https:\/\/xenonkungen.com\/nl\/wp-json\/wp\/v2\/product"}],"about":[{"href":"https:\/\/xenonkungen.com\/nl\/wp-json\/wp\/v2\/types\/product"}],"replies":[{"embeddable":true,"href":"https:\/\/xenonkungen.com\/nl\/wp-json\/wp\/v2\/comments?post=9676"}],"wp:featuredmedia":[{"embeddable":true,"href":"https:\/\/xenonkungen.com\/nl\/wp-json\/wp\/v2\/media\/10168"}],"wp:attachment":[{"href":"https:\/\/xenonkungen.com\/nl\/wp-json\/wp\/v2\/media?parent=9676"}],"wp:term":[{"taxonomy":"anvandningsomrade","embeddable":true,"href":"https:\/\/xenonkungen.com\/nl\/wp-json\/wp\/v2\/anvandningsomrade?post=9676"},{"taxonomy":"bilmarken","embeddable":true,"href":"https:\/\/xenonkungen.com\/nl\/wp-json\/wp\/v2\/bilmarken?post=9676"},{"taxonomy":"product_brand","embeddable":true,"href":"https:\/\/xenonkungen.com\/nl\/wp-json\/wp\/v2\/product_brand?post=9676"},{"taxonomy":"product_cat","embeddable":true,"href":"https:\/\/xenonkungen.com\/nl\/wp-json\/wp\/v2\/product_cat?post=9676"},{"taxonomy":"product_tag","embeddable":true,"href":"https:\/\/xenonkungen.com\/nl\/wp-json\/wp\/v2\/product_tag?post=9676"}],"curies":[{"name":"wp","href":"https:\/\/api.w.org\/{rel}","templated":true}]}}