{"id":9684,"date":"2025-05-20T08:06:03","date_gmt":"2025-05-20T08:06:03","guid":{"rendered":"https:\/\/xenonkungen.com\/product\/tvattpaketet-boris\/"},"modified":"2026-04-17T12:24:44","modified_gmt":"2026-04-17T11:24:44","slug":"waspakket-boris","status":"publish","type":"product","link":"https:\/\/xenonkungen.com\/nl\/product\/waspakket-boris\/","title":{"rendered":"BORIS waspakket"},"content":{"rendered":"<h1>BORIS waspakket<\/h1>\n<p>Het winnaarspakket, ook vernoemd naar de persoon met het winnende voorstel in de wedstrijd <strong>Het ultieme verzorgingspakket voor de auto<\/strong>. Wij vinden net als Boris dat deze car care kit precies bevat wat je nodig hebt om je auto te laten blinken!<\/p>\n<p>Alle onderdelen in het pakket zijn producten van Meguiar's.<\/p>\n<p>Het pakket bevat:<\/p>\n<p><strong>Meguiar's Gold Class Shampoo voor autowassen<\/strong><\/p>\n<div>Zeer effectieve shampoo met een heerlijk schuim dat effectief vuil van de lak verwijdert en een glanzend glanzend oppervlak achterlaat. Perfect in de emmer &amp; schuimlans!<\/div>\n<p><strong>Meguiar's hybride washandschoen<\/strong><\/p>\n<div>Maximale reiniging en maximale bescherming bij het wassen! Was de auto met de langharige kant en draai de handschoen om om de bescherming aan te brengen met de kortharige kant.<\/div>\n<p><strong>Hot Rims All Wheel Cleaner<\/strong><\/p>\n<p>Verwijder hardnekkige afzettingen met het unieke schuim van Hot Rim dat vuil en remstof van BEIDE velgen en banden laat lopen. Dit dankzij een nieuwe en effectieve formule. Zeer geschikt voor het wassen van banden voordat je bandenglans aanbrengt. ALLEEN gebruiken op gelakte\/gecoate\/verchroomde velgen.<\/p>\n<p><strong>Meguiar's tapijt- en interieurreiniger<\/strong><\/p>\n<div>Effectieve textielreiniger die een vlekkeloze afwerking achterlaat. Pakt zelfs de hardnekkigste vlekken aan, zoals lippenstift, olie, zweet en koffie.<\/div>\n<p><strong>Meguiar's Meguiar's emmer<\/strong><\/p>\n<div>Een stijlvolle gele 19 liter emmer met handvat!<\/div>\n<p><strong>Meguiar's Grit Guard<\/strong><\/p>\n<div>Een heel slim product om het verschijnen van nieuwe krassen te voorkomen.<\/div>\n<p><strong>Meguiar's Supreme Drooghanddoek XL<\/strong><\/p>\n<div>De Supreme Drying Towel is een grote en superzachte droogdoek met een extreem absorberend vermogen.<\/div>","protected":false},"excerpt":{"rendered":"<p>Tv\u00e4ttpaket BORIS Vinnarpaketet som ocks\u00e5 \u00e4r d\u00f6ptes efter personen uts\u00e5gs till att ha det vinnande f\u00f6rslaget i t\u00e4vlingen Det ultimata bilv\u00e5rdspaketet. Vi k\u00e4nner som Boris att detta bilv\u00e5rdspaketet inneh\u00e5ller precis det du beh\u00f6ver f\u00f6r att f\u00e5 ditt fordon skinande! Alla delarna i paketet \u00e4r produkter fr\u00e5n Meguiar&#8217;s. Paketet inneh\u00e5ller: Meguiar&#8217;s Gold Class Car Wash Shampoo [&hellip;]<\/p>","protected":false},"featured_media":10175,"comment_status":"closed","ping_status":"closed","template":"","meta":{"_acf_changed":false,"_smort_price_nok":"1271","_smort_price_dkk":"807","_smort_price_eur":"108.18","_smort_sale_price_nok":"","_smort_sale_price_dkk":"","_smort_sale_price_eur":"","smort_restorder":"","shipmondo_restorder":"","_kad_blocks_custom_css":"","_kad_blocks_head_custom_js":"","_kad_blocks_body_custom_js":"","_kad_blocks_footer_custom_js":"","smort_custom_pricelist_1":"952","smort_custom_pricelist_2":"952","smort_custom_pricelist_3":"904.4","smort_custom_pricelist_4":"952","smort_custom_pricelist_5":"952"},"anvandningsomrade":[2234],"bilmarken":[168],"product_brand":[1383],"product_cat":[2188,378],"product_tag":[2726],"class_list":{"0":"post-9684","1":"product","2":"type-product","3":"status-publish","4":"has-post-thumbnail","6":"anvandningsomrade-alla","7":"bilmarken-alla","8":"product_brand-meguiars","9":"product_cat-bilvardpaket","10":"product_cat-bilvard","11":"product_tag-produktpaket","13":"first","14":"outofstock","15":"taxable","16":"shipping-taxable","17":"purchasable","18":"product-type-bundle"},"bundled_by":[],"bundle_stock_status":"outofstock","bundle_stock_quantity":0,"bundle_virtual":false,"bundle_layout":"default","bundle_add_to_cart_form_location":"default","bundle_editable_in_cart":false,"bundle_sold_individually_context":"product","bundle_item_grouping":"parent","bundle_min_size":"","bundle_max_size":"","bundle_price":{"price":{"min":{"incl_tax":"108.17","excl_tax":"86.53759016"},"max":{"incl_tax":"108.17","excl_tax":"86.53759016"}},"regular_price":{"min":{"incl_tax":"108.17","excl_tax":"86.53759016"},"max":{"incl_tax":"108.17","excl_tax":"86.53759016"}}},"bundled_items":[{"bundled_item_id":407,"product_id":4574,"menu_order":0,"quantity_min":1,"quantity_max":1,"quantity_default":1,"priced_individually":false,"shipped_individually":false,"override_title":false,"title":"Meguiar&#039;s Gold Class Autowasshampoo","override_description":false,"description":"","optional":false,"hide_thumbnail":false,"discount":"","override_variations":false,"allowed_variations":[],"override_default_variation_attributes":false,"default_variation_attributes":[],"single_product_visibility":"visible","cart_visibility":"visible","order_visibility":"visible","single_product_price_visibility":"visible","cart_price_visibility":"visible","order_price_visibility":"visible","stock_status":"in_stock"},{"bundled_item_id":408,"product_id":4678,"menu_order":1,"quantity_min":1,"quantity_max":1,"quantity_default":1,"priced_individually":false,"shipped_individually":false,"override_title":false,"title":"Meguiar&#039;s Hybrid Wash Mitt","override_description":false,"description":"","optional":false,"hide_thumbnail":false,"discount":"","override_variations":false,"allowed_variations":[],"override_default_variation_attributes":false,"default_variation_attributes":[],"single_product_visibility":"visible","cart_visibility":"visible","order_visibility":"visible","single_product_price_visibility":"visible","cart_price_visibility":"visible","order_price_visibility":"visible","stock_status":"in_stock"},{"bundled_item_id":409,"product_id":4590,"menu_order":2,"quantity_min":1,"quantity_max":1,"quantity_default":1,"priced_individually":false,"shipped_individually":false,"override_title":false,"title":"Meguiar&#039;s Hot Rims All Wheel Cleaner","override_description":false,"description":"","optional":false,"hide_thumbnail":false,"discount":"","override_variations":false,"allowed_variations":[],"override_default_variation_attributes":false,"default_variation_attributes":[],"single_product_visibility":"visible","cart_visibility":"visible","order_visibility":"visible","single_product_price_visibility":"visible","cart_price_visibility":"visible","order_price_visibility":"visible","stock_status":"in_stock"},{"bundled_item_id":410,"product_id":4588,"menu_order":3,"quantity_min":1,"quantity_max":1,"quantity_default":1,"priced_individually":false,"shipped_individually":false,"override_title":false,"title":"Meguiar&#039;s Tapijt- en Interieurreiniger","override_description":false,"description":"","optional":false,"hide_thumbnail":false,"discount":"","override_variations":false,"allowed_variations":[],"override_default_variation_attributes":false,"default_variation_attributes":[],"single_product_visibility":"visible","cart_visibility":"visible","order_visibility":"visible","single_product_price_visibility":"visible","cart_price_visibility":"visible","order_price_visibility":"visible","stock_status":"on_backorder"},{"bundled_item_id":411,"product_id":4612,"menu_order":4,"quantity_min":1,"quantity_max":1,"quantity_default":1,"priced_individually":false,"shipped_individually":false,"override_title":false,"title":"Meguiar&#039;s emmer","override_description":false,"description":"","optional":false,"hide_thumbnail":false,"discount":"","override_variations":false,"allowed_variations":[],"override_default_variation_attributes":false,"default_variation_attributes":[],"single_product_visibility":"visible","cart_visibility":"visible","order_visibility":"visible","single_product_price_visibility":"visible","cart_price_visibility":"visible","order_price_visibility":"visible","stock_status":"on_backorder"},{"bundled_item_id":412,"product_id":4684,"menu_order":5,"quantity_min":1,"quantity_max":1,"quantity_default":1,"priced_individually":false,"shipped_individually":false,"override_title":false,"title":"Meguiar&#039;s Grit Guard","override_description":false,"description":"","optional":false,"hide_thumbnail":false,"discount":"","override_variations":false,"allowed_variations":[],"override_default_variation_attributes":false,"default_variation_attributes":[],"single_product_visibility":"visible","cart_visibility":"visible","order_visibility":"visible","single_product_price_visibility":"visible","cart_price_visibility":"visible","order_price_visibility":"visible","stock_status":"on_backorder"},{"bundled_item_id":413,"product_id":4658,"menu_order":6,"quantity_min":1,"quantity_max":1,"quantity_default":1,"priced_individually":false,"shipped_individually":false,"override_title":false,"title":"Meguiar&#039;s Supreme Droogdoek XL","override_description":false,"description":"","optional":false,"hide_thumbnail":false,"discount":"","override_variations":false,"allowed_variations":[],"override_default_variation_attributes":false,"default_variation_attributes":[],"single_product_visibility":"visible","cart_visibility":"visible","order_visibility":"visible","single_product_price_visibility":"visible","cart_price_visibility":"visible","order_price_visibility":"visible","stock_status":"on_backorder"}],"bundle_sell_ids":[],"acf":[],"yoast_head":"<!-- This site is optimized with the Yoast SEO plugin v27.0 - https:\/\/yoast.com\/product\/yoast-seo-wordpress\/ -->\n<title>Tv\u00e4ttpaketet BORIS - Xenonkungen<\/title>\n<meta name=\"robots\" content=\"index, follow, max-snippet:-1, max-image-preview:large, max-video-preview:-1\" \/>\n<link rel=\"canonical\" href=\"https:\/\/xenonkungen.com\/nl\/product\/waspakket-boris\/\" \/>\n<meta property=\"og:locale\" content=\"nl_NL\" \/>\n<meta property=\"og:type\" content=\"article\" \/>\n<meta property=\"og:title\" content=\"Tv\u00e4ttpaketet BORIS - Xenonkungen\" \/>\n<meta property=\"og:description\" content=\"Tv\u00e4ttpaket BORIS Vinnarpaketet som ocks\u00e5 \u00e4r d\u00f6ptes efter personen uts\u00e5gs till att ha det vinnande f\u00f6rslaget i t\u00e4vlingen Det ultimata bilv\u00e5rdspaketet. Vi k\u00e4nner som Boris att detta bilv\u00e5rdspaketet inneh\u00e5ller precis det du beh\u00f6ver f\u00f6r att f\u00e5 ditt fordon skinande! Alla delarna i paketet \u00e4r produkter fr\u00e5n Meguiar&#8217;s. Paketet inneh\u00e5ller: Meguiar&#8217;s Gold Class Car Wash Shampoo [&hellip;]\" \/>\n<meta property=\"og:url\" content=\"https:\/\/xenonkungen.com\/nl\/product\/waspakket-boris\/\" \/>\n<meta property=\"og:site_name\" content=\"Xenonkungen\" \/>\n<meta property=\"article:modified_time\" content=\"2026-04-17T11:24:44+00:00\" \/>\n<meta property=\"og:image\" content=\"https:\/\/xenonkungen.com\/wp-content\/uploads\/2025\/05\/191978781-origpic-20b121-1.png\" \/>\n\t<meta property=\"og:image:width\" content=\"1000\" \/>\n\t<meta property=\"og:image:height\" content=\"936\" \/>\n\t<meta property=\"og:image:type\" content=\"image\/png\" \/>\n<meta name=\"twitter:card\" content=\"summary_large_image\" \/>\n<meta name=\"twitter:label1\" content=\"Geschatte leestijd\" \/>\n\t<meta name=\"twitter:data1\" content=\"1 minuut\" \/>\n<script type=\"application\/ld+json\" class=\"yoast-schema-graph\">{\"@context\":\"https:\/\/schema.org\",\"@graph\":[{\"@type\":\"WebPage\",\"@id\":\"https:\/\/xenonkungen.com\/produkt\/tvattpaketet-boris\/\",\"url\":\"https:\/\/xenonkungen.com\/produkt\/tvattpaketet-boris\/\",\"name\":\"Tv\u00e4ttpaketet BORIS - Xenonkungen\",\"isPartOf\":{\"@id\":\"https:\/\/xenonkungen.com\/#website\"},\"primaryImageOfPage\":{\"@id\":\"https:\/\/xenonkungen.com\/produkt\/tvattpaketet-boris\/#primaryimage\"},\"image\":{\"@id\":\"https:\/\/xenonkungen.com\/produkt\/tvattpaketet-boris\/#primaryimage\"},\"thumbnailUrl\":\"https:\/\/xenonkungen.com\/wp-content\/uploads\/2025\/05\/191978781-origpic-20b121-1.png\",\"datePublished\":\"2025-05-20T08:06:03+00:00\",\"dateModified\":\"2026-04-17T11:24:44+00:00\",\"breadcrumb\":{\"@id\":\"https:\/\/xenonkungen.com\/produkt\/tvattpaketet-boris\/#breadcrumb\"},\"inLanguage\":\"nl-NL\",\"potentialAction\":[{\"@type\":\"ReadAction\",\"target\":[\"https:\/\/xenonkungen.com\/produkt\/tvattpaketet-boris\/\"]}]},{\"@type\":\"ImageObject\",\"inLanguage\":\"nl-NL\",\"@id\":\"https:\/\/xenonkungen.com\/produkt\/tvattpaketet-boris\/#primaryimage\",\"url\":\"https:\/\/xenonkungen.com\/wp-content\/uploads\/2025\/05\/191978781-origpic-20b121-1.png\",\"contentUrl\":\"https:\/\/xenonkungen.com\/wp-content\/uploads\/2025\/05\/191978781-origpic-20b121-1.png\",\"width\":1000,\"height\":936},{\"@type\":\"BreadcrumbList\",\"@id\":\"https:\/\/xenonkungen.com\/produkt\/tvattpaketet-boris\/#breadcrumb\",\"itemListElement\":[{\"@type\":\"ListItem\",\"position\":1,\"name\":\"Hem\",\"item\":\"https:\/\/xenonkungen.com\/\"},{\"@type\":\"ListItem\",\"position\":2,\"name\":\"Shop\",\"item\":\"https:\/\/xenonkungen.com\/shop\/\"},{\"@type\":\"ListItem\",\"position\":3,\"name\":\"Tv\u00e4ttpaketet BORIS\"}]},{\"@type\":\"WebSite\",\"@id\":\"https:\/\/xenonkungen.com\/#website\",\"url\":\"https:\/\/xenonkungen.com\/\",\"name\":\"Xenonkungen\",\"description\":\"\",\"potentialAction\":[{\"@type\":\"SearchAction\",\"target\":{\"@type\":\"EntryPoint\",\"urlTemplate\":\"https:\/\/xenonkungen.com\/?s={search_term_string}\"},\"query-input\":{\"@type\":\"PropertyValueSpecification\",\"valueRequired\":true,\"valueName\":\"search_term_string\"}}],\"inLanguage\":\"nl-NL\"}]}<\/script>\n<!-- \/ Yoast SEO plugin. -->","yoast_head_json":{"title":"Waspakket BORIS - Xenonkungen","robots":{"index":"index","follow":"follow","max-snippet":"max-snippet:-1","max-image-preview":"max-image-preview:large","max-video-preview":"max-video-preview:-1"},"canonical":"https:\/\/xenonkungen.com\/nl\/product\/waspakket-boris\/","og_locale":"nl_NL","og_type":"article","og_title":"Tv\u00e4ttpaketet BORIS - Xenonkungen","og_description":"Tv\u00e4ttpaket BORIS Vinnarpaketet som ocks\u00e5 \u00e4r d\u00f6ptes efter personen uts\u00e5gs till att ha det vinnande f\u00f6rslaget i t\u00e4vlingen Det ultimata bilv\u00e5rdspaketet. Vi k\u00e4nner som Boris att detta bilv\u00e5rdspaketet inneh\u00e5ller precis det du beh\u00f6ver f\u00f6r att f\u00e5 ditt fordon skinande! Alla delarna i paketet \u00e4r produkter fr\u00e5n Meguiar&#8217;s. Paketet inneh\u00e5ller: Meguiar&#8217;s Gold Class Car Wash Shampoo [&hellip;]","og_url":"https:\/\/xenonkungen.com\/nl\/product\/waspakket-boris\/","og_site_name":"Xenonkungen","article_modified_time":"2026-04-17T11:24:44+00:00","og_image":[{"width":1000,"height":936,"url":"https:\/\/xenonkungen.com\/wp-content\/uploads\/2025\/05\/191978781-origpic-20b121-1.png","type":"image\/png"}],"twitter_card":"summary_large_image","twitter_misc":{"Geschatte leestijd":"1 minuut"},"schema":{"@context":"https:\/\/schema.org","@graph":[{"@type":"WebPage","@id":"https:\/\/xenonkungen.com\/produkt\/tvattpaketet-boris\/","url":"https:\/\/xenonkungen.com\/produkt\/tvattpaketet-boris\/","name":"Waspakket BORIS - Xenonkungen","isPartOf":{"@id":"https:\/\/xenonkungen.com\/#website"},"primaryImageOfPage":{"@id":"https:\/\/xenonkungen.com\/produkt\/tvattpaketet-boris\/#primaryimage"},"image":{"@id":"https:\/\/xenonkungen.com\/produkt\/tvattpaketet-boris\/#primaryimage"},"thumbnailUrl":"https:\/\/xenonkungen.com\/wp-content\/uploads\/2025\/05\/191978781-origpic-20b121-1.png","datePublished":"2025-05-20T08:06:03+00:00","dateModified":"2026-04-17T11:24:44+00:00","breadcrumb":{"@id":"https:\/\/xenonkungen.com\/produkt\/tvattpaketet-boris\/#breadcrumb"},"inLanguage":"nl-NL","potentialAction":[{"@type":"ReadAction","target":["https:\/\/xenonkungen.com\/produkt\/tvattpaketet-boris\/"]}]},{"@type":"ImageObject","inLanguage":"nl-NL","@id":"https:\/\/xenonkungen.com\/produkt\/tvattpaketet-boris\/#primaryimage","url":"https:\/\/xenonkungen.com\/wp-content\/uploads\/2025\/05\/191978781-origpic-20b121-1.png","contentUrl":"https:\/\/xenonkungen.com\/wp-content\/uploads\/2025\/05\/191978781-origpic-20b121-1.png","width":1000,"height":936},{"@type":"BreadcrumbList","@id":"https:\/\/xenonkungen.com\/produkt\/tvattpaketet-boris\/#breadcrumb","itemListElement":[{"@type":"ListItem","position":1,"name":"Hem","item":"https:\/\/xenonkungen.com\/"},{"@type":"ListItem","position":2,"name":"Shop","item":"https:\/\/xenonkungen.com\/shop\/"},{"@type":"ListItem","position":3,"name":"Tv\u00e4ttpaketet BORIS"}]},{"@type":"WebSite","@id":"https:\/\/xenonkungen.com\/#website","url":"https:\/\/xenonkungen.com\/","name":"Xenonkungen","description":"","potentialAction":[{"@type":"SearchAction","target":{"@type":"EntryPoint","urlTemplate":"https:\/\/xenonkungen.com\/?s={search_term_string}"},"query-input":{"@type":"PropertyValueSpecification","valueRequired":true,"valueName":"search_term_string"}}],"inLanguage":"nl-NL"}]}},"taxonomy_info":{"anvandningsomrade":[{"value":2234,"label":"Alla"}],"bilmarken":[{"value":168,"label":"Alla"}],"product_brand":[{"value":1383,"label":"Meguiar's"}],"product_cat":[{"value":2188,"label":"Bilv\u00e5rdpaket"},{"value":378,"label":"Bilv\u00e5rd"}],"product_tag":[{"value":2726,"label":"produktpaket"}]},"featured_image_src_large":["https:\/\/xenonkungen.com\/wp-content\/uploads\/2025\/05\/191978781-origpic-20b121-1.png",1000,936,false],"author_info":[],"comment_info":0,"_links":{"self":[{"href":"https:\/\/xenonkungen.com\/nl\/wp-json\/wp\/v2\/product\/9684","targetHints":{"allow":["GET"]}}],"collection":[{"href":"https:\/\/xenonkungen.com\/nl\/wp-json\/wp\/v2\/product"}],"about":[{"href":"https:\/\/xenonkungen.com\/nl\/wp-json\/wp\/v2\/types\/product"}],"replies":[{"embeddable":true,"href":"https:\/\/xenonkungen.com\/nl\/wp-json\/wp\/v2\/comments?post=9684"}],"wp:featuredmedia":[{"embeddable":true,"href":"https:\/\/xenonkungen.com\/nl\/wp-json\/wp\/v2\/media\/10175"}],"wp:attachment":[{"href":"https:\/\/xenonkungen.com\/nl\/wp-json\/wp\/v2\/media?parent=9684"}],"wp:term":[{"taxonomy":"anvandningsomrade","embeddable":true,"href":"https:\/\/xenonkungen.com\/nl\/wp-json\/wp\/v2\/anvandningsomrade?post=9684"},{"taxonomy":"bilmarken","embeddable":true,"href":"https:\/\/xenonkungen.com\/nl\/wp-json\/wp\/v2\/bilmarken?post=9684"},{"taxonomy":"product_brand","embeddable":true,"href":"https:\/\/xenonkungen.com\/nl\/wp-json\/wp\/v2\/product_brand?post=9684"},{"taxonomy":"product_cat","embeddable":true,"href":"https:\/\/xenonkungen.com\/nl\/wp-json\/wp\/v2\/product_cat?post=9684"},{"taxonomy":"product_tag","embeddable":true,"href":"https:\/\/xenonkungen.com\/nl\/wp-json\/wp\/v2\/product_tag?post=9684"}],"curies":[{"name":"wp","href":"https:\/\/api.w.org\/{rel}","templated":true}]}}