{"id":15632,"date":"2025-10-15T11:55:33","date_gmt":"2025-10-15T11:55:33","guid":{"rendered":"https:\/\/xenonkungen.com\/?page_id=15632"},"modified":"2026-02-23T21:53:13","modified_gmt":"2026-02-23T20:53:13","slug":"montert-og-klar","status":"publish","type":"page","link":"https:\/\/xenonkungen.com\/no\/montert-og-klar\/","title":{"rendered":"Montert og klar"},"content":{"rendered":"<style>.kb-row-layout-id15632_d7ea69-b2 > .kt-row-column-wrap{align-content:start;}:where(.kb-row-layout-id15632_d7ea69-b2 > .kt-row-column-wrap) > .wp-block-kadence-column{justify-content:start;}.kb-row-layout-id15632_d7ea69-b2 > .kt-row-column-wrap{column-gap:var(--global-kb-gap-md, 2rem);row-gap:var(--global-kb-gap-md, 2rem);padding-top:var(--global-kb-spacing-sm, 1.5rem);padding-right:var(--global-kb-spacing-sm, 1.5rem);padding-bottom:var(--global-kb-spacing-sm, 1.5rem);padding-left:var(--global-kb-spacing-sm, 1.5rem);grid-template-columns:minmax(0, 1fr);}.kb-row-layout-id15632_d7ea69-b2 > .kt-row-layout-overlay{opacity:0.30;}@media all and (max-width: 1024px){.kb-row-layout-id15632_d7ea69-b2 > .kt-row-column-wrap{grid-template-columns:minmax(0, 1fr);}}@media all and (max-width: 767px){.kb-row-layout-id15632_d7ea69-b2 > .kt-row-column-wrap{grid-template-columns:minmax(0, 1fr);}}<\/style><div class=\"kb-row-layout-wrap kb-row-layout-id15632_d7ea69-b2 alignnone wp-block-kadence-rowlayout\"><div class=\"kt-row-column-wrap kt-has-1-columns kt-row-layout-equal kt-tab-layout-inherit kt-mobile-layout-row kt-row-valign-top\">\n<style>.kadence-column15632_751098-de > .kt-inside-inner-col,.kadence-column15632_751098-de > .kt-inside-inner-col:before{border-top-left-radius:0px;border-top-right-radius:0px;border-bottom-right-radius:0px;border-bottom-left-radius:0px;}.kadence-column15632_751098-de > .kt-inside-inner-col{column-gap:var(--global-kb-gap-sm, 1rem);}.kadence-column15632_751098-de > .kt-inside-inner-col{flex-direction:column;}.kadence-column15632_751098-de > .kt-inside-inner-col > .aligncenter{width:100%;}.kadence-column15632_751098-de > .kt-inside-inner-col:before{opacity:0.3;}.kadence-column15632_751098-de{position:relative;}@media all and (max-width: 1024px){.kadence-column15632_751098-de > .kt-inside-inner-col{flex-direction:column;}}@media all and (max-width: 767px){.kadence-column15632_751098-de > .kt-inside-inner-col{flex-direction:column;}}<\/style>\n<div class=\"wp-block-kadence-column kadence-column15632_751098-de\"><div class=\"kt-inside-inner-col\"><h1 class=\"wp-block-heading has-text-align-center has-x-large-font-size\">Montert og klar<\/h1>\n\n<h2 class=\"wp-block-heading has-text-align-center has-large-font-size\">Installasjon av ekstra lys, LED-ramper og LED-konvertering i Kungsbacka<\/h2>\n\n<p class=\"has-text-align-center\">Vi installerer det du kj\u00f8per. Trenger du hjelp til \u00e5 velge riktig produkt eller r\u00e5d om hvordan du f\u00e5r bedre lys? Ring oss p\u00e5 <a href=\"tel:030030860\">0300-308 60<\/a> S\u00e5 vi skal g\u00e5 gjennom det sammen.<\/p>\n\n<p class=\"has-text-align-center\">Hvis du kj\u00f8per produktet og monteringen sammen, vil du alltid motta 20% p\u00e5 pakken. Garantien p\u00e5 arbeidet er gyldig i samme periode som produktet.<\/p>\n\n<p class=\"has-text-align-center\">Bestill time nedenfor eller <a href=\"https:\/\/xenonkungen.com\/kontakt-support\/\">send en foresp\u00f8rsel om pristilbud<\/a> \u2013 vi svarer innen 24 timer med en fastpris.<\/p><\/div><\/div>\n<\/div><\/div>\n<div id=\"smk-booking-container\">\n    <div class=\"smk-workshop-select-container\">\n        <h2>Verksted<\/h2>\n        <p>Verkstedet ved siden av butikken v\u00e5r ligger p\u00e5 Arendalsv\u00e4gen 39 i Kungsbacka. Du er velkommen til \u00e5 l\u00e5ne et kontorlokale eller sitte i venterommet mens vi samles. Hede fashion ligger i n\u00e6rheten hvis du vil benytte deg av det.<\/p>\n        <p>Arendalsv\u00e4gen 41, 434 39 Kungsbacka<\/p>\n    <\/div>\n    <div id=\"smk-calendar-navigation\">\n        <button id=\"smk-prev-month\" class=\"smk-nav-btn\"><svg xmlns=\"http:\/\/www.w3.org\/2000\/svg\" width=\"24\" height=\"24\" viewbox=\"0 0 24 24\" fill=\"none\" stroke=\"#fff\" stroke-width=\"3\" stroke-linecap=\"round\" stroke-linejoin=\"round\" class=\"feather feather-chevron-down\">\n                <polyline points=\"6 9 12 15 18 9\"><\/polyline>\n            <\/svg><\/button>\n        <h3 id=\"smk-current-month-year\"><\/h3>\n        <button id=\"smk-next-month\" class=\"smk-nav-btn\"><svg xmlns=\"http:\/\/www.w3.org\/2000\/svg\" width=\"24\" height=\"24\" viewbox=\"0 0 24 24\" fill=\"none\" stroke=\"#fff\" stroke-width=\"3\" stroke-linecap=\"round\" stroke-linejoin=\"round\" class=\"feather feather-chevron-down\">\n                <polyline points=\"6 9 12 15 18 9\"><\/polyline>\n            <\/svg><\/button>\n    <\/div>\n\n    <div id=\"smk-calendar-grid\">\n        <div class=\"smk-calendar-header\">\n            <div class=\"smk-day-header\">M<\/div>\n            <div class=\"smk-day-header\">T<\/div>\n            <div class=\"smk-day-header\">O<\/div>\n            <div class=\"smk-day-header\">T<\/div>\n            <div class=\"smk-day-header\">F<\/div>\n            <div class=\"smk-day-header\">L<\/div>\n            <div class=\"smk-day-header\">S<\/div>\n        <\/div>\n        <div id=\"smk-calendar-days\"><\/div>\n    <\/div>\n\n\n    <!-- Modal f\u00f6r tidsval -->\n    <div id=\"smk-time-modal\" class=\"smk-modal\" style=\"display: none;\">\n        <div class=\"smk-modal-content\">\n            <span class=\"smk-close\">\u00d7<\/span>\n            <h3>Velg tidspunkt for: <span id=\"smk-selected-date\"><\/span><\/h3>\n            <div id=\"smk-available-times\"><\/div>\n        <\/div>\n    <\/div>\n\n    <!-- Modal f\u00f6r bokningsformul\u00e4r -->\n    <div id=\"smk-booking-modal\" class=\"smk-modal\" style=\"display: none;\">\n        <div class=\"smk-modal-content\">\n            <span class=\"smk-close\">\u00d7<\/span>\n\n            <h3>Bestill en time<\/h3>\n            <p><strong>Dato:<\/strong> <span id=\"smk-booking-date\"><\/span><\/p>\n            <p><strong>Tid:<\/strong> <span id=\"smk-booking-time\"><\/span><\/p>\n\n            <form id=\"smk-booking-form\" action=\"\">\n                <div class=\"smk-form-group\">\n                    <label for=\"smk-customer-name\">Navn p\u00e5 organisasjonen<\/label>\n                    <input type=\"text\" id=\"smk-customer-name\" name=\"name\" required>\n                <\/div>\n\n                <div class=\"smk-form-group\">\n                    <label for=\"smk-customer-email\">E-post<\/label>\n                    <input type=\"email\" id=\"smk-customer-email\" name=\"email\" required>\n                <\/div>\n\n                <div class=\"smk-form-group\">\n                    <label for=\"smk-customer-phone\">Telefonnummer<\/label>\n                    <input type=\"tel\" id=\"smk-customer-phone\" name=\"phone\" pattern=\"^(\\+46|0)[0-9\\s\\-]{8,15}$\" title=\"Skriv inn et gyldig svensk telefonnummer (f.eks. 070-123 45 67 eller +46 70 123 45 67)\">\n                <\/div>\n\n                <div class=\"smk-form-group\">\n                    <label for=\"smk-customer-regnumber\">Registreringsnummer<\/label>\n                    <input type=\"text\" id=\"smk-customer-regnumber\" name=\"regnumber\" placeholder=\"ABC 123\">\n                <\/div>\n\n                <div class=\"smk-form-group\">\n                    <label for=\"smk-customer-products\">Innkj\u00f8pte produkter \/ Hva du skal montere<\/label>\n                    <textarea id=\"smk-customer-products\" name=\"products\" rows=\"3\" placeholder=\"Hvis du allerede har kj\u00f8pt produkter fra oss eller har dine egne, skriv for eksempel \u00abLuxtar Twilight\u00bb. Hvis du ikke har kj\u00f8pt produkter enn\u00e5, hjelper vi deg selvf\u00f8lgelig med \u00e5 velge riktig.\"><\/textarea>\n                <\/div>\n\n                <div class=\"smk-form-group\">\n                    <label for=\"smk-customer-message\">Annen informasjon<\/label>\n                    <textarea id=\"smk-customer-message\" name=\"message\" rows=\"3\" placeholder=\"Annen informasjon som kan v\u00e6re nyttig \u00e5 vite - f.eks. om du \u00f8nsker \u00e5 vente p\u00e5 stedet, har spesielle \u00f8nsker osv.\"><\/textarea>\n                <\/div>\n\n                <div class=\"smk-form-actions\">\n                    <button type=\"button\" id=\"smk-cancel-booking\" class=\"smk-btn smk-btn-secondary\">Avbryt<\/button>\n                    <button type=\"submit\" class=\"smk-btn smk-btn-primary\">Bok<\/button>\n                <\/div>\n            <input type=\"hidden\" name=\"trp-form-language\" value=\"no\"\/><\/form>\n        <\/div>\n    <\/div>\n\n    <!-- Meddelanden -->\n    <div id=\"smk-messages\"><\/div>\n<\/div><style>\n            .smk-price-list {\n                max-width:1000px;\n                margin: 48px auto;\n                padding:0 1rem;\n            }\n            .smk-price-list h3 {\n                color: #ff5e00;\n                border-bottom: 2px solid #538473;\n                padding-bottom: 10px;\n                margin-bottom: 15px;\n            }\n            .smk-price-table-wrapper {\n                overflow-X: auto;\n            }\n            .smk-price-table {\n                width: 100%;\n                border-collapse: collapse;\n                margin: 15px 0;\n                font-size: 14px;\n                box-shadow: 0 2px 4px rgba(0,0,0,0.1);\n\n            }\n            .smk-price-table th,\n            .smk-price-table td {\n                border: 1px solid #ddd;\n                padding: 12px 8px;\n                text-align: left;\n            }\n            .smk-price-table th {\n                background-color: #ff5e00;\n                color: white;\n                font-weight: bold;\n                font-size: 12px;\n            }\n            .smk-price-table tr:nth-child(even) {\n                background-color: #f9f9f9;\n            }\n            .smk-price-table tr:hover {\n                background-color: #f0f8f0;\n            }\n            .smk-price-note {\n                font-style: italic;\n                color: #666;\n                margin: 10px 0;\n                font-size: 13px;\n            }\n        <\/style><div class=\"smk-price-list\"><h2>Prisliste - Montert og klar<\/h2><h3>Montert og klar - LED-rampe<\/h3><div class=\"smk-price-table-wrapper\"><table class=\"smk-price-table\"><thead><tr><th>Produkt<\/th><th>Personbil<\/th><th>Alle typer el-\/hybridbiler<\/th><th>Henting og transport<\/th><th>Minibuss og varebil<\/th><th>Lastebiler, busser og andre kj\u00f8ret\u00f8y<\/th><\/tr><\/thead><tbody><tr><td>Luxtar Skumring<\/td><td>2495<\/td><td>3995<\/td><td>2495<\/td><td>2495<\/td><td>Kontakt oss for et tilbud<\/td><\/tr><tr><td>Luxtar S-serien<\/td><td>2495<\/td><td>3995<\/td><td>2495<\/td><td>2495<\/td><td>Kontakt oss for et tilbud<\/td><\/tr><tr><td>Luxtar X-serien<\/td><td>2495<\/td><td>3995<\/td><td>2495<\/td><td>2495<\/td><td>Kontakt oss for et tilbud<\/td><\/tr><tr><td>OPTIBEAM SUPER CAPTAIN<\/td><td>2495<\/td><td>3995<\/td><td>2495<\/td><td>2495<\/td><td>Kontakt oss for et tilbud<\/td><\/tr><tr><td>OSRAM LEDRIVING\u00ae<\/td><td>2495<\/td><td>3995<\/td><td>2495<\/td><td>2495<\/td><td>Kontakt oss for et tilbud<\/td><\/tr><tr><td>NBB Alpha<\/td><td>2495<\/td><td>3995<\/td><td>2495<\/td><td>2495<\/td><td>Kontakt oss for et tilbud<\/td><\/tr><\/tbody><\/table><\/div><p class=\"smk-price-note\">Prisene gjelder for utenp\u00e5liggende montering. For innfelt montering tilkommer 495 kr. Hvis h\u00e5ndl\u00f8peren din ikke er inkludert i prislisten eller du er usikker, er du alltid velkommen til \u00e5 kontakte oss p\u00e5 bokning@xenonkungen.se for \u00e5 f\u00e5 et tilbud.<\/p><h3>Ekstra lys (utenp\u00e5liggende montert)<\/h3><div class=\"smk-price-table-wrapper\"><table class=\"smk-price-table\"><thead><tr><th>Produkt<\/th><th>Personbil<\/th><th>Alle typer el-\/hybridbiler<\/th><th>Henting og transport<\/th><th>Minibuss og varebil<\/th><th>Lastebiler, busser og andre kj\u00f8ret\u00f8y<\/th><\/tr><\/thead><tbody><tr><td>Luxtar Stellar<\/td><td>3749<\/td><td>3749<\/td><td>3749<\/td><td>3749<\/td><td>Kontakt oss for et tilbud<\/td><\/tr><tr><td>W9 Phoenix<\/td><td>3749<\/td><td>3749<\/td><td>3749<\/td><td>3749<\/td><td>Kontakt oss for et tilbud<\/td><\/tr><tr><td>NBB Alpha<\/td><td>3749<\/td><td>3749<\/td><td>3749<\/td><td>3749<\/td><td>Kontakt oss for et tilbud<\/td><\/tr><tr><td>Optibeam<\/td><td>3749<\/td><td>3749<\/td><td>3749<\/td><td>3749<\/td><td>Kontakt oss for et tilbud<\/td><\/tr><tr><td>Briodlights<\/td><td>3749<\/td><td>3749<\/td><td>3749<\/td><td>3749<\/td><td>Kontakt oss for et tilbud<\/td><\/tr><tr><td>Lazer<\/td><td>3749<\/td><td>3749<\/td><td>3749<\/td><td>3749<\/td><td>Kontakt oss for et tilbud<\/td><\/tr><tr><td>Osram Articulated Drive<\/td><td>3749<\/td><td>3749<\/td><td>3749<\/td><td>3749<\/td><td>Kontakt oss for et tilbud<\/td><\/tr><tr><td>Ozz<\/td><td>3749<\/td><td>3749<\/td><td>3749<\/td><td>3749<\/td><td>Kontakt oss for et tilbud<\/td><\/tr><\/tbody><\/table><\/div><p class=\"smk-price-note\">Prisene gjelder for utenp\u00e5liggende runde ekstralamper. For innfelt \/ innebygd installasjon, kontakt oss for et tilbud<\/p><h3>LED-konvertering<\/h3><div class=\"smk-price-table-wrapper\"><table class=\"smk-price-table\"><thead><tr><th>Produkt<\/th><th>Personbil<\/th><th>Alle typer el-\/hybridbiler<\/th><th>Henting og transport<\/th><th>Minibuss og varebil<\/th><th>Lastebiler, busser og andre kj\u00f8ret\u00f8y<\/th><\/tr><\/thead><tbody><tr><td>Konvertering av alle typer<\/td><td>1250<\/td><td>1250<\/td><td>1250<\/td><td>1250<\/td><td>1250<\/td><\/tr><\/tbody><\/table><\/div><p class=\"smk-price-note\">Gjelder alle typer kj\u00f8ret\u00f8y og lette ombygginger<\/p><div class=\"smk-price-note\"><strong>Prisene gjelder for standard utenp\u00e5liggende montering. For innfelt montering eller spesialmontering tilkommer SEK 495,- eller pristilbud.<\/strong>\r\n\r\n<em>Vi installerer selvf\u00f8lgelig ogs\u00e5 andre produkter og kombinasjoner (f.eks. LED-rampe + ekstra lys).<\/em>\r\n\r\n<strong>Ta gjerne kontakt med oss - vi finner alltid en l\u00f8sning som passer ditt kj\u00f8ret\u00f8y, enten hos oss eller hos en av v\u00e5re samarbeidspartnere!<\/strong>\r\n\r\n<em>Vi tar forbehold om eventuelle trykkfeil og prisendringer.<\/em><\/div><\/div>","protected":false},"excerpt":{"rendered":"<p>Monterat och Klart Montering av extraljus, ledramper och ledkonvertering i Kungsbacka Vi monterar det du k\u00f6per. Beh\u00f6ver du hj\u00e4lp att v\u00e4lja r\u00e4tt produkt eller r\u00e5dgivning hur du f\u00e5r b\u00e4ttre ljus? Ring oss p\u00e5 0300-308 60 s\u00e5 g\u00e5r vi igenom det tillsammans. K\u00f6per du produkt och montering ihop f\u00e5r du alltid 20% p\u00e5 paketet. Garanti p\u00e5 [&hellip;]<\/p>","protected":false},"author":1,"featured_media":69,"parent":0,"menu_order":0,"comment_status":"closed","ping_status":"open","template":"","meta":{"_acf_changed":false,"_smort_price_nok":"","_smort_price_dkk":"","_smort_price_eur":"","_smort_sale_price_nok":"","_smort_sale_price_dkk":"","_smort_sale_price_eur":"","smort_restorder":"","shipmondo_restorder":"","_kad_blocks_custom_css":"","_kad_blocks_head_custom_js":"","_kad_blocks_body_custom_js":"","_kad_blocks_footer_custom_js":"","footnotes":""},"class_list":["post-15632","page","type-page","status-publish","has-post-thumbnail","hentry"],"acf":[],"yoast_head":"<!-- This site is optimized with the Yoast SEO plugin v27.0 - https:\/\/yoast.com\/product\/yoast-seo-wordpress\/ -->\n<title>Xenonkungen | Experter p\u00e5 Fordonsbelysning<\/title>\n<meta name=\"description\" content=\"E-handel f\u00f6r premiumprodukter inom fordonsbelysning med stort sortiment inom halvljus, helljus, extraljus, ledramper och arbetsbelysning.\" \/>\n<meta name=\"robots\" content=\"index, follow, max-snippet:-1, max-image-preview:large, max-video-preview:-1\" \/>\n<link rel=\"canonical\" href=\"https:\/\/xenonkungen.com\/no\/montert-og-klar\/\" \/>\n<meta property=\"og:locale\" content=\"nb_NO\" \/>\n<meta property=\"og:type\" content=\"article\" \/>\n<meta property=\"og:title\" content=\"Xenonkungen | Experter p\u00e5 Fordonsbelysning\" \/>\n<meta property=\"og:description\" content=\"E-handel f\u00f6r premiumprodukter inom fordonsbelysning med stort sortiment inom halvljus, helljus, extraljus, ledramper och arbetsbelysning.\" \/>\n<meta property=\"og:url\" content=\"https:\/\/xenonkungen.com\/no\/montert-og-klar\/\" \/>\n<meta property=\"og:site_name\" content=\"Xenonkungen\" \/>\n<meta property=\"article:modified_time\" content=\"2026-02-23T20:53:13+00:00\" \/>\n<meta property=\"og:image\" content=\"https:\/\/xenonkungen.com\/wp-content\/uploads\/2025\/01\/xenonkungen-logo-black.png\" \/>\n\t<meta property=\"og:image:width\" content=\"378\" \/>\n\t<meta property=\"og:image:height\" content=\"67\" \/>\n\t<meta property=\"og:image:type\" content=\"image\/png\" \/>\n<meta name=\"twitter:card\" content=\"summary_large_image\" \/>\n<meta name=\"twitter:label1\" content=\"Ansl. lesetid\" \/>\n\t<meta name=\"twitter:data1\" content=\"1 minutt\" \/>\n<script type=\"application\/ld+json\" class=\"yoast-schema-graph\">{\"@context\":\"https:\/\/schema.org\",\"@graph\":[{\"@type\":\"WebPage\",\"@id\":\"https:\/\/xenonkungen.com\/monterat-och-klart\/\",\"url\":\"https:\/\/xenonkungen.com\/monterat-och-klart\/\",\"name\":\"Xenonkungen | Experter p\u00e5 Fordonsbelysning\",\"isPartOf\":{\"@id\":\"https:\/\/xenonkungen.com\/#website\"},\"primaryImageOfPage\":{\"@id\":\"https:\/\/xenonkungen.com\/monterat-och-klart\/#primaryimage\"},\"image\":{\"@id\":\"https:\/\/xenonkungen.com\/monterat-och-klart\/#primaryimage\"},\"thumbnailUrl\":\"https:\/\/xenonkungen.com\/wp-content\/uploads\/2025\/01\/xenonkungen-logo-black.png\",\"datePublished\":\"2025-10-15T11:55:33+00:00\",\"dateModified\":\"2026-02-23T20:53:13+00:00\",\"description\":\"E-handel f\u00f6r premiumprodukter inom fordonsbelysning med stort sortiment inom halvljus, helljus, extraljus, ledramper och arbetsbelysning.\",\"breadcrumb\":{\"@id\":\"https:\/\/xenonkungen.com\/monterat-och-klart\/#breadcrumb\"},\"inLanguage\":\"nb-NO\",\"potentialAction\":[{\"@type\":\"ReadAction\",\"target\":[\"https:\/\/xenonkungen.com\/monterat-och-klart\/\"]}]},{\"@type\":\"ImageObject\",\"inLanguage\":\"nb-NO\",\"@id\":\"https:\/\/xenonkungen.com\/monterat-och-klart\/#primaryimage\",\"url\":\"https:\/\/xenonkungen.com\/wp-content\/uploads\/2025\/01\/xenonkungen-logo-black.png\",\"contentUrl\":\"https:\/\/xenonkungen.com\/wp-content\/uploads\/2025\/01\/xenonkungen-logo-black.png\",\"width\":378,\"height\":67},{\"@type\":\"BreadcrumbList\",\"@id\":\"https:\/\/xenonkungen.com\/monterat-och-klart\/#breadcrumb\",\"itemListElement\":[{\"@type\":\"ListItem\",\"position\":1,\"name\":\"Hem\",\"item\":\"https:\/\/xenonkungen.com\/\"},{\"@type\":\"ListItem\",\"position\":2,\"name\":\"Monterat och klart\"}]},{\"@type\":\"WebSite\",\"@id\":\"https:\/\/xenonkungen.com\/#website\",\"url\":\"https:\/\/xenonkungen.com\/\",\"name\":\"Xenonkungen\",\"description\":\"\",\"potentialAction\":[{\"@type\":\"SearchAction\",\"target\":{\"@type\":\"EntryPoint\",\"urlTemplate\":\"https:\/\/xenonkungen.com\/?s={search_term_string}\"},\"query-input\":{\"@type\":\"PropertyValueSpecification\",\"valueRequired\":true,\"valueName\":\"search_term_string\"}}],\"inLanguage\":\"nb-NO\"}]}<\/script>\n<!-- \/ Yoast SEO plugin. -->","yoast_head_json":{"title":"Xenonkungen | Eksperter p\u00e5 bilbelysning","description":"Netthandel for premiumprodukter innen kj\u00f8ret\u00f8ybelysning med et stort utvalg av n\u00e6rlys, fjernlys, ekstralys, LED-lys og arbeidslys.","robots":{"index":"index","follow":"follow","max-snippet":"max-snippet:-1","max-image-preview":"max-image-preview:large","max-video-preview":"max-video-preview:-1"},"canonical":"https:\/\/xenonkungen.com\/no\/montert-og-klar\/","og_locale":"nb_NO","og_type":"article","og_title":"Xenonkungen | Experter p\u00e5 Fordonsbelysning","og_description":"E-handel f\u00f6r premiumprodukter inom fordonsbelysning med stort sortiment inom halvljus, helljus, extraljus, ledramper och arbetsbelysning.","og_url":"https:\/\/xenonkungen.com\/no\/montert-og-klar\/","og_site_name":"Xenonkungen","article_modified_time":"2026-02-23T20:53:13+00:00","og_image":[{"width":378,"height":67,"url":"https:\/\/xenonkungen.com\/wp-content\/uploads\/2025\/01\/xenonkungen-logo-black.png","type":"image\/png"}],"twitter_card":"summary_large_image","twitter_misc":{"Ansl. lesetid":"1 minutt"},"schema":{"@context":"https:\/\/schema.org","@graph":[{"@type":"WebPage","@id":"https:\/\/xenonkungen.com\/monterat-och-klart\/","url":"https:\/\/xenonkungen.com\/monterat-och-klart\/","name":"Xenonkungen | Eksperter p\u00e5 bilbelysning","isPartOf":{"@id":"https:\/\/xenonkungen.com\/#website"},"primaryImageOfPage":{"@id":"https:\/\/xenonkungen.com\/monterat-och-klart\/#primaryimage"},"image":{"@id":"https:\/\/xenonkungen.com\/monterat-och-klart\/#primaryimage"},"thumbnailUrl":"https:\/\/xenonkungen.com\/wp-content\/uploads\/2025\/01\/xenonkungen-logo-black.png","datePublished":"2025-10-15T11:55:33+00:00","dateModified":"2026-02-23T20:53:13+00:00","description":"Netthandel for premiumprodukter innen kj\u00f8ret\u00f8ybelysning med et stort utvalg av n\u00e6rlys, fjernlys, ekstralys, LED-lys og arbeidslys.","breadcrumb":{"@id":"https:\/\/xenonkungen.com\/monterat-och-klart\/#breadcrumb"},"inLanguage":"nb-NO","potentialAction":[{"@type":"ReadAction","target":["https:\/\/xenonkungen.com\/monterat-och-klart\/"]}]},{"@type":"ImageObject","inLanguage":"nb-NO","@id":"https:\/\/xenonkungen.com\/monterat-och-klart\/#primaryimage","url":"https:\/\/xenonkungen.com\/wp-content\/uploads\/2025\/01\/xenonkungen-logo-black.png","contentUrl":"https:\/\/xenonkungen.com\/wp-content\/uploads\/2025\/01\/xenonkungen-logo-black.png","width":378,"height":67},{"@type":"BreadcrumbList","@id":"https:\/\/xenonkungen.com\/monterat-och-klart\/#breadcrumb","itemListElement":[{"@type":"ListItem","position":1,"name":"Hem","item":"https:\/\/xenonkungen.com\/"},{"@type":"ListItem","position":2,"name":"Monterat och klart"}]},{"@type":"WebSite","@id":"https:\/\/xenonkungen.com\/#website","url":"https:\/\/xenonkungen.com\/","name":"Xenonkungen","description":"","potentialAction":[{"@type":"SearchAction","target":{"@type":"EntryPoint","urlTemplate":"https:\/\/xenonkungen.com\/?s={search_term_string}"},"query-input":{"@type":"PropertyValueSpecification","valueRequired":true,"valueName":"search_term_string"}}],"inLanguage":"nb-NO"}]}},"taxonomy_info":[],"featured_image_src_large":["https:\/\/xenonkungen.com\/wp-content\/uploads\/2025\/01\/xenonkungen-logo-black.png",378,67,false],"author_info":{"display_name":"smort","author_link":"https:\/\/xenonkungen.com\/no\/author\/smort\/"},"comment_info":0,"_links":{"self":[{"href":"https:\/\/xenonkungen.com\/no\/wp-json\/wp\/v2\/pages\/15632","targetHints":{"allow":["GET"]}}],"collection":[{"href":"https:\/\/xenonkungen.com\/no\/wp-json\/wp\/v2\/pages"}],"about":[{"href":"https:\/\/xenonkungen.com\/no\/wp-json\/wp\/v2\/types\/page"}],"author":[{"embeddable":true,"href":"https:\/\/xenonkungen.com\/no\/wp-json\/wp\/v2\/users\/1"}],"replies":[{"embeddable":true,"href":"https:\/\/xenonkungen.com\/no\/wp-json\/wp\/v2\/comments?post=15632"}],"version-history":[{"count":0,"href":"https:\/\/xenonkungen.com\/no\/wp-json\/wp\/v2\/pages\/15632\/revisions"}],"wp:featuredmedia":[{"embeddable":true,"href":"https:\/\/xenonkungen.com\/no\/wp-json\/wp\/v2\/media\/69"}],"wp:attachment":[{"href":"https:\/\/xenonkungen.com\/no\/wp-json\/wp\/v2\/media?parent=15632"}],"curies":[{"name":"wp","href":"https:\/\/api.w.org\/{rel}","templated":true}]}}