{"id":1017,"date":"2025-04-15T07:57:53","date_gmt":"2025-04-15T07:57:53","guid":{"rendered":"https:\/\/xenonkungen.com\/product\/luxtar-onyx-h4-bi-led\/"},"modified":"2026-05-14T20:37:08","modified_gmt":"2026-05-14T19:37:08","slug":"luxtar-onyx-h4-bi-led","status":"publish","type":"product","link":"https:\/\/xenonkungen.com\/no\/produkt\/luxtar-onyx-h4-bi-led\/","title":{"rendered":"LUXTAR\u00ae Onyx | H4 Bi-LED"},"content":{"rendered":"<p>Luxtar Onyx er en sv\u00e6rt fleksibel lampe som gj\u00f8r det enkelt \u00e5 bytte fra halogen til LED. Med ny teknologi har st\u00f8rrelsen p\u00e5 lampene blitt redusert, samtidig som man har opprettholdt en virkelig god effekt og sterkt lys!<\/p>\n<p>Best egnet for konvertering av n\u00e6rlys og t\u00e5kelys.<\/p>\n<p>Luxtar Onyx har en lysstr\u00f8m p\u00e5 over 1800 lumen. Dette bidrar til \u00e5 gi b\u00e5de sterkere og klarere lys p\u00e5 veien, takket v\u00e6re det hvite lyset fra LED-lampen. Dette gj\u00f8r det lettere \u00e5 oppdage farer tidligere og forhindre ulykker.<\/p>\n<p>Takket v\u00e6re den smarte designen og de avanserte LED-brikkene, som er utviklet spesielt for bilbelysning, f\u00e5r du et virkelig godt lysbilde, noe som andre lamper p\u00e5 markedet kan ha problemer med.<\/p>","protected":false},"excerpt":{"rendered":"<p>\"Med Luxtar Onyx LED-lys kan du forbedre bilens belysning og synlighet drastisk. Ved \u00e5 konvertere fra halogen til LED gir denne p\u00e6ren deg sterkere lys som gir bedre sikt under kj\u00f8ring. I tillegg til sikkerheten \u00f8ker den ogs\u00e5 synsfeltet ditt. Hvis du \u00f8nsker \u00e5 forbedre bilens lysytelse, er disse LED-p\u00e6rene det riktige valget. <\/p>\n<p>Lampesokkel H4 Fjern- og n\u00e6rlys\"<\/p>","protected":false},"featured_media":1018,"comment_status":"closed","ping_status":"open","template":"","meta":{"_acf_changed":false,"_smort_price_nok":"319","_smort_price_dkk":"203","_smort_price_eur":"27.18","_smort_sale_price_nok":"","_smort_sale_price_dkk":"","_smort_sale_price_eur":"","smort_restorder":"","shipmondo_restorder":"","_kad_blocks_custom_css":"","_kad_blocks_head_custom_js":"","_kad_blocks_body_custom_js":"","_kad_blocks_footer_custom_js":"","smort_custom_pricelist_1":"191.36","smort_custom_pricelist_2":"143.52","smort_custom_pricelist_3":"136.34","smort_custom_pricelist_4":"239.2","smort_custom_pricelist_5":"167.44"},"anvandningsomrade":[],"bilmarken":[],"product_brand":[103],"product_cat":[3076,2451,2826,733],"product_tag":[],"class_list":{"0":"post-1017","1":"product","2":"type-product","3":"status-publish","4":"has-post-thumbnail","6":"product_brand-luxtar","7":"product_cat-rekommendationer","8":"product_cat-led-konvertering","9":"product_cat-luxtar","10":"product_cat-halvljus-helljus","11":"pa_faktisk-effekts-forbrukning-332","12":"pa_fuktskydd-varde-ipxx-ip67","13":"pa_godkannande-ce-rohs","14":"pa_lampsockel-kontakt-h4","15":"pa_led-chips-effekt-w-331","16":"pa_stromforbrukning-1-4a-12v","17":"pa_volt-v-9-12-18","19":"first","20":"instock","21":"taxable","22":"shipping-taxable","23":"purchasable","24":"product-type-simple"},"bundled_by":[],"bundle_stock_status":"instock","bundle_stock_quantity":95,"bundle_virtual":false,"bundle_layout":"","bundle_add_to_cart_form_location":"","bundle_editable_in_cart":false,"bundle_sold_individually_context":"","bundle_item_grouping":"","bundle_min_size":"","bundle_max_size":"","bundle_price":[],"bundled_items":[],"bundle_sell_ids":[],"acf":[],"yoast_head":"<!-- This site is optimized with the Yoast SEO plugin v27.0 - https:\/\/yoast.com\/product\/yoast-seo-wordpress\/ -->\n<title>LUXTAR\u00ae Onyx | H4 Bi-LED - Xenonkungen<\/title>\n<meta name=\"robots\" content=\"index, follow, max-snippet:-1, max-image-preview:large, max-video-preview:-1\" \/>\n<link rel=\"canonical\" href=\"https:\/\/xenonkungen.com\/no\/produkt\/luxtar-onyx-h4-bi-led\/\" \/>\n<meta property=\"og:locale\" content=\"nb_NO\" \/>\n<meta property=\"og:type\" content=\"article\" \/>\n<meta property=\"og:title\" content=\"LUXTAR\u00ae Onyx | H4 Bi-LED - Xenonkungen\" \/>\n<meta property=\"og:description\" content=\"&quot;Med Luxtar Onyx LED-lampor kan du drastiskt f\u00f6rb\u00e4ttra din bils belysning och synlighet. Genom att konvertera fr\u00e5n halogen till LED ger denna gl\u00f6dlampa dig starkare ljus som ger b\u00e4ttre sikt under k\u00f6rning. F\u00f6rutom s\u00e4kerhet ut\u00f6kar den \u00e4ven ditt synomr\u00e5de. Om du vill f\u00f6rb\u00e4ttra ditt fordons belysningsprestanda \u00e4r dessa ledlampor det r\u00e4tta valet.  Lampsockel H4 Helljus &amp; Halvljus&quot;\" \/>\n<meta property=\"og:url\" content=\"https:\/\/xenonkungen.com\/no\/produkt\/luxtar-onyx-h4-bi-led\/\" \/>\n<meta property=\"og:site_name\" content=\"Xenonkungen\" \/>\n<meta property=\"article:modified_time\" content=\"2026-05-14T19:37:08+00:00\" \/>\n<meta property=\"og:image\" content=\"https:\/\/xenonkungen.com\/wp-content\/uploads\/2025\/04\/193239972-origpic-90a23b.png\" \/>\n\t<meta property=\"og:image:width\" content=\"992\" \/>\n\t<meta property=\"og:image:height\" content=\"1000\" \/>\n\t<meta property=\"og:image:type\" content=\"image\/png\" \/>\n<meta name=\"twitter:card\" content=\"summary_large_image\" \/>\n<meta name=\"twitter:label1\" content=\"Ansl. lesetid\" \/>\n\t<meta name=\"twitter:data1\" content=\"1 minutt\" \/>\n<script type=\"application\/ld+json\" class=\"yoast-schema-graph\">{\"@context\":\"https:\/\/schema.org\",\"@graph\":[{\"@type\":\"WebPage\",\"@id\":\"https:\/\/xenonkungen.com\/produkt\/luxtar-onyx-h4-bi-led\/\",\"url\":\"https:\/\/xenonkungen.com\/produkt\/luxtar-onyx-h4-bi-led\/\",\"name\":\"LUXTAR\u00ae Onyx | H4 Bi-LED - Xenonkungen\",\"isPartOf\":{\"@id\":\"https:\/\/xenonkungen.com\/#website\"},\"primaryImageOfPage\":{\"@id\":\"https:\/\/xenonkungen.com\/produkt\/luxtar-onyx-h4-bi-led\/#primaryimage\"},\"image\":{\"@id\":\"https:\/\/xenonkungen.com\/produkt\/luxtar-onyx-h4-bi-led\/#primaryimage\"},\"thumbnailUrl\":\"https:\/\/xenonkungen.com\/wp-content\/uploads\/2025\/04\/193239972-origpic-90a23b.png\",\"datePublished\":\"2025-04-15T07:57:53+00:00\",\"dateModified\":\"2026-05-14T19:37:08+00:00\",\"breadcrumb\":{\"@id\":\"https:\/\/xenonkungen.com\/produkt\/luxtar-onyx-h4-bi-led\/#breadcrumb\"},\"inLanguage\":\"nb-NO\",\"potentialAction\":[{\"@type\":\"ReadAction\",\"target\":[\"https:\/\/xenonkungen.com\/produkt\/luxtar-onyx-h4-bi-led\/\"]}]},{\"@type\":\"ImageObject\",\"inLanguage\":\"nb-NO\",\"@id\":\"https:\/\/xenonkungen.com\/produkt\/luxtar-onyx-h4-bi-led\/#primaryimage\",\"url\":\"https:\/\/xenonkungen.com\/wp-content\/uploads\/2025\/04\/193239972-origpic-90a23b.png\",\"contentUrl\":\"https:\/\/xenonkungen.com\/wp-content\/uploads\/2025\/04\/193239972-origpic-90a23b.png\",\"width\":992,\"height\":1000},{\"@type\":\"BreadcrumbList\",\"@id\":\"https:\/\/xenonkungen.com\/produkt\/luxtar-onyx-h4-bi-led\/#breadcrumb\",\"itemListElement\":[{\"@type\":\"ListItem\",\"position\":1,\"name\":\"Hem\",\"item\":\"https:\/\/xenonkungen.com\/\"},{\"@type\":\"ListItem\",\"position\":2,\"name\":\"Shop\",\"item\":\"https:\/\/xenonkungen.com\/shop\/\"},{\"@type\":\"ListItem\",\"position\":3,\"name\":\"LUXTAR\u00ae Onyx | H4 Bi-LED\"}]},{\"@type\":\"WebSite\",\"@id\":\"https:\/\/xenonkungen.com\/#website\",\"url\":\"https:\/\/xenonkungen.com\/\",\"name\":\"Xenonkungen\",\"description\":\"\",\"potentialAction\":[{\"@type\":\"SearchAction\",\"target\":{\"@type\":\"EntryPoint\",\"urlTemplate\":\"https:\/\/xenonkungen.com\/?s={search_term_string}\"},\"query-input\":{\"@type\":\"PropertyValueSpecification\",\"valueRequired\":true,\"valueName\":\"search_term_string\"}}],\"inLanguage\":\"nb-NO\"}]}<\/script>\n<!-- \/ Yoast SEO plugin. -->","yoast_head_json":{"title":"LUXTAR\u00ae Onyx | H4 Bi-LED \u2013 Xenon-kongen","robots":{"index":"index","follow":"follow","max-snippet":"max-snippet:-1","max-image-preview":"max-image-preview:large","max-video-preview":"max-video-preview:-1"},"canonical":"https:\/\/xenonkungen.com\/no\/produkt\/luxtar-onyx-h4-bi-led\/","og_locale":"nb_NO","og_type":"article","og_title":"LUXTAR\u00ae Onyx | H4 Bi-LED - Xenonkungen","og_description":"\"Med Luxtar Onyx LED-lampor kan du drastiskt f\u00f6rb\u00e4ttra din bils belysning och synlighet. Genom att konvertera fr\u00e5n halogen till LED ger denna gl\u00f6dlampa dig starkare ljus som ger b\u00e4ttre sikt under k\u00f6rning. F\u00f6rutom s\u00e4kerhet ut\u00f6kar den \u00e4ven ditt synomr\u00e5de. Om du vill f\u00f6rb\u00e4ttra ditt fordons belysningsprestanda \u00e4r dessa ledlampor det r\u00e4tta valet.  Lampsockel H4 Helljus & Halvljus\"","og_url":"https:\/\/xenonkungen.com\/no\/produkt\/luxtar-onyx-h4-bi-led\/","og_site_name":"Xenonkungen","article_modified_time":"2026-05-14T19:37:08+00:00","og_image":[{"width":992,"height":1000,"url":"https:\/\/xenonkungen.com\/wp-content\/uploads\/2025\/04\/193239972-origpic-90a23b.png","type":"image\/png"}],"twitter_card":"summary_large_image","twitter_misc":{"Ansl. lesetid":"1 minutt"},"schema":{"@context":"https:\/\/schema.org","@graph":[{"@type":"WebPage","@id":"https:\/\/xenonkungen.com\/produkt\/luxtar-onyx-h4-bi-led\/","url":"https:\/\/xenonkungen.com\/produkt\/luxtar-onyx-h4-bi-led\/","name":"LUXTAR\u00ae Onyx | H4 Bi-LED \u2013 Xenon-kongen","isPartOf":{"@id":"https:\/\/xenonkungen.com\/#website"},"primaryImageOfPage":{"@id":"https:\/\/xenonkungen.com\/produkt\/luxtar-onyx-h4-bi-led\/#primaryimage"},"image":{"@id":"https:\/\/xenonkungen.com\/produkt\/luxtar-onyx-h4-bi-led\/#primaryimage"},"thumbnailUrl":"https:\/\/xenonkungen.com\/wp-content\/uploads\/2025\/04\/193239972-origpic-90a23b.png","datePublished":"2025-04-15T07:57:53+00:00","dateModified":"2026-05-14T19:37:08+00:00","breadcrumb":{"@id":"https:\/\/xenonkungen.com\/produkt\/luxtar-onyx-h4-bi-led\/#breadcrumb"},"inLanguage":"nb-NO","potentialAction":[{"@type":"ReadAction","target":["https:\/\/xenonkungen.com\/produkt\/luxtar-onyx-h4-bi-led\/"]}]},{"@type":"ImageObject","inLanguage":"nb-NO","@id":"https:\/\/xenonkungen.com\/produkt\/luxtar-onyx-h4-bi-led\/#primaryimage","url":"https:\/\/xenonkungen.com\/wp-content\/uploads\/2025\/04\/193239972-origpic-90a23b.png","contentUrl":"https:\/\/xenonkungen.com\/wp-content\/uploads\/2025\/04\/193239972-origpic-90a23b.png","width":992,"height":1000},{"@type":"BreadcrumbList","@id":"https:\/\/xenonkungen.com\/produkt\/luxtar-onyx-h4-bi-led\/#breadcrumb","itemListElement":[{"@type":"ListItem","position":1,"name":"Hem","item":"https:\/\/xenonkungen.com\/"},{"@type":"ListItem","position":2,"name":"Shop","item":"https:\/\/xenonkungen.com\/shop\/"},{"@type":"ListItem","position":3,"name":"LUXTAR\u00ae Onyx | H4 Bi-LED"}]},{"@type":"WebSite","@id":"https:\/\/xenonkungen.com\/#website","url":"https:\/\/xenonkungen.com\/","name":"Xenonkungen","description":"","potentialAction":[{"@type":"SearchAction","target":{"@type":"EntryPoint","urlTemplate":"https:\/\/xenonkungen.com\/?s={search_term_string}"},"query-input":{"@type":"PropertyValueSpecification","valueRequired":true,"valueName":"search_term_string"}}],"inLanguage":"nb-NO"}]}},"taxonomy_info":{"product_brand":[{"value":103,"label":"LUXTAR"}],"product_cat":[{"value":3076,"label":"Rekommendationer"},{"value":2451,"label":"Led-konvertering"},{"value":2826,"label":"LUXTAR"},{"value":733,"label":"Halvljus \/ Helljus"}],"pa_faktisk-effekts-forbrukning":[{"value":332,"label":"17"}],"pa_fuktskydd-varde-ipxx":[{"value":333,"label":"IP67"}],"pa_godkannande":[{"value":337,"label":"CE, RoHS"}],"pa_lampsockel-kontakt":[{"value":340,"label":"H4"}],"pa_led-chips-effekt-w":[{"value":331,"label":"36"}],"pa_stromforbrukning":[{"value":335,"label":"1.4A @12V"}],"pa_volt-v":[{"value":334,"label":"9, 12, 18,"}]},"featured_image_src_large":["https:\/\/xenonkungen.com\/wp-content\/uploads\/2025\/04\/193239972-origpic-90a23b.png",992,1000,false],"author_info":[],"comment_info":8,"_links":{"self":[{"href":"https:\/\/xenonkungen.com\/no\/wp-json\/wp\/v2\/product\/1017","targetHints":{"allow":["GET"]}}],"collection":[{"href":"https:\/\/xenonkungen.com\/no\/wp-json\/wp\/v2\/product"}],"about":[{"href":"https:\/\/xenonkungen.com\/no\/wp-json\/wp\/v2\/types\/product"}],"replies":[{"embeddable":true,"href":"https:\/\/xenonkungen.com\/no\/wp-json\/wp\/v2\/comments?post=1017"}],"wp:featuredmedia":[{"embeddable":true,"href":"https:\/\/xenonkungen.com\/no\/wp-json\/wp\/v2\/media\/1018"}],"wp:attachment":[{"href":"https:\/\/xenonkungen.com\/no\/wp-json\/wp\/v2\/media?parent=1017"}],"wp:term":[{"taxonomy":"anvandningsomrade","embeddable":true,"href":"https:\/\/xenonkungen.com\/no\/wp-json\/wp\/v2\/anvandningsomrade?post=1017"},{"taxonomy":"bilmarken","embeddable":true,"href":"https:\/\/xenonkungen.com\/no\/wp-json\/wp\/v2\/bilmarken?post=1017"},{"taxonomy":"product_brand","embeddable":true,"href":"https:\/\/xenonkungen.com\/no\/wp-json\/wp\/v2\/product_brand?post=1017"},{"taxonomy":"product_cat","embeddable":true,"href":"https:\/\/xenonkungen.com\/no\/wp-json\/wp\/v2\/product_cat?post=1017"},{"taxonomy":"product_tag","embeddable":true,"href":"https:\/\/xenonkungen.com\/no\/wp-json\/wp\/v2\/product_tag?post=1017"}],"curies":[{"name":"wp","href":"https:\/\/api.w.org\/{rel}","templated":true}]}}