{"id":10244,"date":"2025-08-26T09:55:14","date_gmt":"2025-08-26T09:55:14","guid":{"rendered":"https:\/\/xenonkungen.com\/?post_type=product&#038;p=10244"},"modified":"2026-05-12T14:27:12","modified_gmt":"2026-05-12T13:27:12","slug":"luxtar-stellar-dynamic-9-svart-gul","status":"publish","type":"product","link":"https:\/\/xenonkungen.com\/no\/produkt\/luxtar-stellar-dynamic-9-svart-gul\/","title":{"rendered":"Luxtar Stellar Dynamic 9\u2033 svart | gul"},"content":{"rendered":"<h1>Luxtar Stellar Dynamic 9 tommer svart | gul<\/h1>\n<p>Luxtar Stellar Dynamic Yellow er utstyrt med 20 kraftige Osram-dioder som gir en imponerende lysstr\u00f8m p\u00e5 12 200 lumen.<br \/>\nReflektorene skaper et behagelig Driving Beam-lysbilde som lyser opp veien bredt og til og med i veikanten. Rekkevidden er p\u00e5 hele 1 lux p\u00e5 790 meters avstand. Fargetemperaturen p\u00e5 5500K er n\u00f8ye balansert<br \/>\nog sv\u00e6rt behagelig for \u00f8ynene, og gir skarp og klar belysning. Dette gj\u00f8r det lettere \u00e5 observere terrenget og oppdage farer og hindringer i god tid.<\/p>\n<ul>\n<li>Rekkevidde: 1 lux ved 790 m \/ R112: 1 lux ved 460 m<\/li>\n<li>Dynamisk oppstartsfunksjon for posisjonslys i hvitt eller oransje<\/li>\n<li>12 200 faktiske lumen<\/li>\n<li>Boost-funksjon for ekstra lysstyrke<\/li>\n<\/ul>\n<p>Med den nye Dynamic start-up-funksjonen for posisjonslys gir lampen et imponerende startm\u00f8nster som skaper en utrolig visuell effekt ved oppstart.<br \/>\nDen innovative bakbelyste reflektoren, med lysdioder som lyser opp sidene av reflektoren, skaper et i\u00f8ynefallende og unikt ekstralys. Parkeringslysfunksjonen kan justeres til tradisjonell hvit eller i\u00f8ynefallende oransje.<\/p>\n<p>Stellar Dynamic Yellow har en uknuselig polykarbonatlinse, som er helt rammel\u00f8s og har en glatt front som forhindrer at sn\u00f8 og is samler seg p\u00e5 linsen, noe som sikrer optimal ytelse under alle forhold.<br \/>\nEkstralyset er E-godkjent og utstyrt med en boost-funksjon for ekstra lysstyrke ved behov.<br \/>\nEn robust og stabil monteringsbase og 4-pinners DT-kontakter er inkludert, og produktet har 3 \u00e5rs garanti.<\/p>\n<p>&nbsp;<\/p>","protected":false},"excerpt":{"rendered":"<p>Luxtar Stellar Dynamic 9 Inch Black | Yellow Luxtar Stellar Dynamic Yellow \u00e4r utrustad med 20 stycken kraftfulla Osram dioder som ger ett imponerande ljusfl\u00f6de p\u00e5 12 200 lumen. Reflektorerna skapar en behaglig Driving Beam-ljusbild som lyser upp v\u00e4gen brett och \u00e4ven ute i v\u00e4gkanten. R\u00e4ckvidd \u00e4r hela 1 lux vid 790 meter. F\u00e4rgtemperaturen p\u00e5 [&hellip;]<\/p>","protected":false},"featured_media":10245,"comment_status":"open","ping_status":"closed","template":"","meta":{"_acf_changed":false,"_smort_price_nok":"2217","_smort_price_dkk":"1761","_smort_price_eur":"235.9","_smort_sale_price_nok":"2217","_smort_sale_price_dkk":"","_smort_sale_price_eur":"","smort_restorder":"","shipmondo_restorder":"","_kad_blocks_custom_css":"","_kad_blocks_head_custom_js":"","_kad_blocks_body_custom_js":"","_kad_blocks_footer_custom_js":"","smort_custom_pricelist_1":"1660.8","smort_custom_pricelist_2":"1453.2","smort_custom_pricelist_3":"1349.4","smort_custom_pricelist_4":"2076","smort_custom_pricelist_5":"1453.2"},"anvandningsomrade":[236,207,166,167,1915],"bilmarken":[],"product_brand":[103],"product_cat":[3076,2839,2826,2849,2182,142],"product_tag":[],"class_list":{"0":"post-10244","1":"product","2":"type-product","3":"status-publish","4":"has-post-thumbnail","6":"anvandningsomrade-entreprenad","7":"anvandningsomrade-husbil","8":"anvandningsomrade-lastbil","9":"anvandningsomrade-personbil","10":"anvandningsomrade-skapbil","11":"product_brand-luxtar","12":"product_cat-rekommendationer","13":"product_cat-extraljus-9","14":"product_cat-luxtar","15":"product_cat-malvin","16":"product_cat-stellar-dynamic","17":"product_cat-extraljus","19":"first","20":"onbackorder","21":"taxable","22":"shipping-taxable","23":"purchasable","24":"product-type-simple"},"bundled_by":[],"bundle_stock_status":"onbackorder","bundle_stock_quantity":0,"bundle_virtual":false,"bundle_layout":"","bundle_add_to_cart_form_location":"","bundle_editable_in_cart":false,"bundle_sold_individually_context":"","bundle_item_grouping":"","bundle_min_size":"","bundle_max_size":"","bundle_price":[],"bundled_items":[],"bundle_sell_ids":[],"acf":[],"yoast_head":"<!-- This site is optimized with the Yoast SEO plugin v27.0 - https:\/\/yoast.com\/product\/yoast-seo-wordpress\/ -->\n<title>Luxtar Stellar Dynamic 9&quot; Black | Yellow - Xenonkungen<\/title>\n<meta name=\"robots\" content=\"index, follow, max-snippet:-1, max-image-preview:large, max-video-preview:-1\" \/>\n<link rel=\"canonical\" href=\"https:\/\/xenonkungen.com\/no\/produkt\/luxtar-stellar-dynamic-9-svart-gul\/\" \/>\n<meta property=\"og:locale\" content=\"nb_NO\" \/>\n<meta property=\"og:type\" content=\"article\" \/>\n<meta property=\"og:title\" content=\"Luxtar Stellar Dynamic 9&quot; Black | Yellow - Xenonkungen\" \/>\n<meta property=\"og:description\" content=\"Luxtar Stellar Dynamic 9 Inch Black | Yellow Luxtar Stellar Dynamic Yellow \u00e4r utrustad med 20 stycken kraftfulla Osram dioder som ger ett imponerande ljusfl\u00f6de p\u00e5 12 200 lumen. Reflektorerna skapar en behaglig Driving Beam-ljusbild som lyser upp v\u00e4gen brett och \u00e4ven ute i v\u00e4gkanten. R\u00e4ckvidd \u00e4r hela 1 lux vid 790 meter. F\u00e4rgtemperaturen p\u00e5 [&hellip;]\" \/>\n<meta property=\"og:url\" content=\"https:\/\/xenonkungen.com\/no\/produkt\/luxtar-stellar-dynamic-9-svart-gul\/\" \/>\n<meta property=\"og:site_name\" content=\"Xenonkungen\" \/>\n<meta property=\"article:modified_time\" content=\"2026-05-12T13:27:12+00:00\" \/>\n<meta property=\"og:image\" content=\"https:\/\/xenonkungen.com\/wp-content\/uploads\/2025\/06\/24UVziNA.png\" \/>\n\t<meta property=\"og:image:width\" content=\"600\" \/>\n\t<meta property=\"og:image:height\" content=\"600\" \/>\n\t<meta property=\"og:image:type\" content=\"image\/png\" \/>\n<meta name=\"twitter:card\" content=\"summary_large_image\" \/>\n<meta name=\"twitter:label1\" content=\"Ansl. lesetid\" \/>\n\t<meta name=\"twitter:data1\" content=\"2 minutter\" \/>\n<script type=\"application\/ld+json\" class=\"yoast-schema-graph\">{\"@context\":\"https:\/\/schema.org\",\"@graph\":[{\"@type\":\"WebPage\",\"@id\":\"https:\/\/xenonkungen.com\/produkt\/luxtar-stellar-dynamic-9-black-yellow\/\",\"url\":\"https:\/\/xenonkungen.com\/produkt\/luxtar-stellar-dynamic-9-black-yellow\/\",\"name\":\"Luxtar Stellar Dynamic 9\\\" Black | Yellow - Xenonkungen\",\"isPartOf\":{\"@id\":\"https:\/\/xenonkungen.com\/#website\"},\"primaryImageOfPage\":{\"@id\":\"https:\/\/xenonkungen.com\/produkt\/luxtar-stellar-dynamic-9-black-yellow\/#primaryimage\"},\"image\":{\"@id\":\"https:\/\/xenonkungen.com\/produkt\/luxtar-stellar-dynamic-9-black-yellow\/#primaryimage\"},\"thumbnailUrl\":\"https:\/\/xenonkungen.com\/wp-content\/uploads\/2025\/06\/24UVziNA.png\",\"datePublished\":\"2025-08-26T09:55:14+00:00\",\"dateModified\":\"2026-05-12T13:27:12+00:00\",\"breadcrumb\":{\"@id\":\"https:\/\/xenonkungen.com\/produkt\/luxtar-stellar-dynamic-9-black-yellow\/#breadcrumb\"},\"inLanguage\":\"nb-NO\",\"potentialAction\":[{\"@type\":\"ReadAction\",\"target\":[\"https:\/\/xenonkungen.com\/produkt\/luxtar-stellar-dynamic-9-black-yellow\/\"]}]},{\"@type\":\"ImageObject\",\"inLanguage\":\"nb-NO\",\"@id\":\"https:\/\/xenonkungen.com\/produkt\/luxtar-stellar-dynamic-9-black-yellow\/#primaryimage\",\"url\":\"https:\/\/xenonkungen.com\/wp-content\/uploads\/2025\/06\/24UVziNA.png\",\"contentUrl\":\"https:\/\/xenonkungen.com\/wp-content\/uploads\/2025\/06\/24UVziNA.png\",\"width\":600,\"height\":600},{\"@type\":\"BreadcrumbList\",\"@id\":\"https:\/\/xenonkungen.com\/produkt\/luxtar-stellar-dynamic-9-black-yellow\/#breadcrumb\",\"itemListElement\":[{\"@type\":\"ListItem\",\"position\":1,\"name\":\"Hem\",\"item\":\"https:\/\/xenonkungen.com\/\"},{\"@type\":\"ListItem\",\"position\":2,\"name\":\"Shop\",\"item\":\"https:\/\/xenonkungen.com\/shop\/\"},{\"@type\":\"ListItem\",\"position\":3,\"name\":\"Luxtar Stellar Dynamic 9&#8243; Black | Yellow\"}]},{\"@type\":\"WebSite\",\"@id\":\"https:\/\/xenonkungen.com\/#website\",\"url\":\"https:\/\/xenonkungen.com\/\",\"name\":\"Xenonkungen\",\"description\":\"\",\"potentialAction\":[{\"@type\":\"SearchAction\",\"target\":{\"@type\":\"EntryPoint\",\"urlTemplate\":\"https:\/\/xenonkungen.com\/?s={search_term_string}\"},\"query-input\":{\"@type\":\"PropertyValueSpecification\",\"valueRequired\":true,\"valueName\":\"search_term_string\"}}],\"inLanguage\":\"nb-NO\"}]}<\/script>\n<!-- \/ Yoast SEO plugin. -->","yoast_head_json":{"title":"Luxtar Stellar Dynamic 9&quot; Svart | Gul - Xenon-kongen","robots":{"index":"index","follow":"follow","max-snippet":"max-snippet:-1","max-image-preview":"max-image-preview:large","max-video-preview":"max-video-preview:-1"},"canonical":"https:\/\/xenonkungen.com\/no\/produkt\/luxtar-stellar-dynamic-9-svart-gul\/","og_locale":"nb_NO","og_type":"article","og_title":"Luxtar Stellar Dynamic 9\" Black | Yellow - Xenonkungen","og_description":"Luxtar Stellar Dynamic 9 Inch Black | Yellow Luxtar Stellar Dynamic Yellow \u00e4r utrustad med 20 stycken kraftfulla Osram dioder som ger ett imponerande ljusfl\u00f6de p\u00e5 12 200 lumen. Reflektorerna skapar en behaglig Driving Beam-ljusbild som lyser upp v\u00e4gen brett och \u00e4ven ute i v\u00e4gkanten. R\u00e4ckvidd \u00e4r hela 1 lux vid 790 meter. F\u00e4rgtemperaturen p\u00e5 [&hellip;]","og_url":"https:\/\/xenonkungen.com\/no\/produkt\/luxtar-stellar-dynamic-9-svart-gul\/","og_site_name":"Xenonkungen","article_modified_time":"2026-05-12T13:27:12+00:00","og_image":[{"width":600,"height":600,"url":"https:\/\/xenonkungen.com\/wp-content\/uploads\/2025\/06\/24UVziNA.png","type":"image\/png"}],"twitter_card":"summary_large_image","twitter_misc":{"Ansl. lesetid":"2 minutter"},"schema":{"@context":"https:\/\/schema.org","@graph":[{"@type":"WebPage","@id":"https:\/\/xenonkungen.com\/produkt\/luxtar-stellar-dynamic-9-black-yellow\/","url":"https:\/\/xenonkungen.com\/produkt\/luxtar-stellar-dynamic-9-black-yellow\/","name":"Luxtar Stellar Dynamic 9&quot; Svart | Gul - Xenon-kongen","isPartOf":{"@id":"https:\/\/xenonkungen.com\/#website"},"primaryImageOfPage":{"@id":"https:\/\/xenonkungen.com\/produkt\/luxtar-stellar-dynamic-9-black-yellow\/#primaryimage"},"image":{"@id":"https:\/\/xenonkungen.com\/produkt\/luxtar-stellar-dynamic-9-black-yellow\/#primaryimage"},"thumbnailUrl":"https:\/\/xenonkungen.com\/wp-content\/uploads\/2025\/06\/24UVziNA.png","datePublished":"2025-08-26T09:55:14+00:00","dateModified":"2026-05-12T13:27:12+00:00","breadcrumb":{"@id":"https:\/\/xenonkungen.com\/produkt\/luxtar-stellar-dynamic-9-black-yellow\/#breadcrumb"},"inLanguage":"nb-NO","potentialAction":[{"@type":"ReadAction","target":["https:\/\/xenonkungen.com\/produkt\/luxtar-stellar-dynamic-9-black-yellow\/"]}]},{"@type":"ImageObject","inLanguage":"nb-NO","@id":"https:\/\/xenonkungen.com\/produkt\/luxtar-stellar-dynamic-9-black-yellow\/#primaryimage","url":"https:\/\/xenonkungen.com\/wp-content\/uploads\/2025\/06\/24UVziNA.png","contentUrl":"https:\/\/xenonkungen.com\/wp-content\/uploads\/2025\/06\/24UVziNA.png","width":600,"height":600},{"@type":"BreadcrumbList","@id":"https:\/\/xenonkungen.com\/produkt\/luxtar-stellar-dynamic-9-black-yellow\/#breadcrumb","itemListElement":[{"@type":"ListItem","position":1,"name":"Hem","item":"https:\/\/xenonkungen.com\/"},{"@type":"ListItem","position":2,"name":"Shop","item":"https:\/\/xenonkungen.com\/shop\/"},{"@type":"ListItem","position":3,"name":"Luxtar Stellar Dynamic 9&#8243; Black | Yellow"}]},{"@type":"WebSite","@id":"https:\/\/xenonkungen.com\/#website","url":"https:\/\/xenonkungen.com\/","name":"Xenonkungen","description":"","potentialAction":[{"@type":"SearchAction","target":{"@type":"EntryPoint","urlTemplate":"https:\/\/xenonkungen.com\/?s={search_term_string}"},"query-input":{"@type":"PropertyValueSpecification","valueRequired":true,"valueName":"search_term_string"}}],"inLanguage":"nb-NO"}]}},"taxonomy_info":{"anvandningsomrade":[{"value":236,"label":"Entreprenad"},{"value":207,"label":"Husbil"},{"value":166,"label":"Lastbil"},{"value":167,"label":"PERSONBIL"},{"value":1915,"label":"Sk\u00e5pbil"}],"product_brand":[{"value":103,"label":"LUXTAR"}],"product_cat":[{"value":3076,"label":"Rekommendationer"},{"value":2839,"label":"Extraljus 9\""},{"value":2826,"label":"LUXTAR"},{"value":2849,"label":"Malvins VW Golf"},{"value":2182,"label":"Stellar Dynamic"},{"value":142,"label":"Extraljus"}]},"featured_image_src_large":["https:\/\/xenonkungen.com\/wp-content\/uploads\/2025\/06\/24UVziNA.png",600,600,false],"author_info":[],"comment_info":0,"_links":{"self":[{"href":"https:\/\/xenonkungen.com\/no\/wp-json\/wp\/v2\/product\/10244","targetHints":{"allow":["GET"]}}],"collection":[{"href":"https:\/\/xenonkungen.com\/no\/wp-json\/wp\/v2\/product"}],"about":[{"href":"https:\/\/xenonkungen.com\/no\/wp-json\/wp\/v2\/types\/product"}],"replies":[{"embeddable":true,"href":"https:\/\/xenonkungen.com\/no\/wp-json\/wp\/v2\/comments?post=10244"}],"wp:featuredmedia":[{"embeddable":true,"href":"https:\/\/xenonkungen.com\/no\/wp-json\/wp\/v2\/media\/10245"}],"wp:attachment":[{"href":"https:\/\/xenonkungen.com\/no\/wp-json\/wp\/v2\/media?parent=10244"}],"wp:term":[{"taxonomy":"anvandningsomrade","embeddable":true,"href":"https:\/\/xenonkungen.com\/no\/wp-json\/wp\/v2\/anvandningsomrade?post=10244"},{"taxonomy":"bilmarken","embeddable":true,"href":"https:\/\/xenonkungen.com\/no\/wp-json\/wp\/v2\/bilmarken?post=10244"},{"taxonomy":"product_brand","embeddable":true,"href":"https:\/\/xenonkungen.com\/no\/wp-json\/wp\/v2\/product_brand?post=10244"},{"taxonomy":"product_cat","embeddable":true,"href":"https:\/\/xenonkungen.com\/no\/wp-json\/wp\/v2\/product_cat?post=10244"},{"taxonomy":"product_tag","embeddable":true,"href":"https:\/\/xenonkungen.com\/no\/wp-json\/wp\/v2\/product_tag?post=10244"}],"curies":[{"name":"wp","href":"https:\/\/api.w.org\/{rel}","templated":true}]}}