{"id":1081,"date":"2025-04-15T07:58:48","date_gmt":"2025-04-15T07:58:48","guid":{"rendered":"https:\/\/xenonkungen.com\/product\/relakabelsats-3st-extraljus-24v9006\/"},"modified":"2026-04-17T15:48:36","modified_gmt":"2026-04-17T14:48:36","slug":"relekabelsett-3-stk-ekstralys-24v9006","status":"publish","type":"product","link":"https:\/\/xenonkungen.com\/no\/produkt\/relekabelsett-3-stk-ekstralys-24v9006\/","title":{"rendered":"Rel\u00e9kabelsett 3 stk Ekstra lys 24V|9006"},"content":{"rendered":"<h1>Rel\u00e9kabelsett 3B | 9006 24V<\/h1>\n<p>Rel\u00e9kabel for 3 ekstralys for sikker drift av 24 V xenon-forkoblinger, ekstralys, led-ramper osv. p\u00e5 lastebiler, busser, arbeidskj\u00f8ret\u00f8y, traktorer osv.<\/p>\n<p>P\u00e5 dette rel\u00e9kabelsettet finner du 3 kabler der hver ende er avsluttet med en 9006-kontakt (hann), en pluss- og minuskabel og en signalkabel som skal kobles til bilens 24 V pluss ved fjernlysaktivering.<\/p>\n<p>Det er en sikring (40A) og et rel\u00e9 p\u00e5 24V 60A p\u00e5 rel\u00e9kabelen, der vi anbefaler \u00e5 feste rel\u00e9et oppover for best mulig resultat. Dette settet har ogs\u00e5 en lengde p\u00e5 3 meter, m\u00e5lene er fra plusskabelen til enden av 9006-kontaktene.<br \/>Dette produktet forenkler installasjonen og gir ogs\u00e5 sikker bruk for 3 xenon ekstralys.<br \/>V\u00e6r oppmerksom p\u00e5 at enkelte biler krever en spesiell rel\u00e9l\u00f8sning (se tilbeh\u00f8ret XBB Lightswitch) p\u00e5 grunn av s\u00e5kalt. Can-bus-overv\u00e5king. Dette gjelder hovedsakelig nyere europeiske biler med LED- eller xenonlys.<br \/><strong>Godt \u00e5 vite<\/strong><br \/>Vi har brukt beskyttende flexi-r\u00f8r, som reduserer skader p\u00e5 ledningene i trange rom.<\/p>\n<p><strong>Tilkobling<\/strong><br \/>3 9006-kontakter for rask tilkobling<\/p>\n<p><strong>Rel\u00e9<\/strong><br \/>60A rel\u00e9, 40A sikring - noe som gj\u00f8r at du kan drive store lykter uten problemer p\u00e5 dette ledningsnettet.<\/p>\n<p><strong>Beskyttede data<\/strong><br \/>Flexislange rundt ledningsnettet s\u00f8rger for at du ikke f\u00e5r ut sterk EMC-str\u00e5ling, og at kablene ikke gnir mot karosseri eller lignende. <\/p>\n<p><strong>Effekt<\/strong><br \/>Du kan drive lykter p\u00e5 opptil ca. 300 W hver med dette ledningsnettet. <\/p>\n<p><strong>Garanti<\/strong><br \/>1 \u00e5r<\/p>\n<p><strong>Innhold i leveransen<\/strong><br \/>Ved bestilling medf\u00f8lger 1 komplett rel\u00e9kabel og 1 str\u00f8mskinne.<\/p>","protected":false},"excerpt":{"rendered":"<p>Rel\u00e9kabelsett for 3 ekstra lys\/24V Perfekt rel\u00e9kabel for deg som \u00f8nsker \u00e5 koble til opptil 3 ekstra lys eller led-ramper. Komplett med hurtigkobling (9006\/HB4)<\/p>","protected":false},"featured_media":1082,"comment_status":"closed","ping_status":"open","template":"","meta":{"_acf_changed":false,"_smort_price_nok":"315","_smort_price_dkk":"200","_smort_price_eur":"26.82","_smort_sale_price_nok":"","_smort_sale_price_dkk":"","_smort_sale_price_eur":"","smort_restorder":"","shipmondo_restorder":"","_kad_blocks_custom_css":"","_kad_blocks_head_custom_js":"","_kad_blocks_body_custom_js":"","_kad_blocks_footer_custom_js":"","smort_custom_pricelist_1":"188.8","smort_custom_pricelist_2":"165.2","smort_custom_pricelist_3":"156.94","smort_custom_pricelist_4":"236","smort_custom_pricelist_5":"165.2"},"anvandningsomrade":[],"bilmarken":[],"product_brand":[],"product_cat":[2841,2828,2795,2796,2488,2491,2489,2490,390],"product_tag":[],"class_list":{"0":"post-1081","1":"product","2":"type-product","3":"status-publish","4":"has-post-thumbnail","6":"product_cat-installation-extraljus","7":"product_cat-installation-led-ramper","8":"product_cat-kablar-rela","9":"product_cat-relakabelsatser","10":"product_cat-relasats-arbetsbelysning","11":"product_cat-relasats","12":"product_cat-relasats-extraljus","13":"product_cat-relasats-2","14":"product_cat-installation","15":"pa_lampsockel-kontakt-9006-hb4","16":"pa_volt-v-160","18":"first","19":"instock","20":"taxable","21":"shipping-taxable","22":"purchasable","23":"product-type-simple"},"bundled_by":[],"bundle_stock_status":"instock","bundle_stock_quantity":142,"bundle_virtual":false,"bundle_layout":"","bundle_add_to_cart_form_location":"","bundle_editable_in_cart":false,"bundle_sold_individually_context":"","bundle_item_grouping":"","bundle_min_size":"","bundle_max_size":"","bundle_price":[],"bundled_items":[],"bundle_sell_ids":[],"acf":[],"yoast_head":"<!-- This site is optimized with the Yoast SEO plugin v27.0 - https:\/\/yoast.com\/product\/yoast-seo-wordpress\/ -->\n<title>Rel\u00e4kabelsats 3st Extraljus 24V|9006 - Xenonkungen<\/title>\n<meta name=\"robots\" content=\"index, follow, max-snippet:-1, max-image-preview:large, max-video-preview:-1\" \/>\n<link rel=\"canonical\" href=\"https:\/\/xenonkungen.com\/no\/produkt\/relekabelsett-3-stk-ekstralys-24v9006\/\" \/>\n<meta property=\"og:locale\" content=\"nb_NO\" \/>\n<meta property=\"og:type\" content=\"article\" \/>\n<meta property=\"og:title\" content=\"Rel\u00e4kabelsats 3st Extraljus 24V|9006 - Xenonkungen\" \/>\n<meta property=\"og:description\" content=\"Rel\u00e4kabelsats f\u00f6r 3st extraljus\/24V Perfekt rel\u00e4kablage f\u00f6r dig som vill ansluta upp till 3 stycken Extraljus eller ledramper. F\u00e4rdigt med snabbkontakt (9006\/HB4)\" \/>\n<meta property=\"og:url\" content=\"https:\/\/xenonkungen.com\/no\/produkt\/relekabelsett-3-stk-ekstralys-24v9006\/\" \/>\n<meta property=\"og:site_name\" content=\"Xenonkungen\" \/>\n<meta property=\"article:modified_time\" content=\"2026-04-17T14:48:36+00:00\" \/>\n<meta property=\"og:image\" content=\"https:\/\/xenonkungen.com\/wp-content\/uploads\/2025\/04\/174316781-origpic-6484aa.png\" \/>\n\t<meta property=\"og:image:width\" content=\"1000\" \/>\n\t<meta property=\"og:image:height\" content=\"1000\" \/>\n\t<meta property=\"og:image:type\" content=\"image\/png\" \/>\n<meta name=\"twitter:card\" content=\"summary_large_image\" \/>\n<meta name=\"twitter:label1\" content=\"Ansl. lesetid\" \/>\n\t<meta name=\"twitter:data1\" content=\"1 minutt\" \/>\n<script type=\"application\/ld+json\" class=\"yoast-schema-graph\">{\"@context\":\"https:\/\/schema.org\",\"@graph\":[{\"@type\":\"WebPage\",\"@id\":\"https:\/\/xenonkungen.com\/nl\/product\/relaiskabelset-3-stuks-hulpverlichting-24v9006\/\",\"url\":\"https:\/\/xenonkungen.com\/nl\/product\/relaiskabelset-3-stuks-hulpverlichting-24v9006\/\",\"name\":\"Rel\u00e4kabelsats 3st Extraljus 24V|9006 - Xenonkungen\",\"isPartOf\":{\"@id\":\"https:\/\/xenonkungen.com\/#website\"},\"primaryImageOfPage\":{\"@id\":\"https:\/\/xenonkungen.com\/nl\/product\/relaiskabelset-3-stuks-hulpverlichting-24v9006\/#primaryimage\"},\"image\":{\"@id\":\"https:\/\/xenonkungen.com\/nl\/product\/relaiskabelset-3-stuks-hulpverlichting-24v9006\/#primaryimage\"},\"thumbnailUrl\":\"https:\/\/xenonkungen.com\/wp-content\/uploads\/2025\/04\/174316781-origpic-6484aa.png\",\"datePublished\":\"2025-04-15T07:58:48+00:00\",\"dateModified\":\"2026-04-17T14:48:36+00:00\",\"breadcrumb\":{\"@id\":\"https:\/\/xenonkungen.com\/nl\/product\/relaiskabelset-3-stuks-hulpverlichting-24v9006\/#breadcrumb\"},\"inLanguage\":\"nb-NO\",\"potentialAction\":[{\"@type\":\"ReadAction\",\"target\":[\"https:\/\/xenonkungen.com\/nl\/product\/relaiskabelset-3-stuks-hulpverlichting-24v9006\/\"]}]},{\"@type\":\"ImageObject\",\"inLanguage\":\"nb-NO\",\"@id\":\"https:\/\/xenonkungen.com\/nl\/product\/relaiskabelset-3-stuks-hulpverlichting-24v9006\/#primaryimage\",\"url\":\"https:\/\/xenonkungen.com\/wp-content\/uploads\/2025\/04\/174316781-origpic-6484aa.png\",\"contentUrl\":\"https:\/\/xenonkungen.com\/wp-content\/uploads\/2025\/04\/174316781-origpic-6484aa.png\",\"width\":1000,\"height\":1000},{\"@type\":\"BreadcrumbList\",\"@id\":\"https:\/\/xenonkungen.com\/nl\/product\/relaiskabelset-3-stuks-hulpverlichting-24v9006\/#breadcrumb\",\"itemListElement\":[{\"@type\":\"ListItem\",\"position\":1,\"name\":\"Hem\",\"item\":\"https:\/\/xenonkungen.com\/\"},{\"@type\":\"ListItem\",\"position\":2,\"name\":\"Shop\",\"item\":\"https:\/\/xenonkungen.com\/shop\/\"},{\"@type\":\"ListItem\",\"position\":3,\"name\":\"Rel\u00e4kabelsats 3st Extraljus 24V|9006\"}]},{\"@type\":\"WebSite\",\"@id\":\"https:\/\/xenonkungen.com\/#website\",\"url\":\"https:\/\/xenonkungen.com\/\",\"name\":\"Xenonkungen\",\"description\":\"\",\"potentialAction\":[{\"@type\":\"SearchAction\",\"target\":{\"@type\":\"EntryPoint\",\"urlTemplate\":\"https:\/\/xenonkungen.com\/?s={search_term_string}\"},\"query-input\":{\"@type\":\"PropertyValueSpecification\",\"valueRequired\":true,\"valueName\":\"search_term_string\"}}],\"inLanguage\":\"nb-NO\"}]}<\/script>\n<!-- \/ Yoast SEO plugin. -->","yoast_head_json":{"title":"Rel\u00e9kabelsett 3 stk. Ekstralys 24V|9006 - Xenonkungen","robots":{"index":"index","follow":"follow","max-snippet":"max-snippet:-1","max-image-preview":"max-image-preview:large","max-video-preview":"max-video-preview:-1"},"canonical":"https:\/\/xenonkungen.com\/no\/produkt\/relekabelsett-3-stk-ekstralys-24v9006\/","og_locale":"nb_NO","og_type":"article","og_title":"Rel\u00e4kabelsats 3st Extraljus 24V|9006 - Xenonkungen","og_description":"Rel\u00e4kabelsats f\u00f6r 3st extraljus\/24V Perfekt rel\u00e4kablage f\u00f6r dig som vill ansluta upp till 3 stycken Extraljus eller ledramper. F\u00e4rdigt med snabbkontakt (9006\/HB4)","og_url":"https:\/\/xenonkungen.com\/no\/produkt\/relekabelsett-3-stk-ekstralys-24v9006\/","og_site_name":"Xenonkungen","article_modified_time":"2026-04-17T14:48:36+00:00","og_image":[{"width":1000,"height":1000,"url":"https:\/\/xenonkungen.com\/wp-content\/uploads\/2025\/04\/174316781-origpic-6484aa.png","type":"image\/png"}],"twitter_card":"summary_large_image","twitter_misc":{"Ansl. lesetid":"1 minutt"},"schema":{"@context":"https:\/\/schema.org","@graph":[{"@type":"WebPage","@id":"https:\/\/xenonkungen.com\/nl\/product\/relaiskabelset-3-stuks-hulpverlichting-24v9006\/","url":"https:\/\/xenonkungen.com\/nl\/product\/relaiskabelset-3-stuks-hulpverlichting-24v9006\/","name":"Rel\u00e9kabelsett 3 stk. Ekstralys 24V|9006 - Xenonkungen","isPartOf":{"@id":"https:\/\/xenonkungen.com\/#website"},"primaryImageOfPage":{"@id":"https:\/\/xenonkungen.com\/nl\/product\/relaiskabelset-3-stuks-hulpverlichting-24v9006\/#primaryimage"},"image":{"@id":"https:\/\/xenonkungen.com\/nl\/product\/relaiskabelset-3-stuks-hulpverlichting-24v9006\/#primaryimage"},"thumbnailUrl":"https:\/\/xenonkungen.com\/wp-content\/uploads\/2025\/04\/174316781-origpic-6484aa.png","datePublished":"2025-04-15T07:58:48+00:00","dateModified":"2026-04-17T14:48:36+00:00","breadcrumb":{"@id":"https:\/\/xenonkungen.com\/nl\/product\/relaiskabelset-3-stuks-hulpverlichting-24v9006\/#breadcrumb"},"inLanguage":"nb-NO","potentialAction":[{"@type":"ReadAction","target":["https:\/\/xenonkungen.com\/nl\/product\/relaiskabelset-3-stuks-hulpverlichting-24v9006\/"]}]},{"@type":"ImageObject","inLanguage":"nb-NO","@id":"https:\/\/xenonkungen.com\/nl\/product\/relaiskabelset-3-stuks-hulpverlichting-24v9006\/#primaryimage","url":"https:\/\/xenonkungen.com\/wp-content\/uploads\/2025\/04\/174316781-origpic-6484aa.png","contentUrl":"https:\/\/xenonkungen.com\/wp-content\/uploads\/2025\/04\/174316781-origpic-6484aa.png","width":1000,"height":1000},{"@type":"BreadcrumbList","@id":"https:\/\/xenonkungen.com\/nl\/product\/relaiskabelset-3-stuks-hulpverlichting-24v9006\/#breadcrumb","itemListElement":[{"@type":"ListItem","position":1,"name":"Hem","item":"https:\/\/xenonkungen.com\/"},{"@type":"ListItem","position":2,"name":"Shop","item":"https:\/\/xenonkungen.com\/shop\/"},{"@type":"ListItem","position":3,"name":"Rel\u00e4kabelsats 3st Extraljus 24V|9006"}]},{"@type":"WebSite","@id":"https:\/\/xenonkungen.com\/#website","url":"https:\/\/xenonkungen.com\/","name":"Xenonkungen","description":"","potentialAction":[{"@type":"SearchAction","target":{"@type":"EntryPoint","urlTemplate":"https:\/\/xenonkungen.com\/?s={search_term_string}"},"query-input":{"@type":"PropertyValueSpecification","valueRequired":true,"valueName":"search_term_string"}}],"inLanguage":"nb-NO"}]}},"taxonomy_info":{"product_cat":[{"value":2841,"label":"Installation extraljus"},{"value":2828,"label":"Installation LED-ramper"},{"value":2795,"label":"Kablar och Rel\u00e4"},{"value":2796,"label":"Rel\u00e4kabelsatser"},{"value":2488,"label":"Rel\u00e4sats"},{"value":2491,"label":"Rel\u00e4sats"},{"value":2489,"label":"Rel\u00e4satser"},{"value":2490,"label":"Rel\u00e4satser"},{"value":390,"label":"Installation"}],"pa_lampsockel-kontakt":[{"value":326,"label":"9006 , HB4"}],"pa_volt-v":[{"value":160,"label":"24"}]},"featured_image_src_large":["https:\/\/xenonkungen.com\/wp-content\/uploads\/2025\/04\/174316781-origpic-6484aa.png",1000,1000,false],"author_info":[],"comment_info":0,"_links":{"self":[{"href":"https:\/\/xenonkungen.com\/no\/wp-json\/wp\/v2\/product\/1081","targetHints":{"allow":["GET"]}}],"collection":[{"href":"https:\/\/xenonkungen.com\/no\/wp-json\/wp\/v2\/product"}],"about":[{"href":"https:\/\/xenonkungen.com\/no\/wp-json\/wp\/v2\/types\/product"}],"replies":[{"embeddable":true,"href":"https:\/\/xenonkungen.com\/no\/wp-json\/wp\/v2\/comments?post=1081"}],"wp:featuredmedia":[{"embeddable":true,"href":"https:\/\/xenonkungen.com\/no\/wp-json\/wp\/v2\/media\/1082"}],"wp:attachment":[{"href":"https:\/\/xenonkungen.com\/no\/wp-json\/wp\/v2\/media?parent=1081"}],"wp:term":[{"taxonomy":"anvandningsomrade","embeddable":true,"href":"https:\/\/xenonkungen.com\/no\/wp-json\/wp\/v2\/anvandningsomrade?post=1081"},{"taxonomy":"bilmarken","embeddable":true,"href":"https:\/\/xenonkungen.com\/no\/wp-json\/wp\/v2\/bilmarken?post=1081"},{"taxonomy":"product_brand","embeddable":true,"href":"https:\/\/xenonkungen.com\/no\/wp-json\/wp\/v2\/product_brand?post=1081"},{"taxonomy":"product_cat","embeddable":true,"href":"https:\/\/xenonkungen.com\/no\/wp-json\/wp\/v2\/product_cat?post=1081"},{"taxonomy":"product_tag","embeddable":true,"href":"https:\/\/xenonkungen.com\/no\/wp-json\/wp\/v2\/product_tag?post=1081"}],"curies":[{"name":"wp","href":"https:\/\/api.w.org\/{rel}","templated":true}]}}