{"id":11514,"date":"2025-06-23T13:50:37","date_gmt":"2025-06-23T13:50:37","guid":{"rendered":"https:\/\/xenonkungen.com\/produkt\/3-pack-extraljus-nbb-alpha-225-60w-xenon-24v-2\/"},"modified":"2026-04-05T18:52:59","modified_gmt":"2026-04-05T17:52:59","slug":"3-pakning-ekstra-lys-nbb-alpha-225-60w-xenon-24v-2","status":"publish","type":"product","link":"https:\/\/xenonkungen.com\/no\/produkt\/3-pakning-ekstra-lys-nbb-alpha-225-60w-xenon-24v-2\/","title":{"rendered":"3-PACK Ekstra lys NBB Alpha 225 60W Xenon 24V"},"content":{"rendered":"<p>3-pakning Extra Light NBB Alpha 225, <strong>60W, 24V Xenon<\/strong> | Komplett pakke med 3 x xenon-hjelpelys med diameter <strong>225 mm<\/strong> av sv\u00e6rt popul\u00e6r modell med et av markedets beste lysm\u00f8nstre. Ny modell med LED-posisjonslys p\u00e5 overkanten (valgfri tilkobling).<\/p>\n<p>Alternativet for deg som prioriterer mest og best mulig lys. I en versjon med reell effekt p\u00e5 <strong>50W xenon<\/strong>.<\/p>\n<p>B\u00e5de ballast (med 3 \u00e5rs garanti) og xenonlampe er av typen Super rask start og h\u00f8y lysstyrke. <\/p>\n<p>Lysstr\u00f8m 15000\u00b1300 lumen (4300K) med tre NBB225 gir et avstandslys p\u00e5 over 1000 meter.<\/p>\n<p>Lampehus: NBB 225 Alpha LED, popul\u00e6r bestselger som oppfyller h\u00f8ye kvalitetskrav. E-merket i original halogenutf\u00f8relse. Monteres vertikalt.<br \/>- Glassfiberarmert plast<br \/>- Friformreflektor i aluminium<br \/>- Klar glasslinse i polykarbonat<br \/>- Lysbilde Fjernkontroll<\/p>\n<p><em>Om \u00f8nskelig kan du montere ballasten inne i lykten. V\u00e5r anbefaling er imidlertid utvendig plassering i motorrommet. Det reduserer vekten, og du har en viss verdi igjen hvis ekstralysene blir stj\u00e5let.<\/em><\/p>\n<p>Valgfri fargetemperatur (K = Kelvin):<br \/><strong>4300K<\/strong> (5000\u00b1100 lm, standard hvit)<br \/><strong>5000K<\/strong>~5400K (4700\u00b1100 lm, lys hvit)<br \/><strong>6000K<\/strong> (4100\u00b1100 lm, diamanthvit)<br \/>Faktiske verdier per xenonlys i henhold til spektroanalyse.<br \/>- Vi anbefaler 4300K.<\/p>\n<p>Innhold i leveransen:<br \/>3 stk <a href=\"https:\/\/www.xenonkungen.com\/sok\/161041\">Ekstra lys NBB 225 LED<\/a><br \/>3 stk <a href=\"https:\/\/www.xenonkungen.com\/se\/produkter\/xenon\/ballaster\/xenon-ballast-60w-70w.html\">#103099 HNS-6 24V Xenon Ballast 60W<\/a><br \/>3 stk <a href=\"https:\/\/www.xenonkungen.com\/se\/produkter\/xenon\/xenonlampor-kit\/d2h-xenonlampor-for-nbb-225.html\">#124344 Power Extra lysp\u00e6re D2H<\/a><br \/>3 stk <a href=\"https:\/\/www.xenonkungen.com\/se\/produkter\/xenon\/kablar-kontakter\/forlangningskabel-40cm.html\">#103126-40 Forlengelseskabel 40 cm<\/a><br \/>1. <a href=\"https:\/\/www.xenonkungen.com\/se\/produkter\/installationsmaterial\/kablar-kontakter\/relakabelsats-3b-24v60a.html\">#103107-24V Rel\u00e9kabel 3B 24V<\/a><br \/>1. <a href=\"https:\/\/www.xenonkungen.com\/se\/produkter\/installationsmaterial\/fasten-universal\/extraljusfaste-svart-3-225mm.html\">#161101 Ekstra lysbrakett Svart 3<\/a><br \/>3 stk <a href=\"https:\/\/www.xenonkungen.com\/se\/produkter\/installationsmaterial\/fasten-universal\/extraljus-stag-rund-svart.html\">#161107 Ekstra lett tag<\/a><\/p>\n<p>Reservedeler er tilgjengelige i v\u00e5rt vanlige sortiment.<\/p>\n<p>Pakken leveres som standard umontert eller montert med innebygd ballast og xenonlampe (150 kr\/NBB).<br \/>Hjelpelyset er ikke E-godkjent i denne versjonen.<\/p>\n<p>1 \u00e5rs garanti (3 \u00e5r for ballast HNS-6 24V).<\/p>","protected":false},"excerpt":{"rendered":"<p>3-Pack Extraljus NBB Alpha 225, 60W, 24V Xenon | Komplett paket med 3st xenon extraljus med diameter 225mm av mycket popul\u00e4r modell med ett av marknadens absolut b\u00e4sta ljusbild. Nya modellen med LED positionsljus p\u00e5 \u00f6verkanten (valfri inkoppling). Alternativet f\u00f6r dig som prioriterar mesta och b\u00e4sta m\u00f6jliga ljus. I utf\u00f6rande med verklig effekt p\u00e5 50W [&hellip;]<\/p>","protected":false},"featured_media":10635,"comment_status":"closed","ping_status":"open","template":"","meta":{"_acf_changed":false,"_smort_price_nok":"5763","_smort_price_dkk":"3661","_smort_price_eur":"490.43","_smort_sale_price_nok":"","_smort_sale_price_dkk":"","_smort_sale_price_eur":"","smort_restorder":"","shipmondo_restorder":"","_kad_blocks_custom_css":"","_kad_blocks_head_custom_js":"","_kad_blocks_body_custom_js":"","_kad_blocks_footer_custom_js":"","smort_custom_pricelist_1":"","smort_custom_pricelist_2":"","smort_custom_pricelist_3":"","smort_custom_pricelist_4":"","smort_custom_pricelist_5":""},"anvandningsomrade":[166],"bilmarken":[],"product_brand":[],"product_cat":[1859],"product_tag":[],"class_list":{"0":"post-11514","1":"product","2":"type-product","3":"status-publish","4":"has-post-thumbnail","6":"anvandningsomrade-lastbil","7":"product_cat-extraljuspaket","8":"pa_fargtemperatur-5000k","9":"pa_fargtemperatur-6000k","10":"pa_fargtemperatur-4300k","12":"first","13":"instock","14":"taxable","15":"shipping-taxable","16":"purchasable","17":"product-type-variable"},"bundled_by":[],"bundle_stock_status":"instock","bundle_stock_quantity":null,"bundle_virtual":false,"bundle_layout":"","bundle_add_to_cart_form_location":"","bundle_editable_in_cart":false,"bundle_sold_individually_context":"","bundle_item_grouping":"","bundle_min_size":"","bundle_max_size":"","bundle_price":[],"bundled_items":[],"bundle_sell_ids":[],"acf":[],"yoast_head":"<!-- This site is optimized with the Yoast SEO plugin v27.0 - https:\/\/yoast.com\/product\/yoast-seo-wordpress\/ -->\n<title>3-PACK Extraljus NBB Alpha 225 60W Xenon 24V - Xenonkungen<\/title>\n<meta name=\"robots\" content=\"index, follow, max-snippet:-1, max-image-preview:large, max-video-preview:-1\" \/>\n<link rel=\"canonical\" href=\"https:\/\/xenonkungen.com\/no\/produkt\/3-pakning-ekstra-lys-nbb-alpha-225-60w-xenon-24v-2\/\" \/>\n<meta property=\"og:locale\" content=\"nb_NO\" \/>\n<meta property=\"og:type\" content=\"article\" \/>\n<meta property=\"og:title\" content=\"3-PACK Extraljus NBB Alpha 225 60W Xenon 24V - Xenonkungen\" \/>\n<meta property=\"og:description\" content=\"3-Pack Extraljus NBB Alpha 225, 60W, 24V Xenon | Komplett paket med 3st xenon extraljus med diameter 225mm av mycket popul\u00e4r modell med ett av marknadens absolut b\u00e4sta ljusbild. Nya modellen med LED positionsljus p\u00e5 \u00f6verkanten (valfri inkoppling). Alternativet f\u00f6r dig som prioriterar mesta och b\u00e4sta m\u00f6jliga ljus. I utf\u00f6rande med verklig effekt p\u00e5 50W [&hellip;]\" \/>\n<meta property=\"og:url\" content=\"https:\/\/xenonkungen.com\/no\/produkt\/3-pakning-ekstra-lys-nbb-alpha-225-60w-xenon-24v-2\/\" \/>\n<meta property=\"og:site_name\" content=\"Xenonkungen\" \/>\n<meta property=\"article:modified_time\" content=\"2026-04-05T17:52:59+00:00\" \/>\n<meta property=\"og:image\" content=\"https:\/\/xenonkungen.com\/wp-content\/uploads\/2025\/06\/172085369-origpic-a46eb9.png\" \/>\n\t<meta property=\"og:image:width\" content=\"1000\" \/>\n\t<meta property=\"og:image:height\" content=\"1000\" \/>\n\t<meta property=\"og:image:type\" content=\"image\/png\" \/>\n<meta name=\"twitter:card\" content=\"summary_large_image\" \/>\n<meta name=\"twitter:label1\" content=\"Ansl. lesetid\" \/>\n\t<meta name=\"twitter:data1\" content=\"1 minutt\" \/>\n<script type=\"application\/ld+json\" class=\"yoast-schema-graph\">{\"@context\":\"https:\/\/schema.org\",\"@graph\":[{\"@type\":\"WebPage\",\"@id\":\"https:\/\/xenonkungen.com\/produkt\/3-pack-extraljus-nbb-alpha-225-60w-xenon-24v-2\/\",\"url\":\"https:\/\/xenonkungen.com\/produkt\/3-pack-extraljus-nbb-alpha-225-60w-xenon-24v-2\/\",\"name\":\"3-PACK Extraljus NBB Alpha 225 60W Xenon 24V - Xenonkungen\",\"isPartOf\":{\"@id\":\"https:\/\/xenonkungen.com\/#website\"},\"primaryImageOfPage\":{\"@id\":\"https:\/\/xenonkungen.com\/produkt\/3-pack-extraljus-nbb-alpha-225-60w-xenon-24v-2\/#primaryimage\"},\"image\":{\"@id\":\"https:\/\/xenonkungen.com\/produkt\/3-pack-extraljus-nbb-alpha-225-60w-xenon-24v-2\/#primaryimage\"},\"thumbnailUrl\":\"https:\/\/xenonkungen.com\/wp-content\/uploads\/2025\/06\/172085369-origpic-a46eb9.png\",\"datePublished\":\"2025-06-23T13:50:37+00:00\",\"dateModified\":\"2026-04-05T17:52:59+00:00\",\"breadcrumb\":{\"@id\":\"https:\/\/xenonkungen.com\/produkt\/3-pack-extraljus-nbb-alpha-225-60w-xenon-24v-2\/#breadcrumb\"},\"inLanguage\":\"nb-NO\",\"potentialAction\":[{\"@type\":\"ReadAction\",\"target\":[\"https:\/\/xenonkungen.com\/produkt\/3-pack-extraljus-nbb-alpha-225-60w-xenon-24v-2\/\"]}]},{\"@type\":\"ImageObject\",\"inLanguage\":\"nb-NO\",\"@id\":\"https:\/\/xenonkungen.com\/produkt\/3-pack-extraljus-nbb-alpha-225-60w-xenon-24v-2\/#primaryimage\",\"url\":\"https:\/\/xenonkungen.com\/wp-content\/uploads\/2025\/06\/172085369-origpic-a46eb9.png\",\"contentUrl\":\"https:\/\/xenonkungen.com\/wp-content\/uploads\/2025\/06\/172085369-origpic-a46eb9.png\",\"width\":1000,\"height\":1000},{\"@type\":\"BreadcrumbList\",\"@id\":\"https:\/\/xenonkungen.com\/produkt\/3-pack-extraljus-nbb-alpha-225-60w-xenon-24v-2\/#breadcrumb\",\"itemListElement\":[{\"@type\":\"ListItem\",\"position\":1,\"name\":\"Hem\",\"item\":\"https:\/\/xenonkungen.com\/\"},{\"@type\":\"ListItem\",\"position\":2,\"name\":\"Shop\",\"item\":\"https:\/\/xenonkungen.com\/shop\/\"},{\"@type\":\"ListItem\",\"position\":3,\"name\":\"3-PACK Extraljus NBB Alpha 225 60W Xenon 24V\"}]},{\"@type\":\"WebSite\",\"@id\":\"https:\/\/xenonkungen.com\/#website\",\"url\":\"https:\/\/xenonkungen.com\/\",\"name\":\"Xenonkungen\",\"description\":\"\",\"potentialAction\":[{\"@type\":\"SearchAction\",\"target\":{\"@type\":\"EntryPoint\",\"urlTemplate\":\"https:\/\/xenonkungen.com\/?s={search_term_string}\"},\"query-input\":{\"@type\":\"PropertyValueSpecification\",\"valueRequired\":true,\"valueName\":\"search_term_string\"}}],\"inLanguage\":\"nb-NO\"}]}<\/script>\n<!-- \/ Yoast SEO plugin. -->","yoast_head_json":{"title":"3-PAKNING Ekstralys NBB Alpha 225 60W Xenon 24V - Xenonkungen","robots":{"index":"index","follow":"follow","max-snippet":"max-snippet:-1","max-image-preview":"max-image-preview:large","max-video-preview":"max-video-preview:-1"},"canonical":"https:\/\/xenonkungen.com\/no\/produkt\/3-pakning-ekstra-lys-nbb-alpha-225-60w-xenon-24v-2\/","og_locale":"nb_NO","og_type":"article","og_title":"3-PACK Extraljus NBB Alpha 225 60W Xenon 24V - Xenonkungen","og_description":"3-Pack Extraljus NBB Alpha 225, 60W, 24V Xenon | Komplett paket med 3st xenon extraljus med diameter 225mm av mycket popul\u00e4r modell med ett av marknadens absolut b\u00e4sta ljusbild. Nya modellen med LED positionsljus p\u00e5 \u00f6verkanten (valfri inkoppling). Alternativet f\u00f6r dig som prioriterar mesta och b\u00e4sta m\u00f6jliga ljus. I utf\u00f6rande med verklig effekt p\u00e5 50W [&hellip;]","og_url":"https:\/\/xenonkungen.com\/no\/produkt\/3-pakning-ekstra-lys-nbb-alpha-225-60w-xenon-24v-2\/","og_site_name":"Xenonkungen","article_modified_time":"2026-04-05T17:52:59+00:00","og_image":[{"width":1000,"height":1000,"url":"https:\/\/xenonkungen.com\/wp-content\/uploads\/2025\/06\/172085369-origpic-a46eb9.png","type":"image\/png"}],"twitter_card":"summary_large_image","twitter_misc":{"Ansl. lesetid":"1 minutt"},"schema":{"@context":"https:\/\/schema.org","@graph":[{"@type":"WebPage","@id":"https:\/\/xenonkungen.com\/produkt\/3-pack-extraljus-nbb-alpha-225-60w-xenon-24v-2\/","url":"https:\/\/xenonkungen.com\/produkt\/3-pack-extraljus-nbb-alpha-225-60w-xenon-24v-2\/","name":"3-PAKNING Ekstralys NBB Alpha 225 60W Xenon 24V - Xenonkungen","isPartOf":{"@id":"https:\/\/xenonkungen.com\/#website"},"primaryImageOfPage":{"@id":"https:\/\/xenonkungen.com\/produkt\/3-pack-extraljus-nbb-alpha-225-60w-xenon-24v-2\/#primaryimage"},"image":{"@id":"https:\/\/xenonkungen.com\/produkt\/3-pack-extraljus-nbb-alpha-225-60w-xenon-24v-2\/#primaryimage"},"thumbnailUrl":"https:\/\/xenonkungen.com\/wp-content\/uploads\/2025\/06\/172085369-origpic-a46eb9.png","datePublished":"2025-06-23T13:50:37+00:00","dateModified":"2026-04-05T17:52:59+00:00","breadcrumb":{"@id":"https:\/\/xenonkungen.com\/produkt\/3-pack-extraljus-nbb-alpha-225-60w-xenon-24v-2\/#breadcrumb"},"inLanguage":"nb-NO","potentialAction":[{"@type":"ReadAction","target":["https:\/\/xenonkungen.com\/produkt\/3-pack-extraljus-nbb-alpha-225-60w-xenon-24v-2\/"]}]},{"@type":"ImageObject","inLanguage":"nb-NO","@id":"https:\/\/xenonkungen.com\/produkt\/3-pack-extraljus-nbb-alpha-225-60w-xenon-24v-2\/#primaryimage","url":"https:\/\/xenonkungen.com\/wp-content\/uploads\/2025\/06\/172085369-origpic-a46eb9.png","contentUrl":"https:\/\/xenonkungen.com\/wp-content\/uploads\/2025\/06\/172085369-origpic-a46eb9.png","width":1000,"height":1000},{"@type":"BreadcrumbList","@id":"https:\/\/xenonkungen.com\/produkt\/3-pack-extraljus-nbb-alpha-225-60w-xenon-24v-2\/#breadcrumb","itemListElement":[{"@type":"ListItem","position":1,"name":"Hem","item":"https:\/\/xenonkungen.com\/"},{"@type":"ListItem","position":2,"name":"Shop","item":"https:\/\/xenonkungen.com\/shop\/"},{"@type":"ListItem","position":3,"name":"3-PACK Extraljus NBB Alpha 225 60W Xenon 24V"}]},{"@type":"WebSite","@id":"https:\/\/xenonkungen.com\/#website","url":"https:\/\/xenonkungen.com\/","name":"Xenonkungen","description":"","potentialAction":[{"@type":"SearchAction","target":{"@type":"EntryPoint","urlTemplate":"https:\/\/xenonkungen.com\/?s={search_term_string}"},"query-input":{"@type":"PropertyValueSpecification","valueRequired":true,"valueName":"search_term_string"}}],"inLanguage":"nb-NO"}]}},"taxonomy_info":{"anvandningsomrade":[{"value":166,"label":"Lastbil"}],"product_cat":[{"value":1859,"label":"Extraljuspaket"}],"pa_fargtemperatur":[{"value":154,"label":"5000K"},{"value":188,"label":"6000K"},{"value":755,"label":"4300K"}]},"featured_image_src_large":["https:\/\/xenonkungen.com\/wp-content\/uploads\/2025\/06\/172085369-origpic-a46eb9.png",1000,1000,false],"author_info":[],"comment_info":0,"_links":{"self":[{"href":"https:\/\/xenonkungen.com\/no\/wp-json\/wp\/v2\/product\/11514","targetHints":{"allow":["GET"]}}],"collection":[{"href":"https:\/\/xenonkungen.com\/no\/wp-json\/wp\/v2\/product"}],"about":[{"href":"https:\/\/xenonkungen.com\/no\/wp-json\/wp\/v2\/types\/product"}],"replies":[{"embeddable":true,"href":"https:\/\/xenonkungen.com\/no\/wp-json\/wp\/v2\/comments?post=11514"}],"wp:featuredmedia":[{"embeddable":true,"href":"https:\/\/xenonkungen.com\/no\/wp-json\/wp\/v2\/media\/10635"}],"wp:attachment":[{"href":"https:\/\/xenonkungen.com\/no\/wp-json\/wp\/v2\/media?parent=11514"}],"wp:term":[{"taxonomy":"anvandningsomrade","embeddable":true,"href":"https:\/\/xenonkungen.com\/no\/wp-json\/wp\/v2\/anvandningsomrade?post=11514"},{"taxonomy":"bilmarken","embeddable":true,"href":"https:\/\/xenonkungen.com\/no\/wp-json\/wp\/v2\/bilmarken?post=11514"},{"taxonomy":"product_brand","embeddable":true,"href":"https:\/\/xenonkungen.com\/no\/wp-json\/wp\/v2\/product_brand?post=11514"},{"taxonomy":"product_cat","embeddable":true,"href":"https:\/\/xenonkungen.com\/no\/wp-json\/wp\/v2\/product_cat?post=11514"},{"taxonomy":"product_tag","embeddable":true,"href":"https:\/\/xenonkungen.com\/no\/wp-json\/wp\/v2\/product_tag?post=11514"}],"curies":[{"name":"wp","href":"https:\/\/api.w.org\/{rel}","templated":true}]}}