{"id":11526,"date":"2025-06-23T13:50:43","date_gmt":"2025-06-23T13:50:43","guid":{"rendered":"https:\/\/xenonkungen.com\/produkt\/rad4-extraljus-nbb-alpha-225-60w-xenon\/"},"modified":"2026-05-13T15:58:38","modified_gmt":"2026-05-13T14:58:38","slug":"rad4-ekstralys-nbb-alpha-225-60w-xenon","status":"publish","type":"product","link":"https:\/\/xenonkungen.com\/no\/produkt\/rad4-ekstralys-nbb-alpha-225-60w-xenon\/","title":{"rendered":"RAD4 Ekstra lys NBB Alpha 225 60W Xenon"},"content":{"rendered":"<h1>En ekstra lyspakke for deg som synes at 3 lys ikke er nok!<\/h1>\n<p>Komplett pakke med 4 ekstra lys NBB Alpha 225 med diameter 225 mm med et av markedets absolutt beste lysbilde. Ny modell med LED-posisjonslys p\u00e5 overkanten (valgfri tilkobling).<\/p>\n<p>Alternativet for deg som prioriterer mest og best mulig lys. I en versjon med reell effekt p\u00e5 <strong>60W xenon<\/strong> (tilsvarende konkurrentenes s\u00e5kalte \"70W\").<\/p>\n<p>B\u00e5de ballast (med 3 \u00e5rs garanti) og xenonlampe er av typen Super rask start og h\u00f8y lysstyrke. <\/p>\n<p><strong>Sp\u00f8rsm\u00e5l:<\/strong> Det er mange som selger dette ekstra lyset. Hvorfor kj\u00f8pe fra deg?<br \/><strong>Svar:<\/strong> If\u00f8lge magasinet Vi bil\u00e4gares test har vi den beste kundeservicen i Sverige. V\u00e5re HNS-6-forkoblingsenheter har ogs\u00e5 den lengste garantien av alle forkoblingsenheter p\u00e5 ettermarkedet. <\/p>\n<p>Pakken leveres med 2 Remote &amp; 2 Spot. Vi anbefaler \u00e5 montere i f\u00f8lgende rekkef\u00f8lge F-S-S-F <\/p>\n<p>Lysstr\u00f8m 22400\u00b1400 lumen (4300K) med tre NBB225 gir et avstandslys p\u00e5 godt over 1000 meter!<\/p>\n<p>Lampehus: NBB 225 Alpha LED, popul\u00e6r bestselger som oppfyller h\u00f8ye kvalitetskrav. E-merket i original halogenutf\u00f8relse. Monteres vertikalt.<br \/>- Glassfiberarmert plast<br \/>- Friformreflektor i aluminium<br \/>- Klar glasslinse i polykarbonat<br \/>- Lysbilde Fjernstyrt (kj\u00f8ring), Spot (blyantstr\u00e5le)<\/p>\n<p><em>Om \u00f8nskelig kan du montere ballasten inne i lykten. V\u00e5r anbefaling er imidlertid utvendig plassering i motorrommet. Det reduserer vekten, og du har en viss verdi igjen hvis ekstralysene blir stj\u00e5let.<\/em><\/p>\n<p><strong>Valgfri fargetemperatur (K = Kelvin):<\/strong><br \/><strong>4300K<\/strong> (5600\u00b1100 lm, standard hvit)<br \/><strong>5000K<\/strong>~5400K (5200\u00b1100 lm, lys hvit)<br \/><strong>6000K<\/strong> (4700\u00b1100 lm, diamanthvit)<br \/>Faktiske verdier per xenonlys i henhold til spektroanalyse.<br \/>- Vi anbefaler 4300K.<\/p>\n<p><strong>Innhold i leveransen:<\/strong><br \/>4 stk <a href=\"https:\/\/www.xenonkungen.com\/sok\/161041\" target=\"_blank\" rel=\"noopener\">Ekstra lys NBB 225 LED<\/a><br \/>4 stk <a href=\"https:\/\/www.xenonkungen.com\/se\/produkter\/xenon\/ballaster\/xenon-ballast-60w-70w.html\" target=\"_blank\" rel=\"noopener\">#103099 HNS-6 Speed Start Ballast 12V<\/a><br \/>4 stk <a href=\"https:\/\/www.xenonkungen.com\/se\/produkter\/xenon\/xenonlampor-kit\/d2h-xenonlampor-for-nbb-225.html\" target=\"_blank\" rel=\"noopener\">#124344 Power Extra lysp\u00e6re D2H<\/a><br \/>4 stk <a href=\"https:\/\/www.xenonkungen.com\/se\/produkter\/xenon\/kablar-kontakter\/forlangningskabel-40cm.html\" target=\"_blank\" rel=\"noopener\">#103126-40 Forlengelseskabel 40 cm<\/a><br \/>2 stk <a href=\"https:\/\/www.xenonkungen.com\/se\/produkter\/xenon\/kablar-kontakter\/extraljus-relakablage.html\" target=\"_blank\" rel=\"noopener\">#103120 Rel\u00e9kabelsett 2 stk Ekstra lys 12V|9006<\/a><br \/>4 stk <a href=\"https:\/\/www.xenonkungen.com\/se\/produkter\/installationsmaterial\/fasten-universal\/extraljus-stag-rund-svart.html\" target=\"_blank\" rel=\"noopener\">#161107 Ekstra lett tag<\/a><br \/>1. <a href=\"https:\/\/www.xenonkungen.com\/se\/produkter\/installationsmaterial\/fasten-universal\/extraljusfaste-svart-4.html\" target=\"_blank\" rel=\"noopener\">#161106 Ekstra lysbrakett 4 - 225mm\/9\u2033<\/a><\/p>\n<p>Reservedeler er tilgjengelige i v\u00e5rt vanlige sortiment.<\/p>\n<p>Pakken leveres umontert, men du kan enkelt montere forkoblingene i husene hvis du \u00f8nsker det.<\/p>\n<p>Hjelpelyset er ikke E-godkjent i denne versjonen.<\/p>\n<p>1 \u00e5rs garanti (3 \u00e5rs funksjonsgaranti p\u00e5 ballast HNS-6).<\/p>","protected":false},"excerpt":{"rendered":"<p>En ekstra lyspakke for deg som synes at 3 lys ikke er nok!<\/p>","protected":false},"featured_media":10694,"comment_status":"closed","ping_status":"closed","template":"","meta":{"_acf_changed":false,"_smort_price_nok":"7472","_smort_price_dkk":"4747","_smort_price_eur":"635.88","_smort_sale_price_nok":"","_smort_sale_price_dkk":"","_smort_sale_price_eur":"","smort_restorder":"","shipmondo_restorder":"","_kad_blocks_custom_css":"","_kad_blocks_head_custom_js":"","_kad_blocks_body_custom_js":"","_kad_blocks_footer_custom_js":"","smort_custom_pricelist_1":"4476.8","smort_custom_pricelist_2":"4197","smort_custom_pricelist_3":"3987.15","smort_custom_pricelist_4":"5596","smort_custom_pricelist_5":"4197"},"anvandningsomrade":[],"bilmarken":[],"product_brand":[],"product_cat":[2674,142,1859],"product_tag":[],"class_list":{"0":"post-11526","1":"product","2":"type-product","3":"status-publish","4":"has-post-thumbnail","6":"product_cat-paket-extraljus","7":"product_cat-extraljus","8":"product_cat-extraljuspaket","9":"pa_fargtemperatur-5000k","10":"pa_fargtemperatur-6000k","11":"pa_fargtemperatur-4300k","13":"first","14":"outofstock","15":"taxable","16":"shipping-taxable","17":"purchasable","18":"product-type-variable"},"bundled_by":[],"bundle_stock_status":"outofstock","bundle_stock_quantity":-106,"bundle_virtual":false,"bundle_layout":"","bundle_add_to_cart_form_location":"","bundle_editable_in_cart":false,"bundle_sold_individually_context":"","bundle_item_grouping":"","bundle_min_size":"","bundle_max_size":"","bundle_price":[],"bundled_items":[],"bundle_sell_ids":[],"acf":[],"yoast_head":"<!-- This site is optimized with the Yoast SEO plugin v27.0 - https:\/\/yoast.com\/product\/yoast-seo-wordpress\/ -->\n<title>RAD4 Extraljus NBB Alpha 225 60W Xenon - Xenonkungen<\/title>\n<meta name=\"robots\" content=\"index, follow, max-snippet:-1, max-image-preview:large, max-video-preview:-1\" \/>\n<link rel=\"canonical\" href=\"https:\/\/xenonkungen.com\/no\/produkt\/rad4-ekstralys-nbb-alpha-225-60w-xenon\/\" \/>\n<meta property=\"og:locale\" content=\"nb_NO\" \/>\n<meta property=\"og:type\" content=\"article\" \/>\n<meta property=\"og:title\" content=\"RAD4 Extraljus NBB Alpha 225 60W Xenon - Xenonkungen\" \/>\n<meta property=\"og:description\" content=\"Ett Extraljuspaket f\u00f6r er som tycker att 3 lyktor inte r\u00e4cker!\" \/>\n<meta property=\"og:url\" content=\"https:\/\/xenonkungen.com\/no\/produkt\/rad4-ekstralys-nbb-alpha-225-60w-xenon\/\" \/>\n<meta property=\"og:site_name\" content=\"Xenonkungen\" \/>\n<meta property=\"article:modified_time\" content=\"2026-05-13T14:58:38+00:00\" \/>\n<meta property=\"og:image\" content=\"https:\/\/xenonkungen.com\/wp-content\/uploads\/2025\/06\/178754953-origpic-703a97.png\" \/>\n\t<meta property=\"og:image:width\" content=\"1000\" \/>\n\t<meta property=\"og:image:height\" content=\"1000\" \/>\n\t<meta property=\"og:image:type\" content=\"image\/png\" \/>\n<meta name=\"twitter:card\" content=\"summary_large_image\" \/>\n<meta name=\"twitter:label1\" content=\"Ansl. lesetid\" \/>\n\t<meta name=\"twitter:data1\" content=\"2 minutter\" \/>\n<script type=\"application\/ld+json\" class=\"yoast-schema-graph\">{\"@context\":\"https:\/\/schema.org\",\"@graph\":[{\"@type\":\"WebPage\",\"@id\":\"https:\/\/xenonkungen.com\/produkt\/rad4-extraljus-nbb-alpha-225-60w-xenon\/\",\"url\":\"https:\/\/xenonkungen.com\/produkt\/rad4-extraljus-nbb-alpha-225-60w-xenon\/\",\"name\":\"RAD4 Extraljus NBB Alpha 225 60W Xenon - Xenonkungen\",\"isPartOf\":{\"@id\":\"https:\/\/xenonkungen.com\/#website\"},\"primaryImageOfPage\":{\"@id\":\"https:\/\/xenonkungen.com\/produkt\/rad4-extraljus-nbb-alpha-225-60w-xenon\/#primaryimage\"},\"image\":{\"@id\":\"https:\/\/xenonkungen.com\/produkt\/rad4-extraljus-nbb-alpha-225-60w-xenon\/#primaryimage\"},\"thumbnailUrl\":\"https:\/\/xenonkungen.com\/wp-content\/uploads\/2025\/06\/178754953-origpic-703a97.png\",\"datePublished\":\"2025-06-23T13:50:43+00:00\",\"dateModified\":\"2026-05-13T14:58:38+00:00\",\"breadcrumb\":{\"@id\":\"https:\/\/xenonkungen.com\/produkt\/rad4-extraljus-nbb-alpha-225-60w-xenon\/#breadcrumb\"},\"inLanguage\":\"nb-NO\",\"potentialAction\":[{\"@type\":\"ReadAction\",\"target\":[\"https:\/\/xenonkungen.com\/produkt\/rad4-extraljus-nbb-alpha-225-60w-xenon\/\"]}]},{\"@type\":\"ImageObject\",\"inLanguage\":\"nb-NO\",\"@id\":\"https:\/\/xenonkungen.com\/produkt\/rad4-extraljus-nbb-alpha-225-60w-xenon\/#primaryimage\",\"url\":\"https:\/\/xenonkungen.com\/wp-content\/uploads\/2025\/06\/178754953-origpic-703a97.png\",\"contentUrl\":\"https:\/\/xenonkungen.com\/wp-content\/uploads\/2025\/06\/178754953-origpic-703a97.png\",\"width\":1000,\"height\":1000},{\"@type\":\"BreadcrumbList\",\"@id\":\"https:\/\/xenonkungen.com\/produkt\/rad4-extraljus-nbb-alpha-225-60w-xenon\/#breadcrumb\",\"itemListElement\":[{\"@type\":\"ListItem\",\"position\":1,\"name\":\"Hem\",\"item\":\"https:\/\/xenonkungen.com\/\"},{\"@type\":\"ListItem\",\"position\":2,\"name\":\"Shop\",\"item\":\"https:\/\/xenonkungen.com\/shop\/\"},{\"@type\":\"ListItem\",\"position\":3,\"name\":\"RAD4 Extraljus NBB Alpha 225 60W Xenon\"}]},{\"@type\":\"WebSite\",\"@id\":\"https:\/\/xenonkungen.com\/#website\",\"url\":\"https:\/\/xenonkungen.com\/\",\"name\":\"Xenonkungen\",\"description\":\"\",\"potentialAction\":[{\"@type\":\"SearchAction\",\"target\":{\"@type\":\"EntryPoint\",\"urlTemplate\":\"https:\/\/xenonkungen.com\/?s={search_term_string}\"},\"query-input\":{\"@type\":\"PropertyValueSpecification\",\"valueRequired\":true,\"valueName\":\"search_term_string\"}}],\"inLanguage\":\"nb-NO\"}]}<\/script>\n<!-- \/ Yoast SEO plugin. -->","yoast_head_json":{"title":"RAD4 Ekstralys NBB Alpha 225 60W Xenon - Xenonkungen","robots":{"index":"index","follow":"follow","max-snippet":"max-snippet:-1","max-image-preview":"max-image-preview:large","max-video-preview":"max-video-preview:-1"},"canonical":"https:\/\/xenonkungen.com\/no\/produkt\/rad4-ekstralys-nbb-alpha-225-60w-xenon\/","og_locale":"nb_NO","og_type":"article","og_title":"RAD4 Extraljus NBB Alpha 225 60W Xenon - Xenonkungen","og_description":"Ett Extraljuspaket f\u00f6r er som tycker att 3 lyktor inte r\u00e4cker!","og_url":"https:\/\/xenonkungen.com\/no\/produkt\/rad4-ekstralys-nbb-alpha-225-60w-xenon\/","og_site_name":"Xenonkungen","article_modified_time":"2026-05-13T14:58:38+00:00","og_image":[{"width":1000,"height":1000,"url":"https:\/\/xenonkungen.com\/wp-content\/uploads\/2025\/06\/178754953-origpic-703a97.png","type":"image\/png"}],"twitter_card":"summary_large_image","twitter_misc":{"Ansl. lesetid":"2 minutter"},"schema":{"@context":"https:\/\/schema.org","@graph":[{"@type":"WebPage","@id":"https:\/\/xenonkungen.com\/produkt\/rad4-extraljus-nbb-alpha-225-60w-xenon\/","url":"https:\/\/xenonkungen.com\/produkt\/rad4-extraljus-nbb-alpha-225-60w-xenon\/","name":"RAD4 Ekstralys NBB Alpha 225 60W Xenon - Xenonkungen","isPartOf":{"@id":"https:\/\/xenonkungen.com\/#website"},"primaryImageOfPage":{"@id":"https:\/\/xenonkungen.com\/produkt\/rad4-extraljus-nbb-alpha-225-60w-xenon\/#primaryimage"},"image":{"@id":"https:\/\/xenonkungen.com\/produkt\/rad4-extraljus-nbb-alpha-225-60w-xenon\/#primaryimage"},"thumbnailUrl":"https:\/\/xenonkungen.com\/wp-content\/uploads\/2025\/06\/178754953-origpic-703a97.png","datePublished":"2025-06-23T13:50:43+00:00","dateModified":"2026-05-13T14:58:38+00:00","breadcrumb":{"@id":"https:\/\/xenonkungen.com\/produkt\/rad4-extraljus-nbb-alpha-225-60w-xenon\/#breadcrumb"},"inLanguage":"nb-NO","potentialAction":[{"@type":"ReadAction","target":["https:\/\/xenonkungen.com\/produkt\/rad4-extraljus-nbb-alpha-225-60w-xenon\/"]}]},{"@type":"ImageObject","inLanguage":"nb-NO","@id":"https:\/\/xenonkungen.com\/produkt\/rad4-extraljus-nbb-alpha-225-60w-xenon\/#primaryimage","url":"https:\/\/xenonkungen.com\/wp-content\/uploads\/2025\/06\/178754953-origpic-703a97.png","contentUrl":"https:\/\/xenonkungen.com\/wp-content\/uploads\/2025\/06\/178754953-origpic-703a97.png","width":1000,"height":1000},{"@type":"BreadcrumbList","@id":"https:\/\/xenonkungen.com\/produkt\/rad4-extraljus-nbb-alpha-225-60w-xenon\/#breadcrumb","itemListElement":[{"@type":"ListItem","position":1,"name":"Hem","item":"https:\/\/xenonkungen.com\/"},{"@type":"ListItem","position":2,"name":"Shop","item":"https:\/\/xenonkungen.com\/shop\/"},{"@type":"ListItem","position":3,"name":"RAD4 Extraljus NBB Alpha 225 60W Xenon"}]},{"@type":"WebSite","@id":"https:\/\/xenonkungen.com\/#website","url":"https:\/\/xenonkungen.com\/","name":"Xenonkungen","description":"","potentialAction":[{"@type":"SearchAction","target":{"@type":"EntryPoint","urlTemplate":"https:\/\/xenonkungen.com\/?s={search_term_string}"},"query-input":{"@type":"PropertyValueSpecification","valueRequired":true,"valueName":"search_term_string"}}],"inLanguage":"nb-NO"}]}},"taxonomy_info":{"product_cat":[{"value":2674,"label":"Paket"},{"value":142,"label":"Extraljus"},{"value":1859,"label":"Extraljuspaket"}],"pa_fargtemperatur":[{"value":154,"label":"5000K"},{"value":188,"label":"6000K"},{"value":755,"label":"4300K"}]},"featured_image_src_large":["https:\/\/xenonkungen.com\/wp-content\/uploads\/2025\/06\/178754953-origpic-703a97.png",1000,1000,false],"author_info":[],"comment_info":0,"_links":{"self":[{"href":"https:\/\/xenonkungen.com\/no\/wp-json\/wp\/v2\/product\/11526","targetHints":{"allow":["GET"]}}],"collection":[{"href":"https:\/\/xenonkungen.com\/no\/wp-json\/wp\/v2\/product"}],"about":[{"href":"https:\/\/xenonkungen.com\/no\/wp-json\/wp\/v2\/types\/product"}],"replies":[{"embeddable":true,"href":"https:\/\/xenonkungen.com\/no\/wp-json\/wp\/v2\/comments?post=11526"}],"wp:featuredmedia":[{"embeddable":true,"href":"https:\/\/xenonkungen.com\/no\/wp-json\/wp\/v2\/media\/10694"}],"wp:attachment":[{"href":"https:\/\/xenonkungen.com\/no\/wp-json\/wp\/v2\/media?parent=11526"}],"wp:term":[{"taxonomy":"anvandningsomrade","embeddable":true,"href":"https:\/\/xenonkungen.com\/no\/wp-json\/wp\/v2\/anvandningsomrade?post=11526"},{"taxonomy":"bilmarken","embeddable":true,"href":"https:\/\/xenonkungen.com\/no\/wp-json\/wp\/v2\/bilmarken?post=11526"},{"taxonomy":"product_brand","embeddable":true,"href":"https:\/\/xenonkungen.com\/no\/wp-json\/wp\/v2\/product_brand?post=11526"},{"taxonomy":"product_cat","embeddable":true,"href":"https:\/\/xenonkungen.com\/no\/wp-json\/wp\/v2\/product_cat?post=11526"},{"taxonomy":"product_tag","embeddable":true,"href":"https:\/\/xenonkungen.com\/no\/wp-json\/wp\/v2\/product_tag?post=11526"}],"curies":[{"name":"wp","href":"https:\/\/api.w.org\/{rel}","templated":true}]}}